{"id":12885,"date":"2020-09-12T10:54:30","date_gmt":"2020-09-12T08:54:30","guid":{"rendered":"https:\/\/prideshop.eu\/spletna-trgovina\/unkategorisiert\/sporttasche-team-adidas\/"},"modified":"2025-08-04T11:07:09","modified_gmt":"2025-08-04T09:07:09","slug":"sporttasche-team-adidas","status":"publish","type":"product","link":"https:\/\/prideshop.eu\/de\/shop\/sportarten\/krav-maga-de\/krav-maga-zubehor\/sporttasche-team-adidas\/","title":{"rendered":"Sporttasche Team | Adidas"},"content":{"rendered":"<h3>Sporttasche Team | Adidas<\/h3>\n<p>Sporttasche Team, AdidasnTasche ist aus PES\u2013Material, Rei\u00dfverschluss oben an der Tasche, zwei gro\u00dfe Taschen mit Rei\u00dfverschluss an den Seiten der Tasche. Die Tasche ist f\u00fcr Einzelpersonen f\u00fcr Training und Wettk\u00e4mpfe geeignet. Adidas Combat\u2013LogonGr\u00f6\u00dfe: M 55 x 28 x 28 cm, L 65 x 30 x 32 cm<\/p>\n","protected":false},"excerpt":{"rendered":"<p>Sporttasche Team, AdidasnTasche ist aus PES\u2013Material, Rei\u00dfverschluss oben an der Tasche, zwei gro\u00dfe Taschen mit Rei\u00dfverschluss an den Seiten der Tasche. Die Tasche ist f\u00fcr Einzelpersonen f\u00fcr Training und Wettk\u00e4mpfe geeignet. Adidas Combat\u2013LogonGr\u00f6\u00dfe: M 55 x 28 x 28 cm, L 65 x 30 x 32 cm<\/p>\n","protected":false},"featured_media":12888,"comment_status":"open","ping_status":"closed","template":"","meta":{"_acf_changed":false},"product_brand":[2084],"product_cat":[580,736,654],"product_tag":[],"class_list":{"0":"post-12885","1":"product","2":"type-product","3":"status-publish","4":"has-post-thumbnail","6":"product_brand-adidas","7":"product_cat-equipment-de","8":"product_cat-krav-maga-zubehor","9":"product_cat-sporttaschen","11":"first","12":"outofstock","13":"taxable","14":"shipping-taxable","15":"product-type-variable"},"acf":[],"yoast_head":"<!-- This site is optimized with the Yoast SEO plugin v27.5 - https:\/\/yoast.com\/product\/yoast-seo-wordpress\/ -->\n<title>Sporttasche Team | Adidas - PRIDEshop<\/title>\n<meta name=\"description\" content=\"Sporttasche Team, Adidas. Tasche ist aus PES-Material, Rei\u00dfverschluss oben an der Tasche, zwei gro\u00dfe Taschen mit Rei\u00dfverschluss an den Seiten der Tasche.\" \/>\n<meta name=\"robots\" content=\"index, follow, max-snippet:-1, max-image-preview:large, max-video-preview:-1\" \/>\n<link rel=\"canonical\" href=\"https:\/\/prideshop.eu\/de\/shop\/sportarten\/krav-maga-de\/krav-maga-zubehor\/sporttasche-team-adidas\/\" \/>\n<meta property=\"og:locale\" content=\"de_DE\" \/>\n<meta property=\"og:type\" content=\"article\" \/>\n<meta property=\"og:title\" content=\"Sporttasche Team | Adidas - PRIDEshop\" \/>\n<meta property=\"og:description\" content=\"Sporttasche Team, Adidas. Tasche ist aus PES-Material, Rei\u00dfverschluss oben an der Tasche, zwei gro\u00dfe Taschen mit Rei\u00dfverschluss an den Seiten der Tasche.\" \/>\n<meta property=\"og:url\" content=\"https:\/\/prideshop.eu\/de\/shop\/sportarten\/krav-maga-de\/krav-maga-zubehor\/sporttasche-team-adidas\/\" \/>\n<meta property=\"og:site_name\" content=\"PRIDEshop\" \/>\n<meta property=\"article:publisher\" content=\"https:\/\/sl-si.facebook.com\/PrideShopeu\" \/>\n<meta property=\"article:modified_time\" content=\"2025-08-04T09:07:09+00:00\" \/>\n<meta property=\"og:image\" content=\"https:\/\/prideshop.eu\/wp-content\/uploads\/2020\/09\/A677_adidas_team_sport_bag_ADIACC104LUX_black.jpeg\" \/>\n\t<meta property=\"og:image:width\" content=\"600\" \/>\n\t<meta property=\"og:image:height\" content=\"600\" \/>\n\t<meta property=\"og:image:type\" content=\"image\/jpeg\" \/>\n<meta name=\"twitter:card\" content=\"summary_large_image\" \/>\n<script type=\"application\/ld+json\" class=\"yoast-schema-graph\">{\"@context\":\"https:\\\/\\\/schema.org\",\"@graph\":[{\"@type\":\"WebPage\",\"@id\":\"https:\\\/\\\/prideshop.eu\\\/de\\\/shop\\\/sportarten\\\/krav-maga-de\\\/krav-maga-zubehor\\\/sporttasche-team-adidas\\\/\",\"url\":\"https:\\\/\\\/prideshop.eu\\\/de\\\/shop\\\/sportarten\\\/krav-maga-de\\\/krav-maga-zubehor\\\/sporttasche-team-adidas\\\/\",\"name\":\"Sporttasche Team | Adidas - PRIDEshop\",\"isPartOf\":{\"@id\":\"https:\\\/\\\/prideshop.eu\\\/de\\\/#website\"},\"primaryImageOfPage\":{\"@id\":\"https:\\\/\\\/prideshop.eu\\\/de\\\/shop\\\/sportarten\\\/krav-maga-de\\\/krav-maga-zubehor\\\/sporttasche-team-adidas\\\/#primaryimage\"},\"image\":{\"@id\":\"https:\\\/\\\/prideshop.eu\\\/de\\\/shop\\\/sportarten\\\/krav-maga-de\\\/krav-maga-zubehor\\\/sporttasche-team-adidas\\\/#primaryimage\"},\"thumbnailUrl\":\"https:\\\/\\\/prideshop.eu\\\/wp-content\\\/uploads\\\/2020\\\/09\\\/A677_adidas_team_sport_bag_ADIACC104LUX_black.jpeg\",\"datePublished\":\"2020-09-12T08:54:30+00:00\",\"dateModified\":\"2025-08-04T09:07:09+00:00\",\"description\":\"Sporttasche Team, Adidas. Tasche ist aus PES-Material, Rei\u00dfverschluss oben an der Tasche, zwei gro\u00dfe Taschen mit Rei\u00dfverschluss an den Seiten der Tasche.\",\"breadcrumb\":{\"@id\":\"https:\\\/\\\/prideshop.eu\\\/de\\\/shop\\\/sportarten\\\/krav-maga-de\\\/krav-maga-zubehor\\\/sporttasche-team-adidas\\\/#breadcrumb\"},\"inLanguage\":\"de\",\"potentialAction\":[{\"@type\":\"ReadAction\",\"target\":[\"https:\\\/\\\/prideshop.eu\\\/de\\\/shop\\\/sportarten\\\/krav-maga-de\\\/krav-maga-zubehor\\\/sporttasche-team-adidas\\\/\"]}]},{\"@type\":\"ImageObject\",\"inLanguage\":\"de\",\"@id\":\"https:\\\/\\\/prideshop.eu\\\/de\\\/shop\\\/sportarten\\\/krav-maga-de\\\/krav-maga-zubehor\\\/sporttasche-team-adidas\\\/#primaryimage\",\"url\":\"https:\\\/\\\/prideshop.eu\\\/wp-content\\\/uploads\\\/2020\\\/09\\\/A677_adidas_team_sport_bag_ADIACC104LUX_black.jpeg\",\"contentUrl\":\"https:\\\/\\\/prideshop.eu\\\/wp-content\\\/uploads\\\/2020\\\/09\\\/A677_adidas_team_sport_bag_ADIACC104LUX_black.jpeg\",\"width\":600,\"height\":600},{\"@type\":\"BreadcrumbList\",\"@id\":\"https:\\\/\\\/prideshop.eu\\\/de\\\/shop\\\/sportarten\\\/krav-maga-de\\\/krav-maga-zubehor\\\/sporttasche-team-adidas\\\/#breadcrumb\",\"itemListElement\":[{\"@type\":\"ListItem\",\"position\":1,\"name\":\"Home\",\"item\":\"https:\\\/\\\/prideshop.eu\\\/de\\\/\"},{\"@type\":\"ListItem\",\"position\":2,\"name\":\"Gesch\u00e4ft\",\"item\":\"https:\\\/\\\/prideshop.eu\\\/de\\\/geschaeft\\\/\"},{\"@type\":\"ListItem\",\"position\":3,\"name\":\"Sporttasche Team | Adidas\"}]},{\"@type\":\"WebSite\",\"@id\":\"https:\\\/\\\/prideshop.eu\\\/de\\\/#website\",\"url\":\"https:\\\/\\\/prideshop.eu\\\/de\\\/\",\"name\":\"PRIDEshop\",\"description\":\"Oprema za Borilne \u0160porte\",\"publisher\":{\"@id\":\"https:\\\/\\\/prideshop.eu\\\/de\\\/#organization\"},\"potentialAction\":[{\"@type\":\"SearchAction\",\"target\":{\"@type\":\"EntryPoint\",\"urlTemplate\":\"https:\\\/\\\/prideshop.eu\\\/de\\\/?s={search_term_string}\"},\"query-input\":{\"@type\":\"PropertyValueSpecification\",\"valueRequired\":true,\"valueName\":\"search_term_string\"}}],\"inLanguage\":\"de\"},{\"@type\":\"Organization\",\"@id\":\"https:\\\/\\\/prideshop.eu\\\/de\\\/#organization\",\"name\":\"PRIDEshop\",\"url\":\"https:\\\/\\\/prideshop.eu\\\/de\\\/\",\"logo\":{\"@type\":\"ImageObject\",\"inLanguage\":\"de\",\"@id\":\"https:\\\/\\\/prideshop.eu\\\/de\\\/#\\\/schema\\\/logo\\\/image\\\/\",\"url\":\"\",\"contentUrl\":\"\",\"caption\":\"PRIDEshop\"},\"image\":{\"@id\":\"https:\\\/\\\/prideshop.eu\\\/de\\\/#\\\/schema\\\/logo\\\/image\\\/\"},\"sameAs\":[\"https:\\\/\\\/sl-si.facebook.com\\\/PrideShopeu\"]}]}<\/script>\n<!-- \/ Yoast SEO plugin. -->","yoast_head_json":{"title":"Sporttasche Team | Adidas - PRIDEshop","description":"Sporttasche Team, Adidas. Tasche ist aus PES-Material, Rei\u00dfverschluss oben an der Tasche, zwei gro\u00dfe Taschen mit Rei\u00dfverschluss an den Seiten der Tasche.","robots":{"index":"index","follow":"follow","max-snippet":"max-snippet:-1","max-image-preview":"max-image-preview:large","max-video-preview":"max-video-preview:-1"},"canonical":"https:\/\/prideshop.eu\/de\/shop\/sportarten\/krav-maga-de\/krav-maga-zubehor\/sporttasche-team-adidas\/","og_locale":"de_DE","og_type":"article","og_title":"Sporttasche Team | Adidas - PRIDEshop","og_description":"Sporttasche Team, Adidas. Tasche ist aus PES-Material, Rei\u00dfverschluss oben an der Tasche, zwei gro\u00dfe Taschen mit Rei\u00dfverschluss an den Seiten der Tasche.","og_url":"https:\/\/prideshop.eu\/de\/shop\/sportarten\/krav-maga-de\/krav-maga-zubehor\/sporttasche-team-adidas\/","og_site_name":"PRIDEshop","article_publisher":"https:\/\/sl-si.facebook.com\/PrideShopeu","article_modified_time":"2025-08-04T09:07:09+00:00","og_image":[{"width":600,"height":600,"url":"https:\/\/prideshop.eu\/wp-content\/uploads\/2020\/09\/A677_adidas_team_sport_bag_ADIACC104LUX_black.jpeg","type":"image\/jpeg"}],"twitter_card":"summary_large_image","schema":{"@context":"https:\/\/schema.org","@graph":[{"@type":"WebPage","@id":"https:\/\/prideshop.eu\/de\/shop\/sportarten\/krav-maga-de\/krav-maga-zubehor\/sporttasche-team-adidas\/","url":"https:\/\/prideshop.eu\/de\/shop\/sportarten\/krav-maga-de\/krav-maga-zubehor\/sporttasche-team-adidas\/","name":"Sporttasche Team | Adidas - PRIDEshop","isPartOf":{"@id":"https:\/\/prideshop.eu\/de\/#website"},"primaryImageOfPage":{"@id":"https:\/\/prideshop.eu\/de\/shop\/sportarten\/krav-maga-de\/krav-maga-zubehor\/sporttasche-team-adidas\/#primaryimage"},"image":{"@id":"https:\/\/prideshop.eu\/de\/shop\/sportarten\/krav-maga-de\/krav-maga-zubehor\/sporttasche-team-adidas\/#primaryimage"},"thumbnailUrl":"https:\/\/prideshop.eu\/wp-content\/uploads\/2020\/09\/A677_adidas_team_sport_bag_ADIACC104LUX_black.jpeg","datePublished":"2020-09-12T08:54:30+00:00","dateModified":"2025-08-04T09:07:09+00:00","description":"Sporttasche Team, Adidas. Tasche ist aus PES-Material, Rei\u00dfverschluss oben an der Tasche, zwei gro\u00dfe Taschen mit Rei\u00dfverschluss an den Seiten der Tasche.","breadcrumb":{"@id":"https:\/\/prideshop.eu\/de\/shop\/sportarten\/krav-maga-de\/krav-maga-zubehor\/sporttasche-team-adidas\/#breadcrumb"},"inLanguage":"de","potentialAction":[{"@type":"ReadAction","target":["https:\/\/prideshop.eu\/de\/shop\/sportarten\/krav-maga-de\/krav-maga-zubehor\/sporttasche-team-adidas\/"]}]},{"@type":"ImageObject","inLanguage":"de","@id":"https:\/\/prideshop.eu\/de\/shop\/sportarten\/krav-maga-de\/krav-maga-zubehor\/sporttasche-team-adidas\/#primaryimage","url":"https:\/\/prideshop.eu\/wp-content\/uploads\/2020\/09\/A677_adidas_team_sport_bag_ADIACC104LUX_black.jpeg","contentUrl":"https:\/\/prideshop.eu\/wp-content\/uploads\/2020\/09\/A677_adidas_team_sport_bag_ADIACC104LUX_black.jpeg","width":600,"height":600},{"@type":"BreadcrumbList","@id":"https:\/\/prideshop.eu\/de\/shop\/sportarten\/krav-maga-de\/krav-maga-zubehor\/sporttasche-team-adidas\/#breadcrumb","itemListElement":[{"@type":"ListItem","position":1,"name":"Home","item":"https:\/\/prideshop.eu\/de\/"},{"@type":"ListItem","position":2,"name":"Gesch\u00e4ft","item":"https:\/\/prideshop.eu\/de\/geschaeft\/"},{"@type":"ListItem","position":3,"name":"Sporttasche Team | Adidas"}]},{"@type":"WebSite","@id":"https:\/\/prideshop.eu\/de\/#website","url":"https:\/\/prideshop.eu\/de\/","name":"PRIDEshop","description":"Oprema za Borilne \u0160porte","publisher":{"@id":"https:\/\/prideshop.eu\/de\/#organization"},"potentialAction":[{"@type":"SearchAction","target":{"@type":"EntryPoint","urlTemplate":"https:\/\/prideshop.eu\/de\/?s={search_term_string}"},"query-input":{"@type":"PropertyValueSpecification","valueRequired":true,"valueName":"search_term_string"}}],"inLanguage":"de"},{"@type":"Organization","@id":"https:\/\/prideshop.eu\/de\/#organization","name":"PRIDEshop","url":"https:\/\/prideshop.eu\/de\/","logo":{"@type":"ImageObject","inLanguage":"de","@id":"https:\/\/prideshop.eu\/de\/#\/schema\/logo\/image\/","url":"","contentUrl":"","caption":"PRIDEshop"},"image":{"@id":"https:\/\/prideshop.eu\/de\/#\/schema\/logo\/image\/"},"sameAs":["https:\/\/sl-si.facebook.com\/PrideShopeu"]}]}},"_links":{"self":[{"href":"https:\/\/prideshop.eu\/de\/wp-json\/wp\/v2\/product\/12885","targetHints":{"allow":["GET"]}}],"collection":[{"href":"https:\/\/prideshop.eu\/de\/wp-json\/wp\/v2\/product"}],"about":[{"href":"https:\/\/prideshop.eu\/de\/wp-json\/wp\/v2\/types\/product"}],"replies":[{"embeddable":true,"href":"https:\/\/prideshop.eu\/de\/wp-json\/wp\/v2\/comments?post=12885"}],"wp:featuredmedia":[{"embeddable":true,"href":"https:\/\/prideshop.eu\/de\/wp-json\/wp\/v2\/media\/12888"}],"wp:attachment":[{"href":"https:\/\/prideshop.eu\/de\/wp-json\/wp\/v2\/media?parent=12885"}],"wp:term":[{"taxonomy":"product_brand","embeddable":true,"href":"https:\/\/prideshop.eu\/de\/wp-json\/wp\/v2\/product_brand?post=12885"},{"taxonomy":"product_cat","embeddable":true,"href":"https:\/\/prideshop.eu\/de\/wp-json\/wp\/v2\/product_cat?post=12885"},{"taxonomy":"product_tag","embeddable":true,"href":"https:\/\/prideshop.eu\/de\/wp-json\/wp\/v2\/product_tag?post=12885"}],"curies":[{"name":"wp","href":"https:\/\/api.w.org\/{rel}","templated":true}]}}