{"id":13285,"date":"2020-09-03T14:52:18","date_gmt":"2020-09-03T12:52:18","guid":{"rendered":"https:\/\/prideshop.eu\/spletna-trgovina\/unkategorisiert\/aiba-boxhelm-adidas\/"},"modified":"2026-01-13T16:16:26","modified_gmt":"2026-01-13T15:16:26","slug":"aiba-boxhelm-adidas","status":"publish","type":"product","link":"https:\/\/prideshop.eu\/de\/shop\/sportarten\/boxen\/schutzausrustung-fur-boxen\/aiba-boxhelm-adidas\/","title":{"rendered":"Wettkampf-Boxhelm Adidas \u2013 IBA Approved"},"content":{"rendered":"<p data-start=\"192\" data-end=\"235\"><strong data-start=\"192\" data-end=\"235\">Wettkampf-Boxhelm Adidas \u2013 IBA Approved<\/strong><\/p>\n<p data-start=\"237\" data-end=\"509\">Der Wettkampf-Boxhelm IBA Approved von <span class=\"hover:entity-accent entity-underline inline cursor-pointer align-baseline\"><span class=\"whitespace-normal\">Adidas<\/span><\/span> ist ein hochwertiger Kopfschutz f\u00fcr den offiziellen Wettkampfeinsatz. Als AIBA-zertifiziertes Modell war er der offizielle Boxhelm bei den Olympischen Spielen 2008 in Peking sowie 2012 in London.<\/p>\n<p data-start=\"511\" data-end=\"781\">Der Kopfschutz besteht aus hochwertigem Rindleder und bietet hervorragende Stabilit\u00e4t und Langlebigkeit. Die graue Hi-Tec-Antirutsch-Innenseite aus japanischem AMARA-Kunstleder sorgt f\u00fcr sicheren Halt, hohen Tragekomfort und optimalen Schutz auch bei intensiven K\u00e4mpfen.<\/p>\n<p data-start=\"783\" data-end=\"1119\">Vorne und hinten wird der Helm durch einen markanten Lederriemen fixiert. In Kombination mit dem Klettverschluss und dem oberen Gurtsystem gew\u00e4hrleistet dies einen festen, sicheren und zugleich bequemen Sitz. Die gut sichtbaren Adidas-Logos auf der Vorder- und R\u00fcckseite unterstreichen den offiziellen Wettkampfcharakter dieses Modells.<\/p>\n<p data-start=\"1121\" data-end=\"1271\">Der Boxhelm ist von der AIBA (International Boxing Association) genehmigt und erf\u00fcllt alle Anforderungen f\u00fcr den Einsatz bei offiziellen Wettbewerben.<\/p>\n","protected":false},"excerpt":{"rendered":"<p>AIBA Boxhelm, AdidasnDer AIBA\u2013zertifizierte Boxhelm war der offizielle Kopfschutz der Olympischen Spiele 2008 in Peking und der OlympischennSpiele 2012 in London! Die Kopfbedekung ist aus hochwertigem Rindleder mit grauem Hi\u2013Tec Antirutsch\u2013Innenseite aus japanischem AMARA\u2013Kunstleder f\u00fcr besten Schutz. Es ist vorne und hinten mit einem markanten Lederg\u00fcrtel geklemmt, mit Klettverschluss mit dem oberen Gurtsystem, das f\u00fcr sicheren, festen und bequemen Sitz sorgt. Auf der Vorder\u2013 undnR\u00fcckseite ist das erkennbare Adidas\u2013Logo platziert. Dieser Artikel wurde von AIBA (International Boxing Association) genehmigt!<\/p>\n","protected":false},"featured_media":13288,"comment_status":"open","ping_status":"closed","template":"","meta":{"_acf_changed":false},"product_brand":[2084],"product_cat":[664,580,642,634,678,656],"product_tag":[],"class_list":{"0":"post-13285","1":"product","2":"type-product","3":"status-publish","4":"has-post-thumbnail","6":"product_brand-adidas","7":"product_cat-boxen","8":"product_cat-equipment-de","9":"product_cat-kopfschutz","10":"product_cat-schutzausrustung","11":"product_cat-schutzausrustung-fur-boxen","12":"product_cat-sportarten","14":"first","15":"instock","16":"taxable","17":"shipping-taxable","18":"purchasable","19":"product-type-variable"},"acf":[],"yoast_head":"<!-- This site is optimized with the Yoast SEO plugin v27.5 - https:\/\/yoast.com\/product\/yoast-seo-wordpress\/ -->\n<title>Wettkampf-Boxhelm Adidas \u2013 IBA Approved - PRIDEshop<\/title>\n<meta name=\"description\" content=\"Die Kopfbedeckung ist aus hochwertigem Rindsleder mit grauem Hi-Tec Antirutsch-Innenseite aus japanischem AMARA-Kunstleder f\u00fcr besten Schutz.\" \/>\n<meta name=\"robots\" content=\"index, follow, max-snippet:-1, max-image-preview:large, max-video-preview:-1\" \/>\n<link rel=\"canonical\" href=\"https:\/\/prideshop.eu\/de\/shop\/sportarten\/boxen\/schutzausrustung-fur-boxen\/aiba-boxhelm-adidas\/\" \/>\n<meta property=\"og:locale\" content=\"de_DE\" \/>\n<meta property=\"og:type\" content=\"article\" \/>\n<meta property=\"og:title\" content=\"Wettkampf-Boxhelm Adidas \u2013 IBA Approved - PRIDEshop\" \/>\n<meta property=\"og:description\" content=\"Die Kopfbedeckung ist aus hochwertigem Rindsleder mit grauem Hi-Tec Antirutsch-Innenseite aus japanischem AMARA-Kunstleder f\u00fcr besten Schutz.\" \/>\n<meta property=\"og:url\" content=\"https:\/\/prideshop.eu\/de\/shop\/sportarten\/boxen\/schutzausrustung-fur-boxen\/aiba-boxhelm-adidas\/\" \/>\n<meta property=\"og:site_name\" content=\"PRIDEshop\" \/>\n<meta property=\"article:publisher\" content=\"https:\/\/sl-si.facebook.com\/PrideShopeu\" \/>\n<meta property=\"article:modified_time\" content=\"2026-01-13T15:16:26+00:00\" \/>\n<meta property=\"og:image\" content=\"https:\/\/prideshop.eu\/wp-content\/uploads\/2020\/09\/A750_adidas_AIBA_celada_.jpeg\" \/>\n\t<meta property=\"og:image:width\" content=\"600\" \/>\n\t<meta property=\"og:image:height\" content=\"600\" \/>\n\t<meta property=\"og:image:type\" content=\"image\/jpeg\" \/>\n<meta name=\"twitter:card\" content=\"summary_large_image\" \/>\n<meta name=\"twitter:label1\" content=\"Gesch\u00e4tzte Lesezeit\" \/>\n\t<meta name=\"twitter:data1\" content=\"1\u00a0Minute\" \/>\n<script type=\"application\/ld+json\" class=\"yoast-schema-graph\">{\"@context\":\"https:\\\/\\\/schema.org\",\"@graph\":[{\"@type\":\"WebPage\",\"@id\":\"https:\\\/\\\/prideshop.eu\\\/de\\\/shop\\\/sportarten\\\/boxen\\\/schutzausrustung-fur-boxen\\\/aiba-boxhelm-adidas\\\/\",\"url\":\"https:\\\/\\\/prideshop.eu\\\/de\\\/shop\\\/sportarten\\\/boxen\\\/schutzausrustung-fur-boxen\\\/aiba-boxhelm-adidas\\\/\",\"name\":\"Wettkampf-Boxhelm Adidas \u2013 IBA Approved - PRIDEshop\",\"isPartOf\":{\"@id\":\"https:\\\/\\\/prideshop.eu\\\/de\\\/#website\"},\"primaryImageOfPage\":{\"@id\":\"https:\\\/\\\/prideshop.eu\\\/de\\\/shop\\\/sportarten\\\/boxen\\\/schutzausrustung-fur-boxen\\\/aiba-boxhelm-adidas\\\/#primaryimage\"},\"image\":{\"@id\":\"https:\\\/\\\/prideshop.eu\\\/de\\\/shop\\\/sportarten\\\/boxen\\\/schutzausrustung-fur-boxen\\\/aiba-boxhelm-adidas\\\/#primaryimage\"},\"thumbnailUrl\":\"https:\\\/\\\/prideshop.eu\\\/wp-content\\\/uploads\\\/2020\\\/09\\\/A750_adidas_AIBA_celada_.jpeg\",\"datePublished\":\"2020-09-03T12:52:18+00:00\",\"dateModified\":\"2026-01-13T15:16:26+00:00\",\"description\":\"Die Kopfbedeckung ist aus hochwertigem Rindsleder mit grauem Hi-Tec Antirutsch-Innenseite aus japanischem AMARA-Kunstleder f\u00fcr besten Schutz.\",\"breadcrumb\":{\"@id\":\"https:\\\/\\\/prideshop.eu\\\/de\\\/shop\\\/sportarten\\\/boxen\\\/schutzausrustung-fur-boxen\\\/aiba-boxhelm-adidas\\\/#breadcrumb\"},\"inLanguage\":\"de\",\"potentialAction\":[{\"@type\":\"ReadAction\",\"target\":[\"https:\\\/\\\/prideshop.eu\\\/de\\\/shop\\\/sportarten\\\/boxen\\\/schutzausrustung-fur-boxen\\\/aiba-boxhelm-adidas\\\/\"]}]},{\"@type\":\"ImageObject\",\"inLanguage\":\"de\",\"@id\":\"https:\\\/\\\/prideshop.eu\\\/de\\\/shop\\\/sportarten\\\/boxen\\\/schutzausrustung-fur-boxen\\\/aiba-boxhelm-adidas\\\/#primaryimage\",\"url\":\"https:\\\/\\\/prideshop.eu\\\/wp-content\\\/uploads\\\/2020\\\/09\\\/A750_adidas_AIBA_celada_.jpeg\",\"contentUrl\":\"https:\\\/\\\/prideshop.eu\\\/wp-content\\\/uploads\\\/2020\\\/09\\\/A750_adidas_AIBA_celada_.jpeg\",\"width\":600,\"height\":600},{\"@type\":\"BreadcrumbList\",\"@id\":\"https:\\\/\\\/prideshop.eu\\\/de\\\/shop\\\/sportarten\\\/boxen\\\/schutzausrustung-fur-boxen\\\/aiba-boxhelm-adidas\\\/#breadcrumb\",\"itemListElement\":[{\"@type\":\"ListItem\",\"position\":1,\"name\":\"Home\",\"item\":\"https:\\\/\\\/prideshop.eu\\\/de\\\/\"},{\"@type\":\"ListItem\",\"position\":2,\"name\":\"Gesch\u00e4ft\",\"item\":\"https:\\\/\\\/prideshop.eu\\\/de\\\/geschaeft\\\/\"},{\"@type\":\"ListItem\",\"position\":3,\"name\":\"Wettkampf-Boxhelm Adidas \u2013 IBA Approved\"}]},{\"@type\":\"WebSite\",\"@id\":\"https:\\\/\\\/prideshop.eu\\\/de\\\/#website\",\"url\":\"https:\\\/\\\/prideshop.eu\\\/de\\\/\",\"name\":\"PRIDEshop\",\"description\":\"Oprema za Borilne \u0160porte\",\"publisher\":{\"@id\":\"https:\\\/\\\/prideshop.eu\\\/de\\\/#organization\"},\"potentialAction\":[{\"@type\":\"SearchAction\",\"target\":{\"@type\":\"EntryPoint\",\"urlTemplate\":\"https:\\\/\\\/prideshop.eu\\\/de\\\/?s={search_term_string}\"},\"query-input\":{\"@type\":\"PropertyValueSpecification\",\"valueRequired\":true,\"valueName\":\"search_term_string\"}}],\"inLanguage\":\"de\"},{\"@type\":\"Organization\",\"@id\":\"https:\\\/\\\/prideshop.eu\\\/de\\\/#organization\",\"name\":\"PRIDEshop\",\"url\":\"https:\\\/\\\/prideshop.eu\\\/de\\\/\",\"logo\":{\"@type\":\"ImageObject\",\"inLanguage\":\"de\",\"@id\":\"https:\\\/\\\/prideshop.eu\\\/de\\\/#\\\/schema\\\/logo\\\/image\\\/\",\"url\":\"\",\"contentUrl\":\"\",\"caption\":\"PRIDEshop\"},\"image\":{\"@id\":\"https:\\\/\\\/prideshop.eu\\\/de\\\/#\\\/schema\\\/logo\\\/image\\\/\"},\"sameAs\":[\"https:\\\/\\\/sl-si.facebook.com\\\/PrideShopeu\"]}]}<\/script>\n<!-- \/ Yoast SEO plugin. -->","yoast_head_json":{"title":"Wettkampf-Boxhelm Adidas \u2013 IBA Approved - PRIDEshop","description":"Die Kopfbedeckung ist aus hochwertigem Rindsleder mit grauem Hi-Tec Antirutsch-Innenseite aus japanischem AMARA-Kunstleder f\u00fcr besten Schutz.","robots":{"index":"index","follow":"follow","max-snippet":"max-snippet:-1","max-image-preview":"max-image-preview:large","max-video-preview":"max-video-preview:-1"},"canonical":"https:\/\/prideshop.eu\/de\/shop\/sportarten\/boxen\/schutzausrustung-fur-boxen\/aiba-boxhelm-adidas\/","og_locale":"de_DE","og_type":"article","og_title":"Wettkampf-Boxhelm Adidas \u2013 IBA Approved - PRIDEshop","og_description":"Die Kopfbedeckung ist aus hochwertigem Rindsleder mit grauem Hi-Tec Antirutsch-Innenseite aus japanischem AMARA-Kunstleder f\u00fcr besten Schutz.","og_url":"https:\/\/prideshop.eu\/de\/shop\/sportarten\/boxen\/schutzausrustung-fur-boxen\/aiba-boxhelm-adidas\/","og_site_name":"PRIDEshop","article_publisher":"https:\/\/sl-si.facebook.com\/PrideShopeu","article_modified_time":"2026-01-13T15:16:26+00:00","og_image":[{"width":600,"height":600,"url":"https:\/\/prideshop.eu\/wp-content\/uploads\/2020\/09\/A750_adidas_AIBA_celada_.jpeg","type":"image\/jpeg"}],"twitter_card":"summary_large_image","twitter_misc":{"Gesch\u00e4tzte Lesezeit":"1\u00a0Minute"},"schema":{"@context":"https:\/\/schema.org","@graph":[{"@type":"WebPage","@id":"https:\/\/prideshop.eu\/de\/shop\/sportarten\/boxen\/schutzausrustung-fur-boxen\/aiba-boxhelm-adidas\/","url":"https:\/\/prideshop.eu\/de\/shop\/sportarten\/boxen\/schutzausrustung-fur-boxen\/aiba-boxhelm-adidas\/","name":"Wettkampf-Boxhelm Adidas \u2013 IBA Approved - PRIDEshop","isPartOf":{"@id":"https:\/\/prideshop.eu\/de\/#website"},"primaryImageOfPage":{"@id":"https:\/\/prideshop.eu\/de\/shop\/sportarten\/boxen\/schutzausrustung-fur-boxen\/aiba-boxhelm-adidas\/#primaryimage"},"image":{"@id":"https:\/\/prideshop.eu\/de\/shop\/sportarten\/boxen\/schutzausrustung-fur-boxen\/aiba-boxhelm-adidas\/#primaryimage"},"thumbnailUrl":"https:\/\/prideshop.eu\/wp-content\/uploads\/2020\/09\/A750_adidas_AIBA_celada_.jpeg","datePublished":"2020-09-03T12:52:18+00:00","dateModified":"2026-01-13T15:16:26+00:00","description":"Die Kopfbedeckung ist aus hochwertigem Rindsleder mit grauem Hi-Tec Antirutsch-Innenseite aus japanischem AMARA-Kunstleder f\u00fcr besten Schutz.","breadcrumb":{"@id":"https:\/\/prideshop.eu\/de\/shop\/sportarten\/boxen\/schutzausrustung-fur-boxen\/aiba-boxhelm-adidas\/#breadcrumb"},"inLanguage":"de","potentialAction":[{"@type":"ReadAction","target":["https:\/\/prideshop.eu\/de\/shop\/sportarten\/boxen\/schutzausrustung-fur-boxen\/aiba-boxhelm-adidas\/"]}]},{"@type":"ImageObject","inLanguage":"de","@id":"https:\/\/prideshop.eu\/de\/shop\/sportarten\/boxen\/schutzausrustung-fur-boxen\/aiba-boxhelm-adidas\/#primaryimage","url":"https:\/\/prideshop.eu\/wp-content\/uploads\/2020\/09\/A750_adidas_AIBA_celada_.jpeg","contentUrl":"https:\/\/prideshop.eu\/wp-content\/uploads\/2020\/09\/A750_adidas_AIBA_celada_.jpeg","width":600,"height":600},{"@type":"BreadcrumbList","@id":"https:\/\/prideshop.eu\/de\/shop\/sportarten\/boxen\/schutzausrustung-fur-boxen\/aiba-boxhelm-adidas\/#breadcrumb","itemListElement":[{"@type":"ListItem","position":1,"name":"Home","item":"https:\/\/prideshop.eu\/de\/"},{"@type":"ListItem","position":2,"name":"Gesch\u00e4ft","item":"https:\/\/prideshop.eu\/de\/geschaeft\/"},{"@type":"ListItem","position":3,"name":"Wettkampf-Boxhelm Adidas \u2013 IBA Approved"}]},{"@type":"WebSite","@id":"https:\/\/prideshop.eu\/de\/#website","url":"https:\/\/prideshop.eu\/de\/","name":"PRIDEshop","description":"Oprema za Borilne \u0160porte","publisher":{"@id":"https:\/\/prideshop.eu\/de\/#organization"},"potentialAction":[{"@type":"SearchAction","target":{"@type":"EntryPoint","urlTemplate":"https:\/\/prideshop.eu\/de\/?s={search_term_string}"},"query-input":{"@type":"PropertyValueSpecification","valueRequired":true,"valueName":"search_term_string"}}],"inLanguage":"de"},{"@type":"Organization","@id":"https:\/\/prideshop.eu\/de\/#organization","name":"PRIDEshop","url":"https:\/\/prideshop.eu\/de\/","logo":{"@type":"ImageObject","inLanguage":"de","@id":"https:\/\/prideshop.eu\/de\/#\/schema\/logo\/image\/","url":"","contentUrl":"","caption":"PRIDEshop"},"image":{"@id":"https:\/\/prideshop.eu\/de\/#\/schema\/logo\/image\/"},"sameAs":["https:\/\/sl-si.facebook.com\/PrideShopeu"]}]}},"_links":{"self":[{"href":"https:\/\/prideshop.eu\/de\/wp-json\/wp\/v2\/product\/13285","targetHints":{"allow":["GET"]}}],"collection":[{"href":"https:\/\/prideshop.eu\/de\/wp-json\/wp\/v2\/product"}],"about":[{"href":"https:\/\/prideshop.eu\/de\/wp-json\/wp\/v2\/types\/product"}],"replies":[{"embeddable":true,"href":"https:\/\/prideshop.eu\/de\/wp-json\/wp\/v2\/comments?post=13285"}],"wp:featuredmedia":[{"embeddable":true,"href":"https:\/\/prideshop.eu\/de\/wp-json\/wp\/v2\/media\/13288"}],"wp:attachment":[{"href":"https:\/\/prideshop.eu\/de\/wp-json\/wp\/v2\/media?parent=13285"}],"wp:term":[{"taxonomy":"product_brand","embeddable":true,"href":"https:\/\/prideshop.eu\/de\/wp-json\/wp\/v2\/product_brand?post=13285"},{"taxonomy":"product_cat","embeddable":true,"href":"https:\/\/prideshop.eu\/de\/wp-json\/wp\/v2\/product_cat?post=13285"},{"taxonomy":"product_tag","embeddable":true,"href":"https:\/\/prideshop.eu\/de\/wp-json\/wp\/v2\/product_tag?post=13285"}],"curies":[{"name":"wp","href":"https:\/\/api.w.org\/{rel}","templated":true}]}}