{"id":13322,"date":"2021-01-25T13:04:39","date_gmt":"2021-01-25T12:04:39","guid":{"rendered":"https:\/\/prideshop.eu\/spletna-trgovina\/unkategorisiert\/sparring-boxhelm-adidas\/"},"modified":"2026-01-13T15:31:42","modified_gmt":"2026-01-13T14:31:42","slug":"sparring-boxhelm-adidas","status":"publish","type":"product","link":"https:\/\/prideshop.eu\/de\/shop\/sportarten\/mma-ultimate-fight-de\/mma-ultimate-fight-schutzausrustung\/sparring-boxhelm-adidas\/","title":{"rendered":"Sparring-Boxhelm Adidas \u2013 Response"},"content":{"rendered":"<p data-start=\"233\" data-end=\"271\"><strong data-start=\"233\" data-end=\"271\">Sparring-Boxhelm Adidas \u2013 Response<\/strong><\/p>\n<p data-start=\"273\" data-end=\"466\">Der Sparring-Boxhelm Response von Adidas bietet zuverl\u00e4ssigen Schutz beim Training und Sparring. Er sch\u00fctzt Kopf, Wangen und Kinn und sorgt dabei f\u00fcr einen sicheren Sitz und hohen Tragekomfort.<\/p>\n<p data-start=\"468\" data-end=\"778\">Die Au\u00dfenseite besteht aus strapazierf\u00e4higem PU-Leder, w\u00e4hrend das rutschfeste Innenmaterial ein Verrutschen des Helms verhindert. Der integrierte I-Comfort-Verschluss erm\u00f6glicht eine einfache Anpassung an die Kopfform. Die moderne und dynamische Farbkombination verleiht dem Kopfschutz einen sportlichen Look.<\/p>\n<p data-start=\"780\" data-end=\"1070\">Die leichte und hochwertige Polsterkombination absorbiert Schl\u00e4ge effektiv. Zus\u00e4tzliche Polsterungen im oberen Bereich sowie stabile Gurte erh\u00f6hen die Sicherheit. Auf der R\u00fcckseite wird der Helm mit einem Band fixiert, sodass er auch bei intensiven Bewegungen sicher an seinem Platz bleibt.<\/p>\n","protected":false},"excerpt":{"rendered":"<p>Sparring Boxhelm, Adidas. Kopfbedekung mit zus\u00e4tzlichem Schutz f\u00fcr Wangen und Kinn. Eine inspirierende Farbkombination! PU\u2013Leder au\u00dfen und I\u2013Comfort\u2013Verschluss und rutschfestes Material innen. Der Kopfschutz hat eine leichte und hochwertige F\u00fcllkombination. Mit Band an der R\u00fcckseite des Helms befestigen. Starke Gurte und Polster oben auf dem Helm.<\/p>\n","protected":false},"featured_media":24836,"comment_status":"open","ping_status":"closed","template":"","meta":{"_acf_changed":false},"product_brand":[2084],"product_cat":[664,580,642,744,754,634,678,656],"product_tag":[],"class_list":{"0":"post-13322","1":"product","2":"type-product","3":"status-publish","4":"has-post-thumbnail","6":"product_brand-adidas","7":"product_cat-boxen","8":"product_cat-equipment-de","9":"product_cat-kopfschutz","10":"product_cat-mma-ultimate-fight-de","11":"product_cat-mma-ultimate-fight-schutzausrustung","12":"product_cat-schutzausrustung","13":"product_cat-schutzausrustung-fur-boxen","14":"product_cat-sportarten","16":"first","17":"instock","18":"taxable","19":"shipping-taxable","20":"purchasable","21":"product-type-variable"},"acf":[],"yoast_head":"<!-- This site is optimized with the Yoast SEO plugin v27.5 - https:\/\/yoast.com\/product\/yoast-seo-wordpress\/ -->\n<title>Sparring-Boxhelm Adidas \u2013 Response - PRIDEshop<\/title>\n<meta name=\"description\" content=\"Sparring Boxhelm, AdidasKopfbedekung mit zus\u00e4tzlichem Schutz f\u00fcr Wangen und Kinn. Eine inspirierende Farbkombination! PU-Leder au\u00dfen.\" \/>\n<meta name=\"robots\" content=\"index, follow, max-snippet:-1, max-image-preview:large, max-video-preview:-1\" \/>\n<link rel=\"canonical\" href=\"https:\/\/prideshop.eu\/de\/shop\/sportarten\/mma-ultimate-fight-de\/mma-ultimate-fight-schutzausrustung\/sparring-boxhelm-adidas\/\" \/>\n<meta property=\"og:locale\" content=\"de_DE\" \/>\n<meta property=\"og:type\" content=\"article\" \/>\n<meta property=\"og:title\" content=\"Sparring-Boxhelm Adidas \u2013 Response - PRIDEshop\" \/>\n<meta property=\"og:description\" content=\"Sparring Boxhelm, AdidasKopfbedekung mit zus\u00e4tzlichem Schutz f\u00fcr Wangen und Kinn. Eine inspirierende Farbkombination! PU-Leder au\u00dfen.\" \/>\n<meta property=\"og:url\" content=\"https:\/\/prideshop.eu\/de\/shop\/sportarten\/mma-ultimate-fight-de\/mma-ultimate-fight-schutzausrustung\/sparring-boxhelm-adidas\/\" \/>\n<meta property=\"og:site_name\" content=\"PRIDEshop\" \/>\n<meta property=\"article:publisher\" content=\"https:\/\/sl-si.facebook.com\/PrideShopeu\" \/>\n<meta property=\"article:modified_time\" content=\"2026-01-13T14:31:42+00:00\" \/>\n<meta property=\"og:image\" content=\"https:\/\/prideshop.eu\/wp-content\/uploads\/2021\/01\/celada-za-boks-adidas-a757.jpeg\" \/>\n\t<meta property=\"og:image:width\" content=\"600\" \/>\n\t<meta property=\"og:image:height\" content=\"600\" \/>\n\t<meta property=\"og:image:type\" content=\"image\/jpeg\" \/>\n<meta name=\"twitter:card\" content=\"summary_large_image\" \/>\n<meta name=\"twitter:label1\" content=\"Gesch\u00e4tzte Lesezeit\" \/>\n\t<meta name=\"twitter:data1\" content=\"1\u00a0Minute\" \/>\n<script type=\"application\/ld+json\" class=\"yoast-schema-graph\">{\"@context\":\"https:\\\/\\\/schema.org\",\"@graph\":[{\"@type\":\"WebPage\",\"@id\":\"https:\\\/\\\/prideshop.eu\\\/de\\\/shop\\\/sportarten\\\/mma-ultimate-fight-de\\\/mma-ultimate-fight-schutzausrustung\\\/sparring-boxhelm-adidas\\\/\",\"url\":\"https:\\\/\\\/prideshop.eu\\\/de\\\/shop\\\/sportarten\\\/mma-ultimate-fight-de\\\/mma-ultimate-fight-schutzausrustung\\\/sparring-boxhelm-adidas\\\/\",\"name\":\"Sparring-Boxhelm Adidas \u2013 Response - PRIDEshop\",\"isPartOf\":{\"@id\":\"https:\\\/\\\/prideshop.eu\\\/de\\\/#website\"},\"primaryImageOfPage\":{\"@id\":\"https:\\\/\\\/prideshop.eu\\\/de\\\/shop\\\/sportarten\\\/mma-ultimate-fight-de\\\/mma-ultimate-fight-schutzausrustung\\\/sparring-boxhelm-adidas\\\/#primaryimage\"},\"image\":{\"@id\":\"https:\\\/\\\/prideshop.eu\\\/de\\\/shop\\\/sportarten\\\/mma-ultimate-fight-de\\\/mma-ultimate-fight-schutzausrustung\\\/sparring-boxhelm-adidas\\\/#primaryimage\"},\"thumbnailUrl\":\"https:\\\/\\\/prideshop.eu\\\/wp-content\\\/uploads\\\/2021\\\/01\\\/celada-za-boks-adidas-a757.jpeg\",\"datePublished\":\"2021-01-25T12:04:39+00:00\",\"dateModified\":\"2026-01-13T14:31:42+00:00\",\"description\":\"Sparring Boxhelm, AdidasKopfbedekung mit zus\u00e4tzlichem Schutz f\u00fcr Wangen und Kinn. Eine inspirierende Farbkombination! PU-Leder au\u00dfen.\",\"breadcrumb\":{\"@id\":\"https:\\\/\\\/prideshop.eu\\\/de\\\/shop\\\/sportarten\\\/mma-ultimate-fight-de\\\/mma-ultimate-fight-schutzausrustung\\\/sparring-boxhelm-adidas\\\/#breadcrumb\"},\"inLanguage\":\"de\",\"potentialAction\":[{\"@type\":\"ReadAction\",\"target\":[\"https:\\\/\\\/prideshop.eu\\\/de\\\/shop\\\/sportarten\\\/mma-ultimate-fight-de\\\/mma-ultimate-fight-schutzausrustung\\\/sparring-boxhelm-adidas\\\/\"]}]},{\"@type\":\"ImageObject\",\"inLanguage\":\"de\",\"@id\":\"https:\\\/\\\/prideshop.eu\\\/de\\\/shop\\\/sportarten\\\/mma-ultimate-fight-de\\\/mma-ultimate-fight-schutzausrustung\\\/sparring-boxhelm-adidas\\\/#primaryimage\",\"url\":\"https:\\\/\\\/prideshop.eu\\\/wp-content\\\/uploads\\\/2021\\\/01\\\/celada-za-boks-adidas-a757.jpeg\",\"contentUrl\":\"https:\\\/\\\/prideshop.eu\\\/wp-content\\\/uploads\\\/2021\\\/01\\\/celada-za-boks-adidas-a757.jpeg\",\"width\":600,\"height\":600,\"caption\":\"Sparring Boxhelm Adidas mit zus\u00e4tzlichem Schutz f\u00fcr Wangen und Kinn\"},{\"@type\":\"BreadcrumbList\",\"@id\":\"https:\\\/\\\/prideshop.eu\\\/de\\\/shop\\\/sportarten\\\/mma-ultimate-fight-de\\\/mma-ultimate-fight-schutzausrustung\\\/sparring-boxhelm-adidas\\\/#breadcrumb\",\"itemListElement\":[{\"@type\":\"ListItem\",\"position\":1,\"name\":\"Home\",\"item\":\"https:\\\/\\\/prideshop.eu\\\/de\\\/\"},{\"@type\":\"ListItem\",\"position\":2,\"name\":\"Gesch\u00e4ft\",\"item\":\"https:\\\/\\\/prideshop.eu\\\/de\\\/geschaeft\\\/\"},{\"@type\":\"ListItem\",\"position\":3,\"name\":\"Sparring-Boxhelm Adidas \u2013 Response\"}]},{\"@type\":\"WebSite\",\"@id\":\"https:\\\/\\\/prideshop.eu\\\/de\\\/#website\",\"url\":\"https:\\\/\\\/prideshop.eu\\\/de\\\/\",\"name\":\"PRIDEshop\",\"description\":\"Oprema za Borilne \u0160porte\",\"publisher\":{\"@id\":\"https:\\\/\\\/prideshop.eu\\\/de\\\/#organization\"},\"potentialAction\":[{\"@type\":\"SearchAction\",\"target\":{\"@type\":\"EntryPoint\",\"urlTemplate\":\"https:\\\/\\\/prideshop.eu\\\/de\\\/?s={search_term_string}\"},\"query-input\":{\"@type\":\"PropertyValueSpecification\",\"valueRequired\":true,\"valueName\":\"search_term_string\"}}],\"inLanguage\":\"de\"},{\"@type\":\"Organization\",\"@id\":\"https:\\\/\\\/prideshop.eu\\\/de\\\/#organization\",\"name\":\"PRIDEshop\",\"url\":\"https:\\\/\\\/prideshop.eu\\\/de\\\/\",\"logo\":{\"@type\":\"ImageObject\",\"inLanguage\":\"de\",\"@id\":\"https:\\\/\\\/prideshop.eu\\\/de\\\/#\\\/schema\\\/logo\\\/image\\\/\",\"url\":\"\",\"contentUrl\":\"\",\"caption\":\"PRIDEshop\"},\"image\":{\"@id\":\"https:\\\/\\\/prideshop.eu\\\/de\\\/#\\\/schema\\\/logo\\\/image\\\/\"},\"sameAs\":[\"https:\\\/\\\/sl-si.facebook.com\\\/PrideShopeu\"]}]}<\/script>\n<!-- \/ Yoast SEO plugin. -->","yoast_head_json":{"title":"Sparring-Boxhelm Adidas \u2013 Response - PRIDEshop","description":"Sparring Boxhelm, AdidasKopfbedekung mit zus\u00e4tzlichem Schutz f\u00fcr Wangen und Kinn. Eine inspirierende Farbkombination! PU-Leder au\u00dfen.","robots":{"index":"index","follow":"follow","max-snippet":"max-snippet:-1","max-image-preview":"max-image-preview:large","max-video-preview":"max-video-preview:-1"},"canonical":"https:\/\/prideshop.eu\/de\/shop\/sportarten\/mma-ultimate-fight-de\/mma-ultimate-fight-schutzausrustung\/sparring-boxhelm-adidas\/","og_locale":"de_DE","og_type":"article","og_title":"Sparring-Boxhelm Adidas \u2013 Response - PRIDEshop","og_description":"Sparring Boxhelm, AdidasKopfbedekung mit zus\u00e4tzlichem Schutz f\u00fcr Wangen und Kinn. Eine inspirierende Farbkombination! PU-Leder au\u00dfen.","og_url":"https:\/\/prideshop.eu\/de\/shop\/sportarten\/mma-ultimate-fight-de\/mma-ultimate-fight-schutzausrustung\/sparring-boxhelm-adidas\/","og_site_name":"PRIDEshop","article_publisher":"https:\/\/sl-si.facebook.com\/PrideShopeu","article_modified_time":"2026-01-13T14:31:42+00:00","og_image":[{"width":600,"height":600,"url":"https:\/\/prideshop.eu\/wp-content\/uploads\/2021\/01\/celada-za-boks-adidas-a757.jpeg","type":"image\/jpeg"}],"twitter_card":"summary_large_image","twitter_misc":{"Gesch\u00e4tzte Lesezeit":"1\u00a0Minute"},"schema":{"@context":"https:\/\/schema.org","@graph":[{"@type":"WebPage","@id":"https:\/\/prideshop.eu\/de\/shop\/sportarten\/mma-ultimate-fight-de\/mma-ultimate-fight-schutzausrustung\/sparring-boxhelm-adidas\/","url":"https:\/\/prideshop.eu\/de\/shop\/sportarten\/mma-ultimate-fight-de\/mma-ultimate-fight-schutzausrustung\/sparring-boxhelm-adidas\/","name":"Sparring-Boxhelm Adidas \u2013 Response - PRIDEshop","isPartOf":{"@id":"https:\/\/prideshop.eu\/de\/#website"},"primaryImageOfPage":{"@id":"https:\/\/prideshop.eu\/de\/shop\/sportarten\/mma-ultimate-fight-de\/mma-ultimate-fight-schutzausrustung\/sparring-boxhelm-adidas\/#primaryimage"},"image":{"@id":"https:\/\/prideshop.eu\/de\/shop\/sportarten\/mma-ultimate-fight-de\/mma-ultimate-fight-schutzausrustung\/sparring-boxhelm-adidas\/#primaryimage"},"thumbnailUrl":"https:\/\/prideshop.eu\/wp-content\/uploads\/2021\/01\/celada-za-boks-adidas-a757.jpeg","datePublished":"2021-01-25T12:04:39+00:00","dateModified":"2026-01-13T14:31:42+00:00","description":"Sparring Boxhelm, AdidasKopfbedekung mit zus\u00e4tzlichem Schutz f\u00fcr Wangen und Kinn. Eine inspirierende Farbkombination! PU-Leder au\u00dfen.","breadcrumb":{"@id":"https:\/\/prideshop.eu\/de\/shop\/sportarten\/mma-ultimate-fight-de\/mma-ultimate-fight-schutzausrustung\/sparring-boxhelm-adidas\/#breadcrumb"},"inLanguage":"de","potentialAction":[{"@type":"ReadAction","target":["https:\/\/prideshop.eu\/de\/shop\/sportarten\/mma-ultimate-fight-de\/mma-ultimate-fight-schutzausrustung\/sparring-boxhelm-adidas\/"]}]},{"@type":"ImageObject","inLanguage":"de","@id":"https:\/\/prideshop.eu\/de\/shop\/sportarten\/mma-ultimate-fight-de\/mma-ultimate-fight-schutzausrustung\/sparring-boxhelm-adidas\/#primaryimage","url":"https:\/\/prideshop.eu\/wp-content\/uploads\/2021\/01\/celada-za-boks-adidas-a757.jpeg","contentUrl":"https:\/\/prideshop.eu\/wp-content\/uploads\/2021\/01\/celada-za-boks-adidas-a757.jpeg","width":600,"height":600,"caption":"Sparring Boxhelm Adidas mit zus\u00e4tzlichem Schutz f\u00fcr Wangen und Kinn"},{"@type":"BreadcrumbList","@id":"https:\/\/prideshop.eu\/de\/shop\/sportarten\/mma-ultimate-fight-de\/mma-ultimate-fight-schutzausrustung\/sparring-boxhelm-adidas\/#breadcrumb","itemListElement":[{"@type":"ListItem","position":1,"name":"Home","item":"https:\/\/prideshop.eu\/de\/"},{"@type":"ListItem","position":2,"name":"Gesch\u00e4ft","item":"https:\/\/prideshop.eu\/de\/geschaeft\/"},{"@type":"ListItem","position":3,"name":"Sparring-Boxhelm Adidas \u2013 Response"}]},{"@type":"WebSite","@id":"https:\/\/prideshop.eu\/de\/#website","url":"https:\/\/prideshop.eu\/de\/","name":"PRIDEshop","description":"Oprema za Borilne \u0160porte","publisher":{"@id":"https:\/\/prideshop.eu\/de\/#organization"},"potentialAction":[{"@type":"SearchAction","target":{"@type":"EntryPoint","urlTemplate":"https:\/\/prideshop.eu\/de\/?s={search_term_string}"},"query-input":{"@type":"PropertyValueSpecification","valueRequired":true,"valueName":"search_term_string"}}],"inLanguage":"de"},{"@type":"Organization","@id":"https:\/\/prideshop.eu\/de\/#organization","name":"PRIDEshop","url":"https:\/\/prideshop.eu\/de\/","logo":{"@type":"ImageObject","inLanguage":"de","@id":"https:\/\/prideshop.eu\/de\/#\/schema\/logo\/image\/","url":"","contentUrl":"","caption":"PRIDEshop"},"image":{"@id":"https:\/\/prideshop.eu\/de\/#\/schema\/logo\/image\/"},"sameAs":["https:\/\/sl-si.facebook.com\/PrideShopeu"]}]}},"_links":{"self":[{"href":"https:\/\/prideshop.eu\/de\/wp-json\/wp\/v2\/product\/13322","targetHints":{"allow":["GET"]}}],"collection":[{"href":"https:\/\/prideshop.eu\/de\/wp-json\/wp\/v2\/product"}],"about":[{"href":"https:\/\/prideshop.eu\/de\/wp-json\/wp\/v2\/types\/product"}],"replies":[{"embeddable":true,"href":"https:\/\/prideshop.eu\/de\/wp-json\/wp\/v2\/comments?post=13322"}],"wp:featuredmedia":[{"embeddable":true,"href":"https:\/\/prideshop.eu\/de\/wp-json\/wp\/v2\/media\/24836"}],"wp:attachment":[{"href":"https:\/\/prideshop.eu\/de\/wp-json\/wp\/v2\/media?parent=13322"}],"wp:term":[{"taxonomy":"product_brand","embeddable":true,"href":"https:\/\/prideshop.eu\/de\/wp-json\/wp\/v2\/product_brand?post=13322"},{"taxonomy":"product_cat","embeddable":true,"href":"https:\/\/prideshop.eu\/de\/wp-json\/wp\/v2\/product_cat?post=13322"},{"taxonomy":"product_tag","embeddable":true,"href":"https:\/\/prideshop.eu\/de\/wp-json\/wp\/v2\/product_tag?post=13322"}],"curies":[{"name":"wp","href":"https:\/\/api.w.org\/{rel}","templated":true}]}}