{"id":13555,"date":"2021-01-19T13:50:46","date_gmt":"2021-01-19T12:50:46","guid":{"rendered":"https:\/\/prideshop.eu\/spletna-trgovina\/unkategorisiert\/freistehender-boxsack-xxl-adidas\/"},"modified":"2026-01-14T17:52:29","modified_gmt":"2026-01-14T16:52:29","slug":"freistehender-boxsack-xxl-adidas","status":"publish","type":"product","link":"https:\/\/prideshop.eu\/de\/shop\/equipment-de\/trainingsgerate\/boxsacke\/freistehender-boxsack-xxl-adidas\/","title":{"rendered":"Freistehender Boxsack Adidas \u2013 XXL"},"content":{"rendered":"<p>Freistehender Boxsack XXL, Adidas. Konzipiert f\u00fcr den Einsatz zu Hause, in Turnhalle, Schulen, Fitnesscentern, etc.. Verst\u00e4rkte Federflexibilit\u00e4t. F\u00fcllung aus Polyurethan. Der Boden (Sockel) wird mit Sand oder Wasser gef\u00fcllt, bis 140 kg. Es hat ein zus\u00e4tzlich gesch\u00fctztes elastisches Gelenk mit einer Abdeckung, die bei Bedarf entfernt werden kann. Das elastische Gelenk erm\u00f6glicht eine gr\u00f6\u00dfere und unvorhersehbare Bewegung des Boxsacks, was das Training um gr\u00f6\u00dfere Kombinationsm\u00f6glichkeiten von Techniken bereichert. Durch die Verwendung einer Schutzh\u00fclle des elastischen Gelenks wird eine gr\u00f6\u00dfere Aufprallfl\u00e4che erreicht. Sackh\u00f6he 195 cm.<\/p>\n","protected":false},"excerpt":{"rendered":"<p>Freistehender Boxsack XXL, Adidas. Konzipiert f\u00fcr den Einsatz zu Hause, in Turnhalle, Schulen, Fitnesscentern, etc.. Verst\u00e4rkte Federflexibilit\u00e4t. F\u00fcllung aus Polyurethan. Der Boden (Sockel) wird mit Sand oder Wasser gef\u00fcllt, bis 140 kg. Es hat ein zus\u00e4tzlich gesch\u00fctztes elastisches Gelenk mit einer Abdeckung, die bei Bedarf entfernt werden kann. Das elastische Gelenk erm\u00f6glicht eine gr\u00f6\u00dfere und unvorhersehbare Bewegung des Boxsacks, was das Training um gr\u00f6\u00dfere Kombinationsm\u00f6glichkeiten von Techniken bereichert. Durch die Verwendung einer Schutzh\u00fclle des elastischen Gelenks wird eine gr\u00f6\u00dfere Aufprallfl\u00e4che erreicht. Sackh\u00f6he 195 cm.<\/p>\n","protected":false},"featured_media":24875,"comment_status":"open","ping_status":"closed","template":"","meta":{"_acf_changed":false},"product_brand":[2084],"product_cat":[622,580,616],"product_tag":[],"class_list":{"0":"post-13555","1":"product","2":"type-product","3":"status-publish","4":"has-post-thumbnail","6":"product_brand-adidas","7":"product_cat-boxsacke","8":"product_cat-equipment-de","9":"product_cat-trainingsgerate","10":"product_shipping_class-nofreeshipping","12":"first","13":"outofstock","14":"taxable","15":"shipping-taxable","16":"purchasable","17":"product-type-simple"},"acf":[],"yoast_head":"<!-- This site is optimized with the Yoast SEO plugin v27.5 - https:\/\/yoast.com\/product\/yoast-seo-wordpress\/ -->\n<title>Freistehender Boxsack Adidas \u2013 XXL - PRIDEshop<\/title>\n<meta name=\"description\" content=\"Freistehender Boxsack XXL, Adidas Konzipiert f\u00fcr den Einsatz zu Hause, in Turnhalle, Schulen, Fitnesscentern, etc.. Verst\u00e4rkte Federflexibilit\u00e4t.\" \/>\n<meta name=\"robots\" content=\"index, follow, max-snippet:-1, max-image-preview:large, max-video-preview:-1\" \/>\n<link rel=\"canonical\" href=\"https:\/\/prideshop.eu\/de\/shop\/equipment-de\/trainingsgerate\/boxsacke\/freistehender-boxsack-xxl-adidas\/\" \/>\n<meta property=\"og:locale\" content=\"de_DE\" \/>\n<meta property=\"og:type\" content=\"article\" \/>\n<meta property=\"og:title\" content=\"Freistehender Boxsack Adidas \u2013 XXL - PRIDEshop\" \/>\n<meta property=\"og:description\" content=\"Freistehender Boxsack XXL, Adidas Konzipiert f\u00fcr den Einsatz zu Hause, in Turnhalle, Schulen, Fitnesscentern, etc.. Verst\u00e4rkte Federflexibilit\u00e4t.\" \/>\n<meta property=\"og:url\" content=\"https:\/\/prideshop.eu\/de\/shop\/equipment-de\/trainingsgerate\/boxsacke\/freistehender-boxsack-xxl-adidas\/\" \/>\n<meta property=\"og:site_name\" content=\"PRIDEshop\" \/>\n<meta property=\"article:publisher\" content=\"https:\/\/sl-si.facebook.com\/PrideShopeu\" \/>\n<meta property=\"article:modified_time\" content=\"2026-01-14T16:52:29+00:00\" \/>\n<meta property=\"og:image\" content=\"https:\/\/prideshop.eu\/wp-content\/uploads\/2021\/01\/samostojeca-boks-vreca-xxl-adidas-a817.jpeg\" \/>\n\t<meta property=\"og:image:width\" content=\"600\" \/>\n\t<meta property=\"og:image:height\" content=\"600\" \/>\n\t<meta property=\"og:image:type\" content=\"image\/jpeg\" \/>\n<meta name=\"twitter:card\" content=\"summary_large_image\" \/>\n<script type=\"application\/ld+json\" class=\"yoast-schema-graph\">{\"@context\":\"https:\\\/\\\/schema.org\",\"@graph\":[{\"@type\":\"WebPage\",\"@id\":\"https:\\\/\\\/prideshop.eu\\\/de\\\/shop\\\/equipment-de\\\/trainingsgerate\\\/boxsacke\\\/freistehender-boxsack-xxl-adidas\\\/\",\"url\":\"https:\\\/\\\/prideshop.eu\\\/de\\\/shop\\\/equipment-de\\\/trainingsgerate\\\/boxsacke\\\/freistehender-boxsack-xxl-adidas\\\/\",\"name\":\"Freistehender Boxsack Adidas \u2013 XXL - PRIDEshop\",\"isPartOf\":{\"@id\":\"https:\\\/\\\/prideshop.eu\\\/de\\\/#website\"},\"primaryImageOfPage\":{\"@id\":\"https:\\\/\\\/prideshop.eu\\\/de\\\/shop\\\/equipment-de\\\/trainingsgerate\\\/boxsacke\\\/freistehender-boxsack-xxl-adidas\\\/#primaryimage\"},\"image\":{\"@id\":\"https:\\\/\\\/prideshop.eu\\\/de\\\/shop\\\/equipment-de\\\/trainingsgerate\\\/boxsacke\\\/freistehender-boxsack-xxl-adidas\\\/#primaryimage\"},\"thumbnailUrl\":\"https:\\\/\\\/prideshop.eu\\\/wp-content\\\/uploads\\\/2021\\\/01\\\/samostojeca-boks-vreca-xxl-adidas-a817.jpeg\",\"datePublished\":\"2021-01-19T12:50:46+00:00\",\"dateModified\":\"2026-01-14T16:52:29+00:00\",\"description\":\"Freistehender Boxsack XXL, Adidas Konzipiert f\u00fcr den Einsatz zu Hause, in Turnhalle, Schulen, Fitnesscentern, etc.. Verst\u00e4rkte Federflexibilit\u00e4t.\",\"breadcrumb\":{\"@id\":\"https:\\\/\\\/prideshop.eu\\\/de\\\/shop\\\/equipment-de\\\/trainingsgerate\\\/boxsacke\\\/freistehender-boxsack-xxl-adidas\\\/#breadcrumb\"},\"inLanguage\":\"de\",\"potentialAction\":[{\"@type\":\"ReadAction\",\"target\":[\"https:\\\/\\\/prideshop.eu\\\/de\\\/shop\\\/equipment-de\\\/trainingsgerate\\\/boxsacke\\\/freistehender-boxsack-xxl-adidas\\\/\"]}]},{\"@type\":\"ImageObject\",\"inLanguage\":\"de\",\"@id\":\"https:\\\/\\\/prideshop.eu\\\/de\\\/shop\\\/equipment-de\\\/trainingsgerate\\\/boxsacke\\\/freistehender-boxsack-xxl-adidas\\\/#primaryimage\",\"url\":\"https:\\\/\\\/prideshop.eu\\\/wp-content\\\/uploads\\\/2021\\\/01\\\/samostojeca-boks-vreca-xxl-adidas-a817.jpeg\",\"contentUrl\":\"https:\\\/\\\/prideshop.eu\\\/wp-content\\\/uploads\\\/2021\\\/01\\\/samostojeca-boks-vreca-xxl-adidas-a817.jpeg\",\"width\":600,\"height\":600,\"caption\":\"Freistehender Boxsack Adidas H\u00f6he 195 cm schwarz mit wei\u00dfem Logo\"},{\"@type\":\"BreadcrumbList\",\"@id\":\"https:\\\/\\\/prideshop.eu\\\/de\\\/shop\\\/equipment-de\\\/trainingsgerate\\\/boxsacke\\\/freistehender-boxsack-xxl-adidas\\\/#breadcrumb\",\"itemListElement\":[{\"@type\":\"ListItem\",\"position\":1,\"name\":\"Home\",\"item\":\"https:\\\/\\\/prideshop.eu\\\/de\\\/\"},{\"@type\":\"ListItem\",\"position\":2,\"name\":\"Gesch\u00e4ft\",\"item\":\"https:\\\/\\\/prideshop.eu\\\/de\\\/geschaeft\\\/\"},{\"@type\":\"ListItem\",\"position\":3,\"name\":\"Freistehender Boxsack Adidas \u2013 XXL\"}]},{\"@type\":\"WebSite\",\"@id\":\"https:\\\/\\\/prideshop.eu\\\/de\\\/#website\",\"url\":\"https:\\\/\\\/prideshop.eu\\\/de\\\/\",\"name\":\"PRIDEshop\",\"description\":\"Oprema za Borilne \u0160porte\",\"publisher\":{\"@id\":\"https:\\\/\\\/prideshop.eu\\\/de\\\/#organization\"},\"potentialAction\":[{\"@type\":\"SearchAction\",\"target\":{\"@type\":\"EntryPoint\",\"urlTemplate\":\"https:\\\/\\\/prideshop.eu\\\/de\\\/?s={search_term_string}\"},\"query-input\":{\"@type\":\"PropertyValueSpecification\",\"valueRequired\":true,\"valueName\":\"search_term_string\"}}],\"inLanguage\":\"de\"},{\"@type\":\"Organization\",\"@id\":\"https:\\\/\\\/prideshop.eu\\\/de\\\/#organization\",\"name\":\"PRIDEshop\",\"url\":\"https:\\\/\\\/prideshop.eu\\\/de\\\/\",\"logo\":{\"@type\":\"ImageObject\",\"inLanguage\":\"de\",\"@id\":\"https:\\\/\\\/prideshop.eu\\\/de\\\/#\\\/schema\\\/logo\\\/image\\\/\",\"url\":\"\",\"contentUrl\":\"\",\"caption\":\"PRIDEshop\"},\"image\":{\"@id\":\"https:\\\/\\\/prideshop.eu\\\/de\\\/#\\\/schema\\\/logo\\\/image\\\/\"},\"sameAs\":[\"https:\\\/\\\/sl-si.facebook.com\\\/PrideShopeu\"]}]}<\/script>\n<!-- \/ Yoast SEO plugin. -->","yoast_head_json":{"title":"Freistehender Boxsack Adidas \u2013 XXL - PRIDEshop","description":"Freistehender Boxsack XXL, Adidas Konzipiert f\u00fcr den Einsatz zu Hause, in Turnhalle, Schulen, Fitnesscentern, etc.. Verst\u00e4rkte Federflexibilit\u00e4t.","robots":{"index":"index","follow":"follow","max-snippet":"max-snippet:-1","max-image-preview":"max-image-preview:large","max-video-preview":"max-video-preview:-1"},"canonical":"https:\/\/prideshop.eu\/de\/shop\/equipment-de\/trainingsgerate\/boxsacke\/freistehender-boxsack-xxl-adidas\/","og_locale":"de_DE","og_type":"article","og_title":"Freistehender Boxsack Adidas \u2013 XXL - PRIDEshop","og_description":"Freistehender Boxsack XXL, Adidas Konzipiert f\u00fcr den Einsatz zu Hause, in Turnhalle, Schulen, Fitnesscentern, etc.. Verst\u00e4rkte Federflexibilit\u00e4t.","og_url":"https:\/\/prideshop.eu\/de\/shop\/equipment-de\/trainingsgerate\/boxsacke\/freistehender-boxsack-xxl-adidas\/","og_site_name":"PRIDEshop","article_publisher":"https:\/\/sl-si.facebook.com\/PrideShopeu","article_modified_time":"2026-01-14T16:52:29+00:00","og_image":[{"width":600,"height":600,"url":"https:\/\/prideshop.eu\/wp-content\/uploads\/2021\/01\/samostojeca-boks-vreca-xxl-adidas-a817.jpeg","type":"image\/jpeg"}],"twitter_card":"summary_large_image","schema":{"@context":"https:\/\/schema.org","@graph":[{"@type":"WebPage","@id":"https:\/\/prideshop.eu\/de\/shop\/equipment-de\/trainingsgerate\/boxsacke\/freistehender-boxsack-xxl-adidas\/","url":"https:\/\/prideshop.eu\/de\/shop\/equipment-de\/trainingsgerate\/boxsacke\/freistehender-boxsack-xxl-adidas\/","name":"Freistehender Boxsack Adidas \u2013 XXL - PRIDEshop","isPartOf":{"@id":"https:\/\/prideshop.eu\/de\/#website"},"primaryImageOfPage":{"@id":"https:\/\/prideshop.eu\/de\/shop\/equipment-de\/trainingsgerate\/boxsacke\/freistehender-boxsack-xxl-adidas\/#primaryimage"},"image":{"@id":"https:\/\/prideshop.eu\/de\/shop\/equipment-de\/trainingsgerate\/boxsacke\/freistehender-boxsack-xxl-adidas\/#primaryimage"},"thumbnailUrl":"https:\/\/prideshop.eu\/wp-content\/uploads\/2021\/01\/samostojeca-boks-vreca-xxl-adidas-a817.jpeg","datePublished":"2021-01-19T12:50:46+00:00","dateModified":"2026-01-14T16:52:29+00:00","description":"Freistehender Boxsack XXL, Adidas Konzipiert f\u00fcr den Einsatz zu Hause, in Turnhalle, Schulen, Fitnesscentern, etc.. Verst\u00e4rkte Federflexibilit\u00e4t.","breadcrumb":{"@id":"https:\/\/prideshop.eu\/de\/shop\/equipment-de\/trainingsgerate\/boxsacke\/freistehender-boxsack-xxl-adidas\/#breadcrumb"},"inLanguage":"de","potentialAction":[{"@type":"ReadAction","target":["https:\/\/prideshop.eu\/de\/shop\/equipment-de\/trainingsgerate\/boxsacke\/freistehender-boxsack-xxl-adidas\/"]}]},{"@type":"ImageObject","inLanguage":"de","@id":"https:\/\/prideshop.eu\/de\/shop\/equipment-de\/trainingsgerate\/boxsacke\/freistehender-boxsack-xxl-adidas\/#primaryimage","url":"https:\/\/prideshop.eu\/wp-content\/uploads\/2021\/01\/samostojeca-boks-vreca-xxl-adidas-a817.jpeg","contentUrl":"https:\/\/prideshop.eu\/wp-content\/uploads\/2021\/01\/samostojeca-boks-vreca-xxl-adidas-a817.jpeg","width":600,"height":600,"caption":"Freistehender Boxsack Adidas H\u00f6he 195 cm schwarz mit wei\u00dfem Logo"},{"@type":"BreadcrumbList","@id":"https:\/\/prideshop.eu\/de\/shop\/equipment-de\/trainingsgerate\/boxsacke\/freistehender-boxsack-xxl-adidas\/#breadcrumb","itemListElement":[{"@type":"ListItem","position":1,"name":"Home","item":"https:\/\/prideshop.eu\/de\/"},{"@type":"ListItem","position":2,"name":"Gesch\u00e4ft","item":"https:\/\/prideshop.eu\/de\/geschaeft\/"},{"@type":"ListItem","position":3,"name":"Freistehender Boxsack Adidas \u2013 XXL"}]},{"@type":"WebSite","@id":"https:\/\/prideshop.eu\/de\/#website","url":"https:\/\/prideshop.eu\/de\/","name":"PRIDEshop","description":"Oprema za Borilne \u0160porte","publisher":{"@id":"https:\/\/prideshop.eu\/de\/#organization"},"potentialAction":[{"@type":"SearchAction","target":{"@type":"EntryPoint","urlTemplate":"https:\/\/prideshop.eu\/de\/?s={search_term_string}"},"query-input":{"@type":"PropertyValueSpecification","valueRequired":true,"valueName":"search_term_string"}}],"inLanguage":"de"},{"@type":"Organization","@id":"https:\/\/prideshop.eu\/de\/#organization","name":"PRIDEshop","url":"https:\/\/prideshop.eu\/de\/","logo":{"@type":"ImageObject","inLanguage":"de","@id":"https:\/\/prideshop.eu\/de\/#\/schema\/logo\/image\/","url":"","contentUrl":"","caption":"PRIDEshop"},"image":{"@id":"https:\/\/prideshop.eu\/de\/#\/schema\/logo\/image\/"},"sameAs":["https:\/\/sl-si.facebook.com\/PrideShopeu"]}]}},"_links":{"self":[{"href":"https:\/\/prideshop.eu\/de\/wp-json\/wp\/v2\/product\/13555","targetHints":{"allow":["GET"]}}],"collection":[{"href":"https:\/\/prideshop.eu\/de\/wp-json\/wp\/v2\/product"}],"about":[{"href":"https:\/\/prideshop.eu\/de\/wp-json\/wp\/v2\/types\/product"}],"replies":[{"embeddable":true,"href":"https:\/\/prideshop.eu\/de\/wp-json\/wp\/v2\/comments?post=13555"}],"wp:featuredmedia":[{"embeddable":true,"href":"https:\/\/prideshop.eu\/de\/wp-json\/wp\/v2\/media\/24875"}],"wp:attachment":[{"href":"https:\/\/prideshop.eu\/de\/wp-json\/wp\/v2\/media?parent=13555"}],"wp:term":[{"taxonomy":"product_brand","embeddable":true,"href":"https:\/\/prideshop.eu\/de\/wp-json\/wp\/v2\/product_brand?post=13555"},{"taxonomy":"product_cat","embeddable":true,"href":"https:\/\/prideshop.eu\/de\/wp-json\/wp\/v2\/product_cat?post=13555"},{"taxonomy":"product_tag","embeddable":true,"href":"https:\/\/prideshop.eu\/de\/wp-json\/wp\/v2\/product_tag?post=13555"}],"curies":[{"name":"wp","href":"https:\/\/api.w.org\/{rel}","templated":true}]}}