{"id":13608,"date":"2020-09-04T09:20:16","date_gmt":"2020-09-04T07:20:16","guid":{"rendered":"https:\/\/prideshop.eu\/spletna-trgovina\/unkategorisiert\/taekwondo-anzug-wt-fighter-adidas\/"},"modified":"2025-08-04T11:12:17","modified_gmt":"2025-08-04T09:12:17","slug":"taekwondo-anzug-wt-fighter-adidas","status":"publish","type":"product","link":"https:\/\/prideshop.eu\/de\/shop\/sportarten\/taekwondo-wt-olypic-sports\/taekwondo-wt-anzuge-dobok-und-kleidung\/taekwondo-anzug-wt-fighter-adidas\/","title":{"rendered":"Taekwondoanzug WT Adidas \u2013 Fighter"},"content":{"rendered":"<h3>Taekwondoanzug WT Adidas \u2013 Fighter<\/h3>\n<p>Taekwondo Anzug WT Fighter, Adidas. Dieser Dobok versichert Ihnen Abk\u00fchlung bei den schwierigsten K\u00e4mpfen. Taekwondo Kimono ist nach Jahren der Entwicklung entstanden. Mit Clima Cool TM tehnologie hilft er die Hitze zu bek\u00e4mpfen, die Sie Ihren Erfolg kosten k\u00f6nnte.Die Form ist speziell den Frauen angepasst und deswegen auch d\u00fcnner als andere Doboks. Netzartige Einlagen in der Hose und unter den Achseln. Material Taekwondo Uniforms.: 100% Polyester.<\/p>\n","protected":false},"excerpt":{"rendered":"<p>Taekwondo Anzug WT Fighter, Adidas. Dieser Dobok versichert Ihnen Abk\u00fchlung bei den schwierigsten K\u00e4mpfen. Taekwondo Kimono ist nach Jahren der Entwicklung entstanden. Mit Clima Cool TM tehnologie hilft er die Hitze zu bek\u00e4mpfen, die Sie Ihren Erfolg kosten k\u00f6nnte.Die Form ist speziell den Frauen angepasst und deswegen auch d\u00fcnner als andere Doboks. Netzartige Einlagen in der Hose und unter den Achseln. Material Taekwondo Uniforms.: 100% Polyester.<\/p>\n","protected":false},"featured_media":33499,"comment_status":"open","ping_status":"closed","template":"","meta":{"_acf_changed":false},"product_brand":[2084],"product_cat":[606,600,580,632,656,764,756],"product_tag":[],"class_list":{"0":"post-13608","1":"product","2":"type-product","3":"status-publish","4":"has-post-thumbnail","6":"product_brand-adidas","7":"product_cat-anzuge-fur-kamfsportarten","8":"product_cat-bekleidung-und-schuhe","9":"product_cat-equipment-de","10":"product_cat-outlet-de","11":"product_cat-sportarten","12":"product_cat-taekwondo-wt-anzuge-dobok-und-kleidung","13":"product_cat-taekwondo-wt-olypic-sports","15":"first","16":"instock","17":"sale","18":"taxable","19":"shipping-taxable","20":"purchasable","21":"product-type-variable"},"acf":[],"yoast_head":"<!-- This site is optimized with the Yoast SEO plugin v27.5 - https:\/\/yoast.com\/product\/yoast-seo-wordpress\/ -->\n<title>Taekwondoanzug WT Adidas \u2013 Fighter - PRIDEshop<\/title>\n<meta name=\"description\" content=\"Taekwondo Anzug WT Fighter, Adidas. Dieser Dobok versichert Ihnen Abk\u00fchlung bei den schwierigsten K\u00e4mpfen.\" \/>\n<meta name=\"robots\" content=\"index, follow, max-snippet:-1, max-image-preview:large, max-video-preview:-1\" \/>\n<link rel=\"canonical\" href=\"https:\/\/prideshop.eu\/de\/shop\/sportarten\/taekwondo-wt-olypic-sports\/taekwondo-wt-anzuge-dobok-und-kleidung\/taekwondo-anzug-wt-fighter-adidas\/\" \/>\n<meta property=\"og:locale\" content=\"de_DE\" \/>\n<meta property=\"og:type\" content=\"article\" \/>\n<meta property=\"og:title\" content=\"Taekwondoanzug WT Adidas \u2013 Fighter - PRIDEshop\" \/>\n<meta property=\"og:description\" content=\"Taekwondo Anzug WT Fighter, Adidas. Dieser Dobok versichert Ihnen Abk\u00fchlung bei den schwierigsten K\u00e4mpfen.\" \/>\n<meta property=\"og:url\" content=\"https:\/\/prideshop.eu\/de\/shop\/sportarten\/taekwondo-wt-olypic-sports\/taekwondo-wt-anzuge-dobok-und-kleidung\/taekwondo-anzug-wt-fighter-adidas\/\" \/>\n<meta property=\"og:site_name\" content=\"PRIDEshop\" \/>\n<meta property=\"article:publisher\" content=\"https:\/\/sl-si.facebook.com\/PrideShopeu\" \/>\n<meta property=\"article:modified_time\" content=\"2025-08-04T09:12:17+00:00\" \/>\n<meta property=\"og:image\" content=\"https:\/\/prideshop.eu\/wp-content\/uploads\/2020\/09\/taekwondo-kimono-wt-fighter-adidas-A902-1.jpeg\" \/>\n\t<meta property=\"og:image:width\" content=\"600\" \/>\n\t<meta property=\"og:image:height\" content=\"600\" \/>\n\t<meta property=\"og:image:type\" content=\"image\/jpeg\" \/>\n<meta name=\"twitter:card\" content=\"summary_large_image\" \/>\n<script type=\"application\/ld+json\" class=\"yoast-schema-graph\">{\"@context\":\"https:\\\/\\\/schema.org\",\"@graph\":[{\"@type\":\"WebPage\",\"@id\":\"https:\\\/\\\/prideshop.eu\\\/de\\\/shop\\\/sportarten\\\/taekwondo-wt-olypic-sports\\\/taekwondo-wt-anzuge-dobok-und-kleidung\\\/taekwondo-anzug-wt-fighter-adidas\\\/\",\"url\":\"https:\\\/\\\/prideshop.eu\\\/de\\\/shop\\\/sportarten\\\/taekwondo-wt-olypic-sports\\\/taekwondo-wt-anzuge-dobok-und-kleidung\\\/taekwondo-anzug-wt-fighter-adidas\\\/\",\"name\":\"Taekwondoanzug WT Adidas \u2013 Fighter - PRIDEshop\",\"isPartOf\":{\"@id\":\"https:\\\/\\\/prideshop.eu\\\/de\\\/#website\"},\"primaryImageOfPage\":{\"@id\":\"https:\\\/\\\/prideshop.eu\\\/de\\\/shop\\\/sportarten\\\/taekwondo-wt-olypic-sports\\\/taekwondo-wt-anzuge-dobok-und-kleidung\\\/taekwondo-anzug-wt-fighter-adidas\\\/#primaryimage\"},\"image\":{\"@id\":\"https:\\\/\\\/prideshop.eu\\\/de\\\/shop\\\/sportarten\\\/taekwondo-wt-olypic-sports\\\/taekwondo-wt-anzuge-dobok-und-kleidung\\\/taekwondo-anzug-wt-fighter-adidas\\\/#primaryimage\"},\"thumbnailUrl\":\"https:\\\/\\\/prideshop.eu\\\/wp-content\\\/uploads\\\/2020\\\/09\\\/taekwondo-kimono-wt-fighter-adidas-A902-1.jpeg\",\"datePublished\":\"2020-09-04T07:20:16+00:00\",\"dateModified\":\"2025-08-04T09:12:17+00:00\",\"description\":\"Taekwondo Anzug WT Fighter, Adidas. Dieser Dobok versichert Ihnen Abk\u00fchlung bei den schwierigsten K\u00e4mpfen.\",\"breadcrumb\":{\"@id\":\"https:\\\/\\\/prideshop.eu\\\/de\\\/shop\\\/sportarten\\\/taekwondo-wt-olypic-sports\\\/taekwondo-wt-anzuge-dobok-und-kleidung\\\/taekwondo-anzug-wt-fighter-adidas\\\/#breadcrumb\"},\"inLanguage\":\"de\",\"potentialAction\":[{\"@type\":\"ReadAction\",\"target\":[\"https:\\\/\\\/prideshop.eu\\\/de\\\/shop\\\/sportarten\\\/taekwondo-wt-olypic-sports\\\/taekwondo-wt-anzuge-dobok-und-kleidung\\\/taekwondo-anzug-wt-fighter-adidas\\\/\"]}]},{\"@type\":\"ImageObject\",\"inLanguage\":\"de\",\"@id\":\"https:\\\/\\\/prideshop.eu\\\/de\\\/shop\\\/sportarten\\\/taekwondo-wt-olypic-sports\\\/taekwondo-wt-anzuge-dobok-und-kleidung\\\/taekwondo-anzug-wt-fighter-adidas\\\/#primaryimage\",\"url\":\"https:\\\/\\\/prideshop.eu\\\/wp-content\\\/uploads\\\/2020\\\/09\\\/taekwondo-kimono-wt-fighter-adidas-A902-1.jpeg\",\"contentUrl\":\"https:\\\/\\\/prideshop.eu\\\/wp-content\\\/uploads\\\/2020\\\/09\\\/taekwondo-kimono-wt-fighter-adidas-A902-1.jpeg\",\"width\":600,\"height\":600,\"caption\":\"Taekwondo Kimono WT Fighter Adidas wei\u00df mit schwarzem Streifen\"},{\"@type\":\"BreadcrumbList\",\"@id\":\"https:\\\/\\\/prideshop.eu\\\/de\\\/shop\\\/sportarten\\\/taekwondo-wt-olypic-sports\\\/taekwondo-wt-anzuge-dobok-und-kleidung\\\/taekwondo-anzug-wt-fighter-adidas\\\/#breadcrumb\",\"itemListElement\":[{\"@type\":\"ListItem\",\"position\":1,\"name\":\"Home\",\"item\":\"https:\\\/\\\/prideshop.eu\\\/de\\\/\"},{\"@type\":\"ListItem\",\"position\":2,\"name\":\"Gesch\u00e4ft\",\"item\":\"https:\\\/\\\/prideshop.eu\\\/de\\\/geschaeft\\\/\"},{\"@type\":\"ListItem\",\"position\":3,\"name\":\"Taekwondoanzug WT Adidas \u2013 Fighter\"}]},{\"@type\":\"WebSite\",\"@id\":\"https:\\\/\\\/prideshop.eu\\\/de\\\/#website\",\"url\":\"https:\\\/\\\/prideshop.eu\\\/de\\\/\",\"name\":\"PRIDEshop\",\"description\":\"Oprema za Borilne \u0160porte\",\"publisher\":{\"@id\":\"https:\\\/\\\/prideshop.eu\\\/de\\\/#organization\"},\"potentialAction\":[{\"@type\":\"SearchAction\",\"target\":{\"@type\":\"EntryPoint\",\"urlTemplate\":\"https:\\\/\\\/prideshop.eu\\\/de\\\/?s={search_term_string}\"},\"query-input\":{\"@type\":\"PropertyValueSpecification\",\"valueRequired\":true,\"valueName\":\"search_term_string\"}}],\"inLanguage\":\"de\"},{\"@type\":\"Organization\",\"@id\":\"https:\\\/\\\/prideshop.eu\\\/de\\\/#organization\",\"name\":\"PRIDEshop\",\"url\":\"https:\\\/\\\/prideshop.eu\\\/de\\\/\",\"logo\":{\"@type\":\"ImageObject\",\"inLanguage\":\"de\",\"@id\":\"https:\\\/\\\/prideshop.eu\\\/de\\\/#\\\/schema\\\/logo\\\/image\\\/\",\"url\":\"\",\"contentUrl\":\"\",\"caption\":\"PRIDEshop\"},\"image\":{\"@id\":\"https:\\\/\\\/prideshop.eu\\\/de\\\/#\\\/schema\\\/logo\\\/image\\\/\"},\"sameAs\":[\"https:\\\/\\\/sl-si.facebook.com\\\/PrideShopeu\"]}]}<\/script>\n<!-- \/ Yoast SEO plugin. -->","yoast_head_json":{"title":"Taekwondoanzug WT Adidas \u2013 Fighter - PRIDEshop","description":"Taekwondo Anzug WT Fighter, Adidas. Dieser Dobok versichert Ihnen Abk\u00fchlung bei den schwierigsten K\u00e4mpfen.","robots":{"index":"index","follow":"follow","max-snippet":"max-snippet:-1","max-image-preview":"max-image-preview:large","max-video-preview":"max-video-preview:-1"},"canonical":"https:\/\/prideshop.eu\/de\/shop\/sportarten\/taekwondo-wt-olypic-sports\/taekwondo-wt-anzuge-dobok-und-kleidung\/taekwondo-anzug-wt-fighter-adidas\/","og_locale":"de_DE","og_type":"article","og_title":"Taekwondoanzug WT Adidas \u2013 Fighter - PRIDEshop","og_description":"Taekwondo Anzug WT Fighter, Adidas. Dieser Dobok versichert Ihnen Abk\u00fchlung bei den schwierigsten K\u00e4mpfen.","og_url":"https:\/\/prideshop.eu\/de\/shop\/sportarten\/taekwondo-wt-olypic-sports\/taekwondo-wt-anzuge-dobok-und-kleidung\/taekwondo-anzug-wt-fighter-adidas\/","og_site_name":"PRIDEshop","article_publisher":"https:\/\/sl-si.facebook.com\/PrideShopeu","article_modified_time":"2025-08-04T09:12:17+00:00","og_image":[{"width":600,"height":600,"url":"https:\/\/prideshop.eu\/wp-content\/uploads\/2020\/09\/taekwondo-kimono-wt-fighter-adidas-A902-1.jpeg","type":"image\/jpeg"}],"twitter_card":"summary_large_image","schema":{"@context":"https:\/\/schema.org","@graph":[{"@type":"WebPage","@id":"https:\/\/prideshop.eu\/de\/shop\/sportarten\/taekwondo-wt-olypic-sports\/taekwondo-wt-anzuge-dobok-und-kleidung\/taekwondo-anzug-wt-fighter-adidas\/","url":"https:\/\/prideshop.eu\/de\/shop\/sportarten\/taekwondo-wt-olypic-sports\/taekwondo-wt-anzuge-dobok-und-kleidung\/taekwondo-anzug-wt-fighter-adidas\/","name":"Taekwondoanzug WT Adidas \u2013 Fighter - PRIDEshop","isPartOf":{"@id":"https:\/\/prideshop.eu\/de\/#website"},"primaryImageOfPage":{"@id":"https:\/\/prideshop.eu\/de\/shop\/sportarten\/taekwondo-wt-olypic-sports\/taekwondo-wt-anzuge-dobok-und-kleidung\/taekwondo-anzug-wt-fighter-adidas\/#primaryimage"},"image":{"@id":"https:\/\/prideshop.eu\/de\/shop\/sportarten\/taekwondo-wt-olypic-sports\/taekwondo-wt-anzuge-dobok-und-kleidung\/taekwondo-anzug-wt-fighter-adidas\/#primaryimage"},"thumbnailUrl":"https:\/\/prideshop.eu\/wp-content\/uploads\/2020\/09\/taekwondo-kimono-wt-fighter-adidas-A902-1.jpeg","datePublished":"2020-09-04T07:20:16+00:00","dateModified":"2025-08-04T09:12:17+00:00","description":"Taekwondo Anzug WT Fighter, Adidas. Dieser Dobok versichert Ihnen Abk\u00fchlung bei den schwierigsten K\u00e4mpfen.","breadcrumb":{"@id":"https:\/\/prideshop.eu\/de\/shop\/sportarten\/taekwondo-wt-olypic-sports\/taekwondo-wt-anzuge-dobok-und-kleidung\/taekwondo-anzug-wt-fighter-adidas\/#breadcrumb"},"inLanguage":"de","potentialAction":[{"@type":"ReadAction","target":["https:\/\/prideshop.eu\/de\/shop\/sportarten\/taekwondo-wt-olypic-sports\/taekwondo-wt-anzuge-dobok-und-kleidung\/taekwondo-anzug-wt-fighter-adidas\/"]}]},{"@type":"ImageObject","inLanguage":"de","@id":"https:\/\/prideshop.eu\/de\/shop\/sportarten\/taekwondo-wt-olypic-sports\/taekwondo-wt-anzuge-dobok-und-kleidung\/taekwondo-anzug-wt-fighter-adidas\/#primaryimage","url":"https:\/\/prideshop.eu\/wp-content\/uploads\/2020\/09\/taekwondo-kimono-wt-fighter-adidas-A902-1.jpeg","contentUrl":"https:\/\/prideshop.eu\/wp-content\/uploads\/2020\/09\/taekwondo-kimono-wt-fighter-adidas-A902-1.jpeg","width":600,"height":600,"caption":"Taekwondo Kimono WT Fighter Adidas wei\u00df mit schwarzem Streifen"},{"@type":"BreadcrumbList","@id":"https:\/\/prideshop.eu\/de\/shop\/sportarten\/taekwondo-wt-olypic-sports\/taekwondo-wt-anzuge-dobok-und-kleidung\/taekwondo-anzug-wt-fighter-adidas\/#breadcrumb","itemListElement":[{"@type":"ListItem","position":1,"name":"Home","item":"https:\/\/prideshop.eu\/de\/"},{"@type":"ListItem","position":2,"name":"Gesch\u00e4ft","item":"https:\/\/prideshop.eu\/de\/geschaeft\/"},{"@type":"ListItem","position":3,"name":"Taekwondoanzug WT Adidas \u2013 Fighter"}]},{"@type":"WebSite","@id":"https:\/\/prideshop.eu\/de\/#website","url":"https:\/\/prideshop.eu\/de\/","name":"PRIDEshop","description":"Oprema za Borilne \u0160porte","publisher":{"@id":"https:\/\/prideshop.eu\/de\/#organization"},"potentialAction":[{"@type":"SearchAction","target":{"@type":"EntryPoint","urlTemplate":"https:\/\/prideshop.eu\/de\/?s={search_term_string}"},"query-input":{"@type":"PropertyValueSpecification","valueRequired":true,"valueName":"search_term_string"}}],"inLanguage":"de"},{"@type":"Organization","@id":"https:\/\/prideshop.eu\/de\/#organization","name":"PRIDEshop","url":"https:\/\/prideshop.eu\/de\/","logo":{"@type":"ImageObject","inLanguage":"de","@id":"https:\/\/prideshop.eu\/de\/#\/schema\/logo\/image\/","url":"","contentUrl":"","caption":"PRIDEshop"},"image":{"@id":"https:\/\/prideshop.eu\/de\/#\/schema\/logo\/image\/"},"sameAs":["https:\/\/sl-si.facebook.com\/PrideShopeu"]}]}},"_links":{"self":[{"href":"https:\/\/prideshop.eu\/de\/wp-json\/wp\/v2\/product\/13608","targetHints":{"allow":["GET"]}}],"collection":[{"href":"https:\/\/prideshop.eu\/de\/wp-json\/wp\/v2\/product"}],"about":[{"href":"https:\/\/prideshop.eu\/de\/wp-json\/wp\/v2\/types\/product"}],"replies":[{"embeddable":true,"href":"https:\/\/prideshop.eu\/de\/wp-json\/wp\/v2\/comments?post=13608"}],"wp:featuredmedia":[{"embeddable":true,"href":"https:\/\/prideshop.eu\/de\/wp-json\/wp\/v2\/media\/33499"}],"wp:attachment":[{"href":"https:\/\/prideshop.eu\/de\/wp-json\/wp\/v2\/media?parent=13608"}],"wp:term":[{"taxonomy":"product_brand","embeddable":true,"href":"https:\/\/prideshop.eu\/de\/wp-json\/wp\/v2\/product_brand?post=13608"},{"taxonomy":"product_cat","embeddable":true,"href":"https:\/\/prideshop.eu\/de\/wp-json\/wp\/v2\/product_cat?post=13608"},{"taxonomy":"product_tag","embeddable":true,"href":"https:\/\/prideshop.eu\/de\/wp-json\/wp\/v2\/product_tag?post=13608"}],"curies":[{"name":"wp","href":"https:\/\/api.w.org\/{rel}","templated":true}]}}