{"id":13777,"date":"2020-09-04T16:01:19","date_gmt":"2020-09-04T14:01:19","guid":{"rendered":"https:\/\/prideshop.eu\/spletna-trgovina\/unkategorisiert\/itf-taekwondo-dobok-student-adidas\/"},"modified":"2025-09-23T11:00:35","modified_gmt":"2025-09-23T09:00:35","slug":"itf-taekwondo-dobok-student-adidas","status":"publish","type":"product","link":"https:\/\/prideshop.eu\/de\/shop\/sportarten\/itf-taekwondo-traditonelles-taekwondo\/taekwondo-itf-anzuge-dobok-und-kleidung\/itf-taekwondo-dobok-student-adidas\/","title":{"rendered":"ITF Dobok Taekwon-Do Adidas \u2013 Student 2"},"content":{"rendered":"<h3>ITF Dobok Taekwon-Do Adidas \u2013 Student 2<\/h3>\n<div class=\"flex\u20131 overflow\u2013hidden\">n<\/p>\n<div class=\"react\u2013scroll\u2013to\u2013bottom\u2013\u2013css\u2013evqbp\u201379elbk h\u2013full\">n<\/p>\n<div class=\"react\u2013scroll\u2013to\u2013bottom\u2013\u2013css\u2013evqbp\u20131n7m0yu\">n<\/p>\n<div class=\"flex flex\u2013col pb\u20139 text\u2013sm\">n<\/p>\n<div class=\"w\u2013full text\u2013token\u2013text\u2013primary\" data\u2013testid=\"conversation\u2013turn\u20139\">n<\/p>\n<div class=\"px\u20134 py\u20132 justify\u2013center text\u2013base md:gap\u20136 m\u2013auto\">n<\/p>\n<div class=\"flex flex\u20131 text\u2013base mx\u2013auto gap\u20133 md:px\u20135 lg:px\u20131 xl:px\u20135 md:max\u2013w\u20133xl lg:max\u2013w\u2013[40rem] xl:max\u2013w\u2013[48rem] group final\u2013completion\">n<\/p>\n<div class=\"relative flex w\u2013full flex\u2013col lg:w\u2013[calc(100%\u2013115px)] agent\u2013turn\">n<\/p>\n<div class=\"flex\u2013col gap\u20131 md:gap\u20133\">n<\/p>\n<div class=\"flex flex\u2013grow flex\u2013col max\u2013w\u2013full\">n<\/p>\n<div class=\"min\u2013h\u2013[20px] text\u2013message flex flex\u2013col items\u2013start gap\u20133 whitespace\u2013pre\u2013wrap break\u2013words [.text\u2013message+&amp;]:mt\u20135 overflow\u2013x\u2013auto\" data\u2013message\u2013author\u2013role=\"assistant\" data\u2013message\u2013id=\"7b35e798\u2013f266\u20134ab8\u2013aca3\u201369588045fcd8\">n<\/p>\n<h1 class=\"markdown prose w\u2013full break\u2013words dark:prose\u2013invert light\">Der ITF Taekwondo Dobok Student 2n<\/div>\n<p>n<\/p><\/div>\n<p>n<\/p><\/div>\n<p>n<\/p>\n<div class=\"absolute\">n<\/p>\n<div class=\"flex w\u2013full gap\u20132 items\u2013center justify\u2013center\">n<\/p>\n<div>von Adidas repr\u00e4sentiert eine hochwertige Takwondo Anzug mit einem markanten wei\u00dfen Saum und einem neuen, herausragenden Design, das sich an alle Praktizierenden vom wei\u00dfen bis zum roten G\u00fcrtel richtet. Hergestellt aus geripptem Poly\u2013Baumwollmaterial, bestehend aus 65% Polyester und 45% Baumwolle, bietet dieser Dobok zahlreiche Vorteile, darunter eine schnelle Trocknung, Weichheit, au\u00dfergew\u00f6hnlichen Komfort und eine minimierte Knitterneigung.<\/div>\n<p>n<\/p>\n<div><\/div>\n<p>n<\/p>\n<div>Die Jacke dieses Doboks folgt dem traditionellen Schnitt des International Taekwondo Federation (ITF), wobei auf den Klettverschluss verzichtet wurde. Stattdessen kann die Jacke leicht wie ein T\u2013Shirt mit V\u2013Ausschnitt angezogen werden. Die Hose verf\u00fcgt \u00fcber einen elastischen Bund mit einem zus\u00e4tzlichen Zugband, was nicht nur den Komfort, sondern auch die Bewegungsfreiheit w\u00e4hrend des Trainings gew\u00e4hrleistet. Sowohl die Logos als auch die Taekwondo\u2013Beschriftung auf der R\u00fcckseite sind aufwendig gestickt und tragen das neue Adidas\u2013Logo, das ein modernes Flair verleiht.<\/div>\n<p>n<\/p>\n<div><\/div>\n<p>n<\/p>\n<div>Das Set beinhaltet nicht nur die Jacke im traditionellen ITF\u2013Schnitt, sondern auch Hosen mit elastischem Bund und einem zus\u00e4tzlichen Zugband. Dieser Artikel hat die Genehmigung der International Taekwondo Federation (ITF) erhalten, was seine Qualit\u00e4t und Konformit\u00e4t unterstreicht. Es ist wichtig zu beachten, dass der wei\u00dfe G\u00fcrtel nicht im Lieferumfang enthalten ist.<\/div>\n<p>n<\/p>\n<div><\/div>\n<p>n<\/p>\n<div>Dieser ITF Taekwondo Dobok Student 2 ist in Gr\u00f6\u00dfen von 140 bis 180 cm erh\u00e4ltlich. Es sei jedoch darauf hingewiesen, dass der Dobok vor dem ersten Waschen nicht vorgewaschen ist und sich daher beim ersten Waschen um etwa 2 % verkleinern kann. Daher ist besondere Aufmerksamkeit geboten, um die richtige Passform zu gew\u00e4hrleisten.<\/div>\n<p>n<\/p><\/div>\n<p>n<\/p><\/div>\n<p>n<\/p><\/div>\n<p>n<\/p><\/div>\n<p>n<\/p><\/div>\n<p>n<\/p><\/div>\n<p>n<\/p><\/div>\n<p>n<\/p><\/div>\n<p>n<\/p><\/div>\n<p>n<\/p><\/div>\n<p>n<\/p>\n<div class=\"w\u2013full pt\u20132 md:pt\u20130 dark:border\u2013white\/20 md:border\u2013transparent md:dark:border\u2013transparent md:w\u2013[calc(100%\u2013.5rem)]\">\n<form class=\"stretch mx\u20132 flex flex\u2013row gap\u20133 last:mb\u20132 md:mx\u20134 md:last:mb\u20136 lg:mx\u2013auto lg:max\u2013w\u20132xl xl:max\u2013w\u20133xl\">n<\/p>\n<div class=\"relative flex h\u2013full flex\u20131 items\u2013stretch md:flex\u2013col\">n<\/p>\n<div class=\"flex w\u2013full items\u2013center\"><\/div>\n<p>n<\/p><\/div>\n<p>n<\/p><\/form>\n<\/div>\n","protected":false},"excerpt":{"rendered":"<p>ITF Taekwondo Dobok Student 2 von Adidasnist eine Taekwondo Anzug mit wei\u00dfem Rand und einem neuen erstklassigen Design f\u00fcr alle Praktizierenden vom wei\u00dfen bis zum roten G\u00fcrtel. Es besteht aus geripptem Poly\u2013Baumwollmaterial (65% Polyester, 45% Baumwolle), was eine schnelle Trocknung, Weichheit, Komfort und weniger Knittern gew\u00e4hrleistet. Die Jacke folgt dem traditionellen ITF\u2013Schnitt, jetzt ohne Klettverschluss, \u00e4hnlich einem T\u2013Shirt mit V\u2013Ausschnitt. Die Hose hat einen elastischen Bund mit zus\u00e4tzlichem Zugband, f\u00fcr Komfort und ausreichend Bewegungsfreiheit. Alle Logos und die Taekwondo\u2013Beschriftung auf dem R\u00fccken sind gestickt, mit dem neuen Adidas\u2013Logo. Das Set enth\u00e4lt eine Jacke im traditionellen ITF\u2013Schnitt, Hosen mit elastischem Bund und einem zus\u00e4tzlichen Zugband. Der wei\u00dfe G\u00fcrtel ist nicht inbegriffen.<\/p>\n","protected":false},"featured_media":47265,"comment_status":"open","ping_status":"closed","template":"","meta":{"_acf_changed":false},"product_brand":[2084],"product_cat":[606,600,580,788,656,794],"product_tag":[],"class_list":{"0":"post-13777","1":"product","2":"type-product","3":"status-publish","4":"has-post-thumbnail","6":"product_brand-adidas","7":"product_cat-anzuge-fur-kamfsportarten","8":"product_cat-bekleidung-und-schuhe","9":"product_cat-equipment-de","10":"product_cat-itf-taekwondo-traditonelles-taekwondo","11":"product_cat-sportarten","12":"product_cat-taekwondo-itf-anzuge-dobok-und-kleidung","14":"first","15":"instock","16":"taxable","17":"shipping-taxable","18":"purchasable","19":"product-type-variable"},"acf":[],"yoast_head":"<!-- This site is optimized with the Yoast SEO plugin v27.4 - https:\/\/yoast.com\/product\/yoast-seo-wordpress\/ -->\n<title>ITF Dobok Taekwon-Do Adidas \u2013 Student 2 - PRIDEshop<\/title>\n<meta name=\"description\" content=\"ITF Taekwondo Dobok Student, Adidas. ITF Taekwondo Anzug mit wei\u00dfem Rand neuen hochwertigen Designs f\u00fcr alle Praktikanten vom wei\u00dfen biss zum roten G\u00fcrtel.\" \/>\n<meta name=\"robots\" content=\"index, follow, max-snippet:-1, max-image-preview:large, max-video-preview:-1\" \/>\n<link rel=\"canonical\" href=\"https:\/\/prideshop.eu\/de\/shop\/sportarten\/itf-taekwondo-traditonelles-taekwondo\/taekwondo-itf-anzuge-dobok-und-kleidung\/itf-taekwondo-dobok-student-adidas\/\" \/>\n<meta property=\"og:locale\" content=\"de_DE\" \/>\n<meta property=\"og:type\" content=\"article\" \/>\n<meta property=\"og:title\" content=\"ITF Dobok Taekwon-Do Adidas \u2013 Student 2 - PRIDEshop\" \/>\n<meta property=\"og:description\" content=\"ITF Taekwondo Dobok Student, Adidas. ITF Taekwondo Anzug mit wei\u00dfem Rand neuen hochwertigen Designs f\u00fcr alle Praktikanten vom wei\u00dfen biss zum roten G\u00fcrtel.\" \/>\n<meta property=\"og:url\" content=\"https:\/\/prideshop.eu\/de\/shop\/sportarten\/itf-taekwondo-traditonelles-taekwondo\/taekwondo-itf-anzuge-dobok-und-kleidung\/itf-taekwondo-dobok-student-adidas\/\" \/>\n<meta property=\"og:site_name\" content=\"PRIDEshop\" \/>\n<meta property=\"article:publisher\" content=\"https:\/\/sl-si.facebook.com\/PrideShopeu\" \/>\n<meta property=\"article:modified_time\" content=\"2025-09-23T09:00:35+00:00\" \/>\n<meta property=\"og:image\" content=\"https:\/\/prideshop.eu\/wp-content\/uploads\/2020\/09\/itf-dobok-student-adidas-A9286-f.jpg\" \/>\n\t<meta property=\"og:image:width\" content=\"1000\" \/>\n\t<meta property=\"og:image:height\" content=\"1000\" \/>\n\t<meta property=\"og:image:type\" content=\"image\/jpeg\" \/>\n<meta name=\"twitter:card\" content=\"summary_large_image\" \/>\n<meta name=\"twitter:label1\" content=\"Gesch\u00e4tzte Lesezeit\" \/>\n\t<meta name=\"twitter:data1\" content=\"1\u00a0Minute\" \/>\n<script type=\"application\/ld+json\" class=\"yoast-schema-graph\">{\"@context\":\"https:\\\/\\\/schema.org\",\"@graph\":[{\"@type\":\"WebPage\",\"@id\":\"https:\\\/\\\/prideshop.eu\\\/de\\\/shop\\\/sportarten\\\/itf-taekwondo-traditonelles-taekwondo\\\/taekwondo-itf-anzuge-dobok-und-kleidung\\\/itf-taekwondo-dobok-student-adidas\\\/\",\"url\":\"https:\\\/\\\/prideshop.eu\\\/de\\\/shop\\\/sportarten\\\/itf-taekwondo-traditonelles-taekwondo\\\/taekwondo-itf-anzuge-dobok-und-kleidung\\\/itf-taekwondo-dobok-student-adidas\\\/\",\"name\":\"ITF Dobok Taekwon-Do Adidas \u2013 Student 2 - PRIDEshop\",\"isPartOf\":{\"@id\":\"https:\\\/\\\/prideshop.eu\\\/de\\\/#website\"},\"primaryImageOfPage\":{\"@id\":\"https:\\\/\\\/prideshop.eu\\\/de\\\/shop\\\/sportarten\\\/itf-taekwondo-traditonelles-taekwondo\\\/taekwondo-itf-anzuge-dobok-und-kleidung\\\/itf-taekwondo-dobok-student-adidas\\\/#primaryimage\"},\"image\":{\"@id\":\"https:\\\/\\\/prideshop.eu\\\/de\\\/shop\\\/sportarten\\\/itf-taekwondo-traditonelles-taekwondo\\\/taekwondo-itf-anzuge-dobok-und-kleidung\\\/itf-taekwondo-dobok-student-adidas\\\/#primaryimage\"},\"thumbnailUrl\":\"https:\\\/\\\/prideshop.eu\\\/wp-content\\\/uploads\\\/2020\\\/09\\\/itf-dobok-student-adidas-A9286-f.jpg\",\"datePublished\":\"2020-09-04T14:01:19+00:00\",\"dateModified\":\"2025-09-23T09:00:35+00:00\",\"description\":\"ITF Taekwondo Dobok Student, Adidas. ITF Taekwondo Anzug mit wei\u00dfem Rand neuen hochwertigen Designs f\u00fcr alle Praktikanten vom wei\u00dfen biss zum roten G\u00fcrtel.\",\"breadcrumb\":{\"@id\":\"https:\\\/\\\/prideshop.eu\\\/de\\\/shop\\\/sportarten\\\/itf-taekwondo-traditonelles-taekwondo\\\/taekwondo-itf-anzuge-dobok-und-kleidung\\\/itf-taekwondo-dobok-student-adidas\\\/#breadcrumb\"},\"inLanguage\":\"de\",\"potentialAction\":[{\"@type\":\"ReadAction\",\"target\":[\"https:\\\/\\\/prideshop.eu\\\/de\\\/shop\\\/sportarten\\\/itf-taekwondo-traditonelles-taekwondo\\\/taekwondo-itf-anzuge-dobok-und-kleidung\\\/itf-taekwondo-dobok-student-adidas\\\/\"]}]},{\"@type\":\"ImageObject\",\"inLanguage\":\"de\",\"@id\":\"https:\\\/\\\/prideshop.eu\\\/de\\\/shop\\\/sportarten\\\/itf-taekwondo-traditonelles-taekwondo\\\/taekwondo-itf-anzuge-dobok-und-kleidung\\\/itf-taekwondo-dobok-student-adidas\\\/#primaryimage\",\"url\":\"https:\\\/\\\/prideshop.eu\\\/wp-content\\\/uploads\\\/2020\\\/09\\\/itf-dobok-student-adidas-A9286-f.jpg\",\"contentUrl\":\"https:\\\/\\\/prideshop.eu\\\/wp-content\\\/uploads\\\/2020\\\/09\\\/itf-dobok-student-adidas-A9286-f.jpg\",\"width\":1000,\"height\":1000,\"caption\":\"ITF taekkwondo dobok Student Adidas\"},{\"@type\":\"BreadcrumbList\",\"@id\":\"https:\\\/\\\/prideshop.eu\\\/de\\\/shop\\\/sportarten\\\/itf-taekwondo-traditonelles-taekwondo\\\/taekwondo-itf-anzuge-dobok-und-kleidung\\\/itf-taekwondo-dobok-student-adidas\\\/#breadcrumb\",\"itemListElement\":[{\"@type\":\"ListItem\",\"position\":1,\"name\":\"Home\",\"item\":\"https:\\\/\\\/prideshop.eu\\\/de\\\/\"},{\"@type\":\"ListItem\",\"position\":2,\"name\":\"Gesch\u00e4ft\",\"item\":\"https:\\\/\\\/prideshop.eu\\\/de\\\/geschaeft\\\/\"},{\"@type\":\"ListItem\",\"position\":3,\"name\":\"ITF Dobok Taekwon-Do Adidas \u2013 Student 2\"}]},{\"@type\":\"WebSite\",\"@id\":\"https:\\\/\\\/prideshop.eu\\\/de\\\/#website\",\"url\":\"https:\\\/\\\/prideshop.eu\\\/de\\\/\",\"name\":\"PRIDEshop\",\"description\":\"Oprema za Borilne \u0160porte\",\"publisher\":{\"@id\":\"https:\\\/\\\/prideshop.eu\\\/de\\\/#organization\"},\"potentialAction\":[{\"@type\":\"SearchAction\",\"target\":{\"@type\":\"EntryPoint\",\"urlTemplate\":\"https:\\\/\\\/prideshop.eu\\\/de\\\/?s={search_term_string}\"},\"query-input\":{\"@type\":\"PropertyValueSpecification\",\"valueRequired\":true,\"valueName\":\"search_term_string\"}}],\"inLanguage\":\"de\"},{\"@type\":\"Organization\",\"@id\":\"https:\\\/\\\/prideshop.eu\\\/de\\\/#organization\",\"name\":\"PRIDEshop\",\"url\":\"https:\\\/\\\/prideshop.eu\\\/de\\\/\",\"logo\":{\"@type\":\"ImageObject\",\"inLanguage\":\"de\",\"@id\":\"https:\\\/\\\/prideshop.eu\\\/de\\\/#\\\/schema\\\/logo\\\/image\\\/\",\"url\":\"\",\"contentUrl\":\"\",\"caption\":\"PRIDEshop\"},\"image\":{\"@id\":\"https:\\\/\\\/prideshop.eu\\\/de\\\/#\\\/schema\\\/logo\\\/image\\\/\"},\"sameAs\":[\"https:\\\/\\\/sl-si.facebook.com\\\/PrideShopeu\"]}]}<\/script>\n<!-- \/ Yoast SEO plugin. -->","yoast_head_json":{"title":"ITF Dobok Taekwon-Do Adidas \u2013 Student 2 - PRIDEshop","description":"ITF Taekwondo Dobok Student, Adidas. ITF Taekwondo Anzug mit wei\u00dfem Rand neuen hochwertigen Designs f\u00fcr alle Praktikanten vom wei\u00dfen biss zum roten G\u00fcrtel.","robots":{"index":"index","follow":"follow","max-snippet":"max-snippet:-1","max-image-preview":"max-image-preview:large","max-video-preview":"max-video-preview:-1"},"canonical":"https:\/\/prideshop.eu\/de\/shop\/sportarten\/itf-taekwondo-traditonelles-taekwondo\/taekwondo-itf-anzuge-dobok-und-kleidung\/itf-taekwondo-dobok-student-adidas\/","og_locale":"de_DE","og_type":"article","og_title":"ITF Dobok Taekwon-Do Adidas \u2013 Student 2 - PRIDEshop","og_description":"ITF Taekwondo Dobok Student, Adidas. ITF Taekwondo Anzug mit wei\u00dfem Rand neuen hochwertigen Designs f\u00fcr alle Praktikanten vom wei\u00dfen biss zum roten G\u00fcrtel.","og_url":"https:\/\/prideshop.eu\/de\/shop\/sportarten\/itf-taekwondo-traditonelles-taekwondo\/taekwondo-itf-anzuge-dobok-und-kleidung\/itf-taekwondo-dobok-student-adidas\/","og_site_name":"PRIDEshop","article_publisher":"https:\/\/sl-si.facebook.com\/PrideShopeu","article_modified_time":"2025-09-23T09:00:35+00:00","og_image":[{"width":1000,"height":1000,"url":"https:\/\/prideshop.eu\/wp-content\/uploads\/2020\/09\/itf-dobok-student-adidas-A9286-f.jpg","type":"image\/jpeg"}],"twitter_card":"summary_large_image","twitter_misc":{"Gesch\u00e4tzte Lesezeit":"1\u00a0Minute"},"schema":{"@context":"https:\/\/schema.org","@graph":[{"@type":"WebPage","@id":"https:\/\/prideshop.eu\/de\/shop\/sportarten\/itf-taekwondo-traditonelles-taekwondo\/taekwondo-itf-anzuge-dobok-und-kleidung\/itf-taekwondo-dobok-student-adidas\/","url":"https:\/\/prideshop.eu\/de\/shop\/sportarten\/itf-taekwondo-traditonelles-taekwondo\/taekwondo-itf-anzuge-dobok-und-kleidung\/itf-taekwondo-dobok-student-adidas\/","name":"ITF Dobok Taekwon-Do Adidas \u2013 Student 2 - PRIDEshop","isPartOf":{"@id":"https:\/\/prideshop.eu\/de\/#website"},"primaryImageOfPage":{"@id":"https:\/\/prideshop.eu\/de\/shop\/sportarten\/itf-taekwondo-traditonelles-taekwondo\/taekwondo-itf-anzuge-dobok-und-kleidung\/itf-taekwondo-dobok-student-adidas\/#primaryimage"},"image":{"@id":"https:\/\/prideshop.eu\/de\/shop\/sportarten\/itf-taekwondo-traditonelles-taekwondo\/taekwondo-itf-anzuge-dobok-und-kleidung\/itf-taekwondo-dobok-student-adidas\/#primaryimage"},"thumbnailUrl":"https:\/\/prideshop.eu\/wp-content\/uploads\/2020\/09\/itf-dobok-student-adidas-A9286-f.jpg","datePublished":"2020-09-04T14:01:19+00:00","dateModified":"2025-09-23T09:00:35+00:00","description":"ITF Taekwondo Dobok Student, Adidas. ITF Taekwondo Anzug mit wei\u00dfem Rand neuen hochwertigen Designs f\u00fcr alle Praktikanten vom wei\u00dfen biss zum roten G\u00fcrtel.","breadcrumb":{"@id":"https:\/\/prideshop.eu\/de\/shop\/sportarten\/itf-taekwondo-traditonelles-taekwondo\/taekwondo-itf-anzuge-dobok-und-kleidung\/itf-taekwondo-dobok-student-adidas\/#breadcrumb"},"inLanguage":"de","potentialAction":[{"@type":"ReadAction","target":["https:\/\/prideshop.eu\/de\/shop\/sportarten\/itf-taekwondo-traditonelles-taekwondo\/taekwondo-itf-anzuge-dobok-und-kleidung\/itf-taekwondo-dobok-student-adidas\/"]}]},{"@type":"ImageObject","inLanguage":"de","@id":"https:\/\/prideshop.eu\/de\/shop\/sportarten\/itf-taekwondo-traditonelles-taekwondo\/taekwondo-itf-anzuge-dobok-und-kleidung\/itf-taekwondo-dobok-student-adidas\/#primaryimage","url":"https:\/\/prideshop.eu\/wp-content\/uploads\/2020\/09\/itf-dobok-student-adidas-A9286-f.jpg","contentUrl":"https:\/\/prideshop.eu\/wp-content\/uploads\/2020\/09\/itf-dobok-student-adidas-A9286-f.jpg","width":1000,"height":1000,"caption":"ITF taekkwondo dobok Student Adidas"},{"@type":"BreadcrumbList","@id":"https:\/\/prideshop.eu\/de\/shop\/sportarten\/itf-taekwondo-traditonelles-taekwondo\/taekwondo-itf-anzuge-dobok-und-kleidung\/itf-taekwondo-dobok-student-adidas\/#breadcrumb","itemListElement":[{"@type":"ListItem","position":1,"name":"Home","item":"https:\/\/prideshop.eu\/de\/"},{"@type":"ListItem","position":2,"name":"Gesch\u00e4ft","item":"https:\/\/prideshop.eu\/de\/geschaeft\/"},{"@type":"ListItem","position":3,"name":"ITF Dobok Taekwon-Do Adidas \u2013 Student 2"}]},{"@type":"WebSite","@id":"https:\/\/prideshop.eu\/de\/#website","url":"https:\/\/prideshop.eu\/de\/","name":"PRIDEshop","description":"Oprema za Borilne \u0160porte","publisher":{"@id":"https:\/\/prideshop.eu\/de\/#organization"},"potentialAction":[{"@type":"SearchAction","target":{"@type":"EntryPoint","urlTemplate":"https:\/\/prideshop.eu\/de\/?s={search_term_string}"},"query-input":{"@type":"PropertyValueSpecification","valueRequired":true,"valueName":"search_term_string"}}],"inLanguage":"de"},{"@type":"Organization","@id":"https:\/\/prideshop.eu\/de\/#organization","name":"PRIDEshop","url":"https:\/\/prideshop.eu\/de\/","logo":{"@type":"ImageObject","inLanguage":"de","@id":"https:\/\/prideshop.eu\/de\/#\/schema\/logo\/image\/","url":"","contentUrl":"","caption":"PRIDEshop"},"image":{"@id":"https:\/\/prideshop.eu\/de\/#\/schema\/logo\/image\/"},"sameAs":["https:\/\/sl-si.facebook.com\/PrideShopeu"]}]}},"_links":{"self":[{"href":"https:\/\/prideshop.eu\/de\/wp-json\/wp\/v2\/product\/13777","targetHints":{"allow":["GET"]}}],"collection":[{"href":"https:\/\/prideshop.eu\/de\/wp-json\/wp\/v2\/product"}],"about":[{"href":"https:\/\/prideshop.eu\/de\/wp-json\/wp\/v2\/types\/product"}],"replies":[{"embeddable":true,"href":"https:\/\/prideshop.eu\/de\/wp-json\/wp\/v2\/comments?post=13777"}],"wp:featuredmedia":[{"embeddable":true,"href":"https:\/\/prideshop.eu\/de\/wp-json\/wp\/v2\/media\/47265"}],"wp:attachment":[{"href":"https:\/\/prideshop.eu\/de\/wp-json\/wp\/v2\/media?parent=13777"}],"wp:term":[{"taxonomy":"product_brand","embeddable":true,"href":"https:\/\/prideshop.eu\/de\/wp-json\/wp\/v2\/product_brand?post=13777"},{"taxonomy":"product_cat","embeddable":true,"href":"https:\/\/prideshop.eu\/de\/wp-json\/wp\/v2\/product_cat?post=13777"},{"taxonomy":"product_tag","embeddable":true,"href":"https:\/\/prideshop.eu\/de\/wp-json\/wp\/v2\/product_tag?post=13777"}],"curies":[{"name":"wp","href":"https:\/\/api.w.org\/{rel}","templated":true}]}}