{"id":13806,"date":"2020-09-05T11:01:54","date_gmt":"2020-09-05T09:01:54","guid":{"rendered":"https:\/\/prideshop.eu\/spletna-trgovina\/unkategorisiert\/itf-uniform-instructor-champion-light-adidas\/"},"modified":"2025-08-04T11:13:21","modified_gmt":"2025-08-04T09:13:21","slug":"itf-uniform-instructor-champion-light-adidas","status":"publish","type":"product","link":"https:\/\/prideshop.eu\/de\/shop\/sportarten\/itf-taekwondo-traditonelles-taekwondo\/taekwondo-itf-anzuge-dobok-und-kleidung\/itf-uniform-instructor-champion-light-adidas\/","title":{"rendered":"ITF Uniform Instructor Champion Light | Adidas"},"content":{"rendered":"<h3>ITF Uniform Instructor Champion Light | Adidas<\/h3>\n<p>ITF Uniform Instructor Champion Light, AdidasnIst Master ITF Taekwondo Anzug mit schwarzem Besatz an den \u00c4rmeln, am Saum der Jackenunterseite und \u00fcber die gesamte Hosenl\u00e4nge.nn<strong>AUSSTELLUNGSPRODUKT!! Der Kimono weist an einigen Stellen Flecken auf. Reklamationen und R\u00fccksendungen sind nicht m\u00f6glich!<\/strong>nEs besteht aus 100 % Polyester, was daf\u00fcr sorgt, dass es schnell trocknet. Der Kimono ist weich und bequem und knittert weniger. Die Jacke ist nach traditionellem ITF Schnitt mit Klettverschluss gemacht.nDie Hose ist bequem und breit, so dass sie Bewegungsfreicheit erm\u00f6glicht.nDie erkennbare Taekwondo Aufschrifft am R\u00fccken als auch alle ITF Logotypen sind gestickt. Der Zweiteiler besteht aus einer Jacke nach traditionellem ITF Schnitt und eine Hose mit Gummizug und einer zus\u00e4tzlicher Schnur in der Taille. Dieses Produkt ist von der Seite des ITF (International Taekwondo Federation) genehmigt.nGr\u00f6\u00dfe 160 \u2013 190 Cm.<\/p>\n","protected":false},"excerpt":{"rendered":"<p>ITF Uniform Instructor Champion Light, AdidasnIst Master ITF Taekwondo Anzug mit schwarzem Besatz an den \u00c4rmeln, am Saum der Jackenunterseite und \u00fcber die gesamte Hosenl\u00e4nge.nn<strong>AUSSTELLUNGSPRODUKT!! Der Kimono weist an einigen Stellen Flecken auf. Reklamationen und R\u00fccksendungen sind nicht m\u00f6glich!<\/strong>nEs besteht aus 100 % Polyester, was daf\u00fcr sorgt, dass es schnell trocknet. Der Kimono ist weich und bequem und knittert weniger. Die Jacke ist nach traditionellem ITF Schnitt mit Klettverschluss gemacht.nDie Hose ist bequem und breit, so dass sie Bewegungsfreicheit erm\u00f6glicht.nDie erkennbare Taekwondo Aufschrifft am R\u00fccken als auch alle ITF Logotypen sind gestickt. Der Zweiteiler besteht aus einer Jacke nach traditionellem ITF Schnitt und eine Hose mit Gummizug und einer zus\u00e4tzlicher Schnur in der Taille. Dieses Produkt ist von der Seite des ITF (International Taekwondo Federation) genehmigt.nGr\u00f6\u00dfe 160 \u2013 190 Cm.<\/p>\n","protected":false},"featured_media":13811,"comment_status":"open","ping_status":"closed","template":"","meta":{"_acf_changed":false},"product_brand":[2084],"product_cat":[606,600,580,788,632,656,794],"product_tag":[],"class_list":{"0":"post-13806","1":"product","2":"type-product","3":"status-publish","4":"has-post-thumbnail","6":"product_brand-adidas","7":"product_cat-anzuge-fur-kamfsportarten","8":"product_cat-bekleidung-und-schuhe","9":"product_cat-equipment-de","10":"product_cat-itf-taekwondo-traditonelles-taekwondo","11":"product_cat-outlet-de","12":"product_cat-sportarten","13":"product_cat-taekwondo-itf-anzuge-dobok-und-kleidung","15":"first","16":"outofstock","17":"taxable","18":"shipping-taxable","19":"product-type-variable"},"acf":[],"yoast_head":"<!-- This site is optimized with the Yoast SEO plugin v27.4 - https:\/\/yoast.com\/product\/yoast-seo-wordpress\/ -->\n<title>ITF Uniform Instructor Champion Light | Adidas - PRIDEshop<\/title>\n<meta name=\"description\" content=\"ITF Uniform Instructor Champion Light, Adidas. Ist Master ITF Taekwondo Anzug mit schwarzem Besatz an den \u00c4rmeln, am Saum der Jackenunterseite und \u00fcber die gesamte Hosenl\u00e4nge.\" \/>\n<meta name=\"robots\" content=\"index, follow, max-snippet:-1, max-image-preview:large, max-video-preview:-1\" \/>\n<link rel=\"canonical\" href=\"https:\/\/prideshop.eu\/de\/shop\/sportarten\/itf-taekwondo-traditonelles-taekwondo\/taekwondo-itf-anzuge-dobok-und-kleidung\/itf-uniform-instructor-champion-light-adidas\/\" \/>\n<meta property=\"og:locale\" content=\"de_DE\" \/>\n<meta property=\"og:type\" content=\"article\" \/>\n<meta property=\"og:title\" content=\"ITF Uniform Instructor Champion Light | Adidas - PRIDEshop\" \/>\n<meta property=\"og:description\" content=\"ITF Uniform Instructor Champion Light, Adidas. Ist Master ITF Taekwondo Anzug mit schwarzem Besatz an den \u00c4rmeln, am Saum der Jackenunterseite und \u00fcber die gesamte Hosenl\u00e4nge.\" \/>\n<meta property=\"og:url\" content=\"https:\/\/prideshop.eu\/de\/shop\/sportarten\/itf-taekwondo-traditonelles-taekwondo\/taekwondo-itf-anzuge-dobok-und-kleidung\/itf-uniform-instructor-champion-light-adidas\/\" \/>\n<meta property=\"og:site_name\" content=\"PRIDEshop\" \/>\n<meta property=\"article:publisher\" content=\"https:\/\/sl-si.facebook.com\/PrideShopeu\" \/>\n<meta property=\"article:modified_time\" content=\"2025-08-04T09:13:21+00:00\" \/>\n<meta property=\"og:image\" content=\"https:\/\/prideshop.eu\/wp-content\/uploads\/2020\/09\/A9283_ITF_dobok_Master_Adidas.jpeg\" \/>\n\t<meta property=\"og:image:width\" content=\"600\" \/>\n\t<meta property=\"og:image:height\" content=\"600\" \/>\n\t<meta property=\"og:image:type\" content=\"image\/jpeg\" \/>\n<meta name=\"twitter:card\" content=\"summary_large_image\" \/>\n<meta name=\"twitter:label1\" content=\"Gesch\u00e4tzte Lesezeit\" \/>\n\t<meta name=\"twitter:data1\" content=\"1\u00a0Minute\" \/>\n<script type=\"application\/ld+json\" class=\"yoast-schema-graph\">{\"@context\":\"https:\\\/\\\/schema.org\",\"@graph\":[{\"@type\":\"WebPage\",\"@id\":\"https:\\\/\\\/prideshop.eu\\\/de\\\/shop\\\/sportarten\\\/itf-taekwondo-traditonelles-taekwondo\\\/taekwondo-itf-anzuge-dobok-und-kleidung\\\/itf-uniform-instructor-champion-light-adidas\\\/\",\"url\":\"https:\\\/\\\/prideshop.eu\\\/de\\\/shop\\\/sportarten\\\/itf-taekwondo-traditonelles-taekwondo\\\/taekwondo-itf-anzuge-dobok-und-kleidung\\\/itf-uniform-instructor-champion-light-adidas\\\/\",\"name\":\"ITF Uniform Instructor Champion Light | Adidas - PRIDEshop\",\"isPartOf\":{\"@id\":\"https:\\\/\\\/prideshop.eu\\\/de\\\/#website\"},\"primaryImageOfPage\":{\"@id\":\"https:\\\/\\\/prideshop.eu\\\/de\\\/shop\\\/sportarten\\\/itf-taekwondo-traditonelles-taekwondo\\\/taekwondo-itf-anzuge-dobok-und-kleidung\\\/itf-uniform-instructor-champion-light-adidas\\\/#primaryimage\"},\"image\":{\"@id\":\"https:\\\/\\\/prideshop.eu\\\/de\\\/shop\\\/sportarten\\\/itf-taekwondo-traditonelles-taekwondo\\\/taekwondo-itf-anzuge-dobok-und-kleidung\\\/itf-uniform-instructor-champion-light-adidas\\\/#primaryimage\"},\"thumbnailUrl\":\"https:\\\/\\\/prideshop.eu\\\/wp-content\\\/uploads\\\/2020\\\/09\\\/A9283_ITF_dobok_Master_Adidas.jpeg\",\"datePublished\":\"2020-09-05T09:01:54+00:00\",\"dateModified\":\"2025-08-04T09:13:21+00:00\",\"description\":\"ITF Uniform Instructor Champion Light, Adidas. Ist Master ITF Taekwondo Anzug mit schwarzem Besatz an den \u00c4rmeln, am Saum der Jackenunterseite und \u00fcber die gesamte Hosenl\u00e4nge.\",\"breadcrumb\":{\"@id\":\"https:\\\/\\\/prideshop.eu\\\/de\\\/shop\\\/sportarten\\\/itf-taekwondo-traditonelles-taekwondo\\\/taekwondo-itf-anzuge-dobok-und-kleidung\\\/itf-uniform-instructor-champion-light-adidas\\\/#breadcrumb\"},\"inLanguage\":\"de\",\"potentialAction\":[{\"@type\":\"ReadAction\",\"target\":[\"https:\\\/\\\/prideshop.eu\\\/de\\\/shop\\\/sportarten\\\/itf-taekwondo-traditonelles-taekwondo\\\/taekwondo-itf-anzuge-dobok-und-kleidung\\\/itf-uniform-instructor-champion-light-adidas\\\/\"]}]},{\"@type\":\"ImageObject\",\"inLanguage\":\"de\",\"@id\":\"https:\\\/\\\/prideshop.eu\\\/de\\\/shop\\\/sportarten\\\/itf-taekwondo-traditonelles-taekwondo\\\/taekwondo-itf-anzuge-dobok-und-kleidung\\\/itf-uniform-instructor-champion-light-adidas\\\/#primaryimage\",\"url\":\"https:\\\/\\\/prideshop.eu\\\/wp-content\\\/uploads\\\/2020\\\/09\\\/A9283_ITF_dobok_Master_Adidas.jpeg\",\"contentUrl\":\"https:\\\/\\\/prideshop.eu\\\/wp-content\\\/uploads\\\/2020\\\/09\\\/A9283_ITF_dobok_Master_Adidas.jpeg\",\"width\":600,\"height\":600},{\"@type\":\"BreadcrumbList\",\"@id\":\"https:\\\/\\\/prideshop.eu\\\/de\\\/shop\\\/sportarten\\\/itf-taekwondo-traditonelles-taekwondo\\\/taekwondo-itf-anzuge-dobok-und-kleidung\\\/itf-uniform-instructor-champion-light-adidas\\\/#breadcrumb\",\"itemListElement\":[{\"@type\":\"ListItem\",\"position\":1,\"name\":\"Home\",\"item\":\"https:\\\/\\\/prideshop.eu\\\/de\\\/\"},{\"@type\":\"ListItem\",\"position\":2,\"name\":\"Gesch\u00e4ft\",\"item\":\"https:\\\/\\\/prideshop.eu\\\/de\\\/geschaeft\\\/\"},{\"@type\":\"ListItem\",\"position\":3,\"name\":\"ITF Uniform Instructor Champion Light | Adidas\"}]},{\"@type\":\"WebSite\",\"@id\":\"https:\\\/\\\/prideshop.eu\\\/de\\\/#website\",\"url\":\"https:\\\/\\\/prideshop.eu\\\/de\\\/\",\"name\":\"PRIDEshop\",\"description\":\"Oprema za Borilne \u0160porte\",\"publisher\":{\"@id\":\"https:\\\/\\\/prideshop.eu\\\/de\\\/#organization\"},\"potentialAction\":[{\"@type\":\"SearchAction\",\"target\":{\"@type\":\"EntryPoint\",\"urlTemplate\":\"https:\\\/\\\/prideshop.eu\\\/de\\\/?s={search_term_string}\"},\"query-input\":{\"@type\":\"PropertyValueSpecification\",\"valueRequired\":true,\"valueName\":\"search_term_string\"}}],\"inLanguage\":\"de\"},{\"@type\":\"Organization\",\"@id\":\"https:\\\/\\\/prideshop.eu\\\/de\\\/#organization\",\"name\":\"PRIDEshop\",\"url\":\"https:\\\/\\\/prideshop.eu\\\/de\\\/\",\"logo\":{\"@type\":\"ImageObject\",\"inLanguage\":\"de\",\"@id\":\"https:\\\/\\\/prideshop.eu\\\/de\\\/#\\\/schema\\\/logo\\\/image\\\/\",\"url\":\"\",\"contentUrl\":\"\",\"caption\":\"PRIDEshop\"},\"image\":{\"@id\":\"https:\\\/\\\/prideshop.eu\\\/de\\\/#\\\/schema\\\/logo\\\/image\\\/\"},\"sameAs\":[\"https:\\\/\\\/sl-si.facebook.com\\\/PrideShopeu\"]}]}<\/script>\n<!-- \/ Yoast SEO plugin. -->","yoast_head_json":{"title":"ITF Uniform Instructor Champion Light | Adidas - PRIDEshop","description":"ITF Uniform Instructor Champion Light, Adidas. Ist Master ITF Taekwondo Anzug mit schwarzem Besatz an den \u00c4rmeln, am Saum der Jackenunterseite und \u00fcber die gesamte Hosenl\u00e4nge.","robots":{"index":"index","follow":"follow","max-snippet":"max-snippet:-1","max-image-preview":"max-image-preview:large","max-video-preview":"max-video-preview:-1"},"canonical":"https:\/\/prideshop.eu\/de\/shop\/sportarten\/itf-taekwondo-traditonelles-taekwondo\/taekwondo-itf-anzuge-dobok-und-kleidung\/itf-uniform-instructor-champion-light-adidas\/","og_locale":"de_DE","og_type":"article","og_title":"ITF Uniform Instructor Champion Light | Adidas - PRIDEshop","og_description":"ITF Uniform Instructor Champion Light, Adidas. Ist Master ITF Taekwondo Anzug mit schwarzem Besatz an den \u00c4rmeln, am Saum der Jackenunterseite und \u00fcber die gesamte Hosenl\u00e4nge.","og_url":"https:\/\/prideshop.eu\/de\/shop\/sportarten\/itf-taekwondo-traditonelles-taekwondo\/taekwondo-itf-anzuge-dobok-und-kleidung\/itf-uniform-instructor-champion-light-adidas\/","og_site_name":"PRIDEshop","article_publisher":"https:\/\/sl-si.facebook.com\/PrideShopeu","article_modified_time":"2025-08-04T09:13:21+00:00","og_image":[{"width":600,"height":600,"url":"https:\/\/prideshop.eu\/wp-content\/uploads\/2020\/09\/A9283_ITF_dobok_Master_Adidas.jpeg","type":"image\/jpeg"}],"twitter_card":"summary_large_image","twitter_misc":{"Gesch\u00e4tzte Lesezeit":"1\u00a0Minute"},"schema":{"@context":"https:\/\/schema.org","@graph":[{"@type":"WebPage","@id":"https:\/\/prideshop.eu\/de\/shop\/sportarten\/itf-taekwondo-traditonelles-taekwondo\/taekwondo-itf-anzuge-dobok-und-kleidung\/itf-uniform-instructor-champion-light-adidas\/","url":"https:\/\/prideshop.eu\/de\/shop\/sportarten\/itf-taekwondo-traditonelles-taekwondo\/taekwondo-itf-anzuge-dobok-und-kleidung\/itf-uniform-instructor-champion-light-adidas\/","name":"ITF Uniform Instructor Champion Light | Adidas - PRIDEshop","isPartOf":{"@id":"https:\/\/prideshop.eu\/de\/#website"},"primaryImageOfPage":{"@id":"https:\/\/prideshop.eu\/de\/shop\/sportarten\/itf-taekwondo-traditonelles-taekwondo\/taekwondo-itf-anzuge-dobok-und-kleidung\/itf-uniform-instructor-champion-light-adidas\/#primaryimage"},"image":{"@id":"https:\/\/prideshop.eu\/de\/shop\/sportarten\/itf-taekwondo-traditonelles-taekwondo\/taekwondo-itf-anzuge-dobok-und-kleidung\/itf-uniform-instructor-champion-light-adidas\/#primaryimage"},"thumbnailUrl":"https:\/\/prideshop.eu\/wp-content\/uploads\/2020\/09\/A9283_ITF_dobok_Master_Adidas.jpeg","datePublished":"2020-09-05T09:01:54+00:00","dateModified":"2025-08-04T09:13:21+00:00","description":"ITF Uniform Instructor Champion Light, Adidas. Ist Master ITF Taekwondo Anzug mit schwarzem Besatz an den \u00c4rmeln, am Saum der Jackenunterseite und \u00fcber die gesamte Hosenl\u00e4nge.","breadcrumb":{"@id":"https:\/\/prideshop.eu\/de\/shop\/sportarten\/itf-taekwondo-traditonelles-taekwondo\/taekwondo-itf-anzuge-dobok-und-kleidung\/itf-uniform-instructor-champion-light-adidas\/#breadcrumb"},"inLanguage":"de","potentialAction":[{"@type":"ReadAction","target":["https:\/\/prideshop.eu\/de\/shop\/sportarten\/itf-taekwondo-traditonelles-taekwondo\/taekwondo-itf-anzuge-dobok-und-kleidung\/itf-uniform-instructor-champion-light-adidas\/"]}]},{"@type":"ImageObject","inLanguage":"de","@id":"https:\/\/prideshop.eu\/de\/shop\/sportarten\/itf-taekwondo-traditonelles-taekwondo\/taekwondo-itf-anzuge-dobok-und-kleidung\/itf-uniform-instructor-champion-light-adidas\/#primaryimage","url":"https:\/\/prideshop.eu\/wp-content\/uploads\/2020\/09\/A9283_ITF_dobok_Master_Adidas.jpeg","contentUrl":"https:\/\/prideshop.eu\/wp-content\/uploads\/2020\/09\/A9283_ITF_dobok_Master_Adidas.jpeg","width":600,"height":600},{"@type":"BreadcrumbList","@id":"https:\/\/prideshop.eu\/de\/shop\/sportarten\/itf-taekwondo-traditonelles-taekwondo\/taekwondo-itf-anzuge-dobok-und-kleidung\/itf-uniform-instructor-champion-light-adidas\/#breadcrumb","itemListElement":[{"@type":"ListItem","position":1,"name":"Home","item":"https:\/\/prideshop.eu\/de\/"},{"@type":"ListItem","position":2,"name":"Gesch\u00e4ft","item":"https:\/\/prideshop.eu\/de\/geschaeft\/"},{"@type":"ListItem","position":3,"name":"ITF Uniform Instructor Champion Light | Adidas"}]},{"@type":"WebSite","@id":"https:\/\/prideshop.eu\/de\/#website","url":"https:\/\/prideshop.eu\/de\/","name":"PRIDEshop","description":"Oprema za Borilne \u0160porte","publisher":{"@id":"https:\/\/prideshop.eu\/de\/#organization"},"potentialAction":[{"@type":"SearchAction","target":{"@type":"EntryPoint","urlTemplate":"https:\/\/prideshop.eu\/de\/?s={search_term_string}"},"query-input":{"@type":"PropertyValueSpecification","valueRequired":true,"valueName":"search_term_string"}}],"inLanguage":"de"},{"@type":"Organization","@id":"https:\/\/prideshop.eu\/de\/#organization","name":"PRIDEshop","url":"https:\/\/prideshop.eu\/de\/","logo":{"@type":"ImageObject","inLanguage":"de","@id":"https:\/\/prideshop.eu\/de\/#\/schema\/logo\/image\/","url":"","contentUrl":"","caption":"PRIDEshop"},"image":{"@id":"https:\/\/prideshop.eu\/de\/#\/schema\/logo\/image\/"},"sameAs":["https:\/\/sl-si.facebook.com\/PrideShopeu"]}]}},"_links":{"self":[{"href":"https:\/\/prideshop.eu\/de\/wp-json\/wp\/v2\/product\/13806","targetHints":{"allow":["GET"]}}],"collection":[{"href":"https:\/\/prideshop.eu\/de\/wp-json\/wp\/v2\/product"}],"about":[{"href":"https:\/\/prideshop.eu\/de\/wp-json\/wp\/v2\/types\/product"}],"replies":[{"embeddable":true,"href":"https:\/\/prideshop.eu\/de\/wp-json\/wp\/v2\/comments?post=13806"}],"wp:featuredmedia":[{"embeddable":true,"href":"https:\/\/prideshop.eu\/de\/wp-json\/wp\/v2\/media\/13811"}],"wp:attachment":[{"href":"https:\/\/prideshop.eu\/de\/wp-json\/wp\/v2\/media?parent=13806"}],"wp:term":[{"taxonomy":"product_brand","embeddable":true,"href":"https:\/\/prideshop.eu\/de\/wp-json\/wp\/v2\/product_brand?post=13806"},{"taxonomy":"product_cat","embeddable":true,"href":"https:\/\/prideshop.eu\/de\/wp-json\/wp\/v2\/product_cat?post=13806"},{"taxonomy":"product_tag","embeddable":true,"href":"https:\/\/prideshop.eu\/de\/wp-json\/wp\/v2\/product_tag?post=13806"}],"curies":[{"name":"wp","href":"https:\/\/api.w.org\/{rel}","templated":true}]}}