{"id":13875,"date":"2021-01-29T14:35:12","date_gmt":"2021-01-29T13:35:12","guid":{"rendered":"https:\/\/prideshop.eu\/spletna-trgovina\/unkategorisiert\/pro-taekwondo-sportschuhe-contestant-adidas\/"},"modified":"2025-08-04T11:19:26","modified_gmt":"2025-08-04T09:19:26","slug":"pro-taekwondo-sportschuhe-contestant-adidas","status":"publish","type":"product","link":"https:\/\/prideshop.eu\/de\/shop\/sportarten\/itf-taekwondo-traditonelles-taekwondo\/taekwondo-itf-gurtel\/pro-taekwondo-sportschuhe-contestant-adidas\/","title":{"rendered":"Taekwondo Schuhe Adidas \u2013 Contestant"},"content":{"rendered":"<h3>Taekwondo Schuhe Adidas \u2013 Contestant<\/h3>\n<p>Pro Taekwondo Sportschuhe Contestant, Adidas. Schuhe ohne Schn\u00fcrsenkel f\u00fcr eine einfache Verwendung. Aus extrem widerstandsf\u00e4higen Materialien, der \u00e4u\u00dfere Teil besteht aus Air\u2013Mesh\u2013Gewebe. Einfache und feste Unterst\u00fctzung im Kn\u00f6chelbereich.nn<strong>Wir empfehlen, einen Schuh eineinhalb bis zwei Nummern gr\u00f6\u00dfer zu w\u00e4hlen.<\/strong><\/p>\n","protected":false},"excerpt":{"rendered":"<p>Pro Taekwondo Sportschuhe Contestant, Adidas. Schuhe ohne Schn\u00fcrsenkel f\u00fcr eine einfache Verwendung. Aus extrem widerstandsf\u00e4higen Materialien, der \u00e4u\u00dfere Teil besteht aus Air\u2013Mesh\u2013Gewebe. Einfache und feste Unterst\u00fctzung im Kn\u00f6chelbereich.nn<strong>Wir empfehlen, einen Schuh eineinhalb bis zwei Nummern gr\u00f6\u00dfer zu w\u00e4hlen.<\/strong><\/p>\n","protected":false},"featured_media":24796,"comment_status":"open","ping_status":"closed","template":"","meta":{"_acf_changed":false},"product_brand":[2084],"product_cat":[600,580,788,710,712,612,656,796,756,762],"product_tag":[],"class_list":{"0":"post-13875","1":"product","2":"type-product","3":"status-publish","4":"has-post-thumbnail","6":"product_brand-adidas","7":"product_cat-bekleidung-und-schuhe","8":"product_cat-equipment-de","9":"product_cat-itf-taekwondo-traditonelles-taekwondo","10":"product_cat-karate-ausruestung","11":"product_cat-karate-schuhe","12":"product_cat-schuhe","13":"product_cat-sportarten","14":"product_cat-taekwondo-itf-gurtel","15":"product_cat-taekwondo-wt-olypic-sports","16":"product_cat-taekwondo-schuhe","18":"first","19":"instock","20":"sale","21":"taxable","22":"shipping-taxable","23":"purchasable","24":"product-type-variable"},"acf":[],"yoast_head":"<!-- This site is optimized with the Yoast SEO plugin v27.5 - https:\/\/yoast.com\/product\/yoast-seo-wordpress\/ -->\n<title>Taekwondo Schuhe Adidas \u2013 Contestant - PRIDEshop<\/title>\n<meta name=\"description\" content=\"Pro Taekwondo Sportschuhe Contestant, AdidasSchuhe ohne Schn\u00fcrsenkel f\u00fcr eine einfache Verwendung. Aus extrem widerstandsf\u00e4higen Materialien.\" \/>\n<meta name=\"robots\" content=\"index, follow, max-snippet:-1, max-image-preview:large, max-video-preview:-1\" \/>\n<link rel=\"canonical\" href=\"https:\/\/prideshop.eu\/de\/shop\/sportarten\/itf-taekwondo-traditonelles-taekwondo\/taekwondo-itf-gurtel\/pro-taekwondo-sportschuhe-contestant-adidas\/\" \/>\n<meta property=\"og:locale\" content=\"de_DE\" \/>\n<meta property=\"og:type\" content=\"article\" \/>\n<meta property=\"og:title\" content=\"Taekwondo Schuhe Adidas \u2013 Contestant - PRIDEshop\" \/>\n<meta property=\"og:description\" content=\"Pro Taekwondo Sportschuhe Contestant, AdidasSchuhe ohne Schn\u00fcrsenkel f\u00fcr eine einfache Verwendung. Aus extrem widerstandsf\u00e4higen Materialien.\" \/>\n<meta property=\"og:url\" content=\"https:\/\/prideshop.eu\/de\/shop\/sportarten\/itf-taekwondo-traditonelles-taekwondo\/taekwondo-itf-gurtel\/pro-taekwondo-sportschuhe-contestant-adidas\/\" \/>\n<meta property=\"og:site_name\" content=\"PRIDEshop\" \/>\n<meta property=\"article:publisher\" content=\"https:\/\/sl-si.facebook.com\/PrideShopeu\" \/>\n<meta property=\"article:modified_time\" content=\"2025-08-04T09:19:26+00:00\" \/>\n<meta property=\"og:image\" content=\"https:\/\/prideshop.eu\/wp-content\/uploads\/2021\/01\/pro-taekwondo-copati-contestant-adidas-a940.jpeg\" \/>\n\t<meta property=\"og:image:width\" content=\"600\" \/>\n\t<meta property=\"og:image:height\" content=\"600\" \/>\n\t<meta property=\"og:image:type\" content=\"image\/jpeg\" \/>\n<meta name=\"twitter:card\" content=\"summary_large_image\" \/>\n<script type=\"application\/ld+json\" class=\"yoast-schema-graph\">{\"@context\":\"https:\\\/\\\/schema.org\",\"@graph\":[{\"@type\":\"WebPage\",\"@id\":\"https:\\\/\\\/prideshop.eu\\\/de\\\/shop\\\/sportarten\\\/itf-taekwondo-traditonelles-taekwondo\\\/taekwondo-itf-gurtel\\\/pro-taekwondo-sportschuhe-contestant-adidas\\\/\",\"url\":\"https:\\\/\\\/prideshop.eu\\\/de\\\/shop\\\/sportarten\\\/itf-taekwondo-traditonelles-taekwondo\\\/taekwondo-itf-gurtel\\\/pro-taekwondo-sportschuhe-contestant-adidas\\\/\",\"name\":\"Taekwondo Schuhe Adidas \u2013 Contestant - PRIDEshop\",\"isPartOf\":{\"@id\":\"https:\\\/\\\/prideshop.eu\\\/de\\\/#website\"},\"primaryImageOfPage\":{\"@id\":\"https:\\\/\\\/prideshop.eu\\\/de\\\/shop\\\/sportarten\\\/itf-taekwondo-traditonelles-taekwondo\\\/taekwondo-itf-gurtel\\\/pro-taekwondo-sportschuhe-contestant-adidas\\\/#primaryimage\"},\"image\":{\"@id\":\"https:\\\/\\\/prideshop.eu\\\/de\\\/shop\\\/sportarten\\\/itf-taekwondo-traditonelles-taekwondo\\\/taekwondo-itf-gurtel\\\/pro-taekwondo-sportschuhe-contestant-adidas\\\/#primaryimage\"},\"thumbnailUrl\":\"https:\\\/\\\/prideshop.eu\\\/wp-content\\\/uploads\\\/2021\\\/01\\\/pro-taekwondo-copati-contestant-adidas-a940.jpeg\",\"datePublished\":\"2021-01-29T13:35:12+00:00\",\"dateModified\":\"2025-08-04T09:19:26+00:00\",\"description\":\"Pro Taekwondo Sportschuhe Contestant, AdidasSchuhe ohne Schn\u00fcrsenkel f\u00fcr eine einfache Verwendung. Aus extrem widerstandsf\u00e4higen Materialien.\",\"breadcrumb\":{\"@id\":\"https:\\\/\\\/prideshop.eu\\\/de\\\/shop\\\/sportarten\\\/itf-taekwondo-traditonelles-taekwondo\\\/taekwondo-itf-gurtel\\\/pro-taekwondo-sportschuhe-contestant-adidas\\\/#breadcrumb\"},\"inLanguage\":\"de\",\"potentialAction\":[{\"@type\":\"ReadAction\",\"target\":[\"https:\\\/\\\/prideshop.eu\\\/de\\\/shop\\\/sportarten\\\/itf-taekwondo-traditonelles-taekwondo\\\/taekwondo-itf-gurtel\\\/pro-taekwondo-sportschuhe-contestant-adidas\\\/\"]}]},{\"@type\":\"ImageObject\",\"inLanguage\":\"de\",\"@id\":\"https:\\\/\\\/prideshop.eu\\\/de\\\/shop\\\/sportarten\\\/itf-taekwondo-traditonelles-taekwondo\\\/taekwondo-itf-gurtel\\\/pro-taekwondo-sportschuhe-contestant-adidas\\\/#primaryimage\",\"url\":\"https:\\\/\\\/prideshop.eu\\\/wp-content\\\/uploads\\\/2021\\\/01\\\/pro-taekwondo-copati-contestant-adidas-a940.jpeg\",\"contentUrl\":\"https:\\\/\\\/prideshop.eu\\\/wp-content\\\/uploads\\\/2021\\\/01\\\/pro-taekwondo-copati-contestant-adidas-a940.jpeg\",\"width\":600,\"height\":600,\"caption\":\"Pro Taekwondo Sportschuhe Contestant Adidas\"},{\"@type\":\"BreadcrumbList\",\"@id\":\"https:\\\/\\\/prideshop.eu\\\/de\\\/shop\\\/sportarten\\\/itf-taekwondo-traditonelles-taekwondo\\\/taekwondo-itf-gurtel\\\/pro-taekwondo-sportschuhe-contestant-adidas\\\/#breadcrumb\",\"itemListElement\":[{\"@type\":\"ListItem\",\"position\":1,\"name\":\"Home\",\"item\":\"https:\\\/\\\/prideshop.eu\\\/de\\\/\"},{\"@type\":\"ListItem\",\"position\":2,\"name\":\"Gesch\u00e4ft\",\"item\":\"https:\\\/\\\/prideshop.eu\\\/de\\\/geschaeft\\\/\"},{\"@type\":\"ListItem\",\"position\":3,\"name\":\"Taekwondo Schuhe Adidas \u2013 Contestant\"}]},{\"@type\":\"WebSite\",\"@id\":\"https:\\\/\\\/prideshop.eu\\\/de\\\/#website\",\"url\":\"https:\\\/\\\/prideshop.eu\\\/de\\\/\",\"name\":\"PRIDEshop\",\"description\":\"Oprema za Borilne \u0160porte\",\"publisher\":{\"@id\":\"https:\\\/\\\/prideshop.eu\\\/de\\\/#organization\"},\"potentialAction\":[{\"@type\":\"SearchAction\",\"target\":{\"@type\":\"EntryPoint\",\"urlTemplate\":\"https:\\\/\\\/prideshop.eu\\\/de\\\/?s={search_term_string}\"},\"query-input\":{\"@type\":\"PropertyValueSpecification\",\"valueRequired\":true,\"valueName\":\"search_term_string\"}}],\"inLanguage\":\"de\"},{\"@type\":\"Organization\",\"@id\":\"https:\\\/\\\/prideshop.eu\\\/de\\\/#organization\",\"name\":\"PRIDEshop\",\"url\":\"https:\\\/\\\/prideshop.eu\\\/de\\\/\",\"logo\":{\"@type\":\"ImageObject\",\"inLanguage\":\"de\",\"@id\":\"https:\\\/\\\/prideshop.eu\\\/de\\\/#\\\/schema\\\/logo\\\/image\\\/\",\"url\":\"\",\"contentUrl\":\"\",\"caption\":\"PRIDEshop\"},\"image\":{\"@id\":\"https:\\\/\\\/prideshop.eu\\\/de\\\/#\\\/schema\\\/logo\\\/image\\\/\"},\"sameAs\":[\"https:\\\/\\\/sl-si.facebook.com\\\/PrideShopeu\"]}]}<\/script>\n<!-- \/ Yoast SEO plugin. -->","yoast_head_json":{"title":"Taekwondo Schuhe Adidas \u2013 Contestant - PRIDEshop","description":"Pro Taekwondo Sportschuhe Contestant, AdidasSchuhe ohne Schn\u00fcrsenkel f\u00fcr eine einfache Verwendung. Aus extrem widerstandsf\u00e4higen Materialien.","robots":{"index":"index","follow":"follow","max-snippet":"max-snippet:-1","max-image-preview":"max-image-preview:large","max-video-preview":"max-video-preview:-1"},"canonical":"https:\/\/prideshop.eu\/de\/shop\/sportarten\/itf-taekwondo-traditonelles-taekwondo\/taekwondo-itf-gurtel\/pro-taekwondo-sportschuhe-contestant-adidas\/","og_locale":"de_DE","og_type":"article","og_title":"Taekwondo Schuhe Adidas \u2013 Contestant - PRIDEshop","og_description":"Pro Taekwondo Sportschuhe Contestant, AdidasSchuhe ohne Schn\u00fcrsenkel f\u00fcr eine einfache Verwendung. Aus extrem widerstandsf\u00e4higen Materialien.","og_url":"https:\/\/prideshop.eu\/de\/shop\/sportarten\/itf-taekwondo-traditonelles-taekwondo\/taekwondo-itf-gurtel\/pro-taekwondo-sportschuhe-contestant-adidas\/","og_site_name":"PRIDEshop","article_publisher":"https:\/\/sl-si.facebook.com\/PrideShopeu","article_modified_time":"2025-08-04T09:19:26+00:00","og_image":[{"width":600,"height":600,"url":"https:\/\/prideshop.eu\/wp-content\/uploads\/2021\/01\/pro-taekwondo-copati-contestant-adidas-a940.jpeg","type":"image\/jpeg"}],"twitter_card":"summary_large_image","schema":{"@context":"https:\/\/schema.org","@graph":[{"@type":"WebPage","@id":"https:\/\/prideshop.eu\/de\/shop\/sportarten\/itf-taekwondo-traditonelles-taekwondo\/taekwondo-itf-gurtel\/pro-taekwondo-sportschuhe-contestant-adidas\/","url":"https:\/\/prideshop.eu\/de\/shop\/sportarten\/itf-taekwondo-traditonelles-taekwondo\/taekwondo-itf-gurtel\/pro-taekwondo-sportschuhe-contestant-adidas\/","name":"Taekwondo Schuhe Adidas \u2013 Contestant - PRIDEshop","isPartOf":{"@id":"https:\/\/prideshop.eu\/de\/#website"},"primaryImageOfPage":{"@id":"https:\/\/prideshop.eu\/de\/shop\/sportarten\/itf-taekwondo-traditonelles-taekwondo\/taekwondo-itf-gurtel\/pro-taekwondo-sportschuhe-contestant-adidas\/#primaryimage"},"image":{"@id":"https:\/\/prideshop.eu\/de\/shop\/sportarten\/itf-taekwondo-traditonelles-taekwondo\/taekwondo-itf-gurtel\/pro-taekwondo-sportschuhe-contestant-adidas\/#primaryimage"},"thumbnailUrl":"https:\/\/prideshop.eu\/wp-content\/uploads\/2021\/01\/pro-taekwondo-copati-contestant-adidas-a940.jpeg","datePublished":"2021-01-29T13:35:12+00:00","dateModified":"2025-08-04T09:19:26+00:00","description":"Pro Taekwondo Sportschuhe Contestant, AdidasSchuhe ohne Schn\u00fcrsenkel f\u00fcr eine einfache Verwendung. Aus extrem widerstandsf\u00e4higen Materialien.","breadcrumb":{"@id":"https:\/\/prideshop.eu\/de\/shop\/sportarten\/itf-taekwondo-traditonelles-taekwondo\/taekwondo-itf-gurtel\/pro-taekwondo-sportschuhe-contestant-adidas\/#breadcrumb"},"inLanguage":"de","potentialAction":[{"@type":"ReadAction","target":["https:\/\/prideshop.eu\/de\/shop\/sportarten\/itf-taekwondo-traditonelles-taekwondo\/taekwondo-itf-gurtel\/pro-taekwondo-sportschuhe-contestant-adidas\/"]}]},{"@type":"ImageObject","inLanguage":"de","@id":"https:\/\/prideshop.eu\/de\/shop\/sportarten\/itf-taekwondo-traditonelles-taekwondo\/taekwondo-itf-gurtel\/pro-taekwondo-sportschuhe-contestant-adidas\/#primaryimage","url":"https:\/\/prideshop.eu\/wp-content\/uploads\/2021\/01\/pro-taekwondo-copati-contestant-adidas-a940.jpeg","contentUrl":"https:\/\/prideshop.eu\/wp-content\/uploads\/2021\/01\/pro-taekwondo-copati-contestant-adidas-a940.jpeg","width":600,"height":600,"caption":"Pro Taekwondo Sportschuhe Contestant Adidas"},{"@type":"BreadcrumbList","@id":"https:\/\/prideshop.eu\/de\/shop\/sportarten\/itf-taekwondo-traditonelles-taekwondo\/taekwondo-itf-gurtel\/pro-taekwondo-sportschuhe-contestant-adidas\/#breadcrumb","itemListElement":[{"@type":"ListItem","position":1,"name":"Home","item":"https:\/\/prideshop.eu\/de\/"},{"@type":"ListItem","position":2,"name":"Gesch\u00e4ft","item":"https:\/\/prideshop.eu\/de\/geschaeft\/"},{"@type":"ListItem","position":3,"name":"Taekwondo Schuhe Adidas \u2013 Contestant"}]},{"@type":"WebSite","@id":"https:\/\/prideshop.eu\/de\/#website","url":"https:\/\/prideshop.eu\/de\/","name":"PRIDEshop","description":"Oprema za Borilne \u0160porte","publisher":{"@id":"https:\/\/prideshop.eu\/de\/#organization"},"potentialAction":[{"@type":"SearchAction","target":{"@type":"EntryPoint","urlTemplate":"https:\/\/prideshop.eu\/de\/?s={search_term_string}"},"query-input":{"@type":"PropertyValueSpecification","valueRequired":true,"valueName":"search_term_string"}}],"inLanguage":"de"},{"@type":"Organization","@id":"https:\/\/prideshop.eu\/de\/#organization","name":"PRIDEshop","url":"https:\/\/prideshop.eu\/de\/","logo":{"@type":"ImageObject","inLanguage":"de","@id":"https:\/\/prideshop.eu\/de\/#\/schema\/logo\/image\/","url":"","contentUrl":"","caption":"PRIDEshop"},"image":{"@id":"https:\/\/prideshop.eu\/de\/#\/schema\/logo\/image\/"},"sameAs":["https:\/\/sl-si.facebook.com\/PrideShopeu"]}]}},"_links":{"self":[{"href":"https:\/\/prideshop.eu\/de\/wp-json\/wp\/v2\/product\/13875","targetHints":{"allow":["GET"]}}],"collection":[{"href":"https:\/\/prideshop.eu\/de\/wp-json\/wp\/v2\/product"}],"about":[{"href":"https:\/\/prideshop.eu\/de\/wp-json\/wp\/v2\/types\/product"}],"replies":[{"embeddable":true,"href":"https:\/\/prideshop.eu\/de\/wp-json\/wp\/v2\/comments?post=13875"}],"wp:featuredmedia":[{"embeddable":true,"href":"https:\/\/prideshop.eu\/de\/wp-json\/wp\/v2\/media\/24796"}],"wp:attachment":[{"href":"https:\/\/prideshop.eu\/de\/wp-json\/wp\/v2\/media?parent=13875"}],"wp:term":[{"taxonomy":"product_brand","embeddable":true,"href":"https:\/\/prideshop.eu\/de\/wp-json\/wp\/v2\/product_brand?post=13875"},{"taxonomy":"product_cat","embeddable":true,"href":"https:\/\/prideshop.eu\/de\/wp-json\/wp\/v2\/product_cat?post=13875"},{"taxonomy":"product_tag","embeddable":true,"href":"https:\/\/prideshop.eu\/de\/wp-json\/wp\/v2\/product_tag?post=13875"}],"curies":[{"name":"wp","href":"https:\/\/api.w.org\/{rel}","templated":true}]}}