{"id":13969,"date":"2020-09-10T16:10:12","date_gmt":"2020-09-10T14:10:12","guid":{"rendered":"https:\/\/prideshop.eu\/spletna-trgovina\/unkategorisiert\/taekwondo-korperschutz-wt-adidas\/"},"modified":"2026-01-11T22:01:36","modified_gmt":"2026-01-11T21:01:36","slug":"taekwondo-korperschutz-wt-adidas","status":"publish","type":"product","link":"https:\/\/prideshop.eu\/de\/shop\/sportarten\/taekwondo-wt-olypic-sports\/taekwondo-wt-schutzausrustung\/taekwondo-korperschutz-wt-adidas\/","title":{"rendered":"Taekwondo K\u00f6rperprotektor WT Adidas \u2013 AdiAP01"},"content":{"rendered":"<h3>Taekwondo K\u00f6rperprotektor WT Adidas \u2013 AdiAP01<\/h3>\n<p>Taekwondo K\u00f6rperschutz WT, AdidasnWurde entwickelt, um Ihre Br\u00fcste, Ihren Bauch und Ihre Genitalien zu sch\u00fctzen. Das R\u00fcckhaltesystem hilft, den Schild so weit wie n\u00f6tig zu dr\u00fccken, um ein sicheres Sparring zu gew\u00e4hrleisten. Das Schild ist zweifarbig, eine Seite rot und die andere blau. Zugelassen von der World Taekwondo Federation f\u00fcr alle Wettk\u00e4mpfe und Trainings.nGr\u00f6\u00dfen: 1, 2, 3, 4, 5, 6<\/p>\n<div style=\"max-width: 400px; margin: 0 auto;\">\n<table style=\"width: 100%; border-collapse: collapse; font-size: 15px;\">\n<thead>\n<tr style=\"background: #F6DD00; text-align: left;\">\n<th style=\"padding: 8px; border-bottom: 2px solid #000;\">K\u00f6rpergr\u00f6\u00dfe<\/th>\n<th style=\"padding: 8px; border-bottom: 2px solid #000;\">Gr\u00f6\u00dfe<\/th>\n<\/tr>\n<\/thead>\n<tbody>\n<tr>\n<td style=\"padding: 8px; border-bottom: 1px solid #ddd;\">&lt; 134 cm<\/td>\n<td style=\"padding: 8px; border-bottom: 1px solid #ddd;\">1<\/td>\n<\/tr>\n<tr>\n<td style=\"padding: 8px; border-bottom: 1px solid #ddd;\">134\u2013152 cm<\/td>\n<td style=\"padding: 8px; border-bottom: 1px solid #ddd;\">2<\/td>\n<\/tr>\n<tr>\n<td style=\"padding: 8px; border-bottom: 1px solid #ddd;\">152\u2013170 cm<\/td>\n<td style=\"padding: 8px; border-bottom: 1px solid #ddd;\">3<\/td>\n<\/tr>\n<tr>\n<td style=\"padding: 8px; border-bottom: 1px solid #ddd;\">170\u2013188 cm<\/td>\n<td style=\"padding: 8px; border-bottom: 1px solid #ddd;\">4<\/td>\n<\/tr>\n<tr>\n<td style=\"padding: 8px; border-bottom: 1px solid #ddd;\">188\u2013198 cm<\/td>\n<td style=\"padding: 8px; border-bottom: 1px solid #ddd;\">5<\/td>\n<\/tr>\n<tr>\n<td style=\"padding: 8px;\">&gt; 198 cm<\/td>\n<td style=\"padding: 8px;\">6<\/td>\n<\/tr>\n<\/tbody>\n<\/table>\n<\/div>\n","protected":false},"excerpt":{"rendered":"<p>Taekwondo K\u00f6rperschutz WT, AdidasnWurde entwickelt, um Ihre Br\u00fcste, Ihren Bauch und Ihre Genitalien zu sch\u00fctzen. Das R\u00fcckhaltesystem hilft, den Schild so weit wie n\u00f6tig zu dr\u00fccken, um ein sicheres Sparring zu gew\u00e4hrleisten. Das Schild ist zweifarbig, eine Seite rot und die andere blau. Zugelassen von der World Taekwondo Federation f\u00fcr alle Wettk\u00e4mpfe und Trainings.nGr\u00f6\u00dfen: 1, 2, 3, 4, 5, 6<\/p>\n","protected":false},"featured_media":13971,"comment_status":"open","ping_status":"closed","template":"","meta":{"_acf_changed":false},"product_brand":[2084],"product_cat":[580,646,634,656,756,766],"product_tag":[],"class_list":{"0":"post-13969","1":"product","2":"type-product","3":"status-publish","4":"has-post-thumbnail","6":"product_brand-adidas","7":"product_cat-equipment-de","8":"product_cat-korpershutz","9":"product_cat-schutzausrustung","10":"product_cat-sportarten","11":"product_cat-taekwondo-wt-olypic-sports","12":"product_cat-taekwondo-wt-schutzausrustung","14":"first","15":"instock","16":"taxable","17":"shipping-taxable","18":"purchasable","19":"product-type-variable"},"acf":[],"yoast_head":"<!-- This site is optimized with the Yoast SEO plugin v27.5 - https:\/\/yoast.com\/product\/yoast-seo-wordpress\/ -->\n<title>Taekwondo K\u00f6rperprotektor WT Adidas \u2013 AdiAP01 - PRIDEshop<\/title>\n<meta name=\"description\" content=\"Taekwondo K\u00f6rperschutz WT, Adidas. Wurde entwickelt, um Ihre Br\u00fcste, Ihren Bauch und Ihre Genitalien zu sch\u00fctzen.\" \/>\n<meta name=\"robots\" content=\"index, follow, max-snippet:-1, max-image-preview:large, max-video-preview:-1\" \/>\n<link rel=\"canonical\" href=\"https:\/\/prideshop.eu\/de\/shop\/sportarten\/taekwondo-wt-olypic-sports\/taekwondo-wt-schutzausrustung\/taekwondo-korperschutz-wt-adidas\/\" \/>\n<meta property=\"og:locale\" content=\"de_DE\" \/>\n<meta property=\"og:type\" content=\"article\" \/>\n<meta property=\"og:title\" content=\"Taekwondo K\u00f6rperprotektor WT Adidas \u2013 AdiAP01 - PRIDEshop\" \/>\n<meta property=\"og:description\" content=\"Taekwondo K\u00f6rperschutz WT, Adidas. Wurde entwickelt, um Ihre Br\u00fcste, Ihren Bauch und Ihre Genitalien zu sch\u00fctzen.\" \/>\n<meta property=\"og:url\" content=\"https:\/\/prideshop.eu\/de\/shop\/sportarten\/taekwondo-wt-olypic-sports\/taekwondo-wt-schutzausrustung\/taekwondo-korperschutz-wt-adidas\/\" \/>\n<meta property=\"og:site_name\" content=\"PRIDEshop\" \/>\n<meta property=\"article:publisher\" content=\"https:\/\/sl-si.facebook.com\/PrideShopeu\" \/>\n<meta property=\"article:modified_time\" content=\"2026-01-11T21:01:36+00:00\" \/>\n<meta property=\"og:image\" content=\"https:\/\/prideshop.eu\/wp-content\/uploads\/2020\/09\/A955_wtf_oklop.jpeg\" \/>\n\t<meta property=\"og:image:width\" content=\"600\" \/>\n\t<meta property=\"og:image:height\" content=\"600\" \/>\n\t<meta property=\"og:image:type\" content=\"image\/jpeg\" \/>\n<meta name=\"twitter:card\" content=\"summary_large_image\" \/>\n<script type=\"application\/ld+json\" class=\"yoast-schema-graph\">{\"@context\":\"https:\\\/\\\/schema.org\",\"@graph\":[{\"@type\":\"WebPage\",\"@id\":\"https:\\\/\\\/prideshop.eu\\\/de\\\/shop\\\/sportarten\\\/taekwondo-wt-olypic-sports\\\/taekwondo-wt-schutzausrustung\\\/taekwondo-korperschutz-wt-adidas\\\/\",\"url\":\"https:\\\/\\\/prideshop.eu\\\/de\\\/shop\\\/sportarten\\\/taekwondo-wt-olypic-sports\\\/taekwondo-wt-schutzausrustung\\\/taekwondo-korperschutz-wt-adidas\\\/\",\"name\":\"Taekwondo K\u00f6rperprotektor WT Adidas \u2013 AdiAP01 - PRIDEshop\",\"isPartOf\":{\"@id\":\"https:\\\/\\\/prideshop.eu\\\/de\\\/#website\"},\"primaryImageOfPage\":{\"@id\":\"https:\\\/\\\/prideshop.eu\\\/de\\\/shop\\\/sportarten\\\/taekwondo-wt-olypic-sports\\\/taekwondo-wt-schutzausrustung\\\/taekwondo-korperschutz-wt-adidas\\\/#primaryimage\"},\"image\":{\"@id\":\"https:\\\/\\\/prideshop.eu\\\/de\\\/shop\\\/sportarten\\\/taekwondo-wt-olypic-sports\\\/taekwondo-wt-schutzausrustung\\\/taekwondo-korperschutz-wt-adidas\\\/#primaryimage\"},\"thumbnailUrl\":\"https:\\\/\\\/prideshop.eu\\\/wp-content\\\/uploads\\\/2020\\\/09\\\/A955_wtf_oklop.jpeg\",\"datePublished\":\"2020-09-10T14:10:12+00:00\",\"dateModified\":\"2026-01-11T21:01:36+00:00\",\"description\":\"Taekwondo K\u00f6rperschutz WT, Adidas. Wurde entwickelt, um Ihre Br\u00fcste, Ihren Bauch und Ihre Genitalien zu sch\u00fctzen.\",\"breadcrumb\":{\"@id\":\"https:\\\/\\\/prideshop.eu\\\/de\\\/shop\\\/sportarten\\\/taekwondo-wt-olypic-sports\\\/taekwondo-wt-schutzausrustung\\\/taekwondo-korperschutz-wt-adidas\\\/#breadcrumb\"},\"inLanguage\":\"de\",\"potentialAction\":[{\"@type\":\"ReadAction\",\"target\":[\"https:\\\/\\\/prideshop.eu\\\/de\\\/shop\\\/sportarten\\\/taekwondo-wt-olypic-sports\\\/taekwondo-wt-schutzausrustung\\\/taekwondo-korperschutz-wt-adidas\\\/\"]}]},{\"@type\":\"ImageObject\",\"inLanguage\":\"de\",\"@id\":\"https:\\\/\\\/prideshop.eu\\\/de\\\/shop\\\/sportarten\\\/taekwondo-wt-olypic-sports\\\/taekwondo-wt-schutzausrustung\\\/taekwondo-korperschutz-wt-adidas\\\/#primaryimage\",\"url\":\"https:\\\/\\\/prideshop.eu\\\/wp-content\\\/uploads\\\/2020\\\/09\\\/A955_wtf_oklop.jpeg\",\"contentUrl\":\"https:\\\/\\\/prideshop.eu\\\/wp-content\\\/uploads\\\/2020\\\/09\\\/A955_wtf_oklop.jpeg\",\"width\":600,\"height\":600},{\"@type\":\"BreadcrumbList\",\"@id\":\"https:\\\/\\\/prideshop.eu\\\/de\\\/shop\\\/sportarten\\\/taekwondo-wt-olypic-sports\\\/taekwondo-wt-schutzausrustung\\\/taekwondo-korperschutz-wt-adidas\\\/#breadcrumb\",\"itemListElement\":[{\"@type\":\"ListItem\",\"position\":1,\"name\":\"Home\",\"item\":\"https:\\\/\\\/prideshop.eu\\\/de\\\/\"},{\"@type\":\"ListItem\",\"position\":2,\"name\":\"Gesch\u00e4ft\",\"item\":\"https:\\\/\\\/prideshop.eu\\\/de\\\/geschaeft\\\/\"},{\"@type\":\"ListItem\",\"position\":3,\"name\":\"Taekwondo K\u00f6rperprotektor WT Adidas \u2013 AdiAP01\"}]},{\"@type\":\"WebSite\",\"@id\":\"https:\\\/\\\/prideshop.eu\\\/de\\\/#website\",\"url\":\"https:\\\/\\\/prideshop.eu\\\/de\\\/\",\"name\":\"PRIDEshop\",\"description\":\"Oprema za Borilne \u0160porte\",\"publisher\":{\"@id\":\"https:\\\/\\\/prideshop.eu\\\/de\\\/#organization\"},\"potentialAction\":[{\"@type\":\"SearchAction\",\"target\":{\"@type\":\"EntryPoint\",\"urlTemplate\":\"https:\\\/\\\/prideshop.eu\\\/de\\\/?s={search_term_string}\"},\"query-input\":{\"@type\":\"PropertyValueSpecification\",\"valueRequired\":true,\"valueName\":\"search_term_string\"}}],\"inLanguage\":\"de\"},{\"@type\":\"Organization\",\"@id\":\"https:\\\/\\\/prideshop.eu\\\/de\\\/#organization\",\"name\":\"PRIDEshop\",\"url\":\"https:\\\/\\\/prideshop.eu\\\/de\\\/\",\"logo\":{\"@type\":\"ImageObject\",\"inLanguage\":\"de\",\"@id\":\"https:\\\/\\\/prideshop.eu\\\/de\\\/#\\\/schema\\\/logo\\\/image\\\/\",\"url\":\"\",\"contentUrl\":\"\",\"caption\":\"PRIDEshop\"},\"image\":{\"@id\":\"https:\\\/\\\/prideshop.eu\\\/de\\\/#\\\/schema\\\/logo\\\/image\\\/\"},\"sameAs\":[\"https:\\\/\\\/sl-si.facebook.com\\\/PrideShopeu\"]}]}<\/script>\n<!-- \/ Yoast SEO plugin. -->","yoast_head_json":{"title":"Taekwondo K\u00f6rperprotektor WT Adidas \u2013 AdiAP01 - PRIDEshop","description":"Taekwondo K\u00f6rperschutz WT, Adidas. Wurde entwickelt, um Ihre Br\u00fcste, Ihren Bauch und Ihre Genitalien zu sch\u00fctzen.","robots":{"index":"index","follow":"follow","max-snippet":"max-snippet:-1","max-image-preview":"max-image-preview:large","max-video-preview":"max-video-preview:-1"},"canonical":"https:\/\/prideshop.eu\/de\/shop\/sportarten\/taekwondo-wt-olypic-sports\/taekwondo-wt-schutzausrustung\/taekwondo-korperschutz-wt-adidas\/","og_locale":"de_DE","og_type":"article","og_title":"Taekwondo K\u00f6rperprotektor WT Adidas \u2013 AdiAP01 - PRIDEshop","og_description":"Taekwondo K\u00f6rperschutz WT, Adidas. Wurde entwickelt, um Ihre Br\u00fcste, Ihren Bauch und Ihre Genitalien zu sch\u00fctzen.","og_url":"https:\/\/prideshop.eu\/de\/shop\/sportarten\/taekwondo-wt-olypic-sports\/taekwondo-wt-schutzausrustung\/taekwondo-korperschutz-wt-adidas\/","og_site_name":"PRIDEshop","article_publisher":"https:\/\/sl-si.facebook.com\/PrideShopeu","article_modified_time":"2026-01-11T21:01:36+00:00","og_image":[{"width":600,"height":600,"url":"https:\/\/prideshop.eu\/wp-content\/uploads\/2020\/09\/A955_wtf_oklop.jpeg","type":"image\/jpeg"}],"twitter_card":"summary_large_image","schema":{"@context":"https:\/\/schema.org","@graph":[{"@type":"WebPage","@id":"https:\/\/prideshop.eu\/de\/shop\/sportarten\/taekwondo-wt-olypic-sports\/taekwondo-wt-schutzausrustung\/taekwondo-korperschutz-wt-adidas\/","url":"https:\/\/prideshop.eu\/de\/shop\/sportarten\/taekwondo-wt-olypic-sports\/taekwondo-wt-schutzausrustung\/taekwondo-korperschutz-wt-adidas\/","name":"Taekwondo K\u00f6rperprotektor WT Adidas \u2013 AdiAP01 - PRIDEshop","isPartOf":{"@id":"https:\/\/prideshop.eu\/de\/#website"},"primaryImageOfPage":{"@id":"https:\/\/prideshop.eu\/de\/shop\/sportarten\/taekwondo-wt-olypic-sports\/taekwondo-wt-schutzausrustung\/taekwondo-korperschutz-wt-adidas\/#primaryimage"},"image":{"@id":"https:\/\/prideshop.eu\/de\/shop\/sportarten\/taekwondo-wt-olypic-sports\/taekwondo-wt-schutzausrustung\/taekwondo-korperschutz-wt-adidas\/#primaryimage"},"thumbnailUrl":"https:\/\/prideshop.eu\/wp-content\/uploads\/2020\/09\/A955_wtf_oklop.jpeg","datePublished":"2020-09-10T14:10:12+00:00","dateModified":"2026-01-11T21:01:36+00:00","description":"Taekwondo K\u00f6rperschutz WT, Adidas. Wurde entwickelt, um Ihre Br\u00fcste, Ihren Bauch und Ihre Genitalien zu sch\u00fctzen.","breadcrumb":{"@id":"https:\/\/prideshop.eu\/de\/shop\/sportarten\/taekwondo-wt-olypic-sports\/taekwondo-wt-schutzausrustung\/taekwondo-korperschutz-wt-adidas\/#breadcrumb"},"inLanguage":"de","potentialAction":[{"@type":"ReadAction","target":["https:\/\/prideshop.eu\/de\/shop\/sportarten\/taekwondo-wt-olypic-sports\/taekwondo-wt-schutzausrustung\/taekwondo-korperschutz-wt-adidas\/"]}]},{"@type":"ImageObject","inLanguage":"de","@id":"https:\/\/prideshop.eu\/de\/shop\/sportarten\/taekwondo-wt-olypic-sports\/taekwondo-wt-schutzausrustung\/taekwondo-korperschutz-wt-adidas\/#primaryimage","url":"https:\/\/prideshop.eu\/wp-content\/uploads\/2020\/09\/A955_wtf_oklop.jpeg","contentUrl":"https:\/\/prideshop.eu\/wp-content\/uploads\/2020\/09\/A955_wtf_oklop.jpeg","width":600,"height":600},{"@type":"BreadcrumbList","@id":"https:\/\/prideshop.eu\/de\/shop\/sportarten\/taekwondo-wt-olypic-sports\/taekwondo-wt-schutzausrustung\/taekwondo-korperschutz-wt-adidas\/#breadcrumb","itemListElement":[{"@type":"ListItem","position":1,"name":"Home","item":"https:\/\/prideshop.eu\/de\/"},{"@type":"ListItem","position":2,"name":"Gesch\u00e4ft","item":"https:\/\/prideshop.eu\/de\/geschaeft\/"},{"@type":"ListItem","position":3,"name":"Taekwondo K\u00f6rperprotektor WT Adidas \u2013 AdiAP01"}]},{"@type":"WebSite","@id":"https:\/\/prideshop.eu\/de\/#website","url":"https:\/\/prideshop.eu\/de\/","name":"PRIDEshop","description":"Oprema za Borilne \u0160porte","publisher":{"@id":"https:\/\/prideshop.eu\/de\/#organization"},"potentialAction":[{"@type":"SearchAction","target":{"@type":"EntryPoint","urlTemplate":"https:\/\/prideshop.eu\/de\/?s={search_term_string}"},"query-input":{"@type":"PropertyValueSpecification","valueRequired":true,"valueName":"search_term_string"}}],"inLanguage":"de"},{"@type":"Organization","@id":"https:\/\/prideshop.eu\/de\/#organization","name":"PRIDEshop","url":"https:\/\/prideshop.eu\/de\/","logo":{"@type":"ImageObject","inLanguage":"de","@id":"https:\/\/prideshop.eu\/de\/#\/schema\/logo\/image\/","url":"","contentUrl":"","caption":"PRIDEshop"},"image":{"@id":"https:\/\/prideshop.eu\/de\/#\/schema\/logo\/image\/"},"sameAs":["https:\/\/sl-si.facebook.com\/PrideShopeu"]}]}},"_links":{"self":[{"href":"https:\/\/prideshop.eu\/de\/wp-json\/wp\/v2\/product\/13969","targetHints":{"allow":["GET"]}}],"collection":[{"href":"https:\/\/prideshop.eu\/de\/wp-json\/wp\/v2\/product"}],"about":[{"href":"https:\/\/prideshop.eu\/de\/wp-json\/wp\/v2\/types\/product"}],"replies":[{"embeddable":true,"href":"https:\/\/prideshop.eu\/de\/wp-json\/wp\/v2\/comments?post=13969"}],"wp:featuredmedia":[{"embeddable":true,"href":"https:\/\/prideshop.eu\/de\/wp-json\/wp\/v2\/media\/13971"}],"wp:attachment":[{"href":"https:\/\/prideshop.eu\/de\/wp-json\/wp\/v2\/media?parent=13969"}],"wp:term":[{"taxonomy":"product_brand","embeddable":true,"href":"https:\/\/prideshop.eu\/de\/wp-json\/wp\/v2\/product_brand?post=13969"},{"taxonomy":"product_cat","embeddable":true,"href":"https:\/\/prideshop.eu\/de\/wp-json\/wp\/v2\/product_cat?post=13969"},{"taxonomy":"product_tag","embeddable":true,"href":"https:\/\/prideshop.eu\/de\/wp-json\/wp\/v2\/product_tag?post=13969"}],"curies":[{"name":"wp","href":"https:\/\/api.w.org\/{rel}","templated":true}]}}