{"id":14008,"date":"2020-09-05T12:33:03","date_gmt":"2020-09-05T10:33:03","guid":{"rendered":"https:\/\/prideshop.eu\/spletna-trgovina\/unkategorisiert\/taekwondo-wt-handschuhe-adidas\/"},"modified":"2025-08-04T11:14:30","modified_gmt":"2025-08-04T09:14:30","slug":"taekwondo-wt-handschuhe-adidas","status":"publish","type":"product","link":"https:\/\/prideshop.eu\/de\/shop\/sportarten\/taekwondo-wt-olypic-sports\/taekwondo-wt-schutzausrustung\/taekwondo-wt-handschuhe-adidas\/","title":{"rendered":"Taekwondo Handschuhe WT Adidas \u2013 adiTFG01"},"content":{"rendered":"<h3>Taekwondo Handschuhe WT Adidas \u2013 adiTFG01<\/h3>\n<p>Taekwondo WT Handschuhe, AdidasnDiese spitzenm\u00e4\u00dfige Adidas Taekwondo Handschuh ist f\u00fcr Wettk\u00e4mpfe und Training konzipiert. Aufgrund der ausgew\u00e4hlten Materialien sind sie extrem leicht und gleichzeitig langlebig und komfortabel. Spezielle E.V.A. Futter bietet einen ausgezeichneten Schutz der H\u00e4nde vor Verletzungen, w\u00e4hrend das elastische Material Komfort bietet. Der Daumenbereich ist zus\u00e4tzlich mit einem speziellen Material verst\u00e4rkt, das den Daumen sch\u00fctzt und gleichzeitig Schwei\u00df und Feuchtigkeit w\u00e4hrend des Gebrauchs trocknet. Sie k\u00f6nnen mit einer elastischen G\u00fcrtel befestigt werden, die um das Handgelenk gewickelt und mit Klettverschluss befestigt wird, was eine gute Flexibilit\u00e4t und festen Halt bietet. Daher sind sie leicht zu tragen und zu entfernen. Dieser Gegenstand wurde von WTF (World Taekwondo Federation) anerkannt!nEntspricht den CE\u2013Normen! Gr\u00f6\u00dfen: S (16 cm) \u2013 M (17 cm) \u2013 L (18 cm) \u2013 XL (20 cm).<\/p>\n","protected":false},"excerpt":{"rendered":"<p>Taekwondo WT Handschuhe, AdidasnDiese spitzenm\u00e4\u00dfige Adidas Taekwondo Handschuh ist f\u00fcr Wettk\u00e4mpfe und Training konzipiert. Aufgrund der ausgew\u00e4hlten Materialien sind sie extrem leicht und gleichzeitig langlebig und komfortabel. Spezielle E.V.A. Futter bietet einen ausgezeichneten Schutz der H\u00e4nde vor Verletzungen, w\u00e4hrend das elastische Material Komfort bietet. Der Daumenbereich ist zus\u00e4tzlich mit einem speziellen Material verst\u00e4rkt, das den Daumen sch\u00fctzt und gleichzeitig Schwei\u00df und Feuchtigkeit w\u00e4hrend des Gebrauchs trocknet. Sie k\u00f6nnen mit einer elastischen G\u00fcrtel befestigt werden, die um das Handgelenk gewickelt und mit Klettverschluss befestigt wird, was eine gute Flexibilit\u00e4t und festen Halt bietet. Daher sind sie leicht zu tragen und zu entfernen. Dieser Gegenstand wurde von WTF (World Taekwondo Federation) anerkannt!nEntspricht den CE\u2013Normen! Gr\u00f6\u00dfen: S (16 cm) \u2013 M (17 cm) \u2013 L (18 cm) \u2013 XL (20 cm).<\/p>\n","protected":false},"featured_media":56269,"comment_status":"open","ping_status":"closed","template":"","meta":{"_acf_changed":false},"product_brand":[2084],"product_cat":[580,638,644,634,656,756,766],"product_tag":[],"class_list":{"0":"post-14008","1":"product","2":"type-product","3":"status-publish","4":"has-post-thumbnail","6":"product_brand-adidas","7":"product_cat-equipment-de","8":"product_cat-handschuhe","9":"product_cat-handschutz-und-beinschutz","10":"product_cat-schutzausrustung","11":"product_cat-sportarten","12":"product_cat-taekwondo-wt-olypic-sports","13":"product_cat-taekwondo-wt-schutzausrustung","15":"first","16":"instock","17":"sale","18":"taxable","19":"shipping-taxable","20":"purchasable","21":"product-type-variable"},"acf":[],"yoast_head":"<!-- This site is optimized with the Yoast SEO plugin v27.5 - https:\/\/yoast.com\/product\/yoast-seo-wordpress\/ -->\n<title>Taekwondo Handschuhe WT Adidas \u2013 adiTFG01 - PRIDEshop<\/title>\n<meta name=\"description\" content=\"Taekwondo WT Handschuhe, Adidas. Diese spitzenm\u00e4\u00dfige Adidas Taekwondo Handschuh ist f\u00fcr Wettk\u00e4mpfe und Training konzipiert.\" \/>\n<meta name=\"robots\" content=\"index, follow, max-snippet:-1, max-image-preview:large, max-video-preview:-1\" \/>\n<link rel=\"canonical\" href=\"https:\/\/prideshop.eu\/de\/shop\/sportarten\/taekwondo-wt-olypic-sports\/taekwondo-wt-schutzausrustung\/taekwondo-wt-handschuhe-adidas\/\" \/>\n<meta property=\"og:locale\" content=\"de_DE\" \/>\n<meta property=\"og:type\" content=\"article\" \/>\n<meta property=\"og:title\" content=\"Taekwondo Handschuhe WT Adidas \u2013 adiTFG01 - PRIDEshop\" \/>\n<meta property=\"og:description\" content=\"Taekwondo WT Handschuhe, Adidas. Diese spitzenm\u00e4\u00dfige Adidas Taekwondo Handschuh ist f\u00fcr Wettk\u00e4mpfe und Training konzipiert.\" \/>\n<meta property=\"og:url\" content=\"https:\/\/prideshop.eu\/de\/shop\/sportarten\/taekwondo-wt-olypic-sports\/taekwondo-wt-schutzausrustung\/taekwondo-wt-handschuhe-adidas\/\" \/>\n<meta property=\"og:site_name\" content=\"PRIDEshop\" \/>\n<meta property=\"article:publisher\" content=\"https:\/\/sl-si.facebook.com\/PrideShopeu\" \/>\n<meta property=\"article:modified_time\" content=\"2025-08-04T09:14:30+00:00\" \/>\n<meta property=\"og:image\" content=\"https:\/\/prideshop.eu\/wp-content\/uploads\/2020\/09\/A961_Wtf_taekwondo_rokavice_adidas.jpeg\" \/>\n\t<meta property=\"og:image:width\" content=\"600\" \/>\n\t<meta property=\"og:image:height\" content=\"600\" \/>\n\t<meta property=\"og:image:type\" content=\"image\/jpeg\" \/>\n<meta name=\"twitter:card\" content=\"summary_large_image\" \/>\n<meta name=\"twitter:label1\" content=\"Gesch\u00e4tzte Lesezeit\" \/>\n\t<meta name=\"twitter:data1\" content=\"1\u00a0Minute\" \/>\n<script type=\"application\/ld+json\" class=\"yoast-schema-graph\">{\"@context\":\"https:\\\/\\\/schema.org\",\"@graph\":[{\"@type\":\"WebPage\",\"@id\":\"https:\\\/\\\/prideshop.eu\\\/de\\\/shop\\\/sportarten\\\/taekwondo-wt-olypic-sports\\\/taekwondo-wt-schutzausrustung\\\/taekwondo-wt-handschuhe-adidas\\\/\",\"url\":\"https:\\\/\\\/prideshop.eu\\\/de\\\/shop\\\/sportarten\\\/taekwondo-wt-olypic-sports\\\/taekwondo-wt-schutzausrustung\\\/taekwondo-wt-handschuhe-adidas\\\/\",\"name\":\"Taekwondo Handschuhe WT Adidas \u2013 adiTFG01 - PRIDEshop\",\"isPartOf\":{\"@id\":\"https:\\\/\\\/prideshop.eu\\\/de\\\/#website\"},\"primaryImageOfPage\":{\"@id\":\"https:\\\/\\\/prideshop.eu\\\/de\\\/shop\\\/sportarten\\\/taekwondo-wt-olypic-sports\\\/taekwondo-wt-schutzausrustung\\\/taekwondo-wt-handschuhe-adidas\\\/#primaryimage\"},\"image\":{\"@id\":\"https:\\\/\\\/prideshop.eu\\\/de\\\/shop\\\/sportarten\\\/taekwondo-wt-olypic-sports\\\/taekwondo-wt-schutzausrustung\\\/taekwondo-wt-handschuhe-adidas\\\/#primaryimage\"},\"thumbnailUrl\":\"https:\\\/\\\/prideshop.eu\\\/wp-content\\\/uploads\\\/2020\\\/09\\\/wt-taekwondo-rokavice-adidas-ADITFG01-a961-1.jpeg\",\"datePublished\":\"2020-09-05T10:33:03+00:00\",\"dateModified\":\"2025-08-04T09:14:30+00:00\",\"description\":\"Taekwondo WT Handschuhe, Adidas. Diese spitzenm\u00e4\u00dfige Adidas Taekwondo Handschuh ist f\u00fcr Wettk\u00e4mpfe und Training konzipiert.\",\"breadcrumb\":{\"@id\":\"https:\\\/\\\/prideshop.eu\\\/de\\\/shop\\\/sportarten\\\/taekwondo-wt-olypic-sports\\\/taekwondo-wt-schutzausrustung\\\/taekwondo-wt-handschuhe-adidas\\\/#breadcrumb\"},\"inLanguage\":\"de\",\"potentialAction\":[{\"@type\":\"ReadAction\",\"target\":[\"https:\\\/\\\/prideshop.eu\\\/de\\\/shop\\\/sportarten\\\/taekwondo-wt-olypic-sports\\\/taekwondo-wt-schutzausrustung\\\/taekwondo-wt-handschuhe-adidas\\\/\"]}]},{\"@type\":\"ImageObject\",\"inLanguage\":\"de\",\"@id\":\"https:\\\/\\\/prideshop.eu\\\/de\\\/shop\\\/sportarten\\\/taekwondo-wt-olypic-sports\\\/taekwondo-wt-schutzausrustung\\\/taekwondo-wt-handschuhe-adidas\\\/#primaryimage\",\"url\":\"https:\\\/\\\/prideshop.eu\\\/wp-content\\\/uploads\\\/2020\\\/09\\\/wt-taekwondo-rokavice-adidas-ADITFG01-a961-1.jpeg\",\"contentUrl\":\"https:\\\/\\\/prideshop.eu\\\/wp-content\\\/uploads\\\/2020\\\/09\\\/wt-taekwondo-rokavice-adidas-ADITFG01-a961-1.jpeg\",\"width\":600,\"height\":600,\"caption\":\"WT taekwondo rokavice Adidas \u2013 ADITFG01\"},{\"@type\":\"BreadcrumbList\",\"@id\":\"https:\\\/\\\/prideshop.eu\\\/de\\\/shop\\\/sportarten\\\/taekwondo-wt-olypic-sports\\\/taekwondo-wt-schutzausrustung\\\/taekwondo-wt-handschuhe-adidas\\\/#breadcrumb\",\"itemListElement\":[{\"@type\":\"ListItem\",\"position\":1,\"name\":\"Home\",\"item\":\"https:\\\/\\\/prideshop.eu\\\/de\\\/\"},{\"@type\":\"ListItem\",\"position\":2,\"name\":\"Gesch\u00e4ft\",\"item\":\"https:\\\/\\\/prideshop.eu\\\/de\\\/geschaeft\\\/\"},{\"@type\":\"ListItem\",\"position\":3,\"name\":\"Taekwondo Handschuhe WT Adidas \u2013 adiTFG01\"}]},{\"@type\":\"WebSite\",\"@id\":\"https:\\\/\\\/prideshop.eu\\\/de\\\/#website\",\"url\":\"https:\\\/\\\/prideshop.eu\\\/de\\\/\",\"name\":\"PRIDEshop\",\"description\":\"Oprema za Borilne \u0160porte\",\"publisher\":{\"@id\":\"https:\\\/\\\/prideshop.eu\\\/de\\\/#organization\"},\"potentialAction\":[{\"@type\":\"SearchAction\",\"target\":{\"@type\":\"EntryPoint\",\"urlTemplate\":\"https:\\\/\\\/prideshop.eu\\\/de\\\/?s={search_term_string}\"},\"query-input\":{\"@type\":\"PropertyValueSpecification\",\"valueRequired\":true,\"valueName\":\"search_term_string\"}}],\"inLanguage\":\"de\"},{\"@type\":\"Organization\",\"@id\":\"https:\\\/\\\/prideshop.eu\\\/de\\\/#organization\",\"name\":\"PRIDEshop\",\"url\":\"https:\\\/\\\/prideshop.eu\\\/de\\\/\",\"logo\":{\"@type\":\"ImageObject\",\"inLanguage\":\"de\",\"@id\":\"https:\\\/\\\/prideshop.eu\\\/de\\\/#\\\/schema\\\/logo\\\/image\\\/\",\"url\":\"\",\"contentUrl\":\"\",\"caption\":\"PRIDEshop\"},\"image\":{\"@id\":\"https:\\\/\\\/prideshop.eu\\\/de\\\/#\\\/schema\\\/logo\\\/image\\\/\"},\"sameAs\":[\"https:\\\/\\\/sl-si.facebook.com\\\/PrideShopeu\"]}]}<\/script>\n<!-- \/ Yoast SEO plugin. -->","yoast_head_json":{"title":"Taekwondo Handschuhe WT Adidas \u2013 adiTFG01 - PRIDEshop","description":"Taekwondo WT Handschuhe, Adidas. Diese spitzenm\u00e4\u00dfige Adidas Taekwondo Handschuh ist f\u00fcr Wettk\u00e4mpfe und Training konzipiert.","robots":{"index":"index","follow":"follow","max-snippet":"max-snippet:-1","max-image-preview":"max-image-preview:large","max-video-preview":"max-video-preview:-1"},"canonical":"https:\/\/prideshop.eu\/de\/shop\/sportarten\/taekwondo-wt-olypic-sports\/taekwondo-wt-schutzausrustung\/taekwondo-wt-handschuhe-adidas\/","og_locale":"de_DE","og_type":"article","og_title":"Taekwondo Handschuhe WT Adidas \u2013 adiTFG01 - PRIDEshop","og_description":"Taekwondo WT Handschuhe, Adidas. Diese spitzenm\u00e4\u00dfige Adidas Taekwondo Handschuh ist f\u00fcr Wettk\u00e4mpfe und Training konzipiert.","og_url":"https:\/\/prideshop.eu\/de\/shop\/sportarten\/taekwondo-wt-olypic-sports\/taekwondo-wt-schutzausrustung\/taekwondo-wt-handschuhe-adidas\/","og_site_name":"PRIDEshop","article_publisher":"https:\/\/sl-si.facebook.com\/PrideShopeu","article_modified_time":"2025-08-04T09:14:30+00:00","og_image":[{"width":600,"height":600,"url":"https:\/\/prideshop.eu\/wp-content\/uploads\/2020\/09\/A961_Wtf_taekwondo_rokavice_adidas.jpeg","type":"image\/jpeg"}],"twitter_card":"summary_large_image","twitter_misc":{"Gesch\u00e4tzte Lesezeit":"1\u00a0Minute"},"schema":{"@context":"https:\/\/schema.org","@graph":[{"@type":"WebPage","@id":"https:\/\/prideshop.eu\/de\/shop\/sportarten\/taekwondo-wt-olypic-sports\/taekwondo-wt-schutzausrustung\/taekwondo-wt-handschuhe-adidas\/","url":"https:\/\/prideshop.eu\/de\/shop\/sportarten\/taekwondo-wt-olypic-sports\/taekwondo-wt-schutzausrustung\/taekwondo-wt-handschuhe-adidas\/","name":"Taekwondo Handschuhe WT Adidas \u2013 adiTFG01 - PRIDEshop","isPartOf":{"@id":"https:\/\/prideshop.eu\/de\/#website"},"primaryImageOfPage":{"@id":"https:\/\/prideshop.eu\/de\/shop\/sportarten\/taekwondo-wt-olypic-sports\/taekwondo-wt-schutzausrustung\/taekwondo-wt-handschuhe-adidas\/#primaryimage"},"image":{"@id":"https:\/\/prideshop.eu\/de\/shop\/sportarten\/taekwondo-wt-olypic-sports\/taekwondo-wt-schutzausrustung\/taekwondo-wt-handschuhe-adidas\/#primaryimage"},"thumbnailUrl":"https:\/\/prideshop.eu\/wp-content\/uploads\/2020\/09\/wt-taekwondo-rokavice-adidas-ADITFG01-a961-1.jpeg","datePublished":"2020-09-05T10:33:03+00:00","dateModified":"2025-08-04T09:14:30+00:00","description":"Taekwondo WT Handschuhe, Adidas. Diese spitzenm\u00e4\u00dfige Adidas Taekwondo Handschuh ist f\u00fcr Wettk\u00e4mpfe und Training konzipiert.","breadcrumb":{"@id":"https:\/\/prideshop.eu\/de\/shop\/sportarten\/taekwondo-wt-olypic-sports\/taekwondo-wt-schutzausrustung\/taekwondo-wt-handschuhe-adidas\/#breadcrumb"},"inLanguage":"de","potentialAction":[{"@type":"ReadAction","target":["https:\/\/prideshop.eu\/de\/shop\/sportarten\/taekwondo-wt-olypic-sports\/taekwondo-wt-schutzausrustung\/taekwondo-wt-handschuhe-adidas\/"]}]},{"@type":"ImageObject","inLanguage":"de","@id":"https:\/\/prideshop.eu\/de\/shop\/sportarten\/taekwondo-wt-olypic-sports\/taekwondo-wt-schutzausrustung\/taekwondo-wt-handschuhe-adidas\/#primaryimage","url":"https:\/\/prideshop.eu\/wp-content\/uploads\/2020\/09\/wt-taekwondo-rokavice-adidas-ADITFG01-a961-1.jpeg","contentUrl":"https:\/\/prideshop.eu\/wp-content\/uploads\/2020\/09\/wt-taekwondo-rokavice-adidas-ADITFG01-a961-1.jpeg","width":600,"height":600,"caption":"WT taekwondo rokavice Adidas \u2013 ADITFG01"},{"@type":"BreadcrumbList","@id":"https:\/\/prideshop.eu\/de\/shop\/sportarten\/taekwondo-wt-olypic-sports\/taekwondo-wt-schutzausrustung\/taekwondo-wt-handschuhe-adidas\/#breadcrumb","itemListElement":[{"@type":"ListItem","position":1,"name":"Home","item":"https:\/\/prideshop.eu\/de\/"},{"@type":"ListItem","position":2,"name":"Gesch\u00e4ft","item":"https:\/\/prideshop.eu\/de\/geschaeft\/"},{"@type":"ListItem","position":3,"name":"Taekwondo Handschuhe WT Adidas \u2013 adiTFG01"}]},{"@type":"WebSite","@id":"https:\/\/prideshop.eu\/de\/#website","url":"https:\/\/prideshop.eu\/de\/","name":"PRIDEshop","description":"Oprema za Borilne \u0160porte","publisher":{"@id":"https:\/\/prideshop.eu\/de\/#organization"},"potentialAction":[{"@type":"SearchAction","target":{"@type":"EntryPoint","urlTemplate":"https:\/\/prideshop.eu\/de\/?s={search_term_string}"},"query-input":{"@type":"PropertyValueSpecification","valueRequired":true,"valueName":"search_term_string"}}],"inLanguage":"de"},{"@type":"Organization","@id":"https:\/\/prideshop.eu\/de\/#organization","name":"PRIDEshop","url":"https:\/\/prideshop.eu\/de\/","logo":{"@type":"ImageObject","inLanguage":"de","@id":"https:\/\/prideshop.eu\/de\/#\/schema\/logo\/image\/","url":"","contentUrl":"","caption":"PRIDEshop"},"image":{"@id":"https:\/\/prideshop.eu\/de\/#\/schema\/logo\/image\/"},"sameAs":["https:\/\/sl-si.facebook.com\/PrideShopeu"]}]}},"_links":{"self":[{"href":"https:\/\/prideshop.eu\/de\/wp-json\/wp\/v2\/product\/14008","targetHints":{"allow":["GET"]}}],"collection":[{"href":"https:\/\/prideshop.eu\/de\/wp-json\/wp\/v2\/product"}],"about":[{"href":"https:\/\/prideshop.eu\/de\/wp-json\/wp\/v2\/types\/product"}],"replies":[{"embeddable":true,"href":"https:\/\/prideshop.eu\/de\/wp-json\/wp\/v2\/comments?post=14008"}],"wp:featuredmedia":[{"embeddable":true,"href":"https:\/\/prideshop.eu\/de\/wp-json\/wp\/v2\/media\/56269"}],"wp:attachment":[{"href":"https:\/\/prideshop.eu\/de\/wp-json\/wp\/v2\/media?parent=14008"}],"wp:term":[{"taxonomy":"product_brand","embeddable":true,"href":"https:\/\/prideshop.eu\/de\/wp-json\/wp\/v2\/product_brand?post=14008"},{"taxonomy":"product_cat","embeddable":true,"href":"https:\/\/prideshop.eu\/de\/wp-json\/wp\/v2\/product_cat?post=14008"},{"taxonomy":"product_tag","embeddable":true,"href":"https:\/\/prideshop.eu\/de\/wp-json\/wp\/v2\/product_tag?post=14008"}],"curies":[{"name":"wp","href":"https:\/\/api.w.org\/{rel}","templated":true}]}}