{"id":14023,"date":"2020-09-05T12:22:30","date_gmt":"2020-09-05T10:22:30","guid":{"rendered":"https:\/\/prideshop.eu\/spletna-trgovina\/unkategorisiert\/wt-schienbeinschutzer-adidas\/"},"modified":"2025-08-04T11:14:41","modified_gmt":"2025-08-04T09:14:41","slug":"wt-schienbeinschutzer-adidas","status":"publish","type":"product","link":"https:\/\/prideshop.eu\/de\/shop\/sportarten\/taekwondo-wt-olypic-sports\/taekwondo-wt-schutzausrustung\/wt-schienbeinschutzer-adidas\/","title":{"rendered":"Taekwondo Schienbeinschutz WT Adidas \u2013 AdiTSP01"},"content":{"rendered":"<h3>Taekwondo Schienbeinschutz WT Adidas \u2013 AdiTSP01<\/h3>\n<p>WT Schienbeinschutzer, Adidasnist ein extrem leichter und ergonomisch geformter Schienbeinschoner. Aus f\u00fcnf Schutzschichten, die die Schlagkraft gut absorbieren und verteilen. Das \u00c4u\u00dfere ist mit Vinylmaterial \u00fcberzogen, das eine gute Bel\u00fcftung und Hygiene bietet. Es wird mit Gummib\u00e4ndern am Bein befestigt und mit einem Klettverschluss befestigt. Dieser Artikel ist von WT (World Taekwondo) genehmigt. Erf\u00fcllt CE\u2013Norm!<\/p>\n","protected":false},"excerpt":{"rendered":"<p>WT Schienbeinschutzer, Adidasnist ein extrem leichter und ergonomisch geformter Schienbeinschoner. Aus f\u00fcnf Schutzschichten, die die Schlagkraft gut absorbieren und verteilen. Das \u00c4u\u00dfere ist mit Vinylmaterial \u00fcberzogen, das eine gute Bel\u00fcftung und Hygiene bietet. Es wird mit Gummib\u00e4ndern am Bein befestigt und mit einem Klettverschluss befestigt. Dieser Artikel ist von WT (World Taekwondo) genehmigt. Erf\u00fcllt CE\u2013Norm!<\/p>\n","protected":false},"featured_media":36785,"comment_status":"open","ping_status":"closed","template":"","meta":{"_acf_changed":false},"product_brand":[2084],"product_cat":[580,644,734,742,634,656,756,766],"product_tag":[],"class_list":{"0":"post-14023","1":"product","2":"type-product","3":"status-publish","4":"has-post-thumbnail","6":"product_brand-adidas","7":"product_cat-equipment-de","8":"product_cat-handschutz-und-beinschutz","9":"product_cat-krav-maga-de","10":"product_cat-krav-maga-schutzausrustung","11":"product_cat-schutzausrustung","12":"product_cat-sportarten","13":"product_cat-taekwondo-wt-olypic-sports","14":"product_cat-taekwondo-wt-schutzausrustung","16":"first","17":"instock","18":"taxable","19":"shipping-taxable","20":"purchasable","21":"product-type-variable"},"acf":[],"yoast_head":"<!-- This site is optimized with the Yoast SEO plugin v27.6 - https:\/\/yoast.com\/product\/yoast-seo-wordpress\/ -->\n<title>Taekwondo Schienbeinschutz WT Adidas \u2013 AdiTSP01 - PRIDEshop<\/title>\n<meta name=\"description\" content=\"WT Schienbeinsch\u00fctzer, Adidas. Ist ein extrem leichter und ergonomisch geformter Schienbeinschoner. Aus f\u00fcnf Schutzschichten.\" \/>\n<meta name=\"robots\" content=\"index, follow, max-snippet:-1, max-image-preview:large, max-video-preview:-1\" \/>\n<link rel=\"canonical\" href=\"https:\/\/prideshop.eu\/de\/shop\/sportarten\/taekwondo-wt-olypic-sports\/taekwondo-wt-schutzausrustung\/wt-schienbeinschutzer-adidas\/\" \/>\n<meta property=\"og:locale\" content=\"de_DE\" \/>\n<meta property=\"og:type\" content=\"article\" \/>\n<meta property=\"og:title\" content=\"Taekwondo Schienbeinschutz WT Adidas \u2013 AdiTSP01 - PRIDEshop\" \/>\n<meta property=\"og:description\" content=\"WT Schienbeinsch\u00fctzer, Adidas. Ist ein extrem leichter und ergonomisch geformter Schienbeinschoner. Aus f\u00fcnf Schutzschichten.\" \/>\n<meta property=\"og:url\" content=\"https:\/\/prideshop.eu\/de\/shop\/sportarten\/taekwondo-wt-olypic-sports\/taekwondo-wt-schutzausrustung\/wt-schienbeinschutzer-adidas\/\" \/>\n<meta property=\"og:site_name\" content=\"PRIDEshop\" \/>\n<meta property=\"article:publisher\" content=\"https:\/\/sl-si.facebook.com\/PrideShopeu\" \/>\n<meta property=\"article:modified_time\" content=\"2025-08-04T09:14:41+00:00\" \/>\n<meta property=\"og:image\" content=\"https:\/\/prideshop.eu\/wp-content\/uploads\/2020\/09\/wt-scitnik-za-piscal-adidas-a970.jpeg\" \/>\n\t<meta property=\"og:image:width\" content=\"600\" \/>\n\t<meta property=\"og:image:height\" content=\"600\" \/>\n\t<meta property=\"og:image:type\" content=\"image\/jpeg\" \/>\n<meta name=\"twitter:card\" content=\"summary_large_image\" \/>\n<script type=\"application\/ld+json\" class=\"yoast-schema-graph\">{\"@context\":\"https:\\\/\\\/schema.org\",\"@graph\":[{\"@type\":\"WebPage\",\"@id\":\"https:\\\/\\\/prideshop.eu\\\/de\\\/shop\\\/sportarten\\\/taekwondo-wt-olypic-sports\\\/taekwondo-wt-schutzausrustung\\\/wt-schienbeinschutzer-adidas\\\/\",\"url\":\"https:\\\/\\\/prideshop.eu\\\/de\\\/shop\\\/sportarten\\\/taekwondo-wt-olypic-sports\\\/taekwondo-wt-schutzausrustung\\\/wt-schienbeinschutzer-adidas\\\/\",\"name\":\"Taekwondo Schienbeinschutz WT Adidas \u2013 AdiTSP01 - PRIDEshop\",\"isPartOf\":{\"@id\":\"https:\\\/\\\/prideshop.eu\\\/de\\\/#website\"},\"primaryImageOfPage\":{\"@id\":\"https:\\\/\\\/prideshop.eu\\\/de\\\/shop\\\/sportarten\\\/taekwondo-wt-olypic-sports\\\/taekwondo-wt-schutzausrustung\\\/wt-schienbeinschutzer-adidas\\\/#primaryimage\"},\"image\":{\"@id\":\"https:\\\/\\\/prideshop.eu\\\/de\\\/shop\\\/sportarten\\\/taekwondo-wt-olypic-sports\\\/taekwondo-wt-schutzausrustung\\\/wt-schienbeinschutzer-adidas\\\/#primaryimage\"},\"thumbnailUrl\":\"https:\\\/\\\/prideshop.eu\\\/wp-content\\\/uploads\\\/2020\\\/09\\\/wt-scitnik-za-piscal-adidas-a970.jpeg\",\"datePublished\":\"2020-09-05T10:22:30+00:00\",\"dateModified\":\"2025-08-04T09:14:41+00:00\",\"description\":\"WT Schienbeinsch\u00fctzer, Adidas. Ist ein extrem leichter und ergonomisch geformter Schienbeinschoner. Aus f\u00fcnf Schutzschichten.\",\"breadcrumb\":{\"@id\":\"https:\\\/\\\/prideshop.eu\\\/de\\\/shop\\\/sportarten\\\/taekwondo-wt-olypic-sports\\\/taekwondo-wt-schutzausrustung\\\/wt-schienbeinschutzer-adidas\\\/#breadcrumb\"},\"inLanguage\":\"de\",\"potentialAction\":[{\"@type\":\"ReadAction\",\"target\":[\"https:\\\/\\\/prideshop.eu\\\/de\\\/shop\\\/sportarten\\\/taekwondo-wt-olypic-sports\\\/taekwondo-wt-schutzausrustung\\\/wt-schienbeinschutzer-adidas\\\/\"]}]},{\"@type\":\"ImageObject\",\"inLanguage\":\"de\",\"@id\":\"https:\\\/\\\/prideshop.eu\\\/de\\\/shop\\\/sportarten\\\/taekwondo-wt-olypic-sports\\\/taekwondo-wt-schutzausrustung\\\/wt-schienbeinschutzer-adidas\\\/#primaryimage\",\"url\":\"https:\\\/\\\/prideshop.eu\\\/wp-content\\\/uploads\\\/2020\\\/09\\\/wt-scitnik-za-piscal-adidas-a970.jpeg\",\"contentUrl\":\"https:\\\/\\\/prideshop.eu\\\/wp-content\\\/uploads\\\/2020\\\/09\\\/wt-scitnik-za-piscal-adidas-a970.jpeg\",\"width\":600,\"height\":600,\"caption\":\"Taekwondo WT \u0161\u010ditnik za pi\u0161\u010dal Adidas\"},{\"@type\":\"BreadcrumbList\",\"@id\":\"https:\\\/\\\/prideshop.eu\\\/de\\\/shop\\\/sportarten\\\/taekwondo-wt-olypic-sports\\\/taekwondo-wt-schutzausrustung\\\/wt-schienbeinschutzer-adidas\\\/#breadcrumb\",\"itemListElement\":[{\"@type\":\"ListItem\",\"position\":1,\"name\":\"Home\",\"item\":\"https:\\\/\\\/prideshop.eu\\\/de\\\/\"},{\"@type\":\"ListItem\",\"position\":2,\"name\":\"Gesch\u00e4ft\",\"item\":\"https:\\\/\\\/prideshop.eu\\\/de\\\/geschaeft\\\/\"},{\"@type\":\"ListItem\",\"position\":3,\"name\":\"Taekwondo Schienbeinschutz WT Adidas \u2013 AdiTSP01\"}]},{\"@type\":\"WebSite\",\"@id\":\"https:\\\/\\\/prideshop.eu\\\/de\\\/#website\",\"url\":\"https:\\\/\\\/prideshop.eu\\\/de\\\/\",\"name\":\"PRIDEshop\",\"description\":\"Oprema za Borilne \u0160porte\",\"publisher\":{\"@id\":\"https:\\\/\\\/prideshop.eu\\\/de\\\/#organization\"},\"potentialAction\":[{\"@type\":\"SearchAction\",\"target\":{\"@type\":\"EntryPoint\",\"urlTemplate\":\"https:\\\/\\\/prideshop.eu\\\/de\\\/?s={search_term_string}\"},\"query-input\":{\"@type\":\"PropertyValueSpecification\",\"valueRequired\":true,\"valueName\":\"search_term_string\"}}],\"inLanguage\":\"de\"},{\"@type\":\"Organization\",\"@id\":\"https:\\\/\\\/prideshop.eu\\\/de\\\/#organization\",\"name\":\"PRIDEshop\",\"url\":\"https:\\\/\\\/prideshop.eu\\\/de\\\/\",\"logo\":{\"@type\":\"ImageObject\",\"inLanguage\":\"de\",\"@id\":\"https:\\\/\\\/prideshop.eu\\\/de\\\/#\\\/schema\\\/logo\\\/image\\\/\",\"url\":\"\",\"contentUrl\":\"\",\"caption\":\"PRIDEshop\"},\"image\":{\"@id\":\"https:\\\/\\\/prideshop.eu\\\/de\\\/#\\\/schema\\\/logo\\\/image\\\/\"},\"sameAs\":[\"https:\\\/\\\/sl-si.facebook.com\\\/PrideShopeu\"]}]}<\/script>\n<!-- \/ Yoast SEO plugin. -->","yoast_head_json":{"title":"Taekwondo Schienbeinschutz WT Adidas \u2013 AdiTSP01 - PRIDEshop","description":"WT Schienbeinsch\u00fctzer, Adidas. Ist ein extrem leichter und ergonomisch geformter Schienbeinschoner. Aus f\u00fcnf Schutzschichten.","robots":{"index":"index","follow":"follow","max-snippet":"max-snippet:-1","max-image-preview":"max-image-preview:large","max-video-preview":"max-video-preview:-1"},"canonical":"https:\/\/prideshop.eu\/de\/shop\/sportarten\/taekwondo-wt-olypic-sports\/taekwondo-wt-schutzausrustung\/wt-schienbeinschutzer-adidas\/","og_locale":"de_DE","og_type":"article","og_title":"Taekwondo Schienbeinschutz WT Adidas \u2013 AdiTSP01 - PRIDEshop","og_description":"WT Schienbeinsch\u00fctzer, Adidas. Ist ein extrem leichter und ergonomisch geformter Schienbeinschoner. Aus f\u00fcnf Schutzschichten.","og_url":"https:\/\/prideshop.eu\/de\/shop\/sportarten\/taekwondo-wt-olypic-sports\/taekwondo-wt-schutzausrustung\/wt-schienbeinschutzer-adidas\/","og_site_name":"PRIDEshop","article_publisher":"https:\/\/sl-si.facebook.com\/PrideShopeu","article_modified_time":"2025-08-04T09:14:41+00:00","og_image":[{"width":600,"height":600,"url":"https:\/\/prideshop.eu\/wp-content\/uploads\/2020\/09\/wt-scitnik-za-piscal-adidas-a970.jpeg","type":"image\/jpeg"}],"twitter_card":"summary_large_image","schema":{"@context":"https:\/\/schema.org","@graph":[{"@type":"WebPage","@id":"https:\/\/prideshop.eu\/de\/shop\/sportarten\/taekwondo-wt-olypic-sports\/taekwondo-wt-schutzausrustung\/wt-schienbeinschutzer-adidas\/","url":"https:\/\/prideshop.eu\/de\/shop\/sportarten\/taekwondo-wt-olypic-sports\/taekwondo-wt-schutzausrustung\/wt-schienbeinschutzer-adidas\/","name":"Taekwondo Schienbeinschutz WT Adidas \u2013 AdiTSP01 - PRIDEshop","isPartOf":{"@id":"https:\/\/prideshop.eu\/de\/#website"},"primaryImageOfPage":{"@id":"https:\/\/prideshop.eu\/de\/shop\/sportarten\/taekwondo-wt-olypic-sports\/taekwondo-wt-schutzausrustung\/wt-schienbeinschutzer-adidas\/#primaryimage"},"image":{"@id":"https:\/\/prideshop.eu\/de\/shop\/sportarten\/taekwondo-wt-olypic-sports\/taekwondo-wt-schutzausrustung\/wt-schienbeinschutzer-adidas\/#primaryimage"},"thumbnailUrl":"https:\/\/prideshop.eu\/wp-content\/uploads\/2020\/09\/wt-scitnik-za-piscal-adidas-a970.jpeg","datePublished":"2020-09-05T10:22:30+00:00","dateModified":"2025-08-04T09:14:41+00:00","description":"WT Schienbeinsch\u00fctzer, Adidas. Ist ein extrem leichter und ergonomisch geformter Schienbeinschoner. Aus f\u00fcnf Schutzschichten.","breadcrumb":{"@id":"https:\/\/prideshop.eu\/de\/shop\/sportarten\/taekwondo-wt-olypic-sports\/taekwondo-wt-schutzausrustung\/wt-schienbeinschutzer-adidas\/#breadcrumb"},"inLanguage":"de","potentialAction":[{"@type":"ReadAction","target":["https:\/\/prideshop.eu\/de\/shop\/sportarten\/taekwondo-wt-olypic-sports\/taekwondo-wt-schutzausrustung\/wt-schienbeinschutzer-adidas\/"]}]},{"@type":"ImageObject","inLanguage":"de","@id":"https:\/\/prideshop.eu\/de\/shop\/sportarten\/taekwondo-wt-olypic-sports\/taekwondo-wt-schutzausrustung\/wt-schienbeinschutzer-adidas\/#primaryimage","url":"https:\/\/prideshop.eu\/wp-content\/uploads\/2020\/09\/wt-scitnik-za-piscal-adidas-a970.jpeg","contentUrl":"https:\/\/prideshop.eu\/wp-content\/uploads\/2020\/09\/wt-scitnik-za-piscal-adidas-a970.jpeg","width":600,"height":600,"caption":"Taekwondo WT \u0161\u010ditnik za pi\u0161\u010dal Adidas"},{"@type":"BreadcrumbList","@id":"https:\/\/prideshop.eu\/de\/shop\/sportarten\/taekwondo-wt-olypic-sports\/taekwondo-wt-schutzausrustung\/wt-schienbeinschutzer-adidas\/#breadcrumb","itemListElement":[{"@type":"ListItem","position":1,"name":"Home","item":"https:\/\/prideshop.eu\/de\/"},{"@type":"ListItem","position":2,"name":"Gesch\u00e4ft","item":"https:\/\/prideshop.eu\/de\/geschaeft\/"},{"@type":"ListItem","position":3,"name":"Taekwondo Schienbeinschutz WT Adidas \u2013 AdiTSP01"}]},{"@type":"WebSite","@id":"https:\/\/prideshop.eu\/de\/#website","url":"https:\/\/prideshop.eu\/de\/","name":"PRIDEshop","description":"Oprema za Borilne \u0160porte","publisher":{"@id":"https:\/\/prideshop.eu\/de\/#organization"},"potentialAction":[{"@type":"SearchAction","target":{"@type":"EntryPoint","urlTemplate":"https:\/\/prideshop.eu\/de\/?s={search_term_string}"},"query-input":{"@type":"PropertyValueSpecification","valueRequired":true,"valueName":"search_term_string"}}],"inLanguage":"de"},{"@type":"Organization","@id":"https:\/\/prideshop.eu\/de\/#organization","name":"PRIDEshop","url":"https:\/\/prideshop.eu\/de\/","logo":{"@type":"ImageObject","inLanguage":"de","@id":"https:\/\/prideshop.eu\/de\/#\/schema\/logo\/image\/","url":"","contentUrl":"","caption":"PRIDEshop"},"image":{"@id":"https:\/\/prideshop.eu\/de\/#\/schema\/logo\/image\/"},"sameAs":["https:\/\/sl-si.facebook.com\/PrideShopeu"]}]}},"_links":{"self":[{"href":"https:\/\/prideshop.eu\/de\/wp-json\/wp\/v2\/product\/14023","targetHints":{"allow":["GET"]}}],"collection":[{"href":"https:\/\/prideshop.eu\/de\/wp-json\/wp\/v2\/product"}],"about":[{"href":"https:\/\/prideshop.eu\/de\/wp-json\/wp\/v2\/types\/product"}],"replies":[{"embeddable":true,"href":"https:\/\/prideshop.eu\/de\/wp-json\/wp\/v2\/comments?post=14023"}],"wp:featuredmedia":[{"embeddable":true,"href":"https:\/\/prideshop.eu\/de\/wp-json\/wp\/v2\/media\/36785"}],"wp:attachment":[{"href":"https:\/\/prideshop.eu\/de\/wp-json\/wp\/v2\/media?parent=14023"}],"wp:term":[{"taxonomy":"product_brand","embeddable":true,"href":"https:\/\/prideshop.eu\/de\/wp-json\/wp\/v2\/product_brand?post=14023"},{"taxonomy":"product_cat","embeddable":true,"href":"https:\/\/prideshop.eu\/de\/wp-json\/wp\/v2\/product_cat?post=14023"},{"taxonomy":"product_tag","embeddable":true,"href":"https:\/\/prideshop.eu\/de\/wp-json\/wp\/v2\/product_tag?post=14023"}],"curies":[{"name":"wp","href":"https:\/\/api.w.org\/{rel}","templated":true}]}}