{"id":14053,"date":"2021-03-29T15:09:40","date_gmt":"2021-03-29T13:09:40","guid":{"rendered":"https:\/\/prideshop.eu\/spletna-trgovina\/unkategorisiert\/einzel-target-pad-adidas\/"},"modified":"2025-08-04T11:14:42","modified_gmt":"2025-08-04T09:14:42","slug":"einzel-target-pad-adidas","status":"publish","type":"product","link":"https:\/\/prideshop.eu\/de\/shop\/equipment-de\/trainingsgerate\/handpratzen-schlagpolster-schlagschilder\/einzel-target-pad-adidas\/","title":{"rendered":"Taekwondo Handmitt Adidas \u2013 SinglePaddle"},"content":{"rendered":"<h3>Taekwondo Handmitt Adidas \u2013 SinglePaddle<\/h3>\n<p>Einzel Target Pad, Adidas Ist eine Hand Mitt, Trainingspratze f\u00fcr das Training schneller Fu\u00dftechniken. Hergestellt aus neuem revolution\u00e4rem PU3G\u2013Material und hochwertige feste F\u00fcllungen. Der Focuser ist extrem langlebig und strapazierf\u00e4hig. Der elastisches Handgelenkband, der am Griff befestigt ist, erm\u00f6glicht einen stabilen und sicheren Halt w\u00e4hrend der gesamten Trainingseinheit.<\/p>\n","protected":false},"excerpt":{"rendered":"<p>Einzel Target Pad, Adidas Ist eine Hand Mitt, Trainingspratze f\u00fcr das Training schneller Fu\u00dftechniken. Hergestellt aus neuem revolution\u00e4rem PU3G\u2013Material und hochwertige feste F\u00fcllungen. Der Focuser ist extrem langlebig und strapazierf\u00e4hig. Der elastisches Handgelenkband, der am Griff befestigt ist, erm\u00f6glicht einen stabilen und sicheren Halt w\u00e4hrend der gesamten Trainingseinheit.<\/p>\n","protected":false},"featured_media":8941,"comment_status":"open","ping_status":"closed","template":"","meta":{"_acf_changed":false},"product_brand":[2084],"product_cat":[580,624,616],"product_tag":[],"class_list":{"0":"post-14053","1":"product","2":"type-product","3":"status-publish","4":"has-post-thumbnail","6":"product_brand-adidas","7":"product_cat-equipment-de","8":"product_cat-handpratzen-schlagpolster-schlagschilder","9":"product_cat-trainingsgerate","11":"first","12":"outofstock","13":"taxable","14":"shipping-taxable","15":"product-type-variable"},"acf":[],"yoast_head":"<!-- This site is optimized with the Yoast SEO plugin v27.5 - https:\/\/yoast.com\/product\/yoast-seo-wordpress\/ -->\n<title>Taekwondo Handmitt Adidas \u2013 SinglePaddle - PRIDEshop<\/title>\n<meta name=\"description\" content=\"Einzel Target Pad, Adidas Ist eine Hand Mitt, Trainingspratze f\u00fcr das Training schneller Fu\u00dftechniken.\" \/>\n<meta name=\"robots\" content=\"index, follow, max-snippet:-1, max-image-preview:large, max-video-preview:-1\" \/>\n<link rel=\"canonical\" href=\"https:\/\/prideshop.eu\/de\/shop\/equipment-de\/trainingsgerate\/handpratzen-schlagpolster-schlagschilder\/einzel-target-pad-adidas\/\" \/>\n<meta property=\"og:locale\" content=\"de_DE\" \/>\n<meta property=\"og:type\" content=\"article\" \/>\n<meta property=\"og:title\" content=\"Taekwondo Handmitt Adidas \u2013 SinglePaddle - PRIDEshop\" \/>\n<meta property=\"og:description\" content=\"Einzel Target Pad, Adidas Ist eine Hand Mitt, Trainingspratze f\u00fcr das Training schneller Fu\u00dftechniken.\" \/>\n<meta property=\"og:url\" content=\"https:\/\/prideshop.eu\/de\/shop\/equipment-de\/trainingsgerate\/handpratzen-schlagpolster-schlagschilder\/einzel-target-pad-adidas\/\" \/>\n<meta property=\"og:site_name\" content=\"PRIDEshop\" \/>\n<meta property=\"article:publisher\" content=\"https:\/\/sl-si.facebook.com\/PrideShopeu\" \/>\n<meta property=\"article:modified_time\" content=\"2025-08-04T09:14:42+00:00\" \/>\n<meta property=\"og:image\" content=\"https:\/\/prideshop.eu\/wp-content\/uploads\/2021\/03\/enojni-fokuser-loparcek-adidas-a985.jpeg\" \/>\n\t<meta property=\"og:image:width\" content=\"600\" \/>\n\t<meta property=\"og:image:height\" content=\"600\" \/>\n\t<meta property=\"og:image:type\" content=\"image\/jpeg\" \/>\n<meta name=\"twitter:card\" content=\"summary_large_image\" \/>\n<script type=\"application\/ld+json\" class=\"yoast-schema-graph\">{\"@context\":\"https:\\\/\\\/schema.org\",\"@graph\":[{\"@type\":\"WebPage\",\"@id\":\"https:\\\/\\\/prideshop.eu\\\/de\\\/shop\\\/equipment-de\\\/trainingsgerate\\\/handpratzen-schlagpolster-schlagschilder\\\/einzel-target-pad-adidas\\\/\",\"url\":\"https:\\\/\\\/prideshop.eu\\\/de\\\/shop\\\/equipment-de\\\/trainingsgerate\\\/handpratzen-schlagpolster-schlagschilder\\\/einzel-target-pad-adidas\\\/\",\"name\":\"Taekwondo Handmitt Adidas \u2013 SinglePaddle - PRIDEshop\",\"isPartOf\":{\"@id\":\"https:\\\/\\\/prideshop.eu\\\/de\\\/#website\"},\"primaryImageOfPage\":{\"@id\":\"https:\\\/\\\/prideshop.eu\\\/de\\\/shop\\\/equipment-de\\\/trainingsgerate\\\/handpratzen-schlagpolster-schlagschilder\\\/einzel-target-pad-adidas\\\/#primaryimage\"},\"image\":{\"@id\":\"https:\\\/\\\/prideshop.eu\\\/de\\\/shop\\\/equipment-de\\\/trainingsgerate\\\/handpratzen-schlagpolster-schlagschilder\\\/einzel-target-pad-adidas\\\/#primaryimage\"},\"thumbnailUrl\":\"https:\\\/\\\/prideshop.eu\\\/wp-content\\\/uploads\\\/2021\\\/03\\\/enojni-fokuser-loparcek-adidas-a985.jpeg\",\"datePublished\":\"2021-03-29T13:09:40+00:00\",\"dateModified\":\"2025-08-04T09:14:42+00:00\",\"description\":\"Einzel Target Pad, Adidas Ist eine Hand Mitt, Trainingspratze f\u00fcr das Training schneller Fu\u00dftechniken.\",\"breadcrumb\":{\"@id\":\"https:\\\/\\\/prideshop.eu\\\/de\\\/shop\\\/equipment-de\\\/trainingsgerate\\\/handpratzen-schlagpolster-schlagschilder\\\/einzel-target-pad-adidas\\\/#breadcrumb\"},\"inLanguage\":\"de\",\"potentialAction\":[{\"@type\":\"ReadAction\",\"target\":[\"https:\\\/\\\/prideshop.eu\\\/de\\\/shop\\\/equipment-de\\\/trainingsgerate\\\/handpratzen-schlagpolster-schlagschilder\\\/einzel-target-pad-adidas\\\/\"]}]},{\"@type\":\"ImageObject\",\"inLanguage\":\"de\",\"@id\":\"https:\\\/\\\/prideshop.eu\\\/de\\\/shop\\\/equipment-de\\\/trainingsgerate\\\/handpratzen-schlagpolster-schlagschilder\\\/einzel-target-pad-adidas\\\/#primaryimage\",\"url\":\"https:\\\/\\\/prideshop.eu\\\/wp-content\\\/uploads\\\/2021\\\/03\\\/enojni-fokuser-loparcek-adidas-a985.jpeg\",\"contentUrl\":\"https:\\\/\\\/prideshop.eu\\\/wp-content\\\/uploads\\\/2021\\\/03\\\/enojni-fokuser-loparcek-adidas-a985.jpeg\",\"width\":600,\"height\":600,\"caption\":\"Einzel Target Pad Adidas\"},{\"@type\":\"BreadcrumbList\",\"@id\":\"https:\\\/\\\/prideshop.eu\\\/de\\\/shop\\\/equipment-de\\\/trainingsgerate\\\/handpratzen-schlagpolster-schlagschilder\\\/einzel-target-pad-adidas\\\/#breadcrumb\",\"itemListElement\":[{\"@type\":\"ListItem\",\"position\":1,\"name\":\"Home\",\"item\":\"https:\\\/\\\/prideshop.eu\\\/de\\\/\"},{\"@type\":\"ListItem\",\"position\":2,\"name\":\"Gesch\u00e4ft\",\"item\":\"https:\\\/\\\/prideshop.eu\\\/de\\\/geschaeft\\\/\"},{\"@type\":\"ListItem\",\"position\":3,\"name\":\"Taekwondo Handmitt Adidas \u2013 SinglePaddle\"}]},{\"@type\":\"WebSite\",\"@id\":\"https:\\\/\\\/prideshop.eu\\\/de\\\/#website\",\"url\":\"https:\\\/\\\/prideshop.eu\\\/de\\\/\",\"name\":\"PRIDEshop\",\"description\":\"Oprema za Borilne \u0160porte\",\"publisher\":{\"@id\":\"https:\\\/\\\/prideshop.eu\\\/de\\\/#organization\"},\"potentialAction\":[{\"@type\":\"SearchAction\",\"target\":{\"@type\":\"EntryPoint\",\"urlTemplate\":\"https:\\\/\\\/prideshop.eu\\\/de\\\/?s={search_term_string}\"},\"query-input\":{\"@type\":\"PropertyValueSpecification\",\"valueRequired\":true,\"valueName\":\"search_term_string\"}}],\"inLanguage\":\"de\"},{\"@type\":\"Organization\",\"@id\":\"https:\\\/\\\/prideshop.eu\\\/de\\\/#organization\",\"name\":\"PRIDEshop\",\"url\":\"https:\\\/\\\/prideshop.eu\\\/de\\\/\",\"logo\":{\"@type\":\"ImageObject\",\"inLanguage\":\"de\",\"@id\":\"https:\\\/\\\/prideshop.eu\\\/de\\\/#\\\/schema\\\/logo\\\/image\\\/\",\"url\":\"\",\"contentUrl\":\"\",\"caption\":\"PRIDEshop\"},\"image\":{\"@id\":\"https:\\\/\\\/prideshop.eu\\\/de\\\/#\\\/schema\\\/logo\\\/image\\\/\"},\"sameAs\":[\"https:\\\/\\\/sl-si.facebook.com\\\/PrideShopeu\"]}]}<\/script>\n<!-- \/ Yoast SEO plugin. -->","yoast_head_json":{"title":"Taekwondo Handmitt Adidas \u2013 SinglePaddle - PRIDEshop","description":"Einzel Target Pad, Adidas Ist eine Hand Mitt, Trainingspratze f\u00fcr das Training schneller Fu\u00dftechniken.","robots":{"index":"index","follow":"follow","max-snippet":"max-snippet:-1","max-image-preview":"max-image-preview:large","max-video-preview":"max-video-preview:-1"},"canonical":"https:\/\/prideshop.eu\/de\/shop\/equipment-de\/trainingsgerate\/handpratzen-schlagpolster-schlagschilder\/einzel-target-pad-adidas\/","og_locale":"de_DE","og_type":"article","og_title":"Taekwondo Handmitt Adidas \u2013 SinglePaddle - PRIDEshop","og_description":"Einzel Target Pad, Adidas Ist eine Hand Mitt, Trainingspratze f\u00fcr das Training schneller Fu\u00dftechniken.","og_url":"https:\/\/prideshop.eu\/de\/shop\/equipment-de\/trainingsgerate\/handpratzen-schlagpolster-schlagschilder\/einzel-target-pad-adidas\/","og_site_name":"PRIDEshop","article_publisher":"https:\/\/sl-si.facebook.com\/PrideShopeu","article_modified_time":"2025-08-04T09:14:42+00:00","og_image":[{"width":600,"height":600,"url":"https:\/\/prideshop.eu\/wp-content\/uploads\/2021\/03\/enojni-fokuser-loparcek-adidas-a985.jpeg","type":"image\/jpeg"}],"twitter_card":"summary_large_image","schema":{"@context":"https:\/\/schema.org","@graph":[{"@type":"WebPage","@id":"https:\/\/prideshop.eu\/de\/shop\/equipment-de\/trainingsgerate\/handpratzen-schlagpolster-schlagschilder\/einzel-target-pad-adidas\/","url":"https:\/\/prideshop.eu\/de\/shop\/equipment-de\/trainingsgerate\/handpratzen-schlagpolster-schlagschilder\/einzel-target-pad-adidas\/","name":"Taekwondo Handmitt Adidas \u2013 SinglePaddle - PRIDEshop","isPartOf":{"@id":"https:\/\/prideshop.eu\/de\/#website"},"primaryImageOfPage":{"@id":"https:\/\/prideshop.eu\/de\/shop\/equipment-de\/trainingsgerate\/handpratzen-schlagpolster-schlagschilder\/einzel-target-pad-adidas\/#primaryimage"},"image":{"@id":"https:\/\/prideshop.eu\/de\/shop\/equipment-de\/trainingsgerate\/handpratzen-schlagpolster-schlagschilder\/einzel-target-pad-adidas\/#primaryimage"},"thumbnailUrl":"https:\/\/prideshop.eu\/wp-content\/uploads\/2021\/03\/enojni-fokuser-loparcek-adidas-a985.jpeg","datePublished":"2021-03-29T13:09:40+00:00","dateModified":"2025-08-04T09:14:42+00:00","description":"Einzel Target Pad, Adidas Ist eine Hand Mitt, Trainingspratze f\u00fcr das Training schneller Fu\u00dftechniken.","breadcrumb":{"@id":"https:\/\/prideshop.eu\/de\/shop\/equipment-de\/trainingsgerate\/handpratzen-schlagpolster-schlagschilder\/einzel-target-pad-adidas\/#breadcrumb"},"inLanguage":"de","potentialAction":[{"@type":"ReadAction","target":["https:\/\/prideshop.eu\/de\/shop\/equipment-de\/trainingsgerate\/handpratzen-schlagpolster-schlagschilder\/einzel-target-pad-adidas\/"]}]},{"@type":"ImageObject","inLanguage":"de","@id":"https:\/\/prideshop.eu\/de\/shop\/equipment-de\/trainingsgerate\/handpratzen-schlagpolster-schlagschilder\/einzel-target-pad-adidas\/#primaryimage","url":"https:\/\/prideshop.eu\/wp-content\/uploads\/2021\/03\/enojni-fokuser-loparcek-adidas-a985.jpeg","contentUrl":"https:\/\/prideshop.eu\/wp-content\/uploads\/2021\/03\/enojni-fokuser-loparcek-adidas-a985.jpeg","width":600,"height":600,"caption":"Einzel Target Pad Adidas"},{"@type":"BreadcrumbList","@id":"https:\/\/prideshop.eu\/de\/shop\/equipment-de\/trainingsgerate\/handpratzen-schlagpolster-schlagschilder\/einzel-target-pad-adidas\/#breadcrumb","itemListElement":[{"@type":"ListItem","position":1,"name":"Home","item":"https:\/\/prideshop.eu\/de\/"},{"@type":"ListItem","position":2,"name":"Gesch\u00e4ft","item":"https:\/\/prideshop.eu\/de\/geschaeft\/"},{"@type":"ListItem","position":3,"name":"Taekwondo Handmitt Adidas \u2013 SinglePaddle"}]},{"@type":"WebSite","@id":"https:\/\/prideshop.eu\/de\/#website","url":"https:\/\/prideshop.eu\/de\/","name":"PRIDEshop","description":"Oprema za Borilne \u0160porte","publisher":{"@id":"https:\/\/prideshop.eu\/de\/#organization"},"potentialAction":[{"@type":"SearchAction","target":{"@type":"EntryPoint","urlTemplate":"https:\/\/prideshop.eu\/de\/?s={search_term_string}"},"query-input":{"@type":"PropertyValueSpecification","valueRequired":true,"valueName":"search_term_string"}}],"inLanguage":"de"},{"@type":"Organization","@id":"https:\/\/prideshop.eu\/de\/#organization","name":"PRIDEshop","url":"https:\/\/prideshop.eu\/de\/","logo":{"@type":"ImageObject","inLanguage":"de","@id":"https:\/\/prideshop.eu\/de\/#\/schema\/logo\/image\/","url":"","contentUrl":"","caption":"PRIDEshop"},"image":{"@id":"https:\/\/prideshop.eu\/de\/#\/schema\/logo\/image\/"},"sameAs":["https:\/\/sl-si.facebook.com\/PrideShopeu"]}]}},"_links":{"self":[{"href":"https:\/\/prideshop.eu\/de\/wp-json\/wp\/v2\/product\/14053","targetHints":{"allow":["GET"]}}],"collection":[{"href":"https:\/\/prideshop.eu\/de\/wp-json\/wp\/v2\/product"}],"about":[{"href":"https:\/\/prideshop.eu\/de\/wp-json\/wp\/v2\/types\/product"}],"replies":[{"embeddable":true,"href":"https:\/\/prideshop.eu\/de\/wp-json\/wp\/v2\/comments?post=14053"}],"wp:featuredmedia":[{"embeddable":true,"href":"https:\/\/prideshop.eu\/de\/wp-json\/wp\/v2\/media\/8941"}],"wp:attachment":[{"href":"https:\/\/prideshop.eu\/de\/wp-json\/wp\/v2\/media?parent=14053"}],"wp:term":[{"taxonomy":"product_brand","embeddable":true,"href":"https:\/\/prideshop.eu\/de\/wp-json\/wp\/v2\/product_brand?post=14053"},{"taxonomy":"product_cat","embeddable":true,"href":"https:\/\/prideshop.eu\/de\/wp-json\/wp\/v2\/product_cat?post=14053"},{"taxonomy":"product_tag","embeddable":true,"href":"https:\/\/prideshop.eu\/de\/wp-json\/wp\/v2\/product_tag?post=14053"}],"curies":[{"name":"wp","href":"https:\/\/api.w.org\/{rel}","templated":true}]}}