{"id":14268,"date":"2020-09-07T09:02:34","date_gmt":"2020-09-07T07:02:34","guid":{"rendered":"https:\/\/prideshop.eu\/spletna-trgovina\/unkategorisiert\/judoanzug-training-adidas\/"},"modified":"2026-01-13T14:57:34","modified_gmt":"2026-01-13T13:57:34","slug":"judoanzug-training-adidas","status":"publish","type":"product","link":"https:\/\/prideshop.eu\/de\/shop\/sportarten\/judo-de\/judo-anzuge-judogi-und-kleidung\/judoanzug-training-adidas\/","title":{"rendered":"Judoanzug 500\u202fg wei\u00df Adidas \u2013 Training J500"},"content":{"rendered":"<p><strong>Judoanzug 500\u202fg wei\u00df Adidas \u2013 Training J500<\/strong><\/p>\n<p>Judoanzug Training, AdidasnJudogi mit markanten Adidas\u2013Streifen an der Schulter, passend f\u00fcr alle JUDO\u2013, JUJITSU\u2013 oder AIKIDO\u2013Praktizierenden. Einzigartiges Nahtdesign. Naht auf der R\u00fcckseite, kompakt pr\u00e4pariertes Gewebe. Es besteht aus einer Mischung aus 60% Baumwolle und 40% Polyester (500 g \/ m2) von h\u00f6chster Qualit\u00e4t, mit verst\u00e4rkten Schultern, Brust und Knien. Gutes Preis\u2013Leistungs\u2013Verh\u00e4ltnis! Das Kimono Set beinhaltet eine Hose mit Kordelzug in der Taille und eine Jacke aus Spezialgewebe\u2013leicht k\u00f6rniges Gewebe. (G\u00fcrtel nicht im Lieferumfang enthalten!). Beachtung! Der Kimono ist nicht vorgewaschen und kann ca. 3%.nH\u00f6he: 130 \u2013 190 cm<\/p>\n","protected":false},"excerpt":{"rendered":"<p>Judoanzug Training, AdidasnJudogi mit markanten Adidas\u2013Streifen an der Schulter, passend f\u00fcr alle JUDO\u2013, JUJITSU\u2013 oder AIKIDO\u2013Praktizierenden. Einzigartiges Nahtdesign. Naht auf der R\u00fcckseite, kompakt pr\u00e4pariertes Gewebe. Es besteht aus einer Mischung aus 60% Baumwolle und 40% Polyester (500 g \/ m2) von h\u00f6chster Qualit\u00e4t, mit verst\u00e4rkten Schultern, Brust und Knien. Gutes Preis\u2013Leistungs\u2013Verh\u00e4ltnis! Das Kimono Set beinhaltet eine Hose mit Kordelzug in der Taille und eine Jacke aus Spezialgewebe\u2013leicht k\u00f6rniges Gewebe. (G\u00fcrtel nicht im Lieferumfang enthalten!). Beachtung! Der Kimono ist nicht vorgewaschen und kann ca. 3%.nH\u00f6he: 130 \u2013 190 cm<\/p>\n","protected":false},"featured_media":14285,"comment_status":"open","ping_status":"closed","template":"","meta":{"_acf_changed":false},"product_brand":[2084],"product_cat":[658,660,606,600,580,690,694,700,704,656],"product_tag":[],"class_list":{"0":"post-14268","1":"product","2":"type-product","3":"status-publish","4":"has-post-thumbnail","6":"product_brand-adidas","7":"product_cat-aikido-de","8":"product_cat-aikido-anzuge-und-kleidung","9":"product_cat-anzuge-fur-kamfsportarten","10":"product_cat-bekleidung-und-schuhe","11":"product_cat-equipment-de","12":"product_cat-ju-jitsu-de","13":"product_cat-ju-jutsu-anzuge-und-kleidung","14":"product_cat-judo-de","15":"product_cat-judo-anzuge-judogi-und-kleidung","16":"product_cat-sportarten","18":"first","19":"instock","20":"taxable","21":"shipping-taxable","22":"purchasable","23":"product-type-variable"},"acf":[],"yoast_head":"<!-- This site is optimized with the Yoast SEO plugin v27.6 - https:\/\/yoast.com\/product\/yoast-seo-wordpress\/ -->\n<title>Judoanzug 500\u202fg wei\u00df Adidas \u2013 Training J500 - PRIDEshop<\/title>\n<meta name=\"description\" content=\"Judoanzug Training, Adidas. Judogi mit markanten Adidas-Streifen an der Schulter, passend f\u00fcr alle JUDO-, JUJITSU- oder AIKIDO-Praktizierenden.\" \/>\n<meta name=\"robots\" content=\"index, follow, max-snippet:-1, max-image-preview:large, max-video-preview:-1\" \/>\n<link rel=\"canonical\" href=\"https:\/\/prideshop.eu\/de\/shop\/sportarten\/judo-de\/judo-anzuge-judogi-und-kleidung\/judoanzug-training-adidas\/\" \/>\n<meta property=\"og:locale\" content=\"de_DE\" \/>\n<meta property=\"og:type\" content=\"article\" \/>\n<meta property=\"og:title\" content=\"Judoanzug 500\u202fg wei\u00df Adidas \u2013 Training J500 - PRIDEshop\" \/>\n<meta property=\"og:description\" content=\"Judoanzug Training, Adidas. Judogi mit markanten Adidas-Streifen an der Schulter, passend f\u00fcr alle JUDO-, JUJITSU- oder AIKIDO-Praktizierenden.\" \/>\n<meta property=\"og:url\" content=\"https:\/\/prideshop.eu\/de\/shop\/sportarten\/judo-de\/judo-anzuge-judogi-und-kleidung\/judoanzug-training-adidas\/\" \/>\n<meta property=\"og:site_name\" content=\"PRIDEshop\" \/>\n<meta property=\"article:publisher\" content=\"https:\/\/sl-si.facebook.com\/PrideShopeu\" \/>\n<meta property=\"article:modified_time\" content=\"2026-01-13T13:57:34+00:00\" \/>\n<meta property=\"og:image\" content=\"https:\/\/prideshop.eu\/wp-content\/uploads\/2020\/09\/AJ500_Adidas_judo_kimono_white.jpeg\" \/>\n\t<meta property=\"og:image:width\" content=\"600\" \/>\n\t<meta property=\"og:image:height\" content=\"600\" \/>\n\t<meta property=\"og:image:type\" content=\"image\/jpeg\" \/>\n<meta name=\"twitter:card\" content=\"summary_large_image\" \/>\n<meta name=\"twitter:label1\" content=\"Gesch\u00e4tzte Lesezeit\" \/>\n\t<meta name=\"twitter:data1\" content=\"1\u00a0Minute\" \/>\n<script type=\"application\/ld+json\" class=\"yoast-schema-graph\">{\"@context\":\"https:\\\/\\\/schema.org\",\"@graph\":[{\"@type\":\"WebPage\",\"@id\":\"https:\\\/\\\/prideshop.eu\\\/de\\\/shop\\\/sportarten\\\/judo-de\\\/judo-anzuge-judogi-und-kleidung\\\/judoanzug-training-adidas\\\/\",\"url\":\"https:\\\/\\\/prideshop.eu\\\/de\\\/shop\\\/sportarten\\\/judo-de\\\/judo-anzuge-judogi-und-kleidung\\\/judoanzug-training-adidas\\\/\",\"name\":\"Judoanzug 500\u202fg wei\u00df Adidas \u2013 Training J500 - PRIDEshop\",\"isPartOf\":{\"@id\":\"https:\\\/\\\/prideshop.eu\\\/de\\\/#website\"},\"primaryImageOfPage\":{\"@id\":\"https:\\\/\\\/prideshop.eu\\\/de\\\/shop\\\/sportarten\\\/judo-de\\\/judo-anzuge-judogi-und-kleidung\\\/judoanzug-training-adidas\\\/#primaryimage\"},\"image\":{\"@id\":\"https:\\\/\\\/prideshop.eu\\\/de\\\/shop\\\/sportarten\\\/judo-de\\\/judo-anzuge-judogi-und-kleidung\\\/judoanzug-training-adidas\\\/#primaryimage\"},\"thumbnailUrl\":\"https:\\\/\\\/prideshop.eu\\\/wp-content\\\/uploads\\\/2020\\\/09\\\/AJ500_Adidas_judo_kimono_white.jpeg\",\"datePublished\":\"2020-09-07T07:02:34+00:00\",\"dateModified\":\"2026-01-13T13:57:34+00:00\",\"description\":\"Judoanzug Training, Adidas. Judogi mit markanten Adidas-Streifen an der Schulter, passend f\u00fcr alle JUDO-, JUJITSU- oder AIKIDO-Praktizierenden.\",\"breadcrumb\":{\"@id\":\"https:\\\/\\\/prideshop.eu\\\/de\\\/shop\\\/sportarten\\\/judo-de\\\/judo-anzuge-judogi-und-kleidung\\\/judoanzug-training-adidas\\\/#breadcrumb\"},\"inLanguage\":\"de\",\"potentialAction\":[{\"@type\":\"ReadAction\",\"target\":[\"https:\\\/\\\/prideshop.eu\\\/de\\\/shop\\\/sportarten\\\/judo-de\\\/judo-anzuge-judogi-und-kleidung\\\/judoanzug-training-adidas\\\/\"]}]},{\"@type\":\"ImageObject\",\"inLanguage\":\"de\",\"@id\":\"https:\\\/\\\/prideshop.eu\\\/de\\\/shop\\\/sportarten\\\/judo-de\\\/judo-anzuge-judogi-und-kleidung\\\/judoanzug-training-adidas\\\/#primaryimage\",\"url\":\"https:\\\/\\\/prideshop.eu\\\/wp-content\\\/uploads\\\/2020\\\/09\\\/AJ500_Adidas_judo_kimono_white.jpeg\",\"contentUrl\":\"https:\\\/\\\/prideshop.eu\\\/wp-content\\\/uploads\\\/2020\\\/09\\\/AJ500_Adidas_judo_kimono_white.jpeg\",\"width\":600,\"height\":600},{\"@type\":\"BreadcrumbList\",\"@id\":\"https:\\\/\\\/prideshop.eu\\\/de\\\/shop\\\/sportarten\\\/judo-de\\\/judo-anzuge-judogi-und-kleidung\\\/judoanzug-training-adidas\\\/#breadcrumb\",\"itemListElement\":[{\"@type\":\"ListItem\",\"position\":1,\"name\":\"Home\",\"item\":\"https:\\\/\\\/prideshop.eu\\\/de\\\/\"},{\"@type\":\"ListItem\",\"position\":2,\"name\":\"Gesch\u00e4ft\",\"item\":\"https:\\\/\\\/prideshop.eu\\\/de\\\/geschaeft\\\/\"},{\"@type\":\"ListItem\",\"position\":3,\"name\":\"Judoanzug 500\u202fg wei\u00df Adidas \u2013 Training J500\"}]},{\"@type\":\"WebSite\",\"@id\":\"https:\\\/\\\/prideshop.eu\\\/de\\\/#website\",\"url\":\"https:\\\/\\\/prideshop.eu\\\/de\\\/\",\"name\":\"PRIDEshop\",\"description\":\"Oprema za Borilne \u0160porte\",\"publisher\":{\"@id\":\"https:\\\/\\\/prideshop.eu\\\/de\\\/#organization\"},\"potentialAction\":[{\"@type\":\"SearchAction\",\"target\":{\"@type\":\"EntryPoint\",\"urlTemplate\":\"https:\\\/\\\/prideshop.eu\\\/de\\\/?s={search_term_string}\"},\"query-input\":{\"@type\":\"PropertyValueSpecification\",\"valueRequired\":true,\"valueName\":\"search_term_string\"}}],\"inLanguage\":\"de\"},{\"@type\":\"Organization\",\"@id\":\"https:\\\/\\\/prideshop.eu\\\/de\\\/#organization\",\"name\":\"PRIDEshop\",\"url\":\"https:\\\/\\\/prideshop.eu\\\/de\\\/\",\"logo\":{\"@type\":\"ImageObject\",\"inLanguage\":\"de\",\"@id\":\"https:\\\/\\\/prideshop.eu\\\/de\\\/#\\\/schema\\\/logo\\\/image\\\/\",\"url\":\"\",\"contentUrl\":\"\",\"caption\":\"PRIDEshop\"},\"image\":{\"@id\":\"https:\\\/\\\/prideshop.eu\\\/de\\\/#\\\/schema\\\/logo\\\/image\\\/\"},\"sameAs\":[\"https:\\\/\\\/sl-si.facebook.com\\\/PrideShopeu\"]}]}<\/script>\n<!-- \/ Yoast SEO plugin. -->","yoast_head_json":{"title":"Judoanzug 500\u202fg wei\u00df Adidas \u2013 Training J500 - PRIDEshop","description":"Judoanzug Training, Adidas. Judogi mit markanten Adidas-Streifen an der Schulter, passend f\u00fcr alle JUDO-, JUJITSU- oder AIKIDO-Praktizierenden.","robots":{"index":"index","follow":"follow","max-snippet":"max-snippet:-1","max-image-preview":"max-image-preview:large","max-video-preview":"max-video-preview:-1"},"canonical":"https:\/\/prideshop.eu\/de\/shop\/sportarten\/judo-de\/judo-anzuge-judogi-und-kleidung\/judoanzug-training-adidas\/","og_locale":"de_DE","og_type":"article","og_title":"Judoanzug 500\u202fg wei\u00df Adidas \u2013 Training J500 - PRIDEshop","og_description":"Judoanzug Training, Adidas. Judogi mit markanten Adidas-Streifen an der Schulter, passend f\u00fcr alle JUDO-, JUJITSU- oder AIKIDO-Praktizierenden.","og_url":"https:\/\/prideshop.eu\/de\/shop\/sportarten\/judo-de\/judo-anzuge-judogi-und-kleidung\/judoanzug-training-adidas\/","og_site_name":"PRIDEshop","article_publisher":"https:\/\/sl-si.facebook.com\/PrideShopeu","article_modified_time":"2026-01-13T13:57:34+00:00","og_image":[{"width":600,"height":600,"url":"https:\/\/prideshop.eu\/wp-content\/uploads\/2020\/09\/AJ500_Adidas_judo_kimono_white.jpeg","type":"image\/jpeg"}],"twitter_card":"summary_large_image","twitter_misc":{"Gesch\u00e4tzte Lesezeit":"1\u00a0Minute"},"schema":{"@context":"https:\/\/schema.org","@graph":[{"@type":"WebPage","@id":"https:\/\/prideshop.eu\/de\/shop\/sportarten\/judo-de\/judo-anzuge-judogi-und-kleidung\/judoanzug-training-adidas\/","url":"https:\/\/prideshop.eu\/de\/shop\/sportarten\/judo-de\/judo-anzuge-judogi-und-kleidung\/judoanzug-training-adidas\/","name":"Judoanzug 500\u202fg wei\u00df Adidas \u2013 Training J500 - PRIDEshop","isPartOf":{"@id":"https:\/\/prideshop.eu\/de\/#website"},"primaryImageOfPage":{"@id":"https:\/\/prideshop.eu\/de\/shop\/sportarten\/judo-de\/judo-anzuge-judogi-und-kleidung\/judoanzug-training-adidas\/#primaryimage"},"image":{"@id":"https:\/\/prideshop.eu\/de\/shop\/sportarten\/judo-de\/judo-anzuge-judogi-und-kleidung\/judoanzug-training-adidas\/#primaryimage"},"thumbnailUrl":"https:\/\/prideshop.eu\/wp-content\/uploads\/2020\/09\/AJ500_Adidas_judo_kimono_white.jpeg","datePublished":"2020-09-07T07:02:34+00:00","dateModified":"2026-01-13T13:57:34+00:00","description":"Judoanzug Training, Adidas. Judogi mit markanten Adidas-Streifen an der Schulter, passend f\u00fcr alle JUDO-, JUJITSU- oder AIKIDO-Praktizierenden.","breadcrumb":{"@id":"https:\/\/prideshop.eu\/de\/shop\/sportarten\/judo-de\/judo-anzuge-judogi-und-kleidung\/judoanzug-training-adidas\/#breadcrumb"},"inLanguage":"de","potentialAction":[{"@type":"ReadAction","target":["https:\/\/prideshop.eu\/de\/shop\/sportarten\/judo-de\/judo-anzuge-judogi-und-kleidung\/judoanzug-training-adidas\/"]}]},{"@type":"ImageObject","inLanguage":"de","@id":"https:\/\/prideshop.eu\/de\/shop\/sportarten\/judo-de\/judo-anzuge-judogi-und-kleidung\/judoanzug-training-adidas\/#primaryimage","url":"https:\/\/prideshop.eu\/wp-content\/uploads\/2020\/09\/AJ500_Adidas_judo_kimono_white.jpeg","contentUrl":"https:\/\/prideshop.eu\/wp-content\/uploads\/2020\/09\/AJ500_Adidas_judo_kimono_white.jpeg","width":600,"height":600},{"@type":"BreadcrumbList","@id":"https:\/\/prideshop.eu\/de\/shop\/sportarten\/judo-de\/judo-anzuge-judogi-und-kleidung\/judoanzug-training-adidas\/#breadcrumb","itemListElement":[{"@type":"ListItem","position":1,"name":"Home","item":"https:\/\/prideshop.eu\/de\/"},{"@type":"ListItem","position":2,"name":"Gesch\u00e4ft","item":"https:\/\/prideshop.eu\/de\/geschaeft\/"},{"@type":"ListItem","position":3,"name":"Judoanzug 500\u202fg wei\u00df Adidas \u2013 Training J500"}]},{"@type":"WebSite","@id":"https:\/\/prideshop.eu\/de\/#website","url":"https:\/\/prideshop.eu\/de\/","name":"PRIDEshop","description":"Oprema za Borilne \u0160porte","publisher":{"@id":"https:\/\/prideshop.eu\/de\/#organization"},"potentialAction":[{"@type":"SearchAction","target":{"@type":"EntryPoint","urlTemplate":"https:\/\/prideshop.eu\/de\/?s={search_term_string}"},"query-input":{"@type":"PropertyValueSpecification","valueRequired":true,"valueName":"search_term_string"}}],"inLanguage":"de"},{"@type":"Organization","@id":"https:\/\/prideshop.eu\/de\/#organization","name":"PRIDEshop","url":"https:\/\/prideshop.eu\/de\/","logo":{"@type":"ImageObject","inLanguage":"de","@id":"https:\/\/prideshop.eu\/de\/#\/schema\/logo\/image\/","url":"","contentUrl":"","caption":"PRIDEshop"},"image":{"@id":"https:\/\/prideshop.eu\/de\/#\/schema\/logo\/image\/"},"sameAs":["https:\/\/sl-si.facebook.com\/PrideShopeu"]}]}},"_links":{"self":[{"href":"https:\/\/prideshop.eu\/de\/wp-json\/wp\/v2\/product\/14268","targetHints":{"allow":["GET"]}}],"collection":[{"href":"https:\/\/prideshop.eu\/de\/wp-json\/wp\/v2\/product"}],"about":[{"href":"https:\/\/prideshop.eu\/de\/wp-json\/wp\/v2\/types\/product"}],"replies":[{"embeddable":true,"href":"https:\/\/prideshop.eu\/de\/wp-json\/wp\/v2\/comments?post=14268"}],"wp:featuredmedia":[{"embeddable":true,"href":"https:\/\/prideshop.eu\/de\/wp-json\/wp\/v2\/media\/14285"}],"wp:attachment":[{"href":"https:\/\/prideshop.eu\/de\/wp-json\/wp\/v2\/media?parent=14268"}],"wp:term":[{"taxonomy":"product_brand","embeddable":true,"href":"https:\/\/prideshop.eu\/de\/wp-json\/wp\/v2\/product_brand?post=14268"},{"taxonomy":"product_cat","embeddable":true,"href":"https:\/\/prideshop.eu\/de\/wp-json\/wp\/v2\/product_cat?post=14268"},{"taxonomy":"product_tag","embeddable":true,"href":"https:\/\/prideshop.eu\/de\/wp-json\/wp\/v2\/product_tag?post=14268"}],"curies":[{"name":"wp","href":"https:\/\/api.w.org\/{rel}","templated":true}]}}