{"id":14526,"date":"2020-11-09T14:15:10","date_gmt":"2020-11-09T13:15:10","guid":{"rendered":"https:\/\/prideshop.eu\/spletna-trgovina\/unkategorisiert\/box-t-shirt-wbc-kurzarm-adidas\/"},"modified":"2025-08-04T11:17:27","modified_gmt":"2025-08-04T09:17:27","slug":"box-t-shirt-wbc-kurzarm-adidas","status":"publish","type":"product","link":"https:\/\/prideshop.eu\/de\/shop\/sportarten\/boxen\/boxbekleidung\/box-t-shirt-wbc-kurzarm-adidas\/","title":{"rendered":"Boxing T-Shirt Adidas \u2013 WBC"},"content":{"rendered":"<h3>Boxing T-Shirt Adidas \u2013 WBC<\/h3>\n<p>Box\u2013T\u2013Shirt WBC Kurzarm, Adidas. Top\u2013Qualit\u00e4t, 100 % Baumwolle, WBC Boxing ist einer der gr\u00f6\u00dften professionellen Boxverb\u00e4nde.<\/p>\n","protected":false},"excerpt":{"rendered":"<p>Box\u2013T\u2013Shirt WBC Kurzarm, Adidas. Top\u2013Qualit\u00e4t, 100 % Baumwolle, WBC Boxing ist einer der gr\u00f6\u00dften professionellen Boxverb\u00e4nde.<\/p>\n","protected":false},"featured_media":33179,"comment_status":"open","ping_status":"closed","template":"","meta":{"_acf_changed":false},"product_brand":[2084],"product_cat":[600,664,668,580,632,656,608],"product_tag":[],"class_list":{"0":"post-14526","1":"product","2":"type-product","3":"status-publish","4":"has-post-thumbnail","6":"product_brand-adidas","7":"product_cat-bekleidung-und-schuhe","8":"product_cat-boxen","9":"product_cat-boxbekleidung","10":"product_cat-equipment-de","11":"product_cat-outlet-de","12":"product_cat-sportarten","13":"product_cat-t-shirt-de","15":"first","16":"outofstock","17":"taxable","18":"shipping-taxable","19":"product-type-variable"},"acf":[],"yoast_head":"<!-- This site is optimized with the Yoast SEO plugin v27.4 - https:\/\/yoast.com\/product\/yoast-seo-wordpress\/ -->\n<title>Boxing T-Shirt Adidas \u2013 WBC - PRIDEshop<\/title>\n<meta name=\"description\" content=\"Box-T-Shirt WBC Kurzarm, Adidas. Top-Qualit\u00e4t, 100 % Baumwolle, WBC Boxing ist einer der gr\u00f6\u00dften professionellen Boxverb\u00e4nde.\" \/>\n<meta name=\"robots\" content=\"index, follow, max-snippet:-1, max-image-preview:large, max-video-preview:-1\" \/>\n<link rel=\"canonical\" href=\"https:\/\/prideshop.eu\/de\/shop\/sportarten\/boxen\/boxbekleidung\/box-t-shirt-wbc-kurzarm-adidas\/\" \/>\n<meta property=\"og:locale\" content=\"de_DE\" \/>\n<meta property=\"og:type\" content=\"article\" \/>\n<meta property=\"og:title\" content=\"Boxing T-Shirt Adidas \u2013 WBC - PRIDEshop\" \/>\n<meta property=\"og:description\" content=\"Box-T-Shirt WBC Kurzarm, Adidas. Top-Qualit\u00e4t, 100 % Baumwolle, WBC Boxing ist einer der gr\u00f6\u00dften professionellen Boxverb\u00e4nde.\" \/>\n<meta property=\"og:url\" content=\"https:\/\/prideshop.eu\/de\/shop\/sportarten\/boxen\/boxbekleidung\/box-t-shirt-wbc-kurzarm-adidas\/\" \/>\n<meta property=\"og:site_name\" content=\"PRIDEshop\" \/>\n<meta property=\"article:publisher\" content=\"https:\/\/sl-si.facebook.com\/PrideShopeu\" \/>\n<meta property=\"article:modified_time\" content=\"2025-08-04T09:17:27+00:00\" \/>\n<meta property=\"og:image\" content=\"https:\/\/prideshop.eu\/wp-content\/uploads\/2020\/11\/majica-boxing-wbc-kratki-rokavi-adidas-awbc2.jpeg\" \/>\n\t<meta property=\"og:image:width\" content=\"600\" \/>\n\t<meta property=\"og:image:height\" content=\"600\" \/>\n\t<meta property=\"og:image:type\" content=\"image\/jpeg\" \/>\n<meta name=\"twitter:card\" content=\"summary_large_image\" \/>\n<script type=\"application\/ld+json\" class=\"yoast-schema-graph\">{\"@context\":\"https:\\\/\\\/schema.org\",\"@graph\":[{\"@type\":\"WebPage\",\"@id\":\"https:\\\/\\\/prideshop.eu\\\/de\\\/shop\\\/sportarten\\\/boxen\\\/boxbekleidung\\\/box-t-shirt-wbc-kurzarm-adidas\\\/\",\"url\":\"https:\\\/\\\/prideshop.eu\\\/de\\\/shop\\\/sportarten\\\/boxen\\\/boxbekleidung\\\/box-t-shirt-wbc-kurzarm-adidas\\\/\",\"name\":\"Boxing T-Shirt Adidas \u2013 WBC - PRIDEshop\",\"isPartOf\":{\"@id\":\"https:\\\/\\\/prideshop.eu\\\/de\\\/#website\"},\"primaryImageOfPage\":{\"@id\":\"https:\\\/\\\/prideshop.eu\\\/de\\\/shop\\\/sportarten\\\/boxen\\\/boxbekleidung\\\/box-t-shirt-wbc-kurzarm-adidas\\\/#primaryimage\"},\"image\":{\"@id\":\"https:\\\/\\\/prideshop.eu\\\/de\\\/shop\\\/sportarten\\\/boxen\\\/boxbekleidung\\\/box-t-shirt-wbc-kurzarm-adidas\\\/#primaryimage\"},\"thumbnailUrl\":\"https:\\\/\\\/prideshop.eu\\\/wp-content\\\/uploads\\\/2020\\\/11\\\/majica-boxing-wbc-kratki-rokavi-adidas-awbc2.jpeg\",\"datePublished\":\"2020-11-09T13:15:10+00:00\",\"dateModified\":\"2025-08-04T09:17:27+00:00\",\"description\":\"Box-T-Shirt WBC Kurzarm, Adidas. Top-Qualit\u00e4t, 100 % Baumwolle, WBC Boxing ist einer der gr\u00f6\u00dften professionellen Boxverb\u00e4nde.\",\"breadcrumb\":{\"@id\":\"https:\\\/\\\/prideshop.eu\\\/de\\\/shop\\\/sportarten\\\/boxen\\\/boxbekleidung\\\/box-t-shirt-wbc-kurzarm-adidas\\\/#breadcrumb\"},\"inLanguage\":\"de\",\"potentialAction\":[{\"@type\":\"ReadAction\",\"target\":[\"https:\\\/\\\/prideshop.eu\\\/de\\\/shop\\\/sportarten\\\/boxen\\\/boxbekleidung\\\/box-t-shirt-wbc-kurzarm-adidas\\\/\"]}]},{\"@type\":\"ImageObject\",\"inLanguage\":\"de\",\"@id\":\"https:\\\/\\\/prideshop.eu\\\/de\\\/shop\\\/sportarten\\\/boxen\\\/boxbekleidung\\\/box-t-shirt-wbc-kurzarm-adidas\\\/#primaryimage\",\"url\":\"https:\\\/\\\/prideshop.eu\\\/wp-content\\\/uploads\\\/2020\\\/11\\\/majica-boxing-wbc-kratki-rokavi-adidas-awbc2.jpeg\",\"contentUrl\":\"https:\\\/\\\/prideshop.eu\\\/wp-content\\\/uploads\\\/2020\\\/11\\\/majica-boxing-wbc-kratki-rokavi-adidas-awbc2.jpeg\",\"width\":600,\"height\":600,\"caption\":\"Box-T-Shirt WBC Kurzarm Adidas Schwarz\"},{\"@type\":\"BreadcrumbList\",\"@id\":\"https:\\\/\\\/prideshop.eu\\\/de\\\/shop\\\/sportarten\\\/boxen\\\/boxbekleidung\\\/box-t-shirt-wbc-kurzarm-adidas\\\/#breadcrumb\",\"itemListElement\":[{\"@type\":\"ListItem\",\"position\":1,\"name\":\"Home\",\"item\":\"https:\\\/\\\/prideshop.eu\\\/de\\\/\"},{\"@type\":\"ListItem\",\"position\":2,\"name\":\"Gesch\u00e4ft\",\"item\":\"https:\\\/\\\/prideshop.eu\\\/de\\\/geschaeft\\\/\"},{\"@type\":\"ListItem\",\"position\":3,\"name\":\"Boxing T-Shirt Adidas \u2013 WBC\"}]},{\"@type\":\"WebSite\",\"@id\":\"https:\\\/\\\/prideshop.eu\\\/de\\\/#website\",\"url\":\"https:\\\/\\\/prideshop.eu\\\/de\\\/\",\"name\":\"PRIDEshop\",\"description\":\"Oprema za Borilne \u0160porte\",\"publisher\":{\"@id\":\"https:\\\/\\\/prideshop.eu\\\/de\\\/#organization\"},\"potentialAction\":[{\"@type\":\"SearchAction\",\"target\":{\"@type\":\"EntryPoint\",\"urlTemplate\":\"https:\\\/\\\/prideshop.eu\\\/de\\\/?s={search_term_string}\"},\"query-input\":{\"@type\":\"PropertyValueSpecification\",\"valueRequired\":true,\"valueName\":\"search_term_string\"}}],\"inLanguage\":\"de\"},{\"@type\":\"Organization\",\"@id\":\"https:\\\/\\\/prideshop.eu\\\/de\\\/#organization\",\"name\":\"PRIDEshop\",\"url\":\"https:\\\/\\\/prideshop.eu\\\/de\\\/\",\"logo\":{\"@type\":\"ImageObject\",\"inLanguage\":\"de\",\"@id\":\"https:\\\/\\\/prideshop.eu\\\/de\\\/#\\\/schema\\\/logo\\\/image\\\/\",\"url\":\"\",\"contentUrl\":\"\",\"caption\":\"PRIDEshop\"},\"image\":{\"@id\":\"https:\\\/\\\/prideshop.eu\\\/de\\\/#\\\/schema\\\/logo\\\/image\\\/\"},\"sameAs\":[\"https:\\\/\\\/sl-si.facebook.com\\\/PrideShopeu\"]}]}<\/script>\n<!-- \/ Yoast SEO plugin. -->","yoast_head_json":{"title":"Boxing T-Shirt Adidas \u2013 WBC - PRIDEshop","description":"Box-T-Shirt WBC Kurzarm, Adidas. Top-Qualit\u00e4t, 100 % Baumwolle, WBC Boxing ist einer der gr\u00f6\u00dften professionellen Boxverb\u00e4nde.","robots":{"index":"index","follow":"follow","max-snippet":"max-snippet:-1","max-image-preview":"max-image-preview:large","max-video-preview":"max-video-preview:-1"},"canonical":"https:\/\/prideshop.eu\/de\/shop\/sportarten\/boxen\/boxbekleidung\/box-t-shirt-wbc-kurzarm-adidas\/","og_locale":"de_DE","og_type":"article","og_title":"Boxing T-Shirt Adidas \u2013 WBC - PRIDEshop","og_description":"Box-T-Shirt WBC Kurzarm, Adidas. Top-Qualit\u00e4t, 100 % Baumwolle, WBC Boxing ist einer der gr\u00f6\u00dften professionellen Boxverb\u00e4nde.","og_url":"https:\/\/prideshop.eu\/de\/shop\/sportarten\/boxen\/boxbekleidung\/box-t-shirt-wbc-kurzarm-adidas\/","og_site_name":"PRIDEshop","article_publisher":"https:\/\/sl-si.facebook.com\/PrideShopeu","article_modified_time":"2025-08-04T09:17:27+00:00","og_image":[{"width":600,"height":600,"url":"https:\/\/prideshop.eu\/wp-content\/uploads\/2020\/11\/majica-boxing-wbc-kratki-rokavi-adidas-awbc2.jpeg","type":"image\/jpeg"}],"twitter_card":"summary_large_image","schema":{"@context":"https:\/\/schema.org","@graph":[{"@type":"WebPage","@id":"https:\/\/prideshop.eu\/de\/shop\/sportarten\/boxen\/boxbekleidung\/box-t-shirt-wbc-kurzarm-adidas\/","url":"https:\/\/prideshop.eu\/de\/shop\/sportarten\/boxen\/boxbekleidung\/box-t-shirt-wbc-kurzarm-adidas\/","name":"Boxing T-Shirt Adidas \u2013 WBC - PRIDEshop","isPartOf":{"@id":"https:\/\/prideshop.eu\/de\/#website"},"primaryImageOfPage":{"@id":"https:\/\/prideshop.eu\/de\/shop\/sportarten\/boxen\/boxbekleidung\/box-t-shirt-wbc-kurzarm-adidas\/#primaryimage"},"image":{"@id":"https:\/\/prideshop.eu\/de\/shop\/sportarten\/boxen\/boxbekleidung\/box-t-shirt-wbc-kurzarm-adidas\/#primaryimage"},"thumbnailUrl":"https:\/\/prideshop.eu\/wp-content\/uploads\/2020\/11\/majica-boxing-wbc-kratki-rokavi-adidas-awbc2.jpeg","datePublished":"2020-11-09T13:15:10+00:00","dateModified":"2025-08-04T09:17:27+00:00","description":"Box-T-Shirt WBC Kurzarm, Adidas. Top-Qualit\u00e4t, 100 % Baumwolle, WBC Boxing ist einer der gr\u00f6\u00dften professionellen Boxverb\u00e4nde.","breadcrumb":{"@id":"https:\/\/prideshop.eu\/de\/shop\/sportarten\/boxen\/boxbekleidung\/box-t-shirt-wbc-kurzarm-adidas\/#breadcrumb"},"inLanguage":"de","potentialAction":[{"@type":"ReadAction","target":["https:\/\/prideshop.eu\/de\/shop\/sportarten\/boxen\/boxbekleidung\/box-t-shirt-wbc-kurzarm-adidas\/"]}]},{"@type":"ImageObject","inLanguage":"de","@id":"https:\/\/prideshop.eu\/de\/shop\/sportarten\/boxen\/boxbekleidung\/box-t-shirt-wbc-kurzarm-adidas\/#primaryimage","url":"https:\/\/prideshop.eu\/wp-content\/uploads\/2020\/11\/majica-boxing-wbc-kratki-rokavi-adidas-awbc2.jpeg","contentUrl":"https:\/\/prideshop.eu\/wp-content\/uploads\/2020\/11\/majica-boxing-wbc-kratki-rokavi-adidas-awbc2.jpeg","width":600,"height":600,"caption":"Box-T-Shirt WBC Kurzarm Adidas Schwarz"},{"@type":"BreadcrumbList","@id":"https:\/\/prideshop.eu\/de\/shop\/sportarten\/boxen\/boxbekleidung\/box-t-shirt-wbc-kurzarm-adidas\/#breadcrumb","itemListElement":[{"@type":"ListItem","position":1,"name":"Home","item":"https:\/\/prideshop.eu\/de\/"},{"@type":"ListItem","position":2,"name":"Gesch\u00e4ft","item":"https:\/\/prideshop.eu\/de\/geschaeft\/"},{"@type":"ListItem","position":3,"name":"Boxing T-Shirt Adidas \u2013 WBC"}]},{"@type":"WebSite","@id":"https:\/\/prideshop.eu\/de\/#website","url":"https:\/\/prideshop.eu\/de\/","name":"PRIDEshop","description":"Oprema za Borilne \u0160porte","publisher":{"@id":"https:\/\/prideshop.eu\/de\/#organization"},"potentialAction":[{"@type":"SearchAction","target":{"@type":"EntryPoint","urlTemplate":"https:\/\/prideshop.eu\/de\/?s={search_term_string}"},"query-input":{"@type":"PropertyValueSpecification","valueRequired":true,"valueName":"search_term_string"}}],"inLanguage":"de"},{"@type":"Organization","@id":"https:\/\/prideshop.eu\/de\/#organization","name":"PRIDEshop","url":"https:\/\/prideshop.eu\/de\/","logo":{"@type":"ImageObject","inLanguage":"de","@id":"https:\/\/prideshop.eu\/de\/#\/schema\/logo\/image\/","url":"","contentUrl":"","caption":"PRIDEshop"},"image":{"@id":"https:\/\/prideshop.eu\/de\/#\/schema\/logo\/image\/"},"sameAs":["https:\/\/sl-si.facebook.com\/PrideShopeu"]}]}},"_links":{"self":[{"href":"https:\/\/prideshop.eu\/de\/wp-json\/wp\/v2\/product\/14526","targetHints":{"allow":["GET"]}}],"collection":[{"href":"https:\/\/prideshop.eu\/de\/wp-json\/wp\/v2\/product"}],"about":[{"href":"https:\/\/prideshop.eu\/de\/wp-json\/wp\/v2\/types\/product"}],"replies":[{"embeddable":true,"href":"https:\/\/prideshop.eu\/de\/wp-json\/wp\/v2\/comments?post=14526"}],"wp:featuredmedia":[{"embeddable":true,"href":"https:\/\/prideshop.eu\/de\/wp-json\/wp\/v2\/media\/33179"}],"wp:attachment":[{"href":"https:\/\/prideshop.eu\/de\/wp-json\/wp\/v2\/media?parent=14526"}],"wp:term":[{"taxonomy":"product_brand","embeddable":true,"href":"https:\/\/prideshop.eu\/de\/wp-json\/wp\/v2\/product_brand?post=14526"},{"taxonomy":"product_cat","embeddable":true,"href":"https:\/\/prideshop.eu\/de\/wp-json\/wp\/v2\/product_cat?post=14526"},{"taxonomy":"product_tag","embeddable":true,"href":"https:\/\/prideshop.eu\/de\/wp-json\/wp\/v2\/product_tag?post=14526"}],"curies":[{"name":"wp","href":"https:\/\/api.w.org\/{rel}","templated":true}]}}