{"id":14546,"date":"2020-09-22T09:35:52","date_gmt":"2020-09-22T07:35:52","guid":{"rendered":"https:\/\/prideshop.eu\/spletna-trgovina\/unkategorisiert\/jiu-jitsu-handschuh-aus-leder-dax\/"},"modified":"2025-08-04T11:17:46","modified_gmt":"2025-08-04T09:17:46","slug":"jiu-jitsu-handschuh-aus-leder-dax","status":"publish","type":"product","link":"https:\/\/prideshop.eu\/de\/shop\/sportarten\/ju-jitsu-de\/ju-jutsu-schutzausrustung\/jiu-jitsu-handschuh-aus-leder-dax\/","title":{"rendered":"Jiu Jitsu Handschuh aus Leder | Dax"},"content":{"rendered":"<h3>Jiu Jitsu Handschuh aus Leder | Dax<\/h3>\n<p>Jiu Jitsu Handschuh aus Leder, Dax Die Gloves sind aus echtem Qualit\u00e4tsleder. F\u00fcr alle Ju\u2013Jitsu\u2013, Ju\u2013Jutsu\u2013, Jiu\u2013Jitsu\u2013Wettk\u00e4mpfe. Elastische Riemen f\u00fcr jeden Finger. Breites Gummiband \u00fcber der Handfl\u00e4che. Breiter gro\u00dfer Klettverschluss im Handgelenk. Erh\u00e4ltlich in rot und blau.<\/p>\n","protected":false},"excerpt":{"rendered":"<p>Jiu Jitsu Handschuh aus Leder, Dax Die Gloves sind aus echtem Qualit\u00e4tsleder. F\u00fcr alle Ju\u2013Jitsu\u2013, Ju\u2013Jutsu\u2013, Jiu\u2013Jitsu\u2013Wettk\u00e4mpfe. Elastische Riemen f\u00fcr jeden Finger. Breites Gummiband \u00fcber der Handfl\u00e4che. Breiter gro\u00dfer Klettverschluss im Handgelenk. Erh\u00e4ltlich in rot und blau.<\/p>\n","protected":false},"featured_media":33951,"comment_status":"open","ping_status":"closed","template":"","meta":{"_acf_changed":false},"product_brand":[2096],"product_cat":[638,690,698,634,656],"product_tag":[],"class_list":{"0":"post-14546","1":"product","2":"type-product","3":"status-publish","4":"has-post-thumbnail","6":"product_brand-dax","7":"product_cat-handschuhe","8":"product_cat-ju-jitsu-de","9":"product_cat-ju-jutsu-schutzausrustung","10":"product_cat-schutzausrustung","11":"product_cat-sportarten","13":"first","14":"instock","15":"taxable","16":"shipping-taxable","17":"purchasable","18":"product-type-variable"},"acf":[],"yoast_head":"<!-- This site is optimized with the Yoast SEO plugin v27.5 - https:\/\/yoast.com\/product\/yoast-seo-wordpress\/ -->\n<title>Jiu Jitsu Handschuh aus Leder | Dax - PRIDEshop<\/title>\n<meta name=\"description\" content=\"Jiu Jitsu Handschuh aus Leder, Dax Die Gloves sind aus echtem Qualit\u00e4tsleder. F\u00fcr alle Ju-Jitsu-, Ju-Jutsu-, Jiu-Jitsu-Wettk\u00e4mpfe.\" \/>\n<meta name=\"robots\" content=\"index, follow, max-snippet:-1, max-image-preview:large, max-video-preview:-1\" \/>\n<link rel=\"canonical\" href=\"https:\/\/prideshop.eu\/de\/shop\/sportarten\/ju-jitsu-de\/ju-jutsu-schutzausrustung\/jiu-jitsu-handschuh-aus-leder-dax\/\" \/>\n<meta property=\"og:locale\" content=\"de_DE\" \/>\n<meta property=\"og:type\" content=\"article\" \/>\n<meta property=\"og:title\" content=\"Jiu Jitsu Handschuh aus Leder | Dax - PRIDEshop\" \/>\n<meta property=\"og:description\" content=\"Jiu Jitsu Handschuh aus Leder, Dax Die Gloves sind aus echtem Qualit\u00e4tsleder. F\u00fcr alle Ju-Jitsu-, Ju-Jutsu-, Jiu-Jitsu-Wettk\u00e4mpfe.\" \/>\n<meta property=\"og:url\" content=\"https:\/\/prideshop.eu\/de\/shop\/sportarten\/ju-jitsu-de\/ju-jutsu-schutzausrustung\/jiu-jitsu-handschuh-aus-leder-dax\/\" \/>\n<meta property=\"og:site_name\" content=\"PRIDEshop\" \/>\n<meta property=\"article:publisher\" content=\"https:\/\/sl-si.facebook.com\/PrideShopeu\" \/>\n<meta property=\"article:modified_time\" content=\"2025-08-04T09:17:46+00:00\" \/>\n<meta property=\"og:image\" content=\"https:\/\/prideshop.eu\/wp-content\/uploads\/2020\/09\/ju-jitsu-usnjene-rokavice-dax-dfs-p.jpg\" \/>\n\t<meta property=\"og:image:width\" content=\"600\" \/>\n\t<meta property=\"og:image:height\" content=\"600\" \/>\n\t<meta property=\"og:image:type\" content=\"image\/jpeg\" \/>\n<meta name=\"twitter:card\" content=\"summary_large_image\" \/>\n<script type=\"application\/ld+json\" class=\"yoast-schema-graph\">{\"@context\":\"https:\\\/\\\/schema.org\",\"@graph\":[{\"@type\":\"WebPage\",\"@id\":\"https:\\\/\\\/prideshop.eu\\\/de\\\/shop\\\/sportarten\\\/ju-jitsu-de\\\/ju-jutsu-schutzausrustung\\\/jiu-jitsu-handschuh-aus-leder-dax\\\/\",\"url\":\"https:\\\/\\\/prideshop.eu\\\/de\\\/shop\\\/sportarten\\\/ju-jitsu-de\\\/ju-jutsu-schutzausrustung\\\/jiu-jitsu-handschuh-aus-leder-dax\\\/\",\"name\":\"Jiu Jitsu Handschuh aus Leder | Dax - PRIDEshop\",\"isPartOf\":{\"@id\":\"https:\\\/\\\/prideshop.eu\\\/de\\\/#website\"},\"primaryImageOfPage\":{\"@id\":\"https:\\\/\\\/prideshop.eu\\\/de\\\/shop\\\/sportarten\\\/ju-jitsu-de\\\/ju-jutsu-schutzausrustung\\\/jiu-jitsu-handschuh-aus-leder-dax\\\/#primaryimage\"},\"image\":{\"@id\":\"https:\\\/\\\/prideshop.eu\\\/de\\\/shop\\\/sportarten\\\/ju-jitsu-de\\\/ju-jutsu-schutzausrustung\\\/jiu-jitsu-handschuh-aus-leder-dax\\\/#primaryimage\"},\"thumbnailUrl\":\"https:\\\/\\\/prideshop.eu\\\/wp-content\\\/uploads\\\/2020\\\/09\\\/ju-jitsu-usnjene-rokavice-dax-dfs-p.jpg\",\"datePublished\":\"2020-09-22T07:35:52+00:00\",\"dateModified\":\"2025-08-04T09:17:46+00:00\",\"description\":\"Jiu Jitsu Handschuh aus Leder, Dax Die Gloves sind aus echtem Qualit\u00e4tsleder. F\u00fcr alle Ju-Jitsu-, Ju-Jutsu-, Jiu-Jitsu-Wettk\u00e4mpfe.\",\"breadcrumb\":{\"@id\":\"https:\\\/\\\/prideshop.eu\\\/de\\\/shop\\\/sportarten\\\/ju-jitsu-de\\\/ju-jutsu-schutzausrustung\\\/jiu-jitsu-handschuh-aus-leder-dax\\\/#breadcrumb\"},\"inLanguage\":\"de\",\"potentialAction\":[{\"@type\":\"ReadAction\",\"target\":[\"https:\\\/\\\/prideshop.eu\\\/de\\\/shop\\\/sportarten\\\/ju-jitsu-de\\\/ju-jutsu-schutzausrustung\\\/jiu-jitsu-handschuh-aus-leder-dax\\\/\"]}]},{\"@type\":\"ImageObject\",\"inLanguage\":\"de\",\"@id\":\"https:\\\/\\\/prideshop.eu\\\/de\\\/shop\\\/sportarten\\\/ju-jitsu-de\\\/ju-jutsu-schutzausrustung\\\/jiu-jitsu-handschuh-aus-leder-dax\\\/#primaryimage\",\"url\":\"https:\\\/\\\/prideshop.eu\\\/wp-content\\\/uploads\\\/2020\\\/09\\\/ju-jitsu-usnjene-rokavice-dax-dfs-p.jpg\",\"contentUrl\":\"https:\\\/\\\/prideshop.eu\\\/wp-content\\\/uploads\\\/2020\\\/09\\\/ju-jitsu-usnjene-rokavice-dax-dfs-p.jpg\",\"width\":600,\"height\":600,\"caption\":\"Jiu Jitsu Handschuh aus Leder Dax Naturleder blau\"},{\"@type\":\"BreadcrumbList\",\"@id\":\"https:\\\/\\\/prideshop.eu\\\/de\\\/shop\\\/sportarten\\\/ju-jitsu-de\\\/ju-jutsu-schutzausrustung\\\/jiu-jitsu-handschuh-aus-leder-dax\\\/#breadcrumb\",\"itemListElement\":[{\"@type\":\"ListItem\",\"position\":1,\"name\":\"Home\",\"item\":\"https:\\\/\\\/prideshop.eu\\\/de\\\/\"},{\"@type\":\"ListItem\",\"position\":2,\"name\":\"Gesch\u00e4ft\",\"item\":\"https:\\\/\\\/prideshop.eu\\\/de\\\/geschaeft\\\/\"},{\"@type\":\"ListItem\",\"position\":3,\"name\":\"Jiu Jitsu Handschuh aus Leder | Dax\"}]},{\"@type\":\"WebSite\",\"@id\":\"https:\\\/\\\/prideshop.eu\\\/de\\\/#website\",\"url\":\"https:\\\/\\\/prideshop.eu\\\/de\\\/\",\"name\":\"PRIDEshop\",\"description\":\"Oprema za Borilne \u0160porte\",\"publisher\":{\"@id\":\"https:\\\/\\\/prideshop.eu\\\/de\\\/#organization\"},\"potentialAction\":[{\"@type\":\"SearchAction\",\"target\":{\"@type\":\"EntryPoint\",\"urlTemplate\":\"https:\\\/\\\/prideshop.eu\\\/de\\\/?s={search_term_string}\"},\"query-input\":{\"@type\":\"PropertyValueSpecification\",\"valueRequired\":true,\"valueName\":\"search_term_string\"}}],\"inLanguage\":\"de\"},{\"@type\":\"Organization\",\"@id\":\"https:\\\/\\\/prideshop.eu\\\/de\\\/#organization\",\"name\":\"PRIDEshop\",\"url\":\"https:\\\/\\\/prideshop.eu\\\/de\\\/\",\"logo\":{\"@type\":\"ImageObject\",\"inLanguage\":\"de\",\"@id\":\"https:\\\/\\\/prideshop.eu\\\/de\\\/#\\\/schema\\\/logo\\\/image\\\/\",\"url\":\"\",\"contentUrl\":\"\",\"caption\":\"PRIDEshop\"},\"image\":{\"@id\":\"https:\\\/\\\/prideshop.eu\\\/de\\\/#\\\/schema\\\/logo\\\/image\\\/\"},\"sameAs\":[\"https:\\\/\\\/sl-si.facebook.com\\\/PrideShopeu\"]}]}<\/script>\n<!-- \/ Yoast SEO plugin. -->","yoast_head_json":{"title":"Jiu Jitsu Handschuh aus Leder | Dax - PRIDEshop","description":"Jiu Jitsu Handschuh aus Leder, Dax Die Gloves sind aus echtem Qualit\u00e4tsleder. F\u00fcr alle Ju-Jitsu-, Ju-Jutsu-, Jiu-Jitsu-Wettk\u00e4mpfe.","robots":{"index":"index","follow":"follow","max-snippet":"max-snippet:-1","max-image-preview":"max-image-preview:large","max-video-preview":"max-video-preview:-1"},"canonical":"https:\/\/prideshop.eu\/de\/shop\/sportarten\/ju-jitsu-de\/ju-jutsu-schutzausrustung\/jiu-jitsu-handschuh-aus-leder-dax\/","og_locale":"de_DE","og_type":"article","og_title":"Jiu Jitsu Handschuh aus Leder | Dax - PRIDEshop","og_description":"Jiu Jitsu Handschuh aus Leder, Dax Die Gloves sind aus echtem Qualit\u00e4tsleder. F\u00fcr alle Ju-Jitsu-, Ju-Jutsu-, Jiu-Jitsu-Wettk\u00e4mpfe.","og_url":"https:\/\/prideshop.eu\/de\/shop\/sportarten\/ju-jitsu-de\/ju-jutsu-schutzausrustung\/jiu-jitsu-handschuh-aus-leder-dax\/","og_site_name":"PRIDEshop","article_publisher":"https:\/\/sl-si.facebook.com\/PrideShopeu","article_modified_time":"2025-08-04T09:17:46+00:00","og_image":[{"width":600,"height":600,"url":"https:\/\/prideshop.eu\/wp-content\/uploads\/2020\/09\/ju-jitsu-usnjene-rokavice-dax-dfs-p.jpg","type":"image\/jpeg"}],"twitter_card":"summary_large_image","schema":{"@context":"https:\/\/schema.org","@graph":[{"@type":"WebPage","@id":"https:\/\/prideshop.eu\/de\/shop\/sportarten\/ju-jitsu-de\/ju-jutsu-schutzausrustung\/jiu-jitsu-handschuh-aus-leder-dax\/","url":"https:\/\/prideshop.eu\/de\/shop\/sportarten\/ju-jitsu-de\/ju-jutsu-schutzausrustung\/jiu-jitsu-handschuh-aus-leder-dax\/","name":"Jiu Jitsu Handschuh aus Leder | Dax - PRIDEshop","isPartOf":{"@id":"https:\/\/prideshop.eu\/de\/#website"},"primaryImageOfPage":{"@id":"https:\/\/prideshop.eu\/de\/shop\/sportarten\/ju-jitsu-de\/ju-jutsu-schutzausrustung\/jiu-jitsu-handschuh-aus-leder-dax\/#primaryimage"},"image":{"@id":"https:\/\/prideshop.eu\/de\/shop\/sportarten\/ju-jitsu-de\/ju-jutsu-schutzausrustung\/jiu-jitsu-handschuh-aus-leder-dax\/#primaryimage"},"thumbnailUrl":"https:\/\/prideshop.eu\/wp-content\/uploads\/2020\/09\/ju-jitsu-usnjene-rokavice-dax-dfs-p.jpg","datePublished":"2020-09-22T07:35:52+00:00","dateModified":"2025-08-04T09:17:46+00:00","description":"Jiu Jitsu Handschuh aus Leder, Dax Die Gloves sind aus echtem Qualit\u00e4tsleder. F\u00fcr alle Ju-Jitsu-, Ju-Jutsu-, Jiu-Jitsu-Wettk\u00e4mpfe.","breadcrumb":{"@id":"https:\/\/prideshop.eu\/de\/shop\/sportarten\/ju-jitsu-de\/ju-jutsu-schutzausrustung\/jiu-jitsu-handschuh-aus-leder-dax\/#breadcrumb"},"inLanguage":"de","potentialAction":[{"@type":"ReadAction","target":["https:\/\/prideshop.eu\/de\/shop\/sportarten\/ju-jitsu-de\/ju-jutsu-schutzausrustung\/jiu-jitsu-handschuh-aus-leder-dax\/"]}]},{"@type":"ImageObject","inLanguage":"de","@id":"https:\/\/prideshop.eu\/de\/shop\/sportarten\/ju-jitsu-de\/ju-jutsu-schutzausrustung\/jiu-jitsu-handschuh-aus-leder-dax\/#primaryimage","url":"https:\/\/prideshop.eu\/wp-content\/uploads\/2020\/09\/ju-jitsu-usnjene-rokavice-dax-dfs-p.jpg","contentUrl":"https:\/\/prideshop.eu\/wp-content\/uploads\/2020\/09\/ju-jitsu-usnjene-rokavice-dax-dfs-p.jpg","width":600,"height":600,"caption":"Jiu Jitsu Handschuh aus Leder Dax Naturleder blau"},{"@type":"BreadcrumbList","@id":"https:\/\/prideshop.eu\/de\/shop\/sportarten\/ju-jitsu-de\/ju-jutsu-schutzausrustung\/jiu-jitsu-handschuh-aus-leder-dax\/#breadcrumb","itemListElement":[{"@type":"ListItem","position":1,"name":"Home","item":"https:\/\/prideshop.eu\/de\/"},{"@type":"ListItem","position":2,"name":"Gesch\u00e4ft","item":"https:\/\/prideshop.eu\/de\/geschaeft\/"},{"@type":"ListItem","position":3,"name":"Jiu Jitsu Handschuh aus Leder | Dax"}]},{"@type":"WebSite","@id":"https:\/\/prideshop.eu\/de\/#website","url":"https:\/\/prideshop.eu\/de\/","name":"PRIDEshop","description":"Oprema za Borilne \u0160porte","publisher":{"@id":"https:\/\/prideshop.eu\/de\/#organization"},"potentialAction":[{"@type":"SearchAction","target":{"@type":"EntryPoint","urlTemplate":"https:\/\/prideshop.eu\/de\/?s={search_term_string}"},"query-input":{"@type":"PropertyValueSpecification","valueRequired":true,"valueName":"search_term_string"}}],"inLanguage":"de"},{"@type":"Organization","@id":"https:\/\/prideshop.eu\/de\/#organization","name":"PRIDEshop","url":"https:\/\/prideshop.eu\/de\/","logo":{"@type":"ImageObject","inLanguage":"de","@id":"https:\/\/prideshop.eu\/de\/#\/schema\/logo\/image\/","url":"","contentUrl":"","caption":"PRIDEshop"},"image":{"@id":"https:\/\/prideshop.eu\/de\/#\/schema\/logo\/image\/"},"sameAs":["https:\/\/sl-si.facebook.com\/PrideShopeu"]}]}},"_links":{"self":[{"href":"https:\/\/prideshop.eu\/de\/wp-json\/wp\/v2\/product\/14546","targetHints":{"allow":["GET"]}}],"collection":[{"href":"https:\/\/prideshop.eu\/de\/wp-json\/wp\/v2\/product"}],"about":[{"href":"https:\/\/prideshop.eu\/de\/wp-json\/wp\/v2\/types\/product"}],"replies":[{"embeddable":true,"href":"https:\/\/prideshop.eu\/de\/wp-json\/wp\/v2\/comments?post=14546"}],"wp:featuredmedia":[{"embeddable":true,"href":"https:\/\/prideshop.eu\/de\/wp-json\/wp\/v2\/media\/33951"}],"wp:attachment":[{"href":"https:\/\/prideshop.eu\/de\/wp-json\/wp\/v2\/media?parent=14546"}],"wp:term":[{"taxonomy":"product_brand","embeddable":true,"href":"https:\/\/prideshop.eu\/de\/wp-json\/wp\/v2\/product_brand?post=14546"},{"taxonomy":"product_cat","embeddable":true,"href":"https:\/\/prideshop.eu\/de\/wp-json\/wp\/v2\/product_cat?post=14546"},{"taxonomy":"product_tag","embeddable":true,"href":"https:\/\/prideshop.eu\/de\/wp-json\/wp\/v2\/product_tag?post=14546"}],"curies":[{"name":"wp","href":"https:\/\/api.w.org\/{rel}","templated":true}]}}