{"id":14556,"date":"2021-05-06T11:30:23","date_gmt":"2021-05-06T09:30:23","guid":{"rendered":"https:\/\/prideshop.eu\/spletna-trgovina\/unkategorisiert\/fusschutz-dax\/"},"modified":"2026-02-11T12:43:15","modified_gmt":"2026-02-11T11:43:15","slug":"fusschutz-dax","status":"publish","type":"product","link":"https:\/\/prideshop.eu\/de\/shop\/sportarten\/thaiboxen\/thaiboxen-schutzausrustung\/fusschutz-dax\/","title":{"rendered":"Fu\u00dfschutz | Dax"},"content":{"rendered":"<h3>Fu\u00dfschutz | Dax<\/h3>\n<p>Fu\u00dfschutz, Dax. Ist hochwertiger Schutz f\u00fcr Schienbein und Spann, besonders geeignet f\u00fcr Kampfsportarten. Der Schienbeinschoner wird beim Thaiboxen, Kickboxen, Ju Jitsu und MMA Training verwendet. Sie bestehen aus hochwertiger Baumwolle und sind maschinenwaschbar.<\/p>\n","protected":false},"excerpt":{"rendered":"<p>Fu\u00dfschutz, Dax. Ist hochwertiger Schutz f\u00fcr Schienbein und Spann, besonders geeignet f\u00fcr Kampfsportarten. Der Schienbeinschoner wird beim Thaiboxen, Kickboxen, Ju Jitsu und MMA Training verwendet. Sie bestehen aus hochwertiger Baumwolle und sind maschinenwaschbar.<\/p>\n","protected":false},"featured_media":55950,"comment_status":"open","ping_status":"closed","template":"","meta":{"_acf_changed":false},"product_brand":[2096],"product_cat":[580,644,690,698,722,634,732,656,778,786],"product_tag":[],"class_list":{"0":"post-14556","1":"product","2":"type-product","3":"status-publish","4":"has-post-thumbnail","6":"product_brand-dax","7":"product_cat-equipment-de","8":"product_cat-handschutz-und-beinschutz","9":"product_cat-ju-jitsu-de","10":"product_cat-ju-jutsu-schutzausrustung","11":"product_cat-kickboxen","12":"product_cat-schutzausrustung","13":"product_cat-schutzausrustung-zum-kickboxen","14":"product_cat-sportarten","15":"product_cat-thaiboxen","16":"product_cat-thaiboxen-schutzausrustung","18":"first","19":"instock","20":"taxable","21":"shipping-taxable","22":"purchasable","23":"product-type-variable"},"acf":[],"yoast_head":"<!-- This site is optimized with the Yoast SEO plugin v27.5 - https:\/\/yoast.com\/product\/yoast-seo-wordpress\/ -->\n<title>Fu\u00dfschutz | Dax - PRIDEshop<\/title>\n<meta name=\"description\" content=\"Fu\u00dfschutz, DaxIst hochwertiger Schutz f\u00fcr Schienbein und Spann, besonders geeignet f\u00fcr Kampfsportarten.\" \/>\n<meta name=\"robots\" content=\"index, follow, max-snippet:-1, max-image-preview:large, max-video-preview:-1\" \/>\n<link rel=\"canonical\" href=\"https:\/\/prideshop.eu\/de\/shop\/sportarten\/thaiboxen\/thaiboxen-schutzausrustung\/fusschutz-dax\/\" \/>\n<meta property=\"og:locale\" content=\"de_DE\" \/>\n<meta property=\"og:type\" content=\"article\" \/>\n<meta property=\"og:title\" content=\"Fu\u00dfschutz | Dax - PRIDEshop\" \/>\n<meta property=\"og:description\" content=\"Fu\u00dfschutz, DaxIst hochwertiger Schutz f\u00fcr Schienbein und Spann, besonders geeignet f\u00fcr Kampfsportarten.\" \/>\n<meta property=\"og:url\" content=\"https:\/\/prideshop.eu\/de\/shop\/sportarten\/thaiboxen\/thaiboxen-schutzausrustung\/fusschutz-dax\/\" \/>\n<meta property=\"og:site_name\" content=\"PRIDEshop\" \/>\n<meta property=\"article:publisher\" content=\"https:\/\/sl-si.facebook.com\/PrideShopeu\" \/>\n<meta property=\"article:modified_time\" content=\"2026-02-11T11:43:15+00:00\" \/>\n<meta property=\"og:image\" content=\"https:\/\/prideshop.eu\/wp-content\/uploads\/2021\/05\/scitniki-za-golenico-in-nart-dax-elastic-guard.jpg\" \/>\n\t<meta property=\"og:image:width\" content=\"1000\" \/>\n\t<meta property=\"og:image:height\" content=\"1000\" \/>\n\t<meta property=\"og:image:type\" content=\"image\/jpeg\" \/>\n<meta name=\"twitter:card\" content=\"summary_large_image\" \/>\n<script type=\"application\/ld+json\" class=\"yoast-schema-graph\">{\"@context\":\"https:\\\/\\\/schema.org\",\"@graph\":[{\"@type\":\"WebPage\",\"@id\":\"https:\\\/\\\/prideshop.eu\\\/de\\\/shop\\\/sportarten\\\/thaiboxen\\\/thaiboxen-schutzausrustung\\\/fusschutz-dax\\\/\",\"url\":\"https:\\\/\\\/prideshop.eu\\\/de\\\/shop\\\/sportarten\\\/thaiboxen\\\/thaiboxen-schutzausrustung\\\/fusschutz-dax\\\/\",\"name\":\"Fu\u00dfschutz | Dax - PRIDEshop\",\"isPartOf\":{\"@id\":\"https:\\\/\\\/prideshop.eu\\\/de\\\/#website\"},\"primaryImageOfPage\":{\"@id\":\"https:\\\/\\\/prideshop.eu\\\/de\\\/shop\\\/sportarten\\\/thaiboxen\\\/thaiboxen-schutzausrustung\\\/fusschutz-dax\\\/#primaryimage\"},\"image\":{\"@id\":\"https:\\\/\\\/prideshop.eu\\\/de\\\/shop\\\/sportarten\\\/thaiboxen\\\/thaiboxen-schutzausrustung\\\/fusschutz-dax\\\/#primaryimage\"},\"thumbnailUrl\":\"https:\\\/\\\/prideshop.eu\\\/wp-content\\\/uploads\\\/2021\\\/05\\\/scitniki-za-golenico-in-nart-dax-elastic-guard.jpg\",\"datePublished\":\"2021-05-06T09:30:23+00:00\",\"dateModified\":\"2026-02-11T11:43:15+00:00\",\"description\":\"Fu\u00dfschutz, DaxIst hochwertiger Schutz f\u00fcr Schienbein und Spann, besonders geeignet f\u00fcr Kampfsportarten.\",\"breadcrumb\":{\"@id\":\"https:\\\/\\\/prideshop.eu\\\/de\\\/shop\\\/sportarten\\\/thaiboxen\\\/thaiboxen-schutzausrustung\\\/fusschutz-dax\\\/#breadcrumb\"},\"inLanguage\":\"de\",\"potentialAction\":[{\"@type\":\"ReadAction\",\"target\":[\"https:\\\/\\\/prideshop.eu\\\/de\\\/shop\\\/sportarten\\\/thaiboxen\\\/thaiboxen-schutzausrustung\\\/fusschutz-dax\\\/\"]}]},{\"@type\":\"ImageObject\",\"inLanguage\":\"de\",\"@id\":\"https:\\\/\\\/prideshop.eu\\\/de\\\/shop\\\/sportarten\\\/thaiboxen\\\/thaiboxen-schutzausrustung\\\/fusschutz-dax\\\/#primaryimage\",\"url\":\"https:\\\/\\\/prideshop.eu\\\/wp-content\\\/uploads\\\/2021\\\/05\\\/scitniki-za-golenico-in-nart-dax-elastic-guard.jpg\",\"contentUrl\":\"https:\\\/\\\/prideshop.eu\\\/wp-content\\\/uploads\\\/2021\\\/05\\\/scitniki-za-golenico-in-nart-dax-elastic-guard.jpg\",\"width\":1000,\"height\":1000,\"caption\":\"\u0160\u010ditniki za golenico in nart Dax \u2013 Elastic Guard v rde\u010di in modri barvi\"},{\"@type\":\"BreadcrumbList\",\"@id\":\"https:\\\/\\\/prideshop.eu\\\/de\\\/shop\\\/sportarten\\\/thaiboxen\\\/thaiboxen-schutzausrustung\\\/fusschutz-dax\\\/#breadcrumb\",\"itemListElement\":[{\"@type\":\"ListItem\",\"position\":1,\"name\":\"Home\",\"item\":\"https:\\\/\\\/prideshop.eu\\\/de\\\/\"},{\"@type\":\"ListItem\",\"position\":2,\"name\":\"Gesch\u00e4ft\",\"item\":\"https:\\\/\\\/prideshop.eu\\\/de\\\/geschaeft\\\/\"},{\"@type\":\"ListItem\",\"position\":3,\"name\":\"Fu\u00dfschutz | Dax\"}]},{\"@type\":\"WebSite\",\"@id\":\"https:\\\/\\\/prideshop.eu\\\/de\\\/#website\",\"url\":\"https:\\\/\\\/prideshop.eu\\\/de\\\/\",\"name\":\"PRIDEshop\",\"description\":\"Oprema za Borilne \u0160porte\",\"publisher\":{\"@id\":\"https:\\\/\\\/prideshop.eu\\\/de\\\/#organization\"},\"potentialAction\":[{\"@type\":\"SearchAction\",\"target\":{\"@type\":\"EntryPoint\",\"urlTemplate\":\"https:\\\/\\\/prideshop.eu\\\/de\\\/?s={search_term_string}\"},\"query-input\":{\"@type\":\"PropertyValueSpecification\",\"valueRequired\":true,\"valueName\":\"search_term_string\"}}],\"inLanguage\":\"de\"},{\"@type\":\"Organization\",\"@id\":\"https:\\\/\\\/prideshop.eu\\\/de\\\/#organization\",\"name\":\"PRIDEshop\",\"url\":\"https:\\\/\\\/prideshop.eu\\\/de\\\/\",\"logo\":{\"@type\":\"ImageObject\",\"inLanguage\":\"de\",\"@id\":\"https:\\\/\\\/prideshop.eu\\\/de\\\/#\\\/schema\\\/logo\\\/image\\\/\",\"url\":\"\",\"contentUrl\":\"\",\"caption\":\"PRIDEshop\"},\"image\":{\"@id\":\"https:\\\/\\\/prideshop.eu\\\/de\\\/#\\\/schema\\\/logo\\\/image\\\/\"},\"sameAs\":[\"https:\\\/\\\/sl-si.facebook.com\\\/PrideShopeu\"]}]}<\/script>\n<!-- \/ Yoast SEO plugin. -->","yoast_head_json":{"title":"Fu\u00dfschutz | Dax - PRIDEshop","description":"Fu\u00dfschutz, DaxIst hochwertiger Schutz f\u00fcr Schienbein und Spann, besonders geeignet f\u00fcr Kampfsportarten.","robots":{"index":"index","follow":"follow","max-snippet":"max-snippet:-1","max-image-preview":"max-image-preview:large","max-video-preview":"max-video-preview:-1"},"canonical":"https:\/\/prideshop.eu\/de\/shop\/sportarten\/thaiboxen\/thaiboxen-schutzausrustung\/fusschutz-dax\/","og_locale":"de_DE","og_type":"article","og_title":"Fu\u00dfschutz | Dax - PRIDEshop","og_description":"Fu\u00dfschutz, DaxIst hochwertiger Schutz f\u00fcr Schienbein und Spann, besonders geeignet f\u00fcr Kampfsportarten.","og_url":"https:\/\/prideshop.eu\/de\/shop\/sportarten\/thaiboxen\/thaiboxen-schutzausrustung\/fusschutz-dax\/","og_site_name":"PRIDEshop","article_publisher":"https:\/\/sl-si.facebook.com\/PrideShopeu","article_modified_time":"2026-02-11T11:43:15+00:00","og_image":[{"width":1000,"height":1000,"url":"https:\/\/prideshop.eu\/wp-content\/uploads\/2021\/05\/scitniki-za-golenico-in-nart-dax-elastic-guard.jpg","type":"image\/jpeg"}],"twitter_card":"summary_large_image","schema":{"@context":"https:\/\/schema.org","@graph":[{"@type":"WebPage","@id":"https:\/\/prideshop.eu\/de\/shop\/sportarten\/thaiboxen\/thaiboxen-schutzausrustung\/fusschutz-dax\/","url":"https:\/\/prideshop.eu\/de\/shop\/sportarten\/thaiboxen\/thaiboxen-schutzausrustung\/fusschutz-dax\/","name":"Fu\u00dfschutz | Dax - PRIDEshop","isPartOf":{"@id":"https:\/\/prideshop.eu\/de\/#website"},"primaryImageOfPage":{"@id":"https:\/\/prideshop.eu\/de\/shop\/sportarten\/thaiboxen\/thaiboxen-schutzausrustung\/fusschutz-dax\/#primaryimage"},"image":{"@id":"https:\/\/prideshop.eu\/de\/shop\/sportarten\/thaiboxen\/thaiboxen-schutzausrustung\/fusschutz-dax\/#primaryimage"},"thumbnailUrl":"https:\/\/prideshop.eu\/wp-content\/uploads\/2021\/05\/scitniki-za-golenico-in-nart-dax-elastic-guard.jpg","datePublished":"2021-05-06T09:30:23+00:00","dateModified":"2026-02-11T11:43:15+00:00","description":"Fu\u00dfschutz, DaxIst hochwertiger Schutz f\u00fcr Schienbein und Spann, besonders geeignet f\u00fcr Kampfsportarten.","breadcrumb":{"@id":"https:\/\/prideshop.eu\/de\/shop\/sportarten\/thaiboxen\/thaiboxen-schutzausrustung\/fusschutz-dax\/#breadcrumb"},"inLanguage":"de","potentialAction":[{"@type":"ReadAction","target":["https:\/\/prideshop.eu\/de\/shop\/sportarten\/thaiboxen\/thaiboxen-schutzausrustung\/fusschutz-dax\/"]}]},{"@type":"ImageObject","inLanguage":"de","@id":"https:\/\/prideshop.eu\/de\/shop\/sportarten\/thaiboxen\/thaiboxen-schutzausrustung\/fusschutz-dax\/#primaryimage","url":"https:\/\/prideshop.eu\/wp-content\/uploads\/2021\/05\/scitniki-za-golenico-in-nart-dax-elastic-guard.jpg","contentUrl":"https:\/\/prideshop.eu\/wp-content\/uploads\/2021\/05\/scitniki-za-golenico-in-nart-dax-elastic-guard.jpg","width":1000,"height":1000,"caption":"\u0160\u010ditniki za golenico in nart Dax \u2013 Elastic Guard v rde\u010di in modri barvi"},{"@type":"BreadcrumbList","@id":"https:\/\/prideshop.eu\/de\/shop\/sportarten\/thaiboxen\/thaiboxen-schutzausrustung\/fusschutz-dax\/#breadcrumb","itemListElement":[{"@type":"ListItem","position":1,"name":"Home","item":"https:\/\/prideshop.eu\/de\/"},{"@type":"ListItem","position":2,"name":"Gesch\u00e4ft","item":"https:\/\/prideshop.eu\/de\/geschaeft\/"},{"@type":"ListItem","position":3,"name":"Fu\u00dfschutz | Dax"}]},{"@type":"WebSite","@id":"https:\/\/prideshop.eu\/de\/#website","url":"https:\/\/prideshop.eu\/de\/","name":"PRIDEshop","description":"Oprema za Borilne \u0160porte","publisher":{"@id":"https:\/\/prideshop.eu\/de\/#organization"},"potentialAction":[{"@type":"SearchAction","target":{"@type":"EntryPoint","urlTemplate":"https:\/\/prideshop.eu\/de\/?s={search_term_string}"},"query-input":{"@type":"PropertyValueSpecification","valueRequired":true,"valueName":"search_term_string"}}],"inLanguage":"de"},{"@type":"Organization","@id":"https:\/\/prideshop.eu\/de\/#organization","name":"PRIDEshop","url":"https:\/\/prideshop.eu\/de\/","logo":{"@type":"ImageObject","inLanguage":"de","@id":"https:\/\/prideshop.eu\/de\/#\/schema\/logo\/image\/","url":"","contentUrl":"","caption":"PRIDEshop"},"image":{"@id":"https:\/\/prideshop.eu\/de\/#\/schema\/logo\/image\/"},"sameAs":["https:\/\/sl-si.facebook.com\/PrideShopeu"]}]}},"_links":{"self":[{"href":"https:\/\/prideshop.eu\/de\/wp-json\/wp\/v2\/product\/14556","targetHints":{"allow":["GET"]}}],"collection":[{"href":"https:\/\/prideshop.eu\/de\/wp-json\/wp\/v2\/product"}],"about":[{"href":"https:\/\/prideshop.eu\/de\/wp-json\/wp\/v2\/types\/product"}],"replies":[{"embeddable":true,"href":"https:\/\/prideshop.eu\/de\/wp-json\/wp\/v2\/comments?post=14556"}],"wp:featuredmedia":[{"embeddable":true,"href":"https:\/\/prideshop.eu\/de\/wp-json\/wp\/v2\/media\/55950"}],"wp:attachment":[{"href":"https:\/\/prideshop.eu\/de\/wp-json\/wp\/v2\/media?parent=14556"}],"wp:term":[{"taxonomy":"product_brand","embeddable":true,"href":"https:\/\/prideshop.eu\/de\/wp-json\/wp\/v2\/product_brand?post=14556"},{"taxonomy":"product_cat","embeddable":true,"href":"https:\/\/prideshop.eu\/de\/wp-json\/wp\/v2\/product_cat?post=14556"},{"taxonomy":"product_tag","embeddable":true,"href":"https:\/\/prideshop.eu\/de\/wp-json\/wp\/v2\/product_tag?post=14556"}],"curies":[{"name":"wp","href":"https:\/\/api.w.org\/{rel}","templated":true}]}}