{"id":14564,"date":"2021-02-02T09:11:20","date_gmt":"2021-02-02T08:11:20","guid":{"rendered":"https:\/\/prideshop.eu\/spletna-trgovina\/unkategorisiert\/box-reflex-ball-pride\/"},"modified":"2025-08-04T11:17:49","modified_gmt":"2025-08-04T09:17:49","slug":"box-reflex-ball-pride","status":"publish","type":"product","link":"https:\/\/prideshop.eu\/de\/shop\/sportarten\/kickboxen\/kickboxen-zubehor\/box-reflex-ball-pride\/","title":{"rendered":"Box Reflex Ball | Pride"},"content":{"rendered":"<h3>Box Reflex Ball | Pride<\/h3>\n<p>Boxen Reflex Ball, Pride. Der Punch Reflex Ball ist ideal f\u00fcr das Heimtraining, das Aufw\u00e4rmen oder das Konzentrationstraining. Der weiche, widerstandsf\u00e4hige PU\u2013Ball wird mit einem speziell angepassten und verst\u00e4rkten Gummiseil an der \u00d6se des Stirnbandes befestigt. Es ist auf Reaktion und Geschwindigkeit, Hand\u2013Auge\u2013Koordination, Gegenangriff sowie Geschwindigkeit und Genauigkeit ausgelegt. Schnelles, intensives Kicktraining arbeitet an der Arm\u2013, Brust\u2013, Schulter\u2013 und R\u00fcckenmuskulatur. Gummibandl\u00e4nge ca. 80 cm, individuell verstellbar, Kugeldurchmesser 6 cm.<\/p>\n","protected":false},"excerpt":{"rendered":"<p>Boxen Reflex Ball, Pride. Der Punch Reflex Ball ist ideal f\u00fcr das Heimtraining, das Aufw\u00e4rmen oder das Konzentrationstraining. Der weiche, widerstandsf\u00e4hige PU\u2013Ball wird mit einem speziell angepassten und verst\u00e4rkten Gummiseil an der \u00d6se des Stirnbandes befestigt. Es ist auf Reaktion und Geschwindigkeit, Hand\u2013Auge\u2013Koordination, Gegenangriff sowie Geschwindigkeit und Genauigkeit ausgelegt. Schnelles, intensives Kicktraining arbeitet an der Arm\u2013, Brust\u2013, Schulter\u2013 und R\u00fcckenmuskulatur. Gummibandl\u00e4nge ca. 80 cm, individuell verstellbar, Kugeldurchmesser 6 cm.<\/p>\n","protected":false},"featured_media":24088,"comment_status":"open","ping_status":"closed","template":"","meta":{"_acf_changed":false},"product_brand":[2099],"product_cat":[664,674,580,624,722,724,588,616,582],"product_tag":[],"class_list":{"0":"post-14564","1":"product","2":"type-product","3":"status-publish","4":"has-post-thumbnail","6":"product_brand-tajd-team","7":"product_cat-boxen","8":"product_cat-boxen-zubehor","9":"product_cat-equipment-de","10":"product_cat-handpratzen-schlagpolster-schlagschilder","11":"product_cat-kickboxen","12":"product_cat-kickboxen-zubehor","13":"product_cat-sonstiges","14":"product_cat-trainingsgerate","15":"product_cat-zusatzlische-angebote","17":"first","18":"outofstock","19":"sale","20":"taxable","21":"shipping-taxable","22":"purchasable","23":"product-type-simple"},"acf":[],"yoast_head":"<!-- This site is optimized with the Yoast SEO plugin v27.5 - https:\/\/yoast.com\/product\/yoast-seo-wordpress\/ -->\n<title>Box Reflex Ball | Pride - PRIDEshop<\/title>\n<meta name=\"description\" content=\"Boxen Reflex Ball, PrideDer Punch Reflex Ball ist ideal f\u00fcr das Heimtraining, das Aufw\u00e4rmen oder das Konzentrationstraining.\" \/>\n<meta name=\"robots\" content=\"index, follow, max-snippet:-1, max-image-preview:large, max-video-preview:-1\" \/>\n<link rel=\"canonical\" href=\"https:\/\/prideshop.eu\/de\/shop\/sportarten\/kickboxen\/kickboxen-zubehor\/box-reflex-ball-pride\/\" \/>\n<meta property=\"og:locale\" content=\"de_DE\" \/>\n<meta property=\"og:type\" content=\"article\" \/>\n<meta property=\"og:title\" content=\"Box Reflex Ball | Pride - PRIDEshop\" \/>\n<meta property=\"og:description\" content=\"Boxen Reflex Ball, PrideDer Punch Reflex Ball ist ideal f\u00fcr das Heimtraining, das Aufw\u00e4rmen oder das Konzentrationstraining.\" \/>\n<meta property=\"og:url\" content=\"https:\/\/prideshop.eu\/de\/shop\/sportarten\/kickboxen\/kickboxen-zubehor\/box-reflex-ball-pride\/\" \/>\n<meta property=\"og:site_name\" content=\"PRIDEshop\" \/>\n<meta property=\"article:publisher\" content=\"https:\/\/sl-si.facebook.com\/PrideShopeu\" \/>\n<meta property=\"article:modified_time\" content=\"2025-08-04T09:17:49+00:00\" \/>\n<meta property=\"og:image\" content=\"https:\/\/prideshop.eu\/wp-content\/uploads\/2021\/02\/boksarska-refleksna-zogica-pride-dtgs061.jpg\" \/>\n\t<meta property=\"og:image:width\" content=\"1000\" \/>\n\t<meta property=\"og:image:height\" content=\"1000\" \/>\n\t<meta property=\"og:image:type\" content=\"image\/jpeg\" \/>\n<meta name=\"twitter:card\" content=\"summary_large_image\" \/>\n<script type=\"application\/ld+json\" class=\"yoast-schema-graph\">{\"@context\":\"https:\\\/\\\/schema.org\",\"@graph\":[{\"@type\":\"WebPage\",\"@id\":\"https:\\\/\\\/prideshop.eu\\\/de\\\/shop\\\/sportarten\\\/kickboxen\\\/kickboxen-zubehor\\\/box-reflex-ball-pride\\\/\",\"url\":\"https:\\\/\\\/prideshop.eu\\\/de\\\/shop\\\/sportarten\\\/kickboxen\\\/kickboxen-zubehor\\\/box-reflex-ball-pride\\\/\",\"name\":\"Box Reflex Ball | Pride - PRIDEshop\",\"isPartOf\":{\"@id\":\"https:\\\/\\\/prideshop.eu\\\/de\\\/#website\"},\"primaryImageOfPage\":{\"@id\":\"https:\\\/\\\/prideshop.eu\\\/de\\\/shop\\\/sportarten\\\/kickboxen\\\/kickboxen-zubehor\\\/box-reflex-ball-pride\\\/#primaryimage\"},\"image\":{\"@id\":\"https:\\\/\\\/prideshop.eu\\\/de\\\/shop\\\/sportarten\\\/kickboxen\\\/kickboxen-zubehor\\\/box-reflex-ball-pride\\\/#primaryimage\"},\"thumbnailUrl\":\"https:\\\/\\\/prideshop.eu\\\/wp-content\\\/uploads\\\/2021\\\/02\\\/boksarska-refleksna-zogica-pride-dtgs061.jpg\",\"datePublished\":\"2021-02-02T08:11:20+00:00\",\"dateModified\":\"2025-08-04T09:17:49+00:00\",\"description\":\"Boxen Reflex Ball, PrideDer Punch Reflex Ball ist ideal f\u00fcr das Heimtraining, das Aufw\u00e4rmen oder das Konzentrationstraining.\",\"breadcrumb\":{\"@id\":\"https:\\\/\\\/prideshop.eu\\\/de\\\/shop\\\/sportarten\\\/kickboxen\\\/kickboxen-zubehor\\\/box-reflex-ball-pride\\\/#breadcrumb\"},\"inLanguage\":\"de\",\"potentialAction\":[{\"@type\":\"ReadAction\",\"target\":[\"https:\\\/\\\/prideshop.eu\\\/de\\\/shop\\\/sportarten\\\/kickboxen\\\/kickboxen-zubehor\\\/box-reflex-ball-pride\\\/\"]}]},{\"@type\":\"ImageObject\",\"inLanguage\":\"de\",\"@id\":\"https:\\\/\\\/prideshop.eu\\\/de\\\/shop\\\/sportarten\\\/kickboxen\\\/kickboxen-zubehor\\\/box-reflex-ball-pride\\\/#primaryimage\",\"url\":\"https:\\\/\\\/prideshop.eu\\\/wp-content\\\/uploads\\\/2021\\\/02\\\/boksarska-refleksna-zogica-pride-dtgs061.jpg\",\"contentUrl\":\"https:\\\/\\\/prideshop.eu\\\/wp-content\\\/uploads\\\/2021\\\/02\\\/boksarska-refleksna-zogica-pride-dtgs061.jpg\",\"width\":1000,\"height\":1000,\"caption\":\"Box Reflex Ball mit Gummiband Pride\"},{\"@type\":\"BreadcrumbList\",\"@id\":\"https:\\\/\\\/prideshop.eu\\\/de\\\/shop\\\/sportarten\\\/kickboxen\\\/kickboxen-zubehor\\\/box-reflex-ball-pride\\\/#breadcrumb\",\"itemListElement\":[{\"@type\":\"ListItem\",\"position\":1,\"name\":\"Home\",\"item\":\"https:\\\/\\\/prideshop.eu\\\/de\\\/\"},{\"@type\":\"ListItem\",\"position\":2,\"name\":\"Gesch\u00e4ft\",\"item\":\"https:\\\/\\\/prideshop.eu\\\/de\\\/geschaeft\\\/\"},{\"@type\":\"ListItem\",\"position\":3,\"name\":\"Box Reflex Ball | Pride\"}]},{\"@type\":\"WebSite\",\"@id\":\"https:\\\/\\\/prideshop.eu\\\/de\\\/#website\",\"url\":\"https:\\\/\\\/prideshop.eu\\\/de\\\/\",\"name\":\"PRIDEshop\",\"description\":\"Oprema za Borilne \u0160porte\",\"publisher\":{\"@id\":\"https:\\\/\\\/prideshop.eu\\\/de\\\/#organization\"},\"potentialAction\":[{\"@type\":\"SearchAction\",\"target\":{\"@type\":\"EntryPoint\",\"urlTemplate\":\"https:\\\/\\\/prideshop.eu\\\/de\\\/?s={search_term_string}\"},\"query-input\":{\"@type\":\"PropertyValueSpecification\",\"valueRequired\":true,\"valueName\":\"search_term_string\"}}],\"inLanguage\":\"de\"},{\"@type\":\"Organization\",\"@id\":\"https:\\\/\\\/prideshop.eu\\\/de\\\/#organization\",\"name\":\"PRIDEshop\",\"url\":\"https:\\\/\\\/prideshop.eu\\\/de\\\/\",\"logo\":{\"@type\":\"ImageObject\",\"inLanguage\":\"de\",\"@id\":\"https:\\\/\\\/prideshop.eu\\\/de\\\/#\\\/schema\\\/logo\\\/image\\\/\",\"url\":\"\",\"contentUrl\":\"\",\"caption\":\"PRIDEshop\"},\"image\":{\"@id\":\"https:\\\/\\\/prideshop.eu\\\/de\\\/#\\\/schema\\\/logo\\\/image\\\/\"},\"sameAs\":[\"https:\\\/\\\/sl-si.facebook.com\\\/PrideShopeu\"]}]}<\/script>\n<!-- \/ Yoast SEO plugin. -->","yoast_head_json":{"title":"Box Reflex Ball | Pride - PRIDEshop","description":"Boxen Reflex Ball, PrideDer Punch Reflex Ball ist ideal f\u00fcr das Heimtraining, das Aufw\u00e4rmen oder das Konzentrationstraining.","robots":{"index":"index","follow":"follow","max-snippet":"max-snippet:-1","max-image-preview":"max-image-preview:large","max-video-preview":"max-video-preview:-1"},"canonical":"https:\/\/prideshop.eu\/de\/shop\/sportarten\/kickboxen\/kickboxen-zubehor\/box-reflex-ball-pride\/","og_locale":"de_DE","og_type":"article","og_title":"Box Reflex Ball | Pride - PRIDEshop","og_description":"Boxen Reflex Ball, PrideDer Punch Reflex Ball ist ideal f\u00fcr das Heimtraining, das Aufw\u00e4rmen oder das Konzentrationstraining.","og_url":"https:\/\/prideshop.eu\/de\/shop\/sportarten\/kickboxen\/kickboxen-zubehor\/box-reflex-ball-pride\/","og_site_name":"PRIDEshop","article_publisher":"https:\/\/sl-si.facebook.com\/PrideShopeu","article_modified_time":"2025-08-04T09:17:49+00:00","og_image":[{"width":1000,"height":1000,"url":"https:\/\/prideshop.eu\/wp-content\/uploads\/2021\/02\/boksarska-refleksna-zogica-pride-dtgs061.jpg","type":"image\/jpeg"}],"twitter_card":"summary_large_image","schema":{"@context":"https:\/\/schema.org","@graph":[{"@type":"WebPage","@id":"https:\/\/prideshop.eu\/de\/shop\/sportarten\/kickboxen\/kickboxen-zubehor\/box-reflex-ball-pride\/","url":"https:\/\/prideshop.eu\/de\/shop\/sportarten\/kickboxen\/kickboxen-zubehor\/box-reflex-ball-pride\/","name":"Box Reflex Ball | Pride - PRIDEshop","isPartOf":{"@id":"https:\/\/prideshop.eu\/de\/#website"},"primaryImageOfPage":{"@id":"https:\/\/prideshop.eu\/de\/shop\/sportarten\/kickboxen\/kickboxen-zubehor\/box-reflex-ball-pride\/#primaryimage"},"image":{"@id":"https:\/\/prideshop.eu\/de\/shop\/sportarten\/kickboxen\/kickboxen-zubehor\/box-reflex-ball-pride\/#primaryimage"},"thumbnailUrl":"https:\/\/prideshop.eu\/wp-content\/uploads\/2021\/02\/boksarska-refleksna-zogica-pride-dtgs061.jpg","datePublished":"2021-02-02T08:11:20+00:00","dateModified":"2025-08-04T09:17:49+00:00","description":"Boxen Reflex Ball, PrideDer Punch Reflex Ball ist ideal f\u00fcr das Heimtraining, das Aufw\u00e4rmen oder das Konzentrationstraining.","breadcrumb":{"@id":"https:\/\/prideshop.eu\/de\/shop\/sportarten\/kickboxen\/kickboxen-zubehor\/box-reflex-ball-pride\/#breadcrumb"},"inLanguage":"de","potentialAction":[{"@type":"ReadAction","target":["https:\/\/prideshop.eu\/de\/shop\/sportarten\/kickboxen\/kickboxen-zubehor\/box-reflex-ball-pride\/"]}]},{"@type":"ImageObject","inLanguage":"de","@id":"https:\/\/prideshop.eu\/de\/shop\/sportarten\/kickboxen\/kickboxen-zubehor\/box-reflex-ball-pride\/#primaryimage","url":"https:\/\/prideshop.eu\/wp-content\/uploads\/2021\/02\/boksarska-refleksna-zogica-pride-dtgs061.jpg","contentUrl":"https:\/\/prideshop.eu\/wp-content\/uploads\/2021\/02\/boksarska-refleksna-zogica-pride-dtgs061.jpg","width":1000,"height":1000,"caption":"Box Reflex Ball mit Gummiband Pride"},{"@type":"BreadcrumbList","@id":"https:\/\/prideshop.eu\/de\/shop\/sportarten\/kickboxen\/kickboxen-zubehor\/box-reflex-ball-pride\/#breadcrumb","itemListElement":[{"@type":"ListItem","position":1,"name":"Home","item":"https:\/\/prideshop.eu\/de\/"},{"@type":"ListItem","position":2,"name":"Gesch\u00e4ft","item":"https:\/\/prideshop.eu\/de\/geschaeft\/"},{"@type":"ListItem","position":3,"name":"Box Reflex Ball | Pride"}]},{"@type":"WebSite","@id":"https:\/\/prideshop.eu\/de\/#website","url":"https:\/\/prideshop.eu\/de\/","name":"PRIDEshop","description":"Oprema za Borilne \u0160porte","publisher":{"@id":"https:\/\/prideshop.eu\/de\/#organization"},"potentialAction":[{"@type":"SearchAction","target":{"@type":"EntryPoint","urlTemplate":"https:\/\/prideshop.eu\/de\/?s={search_term_string}"},"query-input":{"@type":"PropertyValueSpecification","valueRequired":true,"valueName":"search_term_string"}}],"inLanguage":"de"},{"@type":"Organization","@id":"https:\/\/prideshop.eu\/de\/#organization","name":"PRIDEshop","url":"https:\/\/prideshop.eu\/de\/","logo":{"@type":"ImageObject","inLanguage":"de","@id":"https:\/\/prideshop.eu\/de\/#\/schema\/logo\/image\/","url":"","contentUrl":"","caption":"PRIDEshop"},"image":{"@id":"https:\/\/prideshop.eu\/de\/#\/schema\/logo\/image\/"},"sameAs":["https:\/\/sl-si.facebook.com\/PrideShopeu"]}]}},"_links":{"self":[{"href":"https:\/\/prideshop.eu\/de\/wp-json\/wp\/v2\/product\/14564","targetHints":{"allow":["GET"]}}],"collection":[{"href":"https:\/\/prideshop.eu\/de\/wp-json\/wp\/v2\/product"}],"about":[{"href":"https:\/\/prideshop.eu\/de\/wp-json\/wp\/v2\/types\/product"}],"replies":[{"embeddable":true,"href":"https:\/\/prideshop.eu\/de\/wp-json\/wp\/v2\/comments?post=14564"}],"wp:featuredmedia":[{"embeddable":true,"href":"https:\/\/prideshop.eu\/de\/wp-json\/wp\/v2\/media\/24088"}],"wp:attachment":[{"href":"https:\/\/prideshop.eu\/de\/wp-json\/wp\/v2\/media?parent=14564"}],"wp:term":[{"taxonomy":"product_brand","embeddable":true,"href":"https:\/\/prideshop.eu\/de\/wp-json\/wp\/v2\/product_brand?post=14564"},{"taxonomy":"product_cat","embeddable":true,"href":"https:\/\/prideshop.eu\/de\/wp-json\/wp\/v2\/product_cat?post=14564"},{"taxonomy":"product_tag","embeddable":true,"href":"https:\/\/prideshop.eu\/de\/wp-json\/wp\/v2\/product_tag?post=14564"}],"curies":[{"name":"wp","href":"https:\/\/api.w.org\/{rel}","templated":true}]}}