{"id":14582,"date":"2021-02-01T15:24:19","date_gmt":"2021-02-01T14:24:19","guid":{"rendered":"https:\/\/prideshop.eu\/spletna-trgovina\/unkategorisiert\/soft-speed-trainingsstocke-zebra\/"},"modified":"2025-08-04T11:17:50","modified_gmt":"2025-08-04T09:17:50","slug":"soft-speed-trainingsstocke-zebra","status":"publish","type":"product","link":"https:\/\/prideshop.eu\/de\/shop\/equipment-de\/trainingsgerate\/handpratzen-schlagpolster-schlagschilder\/soft-speed-trainingsstocke-zebra\/","title":{"rendered":"Soft\u2013Speed Trainingsst\u00f6cke | Zebra"},"content":{"rendered":"<h3>Soft\u2013Speed Trainingsst\u00f6cke | Zebra<\/h3>\n<p>Soft\u2013Speed Trainingsst\u00f6cke, Zebra. Sie bestehen aus PU\u2013Leder mit einem weichen Schaumstoffkern. Griffschlaufen sorgen f\u00fcr guten Halt. Weiche Beschleuniger werden f\u00fcr Kombinationen von schnellen Schl\u00e4gen, Augen\u2013Hand\u2013Koordinationstraining und auch f\u00fcr alle Arten von Bewegungs\u00fcbungen verwendet. Geeignet f\u00fcr MMA, Boxen und Kickboxen. Sie werden paarweise verkauft.<\/p>\n","protected":false},"excerpt":{"rendered":"<p>Soft\u2013Speed Trainingsst\u00f6cke, Zebra. Sie bestehen aus PU\u2013Leder mit einem weichen Schaumstoffkern. Griffschlaufen sorgen f\u00fcr guten Halt. Weiche Beschleuniger werden f\u00fcr Kombinationen von schnellen Schl\u00e4gen, Augen\u2013Hand\u2013Koordinationstraining und auch f\u00fcr alle Arten von Bewegungs\u00fcbungen verwendet. Geeignet f\u00fcr MMA, Boxen und Kickboxen. Sie werden paarweise verkauft.<\/p>\n","protected":false},"featured_media":36504,"comment_status":"open","ping_status":"closed","template":"","meta":{"_acf_changed":false},"product_brand":[],"product_cat":[580,624,588,616,582],"product_tag":[],"class_list":{"0":"post-14582","1":"product","2":"type-product","3":"status-publish","4":"has-post-thumbnail","6":"product_cat-equipment-de","7":"product_cat-handpratzen-schlagpolster-schlagschilder","8":"product_cat-sonstiges","9":"product_cat-trainingsgerate","10":"product_cat-zusatzlische-angebote","12":"first","13":"outofstock","14":"taxable","15":"shipping-taxable","16":"purchasable","17":"product-type-simple"},"acf":[],"yoast_head":"<!-- This site is optimized with the Yoast SEO plugin v27.5 - https:\/\/yoast.com\/product\/yoast-seo-wordpress\/ -->\n<title>Soft\u2013Speed Trainingsst\u00f6cke | Zebra - PRIDEshop<\/title>\n<meta name=\"description\" content=\"Soft-Speed Trainingsst\u00f6cke, Zebra Sie bestehen aus PU-Leder mit einem weichen Schaumstoffkern. Griffschlaufen sorgen f\u00fcr guten Halt. Weiche Beschleuniger werden f\u00fcr Kombinationen von schnellen Schl\u00e4gen, Augen-Hand-Koordinationstraining und auch f\u00fcr alle Arten von Bewegungs\u00fcbungen verwendet. Geeignet f\u00fcr MMA, Boxen und Kickboxen. Sie werden paarweise verkauft.\" \/>\n<meta name=\"robots\" content=\"index, follow, max-snippet:-1, max-image-preview:large, max-video-preview:-1\" \/>\n<link rel=\"canonical\" href=\"https:\/\/prideshop.eu\/de\/shop\/equipment-de\/trainingsgerate\/handpratzen-schlagpolster-schlagschilder\/soft-speed-trainingsstocke-zebra\/\" \/>\n<meta property=\"og:locale\" content=\"de_DE\" \/>\n<meta property=\"og:type\" content=\"article\" \/>\n<meta property=\"og:title\" content=\"Soft\u2013Speed Trainingsst\u00f6cke | Zebra - PRIDEshop\" \/>\n<meta property=\"og:description\" content=\"Soft-Speed Trainingsst\u00f6cke, Zebra Sie bestehen aus PU-Leder mit einem weichen Schaumstoffkern. Griffschlaufen sorgen f\u00fcr guten Halt. Weiche Beschleuniger werden f\u00fcr Kombinationen von schnellen Schl\u00e4gen, Augen-Hand-Koordinationstraining und auch f\u00fcr alle Arten von Bewegungs\u00fcbungen verwendet. Geeignet f\u00fcr MMA, Boxen und Kickboxen. Sie werden paarweise verkauft.\" \/>\n<meta property=\"og:url\" content=\"https:\/\/prideshop.eu\/de\/shop\/equipment-de\/trainingsgerate\/handpratzen-schlagpolster-schlagschilder\/soft-speed-trainingsstocke-zebra\/\" \/>\n<meta property=\"og:site_name\" content=\"PRIDEshop\" \/>\n<meta property=\"article:publisher\" content=\"https:\/\/sl-si.facebook.com\/PrideShopeu\" \/>\n<meta property=\"article:modified_time\" content=\"2025-08-04T09:17:50+00:00\" \/>\n<meta property=\"og:image\" content=\"https:\/\/prideshop.eu\/wp-content\/uploads\/2021\/02\/trenerske-soft-speed-palice-zebra-dzpess01-1-2.jpg\" \/>\n\t<meta property=\"og:image:width\" content=\"600\" \/>\n\t<meta property=\"og:image:height\" content=\"600\" \/>\n\t<meta property=\"og:image:type\" content=\"image\/jpeg\" \/>\n<meta name=\"twitter:card\" content=\"summary_large_image\" \/>\n<script type=\"application\/ld+json\" class=\"yoast-schema-graph\">{\"@context\":\"https:\\\/\\\/schema.org\",\"@graph\":[{\"@type\":\"WebPage\",\"@id\":\"https:\\\/\\\/prideshop.eu\\\/de\\\/shop\\\/equipment-de\\\/trainingsgerate\\\/handpratzen-schlagpolster-schlagschilder\\\/soft-speed-trainingsstocke-zebra\\\/\",\"url\":\"https:\\\/\\\/prideshop.eu\\\/de\\\/shop\\\/equipment-de\\\/trainingsgerate\\\/handpratzen-schlagpolster-schlagschilder\\\/soft-speed-trainingsstocke-zebra\\\/\",\"name\":\"Soft\u2013Speed Trainingsst\u00f6cke | Zebra - PRIDEshop\",\"isPartOf\":{\"@id\":\"https:\\\/\\\/prideshop.eu\\\/de\\\/#website\"},\"primaryImageOfPage\":{\"@id\":\"https:\\\/\\\/prideshop.eu\\\/de\\\/shop\\\/equipment-de\\\/trainingsgerate\\\/handpratzen-schlagpolster-schlagschilder\\\/soft-speed-trainingsstocke-zebra\\\/#primaryimage\"},\"image\":{\"@id\":\"https:\\\/\\\/prideshop.eu\\\/de\\\/shop\\\/equipment-de\\\/trainingsgerate\\\/handpratzen-schlagpolster-schlagschilder\\\/soft-speed-trainingsstocke-zebra\\\/#primaryimage\"},\"thumbnailUrl\":\"https:\\\/\\\/prideshop.eu\\\/wp-content\\\/uploads\\\/2021\\\/02\\\/trenerske-soft-speed-palice-zebra-dzpess01-1-2.jpg\",\"datePublished\":\"2021-02-01T14:24:19+00:00\",\"dateModified\":\"2025-08-04T09:17:50+00:00\",\"description\":\"Soft-Speed Trainingsst\u00f6cke, Zebra Sie bestehen aus PU-Leder mit einem weichen Schaumstoffkern. Griffschlaufen sorgen f\u00fcr guten Halt. Weiche Beschleuniger werden f\u00fcr Kombinationen von schnellen Schl\u00e4gen, Augen-Hand-Koordinationstraining und auch f\u00fcr alle Arten von Bewegungs\u00fcbungen verwendet. Geeignet f\u00fcr MMA, Boxen und Kickboxen. Sie werden paarweise verkauft.\",\"breadcrumb\":{\"@id\":\"https:\\\/\\\/prideshop.eu\\\/de\\\/shop\\\/equipment-de\\\/trainingsgerate\\\/handpratzen-schlagpolster-schlagschilder\\\/soft-speed-trainingsstocke-zebra\\\/#breadcrumb\"},\"inLanguage\":\"de\",\"potentialAction\":[{\"@type\":\"ReadAction\",\"target\":[\"https:\\\/\\\/prideshop.eu\\\/de\\\/shop\\\/equipment-de\\\/trainingsgerate\\\/handpratzen-schlagpolster-schlagschilder\\\/soft-speed-trainingsstocke-zebra\\\/\"]}]},{\"@type\":\"ImageObject\",\"inLanguage\":\"de\",\"@id\":\"https:\\\/\\\/prideshop.eu\\\/de\\\/shop\\\/equipment-de\\\/trainingsgerate\\\/handpratzen-schlagpolster-schlagschilder\\\/soft-speed-trainingsstocke-zebra\\\/#primaryimage\",\"url\":\"https:\\\/\\\/prideshop.eu\\\/wp-content\\\/uploads\\\/2021\\\/02\\\/trenerske-soft-speed-palice-zebra-dzpess01-1-2.jpg\",\"contentUrl\":\"https:\\\/\\\/prideshop.eu\\\/wp-content\\\/uploads\\\/2021\\\/02\\\/trenerske-soft-speed-palice-zebra-dzpess01-1-2.jpg\",\"width\":600,\"height\":600,\"caption\":\"Soft-Speed Trainingsst\u00f6cke Zebra\"},{\"@type\":\"BreadcrumbList\",\"@id\":\"https:\\\/\\\/prideshop.eu\\\/de\\\/shop\\\/equipment-de\\\/trainingsgerate\\\/handpratzen-schlagpolster-schlagschilder\\\/soft-speed-trainingsstocke-zebra\\\/#breadcrumb\",\"itemListElement\":[{\"@type\":\"ListItem\",\"position\":1,\"name\":\"Home\",\"item\":\"https:\\\/\\\/prideshop.eu\\\/de\\\/\"},{\"@type\":\"ListItem\",\"position\":2,\"name\":\"Gesch\u00e4ft\",\"item\":\"https:\\\/\\\/prideshop.eu\\\/de\\\/geschaeft\\\/\"},{\"@type\":\"ListItem\",\"position\":3,\"name\":\"Soft\u2013Speed Trainingsst\u00f6cke | Zebra\"}]},{\"@type\":\"WebSite\",\"@id\":\"https:\\\/\\\/prideshop.eu\\\/de\\\/#website\",\"url\":\"https:\\\/\\\/prideshop.eu\\\/de\\\/\",\"name\":\"PRIDEshop\",\"description\":\"Oprema za Borilne \u0160porte\",\"publisher\":{\"@id\":\"https:\\\/\\\/prideshop.eu\\\/de\\\/#organization\"},\"potentialAction\":[{\"@type\":\"SearchAction\",\"target\":{\"@type\":\"EntryPoint\",\"urlTemplate\":\"https:\\\/\\\/prideshop.eu\\\/de\\\/?s={search_term_string}\"},\"query-input\":{\"@type\":\"PropertyValueSpecification\",\"valueRequired\":true,\"valueName\":\"search_term_string\"}}],\"inLanguage\":\"de\"},{\"@type\":\"Organization\",\"@id\":\"https:\\\/\\\/prideshop.eu\\\/de\\\/#organization\",\"name\":\"PRIDEshop\",\"url\":\"https:\\\/\\\/prideshop.eu\\\/de\\\/\",\"logo\":{\"@type\":\"ImageObject\",\"inLanguage\":\"de\",\"@id\":\"https:\\\/\\\/prideshop.eu\\\/de\\\/#\\\/schema\\\/logo\\\/image\\\/\",\"url\":\"\",\"contentUrl\":\"\",\"caption\":\"PRIDEshop\"},\"image\":{\"@id\":\"https:\\\/\\\/prideshop.eu\\\/de\\\/#\\\/schema\\\/logo\\\/image\\\/\"},\"sameAs\":[\"https:\\\/\\\/sl-si.facebook.com\\\/PrideShopeu\"]}]}<\/script>\n<!-- \/ Yoast SEO plugin. -->","yoast_head_json":{"title":"Soft\u2013Speed Trainingsst\u00f6cke | Zebra - PRIDEshop","description":"Soft-Speed Trainingsst\u00f6cke, Zebra Sie bestehen aus PU-Leder mit einem weichen Schaumstoffkern. Griffschlaufen sorgen f\u00fcr guten Halt. Weiche Beschleuniger werden f\u00fcr Kombinationen von schnellen Schl\u00e4gen, Augen-Hand-Koordinationstraining und auch f\u00fcr alle Arten von Bewegungs\u00fcbungen verwendet. Geeignet f\u00fcr MMA, Boxen und Kickboxen. Sie werden paarweise verkauft.","robots":{"index":"index","follow":"follow","max-snippet":"max-snippet:-1","max-image-preview":"max-image-preview:large","max-video-preview":"max-video-preview:-1"},"canonical":"https:\/\/prideshop.eu\/de\/shop\/equipment-de\/trainingsgerate\/handpratzen-schlagpolster-schlagschilder\/soft-speed-trainingsstocke-zebra\/","og_locale":"de_DE","og_type":"article","og_title":"Soft\u2013Speed Trainingsst\u00f6cke | Zebra - PRIDEshop","og_description":"Soft-Speed Trainingsst\u00f6cke, Zebra Sie bestehen aus PU-Leder mit einem weichen Schaumstoffkern. Griffschlaufen sorgen f\u00fcr guten Halt. Weiche Beschleuniger werden f\u00fcr Kombinationen von schnellen Schl\u00e4gen, Augen-Hand-Koordinationstraining und auch f\u00fcr alle Arten von Bewegungs\u00fcbungen verwendet. Geeignet f\u00fcr MMA, Boxen und Kickboxen. Sie werden paarweise verkauft.","og_url":"https:\/\/prideshop.eu\/de\/shop\/equipment-de\/trainingsgerate\/handpratzen-schlagpolster-schlagschilder\/soft-speed-trainingsstocke-zebra\/","og_site_name":"PRIDEshop","article_publisher":"https:\/\/sl-si.facebook.com\/PrideShopeu","article_modified_time":"2025-08-04T09:17:50+00:00","og_image":[{"width":600,"height":600,"url":"https:\/\/prideshop.eu\/wp-content\/uploads\/2021\/02\/trenerske-soft-speed-palice-zebra-dzpess01-1-2.jpg","type":"image\/jpeg"}],"twitter_card":"summary_large_image","schema":{"@context":"https:\/\/schema.org","@graph":[{"@type":"WebPage","@id":"https:\/\/prideshop.eu\/de\/shop\/equipment-de\/trainingsgerate\/handpratzen-schlagpolster-schlagschilder\/soft-speed-trainingsstocke-zebra\/","url":"https:\/\/prideshop.eu\/de\/shop\/equipment-de\/trainingsgerate\/handpratzen-schlagpolster-schlagschilder\/soft-speed-trainingsstocke-zebra\/","name":"Soft\u2013Speed Trainingsst\u00f6cke | Zebra - PRIDEshop","isPartOf":{"@id":"https:\/\/prideshop.eu\/de\/#website"},"primaryImageOfPage":{"@id":"https:\/\/prideshop.eu\/de\/shop\/equipment-de\/trainingsgerate\/handpratzen-schlagpolster-schlagschilder\/soft-speed-trainingsstocke-zebra\/#primaryimage"},"image":{"@id":"https:\/\/prideshop.eu\/de\/shop\/equipment-de\/trainingsgerate\/handpratzen-schlagpolster-schlagschilder\/soft-speed-trainingsstocke-zebra\/#primaryimage"},"thumbnailUrl":"https:\/\/prideshop.eu\/wp-content\/uploads\/2021\/02\/trenerske-soft-speed-palice-zebra-dzpess01-1-2.jpg","datePublished":"2021-02-01T14:24:19+00:00","dateModified":"2025-08-04T09:17:50+00:00","description":"Soft-Speed Trainingsst\u00f6cke, Zebra Sie bestehen aus PU-Leder mit einem weichen Schaumstoffkern. Griffschlaufen sorgen f\u00fcr guten Halt. Weiche Beschleuniger werden f\u00fcr Kombinationen von schnellen Schl\u00e4gen, Augen-Hand-Koordinationstraining und auch f\u00fcr alle Arten von Bewegungs\u00fcbungen verwendet. Geeignet f\u00fcr MMA, Boxen und Kickboxen. Sie werden paarweise verkauft.","breadcrumb":{"@id":"https:\/\/prideshop.eu\/de\/shop\/equipment-de\/trainingsgerate\/handpratzen-schlagpolster-schlagschilder\/soft-speed-trainingsstocke-zebra\/#breadcrumb"},"inLanguage":"de","potentialAction":[{"@type":"ReadAction","target":["https:\/\/prideshop.eu\/de\/shop\/equipment-de\/trainingsgerate\/handpratzen-schlagpolster-schlagschilder\/soft-speed-trainingsstocke-zebra\/"]}]},{"@type":"ImageObject","inLanguage":"de","@id":"https:\/\/prideshop.eu\/de\/shop\/equipment-de\/trainingsgerate\/handpratzen-schlagpolster-schlagschilder\/soft-speed-trainingsstocke-zebra\/#primaryimage","url":"https:\/\/prideshop.eu\/wp-content\/uploads\/2021\/02\/trenerske-soft-speed-palice-zebra-dzpess01-1-2.jpg","contentUrl":"https:\/\/prideshop.eu\/wp-content\/uploads\/2021\/02\/trenerske-soft-speed-palice-zebra-dzpess01-1-2.jpg","width":600,"height":600,"caption":"Soft-Speed Trainingsst\u00f6cke Zebra"},{"@type":"BreadcrumbList","@id":"https:\/\/prideshop.eu\/de\/shop\/equipment-de\/trainingsgerate\/handpratzen-schlagpolster-schlagschilder\/soft-speed-trainingsstocke-zebra\/#breadcrumb","itemListElement":[{"@type":"ListItem","position":1,"name":"Home","item":"https:\/\/prideshop.eu\/de\/"},{"@type":"ListItem","position":2,"name":"Gesch\u00e4ft","item":"https:\/\/prideshop.eu\/de\/geschaeft\/"},{"@type":"ListItem","position":3,"name":"Soft\u2013Speed Trainingsst\u00f6cke | Zebra"}]},{"@type":"WebSite","@id":"https:\/\/prideshop.eu\/de\/#website","url":"https:\/\/prideshop.eu\/de\/","name":"PRIDEshop","description":"Oprema za Borilne \u0160porte","publisher":{"@id":"https:\/\/prideshop.eu\/de\/#organization"},"potentialAction":[{"@type":"SearchAction","target":{"@type":"EntryPoint","urlTemplate":"https:\/\/prideshop.eu\/de\/?s={search_term_string}"},"query-input":{"@type":"PropertyValueSpecification","valueRequired":true,"valueName":"search_term_string"}}],"inLanguage":"de"},{"@type":"Organization","@id":"https:\/\/prideshop.eu\/de\/#organization","name":"PRIDEshop","url":"https:\/\/prideshop.eu\/de\/","logo":{"@type":"ImageObject","inLanguage":"de","@id":"https:\/\/prideshop.eu\/de\/#\/schema\/logo\/image\/","url":"","contentUrl":"","caption":"PRIDEshop"},"image":{"@id":"https:\/\/prideshop.eu\/de\/#\/schema\/logo\/image\/"},"sameAs":["https:\/\/sl-si.facebook.com\/PrideShopeu"]}]}},"_links":{"self":[{"href":"https:\/\/prideshop.eu\/de\/wp-json\/wp\/v2\/product\/14582","targetHints":{"allow":["GET"]}}],"collection":[{"href":"https:\/\/prideshop.eu\/de\/wp-json\/wp\/v2\/product"}],"about":[{"href":"https:\/\/prideshop.eu\/de\/wp-json\/wp\/v2\/types\/product"}],"replies":[{"embeddable":true,"href":"https:\/\/prideshop.eu\/de\/wp-json\/wp\/v2\/comments?post=14582"}],"wp:featuredmedia":[{"embeddable":true,"href":"https:\/\/prideshop.eu\/de\/wp-json\/wp\/v2\/media\/36504"}],"wp:attachment":[{"href":"https:\/\/prideshop.eu\/de\/wp-json\/wp\/v2\/media?parent=14582"}],"wp:term":[{"taxonomy":"product_brand","embeddable":true,"href":"https:\/\/prideshop.eu\/de\/wp-json\/wp\/v2\/product_brand?post=14582"},{"taxonomy":"product_cat","embeddable":true,"href":"https:\/\/prideshop.eu\/de\/wp-json\/wp\/v2\/product_cat?post=14582"},{"taxonomy":"product_tag","embeddable":true,"href":"https:\/\/prideshop.eu\/de\/wp-json\/wp\/v2\/product_tag?post=14582"}],"curies":[{"name":"wp","href":"https:\/\/api.w.org\/{rel}","templated":true}]}}