{"id":14620,"date":"2020-10-01T10:37:29","date_gmt":"2020-10-01T08:37:29","guid":{"rendered":"https:\/\/prideshop.eu\/spletna-trgovina\/unkategorisiert\/pro-boxhandschuhe-fur-streichholzer-pride\/"},"modified":"2026-01-11T21:53:27","modified_gmt":"2026-01-11T20:53:27","slug":"pro-boxhandschuhe-fur-streichholzer-pride","status":"publish","type":"product","link":"https:\/\/prideshop.eu\/de\/shop\/sportarten\/boxen\/boxhandschuhe\/pro-boxhandschuhe-fur-streichholzer-pride\/","title":{"rendered":"Wettkampf Boxhandschuhe Leder Pride \u2013 ProBout"},"content":{"rendered":"<h3>Wettkampf Boxhandschuhe Leder Pride \u2013 ProBout<\/h3>\n<p>Professionelle Boxhandschuhe f\u00fcr Streichh\u00f6lzer, Pride. Exklusive Handschuhe werden in begrenzter St\u00fcckzahl nur f\u00fcr den engsten Kreis der Weltboxprofis hergestellt. Die Gloves bestehen aus strapazierf\u00e4higem Echtleder f\u00fcr den Dauereinsatz mit der Optik von Metallic\u2013Lack. Eine spezielle Kombination aus Rosshaarf\u00fcller und Schaum. Individualisierung mit Bindung und Qualit\u00e4tsfutter.<\/p>\n","protected":false},"excerpt":{"rendered":"<p>Professionelle Boxhandschuhe f\u00fcr Streichh\u00f6lzer, Pride. Exklusive Handschuhe werden in begrenzter St\u00fcckzahl nur f\u00fcr den engsten Kreis der Weltboxprofis hergestellt. Die Gloves bestehen aus strapazierf\u00e4higem Echtleder f\u00fcr den Dauereinsatz mit der Optik von Metallic\u2013Lack. Eine spezielle Kombination aus Rosshaarf\u00fcller und Schaum. Individualisierung mit Bindung und Qualit\u00e4tsfutter.<\/p>\n","protected":false},"featured_media":33511,"comment_status":"open","ping_status":"closed","template":"","meta":{"_acf_changed":false},"product_brand":[2108],"product_cat":[664,670,580,638,1899,634,656],"product_tag":[],"class_list":{"0":"post-14620","1":"product","2":"type-product","3":"status-publish","4":"has-post-thumbnail","6":"product_brand-pride-professional","7":"product_cat-boxen","8":"product_cat-boxhandschuhe","9":"product_cat-equipment-de","10":"product_cat-handschuhe","11":"product_cat-professionelles-boxen","12":"product_cat-schutzausrustung","13":"product_cat-sportarten","15":"first","16":"instock","17":"sale","18":"featured","19":"taxable","20":"shipping-taxable","21":"purchasable","22":"product-type-variable"},"acf":[],"yoast_head":"<!-- This site is optimized with the Yoast SEO plugin v27.5 - https:\/\/yoast.com\/product\/yoast-seo-wordpress\/ -->\n<title>Wettkampf Boxhandschuhe Leder Pride \u2013 ProBout - PRIDEshop<\/title>\n<meta name=\"description\" content=\"Professionelle Boxhandschuhe f\u00fcr Streichh\u00f6lzer, Pride. Exklusive Handschuhe werden in begrenzter St\u00fcckzahl.\" \/>\n<meta name=\"robots\" content=\"index, follow, max-snippet:-1, max-image-preview:large, max-video-preview:-1\" \/>\n<link rel=\"canonical\" href=\"https:\/\/prideshop.eu\/de\/shop\/sportarten\/boxen\/boxhandschuhe\/pro-boxhandschuhe-fur-streichholzer-pride\/\" \/>\n<meta property=\"og:locale\" content=\"de_DE\" \/>\n<meta property=\"og:type\" content=\"article\" \/>\n<meta property=\"og:title\" content=\"Wettkampf Boxhandschuhe Leder Pride \u2013 ProBout - PRIDEshop\" \/>\n<meta property=\"og:description\" content=\"Professionelle Boxhandschuhe f\u00fcr Streichh\u00f6lzer, Pride. Exklusive Handschuhe werden in begrenzter St\u00fcckzahl.\" \/>\n<meta property=\"og:url\" content=\"https:\/\/prideshop.eu\/de\/shop\/sportarten\/boxen\/boxhandschuhe\/pro-boxhandschuhe-fur-streichholzer-pride\/\" \/>\n<meta property=\"og:site_name\" content=\"PRIDEshop\" \/>\n<meta property=\"article:publisher\" content=\"https:\/\/sl-si.facebook.com\/PrideShopeu\" \/>\n<meta property=\"article:modified_time\" content=\"2026-01-11T20:53:27+00:00\" \/>\n<meta property=\"og:image\" content=\"https:\/\/prideshop.eu\/wp-content\/uploads\/2020\/10\/profesionalne-boks-rokavice-za-tekme-pride-pp01.jpeg\" \/>\n\t<meta property=\"og:image:width\" content=\"600\" \/>\n\t<meta property=\"og:image:height\" content=\"600\" \/>\n\t<meta property=\"og:image:type\" content=\"image\/jpeg\" \/>\n<meta name=\"twitter:card\" content=\"summary_large_image\" \/>\n<script type=\"application\/ld+json\" class=\"yoast-schema-graph\">{\"@context\":\"https:\\\/\\\/schema.org\",\"@graph\":[{\"@type\":\"WebPage\",\"@id\":\"https:\\\/\\\/prideshop.eu\\\/de\\\/shop\\\/sportarten\\\/boxen\\\/boxhandschuhe\\\/pro-boxhandschuhe-fur-streichholzer-pride\\\/\",\"url\":\"https:\\\/\\\/prideshop.eu\\\/de\\\/shop\\\/sportarten\\\/boxen\\\/boxhandschuhe\\\/pro-boxhandschuhe-fur-streichholzer-pride\\\/\",\"name\":\"Wettkampf Boxhandschuhe Leder Pride \u2013 ProBout - PRIDEshop\",\"isPartOf\":{\"@id\":\"https:\\\/\\\/prideshop.eu\\\/de\\\/#website\"},\"primaryImageOfPage\":{\"@id\":\"https:\\\/\\\/prideshop.eu\\\/de\\\/shop\\\/sportarten\\\/boxen\\\/boxhandschuhe\\\/pro-boxhandschuhe-fur-streichholzer-pride\\\/#primaryimage\"},\"image\":{\"@id\":\"https:\\\/\\\/prideshop.eu\\\/de\\\/shop\\\/sportarten\\\/boxen\\\/boxhandschuhe\\\/pro-boxhandschuhe-fur-streichholzer-pride\\\/#primaryimage\"},\"thumbnailUrl\":\"https:\\\/\\\/prideshop.eu\\\/wp-content\\\/uploads\\\/2020\\\/10\\\/profesionalne-boks-rokavice-za-tekme-pride-pp01.jpeg\",\"datePublished\":\"2020-10-01T08:37:29+00:00\",\"dateModified\":\"2026-01-11T20:53:27+00:00\",\"description\":\"Professionelle Boxhandschuhe f\u00fcr Streichh\u00f6lzer, Pride. Exklusive Handschuhe werden in begrenzter St\u00fcckzahl.\",\"breadcrumb\":{\"@id\":\"https:\\\/\\\/prideshop.eu\\\/de\\\/shop\\\/sportarten\\\/boxen\\\/boxhandschuhe\\\/pro-boxhandschuhe-fur-streichholzer-pride\\\/#breadcrumb\"},\"inLanguage\":\"de\",\"potentialAction\":[{\"@type\":\"ReadAction\",\"target\":[\"https:\\\/\\\/prideshop.eu\\\/de\\\/shop\\\/sportarten\\\/boxen\\\/boxhandschuhe\\\/pro-boxhandschuhe-fur-streichholzer-pride\\\/\"]}]},{\"@type\":\"ImageObject\",\"inLanguage\":\"de\",\"@id\":\"https:\\\/\\\/prideshop.eu\\\/de\\\/shop\\\/sportarten\\\/boxen\\\/boxhandschuhe\\\/pro-boxhandschuhe-fur-streichholzer-pride\\\/#primaryimage\",\"url\":\"https:\\\/\\\/prideshop.eu\\\/wp-content\\\/uploads\\\/2020\\\/10\\\/profesionalne-boks-rokavice-za-tekme-pride-pp01.jpeg\",\"contentUrl\":\"https:\\\/\\\/prideshop.eu\\\/wp-content\\\/uploads\\\/2020\\\/10\\\/profesionalne-boks-rokavice-za-tekme-pride-pp01.jpeg\",\"width\":600,\"height\":600,\"caption\":\"Professionelle Boxhandschuhe f\u00fcr Streichh\u00f6lzer Pride wei\u00df\\\/blau\\\/rot Naturleder\"},{\"@type\":\"BreadcrumbList\",\"@id\":\"https:\\\/\\\/prideshop.eu\\\/de\\\/shop\\\/sportarten\\\/boxen\\\/boxhandschuhe\\\/pro-boxhandschuhe-fur-streichholzer-pride\\\/#breadcrumb\",\"itemListElement\":[{\"@type\":\"ListItem\",\"position\":1,\"name\":\"Home\",\"item\":\"https:\\\/\\\/prideshop.eu\\\/de\\\/\"},{\"@type\":\"ListItem\",\"position\":2,\"name\":\"Gesch\u00e4ft\",\"item\":\"https:\\\/\\\/prideshop.eu\\\/de\\\/geschaeft\\\/\"},{\"@type\":\"ListItem\",\"position\":3,\"name\":\"Wettkampf Boxhandschuhe Leder Pride \u2013 ProBout\"}]},{\"@type\":\"WebSite\",\"@id\":\"https:\\\/\\\/prideshop.eu\\\/de\\\/#website\",\"url\":\"https:\\\/\\\/prideshop.eu\\\/de\\\/\",\"name\":\"PRIDEshop\",\"description\":\"Oprema za Borilne \u0160porte\",\"publisher\":{\"@id\":\"https:\\\/\\\/prideshop.eu\\\/de\\\/#organization\"},\"potentialAction\":[{\"@type\":\"SearchAction\",\"target\":{\"@type\":\"EntryPoint\",\"urlTemplate\":\"https:\\\/\\\/prideshop.eu\\\/de\\\/?s={search_term_string}\"},\"query-input\":{\"@type\":\"PropertyValueSpecification\",\"valueRequired\":true,\"valueName\":\"search_term_string\"}}],\"inLanguage\":\"de\"},{\"@type\":\"Organization\",\"@id\":\"https:\\\/\\\/prideshop.eu\\\/de\\\/#organization\",\"name\":\"PRIDEshop\",\"url\":\"https:\\\/\\\/prideshop.eu\\\/de\\\/\",\"logo\":{\"@type\":\"ImageObject\",\"inLanguage\":\"de\",\"@id\":\"https:\\\/\\\/prideshop.eu\\\/de\\\/#\\\/schema\\\/logo\\\/image\\\/\",\"url\":\"\",\"contentUrl\":\"\",\"caption\":\"PRIDEshop\"},\"image\":{\"@id\":\"https:\\\/\\\/prideshop.eu\\\/de\\\/#\\\/schema\\\/logo\\\/image\\\/\"},\"sameAs\":[\"https:\\\/\\\/sl-si.facebook.com\\\/PrideShopeu\"]}]}<\/script>\n<!-- \/ Yoast SEO plugin. -->","yoast_head_json":{"title":"Wettkampf Boxhandschuhe Leder Pride \u2013 ProBout - PRIDEshop","description":"Professionelle Boxhandschuhe f\u00fcr Streichh\u00f6lzer, Pride. Exklusive Handschuhe werden in begrenzter St\u00fcckzahl.","robots":{"index":"index","follow":"follow","max-snippet":"max-snippet:-1","max-image-preview":"max-image-preview:large","max-video-preview":"max-video-preview:-1"},"canonical":"https:\/\/prideshop.eu\/de\/shop\/sportarten\/boxen\/boxhandschuhe\/pro-boxhandschuhe-fur-streichholzer-pride\/","og_locale":"de_DE","og_type":"article","og_title":"Wettkampf Boxhandschuhe Leder Pride \u2013 ProBout - PRIDEshop","og_description":"Professionelle Boxhandschuhe f\u00fcr Streichh\u00f6lzer, Pride. Exklusive Handschuhe werden in begrenzter St\u00fcckzahl.","og_url":"https:\/\/prideshop.eu\/de\/shop\/sportarten\/boxen\/boxhandschuhe\/pro-boxhandschuhe-fur-streichholzer-pride\/","og_site_name":"PRIDEshop","article_publisher":"https:\/\/sl-si.facebook.com\/PrideShopeu","article_modified_time":"2026-01-11T20:53:27+00:00","og_image":[{"width":600,"height":600,"url":"https:\/\/prideshop.eu\/wp-content\/uploads\/2020\/10\/profesionalne-boks-rokavice-za-tekme-pride-pp01.jpeg","type":"image\/jpeg"}],"twitter_card":"summary_large_image","schema":{"@context":"https:\/\/schema.org","@graph":[{"@type":"WebPage","@id":"https:\/\/prideshop.eu\/de\/shop\/sportarten\/boxen\/boxhandschuhe\/pro-boxhandschuhe-fur-streichholzer-pride\/","url":"https:\/\/prideshop.eu\/de\/shop\/sportarten\/boxen\/boxhandschuhe\/pro-boxhandschuhe-fur-streichholzer-pride\/","name":"Wettkampf Boxhandschuhe Leder Pride \u2013 ProBout - PRIDEshop","isPartOf":{"@id":"https:\/\/prideshop.eu\/de\/#website"},"primaryImageOfPage":{"@id":"https:\/\/prideshop.eu\/de\/shop\/sportarten\/boxen\/boxhandschuhe\/pro-boxhandschuhe-fur-streichholzer-pride\/#primaryimage"},"image":{"@id":"https:\/\/prideshop.eu\/de\/shop\/sportarten\/boxen\/boxhandschuhe\/pro-boxhandschuhe-fur-streichholzer-pride\/#primaryimage"},"thumbnailUrl":"https:\/\/prideshop.eu\/wp-content\/uploads\/2020\/10\/profesionalne-boks-rokavice-za-tekme-pride-pp01.jpeg","datePublished":"2020-10-01T08:37:29+00:00","dateModified":"2026-01-11T20:53:27+00:00","description":"Professionelle Boxhandschuhe f\u00fcr Streichh\u00f6lzer, Pride. Exklusive Handschuhe werden in begrenzter St\u00fcckzahl.","breadcrumb":{"@id":"https:\/\/prideshop.eu\/de\/shop\/sportarten\/boxen\/boxhandschuhe\/pro-boxhandschuhe-fur-streichholzer-pride\/#breadcrumb"},"inLanguage":"de","potentialAction":[{"@type":"ReadAction","target":["https:\/\/prideshop.eu\/de\/shop\/sportarten\/boxen\/boxhandschuhe\/pro-boxhandschuhe-fur-streichholzer-pride\/"]}]},{"@type":"ImageObject","inLanguage":"de","@id":"https:\/\/prideshop.eu\/de\/shop\/sportarten\/boxen\/boxhandschuhe\/pro-boxhandschuhe-fur-streichholzer-pride\/#primaryimage","url":"https:\/\/prideshop.eu\/wp-content\/uploads\/2020\/10\/profesionalne-boks-rokavice-za-tekme-pride-pp01.jpeg","contentUrl":"https:\/\/prideshop.eu\/wp-content\/uploads\/2020\/10\/profesionalne-boks-rokavice-za-tekme-pride-pp01.jpeg","width":600,"height":600,"caption":"Professionelle Boxhandschuhe f\u00fcr Streichh\u00f6lzer Pride wei\u00df\/blau\/rot Naturleder"},{"@type":"BreadcrumbList","@id":"https:\/\/prideshop.eu\/de\/shop\/sportarten\/boxen\/boxhandschuhe\/pro-boxhandschuhe-fur-streichholzer-pride\/#breadcrumb","itemListElement":[{"@type":"ListItem","position":1,"name":"Home","item":"https:\/\/prideshop.eu\/de\/"},{"@type":"ListItem","position":2,"name":"Gesch\u00e4ft","item":"https:\/\/prideshop.eu\/de\/geschaeft\/"},{"@type":"ListItem","position":3,"name":"Wettkampf Boxhandschuhe Leder Pride \u2013 ProBout"}]},{"@type":"WebSite","@id":"https:\/\/prideshop.eu\/de\/#website","url":"https:\/\/prideshop.eu\/de\/","name":"PRIDEshop","description":"Oprema za Borilne \u0160porte","publisher":{"@id":"https:\/\/prideshop.eu\/de\/#organization"},"potentialAction":[{"@type":"SearchAction","target":{"@type":"EntryPoint","urlTemplate":"https:\/\/prideshop.eu\/de\/?s={search_term_string}"},"query-input":{"@type":"PropertyValueSpecification","valueRequired":true,"valueName":"search_term_string"}}],"inLanguage":"de"},{"@type":"Organization","@id":"https:\/\/prideshop.eu\/de\/#organization","name":"PRIDEshop","url":"https:\/\/prideshop.eu\/de\/","logo":{"@type":"ImageObject","inLanguage":"de","@id":"https:\/\/prideshop.eu\/de\/#\/schema\/logo\/image\/","url":"","contentUrl":"","caption":"PRIDEshop"},"image":{"@id":"https:\/\/prideshop.eu\/de\/#\/schema\/logo\/image\/"},"sameAs":["https:\/\/sl-si.facebook.com\/PrideShopeu"]}]}},"_links":{"self":[{"href":"https:\/\/prideshop.eu\/de\/wp-json\/wp\/v2\/product\/14620","targetHints":{"allow":["GET"]}}],"collection":[{"href":"https:\/\/prideshop.eu\/de\/wp-json\/wp\/v2\/product"}],"about":[{"href":"https:\/\/prideshop.eu\/de\/wp-json\/wp\/v2\/types\/product"}],"replies":[{"embeddable":true,"href":"https:\/\/prideshop.eu\/de\/wp-json\/wp\/v2\/comments?post=14620"}],"wp:featuredmedia":[{"embeddable":true,"href":"https:\/\/prideshop.eu\/de\/wp-json\/wp\/v2\/media\/33511"}],"wp:attachment":[{"href":"https:\/\/prideshop.eu\/de\/wp-json\/wp\/v2\/media?parent=14620"}],"wp:term":[{"taxonomy":"product_brand","embeddable":true,"href":"https:\/\/prideshop.eu\/de\/wp-json\/wp\/v2\/product_brand?post=14620"},{"taxonomy":"product_cat","embeddable":true,"href":"https:\/\/prideshop.eu\/de\/wp-json\/wp\/v2\/product_cat?post=14620"},{"taxonomy":"product_tag","embeddable":true,"href":"https:\/\/prideshop.eu\/de\/wp-json\/wp\/v2\/product_tag?post=14620"}],"curies":[{"name":"wp","href":"https:\/\/api.w.org\/{rel}","templated":true}]}}