{"id":14674,"date":"2020-10-09T11:01:10","date_gmt":"2020-10-09T09:01:10","guid":{"rendered":"https:\/\/prideshop.eu\/spletna-trgovina\/unkategorisiert\/professionelle-boxhandschuhe-hero-pride\/"},"modified":"2026-01-14T11:36:32","modified_gmt":"2026-01-14T10:36:32","slug":"professionelle-boxhandschuhe-hero-pride","status":"publish","type":"product","link":"https:\/\/prideshop.eu\/de\/shop\/sportarten\/thaiboxen\/thaiboxen-handschuhe\/professionelle-boxhandschuhe-hero-pride\/","title":{"rendered":"Profi-Boxhandschuhe Leder Pride \u2013 ProHero"},"content":{"rendered":"<p>Die Profi-Boxhandschuhe ProHero von Pride wurden speziell f\u00fcr den engen Kreis<br \/>\nambitionierter Boxprofis und leistungsorientierter K\u00e4mpfer entwickelt.<br \/>\nSie stehen f\u00fcr Kontrolle, Schutz und hochwertige Verarbeitung im t\u00e4glichen Training.<\/p>\n<p>Gefertigt aus strapazierf\u00e4higem Echtleder bieten diese Boxhandschuhe eine lange<br \/>\nLebensdauer und hohe Widerstandsf\u00e4higkeit auch bei intensiver Nutzung.<\/p>\n<h3>Mehrschichtige F\u00fcllung mit anatomischer Form<\/h3>\n<p>Die mehrschichtige Polsterung ist anatomisch geformt und sorgt f\u00fcr eine gleichm\u00e4\u00dfige<br \/>\nSto\u00dfd\u00e4mpfung. Dadurch werden H\u00e4nde und Kn\u00f6chel effektiv gesch\u00fctzt und gleichzeitig<br \/>\nein pr\u00e4zises Schlaggef\u00fchl erm\u00f6glicht.<\/p>\n<h3>Hochwertiges Echtleder f\u00fcr maximale Haltbarkeit<\/h3>\n<p>Das verwendete Echtleder ist besonders robust und f\u00fcr den professionellen Einsatz<br \/>\nkonzipiert. Es h\u00e4lt hohen Belastungen stand und beh\u00e4lt auch bei regelm\u00e4\u00dfigem Training<br \/>\nseine Form und Stabilit\u00e4t.<\/p>\n<h3>Sicherer Klettverschluss<\/h3>\n<p>Der stabile Klettverschluss erm\u00f6glicht ein schnelles An- und Ausziehen und sorgt<br \/>\nf\u00fcr einen festen, sicheren Sitz am Handgelenk. Dies erh\u00f6ht die Stabilit\u00e4t und reduziert<br \/>\ndas Verletzungsrisiko w\u00e4hrend des Trainings.<\/p>\n<h3>Qualitatives Innenfutter<\/h3>\n<p>Das hochwertige Innenfutter bietet angenehmen Tragekomfort, reduziert Reibung<br \/>\nund unterst\u00fctzt eine lange Lebensdauer der Boxhandschuhe.<\/p>\n<p>Die Pride ProHero Boxhandschuhe sind die ideale Wahl f\u00fcr professionelles Training,<br \/>\nSparring und leistungsorientiertes Boxtraining.<\/p>\n","protected":false},"excerpt":{"rendered":"<p>Professionelle Boxhandschuhe Hero, Pride. Die Gloves werden speziell f\u00fcr den engsten Kreis von Boxprofis entwickelt. Sie sind aus strapazierf\u00e4higem Echtleder f\u00fcr lange Haltbarkeit. Mehrschichtige F\u00fcllung mit anatomischer Form. Verschluss mit Klettverschluss, hochwertiges Innenfutter.<\/p>\n","protected":false},"featured_media":33426,"comment_status":"open","ping_status":"closed","template":"","meta":{"_acf_changed":false},"product_brand":[2108],"product_cat":[664,670,580,638,722,728,1899,634,656,778,784],"product_tag":[],"class_list":{"0":"post-14674","1":"product","2":"type-product","3":"status-publish","4":"has-post-thumbnail","6":"product_brand-pride-professional","7":"product_cat-boxen","8":"product_cat-boxhandschuhe","9":"product_cat-equipment-de","10":"product_cat-handschuhe","11":"product_cat-kickboxen","12":"product_cat-kickboxenhandschuhe","13":"product_cat-professionelles-boxen","14":"product_cat-schutzausrustung","15":"product_cat-sportarten","16":"product_cat-thaiboxen","17":"product_cat-thaiboxen-handschuhe","19":"first","20":"instock","21":"featured","22":"taxable","23":"shipping-taxable","24":"purchasable","25":"product-type-variable"},"acf":[],"yoast_head":"<!-- This site is optimized with the Yoast SEO plugin v27.5 - https:\/\/yoast.com\/product\/yoast-seo-wordpress\/ -->\n<title>Profi-Boxhandschuhe Leder Pride \u2013 ProHero - PRIDEshop<\/title>\n<meta name=\"description\" content=\"Professionelle Boxhandschuhe Hero, Pride. Die Gloves werden speziell f\u00fcr den engsten Kreis von Boxprofis entwickelt.\" \/>\n<meta name=\"robots\" content=\"index, follow, max-snippet:-1, max-image-preview:large, max-video-preview:-1\" \/>\n<link rel=\"canonical\" href=\"https:\/\/prideshop.eu\/de\/shop\/sportarten\/thaiboxen\/thaiboxen-handschuhe\/professionelle-boxhandschuhe-hero-pride\/\" \/>\n<meta property=\"og:locale\" content=\"de_DE\" \/>\n<meta property=\"og:type\" content=\"article\" \/>\n<meta property=\"og:title\" content=\"Profi-Boxhandschuhe Leder Pride \u2013 ProHero - PRIDEshop\" \/>\n<meta property=\"og:description\" content=\"Professionelle Boxhandschuhe Hero, Pride. Die Gloves werden speziell f\u00fcr den engsten Kreis von Boxprofis entwickelt.\" \/>\n<meta property=\"og:url\" content=\"https:\/\/prideshop.eu\/de\/shop\/sportarten\/thaiboxen\/thaiboxen-handschuhe\/professionelle-boxhandschuhe-hero-pride\/\" \/>\n<meta property=\"og:site_name\" content=\"PRIDEshop\" \/>\n<meta property=\"article:publisher\" content=\"https:\/\/sl-si.facebook.com\/PrideShopeu\" \/>\n<meta property=\"article:modified_time\" content=\"2026-01-14T10:36:32+00:00\" \/>\n<meta property=\"og:image\" content=\"https:\/\/prideshop.eu\/wp-content\/uploads\/2020\/10\/profesionalne-boks-trening-rokavice-hero-pride-pp23.jpeg\" \/>\n\t<meta property=\"og:image:width\" content=\"600\" \/>\n\t<meta property=\"og:image:height\" content=\"600\" \/>\n\t<meta property=\"og:image:type\" content=\"image\/jpeg\" \/>\n<meta name=\"twitter:card\" content=\"summary_large_image\" \/>\n<meta name=\"twitter:label1\" content=\"Gesch\u00e4tzte Lesezeit\" \/>\n\t<meta name=\"twitter:data1\" content=\"1\u00a0Minute\" \/>\n<script type=\"application\/ld+json\" class=\"yoast-schema-graph\">{\"@context\":\"https:\\\/\\\/schema.org\",\"@graph\":[{\"@type\":\"WebPage\",\"@id\":\"https:\\\/\\\/prideshop.eu\\\/de\\\/shop\\\/sportarten\\\/thaiboxen\\\/thaiboxen-handschuhe\\\/professionelle-boxhandschuhe-hero-pride\\\/\",\"url\":\"https:\\\/\\\/prideshop.eu\\\/de\\\/shop\\\/sportarten\\\/thaiboxen\\\/thaiboxen-handschuhe\\\/professionelle-boxhandschuhe-hero-pride\\\/\",\"name\":\"Profi-Boxhandschuhe Leder Pride \u2013 ProHero - PRIDEshop\",\"isPartOf\":{\"@id\":\"https:\\\/\\\/prideshop.eu\\\/de\\\/#website\"},\"primaryImageOfPage\":{\"@id\":\"https:\\\/\\\/prideshop.eu\\\/de\\\/shop\\\/sportarten\\\/thaiboxen\\\/thaiboxen-handschuhe\\\/professionelle-boxhandschuhe-hero-pride\\\/#primaryimage\"},\"image\":{\"@id\":\"https:\\\/\\\/prideshop.eu\\\/de\\\/shop\\\/sportarten\\\/thaiboxen\\\/thaiboxen-handschuhe\\\/professionelle-boxhandschuhe-hero-pride\\\/#primaryimage\"},\"thumbnailUrl\":\"https:\\\/\\\/prideshop.eu\\\/wp-content\\\/uploads\\\/2020\\\/10\\\/profesionalne-boks-trening-rokavice-hero-pride-pp23.jpeg\",\"datePublished\":\"2020-10-09T09:01:10+00:00\",\"dateModified\":\"2026-01-14T10:36:32+00:00\",\"description\":\"Professionelle Boxhandschuhe Hero, Pride. Die Gloves werden speziell f\u00fcr den engsten Kreis von Boxprofis entwickelt.\",\"breadcrumb\":{\"@id\":\"https:\\\/\\\/prideshop.eu\\\/de\\\/shop\\\/sportarten\\\/thaiboxen\\\/thaiboxen-handschuhe\\\/professionelle-boxhandschuhe-hero-pride\\\/#breadcrumb\"},\"inLanguage\":\"de\",\"potentialAction\":[{\"@type\":\"ReadAction\",\"target\":[\"https:\\\/\\\/prideshop.eu\\\/de\\\/shop\\\/sportarten\\\/thaiboxen\\\/thaiboxen-handschuhe\\\/professionelle-boxhandschuhe-hero-pride\\\/\"]}]},{\"@type\":\"ImageObject\",\"inLanguage\":\"de\",\"@id\":\"https:\\\/\\\/prideshop.eu\\\/de\\\/shop\\\/sportarten\\\/thaiboxen\\\/thaiboxen-handschuhe\\\/professionelle-boxhandschuhe-hero-pride\\\/#primaryimage\",\"url\":\"https:\\\/\\\/prideshop.eu\\\/wp-content\\\/uploads\\\/2020\\\/10\\\/profesionalne-boks-trening-rokavice-hero-pride-pp23.jpeg\",\"contentUrl\":\"https:\\\/\\\/prideshop.eu\\\/wp-content\\\/uploads\\\/2020\\\/10\\\/profesionalne-boks-trening-rokavice-hero-pride-pp23.jpeg\",\"width\":600,\"height\":600,\"caption\":\"Professionelle Boxhandschuhe Hero Pride rot-Weiss\"},{\"@type\":\"BreadcrumbList\",\"@id\":\"https:\\\/\\\/prideshop.eu\\\/de\\\/shop\\\/sportarten\\\/thaiboxen\\\/thaiboxen-handschuhe\\\/professionelle-boxhandschuhe-hero-pride\\\/#breadcrumb\",\"itemListElement\":[{\"@type\":\"ListItem\",\"position\":1,\"name\":\"Home\",\"item\":\"https:\\\/\\\/prideshop.eu\\\/de\\\/\"},{\"@type\":\"ListItem\",\"position\":2,\"name\":\"Gesch\u00e4ft\",\"item\":\"https:\\\/\\\/prideshop.eu\\\/de\\\/geschaeft\\\/\"},{\"@type\":\"ListItem\",\"position\":3,\"name\":\"Profi-Boxhandschuhe Leder Pride \u2013 ProHero\"}]},{\"@type\":\"WebSite\",\"@id\":\"https:\\\/\\\/prideshop.eu\\\/de\\\/#website\",\"url\":\"https:\\\/\\\/prideshop.eu\\\/de\\\/\",\"name\":\"PRIDEshop\",\"description\":\"Oprema za Borilne \u0160porte\",\"publisher\":{\"@id\":\"https:\\\/\\\/prideshop.eu\\\/de\\\/#organization\"},\"potentialAction\":[{\"@type\":\"SearchAction\",\"target\":{\"@type\":\"EntryPoint\",\"urlTemplate\":\"https:\\\/\\\/prideshop.eu\\\/de\\\/?s={search_term_string}\"},\"query-input\":{\"@type\":\"PropertyValueSpecification\",\"valueRequired\":true,\"valueName\":\"search_term_string\"}}],\"inLanguage\":\"de\"},{\"@type\":\"Organization\",\"@id\":\"https:\\\/\\\/prideshop.eu\\\/de\\\/#organization\",\"name\":\"PRIDEshop\",\"url\":\"https:\\\/\\\/prideshop.eu\\\/de\\\/\",\"logo\":{\"@type\":\"ImageObject\",\"inLanguage\":\"de\",\"@id\":\"https:\\\/\\\/prideshop.eu\\\/de\\\/#\\\/schema\\\/logo\\\/image\\\/\",\"url\":\"\",\"contentUrl\":\"\",\"caption\":\"PRIDEshop\"},\"image\":{\"@id\":\"https:\\\/\\\/prideshop.eu\\\/de\\\/#\\\/schema\\\/logo\\\/image\\\/\"},\"sameAs\":[\"https:\\\/\\\/sl-si.facebook.com\\\/PrideShopeu\"]}]}<\/script>\n<!-- \/ Yoast SEO plugin. -->","yoast_head_json":{"title":"Profi-Boxhandschuhe Leder Pride \u2013 ProHero - PRIDEshop","description":"Professionelle Boxhandschuhe Hero, Pride. Die Gloves werden speziell f\u00fcr den engsten Kreis von Boxprofis entwickelt.","robots":{"index":"index","follow":"follow","max-snippet":"max-snippet:-1","max-image-preview":"max-image-preview:large","max-video-preview":"max-video-preview:-1"},"canonical":"https:\/\/prideshop.eu\/de\/shop\/sportarten\/thaiboxen\/thaiboxen-handschuhe\/professionelle-boxhandschuhe-hero-pride\/","og_locale":"de_DE","og_type":"article","og_title":"Profi-Boxhandschuhe Leder Pride \u2013 ProHero - PRIDEshop","og_description":"Professionelle Boxhandschuhe Hero, Pride. Die Gloves werden speziell f\u00fcr den engsten Kreis von Boxprofis entwickelt.","og_url":"https:\/\/prideshop.eu\/de\/shop\/sportarten\/thaiboxen\/thaiboxen-handschuhe\/professionelle-boxhandschuhe-hero-pride\/","og_site_name":"PRIDEshop","article_publisher":"https:\/\/sl-si.facebook.com\/PrideShopeu","article_modified_time":"2026-01-14T10:36:32+00:00","og_image":[{"width":600,"height":600,"url":"https:\/\/prideshop.eu\/wp-content\/uploads\/2020\/10\/profesionalne-boks-trening-rokavice-hero-pride-pp23.jpeg","type":"image\/jpeg"}],"twitter_card":"summary_large_image","twitter_misc":{"Gesch\u00e4tzte Lesezeit":"1\u00a0Minute"},"schema":{"@context":"https:\/\/schema.org","@graph":[{"@type":"WebPage","@id":"https:\/\/prideshop.eu\/de\/shop\/sportarten\/thaiboxen\/thaiboxen-handschuhe\/professionelle-boxhandschuhe-hero-pride\/","url":"https:\/\/prideshop.eu\/de\/shop\/sportarten\/thaiboxen\/thaiboxen-handschuhe\/professionelle-boxhandschuhe-hero-pride\/","name":"Profi-Boxhandschuhe Leder Pride \u2013 ProHero - PRIDEshop","isPartOf":{"@id":"https:\/\/prideshop.eu\/de\/#website"},"primaryImageOfPage":{"@id":"https:\/\/prideshop.eu\/de\/shop\/sportarten\/thaiboxen\/thaiboxen-handschuhe\/professionelle-boxhandschuhe-hero-pride\/#primaryimage"},"image":{"@id":"https:\/\/prideshop.eu\/de\/shop\/sportarten\/thaiboxen\/thaiboxen-handschuhe\/professionelle-boxhandschuhe-hero-pride\/#primaryimage"},"thumbnailUrl":"https:\/\/prideshop.eu\/wp-content\/uploads\/2020\/10\/profesionalne-boks-trening-rokavice-hero-pride-pp23.jpeg","datePublished":"2020-10-09T09:01:10+00:00","dateModified":"2026-01-14T10:36:32+00:00","description":"Professionelle Boxhandschuhe Hero, Pride. Die Gloves werden speziell f\u00fcr den engsten Kreis von Boxprofis entwickelt.","breadcrumb":{"@id":"https:\/\/prideshop.eu\/de\/shop\/sportarten\/thaiboxen\/thaiboxen-handschuhe\/professionelle-boxhandschuhe-hero-pride\/#breadcrumb"},"inLanguage":"de","potentialAction":[{"@type":"ReadAction","target":["https:\/\/prideshop.eu\/de\/shop\/sportarten\/thaiboxen\/thaiboxen-handschuhe\/professionelle-boxhandschuhe-hero-pride\/"]}]},{"@type":"ImageObject","inLanguage":"de","@id":"https:\/\/prideshop.eu\/de\/shop\/sportarten\/thaiboxen\/thaiboxen-handschuhe\/professionelle-boxhandschuhe-hero-pride\/#primaryimage","url":"https:\/\/prideshop.eu\/wp-content\/uploads\/2020\/10\/profesionalne-boks-trening-rokavice-hero-pride-pp23.jpeg","contentUrl":"https:\/\/prideshop.eu\/wp-content\/uploads\/2020\/10\/profesionalne-boks-trening-rokavice-hero-pride-pp23.jpeg","width":600,"height":600,"caption":"Professionelle Boxhandschuhe Hero Pride rot-Weiss"},{"@type":"BreadcrumbList","@id":"https:\/\/prideshop.eu\/de\/shop\/sportarten\/thaiboxen\/thaiboxen-handschuhe\/professionelle-boxhandschuhe-hero-pride\/#breadcrumb","itemListElement":[{"@type":"ListItem","position":1,"name":"Home","item":"https:\/\/prideshop.eu\/de\/"},{"@type":"ListItem","position":2,"name":"Gesch\u00e4ft","item":"https:\/\/prideshop.eu\/de\/geschaeft\/"},{"@type":"ListItem","position":3,"name":"Profi-Boxhandschuhe Leder Pride \u2013 ProHero"}]},{"@type":"WebSite","@id":"https:\/\/prideshop.eu\/de\/#website","url":"https:\/\/prideshop.eu\/de\/","name":"PRIDEshop","description":"Oprema za Borilne \u0160porte","publisher":{"@id":"https:\/\/prideshop.eu\/de\/#organization"},"potentialAction":[{"@type":"SearchAction","target":{"@type":"EntryPoint","urlTemplate":"https:\/\/prideshop.eu\/de\/?s={search_term_string}"},"query-input":{"@type":"PropertyValueSpecification","valueRequired":true,"valueName":"search_term_string"}}],"inLanguage":"de"},{"@type":"Organization","@id":"https:\/\/prideshop.eu\/de\/#organization","name":"PRIDEshop","url":"https:\/\/prideshop.eu\/de\/","logo":{"@type":"ImageObject","inLanguage":"de","@id":"https:\/\/prideshop.eu\/de\/#\/schema\/logo\/image\/","url":"","contentUrl":"","caption":"PRIDEshop"},"image":{"@id":"https:\/\/prideshop.eu\/de\/#\/schema\/logo\/image\/"},"sameAs":["https:\/\/sl-si.facebook.com\/PrideShopeu"]}]}},"_links":{"self":[{"href":"https:\/\/prideshop.eu\/de\/wp-json\/wp\/v2\/product\/14674","targetHints":{"allow":["GET"]}}],"collection":[{"href":"https:\/\/prideshop.eu\/de\/wp-json\/wp\/v2\/product"}],"about":[{"href":"https:\/\/prideshop.eu\/de\/wp-json\/wp\/v2\/types\/product"}],"replies":[{"embeddable":true,"href":"https:\/\/prideshop.eu\/de\/wp-json\/wp\/v2\/comments?post=14674"}],"wp:featuredmedia":[{"embeddable":true,"href":"https:\/\/prideshop.eu\/de\/wp-json\/wp\/v2\/media\/33426"}],"wp:attachment":[{"href":"https:\/\/prideshop.eu\/de\/wp-json\/wp\/v2\/media?parent=14674"}],"wp:term":[{"taxonomy":"product_brand","embeddable":true,"href":"https:\/\/prideshop.eu\/de\/wp-json\/wp\/v2\/product_brand?post=14674"},{"taxonomy":"product_cat","embeddable":true,"href":"https:\/\/prideshop.eu\/de\/wp-json\/wp\/v2\/product_cat?post=14674"},{"taxonomy":"product_tag","embeddable":true,"href":"https:\/\/prideshop.eu\/de\/wp-json\/wp\/v2\/product_tag?post=14674"}],"curies":[{"name":"wp","href":"https:\/\/api.w.org\/{rel}","templated":true}]}}