{"id":14684,"date":"2020-10-26T11:57:58","date_gmt":"2020-10-26T10:57:58","guid":{"rendered":"https:\/\/prideshop.eu\/spletna-trgovina\/unkategorisiert\/profiessioneller-sparring-boxhelm-pride\/"},"modified":"2026-01-13T15:36:12","modified_gmt":"2026-01-13T14:36:12","slug":"profiessioneller-sparring-boxhelm-pride","status":"publish","type":"product","link":"https:\/\/prideshop.eu\/de\/shop\/sportarten\/boxen\/schutzausrustung-fur-boxen\/profiessioneller-sparring-boxhelm-pride\/","title":{"rendered":"Profi-Box-Kopfschutz f\u00fcr Sparring Pride \u2013 ProNippon"},"content":{"rendered":"<p data-start=\"161\" data-end=\"216\"><strong data-start=\"161\" data-end=\"216\">Profi-Box-Kopfschutz f\u00fcr Sparring Pride \u2013 ProNippon<\/strong><\/p>\n<p data-start=\"218\" data-end=\"456\">Der Profi-Box-Kopfschutz ProNippon von Pride wurde f\u00fcr intensives Sparring entwickelt und richtet sich an anspruchsvolle Kampfsportler. Er kombiniert hohen Schutz, langlebige Materialien und ein klassisches, japanisch inspiriertes Design.<\/p>\n<p data-start=\"458\" data-end=\"701\">Der Kopfschutz besteht aus hochwertigem Naturleder und ist auf eine lange Lebensdauer ausgelegt. Dank der traditionellen Bindung passt sich der Helm optimal an die Kopfform an und sitzt auch bei intensiven Trainingseinheiten sicher und stabil.<\/p>\n<p data-start=\"703\" data-end=\"865\">Die geschlossene Bauweise bietet zus\u00e4tzlichen Schutz f\u00fcr das Gesicht und reduziert das Verletzungsrisiko beim Sparring, ohne die Bewegungsfreiheit einzuschr\u00e4nken.<\/p>\n","protected":false},"excerpt":{"rendered":"<p>Profiessioneller Sparring Boxhelm, Pride. Der Kopfschutz ist aus Naturleder f\u00fcr lange Haltbarkeit. Die Kopfbedekung bietet zus\u00e4tzlichen Schutz f\u00fcr das Gesicht, im japanischen Stil, passt sich der Bindung an.<\/p>\n","protected":false},"featured_media":33361,"comment_status":"open","ping_status":"closed","template":"","meta":{"_acf_changed":false},"product_brand":[2108],"product_cat":[664,580,642,1899,634,678,656],"product_tag":[],"class_list":{"0":"post-14684","1":"product","2":"type-product","3":"status-publish","4":"has-post-thumbnail","6":"product_brand-pride-professional","7":"product_cat-boxen","8":"product_cat-equipment-de","9":"product_cat-kopfschutz","10":"product_cat-professionelles-boxen","11":"product_cat-schutzausrustung","12":"product_cat-schutzausrustung-fur-boxen","13":"product_cat-sportarten","15":"first","16":"instock","17":"taxable","18":"shipping-taxable","19":"purchasable","20":"product-type-variable"},"acf":[],"yoast_head":"<!-- This site is optimized with the Yoast SEO plugin v27.5 - https:\/\/yoast.com\/product\/yoast-seo-wordpress\/ -->\n<title>Profi-Box-Kopfschutz f\u00fcr Sparring Pride \u2013 ProNippon - PRIDEshop<\/title>\n<meta name=\"description\" content=\"Profiessioneller Sparring Boxhelm, Pride. Der Kopfschutz ist aus Naturleder f\u00fcr lange Haltbarkeit.\" \/>\n<meta name=\"robots\" content=\"index, follow, max-snippet:-1, max-image-preview:large, max-video-preview:-1\" \/>\n<link rel=\"canonical\" href=\"https:\/\/prideshop.eu\/de\/shop\/sportarten\/boxen\/schutzausrustung-fur-boxen\/profiessioneller-sparring-boxhelm-pride\/\" \/>\n<meta property=\"og:locale\" content=\"de_DE\" \/>\n<meta property=\"og:type\" content=\"article\" \/>\n<meta property=\"og:title\" content=\"Profi-Box-Kopfschutz f\u00fcr Sparring Pride \u2013 ProNippon - PRIDEshop\" \/>\n<meta property=\"og:description\" content=\"Profiessioneller Sparring Boxhelm, Pride. Der Kopfschutz ist aus Naturleder f\u00fcr lange Haltbarkeit.\" \/>\n<meta property=\"og:url\" content=\"https:\/\/prideshop.eu\/de\/shop\/sportarten\/boxen\/schutzausrustung-fur-boxen\/profiessioneller-sparring-boxhelm-pride\/\" \/>\n<meta property=\"og:site_name\" content=\"PRIDEshop\" \/>\n<meta property=\"article:publisher\" content=\"https:\/\/sl-si.facebook.com\/PrideShopeu\" \/>\n<meta property=\"article:modified_time\" content=\"2026-01-13T14:36:12+00:00\" \/>\n<meta property=\"og:image\" content=\"https:\/\/prideshop.eu\/wp-content\/uploads\/2020\/10\/profesionalna-sparing-celada-pride-pp50.jpeg\" \/>\n\t<meta property=\"og:image:width\" content=\"600\" \/>\n\t<meta property=\"og:image:height\" content=\"600\" \/>\n\t<meta property=\"og:image:type\" content=\"image\/jpeg\" \/>\n<meta name=\"twitter:card\" content=\"summary_large_image\" \/>\n<script type=\"application\/ld+json\" class=\"yoast-schema-graph\">{\"@context\":\"https:\\\/\\\/schema.org\",\"@graph\":[{\"@type\":\"WebPage\",\"@id\":\"https:\\\/\\\/prideshop.eu\\\/de\\\/shop\\\/sportarten\\\/boxen\\\/schutzausrustung-fur-boxen\\\/profiessioneller-sparring-boxhelm-pride\\\/\",\"url\":\"https:\\\/\\\/prideshop.eu\\\/de\\\/shop\\\/sportarten\\\/boxen\\\/schutzausrustung-fur-boxen\\\/profiessioneller-sparring-boxhelm-pride\\\/\",\"name\":\"Profi-Box-Kopfschutz f\u00fcr Sparring Pride \u2013 ProNippon - PRIDEshop\",\"isPartOf\":{\"@id\":\"https:\\\/\\\/prideshop.eu\\\/de\\\/#website\"},\"primaryImageOfPage\":{\"@id\":\"https:\\\/\\\/prideshop.eu\\\/de\\\/shop\\\/sportarten\\\/boxen\\\/schutzausrustung-fur-boxen\\\/profiessioneller-sparring-boxhelm-pride\\\/#primaryimage\"},\"image\":{\"@id\":\"https:\\\/\\\/prideshop.eu\\\/de\\\/shop\\\/sportarten\\\/boxen\\\/schutzausrustung-fur-boxen\\\/profiessioneller-sparring-boxhelm-pride\\\/#primaryimage\"},\"thumbnailUrl\":\"https:\\\/\\\/prideshop.eu\\\/wp-content\\\/uploads\\\/2020\\\/10\\\/profesionalna-sparing-celada-pride-pp50.jpeg\",\"datePublished\":\"2020-10-26T10:57:58+00:00\",\"dateModified\":\"2026-01-13T14:36:12+00:00\",\"description\":\"Profiessioneller Sparring Boxhelm, Pride. Der Kopfschutz ist aus Naturleder f\u00fcr lange Haltbarkeit.\",\"breadcrumb\":{\"@id\":\"https:\\\/\\\/prideshop.eu\\\/de\\\/shop\\\/sportarten\\\/boxen\\\/schutzausrustung-fur-boxen\\\/profiessioneller-sparring-boxhelm-pride\\\/#breadcrumb\"},\"inLanguage\":\"de\",\"potentialAction\":[{\"@type\":\"ReadAction\",\"target\":[\"https:\\\/\\\/prideshop.eu\\\/de\\\/shop\\\/sportarten\\\/boxen\\\/schutzausrustung-fur-boxen\\\/profiessioneller-sparring-boxhelm-pride\\\/\"]}]},{\"@type\":\"ImageObject\",\"inLanguage\":\"de\",\"@id\":\"https:\\\/\\\/prideshop.eu\\\/de\\\/shop\\\/sportarten\\\/boxen\\\/schutzausrustung-fur-boxen\\\/profiessioneller-sparring-boxhelm-pride\\\/#primaryimage\",\"url\":\"https:\\\/\\\/prideshop.eu\\\/wp-content\\\/uploads\\\/2020\\\/10\\\/profesionalna-sparing-celada-pride-pp50.jpeg\",\"contentUrl\":\"https:\\\/\\\/prideshop.eu\\\/wp-content\\\/uploads\\\/2020\\\/10\\\/profesionalna-sparing-celada-pride-pp50.jpeg\",\"width\":600,\"height\":600,\"caption\":\"Profiessioneller Sparring Boxhelm Pride Schwarz\"},{\"@type\":\"BreadcrumbList\",\"@id\":\"https:\\\/\\\/prideshop.eu\\\/de\\\/shop\\\/sportarten\\\/boxen\\\/schutzausrustung-fur-boxen\\\/profiessioneller-sparring-boxhelm-pride\\\/#breadcrumb\",\"itemListElement\":[{\"@type\":\"ListItem\",\"position\":1,\"name\":\"Home\",\"item\":\"https:\\\/\\\/prideshop.eu\\\/de\\\/\"},{\"@type\":\"ListItem\",\"position\":2,\"name\":\"Gesch\u00e4ft\",\"item\":\"https:\\\/\\\/prideshop.eu\\\/de\\\/geschaeft\\\/\"},{\"@type\":\"ListItem\",\"position\":3,\"name\":\"Profi-Box-Kopfschutz f\u00fcr Sparring Pride \u2013 ProNippon\"}]},{\"@type\":\"WebSite\",\"@id\":\"https:\\\/\\\/prideshop.eu\\\/de\\\/#website\",\"url\":\"https:\\\/\\\/prideshop.eu\\\/de\\\/\",\"name\":\"PRIDEshop\",\"description\":\"Oprema za Borilne \u0160porte\",\"publisher\":{\"@id\":\"https:\\\/\\\/prideshop.eu\\\/de\\\/#organization\"},\"potentialAction\":[{\"@type\":\"SearchAction\",\"target\":{\"@type\":\"EntryPoint\",\"urlTemplate\":\"https:\\\/\\\/prideshop.eu\\\/de\\\/?s={search_term_string}\"},\"query-input\":{\"@type\":\"PropertyValueSpecification\",\"valueRequired\":true,\"valueName\":\"search_term_string\"}}],\"inLanguage\":\"de\"},{\"@type\":\"Organization\",\"@id\":\"https:\\\/\\\/prideshop.eu\\\/de\\\/#organization\",\"name\":\"PRIDEshop\",\"url\":\"https:\\\/\\\/prideshop.eu\\\/de\\\/\",\"logo\":{\"@type\":\"ImageObject\",\"inLanguage\":\"de\",\"@id\":\"https:\\\/\\\/prideshop.eu\\\/de\\\/#\\\/schema\\\/logo\\\/image\\\/\",\"url\":\"\",\"contentUrl\":\"\",\"caption\":\"PRIDEshop\"},\"image\":{\"@id\":\"https:\\\/\\\/prideshop.eu\\\/de\\\/#\\\/schema\\\/logo\\\/image\\\/\"},\"sameAs\":[\"https:\\\/\\\/sl-si.facebook.com\\\/PrideShopeu\"]}]}<\/script>\n<!-- \/ Yoast SEO plugin. -->","yoast_head_json":{"title":"Profi-Box-Kopfschutz f\u00fcr Sparring Pride \u2013 ProNippon - PRIDEshop","description":"Profiessioneller Sparring Boxhelm, Pride. Der Kopfschutz ist aus Naturleder f\u00fcr lange Haltbarkeit.","robots":{"index":"index","follow":"follow","max-snippet":"max-snippet:-1","max-image-preview":"max-image-preview:large","max-video-preview":"max-video-preview:-1"},"canonical":"https:\/\/prideshop.eu\/de\/shop\/sportarten\/boxen\/schutzausrustung-fur-boxen\/profiessioneller-sparring-boxhelm-pride\/","og_locale":"de_DE","og_type":"article","og_title":"Profi-Box-Kopfschutz f\u00fcr Sparring Pride \u2013 ProNippon - PRIDEshop","og_description":"Profiessioneller Sparring Boxhelm, Pride. Der Kopfschutz ist aus Naturleder f\u00fcr lange Haltbarkeit.","og_url":"https:\/\/prideshop.eu\/de\/shop\/sportarten\/boxen\/schutzausrustung-fur-boxen\/profiessioneller-sparring-boxhelm-pride\/","og_site_name":"PRIDEshop","article_publisher":"https:\/\/sl-si.facebook.com\/PrideShopeu","article_modified_time":"2026-01-13T14:36:12+00:00","og_image":[{"width":600,"height":600,"url":"https:\/\/prideshop.eu\/wp-content\/uploads\/2020\/10\/profesionalna-sparing-celada-pride-pp50.jpeg","type":"image\/jpeg"}],"twitter_card":"summary_large_image","schema":{"@context":"https:\/\/schema.org","@graph":[{"@type":"WebPage","@id":"https:\/\/prideshop.eu\/de\/shop\/sportarten\/boxen\/schutzausrustung-fur-boxen\/profiessioneller-sparring-boxhelm-pride\/","url":"https:\/\/prideshop.eu\/de\/shop\/sportarten\/boxen\/schutzausrustung-fur-boxen\/profiessioneller-sparring-boxhelm-pride\/","name":"Profi-Box-Kopfschutz f\u00fcr Sparring Pride \u2013 ProNippon - PRIDEshop","isPartOf":{"@id":"https:\/\/prideshop.eu\/de\/#website"},"primaryImageOfPage":{"@id":"https:\/\/prideshop.eu\/de\/shop\/sportarten\/boxen\/schutzausrustung-fur-boxen\/profiessioneller-sparring-boxhelm-pride\/#primaryimage"},"image":{"@id":"https:\/\/prideshop.eu\/de\/shop\/sportarten\/boxen\/schutzausrustung-fur-boxen\/profiessioneller-sparring-boxhelm-pride\/#primaryimage"},"thumbnailUrl":"https:\/\/prideshop.eu\/wp-content\/uploads\/2020\/10\/profesionalna-sparing-celada-pride-pp50.jpeg","datePublished":"2020-10-26T10:57:58+00:00","dateModified":"2026-01-13T14:36:12+00:00","description":"Profiessioneller Sparring Boxhelm, Pride. Der Kopfschutz ist aus Naturleder f\u00fcr lange Haltbarkeit.","breadcrumb":{"@id":"https:\/\/prideshop.eu\/de\/shop\/sportarten\/boxen\/schutzausrustung-fur-boxen\/profiessioneller-sparring-boxhelm-pride\/#breadcrumb"},"inLanguage":"de","potentialAction":[{"@type":"ReadAction","target":["https:\/\/prideshop.eu\/de\/shop\/sportarten\/boxen\/schutzausrustung-fur-boxen\/profiessioneller-sparring-boxhelm-pride\/"]}]},{"@type":"ImageObject","inLanguage":"de","@id":"https:\/\/prideshop.eu\/de\/shop\/sportarten\/boxen\/schutzausrustung-fur-boxen\/profiessioneller-sparring-boxhelm-pride\/#primaryimage","url":"https:\/\/prideshop.eu\/wp-content\/uploads\/2020\/10\/profesionalna-sparing-celada-pride-pp50.jpeg","contentUrl":"https:\/\/prideshop.eu\/wp-content\/uploads\/2020\/10\/profesionalna-sparing-celada-pride-pp50.jpeg","width":600,"height":600,"caption":"Profiessioneller Sparring Boxhelm Pride Schwarz"},{"@type":"BreadcrumbList","@id":"https:\/\/prideshop.eu\/de\/shop\/sportarten\/boxen\/schutzausrustung-fur-boxen\/profiessioneller-sparring-boxhelm-pride\/#breadcrumb","itemListElement":[{"@type":"ListItem","position":1,"name":"Home","item":"https:\/\/prideshop.eu\/de\/"},{"@type":"ListItem","position":2,"name":"Gesch\u00e4ft","item":"https:\/\/prideshop.eu\/de\/geschaeft\/"},{"@type":"ListItem","position":3,"name":"Profi-Box-Kopfschutz f\u00fcr Sparring Pride \u2013 ProNippon"}]},{"@type":"WebSite","@id":"https:\/\/prideshop.eu\/de\/#website","url":"https:\/\/prideshop.eu\/de\/","name":"PRIDEshop","description":"Oprema za Borilne \u0160porte","publisher":{"@id":"https:\/\/prideshop.eu\/de\/#organization"},"potentialAction":[{"@type":"SearchAction","target":{"@type":"EntryPoint","urlTemplate":"https:\/\/prideshop.eu\/de\/?s={search_term_string}"},"query-input":{"@type":"PropertyValueSpecification","valueRequired":true,"valueName":"search_term_string"}}],"inLanguage":"de"},{"@type":"Organization","@id":"https:\/\/prideshop.eu\/de\/#organization","name":"PRIDEshop","url":"https:\/\/prideshop.eu\/de\/","logo":{"@type":"ImageObject","inLanguage":"de","@id":"https:\/\/prideshop.eu\/de\/#\/schema\/logo\/image\/","url":"","contentUrl":"","caption":"PRIDEshop"},"image":{"@id":"https:\/\/prideshop.eu\/de\/#\/schema\/logo\/image\/"},"sameAs":["https:\/\/sl-si.facebook.com\/PrideShopeu"]}]}},"_links":{"self":[{"href":"https:\/\/prideshop.eu\/de\/wp-json\/wp\/v2\/product\/14684","targetHints":{"allow":["GET"]}}],"collection":[{"href":"https:\/\/prideshop.eu\/de\/wp-json\/wp\/v2\/product"}],"about":[{"href":"https:\/\/prideshop.eu\/de\/wp-json\/wp\/v2\/types\/product"}],"replies":[{"embeddable":true,"href":"https:\/\/prideshop.eu\/de\/wp-json\/wp\/v2\/comments?post=14684"}],"wp:featuredmedia":[{"embeddable":true,"href":"https:\/\/prideshop.eu\/de\/wp-json\/wp\/v2\/media\/33361"}],"wp:attachment":[{"href":"https:\/\/prideshop.eu\/de\/wp-json\/wp\/v2\/media?parent=14684"}],"wp:term":[{"taxonomy":"product_brand","embeddable":true,"href":"https:\/\/prideshop.eu\/de\/wp-json\/wp\/v2\/product_brand?post=14684"},{"taxonomy":"product_cat","embeddable":true,"href":"https:\/\/prideshop.eu\/de\/wp-json\/wp\/v2\/product_cat?post=14684"},{"taxonomy":"product_tag","embeddable":true,"href":"https:\/\/prideshop.eu\/de\/wp-json\/wp\/v2\/product_tag?post=14684"}],"curies":[{"name":"wp","href":"https:\/\/api.w.org\/{rel}","templated":true}]}}