{"id":14694,"date":"2020-10-26T15:33:07","date_gmt":"2020-10-26T14:33:07","guid":{"rendered":"https:\/\/prideshop.eu\/spletna-trgovina\/unkategorisiert\/professioneller-helm-mit-schutz-fur-sparring-im-japanischen-stil-pride\/"},"modified":"2026-01-13T15:34:47","modified_gmt":"2026-01-13T14:34:47","slug":"professioneller-helm-mit-schutz-fur-sparring-im-japanischen-stil-pride","status":"publish","type":"product","link":"https:\/\/prideshop.eu\/de\/shop\/sportarten\/boxen\/schutzausrustung-fur-boxen\/professioneller-helm-mit-schutz-fur-sparring-im-japanischen-stil-pride\/","title":{"rendered":"Profi-Box-Kopfschutz mit Vollschutz Pride \u2013 FullNippon"},"content":{"rendered":"<p data-start=\"222\" data-end=\"280\"><strong data-start=\"222\" data-end=\"280\">Profi-Box-Kopfschutz mit Vollschutz Pride \u2013 FullNippon<\/strong><\/p>\n<p data-start=\"282\" data-end=\"571\">Der Profi-Box-Kopfschutz FullNippon von Pride wurde f\u00fcr anspruchsvolles Sparring entwickelt und bietet maximalen Schutz im japanisch inspirierten Design. Er richtet sich an erfahrene Boxer und Kampfsportler, die beim Training keine Kompromisse bei Sicherheit und Qualit\u00e4t eingehen m\u00f6chten.<\/p>\n<p data-start=\"573\" data-end=\"777\">Der Kopfschutz besteht aus hochwertigem Naturleder und passt sich dank der klassischen Bindung optimal an die Kopfform an. Dadurch sitzt der Helm stabil und sicher, auch bei intensiven Sparringseinheiten.<\/p>\n<p data-start=\"779\" data-end=\"991\">Die geschlossene Konstruktion bietet zus\u00e4tzlichen Schutz f\u00fcr Gesicht und Kinn und reduziert das Verletzungsrisiko deutlich. Die hochwertige Polsterung sorgt f\u00fcr eine effektive Sto\u00dfd\u00e4mpfung und hohen Tragekomfort.<\/p>\n<p data-start=\"993\" data-end=\"1112\">Der Box-Kopfschutz FullNippon ist f\u00fcr intensives und anspruchsvolles Sparring konzipiert und in drei Gr\u00f6\u00dfen erh\u00e4ltlich.<\/p>\n","protected":false},"excerpt":{"rendered":"<p>Professioneller Helm mit Schutz f\u00fcr Sparring im japanischen Stil, PridenDer Kopfschutz ist aus Naturleder, passt sich der Bindung an. Die Kopfbedekung bietet zus\u00e4tzlichen Schutz f\u00fcr Gesicht und Kinn. Gemacht f\u00fcr das anspruchsvollste Sparring. Erh\u00e4ltlich in drei Gr\u00f6\u00dfen.<\/p>\n","protected":false},"featured_media":33350,"comment_status":"open","ping_status":"closed","template":"","meta":{"_acf_changed":false},"product_brand":[2108],"product_cat":[664,580,642,1899,634,678,656],"product_tag":[],"class_list":{"0":"post-14694","1":"product","2":"type-product","3":"status-publish","4":"has-post-thumbnail","6":"product_brand-pride-professional","7":"product_cat-boxen","8":"product_cat-equipment-de","9":"product_cat-kopfschutz","10":"product_cat-professionelles-boxen","11":"product_cat-schutzausrustung","12":"product_cat-schutzausrustung-fur-boxen","13":"product_cat-sportarten","15":"first","16":"instock","17":"featured","18":"taxable","19":"shipping-taxable","20":"purchasable","21":"product-type-variable"},"acf":[],"yoast_head":"<!-- This site is optimized with the Yoast SEO plugin v27.5 - https:\/\/yoast.com\/product\/yoast-seo-wordpress\/ -->\n<title>Profi-Box-Kopfschutz mit Vollschutz Pride \u2013 FullNippon - PRIDEshop<\/title>\n<meta name=\"description\" content=\"Professioneller Helm mit Schutz f\u00fcr Sparring im japanischen Stil, Pride Der Kopfschutz ist aus Naturleder, passt sich der Bindung an.\" \/>\n<meta name=\"robots\" content=\"index, follow, max-snippet:-1, max-image-preview:large, max-video-preview:-1\" \/>\n<link rel=\"canonical\" href=\"https:\/\/prideshop.eu\/de\/shop\/sportarten\/boxen\/schutzausrustung-fur-boxen\/professioneller-helm-mit-schutz-fur-sparring-im-japanischen-stil-pride\/\" \/>\n<meta property=\"og:locale\" content=\"de_DE\" \/>\n<meta property=\"og:type\" content=\"article\" \/>\n<meta property=\"og:title\" content=\"Profi-Box-Kopfschutz mit Vollschutz Pride \u2013 FullNippon - PRIDEshop\" \/>\n<meta property=\"og:description\" content=\"Professioneller Helm mit Schutz f\u00fcr Sparring im japanischen Stil, Pride Der Kopfschutz ist aus Naturleder, passt sich der Bindung an.\" \/>\n<meta property=\"og:url\" content=\"https:\/\/prideshop.eu\/de\/shop\/sportarten\/boxen\/schutzausrustung-fur-boxen\/professioneller-helm-mit-schutz-fur-sparring-im-japanischen-stil-pride\/\" \/>\n<meta property=\"og:site_name\" content=\"PRIDEshop\" \/>\n<meta property=\"article:publisher\" content=\"https:\/\/sl-si.facebook.com\/PrideShopeu\" \/>\n<meta property=\"article:modified_time\" content=\"2026-01-13T14:34:47+00:00\" \/>\n<meta property=\"og:image\" content=\"https:\/\/prideshop.eu\/wp-content\/uploads\/2020\/10\/profesionalna-celada-za-sparing-z-zascito-japonski-stil-pride-pp51.jpeg\" \/>\n\t<meta property=\"og:image:width\" content=\"600\" \/>\n\t<meta property=\"og:image:height\" content=\"600\" \/>\n\t<meta property=\"og:image:type\" content=\"image\/jpeg\" \/>\n<meta name=\"twitter:card\" content=\"summary_large_image\" \/>\n<meta name=\"twitter:label1\" content=\"Gesch\u00e4tzte Lesezeit\" \/>\n\t<meta name=\"twitter:data1\" content=\"1\u00a0Minute\" \/>\n<script type=\"application\/ld+json\" class=\"yoast-schema-graph\">{\"@context\":\"https:\\\/\\\/schema.org\",\"@graph\":[{\"@type\":\"WebPage\",\"@id\":\"https:\\\/\\\/prideshop.eu\\\/de\\\/shop\\\/sportarten\\\/boxen\\\/schutzausrustung-fur-boxen\\\/professioneller-helm-mit-schutz-fur-sparring-im-japanischen-stil-pride\\\/\",\"url\":\"https:\\\/\\\/prideshop.eu\\\/de\\\/shop\\\/sportarten\\\/boxen\\\/schutzausrustung-fur-boxen\\\/professioneller-helm-mit-schutz-fur-sparring-im-japanischen-stil-pride\\\/\",\"name\":\"Profi-Box-Kopfschutz mit Vollschutz Pride \u2013 FullNippon - PRIDEshop\",\"isPartOf\":{\"@id\":\"https:\\\/\\\/prideshop.eu\\\/de\\\/#website\"},\"primaryImageOfPage\":{\"@id\":\"https:\\\/\\\/prideshop.eu\\\/de\\\/shop\\\/sportarten\\\/boxen\\\/schutzausrustung-fur-boxen\\\/professioneller-helm-mit-schutz-fur-sparring-im-japanischen-stil-pride\\\/#primaryimage\"},\"image\":{\"@id\":\"https:\\\/\\\/prideshop.eu\\\/de\\\/shop\\\/sportarten\\\/boxen\\\/schutzausrustung-fur-boxen\\\/professioneller-helm-mit-schutz-fur-sparring-im-japanischen-stil-pride\\\/#primaryimage\"},\"thumbnailUrl\":\"https:\\\/\\\/prideshop.eu\\\/wp-content\\\/uploads\\\/2020\\\/10\\\/profesionalna-celada-za-sparing-z-zascito-japonski-stil-pride-pp51.jpeg\",\"datePublished\":\"2020-10-26T14:33:07+00:00\",\"dateModified\":\"2026-01-13T14:34:47+00:00\",\"description\":\"Professioneller Helm mit Schutz f\u00fcr Sparring im japanischen Stil, Pride Der Kopfschutz ist aus Naturleder, passt sich der Bindung an.\",\"breadcrumb\":{\"@id\":\"https:\\\/\\\/prideshop.eu\\\/de\\\/shop\\\/sportarten\\\/boxen\\\/schutzausrustung-fur-boxen\\\/professioneller-helm-mit-schutz-fur-sparring-im-japanischen-stil-pride\\\/#breadcrumb\"},\"inLanguage\":\"de\",\"potentialAction\":[{\"@type\":\"ReadAction\",\"target\":[\"https:\\\/\\\/prideshop.eu\\\/de\\\/shop\\\/sportarten\\\/boxen\\\/schutzausrustung-fur-boxen\\\/professioneller-helm-mit-schutz-fur-sparring-im-japanischen-stil-pride\\\/\"]}]},{\"@type\":\"ImageObject\",\"inLanguage\":\"de\",\"@id\":\"https:\\\/\\\/prideshop.eu\\\/de\\\/shop\\\/sportarten\\\/boxen\\\/schutzausrustung-fur-boxen\\\/professioneller-helm-mit-schutz-fur-sparring-im-japanischen-stil-pride\\\/#primaryimage\",\"url\":\"https:\\\/\\\/prideshop.eu\\\/wp-content\\\/uploads\\\/2020\\\/10\\\/profesionalna-celada-za-sparing-z-zascito-japonski-stil-pride-pp51.jpeg\",\"contentUrl\":\"https:\\\/\\\/prideshop.eu\\\/wp-content\\\/uploads\\\/2020\\\/10\\\/profesionalna-celada-za-sparing-z-zascito-japonski-stil-pride-pp51.jpeg\",\"width\":600,\"height\":600,\"caption\":\"Professioneller Helm mit Schutz f\u00fcr Sparring im japanischen Stil Pride\"},{\"@type\":\"BreadcrumbList\",\"@id\":\"https:\\\/\\\/prideshop.eu\\\/de\\\/shop\\\/sportarten\\\/boxen\\\/schutzausrustung-fur-boxen\\\/professioneller-helm-mit-schutz-fur-sparring-im-japanischen-stil-pride\\\/#breadcrumb\",\"itemListElement\":[{\"@type\":\"ListItem\",\"position\":1,\"name\":\"Home\",\"item\":\"https:\\\/\\\/prideshop.eu\\\/de\\\/\"},{\"@type\":\"ListItem\",\"position\":2,\"name\":\"Gesch\u00e4ft\",\"item\":\"https:\\\/\\\/prideshop.eu\\\/de\\\/geschaeft\\\/\"},{\"@type\":\"ListItem\",\"position\":3,\"name\":\"Profi-Box-Kopfschutz mit Vollschutz Pride \u2013 FullNippon\"}]},{\"@type\":\"WebSite\",\"@id\":\"https:\\\/\\\/prideshop.eu\\\/de\\\/#website\",\"url\":\"https:\\\/\\\/prideshop.eu\\\/de\\\/\",\"name\":\"PRIDEshop\",\"description\":\"Oprema za Borilne \u0160porte\",\"publisher\":{\"@id\":\"https:\\\/\\\/prideshop.eu\\\/de\\\/#organization\"},\"potentialAction\":[{\"@type\":\"SearchAction\",\"target\":{\"@type\":\"EntryPoint\",\"urlTemplate\":\"https:\\\/\\\/prideshop.eu\\\/de\\\/?s={search_term_string}\"},\"query-input\":{\"@type\":\"PropertyValueSpecification\",\"valueRequired\":true,\"valueName\":\"search_term_string\"}}],\"inLanguage\":\"de\"},{\"@type\":\"Organization\",\"@id\":\"https:\\\/\\\/prideshop.eu\\\/de\\\/#organization\",\"name\":\"PRIDEshop\",\"url\":\"https:\\\/\\\/prideshop.eu\\\/de\\\/\",\"logo\":{\"@type\":\"ImageObject\",\"inLanguage\":\"de\",\"@id\":\"https:\\\/\\\/prideshop.eu\\\/de\\\/#\\\/schema\\\/logo\\\/image\\\/\",\"url\":\"\",\"contentUrl\":\"\",\"caption\":\"PRIDEshop\"},\"image\":{\"@id\":\"https:\\\/\\\/prideshop.eu\\\/de\\\/#\\\/schema\\\/logo\\\/image\\\/\"},\"sameAs\":[\"https:\\\/\\\/sl-si.facebook.com\\\/PrideShopeu\"]}]}<\/script>\n<!-- \/ Yoast SEO plugin. -->","yoast_head_json":{"title":"Profi-Box-Kopfschutz mit Vollschutz Pride \u2013 FullNippon - PRIDEshop","description":"Professioneller Helm mit Schutz f\u00fcr Sparring im japanischen Stil, Pride Der Kopfschutz ist aus Naturleder, passt sich der Bindung an.","robots":{"index":"index","follow":"follow","max-snippet":"max-snippet:-1","max-image-preview":"max-image-preview:large","max-video-preview":"max-video-preview:-1"},"canonical":"https:\/\/prideshop.eu\/de\/shop\/sportarten\/boxen\/schutzausrustung-fur-boxen\/professioneller-helm-mit-schutz-fur-sparring-im-japanischen-stil-pride\/","og_locale":"de_DE","og_type":"article","og_title":"Profi-Box-Kopfschutz mit Vollschutz Pride \u2013 FullNippon - PRIDEshop","og_description":"Professioneller Helm mit Schutz f\u00fcr Sparring im japanischen Stil, Pride Der Kopfschutz ist aus Naturleder, passt sich der Bindung an.","og_url":"https:\/\/prideshop.eu\/de\/shop\/sportarten\/boxen\/schutzausrustung-fur-boxen\/professioneller-helm-mit-schutz-fur-sparring-im-japanischen-stil-pride\/","og_site_name":"PRIDEshop","article_publisher":"https:\/\/sl-si.facebook.com\/PrideShopeu","article_modified_time":"2026-01-13T14:34:47+00:00","og_image":[{"width":600,"height":600,"url":"https:\/\/prideshop.eu\/wp-content\/uploads\/2020\/10\/profesionalna-celada-za-sparing-z-zascito-japonski-stil-pride-pp51.jpeg","type":"image\/jpeg"}],"twitter_card":"summary_large_image","twitter_misc":{"Gesch\u00e4tzte Lesezeit":"1\u00a0Minute"},"schema":{"@context":"https:\/\/schema.org","@graph":[{"@type":"WebPage","@id":"https:\/\/prideshop.eu\/de\/shop\/sportarten\/boxen\/schutzausrustung-fur-boxen\/professioneller-helm-mit-schutz-fur-sparring-im-japanischen-stil-pride\/","url":"https:\/\/prideshop.eu\/de\/shop\/sportarten\/boxen\/schutzausrustung-fur-boxen\/professioneller-helm-mit-schutz-fur-sparring-im-japanischen-stil-pride\/","name":"Profi-Box-Kopfschutz mit Vollschutz Pride \u2013 FullNippon - PRIDEshop","isPartOf":{"@id":"https:\/\/prideshop.eu\/de\/#website"},"primaryImageOfPage":{"@id":"https:\/\/prideshop.eu\/de\/shop\/sportarten\/boxen\/schutzausrustung-fur-boxen\/professioneller-helm-mit-schutz-fur-sparring-im-japanischen-stil-pride\/#primaryimage"},"image":{"@id":"https:\/\/prideshop.eu\/de\/shop\/sportarten\/boxen\/schutzausrustung-fur-boxen\/professioneller-helm-mit-schutz-fur-sparring-im-japanischen-stil-pride\/#primaryimage"},"thumbnailUrl":"https:\/\/prideshop.eu\/wp-content\/uploads\/2020\/10\/profesionalna-celada-za-sparing-z-zascito-japonski-stil-pride-pp51.jpeg","datePublished":"2020-10-26T14:33:07+00:00","dateModified":"2026-01-13T14:34:47+00:00","description":"Professioneller Helm mit Schutz f\u00fcr Sparring im japanischen Stil, Pride Der Kopfschutz ist aus Naturleder, passt sich der Bindung an.","breadcrumb":{"@id":"https:\/\/prideshop.eu\/de\/shop\/sportarten\/boxen\/schutzausrustung-fur-boxen\/professioneller-helm-mit-schutz-fur-sparring-im-japanischen-stil-pride\/#breadcrumb"},"inLanguage":"de","potentialAction":[{"@type":"ReadAction","target":["https:\/\/prideshop.eu\/de\/shop\/sportarten\/boxen\/schutzausrustung-fur-boxen\/professioneller-helm-mit-schutz-fur-sparring-im-japanischen-stil-pride\/"]}]},{"@type":"ImageObject","inLanguage":"de","@id":"https:\/\/prideshop.eu\/de\/shop\/sportarten\/boxen\/schutzausrustung-fur-boxen\/professioneller-helm-mit-schutz-fur-sparring-im-japanischen-stil-pride\/#primaryimage","url":"https:\/\/prideshop.eu\/wp-content\/uploads\/2020\/10\/profesionalna-celada-za-sparing-z-zascito-japonski-stil-pride-pp51.jpeg","contentUrl":"https:\/\/prideshop.eu\/wp-content\/uploads\/2020\/10\/profesionalna-celada-za-sparing-z-zascito-japonski-stil-pride-pp51.jpeg","width":600,"height":600,"caption":"Professioneller Helm mit Schutz f\u00fcr Sparring im japanischen Stil Pride"},{"@type":"BreadcrumbList","@id":"https:\/\/prideshop.eu\/de\/shop\/sportarten\/boxen\/schutzausrustung-fur-boxen\/professioneller-helm-mit-schutz-fur-sparring-im-japanischen-stil-pride\/#breadcrumb","itemListElement":[{"@type":"ListItem","position":1,"name":"Home","item":"https:\/\/prideshop.eu\/de\/"},{"@type":"ListItem","position":2,"name":"Gesch\u00e4ft","item":"https:\/\/prideshop.eu\/de\/geschaeft\/"},{"@type":"ListItem","position":3,"name":"Profi-Box-Kopfschutz mit Vollschutz Pride \u2013 FullNippon"}]},{"@type":"WebSite","@id":"https:\/\/prideshop.eu\/de\/#website","url":"https:\/\/prideshop.eu\/de\/","name":"PRIDEshop","description":"Oprema za Borilne \u0160porte","publisher":{"@id":"https:\/\/prideshop.eu\/de\/#organization"},"potentialAction":[{"@type":"SearchAction","target":{"@type":"EntryPoint","urlTemplate":"https:\/\/prideshop.eu\/de\/?s={search_term_string}"},"query-input":{"@type":"PropertyValueSpecification","valueRequired":true,"valueName":"search_term_string"}}],"inLanguage":"de"},{"@type":"Organization","@id":"https:\/\/prideshop.eu\/de\/#organization","name":"PRIDEshop","url":"https:\/\/prideshop.eu\/de\/","logo":{"@type":"ImageObject","inLanguage":"de","@id":"https:\/\/prideshop.eu\/de\/#\/schema\/logo\/image\/","url":"","contentUrl":"","caption":"PRIDEshop"},"image":{"@id":"https:\/\/prideshop.eu\/de\/#\/schema\/logo\/image\/"},"sameAs":["https:\/\/sl-si.facebook.com\/PrideShopeu"]}]}},"_links":{"self":[{"href":"https:\/\/prideshop.eu\/de\/wp-json\/wp\/v2\/product\/14694","targetHints":{"allow":["GET"]}}],"collection":[{"href":"https:\/\/prideshop.eu\/de\/wp-json\/wp\/v2\/product"}],"about":[{"href":"https:\/\/prideshop.eu\/de\/wp-json\/wp\/v2\/types\/product"}],"replies":[{"embeddable":true,"href":"https:\/\/prideshop.eu\/de\/wp-json\/wp\/v2\/comments?post=14694"}],"wp:featuredmedia":[{"embeddable":true,"href":"https:\/\/prideshop.eu\/de\/wp-json\/wp\/v2\/media\/33350"}],"wp:attachment":[{"href":"https:\/\/prideshop.eu\/de\/wp-json\/wp\/v2\/media?parent=14694"}],"wp:term":[{"taxonomy":"product_brand","embeddable":true,"href":"https:\/\/prideshop.eu\/de\/wp-json\/wp\/v2\/product_brand?post=14694"},{"taxonomy":"product_cat","embeddable":true,"href":"https:\/\/prideshop.eu\/de\/wp-json\/wp\/v2\/product_cat?post=14694"},{"taxonomy":"product_tag","embeddable":true,"href":"https:\/\/prideshop.eu\/de\/wp-json\/wp\/v2\/product_tag?post=14694"}],"curies":[{"name":"wp","href":"https:\/\/api.w.org\/{rel}","templated":true}]}}