{"id":14987,"date":"2021-02-01T15:36:16","date_gmt":"2021-02-01T14:36:16","guid":{"rendered":"https:\/\/prideshop.eu\/spletna-trgovina\/unkategorisiert\/rohr-zum-uben-von-handschlagen-turbopunch-dax\/"},"modified":"2025-08-04T11:18:53","modified_gmt":"2025-08-04T09:18:53","slug":"turbo-tube-zum-uben-von-turbopunch-dax","status":"publish","type":"product","link":"https:\/\/prideshop.eu\/de\/shop\/equipment-de\/trainingsgerate\/handpratzen-schlagpolster-schlagschilder\/turbo-tube-zum-uben-von-turbopunch-dax\/","title":{"rendered":"Turbo Tube zum \u00dcben von TurboPunch | Dax"},"content":{"rendered":"<h3>Turbo Tube zum \u00dcben von TurboPunch | Dax<\/h3>\n<p>Turbo Tube zum \u00dcben von TurboPunch, Dax wurde speziell f\u00fcr Kampfsportler entwickelt, um die Schlaggeschwindigkeit zu steigern. Durch intensive Belastung beim Widerstandstraining mit Zugseilen werden mehrere Muskelgruppen gleichzeitig effektiv trainiert. Der H\u00e4rtegrad \u201eschwer\u201c ist ideal geeignet f\u00fcr kurze, intensive Trainingseinheiten mit explosiven Bewegungen. Sehr gut geeignet f\u00fcr Heimtraining. Robuste, langlebige Konstruktion.<\/p>\n","protected":false},"excerpt":{"rendered":"<p>Turbo Tube zum \u00dcben von TurboPunch, Dax wurde speziell f\u00fcr Kampfsportler entwickelt, um die Schlaggeschwindigkeit zu steigern. Durch intensive Belastung beim Widerstandstraining mit Zugseilen werden mehrere Muskelgruppen gleichzeitig effektiv trainiert. Der H\u00e4rtegrad \u201eschwer\u201c ist ideal geeignet f\u00fcr kurze, intensive Trainingseinheiten mit explosiven Bewegungen. Sehr gut geeignet f\u00fcr Heimtraining. Robuste, langlebige Konstruktion.<\/p>\n","protected":false},"featured_media":14988,"comment_status":"open","ping_status":"closed","template":"","meta":{"_acf_changed":false},"product_brand":[2096],"product_cat":[580,596,590,624,588,616,582],"product_tag":[],"class_list":{"0":"post-14987","1":"product","2":"type-product","3":"status-publish","4":"has-post-thumbnail","6":"product_brand-dax","7":"product_cat-equipment-de","8":"product_cat-fitness-accesories","9":"product_cat-fitness-in-cross-trening-de","10":"product_cat-handpratzen-schlagpolster-schlagschilder","11":"product_cat-sonstiges","12":"product_cat-trainingsgerate","13":"product_cat-zusatzlische-angebote","15":"first","16":"outofstock","17":"taxable","18":"shipping-taxable","19":"purchasable","20":"product-type-simple"},"acf":[],"yoast_head":"<!-- This site is optimized with the Yoast SEO plugin v27.5 - https:\/\/yoast.com\/product\/yoast-seo-wordpress\/ -->\n<title>Turbo Tube zum \u00dcben von TurboPunch | Dax - PRIDEshop<\/title>\n<meta name=\"description\" content=\"Turbo Tube zum \u00dcben von TurboPunch, Dax wurde speziell f\u00fcr Kampfsportler entwickelt, um die Schlaggeschwindigkeit zu steigern.\" \/>\n<meta name=\"robots\" content=\"index, follow, max-snippet:-1, max-image-preview:large, max-video-preview:-1\" \/>\n<link rel=\"canonical\" href=\"https:\/\/prideshop.eu\/de\/shop\/equipment-de\/trainingsgerate\/handpratzen-schlagpolster-schlagschilder\/turbo-tube-zum-uben-von-turbopunch-dax\/\" \/>\n<meta property=\"og:locale\" content=\"de_DE\" \/>\n<meta property=\"og:type\" content=\"article\" \/>\n<meta property=\"og:title\" content=\"Turbo Tube zum \u00dcben von TurboPunch | Dax - PRIDEshop\" \/>\n<meta property=\"og:description\" content=\"Turbo Tube zum \u00dcben von TurboPunch, Dax wurde speziell f\u00fcr Kampfsportler entwickelt, um die Schlaggeschwindigkeit zu steigern.\" \/>\n<meta property=\"og:url\" content=\"https:\/\/prideshop.eu\/de\/shop\/equipment-de\/trainingsgerate\/handpratzen-schlagpolster-schlagschilder\/turbo-tube-zum-uben-von-turbopunch-dax\/\" \/>\n<meta property=\"og:site_name\" content=\"PRIDEshop\" \/>\n<meta property=\"article:publisher\" content=\"https:\/\/sl-si.facebook.com\/PrideShopeu\" \/>\n<meta property=\"article:modified_time\" content=\"2025-08-04T09:18:53+00:00\" \/>\n<meta property=\"og:image\" content=\"https:\/\/prideshop.eu\/wp-content\/uploads\/2021\/02\/turbo-tuba-za-vadbo-udarcev-z-roko-dax-TGS054.jpg\" \/>\n\t<meta property=\"og:image:width\" content=\"1000\" \/>\n\t<meta property=\"og:image:height\" content=\"1000\" \/>\n\t<meta property=\"og:image:type\" content=\"image\/jpeg\" \/>\n<meta name=\"twitter:card\" content=\"summary_large_image\" \/>\n<script type=\"application\/ld+json\" class=\"yoast-schema-graph\">{\"@context\":\"https:\\\/\\\/schema.org\",\"@graph\":[{\"@type\":\"WebPage\",\"@id\":\"https:\\\/\\\/prideshop.eu\\\/de\\\/shop\\\/equipment-de\\\/trainingsgerate\\\/handpratzen-schlagpolster-schlagschilder\\\/turbo-tube-zum-uben-von-turbopunch-dax\\\/\",\"url\":\"https:\\\/\\\/prideshop.eu\\\/de\\\/shop\\\/equipment-de\\\/trainingsgerate\\\/handpratzen-schlagpolster-schlagschilder\\\/turbo-tube-zum-uben-von-turbopunch-dax\\\/\",\"name\":\"Turbo Tube zum \u00dcben von TurboPunch | Dax - PRIDEshop\",\"isPartOf\":{\"@id\":\"https:\\\/\\\/prideshop.eu\\\/de\\\/#website\"},\"primaryImageOfPage\":{\"@id\":\"https:\\\/\\\/prideshop.eu\\\/de\\\/shop\\\/equipment-de\\\/trainingsgerate\\\/handpratzen-schlagpolster-schlagschilder\\\/turbo-tube-zum-uben-von-turbopunch-dax\\\/#primaryimage\"},\"image\":{\"@id\":\"https:\\\/\\\/prideshop.eu\\\/de\\\/shop\\\/equipment-de\\\/trainingsgerate\\\/handpratzen-schlagpolster-schlagschilder\\\/turbo-tube-zum-uben-von-turbopunch-dax\\\/#primaryimage\"},\"thumbnailUrl\":\"https:\\\/\\\/prideshop.eu\\\/wp-content\\\/uploads\\\/2021\\\/02\\\/turbo-tuba-za-vadbo-udarcev-z-roko-dax-TGS054.jpg\",\"datePublished\":\"2021-02-01T14:36:16+00:00\",\"dateModified\":\"2025-08-04T09:18:53+00:00\",\"description\":\"Turbo Tube zum \u00dcben von TurboPunch, Dax wurde speziell f\u00fcr Kampfsportler entwickelt, um die Schlaggeschwindigkeit zu steigern.\",\"breadcrumb\":{\"@id\":\"https:\\\/\\\/prideshop.eu\\\/de\\\/shop\\\/equipment-de\\\/trainingsgerate\\\/handpratzen-schlagpolster-schlagschilder\\\/turbo-tube-zum-uben-von-turbopunch-dax\\\/#breadcrumb\"},\"inLanguage\":\"de\",\"potentialAction\":[{\"@type\":\"ReadAction\",\"target\":[\"https:\\\/\\\/prideshop.eu\\\/de\\\/shop\\\/equipment-de\\\/trainingsgerate\\\/handpratzen-schlagpolster-schlagschilder\\\/turbo-tube-zum-uben-von-turbopunch-dax\\\/\"]}]},{\"@type\":\"ImageObject\",\"inLanguage\":\"de\",\"@id\":\"https:\\\/\\\/prideshop.eu\\\/de\\\/shop\\\/equipment-de\\\/trainingsgerate\\\/handpratzen-schlagpolster-schlagschilder\\\/turbo-tube-zum-uben-von-turbopunch-dax\\\/#primaryimage\",\"url\":\"https:\\\/\\\/prideshop.eu\\\/wp-content\\\/uploads\\\/2021\\\/02\\\/turbo-tuba-za-vadbo-udarcev-z-roko-dax-TGS054.jpg\",\"contentUrl\":\"https:\\\/\\\/prideshop.eu\\\/wp-content\\\/uploads\\\/2021\\\/02\\\/turbo-tuba-za-vadbo-udarcev-z-roko-dax-TGS054.jpg\",\"width\":1000,\"height\":1000,\"caption\":\"Turbo Tube zum \u00dcben von TurboPunch Dax\"},{\"@type\":\"BreadcrumbList\",\"@id\":\"https:\\\/\\\/prideshop.eu\\\/de\\\/shop\\\/equipment-de\\\/trainingsgerate\\\/handpratzen-schlagpolster-schlagschilder\\\/turbo-tube-zum-uben-von-turbopunch-dax\\\/#breadcrumb\",\"itemListElement\":[{\"@type\":\"ListItem\",\"position\":1,\"name\":\"Home\",\"item\":\"https:\\\/\\\/prideshop.eu\\\/de\\\/\"},{\"@type\":\"ListItem\",\"position\":2,\"name\":\"Gesch\u00e4ft\",\"item\":\"https:\\\/\\\/prideshop.eu\\\/de\\\/geschaeft\\\/\"},{\"@type\":\"ListItem\",\"position\":3,\"name\":\"Turbo Tube zum \u00dcben von TurboPunch | Dax\"}]},{\"@type\":\"WebSite\",\"@id\":\"https:\\\/\\\/prideshop.eu\\\/de\\\/#website\",\"url\":\"https:\\\/\\\/prideshop.eu\\\/de\\\/\",\"name\":\"PRIDEshop\",\"description\":\"Oprema za Borilne \u0160porte\",\"publisher\":{\"@id\":\"https:\\\/\\\/prideshop.eu\\\/de\\\/#organization\"},\"potentialAction\":[{\"@type\":\"SearchAction\",\"target\":{\"@type\":\"EntryPoint\",\"urlTemplate\":\"https:\\\/\\\/prideshop.eu\\\/de\\\/?s={search_term_string}\"},\"query-input\":{\"@type\":\"PropertyValueSpecification\",\"valueRequired\":true,\"valueName\":\"search_term_string\"}}],\"inLanguage\":\"de\"},{\"@type\":\"Organization\",\"@id\":\"https:\\\/\\\/prideshop.eu\\\/de\\\/#organization\",\"name\":\"PRIDEshop\",\"url\":\"https:\\\/\\\/prideshop.eu\\\/de\\\/\",\"logo\":{\"@type\":\"ImageObject\",\"inLanguage\":\"de\",\"@id\":\"https:\\\/\\\/prideshop.eu\\\/de\\\/#\\\/schema\\\/logo\\\/image\\\/\",\"url\":\"\",\"contentUrl\":\"\",\"caption\":\"PRIDEshop\"},\"image\":{\"@id\":\"https:\\\/\\\/prideshop.eu\\\/de\\\/#\\\/schema\\\/logo\\\/image\\\/\"},\"sameAs\":[\"https:\\\/\\\/sl-si.facebook.com\\\/PrideShopeu\"]}]}<\/script>\n<!-- \/ Yoast SEO plugin. -->","yoast_head_json":{"title":"Turbo Tube zum \u00dcben von TurboPunch | Dax - PRIDEshop","description":"Turbo Tube zum \u00dcben von TurboPunch, Dax wurde speziell f\u00fcr Kampfsportler entwickelt, um die Schlaggeschwindigkeit zu steigern.","robots":{"index":"index","follow":"follow","max-snippet":"max-snippet:-1","max-image-preview":"max-image-preview:large","max-video-preview":"max-video-preview:-1"},"canonical":"https:\/\/prideshop.eu\/de\/shop\/equipment-de\/trainingsgerate\/handpratzen-schlagpolster-schlagschilder\/turbo-tube-zum-uben-von-turbopunch-dax\/","og_locale":"de_DE","og_type":"article","og_title":"Turbo Tube zum \u00dcben von TurboPunch | Dax - PRIDEshop","og_description":"Turbo Tube zum \u00dcben von TurboPunch, Dax wurde speziell f\u00fcr Kampfsportler entwickelt, um die Schlaggeschwindigkeit zu steigern.","og_url":"https:\/\/prideshop.eu\/de\/shop\/equipment-de\/trainingsgerate\/handpratzen-schlagpolster-schlagschilder\/turbo-tube-zum-uben-von-turbopunch-dax\/","og_site_name":"PRIDEshop","article_publisher":"https:\/\/sl-si.facebook.com\/PrideShopeu","article_modified_time":"2025-08-04T09:18:53+00:00","og_image":[{"width":1000,"height":1000,"url":"https:\/\/prideshop.eu\/wp-content\/uploads\/2021\/02\/turbo-tuba-za-vadbo-udarcev-z-roko-dax-TGS054.jpg","type":"image\/jpeg"}],"twitter_card":"summary_large_image","schema":{"@context":"https:\/\/schema.org","@graph":[{"@type":"WebPage","@id":"https:\/\/prideshop.eu\/de\/shop\/equipment-de\/trainingsgerate\/handpratzen-schlagpolster-schlagschilder\/turbo-tube-zum-uben-von-turbopunch-dax\/","url":"https:\/\/prideshop.eu\/de\/shop\/equipment-de\/trainingsgerate\/handpratzen-schlagpolster-schlagschilder\/turbo-tube-zum-uben-von-turbopunch-dax\/","name":"Turbo Tube zum \u00dcben von TurboPunch | Dax - PRIDEshop","isPartOf":{"@id":"https:\/\/prideshop.eu\/de\/#website"},"primaryImageOfPage":{"@id":"https:\/\/prideshop.eu\/de\/shop\/equipment-de\/trainingsgerate\/handpratzen-schlagpolster-schlagschilder\/turbo-tube-zum-uben-von-turbopunch-dax\/#primaryimage"},"image":{"@id":"https:\/\/prideshop.eu\/de\/shop\/equipment-de\/trainingsgerate\/handpratzen-schlagpolster-schlagschilder\/turbo-tube-zum-uben-von-turbopunch-dax\/#primaryimage"},"thumbnailUrl":"https:\/\/prideshop.eu\/wp-content\/uploads\/2021\/02\/turbo-tuba-za-vadbo-udarcev-z-roko-dax-TGS054.jpg","datePublished":"2021-02-01T14:36:16+00:00","dateModified":"2025-08-04T09:18:53+00:00","description":"Turbo Tube zum \u00dcben von TurboPunch, Dax wurde speziell f\u00fcr Kampfsportler entwickelt, um die Schlaggeschwindigkeit zu steigern.","breadcrumb":{"@id":"https:\/\/prideshop.eu\/de\/shop\/equipment-de\/trainingsgerate\/handpratzen-schlagpolster-schlagschilder\/turbo-tube-zum-uben-von-turbopunch-dax\/#breadcrumb"},"inLanguage":"de","potentialAction":[{"@type":"ReadAction","target":["https:\/\/prideshop.eu\/de\/shop\/equipment-de\/trainingsgerate\/handpratzen-schlagpolster-schlagschilder\/turbo-tube-zum-uben-von-turbopunch-dax\/"]}]},{"@type":"ImageObject","inLanguage":"de","@id":"https:\/\/prideshop.eu\/de\/shop\/equipment-de\/trainingsgerate\/handpratzen-schlagpolster-schlagschilder\/turbo-tube-zum-uben-von-turbopunch-dax\/#primaryimage","url":"https:\/\/prideshop.eu\/wp-content\/uploads\/2021\/02\/turbo-tuba-za-vadbo-udarcev-z-roko-dax-TGS054.jpg","contentUrl":"https:\/\/prideshop.eu\/wp-content\/uploads\/2021\/02\/turbo-tuba-za-vadbo-udarcev-z-roko-dax-TGS054.jpg","width":1000,"height":1000,"caption":"Turbo Tube zum \u00dcben von TurboPunch Dax"},{"@type":"BreadcrumbList","@id":"https:\/\/prideshop.eu\/de\/shop\/equipment-de\/trainingsgerate\/handpratzen-schlagpolster-schlagschilder\/turbo-tube-zum-uben-von-turbopunch-dax\/#breadcrumb","itemListElement":[{"@type":"ListItem","position":1,"name":"Home","item":"https:\/\/prideshop.eu\/de\/"},{"@type":"ListItem","position":2,"name":"Gesch\u00e4ft","item":"https:\/\/prideshop.eu\/de\/geschaeft\/"},{"@type":"ListItem","position":3,"name":"Turbo Tube zum \u00dcben von TurboPunch | Dax"}]},{"@type":"WebSite","@id":"https:\/\/prideshop.eu\/de\/#website","url":"https:\/\/prideshop.eu\/de\/","name":"PRIDEshop","description":"Oprema za Borilne \u0160porte","publisher":{"@id":"https:\/\/prideshop.eu\/de\/#organization"},"potentialAction":[{"@type":"SearchAction","target":{"@type":"EntryPoint","urlTemplate":"https:\/\/prideshop.eu\/de\/?s={search_term_string}"},"query-input":{"@type":"PropertyValueSpecification","valueRequired":true,"valueName":"search_term_string"}}],"inLanguage":"de"},{"@type":"Organization","@id":"https:\/\/prideshop.eu\/de\/#organization","name":"PRIDEshop","url":"https:\/\/prideshop.eu\/de\/","logo":{"@type":"ImageObject","inLanguage":"de","@id":"https:\/\/prideshop.eu\/de\/#\/schema\/logo\/image\/","url":"","contentUrl":"","caption":"PRIDEshop"},"image":{"@id":"https:\/\/prideshop.eu\/de\/#\/schema\/logo\/image\/"},"sameAs":["https:\/\/sl-si.facebook.com\/PrideShopeu"]}]}},"_links":{"self":[{"href":"https:\/\/prideshop.eu\/de\/wp-json\/wp\/v2\/product\/14987","targetHints":{"allow":["GET"]}}],"collection":[{"href":"https:\/\/prideshop.eu\/de\/wp-json\/wp\/v2\/product"}],"about":[{"href":"https:\/\/prideshop.eu\/de\/wp-json\/wp\/v2\/types\/product"}],"replies":[{"embeddable":true,"href":"https:\/\/prideshop.eu\/de\/wp-json\/wp\/v2\/comments?post=14987"}],"wp:featuredmedia":[{"embeddable":true,"href":"https:\/\/prideshop.eu\/de\/wp-json\/wp\/v2\/media\/14988"}],"wp:attachment":[{"href":"https:\/\/prideshop.eu\/de\/wp-json\/wp\/v2\/media?parent=14987"}],"wp:term":[{"taxonomy":"product_brand","embeddable":true,"href":"https:\/\/prideshop.eu\/de\/wp-json\/wp\/v2\/product_brand?post=14987"},{"taxonomy":"product_cat","embeddable":true,"href":"https:\/\/prideshop.eu\/de\/wp-json\/wp\/v2\/product_cat?post=14987"},{"taxonomy":"product_tag","embeddable":true,"href":"https:\/\/prideshop.eu\/de\/wp-json\/wp\/v2\/product_tag?post=14987"}],"curies":[{"name":"wp","href":"https:\/\/api.w.org\/{rel}","templated":true}]}}