{"id":15036,"date":"2020-09-08T15:15:47","date_gmt":"2020-09-08T13:15:47","guid":{"rendered":"https:\/\/prideshop.eu\/spletna-trgovina\/unkategorisiert\/competition-handschuhe-ufc\/"},"modified":"2025-08-04T11:19:05","modified_gmt":"2025-08-04T09:19:05","slug":"competition-handschuhe-ufc","status":"publish","type":"product","link":"https:\/\/prideshop.eu\/de\/shop\/sportarten\/mma-ultimate-fight-de\/mma-ultimate-fight-handschuhe\/competition-handschuhe-ufc\/","title":{"rendered":"Competition Handschuhe | UFC"},"content":{"rendered":"<h3>Competition Handschuhe | UFC<\/h3>\n<p>Competition Handschuhe, UFCnDas Handgelenk besteht aus Flomotion, mit einer Feuchtigkeitsentfernungstechnologie, die Ihre H\u00e4nde k\u00fchl, trocken und angenehm h\u00e4lt. Die Gloves haben ein Doppelverschluss mit Klettverschluss f\u00fcr mehr Schutz. Konzipiert f\u00fcr das MMA\u2013Training am Boden, speziell f\u00fcr das Grappling. Besonders gebogen f\u00fcr unglaubliche Passform und Erm\u00fcdungsverminderung. Bewertung der Wettbewerbsf\u00e4higkeit: Hergestellt nach genauen Spezifikationen, geformt aus einem weichen und haltbaren Material.<\/p>\n","protected":false},"excerpt":{"rendered":"<p>Competition Handschuhe, UFCnDas Handgelenk besteht aus Flomotion, mit einer Feuchtigkeitsentfernungstechnologie, die Ihre H\u00e4nde k\u00fchl, trocken und angenehm h\u00e4lt. Die Gloves haben ein Doppelverschluss mit Klettverschluss f\u00fcr mehr Schutz. Konzipiert f\u00fcr das MMA\u2013Training am Boden, speziell f\u00fcr das Grappling. Besonders gebogen f\u00fcr unglaubliche Passform und Erm\u00fcdungsverminderung. Bewertung der Wettbewerbsf\u00e4higkeit: Hergestellt nach genauen Spezifikationen, geformt aus einem weichen und haltbaren Material.<\/p>\n","protected":false},"featured_media":15038,"comment_status":"open","ping_status":"closed","template":"","meta":{"_acf_changed":false},"product_brand":[2104],"product_cat":[580,638,738,734,744,752,634,656],"product_tag":[],"class_list":{"0":"post-15036","1":"product","2":"type-product","3":"status-publish","4":"has-post-thumbnail","6":"product_brand-ufc","7":"product_cat-equipment-de","8":"product_cat-handschuhe","9":"product_cat-handschuhe-fur-krav-maga","10":"product_cat-krav-maga-de","11":"product_cat-mma-ultimate-fight-de","12":"product_cat-mma-ultimate-fight-handschuhe","13":"product_cat-schutzausrustung","14":"product_cat-sportarten","16":"first","17":"outofstock","18":"taxable","19":"shipping-taxable","20":"product-type-variable"},"acf":[],"yoast_head":"<!-- This site is optimized with the Yoast SEO plugin v27.4 - https:\/\/yoast.com\/product\/yoast-seo-wordpress\/ -->\n<title>Competition Handschuhe | UFC - PRIDEshop<\/title>\n<meta name=\"description\" content=\"Competition Handschuhe, UFC. Das Handgelenk besteht aus Flomotion, mit einer Feuchtigkeitsentfernungstechnologie, die Ihre H\u00e4nde k\u00fchl, trocken und angenehm h\u00e4lt.\" \/>\n<meta name=\"robots\" content=\"index, follow, max-snippet:-1, max-image-preview:large, max-video-preview:-1\" \/>\n<link rel=\"canonical\" href=\"https:\/\/prideshop.eu\/de\/shop\/sportarten\/mma-ultimate-fight-de\/mma-ultimate-fight-handschuhe\/competition-handschuhe-ufc\/\" \/>\n<meta property=\"og:locale\" content=\"de_DE\" \/>\n<meta property=\"og:type\" content=\"article\" \/>\n<meta property=\"og:title\" content=\"Competition Handschuhe | UFC - PRIDEshop\" \/>\n<meta property=\"og:description\" content=\"Competition Handschuhe, UFC. Das Handgelenk besteht aus Flomotion, mit einer Feuchtigkeitsentfernungstechnologie, die Ihre H\u00e4nde k\u00fchl, trocken und angenehm h\u00e4lt.\" \/>\n<meta property=\"og:url\" content=\"https:\/\/prideshop.eu\/de\/shop\/sportarten\/mma-ultimate-fight-de\/mma-ultimate-fight-handschuhe\/competition-handschuhe-ufc\/\" \/>\n<meta property=\"og:site_name\" content=\"PRIDEshop\" \/>\n<meta property=\"article:publisher\" content=\"https:\/\/sl-si.facebook.com\/PrideShopeu\" \/>\n<meta property=\"article:modified_time\" content=\"2025-08-04T09:19:05+00:00\" \/>\n<meta property=\"og:image\" content=\"https:\/\/prideshop.eu\/wp-content\/uploads\/2020\/09\/U405_UFC_MMA_gloves.jpeg\" \/>\n\t<meta property=\"og:image:width\" content=\"600\" \/>\n\t<meta property=\"og:image:height\" content=\"600\" \/>\n\t<meta property=\"og:image:type\" content=\"image\/jpeg\" \/>\n<meta name=\"twitter:card\" content=\"summary_large_image\" \/>\n<script type=\"application\/ld+json\" class=\"yoast-schema-graph\">{\"@context\":\"https:\\\/\\\/schema.org\",\"@graph\":[{\"@type\":\"WebPage\",\"@id\":\"https:\\\/\\\/prideshop.eu\\\/de\\\/shop\\\/sportarten\\\/mma-ultimate-fight-de\\\/mma-ultimate-fight-handschuhe\\\/competition-handschuhe-ufc\\\/\",\"url\":\"https:\\\/\\\/prideshop.eu\\\/de\\\/shop\\\/sportarten\\\/mma-ultimate-fight-de\\\/mma-ultimate-fight-handschuhe\\\/competition-handschuhe-ufc\\\/\",\"name\":\"Competition Handschuhe | UFC - PRIDEshop\",\"isPartOf\":{\"@id\":\"https:\\\/\\\/prideshop.eu\\\/de\\\/#website\"},\"primaryImageOfPage\":{\"@id\":\"https:\\\/\\\/prideshop.eu\\\/de\\\/shop\\\/sportarten\\\/mma-ultimate-fight-de\\\/mma-ultimate-fight-handschuhe\\\/competition-handschuhe-ufc\\\/#primaryimage\"},\"image\":{\"@id\":\"https:\\\/\\\/prideshop.eu\\\/de\\\/shop\\\/sportarten\\\/mma-ultimate-fight-de\\\/mma-ultimate-fight-handschuhe\\\/competition-handschuhe-ufc\\\/#primaryimage\"},\"thumbnailUrl\":\"https:\\\/\\\/prideshop.eu\\\/wp-content\\\/uploads\\\/2020\\\/09\\\/U405_UFC_MMA_gloves.jpeg\",\"datePublished\":\"2020-09-08T13:15:47+00:00\",\"dateModified\":\"2025-08-04T09:19:05+00:00\",\"description\":\"Competition Handschuhe, UFC. Das Handgelenk besteht aus Flomotion, mit einer Feuchtigkeitsentfernungstechnologie, die Ihre H\u00e4nde k\u00fchl, trocken und angenehm h\u00e4lt.\",\"breadcrumb\":{\"@id\":\"https:\\\/\\\/prideshop.eu\\\/de\\\/shop\\\/sportarten\\\/mma-ultimate-fight-de\\\/mma-ultimate-fight-handschuhe\\\/competition-handschuhe-ufc\\\/#breadcrumb\"},\"inLanguage\":\"de\",\"potentialAction\":[{\"@type\":\"ReadAction\",\"target\":[\"https:\\\/\\\/prideshop.eu\\\/de\\\/shop\\\/sportarten\\\/mma-ultimate-fight-de\\\/mma-ultimate-fight-handschuhe\\\/competition-handschuhe-ufc\\\/\"]}]},{\"@type\":\"ImageObject\",\"inLanguage\":\"de\",\"@id\":\"https:\\\/\\\/prideshop.eu\\\/de\\\/shop\\\/sportarten\\\/mma-ultimate-fight-de\\\/mma-ultimate-fight-handschuhe\\\/competition-handschuhe-ufc\\\/#primaryimage\",\"url\":\"https:\\\/\\\/prideshop.eu\\\/wp-content\\\/uploads\\\/2020\\\/09\\\/U405_UFC_MMA_gloves.jpeg\",\"contentUrl\":\"https:\\\/\\\/prideshop.eu\\\/wp-content\\\/uploads\\\/2020\\\/09\\\/U405_UFC_MMA_gloves.jpeg\",\"width\":600,\"height\":600},{\"@type\":\"BreadcrumbList\",\"@id\":\"https:\\\/\\\/prideshop.eu\\\/de\\\/shop\\\/sportarten\\\/mma-ultimate-fight-de\\\/mma-ultimate-fight-handschuhe\\\/competition-handschuhe-ufc\\\/#breadcrumb\",\"itemListElement\":[{\"@type\":\"ListItem\",\"position\":1,\"name\":\"Home\",\"item\":\"https:\\\/\\\/prideshop.eu\\\/de\\\/\"},{\"@type\":\"ListItem\",\"position\":2,\"name\":\"Gesch\u00e4ft\",\"item\":\"https:\\\/\\\/prideshop.eu\\\/de\\\/geschaeft\\\/\"},{\"@type\":\"ListItem\",\"position\":3,\"name\":\"Competition Handschuhe | UFC\"}]},{\"@type\":\"WebSite\",\"@id\":\"https:\\\/\\\/prideshop.eu\\\/de\\\/#website\",\"url\":\"https:\\\/\\\/prideshop.eu\\\/de\\\/\",\"name\":\"PRIDEshop\",\"description\":\"Oprema za Borilne \u0160porte\",\"publisher\":{\"@id\":\"https:\\\/\\\/prideshop.eu\\\/de\\\/#organization\"},\"potentialAction\":[{\"@type\":\"SearchAction\",\"target\":{\"@type\":\"EntryPoint\",\"urlTemplate\":\"https:\\\/\\\/prideshop.eu\\\/de\\\/?s={search_term_string}\"},\"query-input\":{\"@type\":\"PropertyValueSpecification\",\"valueRequired\":true,\"valueName\":\"search_term_string\"}}],\"inLanguage\":\"de\"},{\"@type\":\"Organization\",\"@id\":\"https:\\\/\\\/prideshop.eu\\\/de\\\/#organization\",\"name\":\"PRIDEshop\",\"url\":\"https:\\\/\\\/prideshop.eu\\\/de\\\/\",\"logo\":{\"@type\":\"ImageObject\",\"inLanguage\":\"de\",\"@id\":\"https:\\\/\\\/prideshop.eu\\\/de\\\/#\\\/schema\\\/logo\\\/image\\\/\",\"url\":\"\",\"contentUrl\":\"\",\"caption\":\"PRIDEshop\"},\"image\":{\"@id\":\"https:\\\/\\\/prideshop.eu\\\/de\\\/#\\\/schema\\\/logo\\\/image\\\/\"},\"sameAs\":[\"https:\\\/\\\/sl-si.facebook.com\\\/PrideShopeu\"]}]}<\/script>\n<!-- \/ Yoast SEO plugin. -->","yoast_head_json":{"title":"Competition Handschuhe | UFC - PRIDEshop","description":"Competition Handschuhe, UFC. Das Handgelenk besteht aus Flomotion, mit einer Feuchtigkeitsentfernungstechnologie, die Ihre H\u00e4nde k\u00fchl, trocken und angenehm h\u00e4lt.","robots":{"index":"index","follow":"follow","max-snippet":"max-snippet:-1","max-image-preview":"max-image-preview:large","max-video-preview":"max-video-preview:-1"},"canonical":"https:\/\/prideshop.eu\/de\/shop\/sportarten\/mma-ultimate-fight-de\/mma-ultimate-fight-handschuhe\/competition-handschuhe-ufc\/","og_locale":"de_DE","og_type":"article","og_title":"Competition Handschuhe | UFC - PRIDEshop","og_description":"Competition Handschuhe, UFC. Das Handgelenk besteht aus Flomotion, mit einer Feuchtigkeitsentfernungstechnologie, die Ihre H\u00e4nde k\u00fchl, trocken und angenehm h\u00e4lt.","og_url":"https:\/\/prideshop.eu\/de\/shop\/sportarten\/mma-ultimate-fight-de\/mma-ultimate-fight-handschuhe\/competition-handschuhe-ufc\/","og_site_name":"PRIDEshop","article_publisher":"https:\/\/sl-si.facebook.com\/PrideShopeu","article_modified_time":"2025-08-04T09:19:05+00:00","og_image":[{"width":600,"height":600,"url":"https:\/\/prideshop.eu\/wp-content\/uploads\/2020\/09\/U405_UFC_MMA_gloves.jpeg","type":"image\/jpeg"}],"twitter_card":"summary_large_image","schema":{"@context":"https:\/\/schema.org","@graph":[{"@type":"WebPage","@id":"https:\/\/prideshop.eu\/de\/shop\/sportarten\/mma-ultimate-fight-de\/mma-ultimate-fight-handschuhe\/competition-handschuhe-ufc\/","url":"https:\/\/prideshop.eu\/de\/shop\/sportarten\/mma-ultimate-fight-de\/mma-ultimate-fight-handschuhe\/competition-handschuhe-ufc\/","name":"Competition Handschuhe | UFC - PRIDEshop","isPartOf":{"@id":"https:\/\/prideshop.eu\/de\/#website"},"primaryImageOfPage":{"@id":"https:\/\/prideshop.eu\/de\/shop\/sportarten\/mma-ultimate-fight-de\/mma-ultimate-fight-handschuhe\/competition-handschuhe-ufc\/#primaryimage"},"image":{"@id":"https:\/\/prideshop.eu\/de\/shop\/sportarten\/mma-ultimate-fight-de\/mma-ultimate-fight-handschuhe\/competition-handschuhe-ufc\/#primaryimage"},"thumbnailUrl":"https:\/\/prideshop.eu\/wp-content\/uploads\/2020\/09\/U405_UFC_MMA_gloves.jpeg","datePublished":"2020-09-08T13:15:47+00:00","dateModified":"2025-08-04T09:19:05+00:00","description":"Competition Handschuhe, UFC. Das Handgelenk besteht aus Flomotion, mit einer Feuchtigkeitsentfernungstechnologie, die Ihre H\u00e4nde k\u00fchl, trocken und angenehm h\u00e4lt.","breadcrumb":{"@id":"https:\/\/prideshop.eu\/de\/shop\/sportarten\/mma-ultimate-fight-de\/mma-ultimate-fight-handschuhe\/competition-handschuhe-ufc\/#breadcrumb"},"inLanguage":"de","potentialAction":[{"@type":"ReadAction","target":["https:\/\/prideshop.eu\/de\/shop\/sportarten\/mma-ultimate-fight-de\/mma-ultimate-fight-handschuhe\/competition-handschuhe-ufc\/"]}]},{"@type":"ImageObject","inLanguage":"de","@id":"https:\/\/prideshop.eu\/de\/shop\/sportarten\/mma-ultimate-fight-de\/mma-ultimate-fight-handschuhe\/competition-handschuhe-ufc\/#primaryimage","url":"https:\/\/prideshop.eu\/wp-content\/uploads\/2020\/09\/U405_UFC_MMA_gloves.jpeg","contentUrl":"https:\/\/prideshop.eu\/wp-content\/uploads\/2020\/09\/U405_UFC_MMA_gloves.jpeg","width":600,"height":600},{"@type":"BreadcrumbList","@id":"https:\/\/prideshop.eu\/de\/shop\/sportarten\/mma-ultimate-fight-de\/mma-ultimate-fight-handschuhe\/competition-handschuhe-ufc\/#breadcrumb","itemListElement":[{"@type":"ListItem","position":1,"name":"Home","item":"https:\/\/prideshop.eu\/de\/"},{"@type":"ListItem","position":2,"name":"Gesch\u00e4ft","item":"https:\/\/prideshop.eu\/de\/geschaeft\/"},{"@type":"ListItem","position":3,"name":"Competition Handschuhe | UFC"}]},{"@type":"WebSite","@id":"https:\/\/prideshop.eu\/de\/#website","url":"https:\/\/prideshop.eu\/de\/","name":"PRIDEshop","description":"Oprema za Borilne \u0160porte","publisher":{"@id":"https:\/\/prideshop.eu\/de\/#organization"},"potentialAction":[{"@type":"SearchAction","target":{"@type":"EntryPoint","urlTemplate":"https:\/\/prideshop.eu\/de\/?s={search_term_string}"},"query-input":{"@type":"PropertyValueSpecification","valueRequired":true,"valueName":"search_term_string"}}],"inLanguage":"de"},{"@type":"Organization","@id":"https:\/\/prideshop.eu\/de\/#organization","name":"PRIDEshop","url":"https:\/\/prideshop.eu\/de\/","logo":{"@type":"ImageObject","inLanguage":"de","@id":"https:\/\/prideshop.eu\/de\/#\/schema\/logo\/image\/","url":"","contentUrl":"","caption":"PRIDEshop"},"image":{"@id":"https:\/\/prideshop.eu\/de\/#\/schema\/logo\/image\/"},"sameAs":["https:\/\/sl-si.facebook.com\/PrideShopeu"]}]}},"_links":{"self":[{"href":"https:\/\/prideshop.eu\/de\/wp-json\/wp\/v2\/product\/15036","targetHints":{"allow":["GET"]}}],"collection":[{"href":"https:\/\/prideshop.eu\/de\/wp-json\/wp\/v2\/product"}],"about":[{"href":"https:\/\/prideshop.eu\/de\/wp-json\/wp\/v2\/types\/product"}],"replies":[{"embeddable":true,"href":"https:\/\/prideshop.eu\/de\/wp-json\/wp\/v2\/comments?post=15036"}],"wp:featuredmedia":[{"embeddable":true,"href":"https:\/\/prideshop.eu\/de\/wp-json\/wp\/v2\/media\/15038"}],"wp:attachment":[{"href":"https:\/\/prideshop.eu\/de\/wp-json\/wp\/v2\/media?parent=15036"}],"wp:term":[{"taxonomy":"product_brand","embeddable":true,"href":"https:\/\/prideshop.eu\/de\/wp-json\/wp\/v2\/product_brand?post=15036"},{"taxonomy":"product_cat","embeddable":true,"href":"https:\/\/prideshop.eu\/de\/wp-json\/wp\/v2\/product_cat?post=15036"},{"taxonomy":"product_tag","embeddable":true,"href":"https:\/\/prideshop.eu\/de\/wp-json\/wp\/v2\/product_tag?post=15036"}],"curies":[{"name":"wp","href":"https:\/\/api.w.org\/{rel}","templated":true}]}}