{"id":15099,"date":"2020-11-10T10:24:06","date_gmt":"2020-11-10T09:24:06","guid":{"rendered":"https:\/\/prideshop.eu\/spletna-trgovina\/unkategorisiert\/netztasche-fur-schutzausrustung-pride\/"},"modified":"2025-08-04T10:47:33","modified_gmt":"2025-08-04T08:47:33","slug":"netztasche-fur-schutzausrustung-pride","status":"publish","type":"product","link":"https:\/\/prideshop.eu\/de\/shop\/equipment-de\/sporttaschen\/netztasche-fur-schutzausrustung-pride\/","title":{"rendered":"Netztasche f\u00fcr Schutzausr\u00fcstung Pride \u2013 AirPack"},"content":{"rendered":"<h3>Netztasche f\u00fcr Schutzausr\u00fcstung Pride \u2013 AirPack<\/h3>\n<p>Netztasche f\u00fcr Schutzausr\u00fcstung, Pride Ist zum Tragen von Sportger\u00e4ten f\u00fcr Training und Wettk\u00e4mpfe bestimmt. Das Netz erm\u00f6glicht eine vollst\u00e4ndige Bel\u00fcftung, ein breiter Schultergurt zum Tragen der Tasche auf dem R\u00fccken. Die Tasche hat eine zus\u00e4tzliche Rei\u00dfverschlusstasche.<\/p>\n","protected":false},"excerpt":{"rendered":"<p>Netztasche f\u00fcr Schutzausr\u00fcstung, Pride Ist zum Tragen von Sportger\u00e4ten f\u00fcr Training und Wettk\u00e4mpfe bestimmt. Das Netz erm\u00f6glicht eine vollst\u00e4ndige Bel\u00fcftung, ein breiter Schultergurt zum Tragen der Tasche auf dem R\u00fccken. Die Tasche hat eine zus\u00e4tzliche Rei\u00dfverschlusstasche.<\/p>\n","protected":false},"featured_media":33162,"comment_status":"open","ping_status":"closed","template":"","meta":{"_acf_changed":false},"product_brand":[2086],"product_cat":[580,654],"product_tag":[],"class_list":{"0":"post-15099","1":"product","2":"type-product","3":"status-publish","4":"has-post-thumbnail","6":"product_brand-pride","7":"product_cat-equipment-de","8":"product_cat-sporttaschen","10":"first","11":"outofstock","12":"sale","13":"taxable","14":"shipping-taxable","15":"purchasable","16":"product-type-simple"},"acf":[],"yoast_head":"<!-- This site is optimized with the Yoast SEO plugin v27.5 - https:\/\/yoast.com\/product\/yoast-seo-wordpress\/ -->\n<title>Netztasche f\u00fcr Schutzausr\u00fcstung Pride \u2013 AirPack - PRIDEshop<\/title>\n<meta name=\"description\" content=\"Netztasche f\u00fcr Schutzausr\u00fcstung, Pride Ist zum Tragen von Sportger\u00e4ten f\u00fcr Training und Wettk\u00e4mpfe bestimmt.\" \/>\n<meta name=\"robots\" content=\"index, follow, max-snippet:-1, max-image-preview:large, max-video-preview:-1\" \/>\n<link rel=\"canonical\" href=\"https:\/\/prideshop.eu\/de\/shop\/equipment-de\/sporttaschen\/netztasche-fur-schutzausrustung-pride\/\" \/>\n<meta property=\"og:locale\" content=\"de_DE\" \/>\n<meta property=\"og:type\" content=\"article\" \/>\n<meta property=\"og:title\" content=\"Netztasche f\u00fcr Schutzausr\u00fcstung Pride \u2013 AirPack - PRIDEshop\" \/>\n<meta property=\"og:description\" content=\"Netztasche f\u00fcr Schutzausr\u00fcstung, Pride Ist zum Tragen von Sportger\u00e4ten f\u00fcr Training und Wettk\u00e4mpfe bestimmt.\" \/>\n<meta property=\"og:url\" content=\"https:\/\/prideshop.eu\/de\/shop\/equipment-de\/sporttaschen\/netztasche-fur-schutzausrustung-pride\/\" \/>\n<meta property=\"og:site_name\" content=\"PRIDEshop\" \/>\n<meta property=\"article:publisher\" content=\"https:\/\/sl-si.facebook.com\/PrideShopeu\" \/>\n<meta property=\"article:modified_time\" content=\"2025-08-04T08:47:33+00:00\" \/>\n<meta property=\"og:image\" content=\"https:\/\/prideshop.eu\/wp-content\/uploads\/2020\/11\/mrezasta-torba-za-zascitno-opremo-2427.jpeg\" \/>\n\t<meta property=\"og:image:width\" content=\"600\" \/>\n\t<meta property=\"og:image:height\" content=\"600\" \/>\n\t<meta property=\"og:image:type\" content=\"image\/jpeg\" \/>\n<meta name=\"twitter:card\" content=\"summary_large_image\" \/>\n<script type=\"application\/ld+json\" class=\"yoast-schema-graph\">{\"@context\":\"https:\\\/\\\/schema.org\",\"@graph\":[{\"@type\":\"WebPage\",\"@id\":\"https:\\\/\\\/prideshop.eu\\\/de\\\/shop\\\/equipment-de\\\/sporttaschen\\\/netztasche-fur-schutzausrustung-pride\\\/\",\"url\":\"https:\\\/\\\/prideshop.eu\\\/de\\\/shop\\\/equipment-de\\\/sporttaschen\\\/netztasche-fur-schutzausrustung-pride\\\/\",\"name\":\"Netztasche f\u00fcr Schutzausr\u00fcstung Pride \u2013 AirPack - PRIDEshop\",\"isPartOf\":{\"@id\":\"https:\\\/\\\/prideshop.eu\\\/de\\\/#website\"},\"primaryImageOfPage\":{\"@id\":\"https:\\\/\\\/prideshop.eu\\\/de\\\/shop\\\/equipment-de\\\/sporttaschen\\\/netztasche-fur-schutzausrustung-pride\\\/#primaryimage\"},\"image\":{\"@id\":\"https:\\\/\\\/prideshop.eu\\\/de\\\/shop\\\/equipment-de\\\/sporttaschen\\\/netztasche-fur-schutzausrustung-pride\\\/#primaryimage\"},\"thumbnailUrl\":\"https:\\\/\\\/prideshop.eu\\\/wp-content\\\/uploads\\\/2020\\\/11\\\/mrezasta-torba-za-zascitno-opremo-2427.jpeg\",\"datePublished\":\"2020-11-10T09:24:06+00:00\",\"dateModified\":\"2025-08-04T08:47:33+00:00\",\"description\":\"Netztasche f\u00fcr Schutzausr\u00fcstung, Pride Ist zum Tragen von Sportger\u00e4ten f\u00fcr Training und Wettk\u00e4mpfe bestimmt.\",\"breadcrumb\":{\"@id\":\"https:\\\/\\\/prideshop.eu\\\/de\\\/shop\\\/equipment-de\\\/sporttaschen\\\/netztasche-fur-schutzausrustung-pride\\\/#breadcrumb\"},\"inLanguage\":\"de\",\"potentialAction\":[{\"@type\":\"ReadAction\",\"target\":[\"https:\\\/\\\/prideshop.eu\\\/de\\\/shop\\\/equipment-de\\\/sporttaschen\\\/netztasche-fur-schutzausrustung-pride\\\/\"]}]},{\"@type\":\"ImageObject\",\"inLanguage\":\"de\",\"@id\":\"https:\\\/\\\/prideshop.eu\\\/de\\\/shop\\\/equipment-de\\\/sporttaschen\\\/netztasche-fur-schutzausrustung-pride\\\/#primaryimage\",\"url\":\"https:\\\/\\\/prideshop.eu\\\/wp-content\\\/uploads\\\/2020\\\/11\\\/mrezasta-torba-za-zascitno-opremo-2427.jpeg\",\"contentUrl\":\"https:\\\/\\\/prideshop.eu\\\/wp-content\\\/uploads\\\/2020\\\/11\\\/mrezasta-torba-za-zascitno-opremo-2427.jpeg\",\"width\":600,\"height\":600,\"caption\":\"Netztasche f\u00fcr Schutzausr\u00fcstung Pride\"},{\"@type\":\"BreadcrumbList\",\"@id\":\"https:\\\/\\\/prideshop.eu\\\/de\\\/shop\\\/equipment-de\\\/sporttaschen\\\/netztasche-fur-schutzausrustung-pride\\\/#breadcrumb\",\"itemListElement\":[{\"@type\":\"ListItem\",\"position\":1,\"name\":\"Home\",\"item\":\"https:\\\/\\\/prideshop.eu\\\/de\\\/\"},{\"@type\":\"ListItem\",\"position\":2,\"name\":\"Gesch\u00e4ft\",\"item\":\"https:\\\/\\\/prideshop.eu\\\/de\\\/geschaeft\\\/\"},{\"@type\":\"ListItem\",\"position\":3,\"name\":\"Netztasche f\u00fcr Schutzausr\u00fcstung Pride \u2013 AirPack\"}]},{\"@type\":\"WebSite\",\"@id\":\"https:\\\/\\\/prideshop.eu\\\/de\\\/#website\",\"url\":\"https:\\\/\\\/prideshop.eu\\\/de\\\/\",\"name\":\"PRIDEshop\",\"description\":\"Oprema za Borilne \u0160porte\",\"publisher\":{\"@id\":\"https:\\\/\\\/prideshop.eu\\\/de\\\/#organization\"},\"potentialAction\":[{\"@type\":\"SearchAction\",\"target\":{\"@type\":\"EntryPoint\",\"urlTemplate\":\"https:\\\/\\\/prideshop.eu\\\/de\\\/?s={search_term_string}\"},\"query-input\":{\"@type\":\"PropertyValueSpecification\",\"valueRequired\":true,\"valueName\":\"search_term_string\"}}],\"inLanguage\":\"de\"},{\"@type\":\"Organization\",\"@id\":\"https:\\\/\\\/prideshop.eu\\\/de\\\/#organization\",\"name\":\"PRIDEshop\",\"url\":\"https:\\\/\\\/prideshop.eu\\\/de\\\/\",\"logo\":{\"@type\":\"ImageObject\",\"inLanguage\":\"de\",\"@id\":\"https:\\\/\\\/prideshop.eu\\\/de\\\/#\\\/schema\\\/logo\\\/image\\\/\",\"url\":\"\",\"contentUrl\":\"\",\"caption\":\"PRIDEshop\"},\"image\":{\"@id\":\"https:\\\/\\\/prideshop.eu\\\/de\\\/#\\\/schema\\\/logo\\\/image\\\/\"},\"sameAs\":[\"https:\\\/\\\/sl-si.facebook.com\\\/PrideShopeu\"]}]}<\/script>\n<!-- \/ Yoast SEO plugin. -->","yoast_head_json":{"title":"Netztasche f\u00fcr Schutzausr\u00fcstung Pride \u2013 AirPack - PRIDEshop","description":"Netztasche f\u00fcr Schutzausr\u00fcstung, Pride Ist zum Tragen von Sportger\u00e4ten f\u00fcr Training und Wettk\u00e4mpfe bestimmt.","robots":{"index":"index","follow":"follow","max-snippet":"max-snippet:-1","max-image-preview":"max-image-preview:large","max-video-preview":"max-video-preview:-1"},"canonical":"https:\/\/prideshop.eu\/de\/shop\/equipment-de\/sporttaschen\/netztasche-fur-schutzausrustung-pride\/","og_locale":"de_DE","og_type":"article","og_title":"Netztasche f\u00fcr Schutzausr\u00fcstung Pride \u2013 AirPack - PRIDEshop","og_description":"Netztasche f\u00fcr Schutzausr\u00fcstung, Pride Ist zum Tragen von Sportger\u00e4ten f\u00fcr Training und Wettk\u00e4mpfe bestimmt.","og_url":"https:\/\/prideshop.eu\/de\/shop\/equipment-de\/sporttaschen\/netztasche-fur-schutzausrustung-pride\/","og_site_name":"PRIDEshop","article_publisher":"https:\/\/sl-si.facebook.com\/PrideShopeu","article_modified_time":"2025-08-04T08:47:33+00:00","og_image":[{"width":600,"height":600,"url":"https:\/\/prideshop.eu\/wp-content\/uploads\/2020\/11\/mrezasta-torba-za-zascitno-opremo-2427.jpeg","type":"image\/jpeg"}],"twitter_card":"summary_large_image","schema":{"@context":"https:\/\/schema.org","@graph":[{"@type":"WebPage","@id":"https:\/\/prideshop.eu\/de\/shop\/equipment-de\/sporttaschen\/netztasche-fur-schutzausrustung-pride\/","url":"https:\/\/prideshop.eu\/de\/shop\/equipment-de\/sporttaschen\/netztasche-fur-schutzausrustung-pride\/","name":"Netztasche f\u00fcr Schutzausr\u00fcstung Pride \u2013 AirPack - PRIDEshop","isPartOf":{"@id":"https:\/\/prideshop.eu\/de\/#website"},"primaryImageOfPage":{"@id":"https:\/\/prideshop.eu\/de\/shop\/equipment-de\/sporttaschen\/netztasche-fur-schutzausrustung-pride\/#primaryimage"},"image":{"@id":"https:\/\/prideshop.eu\/de\/shop\/equipment-de\/sporttaschen\/netztasche-fur-schutzausrustung-pride\/#primaryimage"},"thumbnailUrl":"https:\/\/prideshop.eu\/wp-content\/uploads\/2020\/11\/mrezasta-torba-za-zascitno-opremo-2427.jpeg","datePublished":"2020-11-10T09:24:06+00:00","dateModified":"2025-08-04T08:47:33+00:00","description":"Netztasche f\u00fcr Schutzausr\u00fcstung, Pride Ist zum Tragen von Sportger\u00e4ten f\u00fcr Training und Wettk\u00e4mpfe bestimmt.","breadcrumb":{"@id":"https:\/\/prideshop.eu\/de\/shop\/equipment-de\/sporttaschen\/netztasche-fur-schutzausrustung-pride\/#breadcrumb"},"inLanguage":"de","potentialAction":[{"@type":"ReadAction","target":["https:\/\/prideshop.eu\/de\/shop\/equipment-de\/sporttaschen\/netztasche-fur-schutzausrustung-pride\/"]}]},{"@type":"ImageObject","inLanguage":"de","@id":"https:\/\/prideshop.eu\/de\/shop\/equipment-de\/sporttaschen\/netztasche-fur-schutzausrustung-pride\/#primaryimage","url":"https:\/\/prideshop.eu\/wp-content\/uploads\/2020\/11\/mrezasta-torba-za-zascitno-opremo-2427.jpeg","contentUrl":"https:\/\/prideshop.eu\/wp-content\/uploads\/2020\/11\/mrezasta-torba-za-zascitno-opremo-2427.jpeg","width":600,"height":600,"caption":"Netztasche f\u00fcr Schutzausr\u00fcstung Pride"},{"@type":"BreadcrumbList","@id":"https:\/\/prideshop.eu\/de\/shop\/equipment-de\/sporttaschen\/netztasche-fur-schutzausrustung-pride\/#breadcrumb","itemListElement":[{"@type":"ListItem","position":1,"name":"Home","item":"https:\/\/prideshop.eu\/de\/"},{"@type":"ListItem","position":2,"name":"Gesch\u00e4ft","item":"https:\/\/prideshop.eu\/de\/geschaeft\/"},{"@type":"ListItem","position":3,"name":"Netztasche f\u00fcr Schutzausr\u00fcstung Pride \u2013 AirPack"}]},{"@type":"WebSite","@id":"https:\/\/prideshop.eu\/de\/#website","url":"https:\/\/prideshop.eu\/de\/","name":"PRIDEshop","description":"Oprema za Borilne \u0160porte","publisher":{"@id":"https:\/\/prideshop.eu\/de\/#organization"},"potentialAction":[{"@type":"SearchAction","target":{"@type":"EntryPoint","urlTemplate":"https:\/\/prideshop.eu\/de\/?s={search_term_string}"},"query-input":{"@type":"PropertyValueSpecification","valueRequired":true,"valueName":"search_term_string"}}],"inLanguage":"de"},{"@type":"Organization","@id":"https:\/\/prideshop.eu\/de\/#organization","name":"PRIDEshop","url":"https:\/\/prideshop.eu\/de\/","logo":{"@type":"ImageObject","inLanguage":"de","@id":"https:\/\/prideshop.eu\/de\/#\/schema\/logo\/image\/","url":"","contentUrl":"","caption":"PRIDEshop"},"image":{"@id":"https:\/\/prideshop.eu\/de\/#\/schema\/logo\/image\/"},"sameAs":["https:\/\/sl-si.facebook.com\/PrideShopeu"]}]}},"_links":{"self":[{"href":"https:\/\/prideshop.eu\/de\/wp-json\/wp\/v2\/product\/15099","targetHints":{"allow":["GET"]}}],"collection":[{"href":"https:\/\/prideshop.eu\/de\/wp-json\/wp\/v2\/product"}],"about":[{"href":"https:\/\/prideshop.eu\/de\/wp-json\/wp\/v2\/types\/product"}],"replies":[{"embeddable":true,"href":"https:\/\/prideshop.eu\/de\/wp-json\/wp\/v2\/comments?post=15099"}],"wp:featuredmedia":[{"embeddable":true,"href":"https:\/\/prideshop.eu\/de\/wp-json\/wp\/v2\/media\/33162"}],"wp:attachment":[{"href":"https:\/\/prideshop.eu\/de\/wp-json\/wp\/v2\/media?parent=15099"}],"wp:term":[{"taxonomy":"product_brand","embeddable":true,"href":"https:\/\/prideshop.eu\/de\/wp-json\/wp\/v2\/product_brand?post=15099"},{"taxonomy":"product_cat","embeddable":true,"href":"https:\/\/prideshop.eu\/de\/wp-json\/wp\/v2\/product_cat?post=15099"},{"taxonomy":"product_tag","embeddable":true,"href":"https:\/\/prideshop.eu\/de\/wp-json\/wp\/v2\/product_tag?post=15099"}],"curies":[{"name":"wp","href":"https:\/\/api.w.org\/{rel}","templated":true}]}}