{"id":15120,"date":"2020-10-14T17:39:51","date_gmt":"2020-10-14T15:39:51","guid":{"rendered":"https:\/\/prideshop.eu\/spletna-trgovina\/unkategorisiert\/professionelle-sparrings-und-trainingshandschuhe-pride-2\/"},"modified":"2026-01-14T11:30:01","modified_gmt":"2026-01-14T10:30:01","slug":"professionelle-sparrings-und-trainingshandschuhe-pride-2","status":"publish","type":"product","link":"https:\/\/prideshop.eu\/de\/shop\/sportarten\/thaiboxen\/thaiboxen-handschuhe\/professionelle-sparrings-und-trainingshandschuhe-pride-2\/","title":{"rendered":"Profi Boxhandschuhe Sparring Training Leder Pride \u2013 StrikeTrainer"},"content":{"rendered":"<p>Die Profi-Boxhandschuhe StrikeTrainer von Pride wurden speziell f\u00fcr intensives Sparring<br \/>\nund anspruchsvolles Training entwickelt. Sie richten sich an fortgeschrittene Boxer<br \/>\nund Kampfsportler, die hohe Schutzwirkung, Langlebigkeit und moderne Technologie erwarten.<\/p>\n<p>Die Handschuhe bestehen aus robustem, hochwertigem Echtleder und sind f\u00fcr den t\u00e4glichen<br \/>\nEinsatz im Training ausgelegt. Dank der pr\u00e4zisen Verarbeitung bieten sie eine lange<br \/>\nLebensdauer auch bei hoher Belastung.<\/p>\n<h3>Innovative Injektionsschaumf\u00fcllung<\/h3>\n<p>Die moderne Injektionsschaumf\u00fcllung sorgt f\u00fcr eine gleichm\u00e4\u00dfige Sto\u00dfverteilung<br \/>\nund effektive D\u00e4mpfung. Dadurch werden H\u00e4nde und Kn\u00f6chel optimal gesch\u00fctzt \u2013<br \/>\nauch bei harten Treffern.<\/p>\n<h3>Zus\u00e4tzlicher Gelenkschutz<\/h3>\n<p>Ein extra 6,5\u00a0cm starker Schutzbereich im Gelenkbereich erh\u00f6ht die Stabilit\u00e4t<br \/>\nund reduziert das Verletzungsrisiko bei intensiven Sparringseinheiten deutlich.<\/p>\n<h3>IMG\u2122-Technologie und hochwertiges Innenfutter<\/h3>\n<p>Die integrierte IMG\u2122-Technologie in Kombination mit einem qualitativen Innenfutter<br \/>\nbietet hohen Tragekomfort, sicheren Sitz und ein angenehmes Gef\u00fchl w\u00e4hrend des Trainings.<\/p>\n<p>Die Pride StrikeTrainer Boxhandschuhe sind die ideale Wahl f\u00fcr professionelles Sparring,<br \/>\nTechniktraining und leistungsorientiertes Boxtraining.<\/p>\n","protected":false},"excerpt":{"rendered":"<p>Professionelle Sparrings\u2013 und Trainingshandschuhe, Pride Die Gloves sind technologisch abgeschlossene Handschuhe. Innovative Injektionsschaumf\u00fcllung, zus\u00e4tzlicher 6,5 cm Schutz f\u00fcr Gelenke, starkes Echtleder f\u00fcr lange Haltbarkeit. Qualit\u00e4tsfutter und IMG \u2122 \u2013Technologie.<\/p>\n","protected":false},"featured_media":33384,"comment_status":"open","ping_status":"closed","template":"","meta":{"_acf_changed":false},"product_brand":[2108],"product_cat":[664,670,580,638,722,728,1899,634,656,778,784],"product_tag":[],"class_list":{"0":"post-15120","1":"product","2":"type-product","3":"status-publish","4":"has-post-thumbnail","6":"product_brand-pride-professional","7":"product_cat-boxen","8":"product_cat-boxhandschuhe","9":"product_cat-equipment-de","10":"product_cat-handschuhe","11":"product_cat-kickboxen","12":"product_cat-kickboxenhandschuhe","13":"product_cat-professionelles-boxen","14":"product_cat-schutzausrustung","15":"product_cat-sportarten","16":"product_cat-thaiboxen","17":"product_cat-thaiboxen-handschuhe","19":"first","20":"instock","21":"featured","22":"taxable","23":"shipping-taxable","24":"purchasable","25":"product-type-variable"},"acf":[],"yoast_head":"<!-- This site is optimized with the Yoast SEO plugin v27.5 - https:\/\/yoast.com\/product\/yoast-seo-wordpress\/ -->\n<title>Profi Boxhandschuhe Sparring Training Leder Pride \u2013 StrikeTrainer - PRIDEshop<\/title>\n<meta name=\"description\" content=\"Professionelle Sparrings- und Trainingshandschuhe, Pride. Die Gloves sind technologisch abgeschlossene Handschuhe.\" \/>\n<meta name=\"robots\" content=\"index, follow, max-snippet:-1, max-image-preview:large, max-video-preview:-1\" \/>\n<link rel=\"canonical\" href=\"https:\/\/prideshop.eu\/de\/shop\/sportarten\/thaiboxen\/thaiboxen-handschuhe\/professionelle-sparrings-und-trainingshandschuhe-pride-2\/\" \/>\n<meta property=\"og:locale\" content=\"de_DE\" \/>\n<meta property=\"og:type\" content=\"article\" \/>\n<meta property=\"og:title\" content=\"Profi Boxhandschuhe Sparring Training Leder Pride \u2013 StrikeTrainer - PRIDEshop\" \/>\n<meta property=\"og:description\" content=\"Professionelle Sparrings- und Trainingshandschuhe, Pride. Die Gloves sind technologisch abgeschlossene Handschuhe.\" \/>\n<meta property=\"og:url\" content=\"https:\/\/prideshop.eu\/de\/shop\/sportarten\/thaiboxen\/thaiboxen-handschuhe\/professionelle-sparrings-und-trainingshandschuhe-pride-2\/\" \/>\n<meta property=\"og:site_name\" content=\"PRIDEshop\" \/>\n<meta property=\"article:publisher\" content=\"https:\/\/sl-si.facebook.com\/PrideShopeu\" \/>\n<meta property=\"article:modified_time\" content=\"2026-01-14T10:30:01+00:00\" \/>\n<meta property=\"og:image\" content=\"https:\/\/prideshop.eu\/wp-content\/uploads\/2020\/10\/profesionalne-boks-rokavice-za-sparing-in-trening-pride-4085.jpeg\" \/>\n\t<meta property=\"og:image:width\" content=\"600\" \/>\n\t<meta property=\"og:image:height\" content=\"600\" \/>\n\t<meta property=\"og:image:type\" content=\"image\/jpeg\" \/>\n<meta name=\"twitter:card\" content=\"summary_large_image\" \/>\n<meta name=\"twitter:label1\" content=\"Gesch\u00e4tzte Lesezeit\" \/>\n\t<meta name=\"twitter:data1\" content=\"1\u00a0Minute\" \/>\n<script type=\"application\/ld+json\" class=\"yoast-schema-graph\">{\"@context\":\"https:\\\/\\\/schema.org\",\"@graph\":[{\"@type\":\"WebPage\",\"@id\":\"https:\\\/\\\/prideshop.eu\\\/de\\\/shop\\\/sportarten\\\/thaiboxen\\\/thaiboxen-handschuhe\\\/professionelle-sparrings-und-trainingshandschuhe-pride-2\\\/\",\"url\":\"https:\\\/\\\/prideshop.eu\\\/de\\\/shop\\\/sportarten\\\/thaiboxen\\\/thaiboxen-handschuhe\\\/professionelle-sparrings-und-trainingshandschuhe-pride-2\\\/\",\"name\":\"Profi Boxhandschuhe Sparring Training Leder Pride \u2013 StrikeTrainer - PRIDEshop\",\"isPartOf\":{\"@id\":\"https:\\\/\\\/prideshop.eu\\\/de\\\/#website\"},\"primaryImageOfPage\":{\"@id\":\"https:\\\/\\\/prideshop.eu\\\/de\\\/shop\\\/sportarten\\\/thaiboxen\\\/thaiboxen-handschuhe\\\/professionelle-sparrings-und-trainingshandschuhe-pride-2\\\/#primaryimage\"},\"image\":{\"@id\":\"https:\\\/\\\/prideshop.eu\\\/de\\\/shop\\\/sportarten\\\/thaiboxen\\\/thaiboxen-handschuhe\\\/professionelle-sparrings-und-trainingshandschuhe-pride-2\\\/#primaryimage\"},\"thumbnailUrl\":\"https:\\\/\\\/prideshop.eu\\\/wp-content\\\/uploads\\\/2020\\\/10\\\/profesionalne-boks-rokavice-za-sparing-in-trening-pride-4085.jpeg\",\"datePublished\":\"2020-10-14T15:39:51+00:00\",\"dateModified\":\"2026-01-14T10:30:01+00:00\",\"description\":\"Professionelle Sparrings- und Trainingshandschuhe, Pride. Die Gloves sind technologisch abgeschlossene Handschuhe.\",\"breadcrumb\":{\"@id\":\"https:\\\/\\\/prideshop.eu\\\/de\\\/shop\\\/sportarten\\\/thaiboxen\\\/thaiboxen-handschuhe\\\/professionelle-sparrings-und-trainingshandschuhe-pride-2\\\/#breadcrumb\"},\"inLanguage\":\"de\",\"potentialAction\":[{\"@type\":\"ReadAction\",\"target\":[\"https:\\\/\\\/prideshop.eu\\\/de\\\/shop\\\/sportarten\\\/thaiboxen\\\/thaiboxen-handschuhe\\\/professionelle-sparrings-und-trainingshandschuhe-pride-2\\\/\"]}]},{\"@type\":\"ImageObject\",\"inLanguage\":\"de\",\"@id\":\"https:\\\/\\\/prideshop.eu\\\/de\\\/shop\\\/sportarten\\\/thaiboxen\\\/thaiboxen-handschuhe\\\/professionelle-sparrings-und-trainingshandschuhe-pride-2\\\/#primaryimage\",\"url\":\"https:\\\/\\\/prideshop.eu\\\/wp-content\\\/uploads\\\/2020\\\/10\\\/profesionalne-boks-rokavice-za-sparing-in-trening-pride-4085.jpeg\",\"contentUrl\":\"https:\\\/\\\/prideshop.eu\\\/wp-content\\\/uploads\\\/2020\\\/10\\\/profesionalne-boks-rokavice-za-sparing-in-trening-pride-4085.jpeg\",\"width\":600,\"height\":600,\"caption\":\"Professionelle Sparrings- und Trainingshandschuhe Pride Schwarz\"},{\"@type\":\"BreadcrumbList\",\"@id\":\"https:\\\/\\\/prideshop.eu\\\/de\\\/shop\\\/sportarten\\\/thaiboxen\\\/thaiboxen-handschuhe\\\/professionelle-sparrings-und-trainingshandschuhe-pride-2\\\/#breadcrumb\",\"itemListElement\":[{\"@type\":\"ListItem\",\"position\":1,\"name\":\"Home\",\"item\":\"https:\\\/\\\/prideshop.eu\\\/de\\\/\"},{\"@type\":\"ListItem\",\"position\":2,\"name\":\"Gesch\u00e4ft\",\"item\":\"https:\\\/\\\/prideshop.eu\\\/de\\\/geschaeft\\\/\"},{\"@type\":\"ListItem\",\"position\":3,\"name\":\"Profi Boxhandschuhe Sparring Training Leder Pride \u2013 StrikeTrainer\"}]},{\"@type\":\"WebSite\",\"@id\":\"https:\\\/\\\/prideshop.eu\\\/de\\\/#website\",\"url\":\"https:\\\/\\\/prideshop.eu\\\/de\\\/\",\"name\":\"PRIDEshop\",\"description\":\"Oprema za Borilne \u0160porte\",\"publisher\":{\"@id\":\"https:\\\/\\\/prideshop.eu\\\/de\\\/#organization\"},\"potentialAction\":[{\"@type\":\"SearchAction\",\"target\":{\"@type\":\"EntryPoint\",\"urlTemplate\":\"https:\\\/\\\/prideshop.eu\\\/de\\\/?s={search_term_string}\"},\"query-input\":{\"@type\":\"PropertyValueSpecification\",\"valueRequired\":true,\"valueName\":\"search_term_string\"}}],\"inLanguage\":\"de\"},{\"@type\":\"Organization\",\"@id\":\"https:\\\/\\\/prideshop.eu\\\/de\\\/#organization\",\"name\":\"PRIDEshop\",\"url\":\"https:\\\/\\\/prideshop.eu\\\/de\\\/\",\"logo\":{\"@type\":\"ImageObject\",\"inLanguage\":\"de\",\"@id\":\"https:\\\/\\\/prideshop.eu\\\/de\\\/#\\\/schema\\\/logo\\\/image\\\/\",\"url\":\"\",\"contentUrl\":\"\",\"caption\":\"PRIDEshop\"},\"image\":{\"@id\":\"https:\\\/\\\/prideshop.eu\\\/de\\\/#\\\/schema\\\/logo\\\/image\\\/\"},\"sameAs\":[\"https:\\\/\\\/sl-si.facebook.com\\\/PrideShopeu\"]}]}<\/script>\n<!-- \/ Yoast SEO plugin. -->","yoast_head_json":{"title":"Profi Boxhandschuhe Sparring Training Leder Pride \u2013 StrikeTrainer - PRIDEshop","description":"Professionelle Sparrings- und Trainingshandschuhe, Pride. Die Gloves sind technologisch abgeschlossene Handschuhe.","robots":{"index":"index","follow":"follow","max-snippet":"max-snippet:-1","max-image-preview":"max-image-preview:large","max-video-preview":"max-video-preview:-1"},"canonical":"https:\/\/prideshop.eu\/de\/shop\/sportarten\/thaiboxen\/thaiboxen-handschuhe\/professionelle-sparrings-und-trainingshandschuhe-pride-2\/","og_locale":"de_DE","og_type":"article","og_title":"Profi Boxhandschuhe Sparring Training Leder Pride \u2013 StrikeTrainer - PRIDEshop","og_description":"Professionelle Sparrings- und Trainingshandschuhe, Pride. Die Gloves sind technologisch abgeschlossene Handschuhe.","og_url":"https:\/\/prideshop.eu\/de\/shop\/sportarten\/thaiboxen\/thaiboxen-handschuhe\/professionelle-sparrings-und-trainingshandschuhe-pride-2\/","og_site_name":"PRIDEshop","article_publisher":"https:\/\/sl-si.facebook.com\/PrideShopeu","article_modified_time":"2026-01-14T10:30:01+00:00","og_image":[{"width":600,"height":600,"url":"https:\/\/prideshop.eu\/wp-content\/uploads\/2020\/10\/profesionalne-boks-rokavice-za-sparing-in-trening-pride-4085.jpeg","type":"image\/jpeg"}],"twitter_card":"summary_large_image","twitter_misc":{"Gesch\u00e4tzte Lesezeit":"1\u00a0Minute"},"schema":{"@context":"https:\/\/schema.org","@graph":[{"@type":"WebPage","@id":"https:\/\/prideshop.eu\/de\/shop\/sportarten\/thaiboxen\/thaiboxen-handschuhe\/professionelle-sparrings-und-trainingshandschuhe-pride-2\/","url":"https:\/\/prideshop.eu\/de\/shop\/sportarten\/thaiboxen\/thaiboxen-handschuhe\/professionelle-sparrings-und-trainingshandschuhe-pride-2\/","name":"Profi Boxhandschuhe Sparring Training Leder Pride \u2013 StrikeTrainer - PRIDEshop","isPartOf":{"@id":"https:\/\/prideshop.eu\/de\/#website"},"primaryImageOfPage":{"@id":"https:\/\/prideshop.eu\/de\/shop\/sportarten\/thaiboxen\/thaiboxen-handschuhe\/professionelle-sparrings-und-trainingshandschuhe-pride-2\/#primaryimage"},"image":{"@id":"https:\/\/prideshop.eu\/de\/shop\/sportarten\/thaiboxen\/thaiboxen-handschuhe\/professionelle-sparrings-und-trainingshandschuhe-pride-2\/#primaryimage"},"thumbnailUrl":"https:\/\/prideshop.eu\/wp-content\/uploads\/2020\/10\/profesionalne-boks-rokavice-za-sparing-in-trening-pride-4085.jpeg","datePublished":"2020-10-14T15:39:51+00:00","dateModified":"2026-01-14T10:30:01+00:00","description":"Professionelle Sparrings- und Trainingshandschuhe, Pride. Die Gloves sind technologisch abgeschlossene Handschuhe.","breadcrumb":{"@id":"https:\/\/prideshop.eu\/de\/shop\/sportarten\/thaiboxen\/thaiboxen-handschuhe\/professionelle-sparrings-und-trainingshandschuhe-pride-2\/#breadcrumb"},"inLanguage":"de","potentialAction":[{"@type":"ReadAction","target":["https:\/\/prideshop.eu\/de\/shop\/sportarten\/thaiboxen\/thaiboxen-handschuhe\/professionelle-sparrings-und-trainingshandschuhe-pride-2\/"]}]},{"@type":"ImageObject","inLanguage":"de","@id":"https:\/\/prideshop.eu\/de\/shop\/sportarten\/thaiboxen\/thaiboxen-handschuhe\/professionelle-sparrings-und-trainingshandschuhe-pride-2\/#primaryimage","url":"https:\/\/prideshop.eu\/wp-content\/uploads\/2020\/10\/profesionalne-boks-rokavice-za-sparing-in-trening-pride-4085.jpeg","contentUrl":"https:\/\/prideshop.eu\/wp-content\/uploads\/2020\/10\/profesionalne-boks-rokavice-za-sparing-in-trening-pride-4085.jpeg","width":600,"height":600,"caption":"Professionelle Sparrings- und Trainingshandschuhe Pride Schwarz"},{"@type":"BreadcrumbList","@id":"https:\/\/prideshop.eu\/de\/shop\/sportarten\/thaiboxen\/thaiboxen-handschuhe\/professionelle-sparrings-und-trainingshandschuhe-pride-2\/#breadcrumb","itemListElement":[{"@type":"ListItem","position":1,"name":"Home","item":"https:\/\/prideshop.eu\/de\/"},{"@type":"ListItem","position":2,"name":"Gesch\u00e4ft","item":"https:\/\/prideshop.eu\/de\/geschaeft\/"},{"@type":"ListItem","position":3,"name":"Profi Boxhandschuhe Sparring Training Leder Pride \u2013 StrikeTrainer"}]},{"@type":"WebSite","@id":"https:\/\/prideshop.eu\/de\/#website","url":"https:\/\/prideshop.eu\/de\/","name":"PRIDEshop","description":"Oprema za Borilne \u0160porte","publisher":{"@id":"https:\/\/prideshop.eu\/de\/#organization"},"potentialAction":[{"@type":"SearchAction","target":{"@type":"EntryPoint","urlTemplate":"https:\/\/prideshop.eu\/de\/?s={search_term_string}"},"query-input":{"@type":"PropertyValueSpecification","valueRequired":true,"valueName":"search_term_string"}}],"inLanguage":"de"},{"@type":"Organization","@id":"https:\/\/prideshop.eu\/de\/#organization","name":"PRIDEshop","url":"https:\/\/prideshop.eu\/de\/","logo":{"@type":"ImageObject","inLanguage":"de","@id":"https:\/\/prideshop.eu\/de\/#\/schema\/logo\/image\/","url":"","contentUrl":"","caption":"PRIDEshop"},"image":{"@id":"https:\/\/prideshop.eu\/de\/#\/schema\/logo\/image\/"},"sameAs":["https:\/\/sl-si.facebook.com\/PrideShopeu"]}]}},"_links":{"self":[{"href":"https:\/\/prideshop.eu\/de\/wp-json\/wp\/v2\/product\/15120","targetHints":{"allow":["GET"]}}],"collection":[{"href":"https:\/\/prideshop.eu\/de\/wp-json\/wp\/v2\/product"}],"about":[{"href":"https:\/\/prideshop.eu\/de\/wp-json\/wp\/v2\/types\/product"}],"replies":[{"embeddable":true,"href":"https:\/\/prideshop.eu\/de\/wp-json\/wp\/v2\/comments?post=15120"}],"wp:featuredmedia":[{"embeddable":true,"href":"https:\/\/prideshop.eu\/de\/wp-json\/wp\/v2\/media\/33384"}],"wp:attachment":[{"href":"https:\/\/prideshop.eu\/de\/wp-json\/wp\/v2\/media?parent=15120"}],"wp:term":[{"taxonomy":"product_brand","embeddable":true,"href":"https:\/\/prideshop.eu\/de\/wp-json\/wp\/v2\/product_brand?post=15120"},{"taxonomy":"product_cat","embeddable":true,"href":"https:\/\/prideshop.eu\/de\/wp-json\/wp\/v2\/product_cat?post=15120"},{"taxonomy":"product_tag","embeddable":true,"href":"https:\/\/prideshop.eu\/de\/wp-json\/wp\/v2\/product_tag?post=15120"}],"curies":[{"name":"wp","href":"https:\/\/api.w.org\/{rel}","templated":true}]}}