{"id":15469,"date":"2020-09-07T09:57:57","date_gmt":"2020-09-07T07:57:57","guid":{"rendered":"https:\/\/prideshop.eu\/spletna-trgovina\/unkategorisiert\/mma-shorts-light-3-0-venum\/"},"modified":"2025-08-04T11:19:14","modified_gmt":"2025-08-04T09:19:14","slug":"mma-shorts-light-3-0-venum","status":"publish","type":"product","link":"https:\/\/prideshop.eu\/de\/shop\/sportarten\/thaiboxen\/thaiboxen-kleidung\/mma-shorts-light-3-0-venum\/","title":{"rendered":"MMA shorts &#8220;Light 3.0&#8221; | Venum"},"content":{"rendered":"<h3>MMA shorts &#8220;Light 3.0&#8221; | Venum<\/h3>\n<p>MMA shorts &#8220;Light 3.0&#8221;, Venum Leichte und strapazierf\u00e4hige Kampfshorts helfen dir, deine Leistung zu verbessern. Der Lycra\u2013Einsatz im Schritt verleiht Ihnen eine bemerkenswerte Beweglichkeit, die es Ihnen erm\u00f6glicht, sich w\u00e4hrend Ihres Trainings und Ihrer K\u00e4mpfe zu \u00fcbertreffen. Die seitlichen Schlitze der Fightshorts bieten maximale Bewegungsfreiheit und eine optimale Regulierung deiner K\u00f6rperfeuchtigkeit. Diese Shorts verleiht dir auch mehr Stil durch den passenden Schnitt und das sublimierte Druckdesign.<\/p>\n","protected":false},"excerpt":{"rendered":"<p>MMA shorts &#8220;Light 3.0&#8221;, Venum Leichte und strapazierf\u00e4hige Kampfshorts helfen dir, deine Leistung zu verbessern. Der Lycra\u2013Einsatz im Schritt verleiht Ihnen eine bemerkenswerte Beweglichkeit, die es Ihnen erm\u00f6glicht, sich w\u00e4hrend Ihres Trainings und Ihrer K\u00e4mpfe zu \u00fcbertreffen. Die seitlichen Schlitze der Fightshorts bieten maximale Bewegungsfreiheit und eine optimale Regulierung deiner K\u00f6rperfeuchtigkeit. Diese Shorts verleiht dir auch mehr Stil durch den passenden Schnitt und das sublimierte Druckdesign.<\/p>\n","protected":false},"featured_media":15472,"comment_status":"open","ping_status":"closed","template":"","meta":{"_acf_changed":false},"product_brand":[2088],"product_cat":[600,580,602,722,726,744,750,656,778,782],"product_tag":[],"class_list":{"0":"post-15469","1":"product","2":"type-product","3":"status-publish","4":"has-post-thumbnail","6":"product_brand-venum","7":"product_cat-bekleidung-und-schuhe","8":"product_cat-equipment-de","9":"product_cat-hosen","10":"product_cat-kickboxen","11":"product_cat-kickboxen-kleidung","12":"product_cat-mma-ultimate-fight-de","13":"product_cat-mma-ultimate-fight-kleidung","14":"product_cat-sportarten","15":"product_cat-thaiboxen","16":"product_cat-thaiboxen-kleidung","18":"first","19":"outofstock","20":"taxable","21":"shipping-taxable","22":"product-type-variable"},"acf":[],"yoast_head":"<!-- This site is optimized with the Yoast SEO plugin v27.5 - https:\/\/yoast.com\/product\/yoast-seo-wordpress\/ -->\n<title>MMA shorts &quot;Light 3.0&quot; | Venum - PRIDEshop<\/title>\n<meta name=\"description\" content=\"MMA shorts &quot;Light 3.0&quot;, Venum Leichte und strapazierf\u00e4hige Kampfshorts helfen dir, deine Leistung zu verbessern.\" \/>\n<meta name=\"robots\" content=\"index, follow, max-snippet:-1, max-image-preview:large, max-video-preview:-1\" \/>\n<link rel=\"canonical\" href=\"https:\/\/prideshop.eu\/de\/shop\/sportarten\/thaiboxen\/thaiboxen-kleidung\/mma-shorts-light-3-0-venum\/\" \/>\n<meta property=\"og:locale\" content=\"de_DE\" \/>\n<meta property=\"og:type\" content=\"article\" \/>\n<meta property=\"og:title\" content=\"MMA shorts &quot;Light 3.0&quot; | Venum - PRIDEshop\" \/>\n<meta property=\"og:description\" content=\"MMA shorts &quot;Light 3.0&quot;, Venum Leichte und strapazierf\u00e4hige Kampfshorts helfen dir, deine Leistung zu verbessern.\" \/>\n<meta property=\"og:url\" content=\"https:\/\/prideshop.eu\/de\/shop\/sportarten\/thaiboxen\/thaiboxen-kleidung\/mma-shorts-light-3-0-venum\/\" \/>\n<meta property=\"og:site_name\" content=\"PRIDEshop\" \/>\n<meta property=\"article:publisher\" content=\"https:\/\/sl-si.facebook.com\/PrideShopeu\" \/>\n<meta property=\"article:modified_time\" content=\"2025-08-04T09:19:14+00:00\" \/>\n<meta property=\"og:image\" content=\"https:\/\/prideshop.eu\/wp-content\/uploads\/2020\/09\/V03615-VENUM_MMA_fightshorts_light_3.jpg\" \/>\n\t<meta property=\"og:image:width\" content=\"950\" \/>\n\t<meta property=\"og:image:height\" content=\"949\" \/>\n\t<meta property=\"og:image:type\" content=\"image\/jpeg\" \/>\n<meta name=\"twitter:card\" content=\"summary_large_image\" \/>\n<script type=\"application\/ld+json\" class=\"yoast-schema-graph\">{\"@context\":\"https:\\\/\\\/schema.org\",\"@graph\":[{\"@type\":\"WebPage\",\"@id\":\"https:\\\/\\\/prideshop.eu\\\/de\\\/shop\\\/sportarten\\\/thaiboxen\\\/thaiboxen-kleidung\\\/mma-shorts-light-3-0-venum\\\/\",\"url\":\"https:\\\/\\\/prideshop.eu\\\/de\\\/shop\\\/sportarten\\\/thaiboxen\\\/thaiboxen-kleidung\\\/mma-shorts-light-3-0-venum\\\/\",\"name\":\"MMA shorts \\\"Light 3.0\\\" | Venum - PRIDEshop\",\"isPartOf\":{\"@id\":\"https:\\\/\\\/prideshop.eu\\\/de\\\/#website\"},\"primaryImageOfPage\":{\"@id\":\"https:\\\/\\\/prideshop.eu\\\/de\\\/shop\\\/sportarten\\\/thaiboxen\\\/thaiboxen-kleidung\\\/mma-shorts-light-3-0-venum\\\/#primaryimage\"},\"image\":{\"@id\":\"https:\\\/\\\/prideshop.eu\\\/de\\\/shop\\\/sportarten\\\/thaiboxen\\\/thaiboxen-kleidung\\\/mma-shorts-light-3-0-venum\\\/#primaryimage\"},\"thumbnailUrl\":\"https:\\\/\\\/prideshop.eu\\\/wp-content\\\/uploads\\\/2020\\\/09\\\/V03615-VENUM_MMA_fightshorts_light_3.jpg\",\"datePublished\":\"2020-09-07T07:57:57+00:00\",\"dateModified\":\"2025-08-04T09:19:14+00:00\",\"description\":\"MMA shorts \\\"Light 3.0\\\", Venum Leichte und strapazierf\u00e4hige Kampfshorts helfen dir, deine Leistung zu verbessern.\",\"breadcrumb\":{\"@id\":\"https:\\\/\\\/prideshop.eu\\\/de\\\/shop\\\/sportarten\\\/thaiboxen\\\/thaiboxen-kleidung\\\/mma-shorts-light-3-0-venum\\\/#breadcrumb\"},\"inLanguage\":\"de\",\"potentialAction\":[{\"@type\":\"ReadAction\",\"target\":[\"https:\\\/\\\/prideshop.eu\\\/de\\\/shop\\\/sportarten\\\/thaiboxen\\\/thaiboxen-kleidung\\\/mma-shorts-light-3-0-venum\\\/\"]}]},{\"@type\":\"ImageObject\",\"inLanguage\":\"de\",\"@id\":\"https:\\\/\\\/prideshop.eu\\\/de\\\/shop\\\/sportarten\\\/thaiboxen\\\/thaiboxen-kleidung\\\/mma-shorts-light-3-0-venum\\\/#primaryimage\",\"url\":\"https:\\\/\\\/prideshop.eu\\\/wp-content\\\/uploads\\\/2020\\\/09\\\/V03615-VENUM_MMA_fightshorts_light_3.jpg\",\"contentUrl\":\"https:\\\/\\\/prideshop.eu\\\/wp-content\\\/uploads\\\/2020\\\/09\\\/V03615-VENUM_MMA_fightshorts_light_3.jpg\",\"width\":950,\"height\":949},{\"@type\":\"BreadcrumbList\",\"@id\":\"https:\\\/\\\/prideshop.eu\\\/de\\\/shop\\\/sportarten\\\/thaiboxen\\\/thaiboxen-kleidung\\\/mma-shorts-light-3-0-venum\\\/#breadcrumb\",\"itemListElement\":[{\"@type\":\"ListItem\",\"position\":1,\"name\":\"Home\",\"item\":\"https:\\\/\\\/prideshop.eu\\\/de\\\/\"},{\"@type\":\"ListItem\",\"position\":2,\"name\":\"Gesch\u00e4ft\",\"item\":\"https:\\\/\\\/prideshop.eu\\\/de\\\/geschaeft\\\/\"},{\"@type\":\"ListItem\",\"position\":3,\"name\":\"MMA shorts &#8220;Light 3.0&#8221; | Venum\"}]},{\"@type\":\"WebSite\",\"@id\":\"https:\\\/\\\/prideshop.eu\\\/de\\\/#website\",\"url\":\"https:\\\/\\\/prideshop.eu\\\/de\\\/\",\"name\":\"PRIDEshop\",\"description\":\"Oprema za Borilne \u0160porte\",\"publisher\":{\"@id\":\"https:\\\/\\\/prideshop.eu\\\/de\\\/#organization\"},\"potentialAction\":[{\"@type\":\"SearchAction\",\"target\":{\"@type\":\"EntryPoint\",\"urlTemplate\":\"https:\\\/\\\/prideshop.eu\\\/de\\\/?s={search_term_string}\"},\"query-input\":{\"@type\":\"PropertyValueSpecification\",\"valueRequired\":true,\"valueName\":\"search_term_string\"}}],\"inLanguage\":\"de\"},{\"@type\":\"Organization\",\"@id\":\"https:\\\/\\\/prideshop.eu\\\/de\\\/#organization\",\"name\":\"PRIDEshop\",\"url\":\"https:\\\/\\\/prideshop.eu\\\/de\\\/\",\"logo\":{\"@type\":\"ImageObject\",\"inLanguage\":\"de\",\"@id\":\"https:\\\/\\\/prideshop.eu\\\/de\\\/#\\\/schema\\\/logo\\\/image\\\/\",\"url\":\"\",\"contentUrl\":\"\",\"caption\":\"PRIDEshop\"},\"image\":{\"@id\":\"https:\\\/\\\/prideshop.eu\\\/de\\\/#\\\/schema\\\/logo\\\/image\\\/\"},\"sameAs\":[\"https:\\\/\\\/sl-si.facebook.com\\\/PrideShopeu\"]}]}<\/script>\n<!-- \/ Yoast SEO plugin. -->","yoast_head_json":{"title":"MMA shorts \"Light 3.0\" | Venum - PRIDEshop","description":"MMA shorts \"Light 3.0\", Venum Leichte und strapazierf\u00e4hige Kampfshorts helfen dir, deine Leistung zu verbessern.","robots":{"index":"index","follow":"follow","max-snippet":"max-snippet:-1","max-image-preview":"max-image-preview:large","max-video-preview":"max-video-preview:-1"},"canonical":"https:\/\/prideshop.eu\/de\/shop\/sportarten\/thaiboxen\/thaiboxen-kleidung\/mma-shorts-light-3-0-venum\/","og_locale":"de_DE","og_type":"article","og_title":"MMA shorts \"Light 3.0\" | Venum - PRIDEshop","og_description":"MMA shorts \"Light 3.0\", Venum Leichte und strapazierf\u00e4hige Kampfshorts helfen dir, deine Leistung zu verbessern.","og_url":"https:\/\/prideshop.eu\/de\/shop\/sportarten\/thaiboxen\/thaiboxen-kleidung\/mma-shorts-light-3-0-venum\/","og_site_name":"PRIDEshop","article_publisher":"https:\/\/sl-si.facebook.com\/PrideShopeu","article_modified_time":"2025-08-04T09:19:14+00:00","og_image":[{"width":950,"height":949,"url":"https:\/\/prideshop.eu\/wp-content\/uploads\/2020\/09\/V03615-VENUM_MMA_fightshorts_light_3.jpg","type":"image\/jpeg"}],"twitter_card":"summary_large_image","schema":{"@context":"https:\/\/schema.org","@graph":[{"@type":"WebPage","@id":"https:\/\/prideshop.eu\/de\/shop\/sportarten\/thaiboxen\/thaiboxen-kleidung\/mma-shorts-light-3-0-venum\/","url":"https:\/\/prideshop.eu\/de\/shop\/sportarten\/thaiboxen\/thaiboxen-kleidung\/mma-shorts-light-3-0-venum\/","name":"MMA shorts \"Light 3.0\" | Venum - PRIDEshop","isPartOf":{"@id":"https:\/\/prideshop.eu\/de\/#website"},"primaryImageOfPage":{"@id":"https:\/\/prideshop.eu\/de\/shop\/sportarten\/thaiboxen\/thaiboxen-kleidung\/mma-shorts-light-3-0-venum\/#primaryimage"},"image":{"@id":"https:\/\/prideshop.eu\/de\/shop\/sportarten\/thaiboxen\/thaiboxen-kleidung\/mma-shorts-light-3-0-venum\/#primaryimage"},"thumbnailUrl":"https:\/\/prideshop.eu\/wp-content\/uploads\/2020\/09\/V03615-VENUM_MMA_fightshorts_light_3.jpg","datePublished":"2020-09-07T07:57:57+00:00","dateModified":"2025-08-04T09:19:14+00:00","description":"MMA shorts \"Light 3.0\", Venum Leichte und strapazierf\u00e4hige Kampfshorts helfen dir, deine Leistung zu verbessern.","breadcrumb":{"@id":"https:\/\/prideshop.eu\/de\/shop\/sportarten\/thaiboxen\/thaiboxen-kleidung\/mma-shorts-light-3-0-venum\/#breadcrumb"},"inLanguage":"de","potentialAction":[{"@type":"ReadAction","target":["https:\/\/prideshop.eu\/de\/shop\/sportarten\/thaiboxen\/thaiboxen-kleidung\/mma-shorts-light-3-0-venum\/"]}]},{"@type":"ImageObject","inLanguage":"de","@id":"https:\/\/prideshop.eu\/de\/shop\/sportarten\/thaiboxen\/thaiboxen-kleidung\/mma-shorts-light-3-0-venum\/#primaryimage","url":"https:\/\/prideshop.eu\/wp-content\/uploads\/2020\/09\/V03615-VENUM_MMA_fightshorts_light_3.jpg","contentUrl":"https:\/\/prideshop.eu\/wp-content\/uploads\/2020\/09\/V03615-VENUM_MMA_fightshorts_light_3.jpg","width":950,"height":949},{"@type":"BreadcrumbList","@id":"https:\/\/prideshop.eu\/de\/shop\/sportarten\/thaiboxen\/thaiboxen-kleidung\/mma-shorts-light-3-0-venum\/#breadcrumb","itemListElement":[{"@type":"ListItem","position":1,"name":"Home","item":"https:\/\/prideshop.eu\/de\/"},{"@type":"ListItem","position":2,"name":"Gesch\u00e4ft","item":"https:\/\/prideshop.eu\/de\/geschaeft\/"},{"@type":"ListItem","position":3,"name":"MMA shorts &#8220;Light 3.0&#8221; | Venum"}]},{"@type":"WebSite","@id":"https:\/\/prideshop.eu\/de\/#website","url":"https:\/\/prideshop.eu\/de\/","name":"PRIDEshop","description":"Oprema za Borilne \u0160porte","publisher":{"@id":"https:\/\/prideshop.eu\/de\/#organization"},"potentialAction":[{"@type":"SearchAction","target":{"@type":"EntryPoint","urlTemplate":"https:\/\/prideshop.eu\/de\/?s={search_term_string}"},"query-input":{"@type":"PropertyValueSpecification","valueRequired":true,"valueName":"search_term_string"}}],"inLanguage":"de"},{"@type":"Organization","@id":"https:\/\/prideshop.eu\/de\/#organization","name":"PRIDEshop","url":"https:\/\/prideshop.eu\/de\/","logo":{"@type":"ImageObject","inLanguage":"de","@id":"https:\/\/prideshop.eu\/de\/#\/schema\/logo\/image\/","url":"","contentUrl":"","caption":"PRIDEshop"},"image":{"@id":"https:\/\/prideshop.eu\/de\/#\/schema\/logo\/image\/"},"sameAs":["https:\/\/sl-si.facebook.com\/PrideShopeu"]}]}},"_links":{"self":[{"href":"https:\/\/prideshop.eu\/de\/wp-json\/wp\/v2\/product\/15469","targetHints":{"allow":["GET"]}}],"collection":[{"href":"https:\/\/prideshop.eu\/de\/wp-json\/wp\/v2\/product"}],"about":[{"href":"https:\/\/prideshop.eu\/de\/wp-json\/wp\/v2\/types\/product"}],"replies":[{"embeddable":true,"href":"https:\/\/prideshop.eu\/de\/wp-json\/wp\/v2\/comments?post=15469"}],"wp:featuredmedia":[{"embeddable":true,"href":"https:\/\/prideshop.eu\/de\/wp-json\/wp\/v2\/media\/15472"}],"wp:attachment":[{"href":"https:\/\/prideshop.eu\/de\/wp-json\/wp\/v2\/media?parent=15469"}],"wp:term":[{"taxonomy":"product_brand","embeddable":true,"href":"https:\/\/prideshop.eu\/de\/wp-json\/wp\/v2\/product_brand?post=15469"},{"taxonomy":"product_cat","embeddable":true,"href":"https:\/\/prideshop.eu\/de\/wp-json\/wp\/v2\/product_cat?post=15469"},{"taxonomy":"product_tag","embeddable":true,"href":"https:\/\/prideshop.eu\/de\/wp-json\/wp\/v2\/product_tag?post=15469"}],"curies":[{"name":"wp","href":"https:\/\/api.w.org\/{rel}","templated":true}]}}