{"id":15663,"date":"2020-09-18T15:06:02","date_gmt":"2020-09-18T13:06:02","guid":{"rendered":"https:\/\/prideshop.eu\/spletna-trgovina\/unkategorisiert\/alu-trainingsmesser-dax\/"},"modified":"2025-08-04T11:19:12","modified_gmt":"2025-08-04T09:19:12","slug":"alu-trainingsmesser-dax","status":"publish","type":"product","link":"https:\/\/prideshop.eu\/de\/shop\/sportarten\/krav-maga-de\/krav-maga-zubehor\/alu-trainingsmesser-dax\/","title":{"rendered":"Trainingsmesser Aluminium Dax \u2013 SelfDefense Blade"},"content":{"rendered":"<h3>Trainingsmesser Aluminium Dax \u2013 SelfDefense Blade<\/h3>\n<p>Alu Trainingsmesser, Dax mit Holzgriff. Dieses Alu Trainingsmesser sieht einem echten Messer zum Verwechseln \u00e4hnlich und f\u00fchlt sich in der Hand auch so an. Somit steigt auch die Konzentration und Ernsthaftigkeit bei s\u00e4mtlichen \u00dcbungen, die auf Selbstverteidigung \/ Messerabwehr abzielen. Das \u00dcbungsmesser hat keine scharfe Kanten \u2013 kaum Verletzungsgefahr. Messerspitze ist abgestumpft. Schneide ist breit und flach. Liegt gut und sicher in der Hand.F\u00fcr realistisches Messerabwehrtraing. Gesamtl\u00e4nge ca. 25 cm<\/p>\n","protected":false},"excerpt":{"rendered":"<p>Alu Trainingsmesser, Dax mit Holzgriff. Dieses Alu Trainingsmesser sieht einem echten Messer zum Verwechseln \u00e4hnlich und f\u00fchlt sich in der Hand auch so an. Somit steigt auch die Konzentration und Ernsthaftigkeit bei s\u00e4mtlichen \u00dcbungen, die auf Selbstverteidigung \/ Messerabwehr abzielen. Das \u00dcbungsmesser hat keine scharfe Kanten \u2013 kaum Verletzungsgefahr. Messerspitze ist abgestumpft. Schneide ist breit und flach. Liegt gut und sicher in der Hand.F\u00fcr realistisches Messerabwehrtraing. Gesamtl\u00e4nge ca. 25 cm<\/p>\n","protected":false},"featured_media":35106,"comment_status":"open","ping_status":"closed","template":"","meta":{"_acf_changed":false},"product_brand":[2096],"product_cat":[580,690,692,734,736,656,616,628],"product_tag":[],"class_list":{"0":"post-15663","1":"product","2":"type-product","3":"status-publish","4":"has-post-thumbnail","6":"product_brand-dax","7":"product_cat-equipment-de","8":"product_cat-ju-jitsu-de","9":"product_cat-ju-jutsu-zubehor","10":"product_cat-krav-maga-de","11":"product_cat-krav-maga-zubehor","12":"product_cat-sportarten","13":"product_cat-trainingsgerate","14":"product_cat-trainingswaffen","16":"first","17":"instock","18":"taxable","19":"shipping-taxable","20":"purchasable","21":"product-type-simple"},"acf":[],"yoast_head":"<!-- This site is optimized with the Yoast SEO plugin v27.5 - https:\/\/yoast.com\/product\/yoast-seo-wordpress\/ -->\n<title>Trainingsmesser Aluminium Dax \u2013 SelfDefense Blade - PRIDEshop<\/title>\n<meta name=\"description\" content=\"Alu Trainingsmesser, Dax mit Holzgriff. Dieses Alu Trainingsmesser sieht einem echten Messer zum Verwechseln \u00e4hnlich und f\u00fchlt sich in der Hand auch so an.\" \/>\n<meta name=\"robots\" content=\"index, follow, max-snippet:-1, max-image-preview:large, max-video-preview:-1\" \/>\n<link rel=\"canonical\" href=\"https:\/\/prideshop.eu\/de\/shop\/sportarten\/krav-maga-de\/krav-maga-zubehor\/alu-trainingsmesser-dax\/\" \/>\n<meta property=\"og:locale\" content=\"de_DE\" \/>\n<meta property=\"og:type\" content=\"article\" \/>\n<meta property=\"og:title\" content=\"Trainingsmesser Aluminium Dax \u2013 SelfDefense Blade - PRIDEshop\" \/>\n<meta property=\"og:description\" content=\"Alu Trainingsmesser, Dax mit Holzgriff. Dieses Alu Trainingsmesser sieht einem echten Messer zum Verwechseln \u00e4hnlich und f\u00fchlt sich in der Hand auch so an.\" \/>\n<meta property=\"og:url\" content=\"https:\/\/prideshop.eu\/de\/shop\/sportarten\/krav-maga-de\/krav-maga-zubehor\/alu-trainingsmesser-dax\/\" \/>\n<meta property=\"og:site_name\" content=\"PRIDEshop\" \/>\n<meta property=\"article:publisher\" content=\"https:\/\/sl-si.facebook.com\/PrideShopeu\" \/>\n<meta property=\"article:modified_time\" content=\"2025-08-04T09:19:12+00:00\" \/>\n<meta property=\"og:image\" content=\"https:\/\/prideshop.eu\/wp-content\/uploads\/2020\/09\/aluminijasti-noz-za-vadbo-dax-wa007.jpg\" \/>\n\t<meta property=\"og:image:width\" content=\"600\" \/>\n\t<meta property=\"og:image:height\" content=\"600\" \/>\n\t<meta property=\"og:image:type\" content=\"image\/jpeg\" \/>\n<meta name=\"twitter:card\" content=\"summary_large_image\" \/>\n<script type=\"application\/ld+json\" class=\"yoast-schema-graph\">{\"@context\":\"https:\\\/\\\/schema.org\",\"@graph\":[{\"@type\":\"WebPage\",\"@id\":\"https:\\\/\\\/prideshop.eu\\\/de\\\/shop\\\/sportarten\\\/krav-maga-de\\\/krav-maga-zubehor\\\/alu-trainingsmesser-dax\\\/\",\"url\":\"https:\\\/\\\/prideshop.eu\\\/de\\\/shop\\\/sportarten\\\/krav-maga-de\\\/krav-maga-zubehor\\\/alu-trainingsmesser-dax\\\/\",\"name\":\"Trainingsmesser Aluminium Dax \u2013 SelfDefense Blade - PRIDEshop\",\"isPartOf\":{\"@id\":\"https:\\\/\\\/prideshop.eu\\\/de\\\/#website\"},\"primaryImageOfPage\":{\"@id\":\"https:\\\/\\\/prideshop.eu\\\/de\\\/shop\\\/sportarten\\\/krav-maga-de\\\/krav-maga-zubehor\\\/alu-trainingsmesser-dax\\\/#primaryimage\"},\"image\":{\"@id\":\"https:\\\/\\\/prideshop.eu\\\/de\\\/shop\\\/sportarten\\\/krav-maga-de\\\/krav-maga-zubehor\\\/alu-trainingsmesser-dax\\\/#primaryimage\"},\"thumbnailUrl\":\"https:\\\/\\\/prideshop.eu\\\/wp-content\\\/uploads\\\/2020\\\/09\\\/aluminijasti-noz-za-vadbo-dax-wa007.jpg\",\"datePublished\":\"2020-09-18T13:06:02+00:00\",\"dateModified\":\"2025-08-04T09:19:12+00:00\",\"description\":\"Alu Trainingsmesser, Dax mit Holzgriff. Dieses Alu Trainingsmesser sieht einem echten Messer zum Verwechseln \u00e4hnlich und f\u00fchlt sich in der Hand auch so an.\",\"breadcrumb\":{\"@id\":\"https:\\\/\\\/prideshop.eu\\\/de\\\/shop\\\/sportarten\\\/krav-maga-de\\\/krav-maga-zubehor\\\/alu-trainingsmesser-dax\\\/#breadcrumb\"},\"inLanguage\":\"de\",\"potentialAction\":[{\"@type\":\"ReadAction\",\"target\":[\"https:\\\/\\\/prideshop.eu\\\/de\\\/shop\\\/sportarten\\\/krav-maga-de\\\/krav-maga-zubehor\\\/alu-trainingsmesser-dax\\\/\"]}]},{\"@type\":\"ImageObject\",\"inLanguage\":\"de\",\"@id\":\"https:\\\/\\\/prideshop.eu\\\/de\\\/shop\\\/sportarten\\\/krav-maga-de\\\/krav-maga-zubehor\\\/alu-trainingsmesser-dax\\\/#primaryimage\",\"url\":\"https:\\\/\\\/prideshop.eu\\\/wp-content\\\/uploads\\\/2020\\\/09\\\/aluminijasti-noz-za-vadbo-dax-wa007.jpg\",\"contentUrl\":\"https:\\\/\\\/prideshop.eu\\\/wp-content\\\/uploads\\\/2020\\\/09\\\/aluminijasti-noz-za-vadbo-dax-wa007.jpg\",\"width\":600,\"height\":600,\"caption\":\"Alu Trainingsmesser Dax\"},{\"@type\":\"BreadcrumbList\",\"@id\":\"https:\\\/\\\/prideshop.eu\\\/de\\\/shop\\\/sportarten\\\/krav-maga-de\\\/krav-maga-zubehor\\\/alu-trainingsmesser-dax\\\/#breadcrumb\",\"itemListElement\":[{\"@type\":\"ListItem\",\"position\":1,\"name\":\"Home\",\"item\":\"https:\\\/\\\/prideshop.eu\\\/de\\\/\"},{\"@type\":\"ListItem\",\"position\":2,\"name\":\"Gesch\u00e4ft\",\"item\":\"https:\\\/\\\/prideshop.eu\\\/de\\\/geschaeft\\\/\"},{\"@type\":\"ListItem\",\"position\":3,\"name\":\"Trainingsmesser Aluminium Dax \u2013 SelfDefense Blade\"}]},{\"@type\":\"WebSite\",\"@id\":\"https:\\\/\\\/prideshop.eu\\\/de\\\/#website\",\"url\":\"https:\\\/\\\/prideshop.eu\\\/de\\\/\",\"name\":\"PRIDEshop\",\"description\":\"Oprema za Borilne \u0160porte\",\"publisher\":{\"@id\":\"https:\\\/\\\/prideshop.eu\\\/de\\\/#organization\"},\"potentialAction\":[{\"@type\":\"SearchAction\",\"target\":{\"@type\":\"EntryPoint\",\"urlTemplate\":\"https:\\\/\\\/prideshop.eu\\\/de\\\/?s={search_term_string}\"},\"query-input\":{\"@type\":\"PropertyValueSpecification\",\"valueRequired\":true,\"valueName\":\"search_term_string\"}}],\"inLanguage\":\"de\"},{\"@type\":\"Organization\",\"@id\":\"https:\\\/\\\/prideshop.eu\\\/de\\\/#organization\",\"name\":\"PRIDEshop\",\"url\":\"https:\\\/\\\/prideshop.eu\\\/de\\\/\",\"logo\":{\"@type\":\"ImageObject\",\"inLanguage\":\"de\",\"@id\":\"https:\\\/\\\/prideshop.eu\\\/de\\\/#\\\/schema\\\/logo\\\/image\\\/\",\"url\":\"\",\"contentUrl\":\"\",\"caption\":\"PRIDEshop\"},\"image\":{\"@id\":\"https:\\\/\\\/prideshop.eu\\\/de\\\/#\\\/schema\\\/logo\\\/image\\\/\"},\"sameAs\":[\"https:\\\/\\\/sl-si.facebook.com\\\/PrideShopeu\"]}]}<\/script>\n<!-- \/ Yoast SEO plugin. -->","yoast_head_json":{"title":"Trainingsmesser Aluminium Dax \u2013 SelfDefense Blade - PRIDEshop","description":"Alu Trainingsmesser, Dax mit Holzgriff. Dieses Alu Trainingsmesser sieht einem echten Messer zum Verwechseln \u00e4hnlich und f\u00fchlt sich in der Hand auch so an.","robots":{"index":"index","follow":"follow","max-snippet":"max-snippet:-1","max-image-preview":"max-image-preview:large","max-video-preview":"max-video-preview:-1"},"canonical":"https:\/\/prideshop.eu\/de\/shop\/sportarten\/krav-maga-de\/krav-maga-zubehor\/alu-trainingsmesser-dax\/","og_locale":"de_DE","og_type":"article","og_title":"Trainingsmesser Aluminium Dax \u2013 SelfDefense Blade - PRIDEshop","og_description":"Alu Trainingsmesser, Dax mit Holzgriff. Dieses Alu Trainingsmesser sieht einem echten Messer zum Verwechseln \u00e4hnlich und f\u00fchlt sich in der Hand auch so an.","og_url":"https:\/\/prideshop.eu\/de\/shop\/sportarten\/krav-maga-de\/krav-maga-zubehor\/alu-trainingsmesser-dax\/","og_site_name":"PRIDEshop","article_publisher":"https:\/\/sl-si.facebook.com\/PrideShopeu","article_modified_time":"2025-08-04T09:19:12+00:00","og_image":[{"width":600,"height":600,"url":"https:\/\/prideshop.eu\/wp-content\/uploads\/2020\/09\/aluminijasti-noz-za-vadbo-dax-wa007.jpg","type":"image\/jpeg"}],"twitter_card":"summary_large_image","schema":{"@context":"https:\/\/schema.org","@graph":[{"@type":"WebPage","@id":"https:\/\/prideshop.eu\/de\/shop\/sportarten\/krav-maga-de\/krav-maga-zubehor\/alu-trainingsmesser-dax\/","url":"https:\/\/prideshop.eu\/de\/shop\/sportarten\/krav-maga-de\/krav-maga-zubehor\/alu-trainingsmesser-dax\/","name":"Trainingsmesser Aluminium Dax \u2013 SelfDefense Blade - PRIDEshop","isPartOf":{"@id":"https:\/\/prideshop.eu\/de\/#website"},"primaryImageOfPage":{"@id":"https:\/\/prideshop.eu\/de\/shop\/sportarten\/krav-maga-de\/krav-maga-zubehor\/alu-trainingsmesser-dax\/#primaryimage"},"image":{"@id":"https:\/\/prideshop.eu\/de\/shop\/sportarten\/krav-maga-de\/krav-maga-zubehor\/alu-trainingsmesser-dax\/#primaryimage"},"thumbnailUrl":"https:\/\/prideshop.eu\/wp-content\/uploads\/2020\/09\/aluminijasti-noz-za-vadbo-dax-wa007.jpg","datePublished":"2020-09-18T13:06:02+00:00","dateModified":"2025-08-04T09:19:12+00:00","description":"Alu Trainingsmesser, Dax mit Holzgriff. Dieses Alu Trainingsmesser sieht einem echten Messer zum Verwechseln \u00e4hnlich und f\u00fchlt sich in der Hand auch so an.","breadcrumb":{"@id":"https:\/\/prideshop.eu\/de\/shop\/sportarten\/krav-maga-de\/krav-maga-zubehor\/alu-trainingsmesser-dax\/#breadcrumb"},"inLanguage":"de","potentialAction":[{"@type":"ReadAction","target":["https:\/\/prideshop.eu\/de\/shop\/sportarten\/krav-maga-de\/krav-maga-zubehor\/alu-trainingsmesser-dax\/"]}]},{"@type":"ImageObject","inLanguage":"de","@id":"https:\/\/prideshop.eu\/de\/shop\/sportarten\/krav-maga-de\/krav-maga-zubehor\/alu-trainingsmesser-dax\/#primaryimage","url":"https:\/\/prideshop.eu\/wp-content\/uploads\/2020\/09\/aluminijasti-noz-za-vadbo-dax-wa007.jpg","contentUrl":"https:\/\/prideshop.eu\/wp-content\/uploads\/2020\/09\/aluminijasti-noz-za-vadbo-dax-wa007.jpg","width":600,"height":600,"caption":"Alu Trainingsmesser Dax"},{"@type":"BreadcrumbList","@id":"https:\/\/prideshop.eu\/de\/shop\/sportarten\/krav-maga-de\/krav-maga-zubehor\/alu-trainingsmesser-dax\/#breadcrumb","itemListElement":[{"@type":"ListItem","position":1,"name":"Home","item":"https:\/\/prideshop.eu\/de\/"},{"@type":"ListItem","position":2,"name":"Gesch\u00e4ft","item":"https:\/\/prideshop.eu\/de\/geschaeft\/"},{"@type":"ListItem","position":3,"name":"Trainingsmesser Aluminium Dax \u2013 SelfDefense Blade"}]},{"@type":"WebSite","@id":"https:\/\/prideshop.eu\/de\/#website","url":"https:\/\/prideshop.eu\/de\/","name":"PRIDEshop","description":"Oprema za Borilne \u0160porte","publisher":{"@id":"https:\/\/prideshop.eu\/de\/#organization"},"potentialAction":[{"@type":"SearchAction","target":{"@type":"EntryPoint","urlTemplate":"https:\/\/prideshop.eu\/de\/?s={search_term_string}"},"query-input":{"@type":"PropertyValueSpecification","valueRequired":true,"valueName":"search_term_string"}}],"inLanguage":"de"},{"@type":"Organization","@id":"https:\/\/prideshop.eu\/de\/#organization","name":"PRIDEshop","url":"https:\/\/prideshop.eu\/de\/","logo":{"@type":"ImageObject","inLanguage":"de","@id":"https:\/\/prideshop.eu\/de\/#\/schema\/logo\/image\/","url":"","contentUrl":"","caption":"PRIDEshop"},"image":{"@id":"https:\/\/prideshop.eu\/de\/#\/schema\/logo\/image\/"},"sameAs":["https:\/\/sl-si.facebook.com\/PrideShopeu"]}]}},"_links":{"self":[{"href":"https:\/\/prideshop.eu\/de\/wp-json\/wp\/v2\/product\/15663","targetHints":{"allow":["GET"]}}],"collection":[{"href":"https:\/\/prideshop.eu\/de\/wp-json\/wp\/v2\/product"}],"about":[{"href":"https:\/\/prideshop.eu\/de\/wp-json\/wp\/v2\/types\/product"}],"replies":[{"embeddable":true,"href":"https:\/\/prideshop.eu\/de\/wp-json\/wp\/v2\/comments?post=15663"}],"wp:featuredmedia":[{"embeddable":true,"href":"https:\/\/prideshop.eu\/de\/wp-json\/wp\/v2\/media\/35106"}],"wp:attachment":[{"href":"https:\/\/prideshop.eu\/de\/wp-json\/wp\/v2\/media?parent=15663"}],"wp:term":[{"taxonomy":"product_brand","embeddable":true,"href":"https:\/\/prideshop.eu\/de\/wp-json\/wp\/v2\/product_brand?post=15663"},{"taxonomy":"product_cat","embeddable":true,"href":"https:\/\/prideshop.eu\/de\/wp-json\/wp\/v2\/product_cat?post=15663"},{"taxonomy":"product_tag","embeddable":true,"href":"https:\/\/prideshop.eu\/de\/wp-json\/wp\/v2\/product_tag?post=15663"}],"curies":[{"name":"wp","href":"https:\/\/api.w.org\/{rel}","templated":true}]}}