{"id":15675,"date":"2020-09-18T11:47:32","date_gmt":"2020-09-18T09:47:32","guid":{"rendered":"https:\/\/prideshop.eu\/spletna-trgovina\/unkategorisiert\/escrima-stick-dax\/"},"modified":"2025-08-04T11:19:13","modified_gmt":"2025-08-04T09:19:13","slug":"escrima-stick-dax","status":"publish","type":"product","link":"https:\/\/prideshop.eu\/de\/shop\/sportarten\/krav-maga-de\/krav-maga-zubehor\/escrima-stick-dax\/","title":{"rendered":"Escrima Stick | Dax"},"content":{"rendered":"<h3>Escrima Stick | Dax<\/h3>\n<p>Escrima Stick, Dax ist eine sehr attraktive traditionelle Form des beliebten Escrima Schlagstocks. Sie werden in philippinischen Kampfk\u00fcnsten wie ARNIS, KALI und ESCRIMA verwendet. Im Feuer geh\u00e4rtet, aus Holz. L\u00e4nge ca. 66 cm.<\/p>\n","protected":false},"excerpt":{"rendered":"<p>Escrima Stick, Dax ist eine sehr attraktive traditionelle Form des beliebten Escrima Schlagstocks. Sie werden in philippinischen Kampfk\u00fcnsten wie ARNIS, KALI und ESCRIMA verwendet. Im Feuer geh\u00e4rtet, aus Holz. L\u00e4nge ca. 66 cm.<\/p>\n","protected":false},"featured_media":35109,"comment_status":"open","ping_status":"closed","template":"","meta":{"_acf_changed":false},"product_brand":[2096],"product_cat":[580,690,692,734,736,656,616,628],"product_tag":[],"class_list":{"0":"post-15675","1":"product","2":"type-product","3":"status-publish","4":"has-post-thumbnail","6":"product_brand-dax","7":"product_cat-equipment-de","8":"product_cat-ju-jitsu-de","9":"product_cat-ju-jutsu-zubehor","10":"product_cat-krav-maga-de","11":"product_cat-krav-maga-zubehor","12":"product_cat-sportarten","13":"product_cat-trainingsgerate","14":"product_cat-trainingswaffen","16":"first","17":"outofstock","18":"taxable","19":"shipping-taxable","20":"purchasable","21":"product-type-simple"},"acf":[],"yoast_head":"<!-- This site is optimized with the Yoast SEO plugin v27.5 - https:\/\/yoast.com\/product\/yoast-seo-wordpress\/ -->\n<title>Escrima Stick | Dax - PRIDEshop<\/title>\n<meta name=\"description\" content=\"Escrima Stick, Dax ist eine sehr attraktive traditionelle Form des beliebten Escrima Schlagstocks.\" \/>\n<meta name=\"robots\" content=\"index, follow, max-snippet:-1, max-image-preview:large, max-video-preview:-1\" \/>\n<link rel=\"canonical\" href=\"https:\/\/prideshop.eu\/de\/shop\/sportarten\/krav-maga-de\/krav-maga-zubehor\/escrima-stick-dax\/\" \/>\n<meta property=\"og:locale\" content=\"de_DE\" \/>\n<meta property=\"og:type\" content=\"article\" \/>\n<meta property=\"og:title\" content=\"Escrima Stick | Dax - PRIDEshop\" \/>\n<meta property=\"og:description\" content=\"Escrima Stick, Dax ist eine sehr attraktive traditionelle Form des beliebten Escrima Schlagstocks.\" \/>\n<meta property=\"og:url\" content=\"https:\/\/prideshop.eu\/de\/shop\/sportarten\/krav-maga-de\/krav-maga-zubehor\/escrima-stick-dax\/\" \/>\n<meta property=\"og:site_name\" content=\"PRIDEshop\" \/>\n<meta property=\"article:publisher\" content=\"https:\/\/sl-si.facebook.com\/PrideShopeu\" \/>\n<meta property=\"article:modified_time\" content=\"2025-08-04T09:19:13+00:00\" \/>\n<meta property=\"og:image\" content=\"https:\/\/prideshop.eu\/wp-content\/uploads\/2020\/09\/escrima-palica-dax-wah022.jpg\" \/>\n\t<meta property=\"og:image:width\" content=\"600\" \/>\n\t<meta property=\"og:image:height\" content=\"600\" \/>\n\t<meta property=\"og:image:type\" content=\"image\/jpeg\" \/>\n<meta name=\"twitter:card\" content=\"summary_large_image\" \/>\n<script type=\"application\/ld+json\" class=\"yoast-schema-graph\">{\"@context\":\"https:\\\/\\\/schema.org\",\"@graph\":[{\"@type\":\"WebPage\",\"@id\":\"https:\\\/\\\/prideshop.eu\\\/de\\\/shop\\\/sportarten\\\/krav-maga-de\\\/krav-maga-zubehor\\\/escrima-stick-dax\\\/\",\"url\":\"https:\\\/\\\/prideshop.eu\\\/de\\\/shop\\\/sportarten\\\/krav-maga-de\\\/krav-maga-zubehor\\\/escrima-stick-dax\\\/\",\"name\":\"Escrima Stick | Dax - PRIDEshop\",\"isPartOf\":{\"@id\":\"https:\\\/\\\/prideshop.eu\\\/de\\\/#website\"},\"primaryImageOfPage\":{\"@id\":\"https:\\\/\\\/prideshop.eu\\\/de\\\/shop\\\/sportarten\\\/krav-maga-de\\\/krav-maga-zubehor\\\/escrima-stick-dax\\\/#primaryimage\"},\"image\":{\"@id\":\"https:\\\/\\\/prideshop.eu\\\/de\\\/shop\\\/sportarten\\\/krav-maga-de\\\/krav-maga-zubehor\\\/escrima-stick-dax\\\/#primaryimage\"},\"thumbnailUrl\":\"https:\\\/\\\/prideshop.eu\\\/wp-content\\\/uploads\\\/2020\\\/09\\\/escrima-palica-dax-wah022.jpg\",\"datePublished\":\"2020-09-18T09:47:32+00:00\",\"dateModified\":\"2025-08-04T09:19:13+00:00\",\"description\":\"Escrima Stick, Dax ist eine sehr attraktive traditionelle Form des beliebten Escrima Schlagstocks.\",\"breadcrumb\":{\"@id\":\"https:\\\/\\\/prideshop.eu\\\/de\\\/shop\\\/sportarten\\\/krav-maga-de\\\/krav-maga-zubehor\\\/escrima-stick-dax\\\/#breadcrumb\"},\"inLanguage\":\"de\",\"potentialAction\":[{\"@type\":\"ReadAction\",\"target\":[\"https:\\\/\\\/prideshop.eu\\\/de\\\/shop\\\/sportarten\\\/krav-maga-de\\\/krav-maga-zubehor\\\/escrima-stick-dax\\\/\"]}]},{\"@type\":\"ImageObject\",\"inLanguage\":\"de\",\"@id\":\"https:\\\/\\\/prideshop.eu\\\/de\\\/shop\\\/sportarten\\\/krav-maga-de\\\/krav-maga-zubehor\\\/escrima-stick-dax\\\/#primaryimage\",\"url\":\"https:\\\/\\\/prideshop.eu\\\/wp-content\\\/uploads\\\/2020\\\/09\\\/escrima-palica-dax-wah022.jpg\",\"contentUrl\":\"https:\\\/\\\/prideshop.eu\\\/wp-content\\\/uploads\\\/2020\\\/09\\\/escrima-palica-dax-wah022.jpg\",\"width\":600,\"height\":600,\"caption\":\"Escrima Stick Dax\"},{\"@type\":\"BreadcrumbList\",\"@id\":\"https:\\\/\\\/prideshop.eu\\\/de\\\/shop\\\/sportarten\\\/krav-maga-de\\\/krav-maga-zubehor\\\/escrima-stick-dax\\\/#breadcrumb\",\"itemListElement\":[{\"@type\":\"ListItem\",\"position\":1,\"name\":\"Home\",\"item\":\"https:\\\/\\\/prideshop.eu\\\/de\\\/\"},{\"@type\":\"ListItem\",\"position\":2,\"name\":\"Gesch\u00e4ft\",\"item\":\"https:\\\/\\\/prideshop.eu\\\/de\\\/geschaeft\\\/\"},{\"@type\":\"ListItem\",\"position\":3,\"name\":\"Escrima Stick | Dax\"}]},{\"@type\":\"WebSite\",\"@id\":\"https:\\\/\\\/prideshop.eu\\\/de\\\/#website\",\"url\":\"https:\\\/\\\/prideshop.eu\\\/de\\\/\",\"name\":\"PRIDEshop\",\"description\":\"Oprema za Borilne \u0160porte\",\"publisher\":{\"@id\":\"https:\\\/\\\/prideshop.eu\\\/de\\\/#organization\"},\"potentialAction\":[{\"@type\":\"SearchAction\",\"target\":{\"@type\":\"EntryPoint\",\"urlTemplate\":\"https:\\\/\\\/prideshop.eu\\\/de\\\/?s={search_term_string}\"},\"query-input\":{\"@type\":\"PropertyValueSpecification\",\"valueRequired\":true,\"valueName\":\"search_term_string\"}}],\"inLanguage\":\"de\"},{\"@type\":\"Organization\",\"@id\":\"https:\\\/\\\/prideshop.eu\\\/de\\\/#organization\",\"name\":\"PRIDEshop\",\"url\":\"https:\\\/\\\/prideshop.eu\\\/de\\\/\",\"logo\":{\"@type\":\"ImageObject\",\"inLanguage\":\"de\",\"@id\":\"https:\\\/\\\/prideshop.eu\\\/de\\\/#\\\/schema\\\/logo\\\/image\\\/\",\"url\":\"\",\"contentUrl\":\"\",\"caption\":\"PRIDEshop\"},\"image\":{\"@id\":\"https:\\\/\\\/prideshop.eu\\\/de\\\/#\\\/schema\\\/logo\\\/image\\\/\"},\"sameAs\":[\"https:\\\/\\\/sl-si.facebook.com\\\/PrideShopeu\"]}]}<\/script>\n<!-- \/ Yoast SEO plugin. -->","yoast_head_json":{"title":"Escrima Stick | Dax - PRIDEshop","description":"Escrima Stick, Dax ist eine sehr attraktive traditionelle Form des beliebten Escrima Schlagstocks.","robots":{"index":"index","follow":"follow","max-snippet":"max-snippet:-1","max-image-preview":"max-image-preview:large","max-video-preview":"max-video-preview:-1"},"canonical":"https:\/\/prideshop.eu\/de\/shop\/sportarten\/krav-maga-de\/krav-maga-zubehor\/escrima-stick-dax\/","og_locale":"de_DE","og_type":"article","og_title":"Escrima Stick | Dax - PRIDEshop","og_description":"Escrima Stick, Dax ist eine sehr attraktive traditionelle Form des beliebten Escrima Schlagstocks.","og_url":"https:\/\/prideshop.eu\/de\/shop\/sportarten\/krav-maga-de\/krav-maga-zubehor\/escrima-stick-dax\/","og_site_name":"PRIDEshop","article_publisher":"https:\/\/sl-si.facebook.com\/PrideShopeu","article_modified_time":"2025-08-04T09:19:13+00:00","og_image":[{"width":600,"height":600,"url":"https:\/\/prideshop.eu\/wp-content\/uploads\/2020\/09\/escrima-palica-dax-wah022.jpg","type":"image\/jpeg"}],"twitter_card":"summary_large_image","schema":{"@context":"https:\/\/schema.org","@graph":[{"@type":"WebPage","@id":"https:\/\/prideshop.eu\/de\/shop\/sportarten\/krav-maga-de\/krav-maga-zubehor\/escrima-stick-dax\/","url":"https:\/\/prideshop.eu\/de\/shop\/sportarten\/krav-maga-de\/krav-maga-zubehor\/escrima-stick-dax\/","name":"Escrima Stick | Dax - PRIDEshop","isPartOf":{"@id":"https:\/\/prideshop.eu\/de\/#website"},"primaryImageOfPage":{"@id":"https:\/\/prideshop.eu\/de\/shop\/sportarten\/krav-maga-de\/krav-maga-zubehor\/escrima-stick-dax\/#primaryimage"},"image":{"@id":"https:\/\/prideshop.eu\/de\/shop\/sportarten\/krav-maga-de\/krav-maga-zubehor\/escrima-stick-dax\/#primaryimage"},"thumbnailUrl":"https:\/\/prideshop.eu\/wp-content\/uploads\/2020\/09\/escrima-palica-dax-wah022.jpg","datePublished":"2020-09-18T09:47:32+00:00","dateModified":"2025-08-04T09:19:13+00:00","description":"Escrima Stick, Dax ist eine sehr attraktive traditionelle Form des beliebten Escrima Schlagstocks.","breadcrumb":{"@id":"https:\/\/prideshop.eu\/de\/shop\/sportarten\/krav-maga-de\/krav-maga-zubehor\/escrima-stick-dax\/#breadcrumb"},"inLanguage":"de","potentialAction":[{"@type":"ReadAction","target":["https:\/\/prideshop.eu\/de\/shop\/sportarten\/krav-maga-de\/krav-maga-zubehor\/escrima-stick-dax\/"]}]},{"@type":"ImageObject","inLanguage":"de","@id":"https:\/\/prideshop.eu\/de\/shop\/sportarten\/krav-maga-de\/krav-maga-zubehor\/escrima-stick-dax\/#primaryimage","url":"https:\/\/prideshop.eu\/wp-content\/uploads\/2020\/09\/escrima-palica-dax-wah022.jpg","contentUrl":"https:\/\/prideshop.eu\/wp-content\/uploads\/2020\/09\/escrima-palica-dax-wah022.jpg","width":600,"height":600,"caption":"Escrima Stick Dax"},{"@type":"BreadcrumbList","@id":"https:\/\/prideshop.eu\/de\/shop\/sportarten\/krav-maga-de\/krav-maga-zubehor\/escrima-stick-dax\/#breadcrumb","itemListElement":[{"@type":"ListItem","position":1,"name":"Home","item":"https:\/\/prideshop.eu\/de\/"},{"@type":"ListItem","position":2,"name":"Gesch\u00e4ft","item":"https:\/\/prideshop.eu\/de\/geschaeft\/"},{"@type":"ListItem","position":3,"name":"Escrima Stick | Dax"}]},{"@type":"WebSite","@id":"https:\/\/prideshop.eu\/de\/#website","url":"https:\/\/prideshop.eu\/de\/","name":"PRIDEshop","description":"Oprema za Borilne \u0160porte","publisher":{"@id":"https:\/\/prideshop.eu\/de\/#organization"},"potentialAction":[{"@type":"SearchAction","target":{"@type":"EntryPoint","urlTemplate":"https:\/\/prideshop.eu\/de\/?s={search_term_string}"},"query-input":{"@type":"PropertyValueSpecification","valueRequired":true,"valueName":"search_term_string"}}],"inLanguage":"de"},{"@type":"Organization","@id":"https:\/\/prideshop.eu\/de\/#organization","name":"PRIDEshop","url":"https:\/\/prideshop.eu\/de\/","logo":{"@type":"ImageObject","inLanguage":"de","@id":"https:\/\/prideshop.eu\/de\/#\/schema\/logo\/image\/","url":"","contentUrl":"","caption":"PRIDEshop"},"image":{"@id":"https:\/\/prideshop.eu\/de\/#\/schema\/logo\/image\/"},"sameAs":["https:\/\/sl-si.facebook.com\/PrideShopeu"]}]}},"_links":{"self":[{"href":"https:\/\/prideshop.eu\/de\/wp-json\/wp\/v2\/product\/15675","targetHints":{"allow":["GET"]}}],"collection":[{"href":"https:\/\/prideshop.eu\/de\/wp-json\/wp\/v2\/product"}],"about":[{"href":"https:\/\/prideshop.eu\/de\/wp-json\/wp\/v2\/types\/product"}],"replies":[{"embeddable":true,"href":"https:\/\/prideshop.eu\/de\/wp-json\/wp\/v2\/comments?post=15675"}],"wp:featuredmedia":[{"embeddable":true,"href":"https:\/\/prideshop.eu\/de\/wp-json\/wp\/v2\/media\/35109"}],"wp:attachment":[{"href":"https:\/\/prideshop.eu\/de\/wp-json\/wp\/v2\/media?parent=15675"}],"wp:term":[{"taxonomy":"product_brand","embeddable":true,"href":"https:\/\/prideshop.eu\/de\/wp-json\/wp\/v2\/product_brand?post=15675"},{"taxonomy":"product_cat","embeddable":true,"href":"https:\/\/prideshop.eu\/de\/wp-json\/wp\/v2\/product_cat?post=15675"},{"taxonomy":"product_tag","embeddable":true,"href":"https:\/\/prideshop.eu\/de\/wp-json\/wp\/v2\/product_tag?post=15675"}],"curies":[{"name":"wp","href":"https:\/\/api.w.org\/{rel}","templated":true}]}}