{"id":16349,"date":"2020-11-19T10:15:30","date_gmt":"2020-11-19T09:15:30","guid":{"rendered":"https:\/\/prideshop.eu\/spletna-trgovina\/unkategorisiert\/professionelle-boxhandschuhe-pride-3\/"},"modified":"2026-01-11T21:45:10","modified_gmt":"2026-01-11T20:45:10","slug":"professionelle-boxhandschuhe-pride-3","status":"publish","type":"product","link":"https:\/\/prideshop.eu\/de\/shop\/sportarten\/thaiboxen\/thaiboxen-handschuhe\/professionelle-boxhandschuhe-pride-3\/","title":{"rendered":"Profi Boxhandschuhe Training Leder Pride \u2013 TrainPro"},"content":{"rendered":"<h3>Profi Boxhandschuhe Training Leder Pride \u2013 TrainPro<\/h3>\n<p>Professionelle Boxhandschuhe, Pride. Die Gloves wurden speziell f\u00fcr den engsten Kreis von Boxprofis entwickelt. Sie sind aus strapazierf\u00e4higem Naturleder f\u00fcr lange Haltbarkeit. Mehrschichtige F\u00fcllung mit anatomischer Form. Verschluss mit Klettverschluss, hochwertiges Innenfutter.<\/p>\n","protected":false},"excerpt":{"rendered":"<p>Professionelle Boxhandschuhe, Pride. Die Gloves wurden speziell f\u00fcr den engsten Kreis von Boxprofis entwickelt. Sie sind aus strapazierf\u00e4higem Naturleder f\u00fcr lange Haltbarkeit. Mehrschichtige F\u00fcllung mit anatomischer Form. Verschluss mit Klettverschluss, hochwertiges Innenfutter.<\/p>\n","protected":false},"featured_media":36599,"comment_status":"open","ping_status":"closed","template":"","meta":{"_acf_changed":false},"product_brand":[2108],"product_cat":[664,670,580,638,722,728,1899,634,656,778,784],"product_tag":[],"class_list":{"0":"post-16349","1":"product","2":"type-product","3":"status-publish","4":"has-post-thumbnail","6":"product_brand-pride-professional","7":"product_cat-boxen","8":"product_cat-boxhandschuhe","9":"product_cat-equipment-de","10":"product_cat-handschuhe","11":"product_cat-kickboxen","12":"product_cat-kickboxenhandschuhe","13":"product_cat-professionelles-boxen","14":"product_cat-schutzausrustung","15":"product_cat-sportarten","16":"product_cat-thaiboxen","17":"product_cat-thaiboxen-handschuhe","19":"first","20":"instock","21":"taxable","22":"shipping-taxable","23":"purchasable","24":"product-type-variable"},"acf":[],"yoast_head":"<!-- This site is optimized with the Yoast SEO plugin v27.5 - https:\/\/yoast.com\/product\/yoast-seo-wordpress\/ -->\n<title>Profi Boxhandschuhe Training Leder Pride \u2013 TrainPro - PRIDEshop<\/title>\n<meta name=\"description\" content=\"Professionelle Boxhandschuhe, Pride. Die Gloves wurden speziell f\u00fcr den engsten Kreis von Boxprofis entwickelt.\" \/>\n<meta name=\"robots\" content=\"index, follow, max-snippet:-1, max-image-preview:large, max-video-preview:-1\" \/>\n<link rel=\"canonical\" href=\"https:\/\/prideshop.eu\/de\/shop\/sportarten\/thaiboxen\/thaiboxen-handschuhe\/professionelle-boxhandschuhe-pride-3\/\" \/>\n<meta property=\"og:locale\" content=\"de_DE\" \/>\n<meta property=\"og:type\" content=\"article\" \/>\n<meta property=\"og:title\" content=\"Profi Boxhandschuhe Training Leder Pride \u2013 TrainPro - PRIDEshop\" \/>\n<meta property=\"og:description\" content=\"Professionelle Boxhandschuhe, Pride. Die Gloves wurden speziell f\u00fcr den engsten Kreis von Boxprofis entwickelt.\" \/>\n<meta property=\"og:url\" content=\"https:\/\/prideshop.eu\/de\/shop\/sportarten\/thaiboxen\/thaiboxen-handschuhe\/professionelle-boxhandschuhe-pride-3\/\" \/>\n<meta property=\"og:site_name\" content=\"PRIDEshop\" \/>\n<meta property=\"article:publisher\" content=\"https:\/\/sl-si.facebook.com\/PrideShopeu\" \/>\n<meta property=\"article:modified_time\" content=\"2026-01-11T20:45:10+00:00\" \/>\n<meta property=\"og:image\" content=\"https:\/\/prideshop.eu\/wp-content\/uploads\/2020\/11\/profesionalne-boks-trening-rokavice-pride-4050-r.jpeg\" \/>\n\t<meta property=\"og:image:width\" content=\"600\" \/>\n\t<meta property=\"og:image:height\" content=\"600\" \/>\n\t<meta property=\"og:image:type\" content=\"image\/jpeg\" \/>\n<meta name=\"twitter:card\" content=\"summary_large_image\" \/>\n<script type=\"application\/ld+json\" class=\"yoast-schema-graph\">{\"@context\":\"https:\\\/\\\/schema.org\",\"@graph\":[{\"@type\":\"WebPage\",\"@id\":\"https:\\\/\\\/prideshop.eu\\\/de\\\/shop\\\/sportarten\\\/thaiboxen\\\/thaiboxen-handschuhe\\\/professionelle-boxhandschuhe-pride-3\\\/\",\"url\":\"https:\\\/\\\/prideshop.eu\\\/de\\\/shop\\\/sportarten\\\/thaiboxen\\\/thaiboxen-handschuhe\\\/professionelle-boxhandschuhe-pride-3\\\/\",\"name\":\"Profi Boxhandschuhe Training Leder Pride \u2013 TrainPro - PRIDEshop\",\"isPartOf\":{\"@id\":\"https:\\\/\\\/prideshop.eu\\\/de\\\/#website\"},\"primaryImageOfPage\":{\"@id\":\"https:\\\/\\\/prideshop.eu\\\/de\\\/shop\\\/sportarten\\\/thaiboxen\\\/thaiboxen-handschuhe\\\/professionelle-boxhandschuhe-pride-3\\\/#primaryimage\"},\"image\":{\"@id\":\"https:\\\/\\\/prideshop.eu\\\/de\\\/shop\\\/sportarten\\\/thaiboxen\\\/thaiboxen-handschuhe\\\/professionelle-boxhandschuhe-pride-3\\\/#primaryimage\"},\"thumbnailUrl\":\"https:\\\/\\\/prideshop.eu\\\/wp-content\\\/uploads\\\/2020\\\/11\\\/profesionalne-boks-trening-rokavice-pride-4050-r.jpeg\",\"datePublished\":\"2020-11-19T09:15:30+00:00\",\"dateModified\":\"2026-01-11T20:45:10+00:00\",\"description\":\"Professionelle Boxhandschuhe, Pride. Die Gloves wurden speziell f\u00fcr den engsten Kreis von Boxprofis entwickelt.\",\"breadcrumb\":{\"@id\":\"https:\\\/\\\/prideshop.eu\\\/de\\\/shop\\\/sportarten\\\/thaiboxen\\\/thaiboxen-handschuhe\\\/professionelle-boxhandschuhe-pride-3\\\/#breadcrumb\"},\"inLanguage\":\"de\",\"potentialAction\":[{\"@type\":\"ReadAction\",\"target\":[\"https:\\\/\\\/prideshop.eu\\\/de\\\/shop\\\/sportarten\\\/thaiboxen\\\/thaiboxen-handschuhe\\\/professionelle-boxhandschuhe-pride-3\\\/\"]}]},{\"@type\":\"ImageObject\",\"inLanguage\":\"de\",\"@id\":\"https:\\\/\\\/prideshop.eu\\\/de\\\/shop\\\/sportarten\\\/thaiboxen\\\/thaiboxen-handschuhe\\\/professionelle-boxhandschuhe-pride-3\\\/#primaryimage\",\"url\":\"https:\\\/\\\/prideshop.eu\\\/wp-content\\\/uploads\\\/2020\\\/11\\\/profesionalne-boks-trening-rokavice-pride-4050-r.jpeg\",\"contentUrl\":\"https:\\\/\\\/prideshop.eu\\\/wp-content\\\/uploads\\\/2020\\\/11\\\/profesionalne-boks-trening-rokavice-pride-4050-r.jpeg\",\"width\":600,\"height\":600,\"caption\":\"Professionelle Boxhandschuhe Pride rot\"},{\"@type\":\"BreadcrumbList\",\"@id\":\"https:\\\/\\\/prideshop.eu\\\/de\\\/shop\\\/sportarten\\\/thaiboxen\\\/thaiboxen-handschuhe\\\/professionelle-boxhandschuhe-pride-3\\\/#breadcrumb\",\"itemListElement\":[{\"@type\":\"ListItem\",\"position\":1,\"name\":\"Home\",\"item\":\"https:\\\/\\\/prideshop.eu\\\/de\\\/\"},{\"@type\":\"ListItem\",\"position\":2,\"name\":\"Gesch\u00e4ft\",\"item\":\"https:\\\/\\\/prideshop.eu\\\/de\\\/geschaeft\\\/\"},{\"@type\":\"ListItem\",\"position\":3,\"name\":\"Profi Boxhandschuhe Training Leder Pride \u2013 TrainPro\"}]},{\"@type\":\"WebSite\",\"@id\":\"https:\\\/\\\/prideshop.eu\\\/de\\\/#website\",\"url\":\"https:\\\/\\\/prideshop.eu\\\/de\\\/\",\"name\":\"PRIDEshop\",\"description\":\"Oprema za Borilne \u0160porte\",\"publisher\":{\"@id\":\"https:\\\/\\\/prideshop.eu\\\/de\\\/#organization\"},\"potentialAction\":[{\"@type\":\"SearchAction\",\"target\":{\"@type\":\"EntryPoint\",\"urlTemplate\":\"https:\\\/\\\/prideshop.eu\\\/de\\\/?s={search_term_string}\"},\"query-input\":{\"@type\":\"PropertyValueSpecification\",\"valueRequired\":true,\"valueName\":\"search_term_string\"}}],\"inLanguage\":\"de\"},{\"@type\":\"Organization\",\"@id\":\"https:\\\/\\\/prideshop.eu\\\/de\\\/#organization\",\"name\":\"PRIDEshop\",\"url\":\"https:\\\/\\\/prideshop.eu\\\/de\\\/\",\"logo\":{\"@type\":\"ImageObject\",\"inLanguage\":\"de\",\"@id\":\"https:\\\/\\\/prideshop.eu\\\/de\\\/#\\\/schema\\\/logo\\\/image\\\/\",\"url\":\"\",\"contentUrl\":\"\",\"caption\":\"PRIDEshop\"},\"image\":{\"@id\":\"https:\\\/\\\/prideshop.eu\\\/de\\\/#\\\/schema\\\/logo\\\/image\\\/\"},\"sameAs\":[\"https:\\\/\\\/sl-si.facebook.com\\\/PrideShopeu\"]}]}<\/script>\n<!-- \/ Yoast SEO plugin. -->","yoast_head_json":{"title":"Profi Boxhandschuhe Training Leder Pride \u2013 TrainPro - PRIDEshop","description":"Professionelle Boxhandschuhe, Pride. Die Gloves wurden speziell f\u00fcr den engsten Kreis von Boxprofis entwickelt.","robots":{"index":"index","follow":"follow","max-snippet":"max-snippet:-1","max-image-preview":"max-image-preview:large","max-video-preview":"max-video-preview:-1"},"canonical":"https:\/\/prideshop.eu\/de\/shop\/sportarten\/thaiboxen\/thaiboxen-handschuhe\/professionelle-boxhandschuhe-pride-3\/","og_locale":"de_DE","og_type":"article","og_title":"Profi Boxhandschuhe Training Leder Pride \u2013 TrainPro - PRIDEshop","og_description":"Professionelle Boxhandschuhe, Pride. Die Gloves wurden speziell f\u00fcr den engsten Kreis von Boxprofis entwickelt.","og_url":"https:\/\/prideshop.eu\/de\/shop\/sportarten\/thaiboxen\/thaiboxen-handschuhe\/professionelle-boxhandschuhe-pride-3\/","og_site_name":"PRIDEshop","article_publisher":"https:\/\/sl-si.facebook.com\/PrideShopeu","article_modified_time":"2026-01-11T20:45:10+00:00","og_image":[{"width":600,"height":600,"url":"https:\/\/prideshop.eu\/wp-content\/uploads\/2020\/11\/profesionalne-boks-trening-rokavice-pride-4050-r.jpeg","type":"image\/jpeg"}],"twitter_card":"summary_large_image","schema":{"@context":"https:\/\/schema.org","@graph":[{"@type":"WebPage","@id":"https:\/\/prideshop.eu\/de\/shop\/sportarten\/thaiboxen\/thaiboxen-handschuhe\/professionelle-boxhandschuhe-pride-3\/","url":"https:\/\/prideshop.eu\/de\/shop\/sportarten\/thaiboxen\/thaiboxen-handschuhe\/professionelle-boxhandschuhe-pride-3\/","name":"Profi Boxhandschuhe Training Leder Pride \u2013 TrainPro - PRIDEshop","isPartOf":{"@id":"https:\/\/prideshop.eu\/de\/#website"},"primaryImageOfPage":{"@id":"https:\/\/prideshop.eu\/de\/shop\/sportarten\/thaiboxen\/thaiboxen-handschuhe\/professionelle-boxhandschuhe-pride-3\/#primaryimage"},"image":{"@id":"https:\/\/prideshop.eu\/de\/shop\/sportarten\/thaiboxen\/thaiboxen-handschuhe\/professionelle-boxhandschuhe-pride-3\/#primaryimage"},"thumbnailUrl":"https:\/\/prideshop.eu\/wp-content\/uploads\/2020\/11\/profesionalne-boks-trening-rokavice-pride-4050-r.jpeg","datePublished":"2020-11-19T09:15:30+00:00","dateModified":"2026-01-11T20:45:10+00:00","description":"Professionelle Boxhandschuhe, Pride. Die Gloves wurden speziell f\u00fcr den engsten Kreis von Boxprofis entwickelt.","breadcrumb":{"@id":"https:\/\/prideshop.eu\/de\/shop\/sportarten\/thaiboxen\/thaiboxen-handschuhe\/professionelle-boxhandschuhe-pride-3\/#breadcrumb"},"inLanguage":"de","potentialAction":[{"@type":"ReadAction","target":["https:\/\/prideshop.eu\/de\/shop\/sportarten\/thaiboxen\/thaiboxen-handschuhe\/professionelle-boxhandschuhe-pride-3\/"]}]},{"@type":"ImageObject","inLanguage":"de","@id":"https:\/\/prideshop.eu\/de\/shop\/sportarten\/thaiboxen\/thaiboxen-handschuhe\/professionelle-boxhandschuhe-pride-3\/#primaryimage","url":"https:\/\/prideshop.eu\/wp-content\/uploads\/2020\/11\/profesionalne-boks-trening-rokavice-pride-4050-r.jpeg","contentUrl":"https:\/\/prideshop.eu\/wp-content\/uploads\/2020\/11\/profesionalne-boks-trening-rokavice-pride-4050-r.jpeg","width":600,"height":600,"caption":"Professionelle Boxhandschuhe Pride rot"},{"@type":"BreadcrumbList","@id":"https:\/\/prideshop.eu\/de\/shop\/sportarten\/thaiboxen\/thaiboxen-handschuhe\/professionelle-boxhandschuhe-pride-3\/#breadcrumb","itemListElement":[{"@type":"ListItem","position":1,"name":"Home","item":"https:\/\/prideshop.eu\/de\/"},{"@type":"ListItem","position":2,"name":"Gesch\u00e4ft","item":"https:\/\/prideshop.eu\/de\/geschaeft\/"},{"@type":"ListItem","position":3,"name":"Profi Boxhandschuhe Training Leder Pride \u2013 TrainPro"}]},{"@type":"WebSite","@id":"https:\/\/prideshop.eu\/de\/#website","url":"https:\/\/prideshop.eu\/de\/","name":"PRIDEshop","description":"Oprema za Borilne \u0160porte","publisher":{"@id":"https:\/\/prideshop.eu\/de\/#organization"},"potentialAction":[{"@type":"SearchAction","target":{"@type":"EntryPoint","urlTemplate":"https:\/\/prideshop.eu\/de\/?s={search_term_string}"},"query-input":{"@type":"PropertyValueSpecification","valueRequired":true,"valueName":"search_term_string"}}],"inLanguage":"de"},{"@type":"Organization","@id":"https:\/\/prideshop.eu\/de\/#organization","name":"PRIDEshop","url":"https:\/\/prideshop.eu\/de\/","logo":{"@type":"ImageObject","inLanguage":"de","@id":"https:\/\/prideshop.eu\/de\/#\/schema\/logo\/image\/","url":"","contentUrl":"","caption":"PRIDEshop"},"image":{"@id":"https:\/\/prideshop.eu\/de\/#\/schema\/logo\/image\/"},"sameAs":["https:\/\/sl-si.facebook.com\/PrideShopeu"]}]}},"_links":{"self":[{"href":"https:\/\/prideshop.eu\/de\/wp-json\/wp\/v2\/product\/16349","targetHints":{"allow":["GET"]}}],"collection":[{"href":"https:\/\/prideshop.eu\/de\/wp-json\/wp\/v2\/product"}],"about":[{"href":"https:\/\/prideshop.eu\/de\/wp-json\/wp\/v2\/types\/product"}],"replies":[{"embeddable":true,"href":"https:\/\/prideshop.eu\/de\/wp-json\/wp\/v2\/comments?post=16349"}],"wp:featuredmedia":[{"embeddable":true,"href":"https:\/\/prideshop.eu\/de\/wp-json\/wp\/v2\/media\/36599"}],"wp:attachment":[{"href":"https:\/\/prideshop.eu\/de\/wp-json\/wp\/v2\/media?parent=16349"}],"wp:term":[{"taxonomy":"product_brand","embeddable":true,"href":"https:\/\/prideshop.eu\/de\/wp-json\/wp\/v2\/product_brand?post=16349"},{"taxonomy":"product_cat","embeddable":true,"href":"https:\/\/prideshop.eu\/de\/wp-json\/wp\/v2\/product_cat?post=16349"},{"taxonomy":"product_tag","embeddable":true,"href":"https:\/\/prideshop.eu\/de\/wp-json\/wp\/v2\/product_tag?post=16349"}],"curies":[{"name":"wp","href":"https:\/\/api.w.org\/{rel}","templated":true}]}}