{"id":16415,"date":"2020-09-08T11:29:55","date_gmt":"2020-09-08T09:29:55","guid":{"rendered":"https:\/\/prideshop.eu\/spletna-trgovina\/unkategorisiert\/helm-mit-sicherheitsnetz-pride\/"},"modified":"2026-01-13T15:39:48","modified_gmt":"2026-01-13T14:39:48","slug":"helm-mit-sicherheitsnetz-pride","status":"publish","type":"product","link":"https:\/\/prideshop.eu\/de\/shop\/sportarten\/mma-ultimate-fight-de\/mma-ultimate-fight-schutzausrustung\/helm-mit-sicherheitsnetz-pride\/","title":{"rendered":"Kampfsport-Kopfschutz mit Gitter Pride \u2013 360Guard"},"content":{"rendered":"<p data-start=\"132\" data-end=\"185\"><strong data-start=\"132\" data-end=\"185\">Kampfsport-Kopfschutz mit Gitter Pride \u2013 360Guard<\/strong><\/p>\n<p data-start=\"187\" data-end=\"451\">Der Kampfsport-Kopfschutz 360Guard von Pride bietet maximalen Gesichtsschutz beim Training und Sparring. Dank des integrierten Sicherheitsgitters sch\u00fctzt der Helm das gesamte Gesicht zuverl\u00e4ssig und eignet sich besonders f\u00fcr intensives und kontrolliertes Training.<\/p>\n<p data-start=\"453\" data-end=\"648\">Der Kopfschutz besteht aus hochwertigem PU-Leder und ist f\u00fcr eine lange Lebensdauer ausgelegt. Das robuste Metallgitter ist abnehmbar und erm\u00f6glicht eine flexible Nutzung je nach Trainingsbedarf.<\/p>\n<p data-start=\"650\" data-end=\"873\">Die stabile Konstruktion sorgt f\u00fcr einen sicheren Sitz und hohen Schutz, ohne die Bewegungsfreiheit unn\u00f6tig einzuschr\u00e4nken. Der Pride 360Guard ist die ideale Wahl f\u00fcr Kampfsportler, die besonderen Wert auf Sicherheit legen.<\/p>\n","protected":false},"excerpt":{"rendered":"<p>Helm mit Sicherheitsnetz, PridenEs ist ein Helm mit vollst\u00e4ndigem Schutz f\u00fcr das Gesicht. Aus hochwertigem PU\u2013Leder und mit abnehmbarem Metallnetz.<\/p>\n","protected":false},"featured_media":16420,"comment_status":"open","ping_status":"closed","template":"","meta":{"_acf_changed":false},"product_brand":[2086],"product_cat":[664,580,642,734,742,744,754,634,678,656],"product_tag":[],"class_list":{"0":"post-16415","1":"product","2":"type-product","3":"status-publish","4":"has-post-thumbnail","6":"product_brand-pride","7":"product_cat-boxen","8":"product_cat-equipment-de","9":"product_cat-kopfschutz","10":"product_cat-krav-maga-de","11":"product_cat-krav-maga-schutzausrustung","12":"product_cat-mma-ultimate-fight-de","13":"product_cat-mma-ultimate-fight-schutzausrustung","14":"product_cat-schutzausrustung","15":"product_cat-schutzausrustung-fur-boxen","16":"product_cat-sportarten","18":"first","19":"instock","20":"taxable","21":"shipping-taxable","22":"purchasable","23":"product-type-variable"},"acf":[],"yoast_head":"<!-- This site is optimized with the Yoast SEO plugin v27.4 - https:\/\/yoast.com\/product\/yoast-seo-wordpress\/ -->\n<title>Kampfsport-Kopfschutz mit Gitter Pride \u2013 360Guard - PRIDEshop<\/title>\n<meta name=\"description\" content=\"Helm mit Sicherheitsnetz, Pride. Es ist ein Helm mit vollst\u00e4ndigem Schutz f\u00fcr das Gesicht. Aus hochwertigem PU-Leder und mit abnehmbarem Metallnetz.\" \/>\n<meta name=\"robots\" content=\"index, follow, max-snippet:-1, max-image-preview:large, max-video-preview:-1\" \/>\n<link rel=\"canonical\" href=\"https:\/\/prideshop.eu\/de\/shop\/sportarten\/mma-ultimate-fight-de\/mma-ultimate-fight-schutzausrustung\/helm-mit-sicherheitsnetz-pride\/\" \/>\n<meta property=\"og:locale\" content=\"de_DE\" \/>\n<meta property=\"og:type\" content=\"article\" \/>\n<meta property=\"og:title\" content=\"Kampfsport-Kopfschutz mit Gitter Pride \u2013 360Guard - PRIDEshop\" \/>\n<meta property=\"og:description\" content=\"Helm mit Sicherheitsnetz, Pride. Es ist ein Helm mit vollst\u00e4ndigem Schutz f\u00fcr das Gesicht. Aus hochwertigem PU-Leder und mit abnehmbarem Metallnetz.\" \/>\n<meta property=\"og:url\" content=\"https:\/\/prideshop.eu\/de\/shop\/sportarten\/mma-ultimate-fight-de\/mma-ultimate-fight-schutzausrustung\/helm-mit-sicherheitsnetz-pride\/\" \/>\n<meta property=\"og:site_name\" content=\"PRIDEshop\" \/>\n<meta property=\"article:publisher\" content=\"https:\/\/sl-si.facebook.com\/PrideShopeu\" \/>\n<meta property=\"article:modified_time\" content=\"2026-01-13T14:39:48+00:00\" \/>\n<meta property=\"og:image\" content=\"https:\/\/prideshop.eu\/wp-content\/uploads\/2020\/09\/5018_Pride_celada_z_zascitno_mrezo.jpeg\" \/>\n\t<meta property=\"og:image:width\" content=\"600\" \/>\n\t<meta property=\"og:image:height\" content=\"600\" \/>\n\t<meta property=\"og:image:type\" content=\"image\/jpeg\" \/>\n<meta name=\"twitter:card\" content=\"summary_large_image\" \/>\n<meta name=\"twitter:label1\" content=\"Gesch\u00e4tzte Lesezeit\" \/>\n\t<meta name=\"twitter:data1\" content=\"1\u00a0Minute\" \/>\n<script type=\"application\/ld+json\" class=\"yoast-schema-graph\">{\"@context\":\"https:\\\/\\\/schema.org\",\"@graph\":[{\"@type\":\"WebPage\",\"@id\":\"https:\\\/\\\/prideshop.eu\\\/de\\\/shop\\\/sportarten\\\/mma-ultimate-fight-de\\\/mma-ultimate-fight-schutzausrustung\\\/helm-mit-sicherheitsnetz-pride\\\/\",\"url\":\"https:\\\/\\\/prideshop.eu\\\/de\\\/shop\\\/sportarten\\\/mma-ultimate-fight-de\\\/mma-ultimate-fight-schutzausrustung\\\/helm-mit-sicherheitsnetz-pride\\\/\",\"name\":\"Kampfsport-Kopfschutz mit Gitter Pride \u2013 360Guard - PRIDEshop\",\"isPartOf\":{\"@id\":\"https:\\\/\\\/prideshop.eu\\\/de\\\/#website\"},\"primaryImageOfPage\":{\"@id\":\"https:\\\/\\\/prideshop.eu\\\/de\\\/shop\\\/sportarten\\\/mma-ultimate-fight-de\\\/mma-ultimate-fight-schutzausrustung\\\/helm-mit-sicherheitsnetz-pride\\\/#primaryimage\"},\"image\":{\"@id\":\"https:\\\/\\\/prideshop.eu\\\/de\\\/shop\\\/sportarten\\\/mma-ultimate-fight-de\\\/mma-ultimate-fight-schutzausrustung\\\/helm-mit-sicherheitsnetz-pride\\\/#primaryimage\"},\"thumbnailUrl\":\"https:\\\/\\\/prideshop.eu\\\/wp-content\\\/uploads\\\/2020\\\/09\\\/5018_Pride_celada_z_zascitno_mrezo.jpeg\",\"datePublished\":\"2020-09-08T09:29:55+00:00\",\"dateModified\":\"2026-01-13T14:39:48+00:00\",\"description\":\"Helm mit Sicherheitsnetz, Pride. Es ist ein Helm mit vollst\u00e4ndigem Schutz f\u00fcr das Gesicht. Aus hochwertigem PU-Leder und mit abnehmbarem Metallnetz.\",\"breadcrumb\":{\"@id\":\"https:\\\/\\\/prideshop.eu\\\/de\\\/shop\\\/sportarten\\\/mma-ultimate-fight-de\\\/mma-ultimate-fight-schutzausrustung\\\/helm-mit-sicherheitsnetz-pride\\\/#breadcrumb\"},\"inLanguage\":\"de\",\"potentialAction\":[{\"@type\":\"ReadAction\",\"target\":[\"https:\\\/\\\/prideshop.eu\\\/de\\\/shop\\\/sportarten\\\/mma-ultimate-fight-de\\\/mma-ultimate-fight-schutzausrustung\\\/helm-mit-sicherheitsnetz-pride\\\/\"]}]},{\"@type\":\"ImageObject\",\"inLanguage\":\"de\",\"@id\":\"https:\\\/\\\/prideshop.eu\\\/de\\\/shop\\\/sportarten\\\/mma-ultimate-fight-de\\\/mma-ultimate-fight-schutzausrustung\\\/helm-mit-sicherheitsnetz-pride\\\/#primaryimage\",\"url\":\"https:\\\/\\\/prideshop.eu\\\/wp-content\\\/uploads\\\/2020\\\/09\\\/5018_Pride_celada_z_zascitno_mrezo.jpeg\",\"contentUrl\":\"https:\\\/\\\/prideshop.eu\\\/wp-content\\\/uploads\\\/2020\\\/09\\\/5018_Pride_celada_z_zascitno_mrezo.jpeg\",\"width\":600,\"height\":600},{\"@type\":\"BreadcrumbList\",\"@id\":\"https:\\\/\\\/prideshop.eu\\\/de\\\/shop\\\/sportarten\\\/mma-ultimate-fight-de\\\/mma-ultimate-fight-schutzausrustung\\\/helm-mit-sicherheitsnetz-pride\\\/#breadcrumb\",\"itemListElement\":[{\"@type\":\"ListItem\",\"position\":1,\"name\":\"Home\",\"item\":\"https:\\\/\\\/prideshop.eu\\\/de\\\/\"},{\"@type\":\"ListItem\",\"position\":2,\"name\":\"Gesch\u00e4ft\",\"item\":\"https:\\\/\\\/prideshop.eu\\\/de\\\/geschaeft\\\/\"},{\"@type\":\"ListItem\",\"position\":3,\"name\":\"Kampfsport-Kopfschutz mit Gitter Pride \u2013 360Guard\"}]},{\"@type\":\"WebSite\",\"@id\":\"https:\\\/\\\/prideshop.eu\\\/de\\\/#website\",\"url\":\"https:\\\/\\\/prideshop.eu\\\/de\\\/\",\"name\":\"PRIDEshop\",\"description\":\"Oprema za Borilne \u0160porte\",\"publisher\":{\"@id\":\"https:\\\/\\\/prideshop.eu\\\/de\\\/#organization\"},\"potentialAction\":[{\"@type\":\"SearchAction\",\"target\":{\"@type\":\"EntryPoint\",\"urlTemplate\":\"https:\\\/\\\/prideshop.eu\\\/de\\\/?s={search_term_string}\"},\"query-input\":{\"@type\":\"PropertyValueSpecification\",\"valueRequired\":true,\"valueName\":\"search_term_string\"}}],\"inLanguage\":\"de\"},{\"@type\":\"Organization\",\"@id\":\"https:\\\/\\\/prideshop.eu\\\/de\\\/#organization\",\"name\":\"PRIDEshop\",\"url\":\"https:\\\/\\\/prideshop.eu\\\/de\\\/\",\"logo\":{\"@type\":\"ImageObject\",\"inLanguage\":\"de\",\"@id\":\"https:\\\/\\\/prideshop.eu\\\/de\\\/#\\\/schema\\\/logo\\\/image\\\/\",\"url\":\"\",\"contentUrl\":\"\",\"caption\":\"PRIDEshop\"},\"image\":{\"@id\":\"https:\\\/\\\/prideshop.eu\\\/de\\\/#\\\/schema\\\/logo\\\/image\\\/\"},\"sameAs\":[\"https:\\\/\\\/sl-si.facebook.com\\\/PrideShopeu\"]}]}<\/script>\n<!-- \/ Yoast SEO plugin. -->","yoast_head_json":{"title":"Kampfsport-Kopfschutz mit Gitter Pride \u2013 360Guard - PRIDEshop","description":"Helm mit Sicherheitsnetz, Pride. Es ist ein Helm mit vollst\u00e4ndigem Schutz f\u00fcr das Gesicht. Aus hochwertigem PU-Leder und mit abnehmbarem Metallnetz.","robots":{"index":"index","follow":"follow","max-snippet":"max-snippet:-1","max-image-preview":"max-image-preview:large","max-video-preview":"max-video-preview:-1"},"canonical":"https:\/\/prideshop.eu\/de\/shop\/sportarten\/mma-ultimate-fight-de\/mma-ultimate-fight-schutzausrustung\/helm-mit-sicherheitsnetz-pride\/","og_locale":"de_DE","og_type":"article","og_title":"Kampfsport-Kopfschutz mit Gitter Pride \u2013 360Guard - PRIDEshop","og_description":"Helm mit Sicherheitsnetz, Pride. Es ist ein Helm mit vollst\u00e4ndigem Schutz f\u00fcr das Gesicht. Aus hochwertigem PU-Leder und mit abnehmbarem Metallnetz.","og_url":"https:\/\/prideshop.eu\/de\/shop\/sportarten\/mma-ultimate-fight-de\/mma-ultimate-fight-schutzausrustung\/helm-mit-sicherheitsnetz-pride\/","og_site_name":"PRIDEshop","article_publisher":"https:\/\/sl-si.facebook.com\/PrideShopeu","article_modified_time":"2026-01-13T14:39:48+00:00","og_image":[{"width":600,"height":600,"url":"https:\/\/prideshop.eu\/wp-content\/uploads\/2020\/09\/5018_Pride_celada_z_zascitno_mrezo.jpeg","type":"image\/jpeg"}],"twitter_card":"summary_large_image","twitter_misc":{"Gesch\u00e4tzte Lesezeit":"1\u00a0Minute"},"schema":{"@context":"https:\/\/schema.org","@graph":[{"@type":"WebPage","@id":"https:\/\/prideshop.eu\/de\/shop\/sportarten\/mma-ultimate-fight-de\/mma-ultimate-fight-schutzausrustung\/helm-mit-sicherheitsnetz-pride\/","url":"https:\/\/prideshop.eu\/de\/shop\/sportarten\/mma-ultimate-fight-de\/mma-ultimate-fight-schutzausrustung\/helm-mit-sicherheitsnetz-pride\/","name":"Kampfsport-Kopfschutz mit Gitter Pride \u2013 360Guard - PRIDEshop","isPartOf":{"@id":"https:\/\/prideshop.eu\/de\/#website"},"primaryImageOfPage":{"@id":"https:\/\/prideshop.eu\/de\/shop\/sportarten\/mma-ultimate-fight-de\/mma-ultimate-fight-schutzausrustung\/helm-mit-sicherheitsnetz-pride\/#primaryimage"},"image":{"@id":"https:\/\/prideshop.eu\/de\/shop\/sportarten\/mma-ultimate-fight-de\/mma-ultimate-fight-schutzausrustung\/helm-mit-sicherheitsnetz-pride\/#primaryimage"},"thumbnailUrl":"https:\/\/prideshop.eu\/wp-content\/uploads\/2020\/09\/5018_Pride_celada_z_zascitno_mrezo.jpeg","datePublished":"2020-09-08T09:29:55+00:00","dateModified":"2026-01-13T14:39:48+00:00","description":"Helm mit Sicherheitsnetz, Pride. Es ist ein Helm mit vollst\u00e4ndigem Schutz f\u00fcr das Gesicht. Aus hochwertigem PU-Leder und mit abnehmbarem Metallnetz.","breadcrumb":{"@id":"https:\/\/prideshop.eu\/de\/shop\/sportarten\/mma-ultimate-fight-de\/mma-ultimate-fight-schutzausrustung\/helm-mit-sicherheitsnetz-pride\/#breadcrumb"},"inLanguage":"de","potentialAction":[{"@type":"ReadAction","target":["https:\/\/prideshop.eu\/de\/shop\/sportarten\/mma-ultimate-fight-de\/mma-ultimate-fight-schutzausrustung\/helm-mit-sicherheitsnetz-pride\/"]}]},{"@type":"ImageObject","inLanguage":"de","@id":"https:\/\/prideshop.eu\/de\/shop\/sportarten\/mma-ultimate-fight-de\/mma-ultimate-fight-schutzausrustung\/helm-mit-sicherheitsnetz-pride\/#primaryimage","url":"https:\/\/prideshop.eu\/wp-content\/uploads\/2020\/09\/5018_Pride_celada_z_zascitno_mrezo.jpeg","contentUrl":"https:\/\/prideshop.eu\/wp-content\/uploads\/2020\/09\/5018_Pride_celada_z_zascitno_mrezo.jpeg","width":600,"height":600},{"@type":"BreadcrumbList","@id":"https:\/\/prideshop.eu\/de\/shop\/sportarten\/mma-ultimate-fight-de\/mma-ultimate-fight-schutzausrustung\/helm-mit-sicherheitsnetz-pride\/#breadcrumb","itemListElement":[{"@type":"ListItem","position":1,"name":"Home","item":"https:\/\/prideshop.eu\/de\/"},{"@type":"ListItem","position":2,"name":"Gesch\u00e4ft","item":"https:\/\/prideshop.eu\/de\/geschaeft\/"},{"@type":"ListItem","position":3,"name":"Kampfsport-Kopfschutz mit Gitter Pride \u2013 360Guard"}]},{"@type":"WebSite","@id":"https:\/\/prideshop.eu\/de\/#website","url":"https:\/\/prideshop.eu\/de\/","name":"PRIDEshop","description":"Oprema za Borilne \u0160porte","publisher":{"@id":"https:\/\/prideshop.eu\/de\/#organization"},"potentialAction":[{"@type":"SearchAction","target":{"@type":"EntryPoint","urlTemplate":"https:\/\/prideshop.eu\/de\/?s={search_term_string}"},"query-input":{"@type":"PropertyValueSpecification","valueRequired":true,"valueName":"search_term_string"}}],"inLanguage":"de"},{"@type":"Organization","@id":"https:\/\/prideshop.eu\/de\/#organization","name":"PRIDEshop","url":"https:\/\/prideshop.eu\/de\/","logo":{"@type":"ImageObject","inLanguage":"de","@id":"https:\/\/prideshop.eu\/de\/#\/schema\/logo\/image\/","url":"","contentUrl":"","caption":"PRIDEshop"},"image":{"@id":"https:\/\/prideshop.eu\/de\/#\/schema\/logo\/image\/"},"sameAs":["https:\/\/sl-si.facebook.com\/PrideShopeu"]}]}},"_links":{"self":[{"href":"https:\/\/prideshop.eu\/de\/wp-json\/wp\/v2\/product\/16415","targetHints":{"allow":["GET"]}}],"collection":[{"href":"https:\/\/prideshop.eu\/de\/wp-json\/wp\/v2\/product"}],"about":[{"href":"https:\/\/prideshop.eu\/de\/wp-json\/wp\/v2\/types\/product"}],"replies":[{"embeddable":true,"href":"https:\/\/prideshop.eu\/de\/wp-json\/wp\/v2\/comments?post=16415"}],"wp:featuredmedia":[{"embeddable":true,"href":"https:\/\/prideshop.eu\/de\/wp-json\/wp\/v2\/media\/16420"}],"wp:attachment":[{"href":"https:\/\/prideshop.eu\/de\/wp-json\/wp\/v2\/media?parent=16415"}],"wp:term":[{"taxonomy":"product_brand","embeddable":true,"href":"https:\/\/prideshop.eu\/de\/wp-json\/wp\/v2\/product_brand?post=16415"},{"taxonomy":"product_cat","embeddable":true,"href":"https:\/\/prideshop.eu\/de\/wp-json\/wp\/v2\/product_cat?post=16415"},{"taxonomy":"product_tag","embeddable":true,"href":"https:\/\/prideshop.eu\/de\/wp-json\/wp\/v2\/product_tag?post=16415"}],"curies":[{"name":"wp","href":"https:\/\/api.w.org\/{rel}","templated":true}]}}