{"id":16509,"date":"2020-12-19T19:39:46","date_gmt":"2020-12-19T18:39:46","guid":{"rendered":"https:\/\/prideshop.eu\/spletna-trgovina\/unkategorisiert\/mini-schlusselanhanger-handschuh-mma-pride\/"},"modified":"2025-08-04T10:59:19","modified_gmt":"2025-08-04T08:59:19","slug":"mini-schlusselanhanger-handschuh-mma-pride","status":"publish","type":"product","link":"https:\/\/prideshop.eu\/de\/shop\/sportarten\/mma-ultimate-fight-de\/mma-ultimate-fight-zubehor\/mini-schlusselanhanger-handschuh-mma-pride\/","title":{"rendered":"Mini Schl\u00fcsselanh\u00e4nger Handschuh MMA | Pride"},"content":{"rendered":"<h3>Mini Schl\u00fcsselanh\u00e4nger Handschuh MMA | Pride<\/h3>\n<p>Mini Schl\u00fcsselanh\u00e4nger Handschuh MMA, Pride. Mini\u2013MMA\u2013Handschuh mit Anh\u00e4nger. Mini\u2013Kopie von MMA\u2013Kampfhandschuhe.<\/p>\n","protected":false},"excerpt":{"rendered":"<p>Mini Schl\u00fcsselanh\u00e4nger Handschuh MMA, Pride. Mini\u2013MMA\u2013Handschuh mit Anh\u00e4nger. Mini\u2013Kopie von MMA\u2013Kampfhandschuhe.<\/p>\n","protected":false},"featured_media":48535,"comment_status":"open","ping_status":"closed","template":"","meta":{"_acf_changed":false},"product_brand":[2086],"product_cat":[580,744,746,656,586,582],"product_tag":[],"class_list":{"0":"post-16509","1":"product","2":"type-product","3":"status-publish","4":"has-post-thumbnail","6":"product_brand-pride","7":"product_cat-equipment-de","8":"product_cat-mma-ultimate-fight-de","9":"product_cat-mma-ultimate-fight-zubehor","10":"product_cat-sportarten","11":"product_cat-werbeartikel","12":"product_cat-zusatzlische-angebote","14":"first","15":"instock","16":"taxable","17":"shipping-taxable","18":"purchasable","19":"product-type-simple"},"acf":[],"yoast_head":"<!-- This site is optimized with the Yoast SEO plugin v27.4 - https:\/\/yoast.com\/product\/yoast-seo-wordpress\/ -->\n<title>Mini Schl\u00fcsselanh\u00e4nger Handschuh MMA | Pride - PRIDEshop<\/title>\n<meta name=\"description\" content=\"Mini Schl\u00fcsselanh\u00e4nger Handschuh MMA, Pride. Mini-MMA-Handschuh mit Anh\u00e4nger. Mini-Kopie von MMA-Kampfhandschuhe.\" \/>\n<meta name=\"robots\" content=\"index, follow, max-snippet:-1, max-image-preview:large, max-video-preview:-1\" \/>\n<link rel=\"canonical\" href=\"https:\/\/prideshop.eu\/de\/shop\/sportarten\/mma-ultimate-fight-de\/mma-ultimate-fight-zubehor\/mini-schlusselanhanger-handschuh-mma-pride\/\" \/>\n<meta property=\"og:locale\" content=\"de_DE\" \/>\n<meta property=\"og:type\" content=\"article\" \/>\n<meta property=\"og:title\" content=\"Mini Schl\u00fcsselanh\u00e4nger Handschuh MMA | Pride - PRIDEshop\" \/>\n<meta property=\"og:description\" content=\"Mini Schl\u00fcsselanh\u00e4nger Handschuh MMA, Pride. Mini-MMA-Handschuh mit Anh\u00e4nger. Mini-Kopie von MMA-Kampfhandschuhe.\" \/>\n<meta property=\"og:url\" content=\"https:\/\/prideshop.eu\/de\/shop\/sportarten\/mma-ultimate-fight-de\/mma-ultimate-fight-zubehor\/mini-schlusselanhanger-handschuh-mma-pride\/\" \/>\n<meta property=\"og:site_name\" content=\"PRIDEshop\" \/>\n<meta property=\"article:publisher\" content=\"https:\/\/sl-si.facebook.com\/PrideShopeu\" \/>\n<meta property=\"article:modified_time\" content=\"2025-08-04T08:59:19+00:00\" \/>\n<meta property=\"og:image\" content=\"https:\/\/prideshop.eu\/wp-content\/uploads\/2020\/12\/obesek-za-kljuce-rokavica-mma-pride-9030-1.jpeg\" \/>\n\t<meta property=\"og:image:width\" content=\"600\" \/>\n\t<meta property=\"og:image:height\" content=\"600\" \/>\n\t<meta property=\"og:image:type\" content=\"image\/jpeg\" \/>\n<meta name=\"twitter:card\" content=\"summary_large_image\" \/>\n<script type=\"application\/ld+json\" class=\"yoast-schema-graph\">{\"@context\":\"https:\\\/\\\/schema.org\",\"@graph\":[{\"@type\":\"WebPage\",\"@id\":\"https:\\\/\\\/prideshop.eu\\\/de\\\/shop\\\/sportarten\\\/mma-ultimate-fight-de\\\/mma-ultimate-fight-zubehor\\\/mini-schlusselanhanger-handschuh-mma-pride\\\/\",\"url\":\"https:\\\/\\\/prideshop.eu\\\/de\\\/shop\\\/sportarten\\\/mma-ultimate-fight-de\\\/mma-ultimate-fight-zubehor\\\/mini-schlusselanhanger-handschuh-mma-pride\\\/\",\"name\":\"Mini Schl\u00fcsselanh\u00e4nger Handschuh MMA | Pride - PRIDEshop\",\"isPartOf\":{\"@id\":\"https:\\\/\\\/prideshop.eu\\\/de\\\/#website\"},\"primaryImageOfPage\":{\"@id\":\"https:\\\/\\\/prideshop.eu\\\/de\\\/shop\\\/sportarten\\\/mma-ultimate-fight-de\\\/mma-ultimate-fight-zubehor\\\/mini-schlusselanhanger-handschuh-mma-pride\\\/#primaryimage\"},\"image\":{\"@id\":\"https:\\\/\\\/prideshop.eu\\\/de\\\/shop\\\/sportarten\\\/mma-ultimate-fight-de\\\/mma-ultimate-fight-zubehor\\\/mini-schlusselanhanger-handschuh-mma-pride\\\/#primaryimage\"},\"thumbnailUrl\":\"https:\\\/\\\/prideshop.eu\\\/wp-content\\\/uploads\\\/2020\\\/12\\\/obesek-za-kljuce-rokavica-mma-pride-9030-1.jpeg\",\"datePublished\":\"2020-12-19T18:39:46+00:00\",\"dateModified\":\"2025-08-04T08:59:19+00:00\",\"description\":\"Mini Schl\u00fcsselanh\u00e4nger Handschuh MMA, Pride. Mini-MMA-Handschuh mit Anh\u00e4nger. Mini-Kopie von MMA-Kampfhandschuhe.\",\"breadcrumb\":{\"@id\":\"https:\\\/\\\/prideshop.eu\\\/de\\\/shop\\\/sportarten\\\/mma-ultimate-fight-de\\\/mma-ultimate-fight-zubehor\\\/mini-schlusselanhanger-handschuh-mma-pride\\\/#breadcrumb\"},\"inLanguage\":\"de\",\"potentialAction\":[{\"@type\":\"ReadAction\",\"target\":[\"https:\\\/\\\/prideshop.eu\\\/de\\\/shop\\\/sportarten\\\/mma-ultimate-fight-de\\\/mma-ultimate-fight-zubehor\\\/mini-schlusselanhanger-handschuh-mma-pride\\\/\"]}]},{\"@type\":\"ImageObject\",\"inLanguage\":\"de\",\"@id\":\"https:\\\/\\\/prideshop.eu\\\/de\\\/shop\\\/sportarten\\\/mma-ultimate-fight-de\\\/mma-ultimate-fight-zubehor\\\/mini-schlusselanhanger-handschuh-mma-pride\\\/#primaryimage\",\"url\":\"https:\\\/\\\/prideshop.eu\\\/wp-content\\\/uploads\\\/2020\\\/12\\\/obesek-za-kljuce-rokavica-mma-pride-9030-1.jpeg\",\"contentUrl\":\"https:\\\/\\\/prideshop.eu\\\/wp-content\\\/uploads\\\/2020\\\/12\\\/obesek-za-kljuce-rokavica-mma-pride-9030-1.jpeg\",\"width\":600,\"height\":600,\"caption\":\"Obesek za klju\u010de rokavica MMA, Pride. Obesek mini MMA rokavica. Mini kopija rokavic za borbe MMA.\"},{\"@type\":\"BreadcrumbList\",\"@id\":\"https:\\\/\\\/prideshop.eu\\\/de\\\/shop\\\/sportarten\\\/mma-ultimate-fight-de\\\/mma-ultimate-fight-zubehor\\\/mini-schlusselanhanger-handschuh-mma-pride\\\/#breadcrumb\",\"itemListElement\":[{\"@type\":\"ListItem\",\"position\":1,\"name\":\"Home\",\"item\":\"https:\\\/\\\/prideshop.eu\\\/de\\\/\"},{\"@type\":\"ListItem\",\"position\":2,\"name\":\"Gesch\u00e4ft\",\"item\":\"https:\\\/\\\/prideshop.eu\\\/de\\\/geschaeft\\\/\"},{\"@type\":\"ListItem\",\"position\":3,\"name\":\"Mini Schl\u00fcsselanh\u00e4nger Handschuh MMA | Pride\"}]},{\"@type\":\"WebSite\",\"@id\":\"https:\\\/\\\/prideshop.eu\\\/de\\\/#website\",\"url\":\"https:\\\/\\\/prideshop.eu\\\/de\\\/\",\"name\":\"PRIDEshop\",\"description\":\"Oprema za Borilne \u0160porte\",\"publisher\":{\"@id\":\"https:\\\/\\\/prideshop.eu\\\/de\\\/#organization\"},\"potentialAction\":[{\"@type\":\"SearchAction\",\"target\":{\"@type\":\"EntryPoint\",\"urlTemplate\":\"https:\\\/\\\/prideshop.eu\\\/de\\\/?s={search_term_string}\"},\"query-input\":{\"@type\":\"PropertyValueSpecification\",\"valueRequired\":true,\"valueName\":\"search_term_string\"}}],\"inLanguage\":\"de\"},{\"@type\":\"Organization\",\"@id\":\"https:\\\/\\\/prideshop.eu\\\/de\\\/#organization\",\"name\":\"PRIDEshop\",\"url\":\"https:\\\/\\\/prideshop.eu\\\/de\\\/\",\"logo\":{\"@type\":\"ImageObject\",\"inLanguage\":\"de\",\"@id\":\"https:\\\/\\\/prideshop.eu\\\/de\\\/#\\\/schema\\\/logo\\\/image\\\/\",\"url\":\"\",\"contentUrl\":\"\",\"caption\":\"PRIDEshop\"},\"image\":{\"@id\":\"https:\\\/\\\/prideshop.eu\\\/de\\\/#\\\/schema\\\/logo\\\/image\\\/\"},\"sameAs\":[\"https:\\\/\\\/sl-si.facebook.com\\\/PrideShopeu\"]}]}<\/script>\n<!-- \/ Yoast SEO plugin. -->","yoast_head_json":{"title":"Mini Schl\u00fcsselanh\u00e4nger Handschuh MMA | Pride - PRIDEshop","description":"Mini Schl\u00fcsselanh\u00e4nger Handschuh MMA, Pride. Mini-MMA-Handschuh mit Anh\u00e4nger. Mini-Kopie von MMA-Kampfhandschuhe.","robots":{"index":"index","follow":"follow","max-snippet":"max-snippet:-1","max-image-preview":"max-image-preview:large","max-video-preview":"max-video-preview:-1"},"canonical":"https:\/\/prideshop.eu\/de\/shop\/sportarten\/mma-ultimate-fight-de\/mma-ultimate-fight-zubehor\/mini-schlusselanhanger-handschuh-mma-pride\/","og_locale":"de_DE","og_type":"article","og_title":"Mini Schl\u00fcsselanh\u00e4nger Handschuh MMA | Pride - PRIDEshop","og_description":"Mini Schl\u00fcsselanh\u00e4nger Handschuh MMA, Pride. Mini-MMA-Handschuh mit Anh\u00e4nger. Mini-Kopie von MMA-Kampfhandschuhe.","og_url":"https:\/\/prideshop.eu\/de\/shop\/sportarten\/mma-ultimate-fight-de\/mma-ultimate-fight-zubehor\/mini-schlusselanhanger-handschuh-mma-pride\/","og_site_name":"PRIDEshop","article_publisher":"https:\/\/sl-si.facebook.com\/PrideShopeu","article_modified_time":"2025-08-04T08:59:19+00:00","og_image":[{"width":600,"height":600,"url":"https:\/\/prideshop.eu\/wp-content\/uploads\/2020\/12\/obesek-za-kljuce-rokavica-mma-pride-9030-1.jpeg","type":"image\/jpeg"}],"twitter_card":"summary_large_image","schema":{"@context":"https:\/\/schema.org","@graph":[{"@type":"WebPage","@id":"https:\/\/prideshop.eu\/de\/shop\/sportarten\/mma-ultimate-fight-de\/mma-ultimate-fight-zubehor\/mini-schlusselanhanger-handschuh-mma-pride\/","url":"https:\/\/prideshop.eu\/de\/shop\/sportarten\/mma-ultimate-fight-de\/mma-ultimate-fight-zubehor\/mini-schlusselanhanger-handschuh-mma-pride\/","name":"Mini Schl\u00fcsselanh\u00e4nger Handschuh MMA | Pride - PRIDEshop","isPartOf":{"@id":"https:\/\/prideshop.eu\/de\/#website"},"primaryImageOfPage":{"@id":"https:\/\/prideshop.eu\/de\/shop\/sportarten\/mma-ultimate-fight-de\/mma-ultimate-fight-zubehor\/mini-schlusselanhanger-handschuh-mma-pride\/#primaryimage"},"image":{"@id":"https:\/\/prideshop.eu\/de\/shop\/sportarten\/mma-ultimate-fight-de\/mma-ultimate-fight-zubehor\/mini-schlusselanhanger-handschuh-mma-pride\/#primaryimage"},"thumbnailUrl":"https:\/\/prideshop.eu\/wp-content\/uploads\/2020\/12\/obesek-za-kljuce-rokavica-mma-pride-9030-1.jpeg","datePublished":"2020-12-19T18:39:46+00:00","dateModified":"2025-08-04T08:59:19+00:00","description":"Mini Schl\u00fcsselanh\u00e4nger Handschuh MMA, Pride. Mini-MMA-Handschuh mit Anh\u00e4nger. Mini-Kopie von MMA-Kampfhandschuhe.","breadcrumb":{"@id":"https:\/\/prideshop.eu\/de\/shop\/sportarten\/mma-ultimate-fight-de\/mma-ultimate-fight-zubehor\/mini-schlusselanhanger-handschuh-mma-pride\/#breadcrumb"},"inLanguage":"de","potentialAction":[{"@type":"ReadAction","target":["https:\/\/prideshop.eu\/de\/shop\/sportarten\/mma-ultimate-fight-de\/mma-ultimate-fight-zubehor\/mini-schlusselanhanger-handschuh-mma-pride\/"]}]},{"@type":"ImageObject","inLanguage":"de","@id":"https:\/\/prideshop.eu\/de\/shop\/sportarten\/mma-ultimate-fight-de\/mma-ultimate-fight-zubehor\/mini-schlusselanhanger-handschuh-mma-pride\/#primaryimage","url":"https:\/\/prideshop.eu\/wp-content\/uploads\/2020\/12\/obesek-za-kljuce-rokavica-mma-pride-9030-1.jpeg","contentUrl":"https:\/\/prideshop.eu\/wp-content\/uploads\/2020\/12\/obesek-za-kljuce-rokavica-mma-pride-9030-1.jpeg","width":600,"height":600,"caption":"Obesek za klju\u010de rokavica MMA, Pride. Obesek mini MMA rokavica. Mini kopija rokavic za borbe MMA."},{"@type":"BreadcrumbList","@id":"https:\/\/prideshop.eu\/de\/shop\/sportarten\/mma-ultimate-fight-de\/mma-ultimate-fight-zubehor\/mini-schlusselanhanger-handschuh-mma-pride\/#breadcrumb","itemListElement":[{"@type":"ListItem","position":1,"name":"Home","item":"https:\/\/prideshop.eu\/de\/"},{"@type":"ListItem","position":2,"name":"Gesch\u00e4ft","item":"https:\/\/prideshop.eu\/de\/geschaeft\/"},{"@type":"ListItem","position":3,"name":"Mini Schl\u00fcsselanh\u00e4nger Handschuh MMA | Pride"}]},{"@type":"WebSite","@id":"https:\/\/prideshop.eu\/de\/#website","url":"https:\/\/prideshop.eu\/de\/","name":"PRIDEshop","description":"Oprema za Borilne \u0160porte","publisher":{"@id":"https:\/\/prideshop.eu\/de\/#organization"},"potentialAction":[{"@type":"SearchAction","target":{"@type":"EntryPoint","urlTemplate":"https:\/\/prideshop.eu\/de\/?s={search_term_string}"},"query-input":{"@type":"PropertyValueSpecification","valueRequired":true,"valueName":"search_term_string"}}],"inLanguage":"de"},{"@type":"Organization","@id":"https:\/\/prideshop.eu\/de\/#organization","name":"PRIDEshop","url":"https:\/\/prideshop.eu\/de\/","logo":{"@type":"ImageObject","inLanguage":"de","@id":"https:\/\/prideshop.eu\/de\/#\/schema\/logo\/image\/","url":"","contentUrl":"","caption":"PRIDEshop"},"image":{"@id":"https:\/\/prideshop.eu\/de\/#\/schema\/logo\/image\/"},"sameAs":["https:\/\/sl-si.facebook.com\/PrideShopeu"]}]}},"_links":{"self":[{"href":"https:\/\/prideshop.eu\/de\/wp-json\/wp\/v2\/product\/16509","targetHints":{"allow":["GET"]}}],"collection":[{"href":"https:\/\/prideshop.eu\/de\/wp-json\/wp\/v2\/product"}],"about":[{"href":"https:\/\/prideshop.eu\/de\/wp-json\/wp\/v2\/types\/product"}],"replies":[{"embeddable":true,"href":"https:\/\/prideshop.eu\/de\/wp-json\/wp\/v2\/comments?post=16509"}],"wp:featuredmedia":[{"embeddable":true,"href":"https:\/\/prideshop.eu\/de\/wp-json\/wp\/v2\/media\/48535"}],"wp:attachment":[{"href":"https:\/\/prideshop.eu\/de\/wp-json\/wp\/v2\/media?parent=16509"}],"wp:term":[{"taxonomy":"product_brand","embeddable":true,"href":"https:\/\/prideshop.eu\/de\/wp-json\/wp\/v2\/product_brand?post=16509"},{"taxonomy":"product_cat","embeddable":true,"href":"https:\/\/prideshop.eu\/de\/wp-json\/wp\/v2\/product_cat?post=16509"},{"taxonomy":"product_tag","embeddable":true,"href":"https:\/\/prideshop.eu\/de\/wp-json\/wp\/v2\/product_tag?post=16509"}],"curies":[{"name":"wp","href":"https:\/\/api.w.org\/{rel}","templated":true}]}}