{"id":16736,"date":"2020-11-10T11:29:41","date_gmt":"2020-11-10T10:29:41","guid":{"rendered":"https:\/\/prideshop.eu\/spletna-trgovina\/unkategorisiert\/taekwondo-t-shirt-adidas\/"},"modified":"2026-02-04T17:34:55","modified_gmt":"2026-02-04T16:34:55","slug":"taekwondo-t-shirt-adidas","status":"publish","type":"product","link":"https:\/\/prideshop.eu\/de\/shop\/sportarten\/itf-taekwondo-traditonelles-taekwondo\/taekwondo-itf-anzuge-dobok-und-kleidung\/taekwondo-t-shirt-adidas\/","title":{"rendered":"Taekwondo Lifestyle T-Shirt Adidas \u2013 DobokStyle15"},"content":{"rendered":"<p data-start=\"217\" data-end=\"530\">Das <strong data-start=\"221\" data-end=\"274\">Taekwondo Lifestyle T-Shirt Adidas \u2013 DobokStyle15<\/strong> ist die ideale Wahl f\u00fcr alle Taekwondo-Begeisterten, die Sport und Lifestyle miteinander verbinden m\u00f6chten. Das T-Shirt besteht aus <strong data-start=\"407\" data-end=\"439\">100 % hochwertiger Baumwolle<\/strong> und bietet ein angenehm weiches, atmungsaktives Tragegef\u00fchl \u2013 auch bei ganzt\u00e4gigem Tragen.<\/p>\n<p data-start=\"532\" data-end=\"809\">Dank des <strong data-start=\"541\" data-end=\"565\">klassischen Schnitts<\/strong> und des attraktiven <strong data-start=\"586\" data-end=\"629\">Adidas Designs mit Taekwondo-Schriftzug<\/strong> eignet sich das Shirt sowohl f\u00fcr das Training als auch f\u00fcr die Freizeit. Die hochwertige Verarbeitung sorgt daf\u00fcr, dass Form und Farbe auch nach h\u00e4ufigem Waschen erhalten bleiben.<\/p>\n<p data-start=\"811\" data-end=\"998\">Das T-Shirt ist in <strong data-start=\"830\" data-end=\"863\">Kinder- und Erwachsenengr\u00f6\u00dfen<\/strong> erh\u00e4ltlich und eignet sich hervorragend f\u00fcr Einzelpersonen, Sportvereine oder als Geschenk f\u00fcr Taekwondo-Sportler aller Altersgruppen.<\/p>\n<h3 data-start=\"1005\" data-end=\"1023\">Eigenschaften:<\/h3>\n<ul data-start=\"1024\" data-end=\"1203\">\n<li data-start=\"1024\" data-end=\"1045\">\n<p data-start=\"1026\" data-end=\"1045\"><strong data-start=\"1026\" data-end=\"1045\">100 % Baumwolle<\/strong><\/p>\n<\/li>\n<li data-start=\"1046\" data-end=\"1059\">\n<p data-start=\"1048\" data-end=\"1059\"><strong data-start=\"1048\" data-end=\"1059\">Kurzarm<\/strong><\/p>\n<\/li>\n<li data-start=\"1060\" data-end=\"1102\">\n<p data-start=\"1062\" data-end=\"1102\"><strong data-start=\"1062\" data-end=\"1102\">Bequemes und atmungsaktives Material<\/strong><\/p>\n<\/li>\n<li data-start=\"1103\" data-end=\"1154\">\n<p data-start=\"1105\" data-end=\"1154\"><strong data-start=\"1105\" data-end=\"1154\">Klassisches Adidas Design mit Taekwondo-Print<\/strong><\/p>\n<\/li>\n<li data-start=\"1155\" data-end=\"1203\">\n<p data-start=\"1157\" data-end=\"1203\"><strong data-start=\"1157\" data-end=\"1203\">Geeignet f\u00fcr Training, Freizeit und Alltag<\/strong><\/p>\n<\/li>\n<\/ul>\n<p>&nbsp;<\/p>\n","protected":false},"excerpt":{"rendered":"<ul>\n<li>Taekwondo Lifestyle T-Shirt Adidas \u2013 DobokStyle15<\/li>\n<li>100 % hochwertige Baumwolle<\/li>\n<li>Klassischer Schnitt mit kurzen \u00c4rmeln<\/li>\n<li>Atmungsaktiv und angenehm zu tragen<\/li>\n<li>Adidas Design mit Taekwondo-Schriftzug<\/li>\n<li>Geeignet f\u00fcr Training, Freizeit und Alltag<\/li>\n<\/ul>\n","protected":false},"featured_media":55440,"comment_status":"open","ping_status":"closed","template":"","meta":{"_acf_changed":false},"product_brand":[2084],"product_cat":[600,580,788,656,608,794,764,756],"product_tag":[],"class_list":{"0":"post-16736","1":"product","2":"type-product","3":"status-publish","4":"has-post-thumbnail","6":"product_brand-adidas","7":"product_cat-bekleidung-und-schuhe","8":"product_cat-equipment-de","9":"product_cat-itf-taekwondo-traditonelles-taekwondo","10":"product_cat-sportarten","11":"product_cat-t-shirt-de","12":"product_cat-taekwondo-itf-anzuge-dobok-und-kleidung","13":"product_cat-taekwondo-wt-anzuge-dobok-und-kleidung","14":"product_cat-taekwondo-wt-olypic-sports","16":"first","17":"instock","18":"taxable","19":"shipping-taxable","20":"purchasable","21":"product-type-variable"},"acf":[],"yoast_head":"<!-- This site is optimized with the Yoast SEO plugin v27.5 - https:\/\/yoast.com\/product\/yoast-seo-wordpress\/ -->\n<title>Taekwondo T-Shirt Adidas \u2013 DobokStyle15 | Lifestyle Shirt<\/title>\n<meta name=\"description\" content=\"Taekwondo Lifestyle T-Shirt Adidas DobokStyle15 aus 100 % Baumwolle. Bequem, atmungsaktiv und ideal f\u00fcr Training, Freizeit und Alltag.\" \/>\n<meta name=\"robots\" content=\"index, follow, max-snippet:-1, max-image-preview:large, max-video-preview:-1\" \/>\n<link rel=\"canonical\" href=\"https:\/\/prideshop.eu\/de\/shop\/sportarten\/itf-taekwondo-traditonelles-taekwondo\/taekwondo-itf-anzuge-dobok-und-kleidung\/taekwondo-t-shirt-adidas\/\" \/>\n<meta property=\"og:locale\" content=\"de_DE\" \/>\n<meta property=\"og:type\" content=\"article\" \/>\n<meta property=\"og:title\" content=\"Taekwondo T-Shirt Adidas \u2013 DobokStyle15 | Lifestyle Shirt\" \/>\n<meta property=\"og:description\" content=\"Taekwondo Lifestyle T-Shirt Adidas DobokStyle15 aus 100 % Baumwolle. Bequem, atmungsaktiv und ideal f\u00fcr Training, Freizeit und Alltag.\" \/>\n<meta property=\"og:url\" content=\"https:\/\/prideshop.eu\/de\/shop\/sportarten\/itf-taekwondo-traditonelles-taekwondo\/taekwondo-itf-anzuge-dobok-und-kleidung\/taekwondo-t-shirt-adidas\/\" \/>\n<meta property=\"og:site_name\" content=\"PRIDEshop\" \/>\n<meta property=\"article:publisher\" content=\"https:\/\/sl-si.facebook.com\/PrideShopeu\" \/>\n<meta property=\"article:modified_time\" content=\"2026-02-04T16:34:55+00:00\" \/>\n<meta property=\"og:image\" content=\"https:\/\/prideshop.eu\/wp-content\/uploads\/2020\/11\/taekwondo-lifestyle-majica-adidas-dobokstyle-att15b.jpeg\" \/>\n\t<meta property=\"og:image:width\" content=\"1000\" \/>\n\t<meta property=\"og:image:height\" content=\"1000\" \/>\n\t<meta property=\"og:image:type\" content=\"image\/jpeg\" \/>\n<meta name=\"twitter:card\" content=\"summary_large_image\" \/>\n<meta name=\"twitter:label1\" content=\"Gesch\u00e4tzte Lesezeit\" \/>\n\t<meta name=\"twitter:data1\" content=\"1\u00a0Minute\" \/>\n<script type=\"application\/ld+json\" class=\"yoast-schema-graph\">{\"@context\":\"https:\\\/\\\/schema.org\",\"@graph\":[{\"@type\":\"WebPage\",\"@id\":\"https:\\\/\\\/prideshop.eu\\\/de\\\/shop\\\/sportarten\\\/itf-taekwondo-traditonelles-taekwondo\\\/taekwondo-itf-anzuge-dobok-und-kleidung\\\/taekwondo-t-shirt-adidas\\\/\",\"url\":\"https:\\\/\\\/prideshop.eu\\\/de\\\/shop\\\/sportarten\\\/itf-taekwondo-traditonelles-taekwondo\\\/taekwondo-itf-anzuge-dobok-und-kleidung\\\/taekwondo-t-shirt-adidas\\\/\",\"name\":\"Taekwondo T-Shirt Adidas \u2013 DobokStyle15 | Lifestyle Shirt\",\"isPartOf\":{\"@id\":\"https:\\\/\\\/prideshop.eu\\\/de\\\/#website\"},\"primaryImageOfPage\":{\"@id\":\"https:\\\/\\\/prideshop.eu\\\/de\\\/shop\\\/sportarten\\\/itf-taekwondo-traditonelles-taekwondo\\\/taekwondo-itf-anzuge-dobok-und-kleidung\\\/taekwondo-t-shirt-adidas\\\/#primaryimage\"},\"image\":{\"@id\":\"https:\\\/\\\/prideshop.eu\\\/de\\\/shop\\\/sportarten\\\/itf-taekwondo-traditonelles-taekwondo\\\/taekwondo-itf-anzuge-dobok-und-kleidung\\\/taekwondo-t-shirt-adidas\\\/#primaryimage\"},\"thumbnailUrl\":\"https:\\\/\\\/prideshop.eu\\\/wp-content\\\/uploads\\\/2020\\\/11\\\/taekwondo-lifestyle-majica-adidas-dobokstyle-att15b.jpeg\",\"datePublished\":\"2020-11-10T10:29:41+00:00\",\"dateModified\":\"2026-02-04T16:34:55+00:00\",\"description\":\"Taekwondo Lifestyle T-Shirt Adidas DobokStyle15 aus 100 % Baumwolle. Bequem, atmungsaktiv und ideal f\u00fcr Training, Freizeit und Alltag.\",\"breadcrumb\":{\"@id\":\"https:\\\/\\\/prideshop.eu\\\/de\\\/shop\\\/sportarten\\\/itf-taekwondo-traditonelles-taekwondo\\\/taekwondo-itf-anzuge-dobok-und-kleidung\\\/taekwondo-t-shirt-adidas\\\/#breadcrumb\"},\"inLanguage\":\"de\",\"potentialAction\":[{\"@type\":\"ReadAction\",\"target\":[\"https:\\\/\\\/prideshop.eu\\\/de\\\/shop\\\/sportarten\\\/itf-taekwondo-traditonelles-taekwondo\\\/taekwondo-itf-anzuge-dobok-und-kleidung\\\/taekwondo-t-shirt-adidas\\\/\"]}]},{\"@type\":\"ImageObject\",\"inLanguage\":\"de\",\"@id\":\"https:\\\/\\\/prideshop.eu\\\/de\\\/shop\\\/sportarten\\\/itf-taekwondo-traditonelles-taekwondo\\\/taekwondo-itf-anzuge-dobok-und-kleidung\\\/taekwondo-t-shirt-adidas\\\/#primaryimage\",\"url\":\"https:\\\/\\\/prideshop.eu\\\/wp-content\\\/uploads\\\/2020\\\/11\\\/taekwondo-lifestyle-majica-adidas-dobokstyle-att15b.jpeg\",\"contentUrl\":\"https:\\\/\\\/prideshop.eu\\\/wp-content\\\/uploads\\\/2020\\\/11\\\/taekwondo-lifestyle-majica-adidas-dobokstyle-att15b.jpeg\",\"width\":1000,\"height\":1000,\"caption\":\"Taekwondo T-Shirt Adidas DobokStyle15 schwarz\"},{\"@type\":\"BreadcrumbList\",\"@id\":\"https:\\\/\\\/prideshop.eu\\\/de\\\/shop\\\/sportarten\\\/itf-taekwondo-traditonelles-taekwondo\\\/taekwondo-itf-anzuge-dobok-und-kleidung\\\/taekwondo-t-shirt-adidas\\\/#breadcrumb\",\"itemListElement\":[{\"@type\":\"ListItem\",\"position\":1,\"name\":\"Home\",\"item\":\"https:\\\/\\\/prideshop.eu\\\/de\\\/\"},{\"@type\":\"ListItem\",\"position\":2,\"name\":\"Gesch\u00e4ft\",\"item\":\"https:\\\/\\\/prideshop.eu\\\/de\\\/geschaeft\\\/\"},{\"@type\":\"ListItem\",\"position\":3,\"name\":\"Taekwondo Lifestyle T-Shirt Adidas \u2013 DobokStyle15\"}]},{\"@type\":\"WebSite\",\"@id\":\"https:\\\/\\\/prideshop.eu\\\/de\\\/#website\",\"url\":\"https:\\\/\\\/prideshop.eu\\\/de\\\/\",\"name\":\"PRIDEshop\",\"description\":\"Oprema za Borilne \u0160porte\",\"publisher\":{\"@id\":\"https:\\\/\\\/prideshop.eu\\\/de\\\/#organization\"},\"potentialAction\":[{\"@type\":\"SearchAction\",\"target\":{\"@type\":\"EntryPoint\",\"urlTemplate\":\"https:\\\/\\\/prideshop.eu\\\/de\\\/?s={search_term_string}\"},\"query-input\":{\"@type\":\"PropertyValueSpecification\",\"valueRequired\":true,\"valueName\":\"search_term_string\"}}],\"inLanguage\":\"de\"},{\"@type\":\"Organization\",\"@id\":\"https:\\\/\\\/prideshop.eu\\\/de\\\/#organization\",\"name\":\"PRIDEshop\",\"url\":\"https:\\\/\\\/prideshop.eu\\\/de\\\/\",\"logo\":{\"@type\":\"ImageObject\",\"inLanguage\":\"de\",\"@id\":\"https:\\\/\\\/prideshop.eu\\\/de\\\/#\\\/schema\\\/logo\\\/image\\\/\",\"url\":\"\",\"contentUrl\":\"\",\"caption\":\"PRIDEshop\"},\"image\":{\"@id\":\"https:\\\/\\\/prideshop.eu\\\/de\\\/#\\\/schema\\\/logo\\\/image\\\/\"},\"sameAs\":[\"https:\\\/\\\/sl-si.facebook.com\\\/PrideShopeu\"]}]}<\/script>\n<!-- \/ Yoast SEO plugin. -->","yoast_head_json":{"title":"Taekwondo T-Shirt Adidas \u2013 DobokStyle15 | Lifestyle Shirt","description":"Taekwondo Lifestyle T-Shirt Adidas DobokStyle15 aus 100 % Baumwolle. Bequem, atmungsaktiv und ideal f\u00fcr Training, Freizeit und Alltag.","robots":{"index":"index","follow":"follow","max-snippet":"max-snippet:-1","max-image-preview":"max-image-preview:large","max-video-preview":"max-video-preview:-1"},"canonical":"https:\/\/prideshop.eu\/de\/shop\/sportarten\/itf-taekwondo-traditonelles-taekwondo\/taekwondo-itf-anzuge-dobok-und-kleidung\/taekwondo-t-shirt-adidas\/","og_locale":"de_DE","og_type":"article","og_title":"Taekwondo T-Shirt Adidas \u2013 DobokStyle15 | Lifestyle Shirt","og_description":"Taekwondo Lifestyle T-Shirt Adidas DobokStyle15 aus 100 % Baumwolle. Bequem, atmungsaktiv und ideal f\u00fcr Training, Freizeit und Alltag.","og_url":"https:\/\/prideshop.eu\/de\/shop\/sportarten\/itf-taekwondo-traditonelles-taekwondo\/taekwondo-itf-anzuge-dobok-und-kleidung\/taekwondo-t-shirt-adidas\/","og_site_name":"PRIDEshop","article_publisher":"https:\/\/sl-si.facebook.com\/PrideShopeu","article_modified_time":"2026-02-04T16:34:55+00:00","og_image":[{"width":1000,"height":1000,"url":"https:\/\/prideshop.eu\/wp-content\/uploads\/2020\/11\/taekwondo-lifestyle-majica-adidas-dobokstyle-att15b.jpeg","type":"image\/jpeg"}],"twitter_card":"summary_large_image","twitter_misc":{"Gesch\u00e4tzte Lesezeit":"1\u00a0Minute"},"schema":{"@context":"https:\/\/schema.org","@graph":[{"@type":"WebPage","@id":"https:\/\/prideshop.eu\/de\/shop\/sportarten\/itf-taekwondo-traditonelles-taekwondo\/taekwondo-itf-anzuge-dobok-und-kleidung\/taekwondo-t-shirt-adidas\/","url":"https:\/\/prideshop.eu\/de\/shop\/sportarten\/itf-taekwondo-traditonelles-taekwondo\/taekwondo-itf-anzuge-dobok-und-kleidung\/taekwondo-t-shirt-adidas\/","name":"Taekwondo T-Shirt Adidas \u2013 DobokStyle15 | Lifestyle Shirt","isPartOf":{"@id":"https:\/\/prideshop.eu\/de\/#website"},"primaryImageOfPage":{"@id":"https:\/\/prideshop.eu\/de\/shop\/sportarten\/itf-taekwondo-traditonelles-taekwondo\/taekwondo-itf-anzuge-dobok-und-kleidung\/taekwondo-t-shirt-adidas\/#primaryimage"},"image":{"@id":"https:\/\/prideshop.eu\/de\/shop\/sportarten\/itf-taekwondo-traditonelles-taekwondo\/taekwondo-itf-anzuge-dobok-und-kleidung\/taekwondo-t-shirt-adidas\/#primaryimage"},"thumbnailUrl":"https:\/\/prideshop.eu\/wp-content\/uploads\/2020\/11\/taekwondo-lifestyle-majica-adidas-dobokstyle-att15b.jpeg","datePublished":"2020-11-10T10:29:41+00:00","dateModified":"2026-02-04T16:34:55+00:00","description":"Taekwondo Lifestyle T-Shirt Adidas DobokStyle15 aus 100 % Baumwolle. Bequem, atmungsaktiv und ideal f\u00fcr Training, Freizeit und Alltag.","breadcrumb":{"@id":"https:\/\/prideshop.eu\/de\/shop\/sportarten\/itf-taekwondo-traditonelles-taekwondo\/taekwondo-itf-anzuge-dobok-und-kleidung\/taekwondo-t-shirt-adidas\/#breadcrumb"},"inLanguage":"de","potentialAction":[{"@type":"ReadAction","target":["https:\/\/prideshop.eu\/de\/shop\/sportarten\/itf-taekwondo-traditonelles-taekwondo\/taekwondo-itf-anzuge-dobok-und-kleidung\/taekwondo-t-shirt-adidas\/"]}]},{"@type":"ImageObject","inLanguage":"de","@id":"https:\/\/prideshop.eu\/de\/shop\/sportarten\/itf-taekwondo-traditonelles-taekwondo\/taekwondo-itf-anzuge-dobok-und-kleidung\/taekwondo-t-shirt-adidas\/#primaryimage","url":"https:\/\/prideshop.eu\/wp-content\/uploads\/2020\/11\/taekwondo-lifestyle-majica-adidas-dobokstyle-att15b.jpeg","contentUrl":"https:\/\/prideshop.eu\/wp-content\/uploads\/2020\/11\/taekwondo-lifestyle-majica-adidas-dobokstyle-att15b.jpeg","width":1000,"height":1000,"caption":"Taekwondo T-Shirt Adidas DobokStyle15 schwarz"},{"@type":"BreadcrumbList","@id":"https:\/\/prideshop.eu\/de\/shop\/sportarten\/itf-taekwondo-traditonelles-taekwondo\/taekwondo-itf-anzuge-dobok-und-kleidung\/taekwondo-t-shirt-adidas\/#breadcrumb","itemListElement":[{"@type":"ListItem","position":1,"name":"Home","item":"https:\/\/prideshop.eu\/de\/"},{"@type":"ListItem","position":2,"name":"Gesch\u00e4ft","item":"https:\/\/prideshop.eu\/de\/geschaeft\/"},{"@type":"ListItem","position":3,"name":"Taekwondo Lifestyle T-Shirt Adidas \u2013 DobokStyle15"}]},{"@type":"WebSite","@id":"https:\/\/prideshop.eu\/de\/#website","url":"https:\/\/prideshop.eu\/de\/","name":"PRIDEshop","description":"Oprema za Borilne \u0160porte","publisher":{"@id":"https:\/\/prideshop.eu\/de\/#organization"},"potentialAction":[{"@type":"SearchAction","target":{"@type":"EntryPoint","urlTemplate":"https:\/\/prideshop.eu\/de\/?s={search_term_string}"},"query-input":{"@type":"PropertyValueSpecification","valueRequired":true,"valueName":"search_term_string"}}],"inLanguage":"de"},{"@type":"Organization","@id":"https:\/\/prideshop.eu\/de\/#organization","name":"PRIDEshop","url":"https:\/\/prideshop.eu\/de\/","logo":{"@type":"ImageObject","inLanguage":"de","@id":"https:\/\/prideshop.eu\/de\/#\/schema\/logo\/image\/","url":"","contentUrl":"","caption":"PRIDEshop"},"image":{"@id":"https:\/\/prideshop.eu\/de\/#\/schema\/logo\/image\/"},"sameAs":["https:\/\/sl-si.facebook.com\/PrideShopeu"]}]}},"_links":{"self":[{"href":"https:\/\/prideshop.eu\/de\/wp-json\/wp\/v2\/product\/16736","targetHints":{"allow":["GET"]}}],"collection":[{"href":"https:\/\/prideshop.eu\/de\/wp-json\/wp\/v2\/product"}],"about":[{"href":"https:\/\/prideshop.eu\/de\/wp-json\/wp\/v2\/types\/product"}],"replies":[{"embeddable":true,"href":"https:\/\/prideshop.eu\/de\/wp-json\/wp\/v2\/comments?post=16736"}],"wp:featuredmedia":[{"embeddable":true,"href":"https:\/\/prideshop.eu\/de\/wp-json\/wp\/v2\/media\/55440"}],"wp:attachment":[{"href":"https:\/\/prideshop.eu\/de\/wp-json\/wp\/v2\/media?parent=16736"}],"wp:term":[{"taxonomy":"product_brand","embeddable":true,"href":"https:\/\/prideshop.eu\/de\/wp-json\/wp\/v2\/product_brand?post=16736"},{"taxonomy":"product_cat","embeddable":true,"href":"https:\/\/prideshop.eu\/de\/wp-json\/wp\/v2\/product_cat?post=16736"},{"taxonomy":"product_tag","embeddable":true,"href":"https:\/\/prideshop.eu\/de\/wp-json\/wp\/v2\/product_tag?post=16736"}],"curies":[{"name":"wp","href":"https:\/\/api.w.org\/{rel}","templated":true}]}}