{"id":19506,"date":"2021-09-06T15:21:28","date_gmt":"2021-09-06T13:21:28","guid":{"rendered":"https:\/\/prideshop.eu\/spletna-trgovina\/unkategorisiert\/karate-t-shirt-adidas-2\/"},"modified":"2026-01-27T09:17:43","modified_gmt":"2026-01-27T08:17:43","slug":"karate-t-shirt-adidas-2","status":"publish","type":"product","link":"https:\/\/prideshop.eu\/de\/shop\/sportarten\/karate-ausruestung\/karate-bekleidung-zubehoer\/karate-t-shirt-adidas-2\/","title":{"rendered":"Karate Lifestyle T-Shirt Adidas \u2013 GiStyle 15"},"content":{"rendered":"<p data-start=\"773\" data-end=\"1085\">Das <strong data-start=\"777\" data-end=\"825\">Karate Lifestyle T-Shirt Adidas \u2013 GiStyle 15<\/strong> ist die perfekte Wahl f\u00fcr alle Karate-Begeisterten, die Wert auf Komfort, Qualit\u00e4t und einen sportlichen Look legen. Das T-Shirt besteht aus <strong data-start=\"967\" data-end=\"986\">100 % Baumwolle<\/strong>, was f\u00fcr ein angenehmes Tragegef\u00fchl, gute Atmungsaktivit\u00e4t und hohen Tragekomfort im Alltag sorgt.<\/p>\n<p data-start=\"1087\" data-end=\"1348\">Mit seinem klassischen Schnitt und dem minimalistischen Adidas Karate-Design eignet sich das T-Shirt ideal f\u00fcr die Freizeit, leichte Trainingseinheiten oder den sportlichen Alltag. Das hochwertige Material beh\u00e4lt auch nach h\u00e4ufigem Waschen seine Form und Farbe.<\/p>\n<p data-start=\"1350\" data-end=\"1511\">Das T-Shirt ist in <strong data-start=\"1369\" data-end=\"1402\">Kinder- und Erwachsenengr\u00f6\u00dfen<\/strong> erh\u00e4ltlich und eignet sich sowohl f\u00fcr Einzelpersonen als auch f\u00fcr Vereine oder als Geschenk f\u00fcr Karate-Fans.<\/p>\n","protected":false},"excerpt":{"rendered":"<ul>\n<li>Karate Lifestyle T-Shirt Adidas \u2013 Modell GiStyle 15<\/li>\n<li>Hergestellt aus 100 % hochwertiger Baumwolle<\/li>\n<li>Bequem, atmungsaktiv und angenehm zu tragen<\/li>\n<li>Sportliches Adidas Design im Karate-Lifestyle-Stil<\/li>\n<li>Erh\u00e4ltlich in Kinder- und Erwachsenengr\u00f6\u00dfen<\/li>\n<\/ul>\n","protected":false},"featured_media":54987,"comment_status":"open","ping_status":"closed","template":"","meta":{"_acf_changed":false},"product_brand":[2084],"product_cat":[600,580,710,1906,656,608],"product_tag":[],"class_list":{"0":"post-19506","1":"product","2":"type-product","3":"status-publish","4":"has-post-thumbnail","6":"product_brand-adidas","7":"product_cat-bekleidung-und-schuhe","8":"product_cat-equipment-de","9":"product_cat-karate-ausruestung","10":"product_cat-karate-bekleidung-zubehoer","11":"product_cat-sportarten","12":"product_cat-t-shirt-de","14":"first","15":"instock","16":"taxable","17":"shipping-taxable","18":"purchasable","19":"product-type-variable"},"acf":[],"yoast_head":"<!-- This site is optimized with the Yoast SEO plugin v27.5 - https:\/\/yoast.com\/product\/yoast-seo-wordpress\/ -->\n<title>Karate Lifestyle T-Shirt Adidas \u2013 GiStyle 15 | 100 % Baumwolle<\/title>\n<meta name=\"description\" content=\"Karate T-Shirt, Adidas. Das T-Shirt ist aus 100% Baumwolle, Top-Qualit\u00e4t, erh\u00e4ltlich in Kinder- und Erwachsenengr\u00f6\u00dfen.\" \/>\n<meta name=\"robots\" content=\"index, follow, max-snippet:-1, max-image-preview:large, max-video-preview:-1\" \/>\n<link rel=\"canonical\" href=\"https:\/\/prideshop.eu\/de\/shop\/sportarten\/karate-ausruestung\/karate-bekleidung-zubehoer\/karate-t-shirt-adidas-2\/\" \/>\n<meta property=\"og:locale\" content=\"de_DE\" \/>\n<meta property=\"og:type\" content=\"article\" \/>\n<meta property=\"og:title\" content=\"Karate Lifestyle T-Shirt Adidas \u2013 GiStyle 15 | 100 % Baumwolle\" \/>\n<meta property=\"og:description\" content=\"Karate T-Shirt, Adidas. Das T-Shirt ist aus 100% Baumwolle, Top-Qualit\u00e4t, erh\u00e4ltlich in Kinder- und Erwachsenengr\u00f6\u00dfen.\" \/>\n<meta property=\"og:url\" content=\"https:\/\/prideshop.eu\/de\/shop\/sportarten\/karate-ausruestung\/karate-bekleidung-zubehoer\/karate-t-shirt-adidas-2\/\" \/>\n<meta property=\"og:site_name\" content=\"PRIDEshop\" \/>\n<meta property=\"article:publisher\" content=\"https:\/\/sl-si.facebook.com\/PrideShopeu\" \/>\n<meta property=\"article:modified_time\" content=\"2026-01-27T08:17:43+00:00\" \/>\n<meta property=\"og:image\" content=\"https:\/\/prideshop.eu\/wp-content\/uploads\/2021\/09\/karate-lifestyle-majica-adidas-gittyle-atk15b.jpeg\" \/>\n\t<meta property=\"og:image:width\" content=\"1000\" \/>\n\t<meta property=\"og:image:height\" content=\"1000\" \/>\n\t<meta property=\"og:image:type\" content=\"image\/jpeg\" \/>\n<meta name=\"twitter:card\" content=\"summary_large_image\" \/>\n<meta name=\"twitter:label1\" content=\"Gesch\u00e4tzte Lesezeit\" \/>\n\t<meta name=\"twitter:data1\" content=\"1\u00a0Minute\" \/>\n<script type=\"application\/ld+json\" class=\"yoast-schema-graph\">{\"@context\":\"https:\\\/\\\/schema.org\",\"@graph\":[{\"@type\":\"WebPage\",\"@id\":\"https:\\\/\\\/prideshop.eu\\\/de\\\/shop\\\/sportarten\\\/karate-ausruestung\\\/karate-bekleidung-zubehoer\\\/karate-t-shirt-adidas-2\\\/\",\"url\":\"https:\\\/\\\/prideshop.eu\\\/de\\\/shop\\\/sportarten\\\/karate-ausruestung\\\/karate-bekleidung-zubehoer\\\/karate-t-shirt-adidas-2\\\/\",\"name\":\"Karate Lifestyle T-Shirt Adidas \u2013 GiStyle 15 | 100 % Baumwolle\",\"isPartOf\":{\"@id\":\"https:\\\/\\\/prideshop.eu\\\/de\\\/#website\"},\"primaryImageOfPage\":{\"@id\":\"https:\\\/\\\/prideshop.eu\\\/de\\\/shop\\\/sportarten\\\/karate-ausruestung\\\/karate-bekleidung-zubehoer\\\/karate-t-shirt-adidas-2\\\/#primaryimage\"},\"image\":{\"@id\":\"https:\\\/\\\/prideshop.eu\\\/de\\\/shop\\\/sportarten\\\/karate-ausruestung\\\/karate-bekleidung-zubehoer\\\/karate-t-shirt-adidas-2\\\/#primaryimage\"},\"thumbnailUrl\":\"https:\\\/\\\/prideshop.eu\\\/wp-content\\\/uploads\\\/2021\\\/09\\\/karate-lifestyle-majica-adidas-gittyle-atk15b.jpeg\",\"datePublished\":\"2021-09-06T13:21:28+00:00\",\"dateModified\":\"2026-01-27T08:17:43+00:00\",\"description\":\"Karate T-Shirt, Adidas. Das T-Shirt ist aus 100% Baumwolle, Top-Qualit\u00e4t, erh\u00e4ltlich in Kinder- und Erwachsenengr\u00f6\u00dfen.\",\"breadcrumb\":{\"@id\":\"https:\\\/\\\/prideshop.eu\\\/de\\\/shop\\\/sportarten\\\/karate-ausruestung\\\/karate-bekleidung-zubehoer\\\/karate-t-shirt-adidas-2\\\/#breadcrumb\"},\"inLanguage\":\"de\",\"potentialAction\":[{\"@type\":\"ReadAction\",\"target\":[\"https:\\\/\\\/prideshop.eu\\\/de\\\/shop\\\/sportarten\\\/karate-ausruestung\\\/karate-bekleidung-zubehoer\\\/karate-t-shirt-adidas-2\\\/\"]}]},{\"@type\":\"ImageObject\",\"inLanguage\":\"de\",\"@id\":\"https:\\\/\\\/prideshop.eu\\\/de\\\/shop\\\/sportarten\\\/karate-ausruestung\\\/karate-bekleidung-zubehoer\\\/karate-t-shirt-adidas-2\\\/#primaryimage\",\"url\":\"https:\\\/\\\/prideshop.eu\\\/wp-content\\\/uploads\\\/2021\\\/09\\\/karate-lifestyle-majica-adidas-gittyle-atk15b.jpeg\",\"contentUrl\":\"https:\\\/\\\/prideshop.eu\\\/wp-content\\\/uploads\\\/2021\\\/09\\\/karate-lifestyle-majica-adidas-gittyle-atk15b.jpeg\",\"width\":1000,\"height\":1000,\"caption\":\"Karate lifestyle majica Adidas GiStyle 15 s kratkimi rokavi\"},{\"@type\":\"BreadcrumbList\",\"@id\":\"https:\\\/\\\/prideshop.eu\\\/de\\\/shop\\\/sportarten\\\/karate-ausruestung\\\/karate-bekleidung-zubehoer\\\/karate-t-shirt-adidas-2\\\/#breadcrumb\",\"itemListElement\":[{\"@type\":\"ListItem\",\"position\":1,\"name\":\"Home\",\"item\":\"https:\\\/\\\/prideshop.eu\\\/de\\\/\"},{\"@type\":\"ListItem\",\"position\":2,\"name\":\"Gesch\u00e4ft\",\"item\":\"https:\\\/\\\/prideshop.eu\\\/de\\\/geschaeft\\\/\"},{\"@type\":\"ListItem\",\"position\":3,\"name\":\"Karate Lifestyle T-Shirt Adidas \u2013 GiStyle 15\"}]},{\"@type\":\"WebSite\",\"@id\":\"https:\\\/\\\/prideshop.eu\\\/de\\\/#website\",\"url\":\"https:\\\/\\\/prideshop.eu\\\/de\\\/\",\"name\":\"PRIDEshop\",\"description\":\"Oprema za Borilne \u0160porte\",\"publisher\":{\"@id\":\"https:\\\/\\\/prideshop.eu\\\/de\\\/#organization\"},\"potentialAction\":[{\"@type\":\"SearchAction\",\"target\":{\"@type\":\"EntryPoint\",\"urlTemplate\":\"https:\\\/\\\/prideshop.eu\\\/de\\\/?s={search_term_string}\"},\"query-input\":{\"@type\":\"PropertyValueSpecification\",\"valueRequired\":true,\"valueName\":\"search_term_string\"}}],\"inLanguage\":\"de\"},{\"@type\":\"Organization\",\"@id\":\"https:\\\/\\\/prideshop.eu\\\/de\\\/#organization\",\"name\":\"PRIDEshop\",\"url\":\"https:\\\/\\\/prideshop.eu\\\/de\\\/\",\"logo\":{\"@type\":\"ImageObject\",\"inLanguage\":\"de\",\"@id\":\"https:\\\/\\\/prideshop.eu\\\/de\\\/#\\\/schema\\\/logo\\\/image\\\/\",\"url\":\"\",\"contentUrl\":\"\",\"caption\":\"PRIDEshop\"},\"image\":{\"@id\":\"https:\\\/\\\/prideshop.eu\\\/de\\\/#\\\/schema\\\/logo\\\/image\\\/\"},\"sameAs\":[\"https:\\\/\\\/sl-si.facebook.com\\\/PrideShopeu\"]}]}<\/script>\n<!-- \/ Yoast SEO plugin. -->","yoast_head_json":{"title":"Karate Lifestyle T-Shirt Adidas \u2013 GiStyle 15 | 100 % Baumwolle","description":"Karate T-Shirt, Adidas. Das T-Shirt ist aus 100% Baumwolle, Top-Qualit\u00e4t, erh\u00e4ltlich in Kinder- und Erwachsenengr\u00f6\u00dfen.","robots":{"index":"index","follow":"follow","max-snippet":"max-snippet:-1","max-image-preview":"max-image-preview:large","max-video-preview":"max-video-preview:-1"},"canonical":"https:\/\/prideshop.eu\/de\/shop\/sportarten\/karate-ausruestung\/karate-bekleidung-zubehoer\/karate-t-shirt-adidas-2\/","og_locale":"de_DE","og_type":"article","og_title":"Karate Lifestyle T-Shirt Adidas \u2013 GiStyle 15 | 100 % Baumwolle","og_description":"Karate T-Shirt, Adidas. Das T-Shirt ist aus 100% Baumwolle, Top-Qualit\u00e4t, erh\u00e4ltlich in Kinder- und Erwachsenengr\u00f6\u00dfen.","og_url":"https:\/\/prideshop.eu\/de\/shop\/sportarten\/karate-ausruestung\/karate-bekleidung-zubehoer\/karate-t-shirt-adidas-2\/","og_site_name":"PRIDEshop","article_publisher":"https:\/\/sl-si.facebook.com\/PrideShopeu","article_modified_time":"2026-01-27T08:17:43+00:00","og_image":[{"width":1000,"height":1000,"url":"https:\/\/prideshop.eu\/wp-content\/uploads\/2021\/09\/karate-lifestyle-majica-adidas-gittyle-atk15b.jpeg","type":"image\/jpeg"}],"twitter_card":"summary_large_image","twitter_misc":{"Gesch\u00e4tzte Lesezeit":"1\u00a0Minute"},"schema":{"@context":"https:\/\/schema.org","@graph":[{"@type":"WebPage","@id":"https:\/\/prideshop.eu\/de\/shop\/sportarten\/karate-ausruestung\/karate-bekleidung-zubehoer\/karate-t-shirt-adidas-2\/","url":"https:\/\/prideshop.eu\/de\/shop\/sportarten\/karate-ausruestung\/karate-bekleidung-zubehoer\/karate-t-shirt-adidas-2\/","name":"Karate Lifestyle T-Shirt Adidas \u2013 GiStyle 15 | 100 % Baumwolle","isPartOf":{"@id":"https:\/\/prideshop.eu\/de\/#website"},"primaryImageOfPage":{"@id":"https:\/\/prideshop.eu\/de\/shop\/sportarten\/karate-ausruestung\/karate-bekleidung-zubehoer\/karate-t-shirt-adidas-2\/#primaryimage"},"image":{"@id":"https:\/\/prideshop.eu\/de\/shop\/sportarten\/karate-ausruestung\/karate-bekleidung-zubehoer\/karate-t-shirt-adidas-2\/#primaryimage"},"thumbnailUrl":"https:\/\/prideshop.eu\/wp-content\/uploads\/2021\/09\/karate-lifestyle-majica-adidas-gittyle-atk15b.jpeg","datePublished":"2021-09-06T13:21:28+00:00","dateModified":"2026-01-27T08:17:43+00:00","description":"Karate T-Shirt, Adidas. Das T-Shirt ist aus 100% Baumwolle, Top-Qualit\u00e4t, erh\u00e4ltlich in Kinder- und Erwachsenengr\u00f6\u00dfen.","breadcrumb":{"@id":"https:\/\/prideshop.eu\/de\/shop\/sportarten\/karate-ausruestung\/karate-bekleidung-zubehoer\/karate-t-shirt-adidas-2\/#breadcrumb"},"inLanguage":"de","potentialAction":[{"@type":"ReadAction","target":["https:\/\/prideshop.eu\/de\/shop\/sportarten\/karate-ausruestung\/karate-bekleidung-zubehoer\/karate-t-shirt-adidas-2\/"]}]},{"@type":"ImageObject","inLanguage":"de","@id":"https:\/\/prideshop.eu\/de\/shop\/sportarten\/karate-ausruestung\/karate-bekleidung-zubehoer\/karate-t-shirt-adidas-2\/#primaryimage","url":"https:\/\/prideshop.eu\/wp-content\/uploads\/2021\/09\/karate-lifestyle-majica-adidas-gittyle-atk15b.jpeg","contentUrl":"https:\/\/prideshop.eu\/wp-content\/uploads\/2021\/09\/karate-lifestyle-majica-adidas-gittyle-atk15b.jpeg","width":1000,"height":1000,"caption":"Karate lifestyle majica Adidas GiStyle 15 s kratkimi rokavi"},{"@type":"BreadcrumbList","@id":"https:\/\/prideshop.eu\/de\/shop\/sportarten\/karate-ausruestung\/karate-bekleidung-zubehoer\/karate-t-shirt-adidas-2\/#breadcrumb","itemListElement":[{"@type":"ListItem","position":1,"name":"Home","item":"https:\/\/prideshop.eu\/de\/"},{"@type":"ListItem","position":2,"name":"Gesch\u00e4ft","item":"https:\/\/prideshop.eu\/de\/geschaeft\/"},{"@type":"ListItem","position":3,"name":"Karate Lifestyle T-Shirt Adidas \u2013 GiStyle 15"}]},{"@type":"WebSite","@id":"https:\/\/prideshop.eu\/de\/#website","url":"https:\/\/prideshop.eu\/de\/","name":"PRIDEshop","description":"Oprema za Borilne \u0160porte","publisher":{"@id":"https:\/\/prideshop.eu\/de\/#organization"},"potentialAction":[{"@type":"SearchAction","target":{"@type":"EntryPoint","urlTemplate":"https:\/\/prideshop.eu\/de\/?s={search_term_string}"},"query-input":{"@type":"PropertyValueSpecification","valueRequired":true,"valueName":"search_term_string"}}],"inLanguage":"de"},{"@type":"Organization","@id":"https:\/\/prideshop.eu\/de\/#organization","name":"PRIDEshop","url":"https:\/\/prideshop.eu\/de\/","logo":{"@type":"ImageObject","inLanguage":"de","@id":"https:\/\/prideshop.eu\/de\/#\/schema\/logo\/image\/","url":"","contentUrl":"","caption":"PRIDEshop"},"image":{"@id":"https:\/\/prideshop.eu\/de\/#\/schema\/logo\/image\/"},"sameAs":["https:\/\/sl-si.facebook.com\/PrideShopeu"]}]}},"_links":{"self":[{"href":"https:\/\/prideshop.eu\/de\/wp-json\/wp\/v2\/product\/19506","targetHints":{"allow":["GET"]}}],"collection":[{"href":"https:\/\/prideshop.eu\/de\/wp-json\/wp\/v2\/product"}],"about":[{"href":"https:\/\/prideshop.eu\/de\/wp-json\/wp\/v2\/types\/product"}],"replies":[{"embeddable":true,"href":"https:\/\/prideshop.eu\/de\/wp-json\/wp\/v2\/comments?post=19506"}],"wp:featuredmedia":[{"embeddable":true,"href":"https:\/\/prideshop.eu\/de\/wp-json\/wp\/v2\/media\/54987"}],"wp:attachment":[{"href":"https:\/\/prideshop.eu\/de\/wp-json\/wp\/v2\/media?parent=19506"}],"wp:term":[{"taxonomy":"product_brand","embeddable":true,"href":"https:\/\/prideshop.eu\/de\/wp-json\/wp\/v2\/product_brand?post=19506"},{"taxonomy":"product_cat","embeddable":true,"href":"https:\/\/prideshop.eu\/de\/wp-json\/wp\/v2\/product_cat?post=19506"},{"taxonomy":"product_tag","embeddable":true,"href":"https:\/\/prideshop.eu\/de\/wp-json\/wp\/v2\/product_tag?post=19506"}],"curies":[{"name":"wp","href":"https:\/\/api.w.org\/{rel}","templated":true}]}}