{"id":22120,"date":"2021-09-22T17:48:26","date_gmt":"2021-09-22T15:48:26","guid":{"rendered":"https:\/\/prideshop.eu\/spletna-trgovina\/unkategorisiert\/coach-handpratzen-manhattan-pride\/"},"modified":"2025-08-04T10:48:35","modified_gmt":"2025-08-04T08:48:35","slug":"coach-handpratzen-manhattan-pride","status":"publish","type":"product","link":"https:\/\/prideshop.eu\/de\/shop\/equipment-de\/trainingsgerate\/handpratzen-schlagpolster-schlagschilder\/coach-handpratzen-manhattan-pride\/","title":{"rendered":"Handpratzen Pride \u2013 Manhattan"},"content":{"rendered":"<h3>Handpratzen Pride \u2013 Manhattan<\/h3>\n<p>Coach Handpratzen Manhattan, Pride sind f\u00fcr das Training konzipiert und bestehen aus Maya\u2013Kunstleder. Ihre anatomische Form und die mehrschichtige F\u00fcllung polstern St\u00f6\u00dfe ab und sch\u00fctzen Finger und Handfl\u00e4che beim Training.<\/p>\n","protected":false},"excerpt":{"rendered":"<p>Coach Handpratzen Manhattan, Pride sind f\u00fcr das Training konzipiert und bestehen aus Maya\u2013Kunstleder. Ihre anatomische Form und die mehrschichtige F\u00fcllung polstern St\u00f6\u00dfe ab und sch\u00fctzen Finger und Handfl\u00e4che beim Training.<\/p>\n","protected":false},"featured_media":20192,"comment_status":"open","ping_status":"closed","template":"","meta":{"_acf_changed":false},"product_brand":[2086],"product_cat":[580,624,616],"product_tag":[],"class_list":{"0":"post-22120","1":"product","2":"type-product","3":"status-publish","4":"has-post-thumbnail","6":"product_brand-pride","7":"product_cat-equipment-de","8":"product_cat-handpratzen-schlagpolster-schlagschilder","9":"product_cat-trainingsgerate","11":"first","12":"instock","13":"sale","14":"taxable","15":"shipping-taxable","16":"purchasable","17":"product-type-variable"},"acf":[],"yoast_head":"<!-- This site is optimized with the Yoast SEO plugin v27.4 - https:\/\/yoast.com\/product\/yoast-seo-wordpress\/ -->\n<title>Handpratzen Pride \u2013 Manhattan - PRIDEshop<\/title>\n<meta name=\"description\" content=\"Coach Handpratzen Manhattan, Pride sind f\u00fcr das Training konzipiert und bestehen aus Maya-Kunstleder. Ihre anatomische Form und die mehrschichtige F\u00fcllung polstern\" \/>\n<meta name=\"robots\" content=\"index, follow, max-snippet:-1, max-image-preview:large, max-video-preview:-1\" \/>\n<link rel=\"canonical\" href=\"https:\/\/prideshop.eu\/de\/shop\/equipment-de\/trainingsgerate\/handpratzen-schlagpolster-schlagschilder\/coach-handpratzen-manhattan-pride\/\" \/>\n<meta property=\"og:locale\" content=\"de_DE\" \/>\n<meta property=\"og:type\" content=\"article\" \/>\n<meta property=\"og:title\" content=\"Handpratzen Pride \u2013 Manhattan - PRIDEshop\" \/>\n<meta property=\"og:description\" content=\"Coach Handpratzen Manhattan, Pride sind f\u00fcr das Training konzipiert und bestehen aus Maya-Kunstleder. Ihre anatomische Form und die mehrschichtige F\u00fcllung polstern\" \/>\n<meta property=\"og:url\" content=\"https:\/\/prideshop.eu\/de\/shop\/equipment-de\/trainingsgerate\/handpratzen-schlagpolster-schlagschilder\/coach-handpratzen-manhattan-pride\/\" \/>\n<meta property=\"og:site_name\" content=\"PRIDEshop\" \/>\n<meta property=\"article:publisher\" content=\"https:\/\/sl-si.facebook.com\/PrideShopeu\" \/>\n<meta property=\"article:modified_time\" content=\"2025-08-04T08:48:35+00:00\" \/>\n<meta property=\"og:image\" content=\"https:\/\/prideshop.eu\/wp-content\/uploads\/2021\/09\/trenerski-fokuserji-manhattan-pride-3140.jpeg\" \/>\n\t<meta property=\"og:image:width\" content=\"600\" \/>\n\t<meta property=\"og:image:height\" content=\"600\" \/>\n\t<meta property=\"og:image:type\" content=\"image\/jpeg\" \/>\n<meta name=\"twitter:card\" content=\"summary_large_image\" \/>\n<script type=\"application\/ld+json\" class=\"yoast-schema-graph\">{\"@context\":\"https:\\\/\\\/schema.org\",\"@graph\":[{\"@type\":\"WebPage\",\"@id\":\"https:\\\/\\\/prideshop.eu\\\/de\\\/shop\\\/equipment-de\\\/trainingsgerate\\\/handpratzen-schlagpolster-schlagschilder\\\/coach-handpratzen-manhattan-pride\\\/\",\"url\":\"https:\\\/\\\/prideshop.eu\\\/de\\\/shop\\\/equipment-de\\\/trainingsgerate\\\/handpratzen-schlagpolster-schlagschilder\\\/coach-handpratzen-manhattan-pride\\\/\",\"name\":\"Handpratzen Pride \u2013 Manhattan - PRIDEshop\",\"isPartOf\":{\"@id\":\"https:\\\/\\\/prideshop.eu\\\/de\\\/#website\"},\"primaryImageOfPage\":{\"@id\":\"https:\\\/\\\/prideshop.eu\\\/de\\\/shop\\\/equipment-de\\\/trainingsgerate\\\/handpratzen-schlagpolster-schlagschilder\\\/coach-handpratzen-manhattan-pride\\\/#primaryimage\"},\"image\":{\"@id\":\"https:\\\/\\\/prideshop.eu\\\/de\\\/shop\\\/equipment-de\\\/trainingsgerate\\\/handpratzen-schlagpolster-schlagschilder\\\/coach-handpratzen-manhattan-pride\\\/#primaryimage\"},\"thumbnailUrl\":\"https:\\\/\\\/prideshop.eu\\\/wp-content\\\/uploads\\\/2021\\\/09\\\/trenerski-fokuserji-manhattan-pride-3140.jpeg\",\"datePublished\":\"2021-09-22T15:48:26+00:00\",\"dateModified\":\"2025-08-04T08:48:35+00:00\",\"description\":\"Coach Handpratzen Manhattan, Pride sind f\u00fcr das Training konzipiert und bestehen aus Maya-Kunstleder. Ihre anatomische Form und die mehrschichtige F\u00fcllung polstern\",\"breadcrumb\":{\"@id\":\"https:\\\/\\\/prideshop.eu\\\/de\\\/shop\\\/equipment-de\\\/trainingsgerate\\\/handpratzen-schlagpolster-schlagschilder\\\/coach-handpratzen-manhattan-pride\\\/#breadcrumb\"},\"inLanguage\":\"de\",\"potentialAction\":[{\"@type\":\"ReadAction\",\"target\":[\"https:\\\/\\\/prideshop.eu\\\/de\\\/shop\\\/equipment-de\\\/trainingsgerate\\\/handpratzen-schlagpolster-schlagschilder\\\/coach-handpratzen-manhattan-pride\\\/\"]}]},{\"@type\":\"ImageObject\",\"inLanguage\":\"de\",\"@id\":\"https:\\\/\\\/prideshop.eu\\\/de\\\/shop\\\/equipment-de\\\/trainingsgerate\\\/handpratzen-schlagpolster-schlagschilder\\\/coach-handpratzen-manhattan-pride\\\/#primaryimage\",\"url\":\"https:\\\/\\\/prideshop.eu\\\/wp-content\\\/uploads\\\/2021\\\/09\\\/trenerski-fokuserji-manhattan-pride-3140.jpeg\",\"contentUrl\":\"https:\\\/\\\/prideshop.eu\\\/wp-content\\\/uploads\\\/2021\\\/09\\\/trenerski-fokuserji-manhattan-pride-3140.jpeg\",\"width\":600,\"height\":600,\"caption\":\"Coach Handpratzen Manhattan Pride\"},{\"@type\":\"BreadcrumbList\",\"@id\":\"https:\\\/\\\/prideshop.eu\\\/de\\\/shop\\\/equipment-de\\\/trainingsgerate\\\/handpratzen-schlagpolster-schlagschilder\\\/coach-handpratzen-manhattan-pride\\\/#breadcrumb\",\"itemListElement\":[{\"@type\":\"ListItem\",\"position\":1,\"name\":\"Home\",\"item\":\"https:\\\/\\\/prideshop.eu\\\/de\\\/\"},{\"@type\":\"ListItem\",\"position\":2,\"name\":\"Gesch\u00e4ft\",\"item\":\"https:\\\/\\\/prideshop.eu\\\/de\\\/geschaeft\\\/\"},{\"@type\":\"ListItem\",\"position\":3,\"name\":\"Handpratzen Pride \u2013 Manhattan\"}]},{\"@type\":\"WebSite\",\"@id\":\"https:\\\/\\\/prideshop.eu\\\/de\\\/#website\",\"url\":\"https:\\\/\\\/prideshop.eu\\\/de\\\/\",\"name\":\"PRIDEshop\",\"description\":\"Oprema za Borilne \u0160porte\",\"publisher\":{\"@id\":\"https:\\\/\\\/prideshop.eu\\\/de\\\/#organization\"},\"potentialAction\":[{\"@type\":\"SearchAction\",\"target\":{\"@type\":\"EntryPoint\",\"urlTemplate\":\"https:\\\/\\\/prideshop.eu\\\/de\\\/?s={search_term_string}\"},\"query-input\":{\"@type\":\"PropertyValueSpecification\",\"valueRequired\":true,\"valueName\":\"search_term_string\"}}],\"inLanguage\":\"de\"},{\"@type\":\"Organization\",\"@id\":\"https:\\\/\\\/prideshop.eu\\\/de\\\/#organization\",\"name\":\"PRIDEshop\",\"url\":\"https:\\\/\\\/prideshop.eu\\\/de\\\/\",\"logo\":{\"@type\":\"ImageObject\",\"inLanguage\":\"de\",\"@id\":\"https:\\\/\\\/prideshop.eu\\\/de\\\/#\\\/schema\\\/logo\\\/image\\\/\",\"url\":\"\",\"contentUrl\":\"\",\"caption\":\"PRIDEshop\"},\"image\":{\"@id\":\"https:\\\/\\\/prideshop.eu\\\/de\\\/#\\\/schema\\\/logo\\\/image\\\/\"},\"sameAs\":[\"https:\\\/\\\/sl-si.facebook.com\\\/PrideShopeu\"]}]}<\/script>\n<!-- \/ Yoast SEO plugin. -->","yoast_head_json":{"title":"Handpratzen Pride \u2013 Manhattan - PRIDEshop","description":"Coach Handpratzen Manhattan, Pride sind f\u00fcr das Training konzipiert und bestehen aus Maya-Kunstleder. Ihre anatomische Form und die mehrschichtige F\u00fcllung polstern","robots":{"index":"index","follow":"follow","max-snippet":"max-snippet:-1","max-image-preview":"max-image-preview:large","max-video-preview":"max-video-preview:-1"},"canonical":"https:\/\/prideshop.eu\/de\/shop\/equipment-de\/trainingsgerate\/handpratzen-schlagpolster-schlagschilder\/coach-handpratzen-manhattan-pride\/","og_locale":"de_DE","og_type":"article","og_title":"Handpratzen Pride \u2013 Manhattan - PRIDEshop","og_description":"Coach Handpratzen Manhattan, Pride sind f\u00fcr das Training konzipiert und bestehen aus Maya-Kunstleder. Ihre anatomische Form und die mehrschichtige F\u00fcllung polstern","og_url":"https:\/\/prideshop.eu\/de\/shop\/equipment-de\/trainingsgerate\/handpratzen-schlagpolster-schlagschilder\/coach-handpratzen-manhattan-pride\/","og_site_name":"PRIDEshop","article_publisher":"https:\/\/sl-si.facebook.com\/PrideShopeu","article_modified_time":"2025-08-04T08:48:35+00:00","og_image":[{"width":600,"height":600,"url":"https:\/\/prideshop.eu\/wp-content\/uploads\/2021\/09\/trenerski-fokuserji-manhattan-pride-3140.jpeg","type":"image\/jpeg"}],"twitter_card":"summary_large_image","schema":{"@context":"https:\/\/schema.org","@graph":[{"@type":"WebPage","@id":"https:\/\/prideshop.eu\/de\/shop\/equipment-de\/trainingsgerate\/handpratzen-schlagpolster-schlagschilder\/coach-handpratzen-manhattan-pride\/","url":"https:\/\/prideshop.eu\/de\/shop\/equipment-de\/trainingsgerate\/handpratzen-schlagpolster-schlagschilder\/coach-handpratzen-manhattan-pride\/","name":"Handpratzen Pride \u2013 Manhattan - PRIDEshop","isPartOf":{"@id":"https:\/\/prideshop.eu\/de\/#website"},"primaryImageOfPage":{"@id":"https:\/\/prideshop.eu\/de\/shop\/equipment-de\/trainingsgerate\/handpratzen-schlagpolster-schlagschilder\/coach-handpratzen-manhattan-pride\/#primaryimage"},"image":{"@id":"https:\/\/prideshop.eu\/de\/shop\/equipment-de\/trainingsgerate\/handpratzen-schlagpolster-schlagschilder\/coach-handpratzen-manhattan-pride\/#primaryimage"},"thumbnailUrl":"https:\/\/prideshop.eu\/wp-content\/uploads\/2021\/09\/trenerski-fokuserji-manhattan-pride-3140.jpeg","datePublished":"2021-09-22T15:48:26+00:00","dateModified":"2025-08-04T08:48:35+00:00","description":"Coach Handpratzen Manhattan, Pride sind f\u00fcr das Training konzipiert und bestehen aus Maya-Kunstleder. Ihre anatomische Form und die mehrschichtige F\u00fcllung polstern","breadcrumb":{"@id":"https:\/\/prideshop.eu\/de\/shop\/equipment-de\/trainingsgerate\/handpratzen-schlagpolster-schlagschilder\/coach-handpratzen-manhattan-pride\/#breadcrumb"},"inLanguage":"de","potentialAction":[{"@type":"ReadAction","target":["https:\/\/prideshop.eu\/de\/shop\/equipment-de\/trainingsgerate\/handpratzen-schlagpolster-schlagschilder\/coach-handpratzen-manhattan-pride\/"]}]},{"@type":"ImageObject","inLanguage":"de","@id":"https:\/\/prideshop.eu\/de\/shop\/equipment-de\/trainingsgerate\/handpratzen-schlagpolster-schlagschilder\/coach-handpratzen-manhattan-pride\/#primaryimage","url":"https:\/\/prideshop.eu\/wp-content\/uploads\/2021\/09\/trenerski-fokuserji-manhattan-pride-3140.jpeg","contentUrl":"https:\/\/prideshop.eu\/wp-content\/uploads\/2021\/09\/trenerski-fokuserji-manhattan-pride-3140.jpeg","width":600,"height":600,"caption":"Coach Handpratzen Manhattan Pride"},{"@type":"BreadcrumbList","@id":"https:\/\/prideshop.eu\/de\/shop\/equipment-de\/trainingsgerate\/handpratzen-schlagpolster-schlagschilder\/coach-handpratzen-manhattan-pride\/#breadcrumb","itemListElement":[{"@type":"ListItem","position":1,"name":"Home","item":"https:\/\/prideshop.eu\/de\/"},{"@type":"ListItem","position":2,"name":"Gesch\u00e4ft","item":"https:\/\/prideshop.eu\/de\/geschaeft\/"},{"@type":"ListItem","position":3,"name":"Handpratzen Pride \u2013 Manhattan"}]},{"@type":"WebSite","@id":"https:\/\/prideshop.eu\/de\/#website","url":"https:\/\/prideshop.eu\/de\/","name":"PRIDEshop","description":"Oprema za Borilne \u0160porte","publisher":{"@id":"https:\/\/prideshop.eu\/de\/#organization"},"potentialAction":[{"@type":"SearchAction","target":{"@type":"EntryPoint","urlTemplate":"https:\/\/prideshop.eu\/de\/?s={search_term_string}"},"query-input":{"@type":"PropertyValueSpecification","valueRequired":true,"valueName":"search_term_string"}}],"inLanguage":"de"},{"@type":"Organization","@id":"https:\/\/prideshop.eu\/de\/#organization","name":"PRIDEshop","url":"https:\/\/prideshop.eu\/de\/","logo":{"@type":"ImageObject","inLanguage":"de","@id":"https:\/\/prideshop.eu\/de\/#\/schema\/logo\/image\/","url":"","contentUrl":"","caption":"PRIDEshop"},"image":{"@id":"https:\/\/prideshop.eu\/de\/#\/schema\/logo\/image\/"},"sameAs":["https:\/\/sl-si.facebook.com\/PrideShopeu"]}]}},"_links":{"self":[{"href":"https:\/\/prideshop.eu\/de\/wp-json\/wp\/v2\/product\/22120","targetHints":{"allow":["GET"]}}],"collection":[{"href":"https:\/\/prideshop.eu\/de\/wp-json\/wp\/v2\/product"}],"about":[{"href":"https:\/\/prideshop.eu\/de\/wp-json\/wp\/v2\/types\/product"}],"replies":[{"embeddable":true,"href":"https:\/\/prideshop.eu\/de\/wp-json\/wp\/v2\/comments?post=22120"}],"wp:featuredmedia":[{"embeddable":true,"href":"https:\/\/prideshop.eu\/de\/wp-json\/wp\/v2\/media\/20192"}],"wp:attachment":[{"href":"https:\/\/prideshop.eu\/de\/wp-json\/wp\/v2\/media?parent=22120"}],"wp:term":[{"taxonomy":"product_brand","embeddable":true,"href":"https:\/\/prideshop.eu\/de\/wp-json\/wp\/v2\/product_brand?post=22120"},{"taxonomy":"product_cat","embeddable":true,"href":"https:\/\/prideshop.eu\/de\/wp-json\/wp\/v2\/product_cat?post=22120"},{"taxonomy":"product_tag","embeddable":true,"href":"https:\/\/prideshop.eu\/de\/wp-json\/wp\/v2\/product_tag?post=22120"}],"curies":[{"name":"wp","href":"https:\/\/api.w.org\/{rel}","templated":true}]}}