{"id":22167,"date":"2021-10-28T10:22:00","date_gmt":"2021-10-28T08:22:00","guid":{"rendered":"https:\/\/prideshop.eu\/spletna-trgovina\/unkategorisiert\/boxhandschuhe-speed-tilt-350-adidas\/"},"modified":"2025-08-04T11:08:37","modified_gmt":"2025-08-04T09:08:37","slug":"boxhandschuhe-speed-tilt-350-adidas","status":"publish","type":"product","link":"https:\/\/prideshop.eu\/de\/shop\/sportarten\/thaiboxen\/thaiboxen-handschuhe\/boxhandschuhe-speed-tilt-350-adidas\/","title":{"rendered":"Boxhandschuhe Leder Adidas \u2013 Tilt 350"},"content":{"rendered":"<h3>Boxhandschuhe Leder Adidas \u2013 Tilt 350<\/h3>\n<p>Boxhandschuhe Speed Tilt 350, Adidas. Ihre ergonomische Form bietet hervorragenden Halt und Schutz f\u00fcr die H\u00e4nde, indem sie Hand und Handgelenk bei St\u00f6\u00dfen in die richtige Position bringt. TILT\u2013Technologie auf dem Niveau von 350. Die ersten strapazierf\u00e4higen Handschuhe aus 100% Kaktuspflanze. Mehrschichtige IMF\u2013F\u00fcllung, die Memory\u2013Schaum und Polyester\u2013Satin\u2013Futter enth\u00e4lt. Befestigung mit einem harten Eckband mit Klettverschluss.<\/p>\n","protected":false},"excerpt":{"rendered":"<p>Boxhandschuhe Speed Tilt 350, Adidas. Ihre ergonomische Form bietet hervorragenden Halt und Schutz f\u00fcr die H\u00e4nde, indem sie Hand und Handgelenk bei St\u00f6\u00dfen in die richtige Position bringt. TILT\u2013Technologie auf dem Niveau von 350. Die ersten strapazierf\u00e4higen Handschuhe aus 100% Kaktuspflanze. Mehrschichtige IMF\u2013F\u00fcllung, die Memory\u2013Schaum und Polyester\u2013Satin\u2013Futter enth\u00e4lt. Befestigung mit einem harten Eckband mit Klettverschluss.<\/p>\n","protected":false},"featured_media":22030,"comment_status":"open","ping_status":"closed","template":"","meta":{"_acf_changed":false},"product_brand":[2084],"product_cat":[664,670,580,638,722,728,634,656,778,784],"product_tag":[],"class_list":{"0":"post-22167","1":"product","2":"type-product","3":"status-publish","4":"has-post-thumbnail","6":"product_brand-adidas","7":"product_cat-boxen","8":"product_cat-boxhandschuhe","9":"product_cat-equipment-de","10":"product_cat-handschuhe","11":"product_cat-kickboxen","12":"product_cat-kickboxenhandschuhe","13":"product_cat-schutzausrustung","14":"product_cat-sportarten","15":"product_cat-thaiboxen","16":"product_cat-thaiboxen-handschuhe","18":"first","19":"instock","20":"taxable","21":"shipping-taxable","22":"purchasable","23":"product-type-variable"},"acf":[],"yoast_head":"<!-- This site is optimized with the Yoast SEO plugin v27.5 - https:\/\/yoast.com\/product\/yoast-seo-wordpress\/ -->\n<title>Boxhandschuhe Leder Adidas \u2013 Tilt 350 - PRIDEshop<\/title>\n<meta name=\"description\" content=\"Boxhandschuhe Speed Tilt 350, Adidas. TILT-Technologie auf dem Niveau 350. Die ersten strapazierf\u00e4higen Handschuhe aus 100% Kaktusleder.\" \/>\n<meta name=\"robots\" content=\"index, follow, max-snippet:-1, max-image-preview:large, max-video-preview:-1\" \/>\n<link rel=\"canonical\" href=\"https:\/\/prideshop.eu\/de\/shop\/sportarten\/thaiboxen\/thaiboxen-handschuhe\/boxhandschuhe-speed-tilt-350-adidas\/\" \/>\n<meta property=\"og:locale\" content=\"de_DE\" \/>\n<meta property=\"og:type\" content=\"article\" \/>\n<meta property=\"og:title\" content=\"Boxhandschuhe Leder Adidas \u2013 Tilt 350 - PRIDEshop\" \/>\n<meta property=\"og:description\" content=\"Boxhandschuhe Speed Tilt 350, Adidas. TILT-Technologie auf dem Niveau 350. Die ersten strapazierf\u00e4higen Handschuhe aus 100% Kaktusleder.\" \/>\n<meta property=\"og:url\" content=\"https:\/\/prideshop.eu\/de\/shop\/sportarten\/thaiboxen\/thaiboxen-handschuhe\/boxhandschuhe-speed-tilt-350-adidas\/\" \/>\n<meta property=\"og:site_name\" content=\"PRIDEshop\" \/>\n<meta property=\"article:publisher\" content=\"https:\/\/sl-si.facebook.com\/PrideShopeu\" \/>\n<meta property=\"article:modified_time\" content=\"2025-08-04T09:08:37+00:00\" \/>\n<meta property=\"og:image\" content=\"https:\/\/prideshop.eu\/wp-content\/uploads\/2021\/10\/boksarske-rokavice-speed-tilt-350-adidas-a7163-bg.jpeg\" \/>\n\t<meta property=\"og:image:width\" content=\"600\" \/>\n\t<meta property=\"og:image:height\" content=\"600\" \/>\n\t<meta property=\"og:image:type\" content=\"image\/jpeg\" \/>\n<meta name=\"twitter:card\" content=\"summary_large_image\" \/>\n<script type=\"application\/ld+json\" class=\"yoast-schema-graph\">{\"@context\":\"https:\\\/\\\/schema.org\",\"@graph\":[{\"@type\":\"WebPage\",\"@id\":\"https:\\\/\\\/prideshop.eu\\\/de\\\/shop\\\/sportarten\\\/thaiboxen\\\/thaiboxen-handschuhe\\\/boxhandschuhe-speed-tilt-350-adidas\\\/\",\"url\":\"https:\\\/\\\/prideshop.eu\\\/de\\\/shop\\\/sportarten\\\/thaiboxen\\\/thaiboxen-handschuhe\\\/boxhandschuhe-speed-tilt-350-adidas\\\/\",\"name\":\"Boxhandschuhe Leder Adidas \u2013 Tilt 350 - PRIDEshop\",\"isPartOf\":{\"@id\":\"https:\\\/\\\/prideshop.eu\\\/de\\\/#website\"},\"primaryImageOfPage\":{\"@id\":\"https:\\\/\\\/prideshop.eu\\\/de\\\/shop\\\/sportarten\\\/thaiboxen\\\/thaiboxen-handschuhe\\\/boxhandschuhe-speed-tilt-350-adidas\\\/#primaryimage\"},\"image\":{\"@id\":\"https:\\\/\\\/prideshop.eu\\\/de\\\/shop\\\/sportarten\\\/thaiboxen\\\/thaiboxen-handschuhe\\\/boxhandschuhe-speed-tilt-350-adidas\\\/#primaryimage\"},\"thumbnailUrl\":\"https:\\\/\\\/prideshop.eu\\\/wp-content\\\/uploads\\\/2021\\\/10\\\/boksarske-rokavice-speed-tilt-350-adidas-a7163-bg.jpeg\",\"datePublished\":\"2021-10-28T08:22:00+00:00\",\"dateModified\":\"2025-08-04T09:08:37+00:00\",\"description\":\"Boxhandschuhe Speed Tilt 350, Adidas. TILT-Technologie auf dem Niveau 350. Die ersten strapazierf\u00e4higen Handschuhe aus 100% Kaktusleder.\",\"breadcrumb\":{\"@id\":\"https:\\\/\\\/prideshop.eu\\\/de\\\/shop\\\/sportarten\\\/thaiboxen\\\/thaiboxen-handschuhe\\\/boxhandschuhe-speed-tilt-350-adidas\\\/#breadcrumb\"},\"inLanguage\":\"de\",\"potentialAction\":[{\"@type\":\"ReadAction\",\"target\":[\"https:\\\/\\\/prideshop.eu\\\/de\\\/shop\\\/sportarten\\\/thaiboxen\\\/thaiboxen-handschuhe\\\/boxhandschuhe-speed-tilt-350-adidas\\\/\"]}]},{\"@type\":\"ImageObject\",\"inLanguage\":\"de\",\"@id\":\"https:\\\/\\\/prideshop.eu\\\/de\\\/shop\\\/sportarten\\\/thaiboxen\\\/thaiboxen-handschuhe\\\/boxhandschuhe-speed-tilt-350-adidas\\\/#primaryimage\",\"url\":\"https:\\\/\\\/prideshop.eu\\\/wp-content\\\/uploads\\\/2021\\\/10\\\/boksarske-rokavice-speed-tilt-350-adidas-a7163-bg.jpeg\",\"contentUrl\":\"https:\\\/\\\/prideshop.eu\\\/wp-content\\\/uploads\\\/2021\\\/10\\\/boksarske-rokavice-speed-tilt-350-adidas-a7163-bg.jpeg\",\"width\":600,\"height\":600,\"caption\":\"Boxhandschuhe Speed Tilt 350 Adidas Schwarz-Gold\"},{\"@type\":\"BreadcrumbList\",\"@id\":\"https:\\\/\\\/prideshop.eu\\\/de\\\/shop\\\/sportarten\\\/thaiboxen\\\/thaiboxen-handschuhe\\\/boxhandschuhe-speed-tilt-350-adidas\\\/#breadcrumb\",\"itemListElement\":[{\"@type\":\"ListItem\",\"position\":1,\"name\":\"Home\",\"item\":\"https:\\\/\\\/prideshop.eu\\\/de\\\/\"},{\"@type\":\"ListItem\",\"position\":2,\"name\":\"Gesch\u00e4ft\",\"item\":\"https:\\\/\\\/prideshop.eu\\\/de\\\/geschaeft\\\/\"},{\"@type\":\"ListItem\",\"position\":3,\"name\":\"Boxhandschuhe Leder Adidas \u2013 Tilt 350\"}]},{\"@type\":\"WebSite\",\"@id\":\"https:\\\/\\\/prideshop.eu\\\/de\\\/#website\",\"url\":\"https:\\\/\\\/prideshop.eu\\\/de\\\/\",\"name\":\"PRIDEshop\",\"description\":\"Oprema za Borilne \u0160porte\",\"publisher\":{\"@id\":\"https:\\\/\\\/prideshop.eu\\\/de\\\/#organization\"},\"potentialAction\":[{\"@type\":\"SearchAction\",\"target\":{\"@type\":\"EntryPoint\",\"urlTemplate\":\"https:\\\/\\\/prideshop.eu\\\/de\\\/?s={search_term_string}\"},\"query-input\":{\"@type\":\"PropertyValueSpecification\",\"valueRequired\":true,\"valueName\":\"search_term_string\"}}],\"inLanguage\":\"de\"},{\"@type\":\"Organization\",\"@id\":\"https:\\\/\\\/prideshop.eu\\\/de\\\/#organization\",\"name\":\"PRIDEshop\",\"url\":\"https:\\\/\\\/prideshop.eu\\\/de\\\/\",\"logo\":{\"@type\":\"ImageObject\",\"inLanguage\":\"de\",\"@id\":\"https:\\\/\\\/prideshop.eu\\\/de\\\/#\\\/schema\\\/logo\\\/image\\\/\",\"url\":\"\",\"contentUrl\":\"\",\"caption\":\"PRIDEshop\"},\"image\":{\"@id\":\"https:\\\/\\\/prideshop.eu\\\/de\\\/#\\\/schema\\\/logo\\\/image\\\/\"},\"sameAs\":[\"https:\\\/\\\/sl-si.facebook.com\\\/PrideShopeu\"]}]}<\/script>\n<!-- \/ Yoast SEO plugin. -->","yoast_head_json":{"title":"Boxhandschuhe Leder Adidas \u2013 Tilt 350 - PRIDEshop","description":"Boxhandschuhe Speed Tilt 350, Adidas. TILT-Technologie auf dem Niveau 350. Die ersten strapazierf\u00e4higen Handschuhe aus 100% Kaktusleder.","robots":{"index":"index","follow":"follow","max-snippet":"max-snippet:-1","max-image-preview":"max-image-preview:large","max-video-preview":"max-video-preview:-1"},"canonical":"https:\/\/prideshop.eu\/de\/shop\/sportarten\/thaiboxen\/thaiboxen-handschuhe\/boxhandschuhe-speed-tilt-350-adidas\/","og_locale":"de_DE","og_type":"article","og_title":"Boxhandschuhe Leder Adidas \u2013 Tilt 350 - PRIDEshop","og_description":"Boxhandschuhe Speed Tilt 350, Adidas. TILT-Technologie auf dem Niveau 350. Die ersten strapazierf\u00e4higen Handschuhe aus 100% Kaktusleder.","og_url":"https:\/\/prideshop.eu\/de\/shop\/sportarten\/thaiboxen\/thaiboxen-handschuhe\/boxhandschuhe-speed-tilt-350-adidas\/","og_site_name":"PRIDEshop","article_publisher":"https:\/\/sl-si.facebook.com\/PrideShopeu","article_modified_time":"2025-08-04T09:08:37+00:00","og_image":[{"width":600,"height":600,"url":"https:\/\/prideshop.eu\/wp-content\/uploads\/2021\/10\/boksarske-rokavice-speed-tilt-350-adidas-a7163-bg.jpeg","type":"image\/jpeg"}],"twitter_card":"summary_large_image","schema":{"@context":"https:\/\/schema.org","@graph":[{"@type":"WebPage","@id":"https:\/\/prideshop.eu\/de\/shop\/sportarten\/thaiboxen\/thaiboxen-handschuhe\/boxhandschuhe-speed-tilt-350-adidas\/","url":"https:\/\/prideshop.eu\/de\/shop\/sportarten\/thaiboxen\/thaiboxen-handschuhe\/boxhandschuhe-speed-tilt-350-adidas\/","name":"Boxhandschuhe Leder Adidas \u2013 Tilt 350 - PRIDEshop","isPartOf":{"@id":"https:\/\/prideshop.eu\/de\/#website"},"primaryImageOfPage":{"@id":"https:\/\/prideshop.eu\/de\/shop\/sportarten\/thaiboxen\/thaiboxen-handschuhe\/boxhandschuhe-speed-tilt-350-adidas\/#primaryimage"},"image":{"@id":"https:\/\/prideshop.eu\/de\/shop\/sportarten\/thaiboxen\/thaiboxen-handschuhe\/boxhandschuhe-speed-tilt-350-adidas\/#primaryimage"},"thumbnailUrl":"https:\/\/prideshop.eu\/wp-content\/uploads\/2021\/10\/boksarske-rokavice-speed-tilt-350-adidas-a7163-bg.jpeg","datePublished":"2021-10-28T08:22:00+00:00","dateModified":"2025-08-04T09:08:37+00:00","description":"Boxhandschuhe Speed Tilt 350, Adidas. TILT-Technologie auf dem Niveau 350. Die ersten strapazierf\u00e4higen Handschuhe aus 100% Kaktusleder.","breadcrumb":{"@id":"https:\/\/prideshop.eu\/de\/shop\/sportarten\/thaiboxen\/thaiboxen-handschuhe\/boxhandschuhe-speed-tilt-350-adidas\/#breadcrumb"},"inLanguage":"de","potentialAction":[{"@type":"ReadAction","target":["https:\/\/prideshop.eu\/de\/shop\/sportarten\/thaiboxen\/thaiboxen-handschuhe\/boxhandschuhe-speed-tilt-350-adidas\/"]}]},{"@type":"ImageObject","inLanguage":"de","@id":"https:\/\/prideshop.eu\/de\/shop\/sportarten\/thaiboxen\/thaiboxen-handschuhe\/boxhandschuhe-speed-tilt-350-adidas\/#primaryimage","url":"https:\/\/prideshop.eu\/wp-content\/uploads\/2021\/10\/boksarske-rokavice-speed-tilt-350-adidas-a7163-bg.jpeg","contentUrl":"https:\/\/prideshop.eu\/wp-content\/uploads\/2021\/10\/boksarske-rokavice-speed-tilt-350-adidas-a7163-bg.jpeg","width":600,"height":600,"caption":"Boxhandschuhe Speed Tilt 350 Adidas Schwarz-Gold"},{"@type":"BreadcrumbList","@id":"https:\/\/prideshop.eu\/de\/shop\/sportarten\/thaiboxen\/thaiboxen-handschuhe\/boxhandschuhe-speed-tilt-350-adidas\/#breadcrumb","itemListElement":[{"@type":"ListItem","position":1,"name":"Home","item":"https:\/\/prideshop.eu\/de\/"},{"@type":"ListItem","position":2,"name":"Gesch\u00e4ft","item":"https:\/\/prideshop.eu\/de\/geschaeft\/"},{"@type":"ListItem","position":3,"name":"Boxhandschuhe Leder Adidas \u2013 Tilt 350"}]},{"@type":"WebSite","@id":"https:\/\/prideshop.eu\/de\/#website","url":"https:\/\/prideshop.eu\/de\/","name":"PRIDEshop","description":"Oprema za Borilne \u0160porte","publisher":{"@id":"https:\/\/prideshop.eu\/de\/#organization"},"potentialAction":[{"@type":"SearchAction","target":{"@type":"EntryPoint","urlTemplate":"https:\/\/prideshop.eu\/de\/?s={search_term_string}"},"query-input":{"@type":"PropertyValueSpecification","valueRequired":true,"valueName":"search_term_string"}}],"inLanguage":"de"},{"@type":"Organization","@id":"https:\/\/prideshop.eu\/de\/#organization","name":"PRIDEshop","url":"https:\/\/prideshop.eu\/de\/","logo":{"@type":"ImageObject","inLanguage":"de","@id":"https:\/\/prideshop.eu\/de\/#\/schema\/logo\/image\/","url":"","contentUrl":"","caption":"PRIDEshop"},"image":{"@id":"https:\/\/prideshop.eu\/de\/#\/schema\/logo\/image\/"},"sameAs":["https:\/\/sl-si.facebook.com\/PrideShopeu"]}]}},"_links":{"self":[{"href":"https:\/\/prideshop.eu\/de\/wp-json\/wp\/v2\/product\/22167","targetHints":{"allow":["GET"]}}],"collection":[{"href":"https:\/\/prideshop.eu\/de\/wp-json\/wp\/v2\/product"}],"about":[{"href":"https:\/\/prideshop.eu\/de\/wp-json\/wp\/v2\/types\/product"}],"replies":[{"embeddable":true,"href":"https:\/\/prideshop.eu\/de\/wp-json\/wp\/v2\/comments?post=22167"}],"wp:featuredmedia":[{"embeddable":true,"href":"https:\/\/prideshop.eu\/de\/wp-json\/wp\/v2\/media\/22030"}],"wp:attachment":[{"href":"https:\/\/prideshop.eu\/de\/wp-json\/wp\/v2\/media?parent=22167"}],"wp:term":[{"taxonomy":"product_brand","embeddable":true,"href":"https:\/\/prideshop.eu\/de\/wp-json\/wp\/v2\/product_brand?post=22167"},{"taxonomy":"product_cat","embeddable":true,"href":"https:\/\/prideshop.eu\/de\/wp-json\/wp\/v2\/product_cat?post=22167"},{"taxonomy":"product_tag","embeddable":true,"href":"https:\/\/prideshop.eu\/de\/wp-json\/wp\/v2\/product_tag?post=22167"}],"curies":[{"name":"wp","href":"https:\/\/api.w.org\/{rel}","templated":true}]}}