{"id":22193,"date":"2021-10-27T15:54:26","date_gmt":"2021-10-27T13:54:26","guid":{"rendered":"https:\/\/prideshop.eu\/spletna-trgovina\/unkategorisiert\/mma-shorts-amerikanischen-stil-pride\/"},"modified":"2025-08-04T10:47:39","modified_gmt":"2025-08-04T08:47:39","slug":"mma-shorts-amerikanischen-stil-pride","status":"publish","type":"product","link":"https:\/\/prideshop.eu\/de\/shop\/sportarten\/mma-ultimate-fight-de\/mma-ultimate-fight-kleidung\/mma-shorts-amerikanischen-stil-pride\/","title":{"rendered":"MMA\u2013Shorts Pride \u2013 OctaWear"},"content":{"rendered":"<h3>MMA\u2013Shorts Pride \u2013 OctaWear<\/h3>\n<p>MMA Shorts amerikanischen Stil. Ultimative MMA Shorts f\u00fcr alle Arten von Mixed Martial Arts, insbesondere MMA, Grappling, Kickboxen&#8230; Diese unglaublichen Shorts wurden f\u00fcr Wettk\u00e4mpfe und Training entwickelt, um Ihnen maximalen Komfort und Langlebigkeit zu bieten.<\/p>\n","protected":false},"excerpt":{"rendered":"<p>MMA Shorts amerikanischen Stil. Ultimative MMA Shorts f\u00fcr alle Arten von Mixed Martial Arts, insbesondere MMA, Grappling, Kickboxen&#8230; Diese unglaublichen Shorts wurden f\u00fcr Wettk\u00e4mpfe und Training entwickelt, um Ihnen maximalen Komfort und Langlebigkeit zu bieten.<\/p>\n","protected":false},"featured_media":21833,"comment_status":"open","ping_status":"closed","template":"","meta":{"_acf_changed":false},"product_brand":[2086],"product_cat":[600,580,602,722,726,744,750,656],"product_tag":[],"class_list":{"0":"post-22193","1":"product","2":"type-product","3":"status-publish","4":"has-post-thumbnail","6":"product_brand-pride","7":"product_cat-bekleidung-und-schuhe","8":"product_cat-equipment-de","9":"product_cat-hosen","10":"product_cat-kickboxen","11":"product_cat-kickboxen-kleidung","12":"product_cat-mma-ultimate-fight-de","13":"product_cat-mma-ultimate-fight-kleidung","14":"product_cat-sportarten","16":"first","17":"instock","18":"sale","19":"taxable","20":"shipping-taxable","21":"purchasable","22":"product-type-variable"},"acf":[],"yoast_head":"<!-- This site is optimized with the Yoast SEO plugin v27.5 - https:\/\/yoast.com\/product\/yoast-seo-wordpress\/ -->\n<title>MMA\u2013Shorts Pride \u2013 OctaWear - PRIDEshop<\/title>\n<meta name=\"description\" content=\"MMA Shorts amerikanischen Stil. Ultimative MMA Shorts f\u00fcr alle Arten von Mixed Martial Arts, insbesondere MMA, Grappling, Kickboxen...\" \/>\n<meta name=\"robots\" content=\"index, follow, max-snippet:-1, max-image-preview:large, max-video-preview:-1\" \/>\n<link rel=\"canonical\" href=\"https:\/\/prideshop.eu\/de\/shop\/sportarten\/mma-ultimate-fight-de\/mma-ultimate-fight-kleidung\/mma-shorts-amerikanischen-stil-pride\/\" \/>\n<meta property=\"og:locale\" content=\"de_DE\" \/>\n<meta property=\"og:type\" content=\"article\" \/>\n<meta property=\"og:title\" content=\"MMA\u2013Shorts Pride \u2013 OctaWear - PRIDEshop\" \/>\n<meta property=\"og:description\" content=\"MMA Shorts amerikanischen Stil. Ultimative MMA Shorts f\u00fcr alle Arten von Mixed Martial Arts, insbesondere MMA, Grappling, Kickboxen...\" \/>\n<meta property=\"og:url\" content=\"https:\/\/prideshop.eu\/de\/shop\/sportarten\/mma-ultimate-fight-de\/mma-ultimate-fight-kleidung\/mma-shorts-amerikanischen-stil-pride\/\" \/>\n<meta property=\"og:site_name\" content=\"PRIDEshop\" \/>\n<meta property=\"article:publisher\" content=\"https:\/\/sl-si.facebook.com\/PrideShopeu\" \/>\n<meta property=\"article:modified_time\" content=\"2025-08-04T08:47:39+00:00\" \/>\n<meta property=\"og:image\" content=\"https:\/\/prideshop.eu\/wp-content\/uploads\/2021\/10\/mma-hlacke-ameriski-stil-pride-2381.jpeg\" \/>\n\t<meta property=\"og:image:width\" content=\"600\" \/>\n\t<meta property=\"og:image:height\" content=\"600\" \/>\n\t<meta property=\"og:image:type\" content=\"image\/jpeg\" \/>\n<meta name=\"twitter:card\" content=\"summary_large_image\" \/>\n<script type=\"application\/ld+json\" class=\"yoast-schema-graph\">{\"@context\":\"https:\\\/\\\/schema.org\",\"@graph\":[{\"@type\":\"WebPage\",\"@id\":\"https:\\\/\\\/prideshop.eu\\\/de\\\/shop\\\/sportarten\\\/mma-ultimate-fight-de\\\/mma-ultimate-fight-kleidung\\\/mma-shorts-amerikanischen-stil-pride\\\/\",\"url\":\"https:\\\/\\\/prideshop.eu\\\/de\\\/shop\\\/sportarten\\\/mma-ultimate-fight-de\\\/mma-ultimate-fight-kleidung\\\/mma-shorts-amerikanischen-stil-pride\\\/\",\"name\":\"MMA\u2013Shorts Pride \u2013 OctaWear - PRIDEshop\",\"isPartOf\":{\"@id\":\"https:\\\/\\\/prideshop.eu\\\/de\\\/#website\"},\"primaryImageOfPage\":{\"@id\":\"https:\\\/\\\/prideshop.eu\\\/de\\\/shop\\\/sportarten\\\/mma-ultimate-fight-de\\\/mma-ultimate-fight-kleidung\\\/mma-shorts-amerikanischen-stil-pride\\\/#primaryimage\"},\"image\":{\"@id\":\"https:\\\/\\\/prideshop.eu\\\/de\\\/shop\\\/sportarten\\\/mma-ultimate-fight-de\\\/mma-ultimate-fight-kleidung\\\/mma-shorts-amerikanischen-stil-pride\\\/#primaryimage\"},\"thumbnailUrl\":\"https:\\\/\\\/prideshop.eu\\\/wp-content\\\/uploads\\\/2021\\\/10\\\/mma-hlacke-ameriski-stil-pride-2381.jpeg\",\"datePublished\":\"2021-10-27T13:54:26+00:00\",\"dateModified\":\"2025-08-04T08:47:39+00:00\",\"description\":\"MMA Shorts amerikanischen Stil. Ultimative MMA Shorts f\u00fcr alle Arten von Mixed Martial Arts, insbesondere MMA, Grappling, Kickboxen...\",\"breadcrumb\":{\"@id\":\"https:\\\/\\\/prideshop.eu\\\/de\\\/shop\\\/sportarten\\\/mma-ultimate-fight-de\\\/mma-ultimate-fight-kleidung\\\/mma-shorts-amerikanischen-stil-pride\\\/#breadcrumb\"},\"inLanguage\":\"de\",\"potentialAction\":[{\"@type\":\"ReadAction\",\"target\":[\"https:\\\/\\\/prideshop.eu\\\/de\\\/shop\\\/sportarten\\\/mma-ultimate-fight-de\\\/mma-ultimate-fight-kleidung\\\/mma-shorts-amerikanischen-stil-pride\\\/\"]}]},{\"@type\":\"ImageObject\",\"inLanguage\":\"de\",\"@id\":\"https:\\\/\\\/prideshop.eu\\\/de\\\/shop\\\/sportarten\\\/mma-ultimate-fight-de\\\/mma-ultimate-fight-kleidung\\\/mma-shorts-amerikanischen-stil-pride\\\/#primaryimage\",\"url\":\"https:\\\/\\\/prideshop.eu\\\/wp-content\\\/uploads\\\/2021\\\/10\\\/mma-hlacke-ameriski-stil-pride-2381.jpeg\",\"contentUrl\":\"https:\\\/\\\/prideshop.eu\\\/wp-content\\\/uploads\\\/2021\\\/10\\\/mma-hlacke-ameriski-stil-pride-2381.jpeg\",\"width\":600,\"height\":600,\"caption\":\"MMA shorts amerikanischen Stil Schwarz mit gesticktem Logo Pride\"},{\"@type\":\"BreadcrumbList\",\"@id\":\"https:\\\/\\\/prideshop.eu\\\/de\\\/shop\\\/sportarten\\\/mma-ultimate-fight-de\\\/mma-ultimate-fight-kleidung\\\/mma-shorts-amerikanischen-stil-pride\\\/#breadcrumb\",\"itemListElement\":[{\"@type\":\"ListItem\",\"position\":1,\"name\":\"Home\",\"item\":\"https:\\\/\\\/prideshop.eu\\\/de\\\/\"},{\"@type\":\"ListItem\",\"position\":2,\"name\":\"Gesch\u00e4ft\",\"item\":\"https:\\\/\\\/prideshop.eu\\\/de\\\/geschaeft\\\/\"},{\"@type\":\"ListItem\",\"position\":3,\"name\":\"MMA\u2013Shorts Pride \u2013 OctaWear\"}]},{\"@type\":\"WebSite\",\"@id\":\"https:\\\/\\\/prideshop.eu\\\/de\\\/#website\",\"url\":\"https:\\\/\\\/prideshop.eu\\\/de\\\/\",\"name\":\"PRIDEshop\",\"description\":\"Oprema za Borilne \u0160porte\",\"publisher\":{\"@id\":\"https:\\\/\\\/prideshop.eu\\\/de\\\/#organization\"},\"potentialAction\":[{\"@type\":\"SearchAction\",\"target\":{\"@type\":\"EntryPoint\",\"urlTemplate\":\"https:\\\/\\\/prideshop.eu\\\/de\\\/?s={search_term_string}\"},\"query-input\":{\"@type\":\"PropertyValueSpecification\",\"valueRequired\":true,\"valueName\":\"search_term_string\"}}],\"inLanguage\":\"de\"},{\"@type\":\"Organization\",\"@id\":\"https:\\\/\\\/prideshop.eu\\\/de\\\/#organization\",\"name\":\"PRIDEshop\",\"url\":\"https:\\\/\\\/prideshop.eu\\\/de\\\/\",\"logo\":{\"@type\":\"ImageObject\",\"inLanguage\":\"de\",\"@id\":\"https:\\\/\\\/prideshop.eu\\\/de\\\/#\\\/schema\\\/logo\\\/image\\\/\",\"url\":\"\",\"contentUrl\":\"\",\"caption\":\"PRIDEshop\"},\"image\":{\"@id\":\"https:\\\/\\\/prideshop.eu\\\/de\\\/#\\\/schema\\\/logo\\\/image\\\/\"},\"sameAs\":[\"https:\\\/\\\/sl-si.facebook.com\\\/PrideShopeu\"]}]}<\/script>\n<!-- \/ Yoast SEO plugin. -->","yoast_head_json":{"title":"MMA\u2013Shorts Pride \u2013 OctaWear - PRIDEshop","description":"MMA Shorts amerikanischen Stil. Ultimative MMA Shorts f\u00fcr alle Arten von Mixed Martial Arts, insbesondere MMA, Grappling, Kickboxen...","robots":{"index":"index","follow":"follow","max-snippet":"max-snippet:-1","max-image-preview":"max-image-preview:large","max-video-preview":"max-video-preview:-1"},"canonical":"https:\/\/prideshop.eu\/de\/shop\/sportarten\/mma-ultimate-fight-de\/mma-ultimate-fight-kleidung\/mma-shorts-amerikanischen-stil-pride\/","og_locale":"de_DE","og_type":"article","og_title":"MMA\u2013Shorts Pride \u2013 OctaWear - PRIDEshop","og_description":"MMA Shorts amerikanischen Stil. Ultimative MMA Shorts f\u00fcr alle Arten von Mixed Martial Arts, insbesondere MMA, Grappling, Kickboxen...","og_url":"https:\/\/prideshop.eu\/de\/shop\/sportarten\/mma-ultimate-fight-de\/mma-ultimate-fight-kleidung\/mma-shorts-amerikanischen-stil-pride\/","og_site_name":"PRIDEshop","article_publisher":"https:\/\/sl-si.facebook.com\/PrideShopeu","article_modified_time":"2025-08-04T08:47:39+00:00","og_image":[{"width":600,"height":600,"url":"https:\/\/prideshop.eu\/wp-content\/uploads\/2021\/10\/mma-hlacke-ameriski-stil-pride-2381.jpeg","type":"image\/jpeg"}],"twitter_card":"summary_large_image","schema":{"@context":"https:\/\/schema.org","@graph":[{"@type":"WebPage","@id":"https:\/\/prideshop.eu\/de\/shop\/sportarten\/mma-ultimate-fight-de\/mma-ultimate-fight-kleidung\/mma-shorts-amerikanischen-stil-pride\/","url":"https:\/\/prideshop.eu\/de\/shop\/sportarten\/mma-ultimate-fight-de\/mma-ultimate-fight-kleidung\/mma-shorts-amerikanischen-stil-pride\/","name":"MMA\u2013Shorts Pride \u2013 OctaWear - PRIDEshop","isPartOf":{"@id":"https:\/\/prideshop.eu\/de\/#website"},"primaryImageOfPage":{"@id":"https:\/\/prideshop.eu\/de\/shop\/sportarten\/mma-ultimate-fight-de\/mma-ultimate-fight-kleidung\/mma-shorts-amerikanischen-stil-pride\/#primaryimage"},"image":{"@id":"https:\/\/prideshop.eu\/de\/shop\/sportarten\/mma-ultimate-fight-de\/mma-ultimate-fight-kleidung\/mma-shorts-amerikanischen-stil-pride\/#primaryimage"},"thumbnailUrl":"https:\/\/prideshop.eu\/wp-content\/uploads\/2021\/10\/mma-hlacke-ameriski-stil-pride-2381.jpeg","datePublished":"2021-10-27T13:54:26+00:00","dateModified":"2025-08-04T08:47:39+00:00","description":"MMA Shorts amerikanischen Stil. Ultimative MMA Shorts f\u00fcr alle Arten von Mixed Martial Arts, insbesondere MMA, Grappling, Kickboxen...","breadcrumb":{"@id":"https:\/\/prideshop.eu\/de\/shop\/sportarten\/mma-ultimate-fight-de\/mma-ultimate-fight-kleidung\/mma-shorts-amerikanischen-stil-pride\/#breadcrumb"},"inLanguage":"de","potentialAction":[{"@type":"ReadAction","target":["https:\/\/prideshop.eu\/de\/shop\/sportarten\/mma-ultimate-fight-de\/mma-ultimate-fight-kleidung\/mma-shorts-amerikanischen-stil-pride\/"]}]},{"@type":"ImageObject","inLanguage":"de","@id":"https:\/\/prideshop.eu\/de\/shop\/sportarten\/mma-ultimate-fight-de\/mma-ultimate-fight-kleidung\/mma-shorts-amerikanischen-stil-pride\/#primaryimage","url":"https:\/\/prideshop.eu\/wp-content\/uploads\/2021\/10\/mma-hlacke-ameriski-stil-pride-2381.jpeg","contentUrl":"https:\/\/prideshop.eu\/wp-content\/uploads\/2021\/10\/mma-hlacke-ameriski-stil-pride-2381.jpeg","width":600,"height":600,"caption":"MMA shorts amerikanischen Stil Schwarz mit gesticktem Logo Pride"},{"@type":"BreadcrumbList","@id":"https:\/\/prideshop.eu\/de\/shop\/sportarten\/mma-ultimate-fight-de\/mma-ultimate-fight-kleidung\/mma-shorts-amerikanischen-stil-pride\/#breadcrumb","itemListElement":[{"@type":"ListItem","position":1,"name":"Home","item":"https:\/\/prideshop.eu\/de\/"},{"@type":"ListItem","position":2,"name":"Gesch\u00e4ft","item":"https:\/\/prideshop.eu\/de\/geschaeft\/"},{"@type":"ListItem","position":3,"name":"MMA\u2013Shorts Pride \u2013 OctaWear"}]},{"@type":"WebSite","@id":"https:\/\/prideshop.eu\/de\/#website","url":"https:\/\/prideshop.eu\/de\/","name":"PRIDEshop","description":"Oprema za Borilne \u0160porte","publisher":{"@id":"https:\/\/prideshop.eu\/de\/#organization"},"potentialAction":[{"@type":"SearchAction","target":{"@type":"EntryPoint","urlTemplate":"https:\/\/prideshop.eu\/de\/?s={search_term_string}"},"query-input":{"@type":"PropertyValueSpecification","valueRequired":true,"valueName":"search_term_string"}}],"inLanguage":"de"},{"@type":"Organization","@id":"https:\/\/prideshop.eu\/de\/#organization","name":"PRIDEshop","url":"https:\/\/prideshop.eu\/de\/","logo":{"@type":"ImageObject","inLanguage":"de","@id":"https:\/\/prideshop.eu\/de\/#\/schema\/logo\/image\/","url":"","contentUrl":"","caption":"PRIDEshop"},"image":{"@id":"https:\/\/prideshop.eu\/de\/#\/schema\/logo\/image\/"},"sameAs":["https:\/\/sl-si.facebook.com\/PrideShopeu"]}]}},"_links":{"self":[{"href":"https:\/\/prideshop.eu\/de\/wp-json\/wp\/v2\/product\/22193","targetHints":{"allow":["GET"]}}],"collection":[{"href":"https:\/\/prideshop.eu\/de\/wp-json\/wp\/v2\/product"}],"about":[{"href":"https:\/\/prideshop.eu\/de\/wp-json\/wp\/v2\/types\/product"}],"replies":[{"embeddable":true,"href":"https:\/\/prideshop.eu\/de\/wp-json\/wp\/v2\/comments?post=22193"}],"wp:featuredmedia":[{"embeddable":true,"href":"https:\/\/prideshop.eu\/de\/wp-json\/wp\/v2\/media\/21833"}],"wp:attachment":[{"href":"https:\/\/prideshop.eu\/de\/wp-json\/wp\/v2\/media?parent=22193"}],"wp:term":[{"taxonomy":"product_brand","embeddable":true,"href":"https:\/\/prideshop.eu\/de\/wp-json\/wp\/v2\/product_brand?post=22193"},{"taxonomy":"product_cat","embeddable":true,"href":"https:\/\/prideshop.eu\/de\/wp-json\/wp\/v2\/product_cat?post=22193"},{"taxonomy":"product_tag","embeddable":true,"href":"https:\/\/prideshop.eu\/de\/wp-json\/wp\/v2\/product_tag?post=22193"}],"curies":[{"name":"wp","href":"https:\/\/api.w.org\/{rel}","templated":true}]}}