{"id":22288,"date":"2021-10-21T13:36:59","date_gmt":"2021-10-21T11:36:59","guid":{"rendered":"https:\/\/prideshop.eu\/spletna-trgovina\/unkategorisiert\/damen-brustschutz-wkf-adidas-2\/"},"modified":"2025-08-04T11:06:59","modified_gmt":"2025-08-04T09:06:59","slug":"damen-brustschutz-wkf-adidas-2","status":"publish","type":"product","link":"https:\/\/prideshop.eu\/de\/shop\/sportarten\/itf-taekwondo-traditonelles-taekwondo\/taekwondo-itf-schutzausrustung\/damen-brustschutz-wkf-adidas-2\/","title":{"rendered":"Brustschutz Damen f\u00fcr Boxen &#038; Kickboxen Adidas \u2013 adiBP12"},"content":{"rendered":"<h3>Brustschutz Damen f\u00fcr Boxen &#038; Kickboxen Adidas \u2013 adiBP12<\/h3>\n<p>Damen Brustschutz WKF, Adidas Der Brustkorbschutz besteht aus harter Plastikmasse (Polyethiyen) und einem elastischen T\u2013Shirt. Das geformte Brustteil sch\u00fctzt maximal vor Schl\u00e4gen in den Brustkorb und ist f\u00fcr alle Kontaktsportarten geeignet. Dieses Produkt ist von der Seite des WKF zugelassen!<\/p>\n","protected":false},"excerpt":{"rendered":"<p>Damen Brustschutz WKF, Adidas Der Brustkorbschutz besteht aus harter Plastikmasse (Polyethiyen) und einem elastischen T\u2013Shirt. Das geformte Brustteil sch\u00fctzt maximal vor Schl\u00e4gen in den Brustkorb und ist f\u00fcr alle Kontaktsportarten geeignet. Dieses Produkt ist von der Seite des WKF zugelassen!<\/p>\n","protected":false},"featured_media":21733,"comment_status":"open","ping_status":"closed","template":"","meta":{"_acf_changed":false},"product_brand":[2084],"product_cat":[664,580,788,722,646,744,754,648,634,678,732,656,798,778,786],"product_tag":[],"class_list":{"0":"post-22288","1":"product","2":"type-product","3":"status-publish","4":"has-post-thumbnail","6":"product_brand-adidas","7":"product_cat-boxen","8":"product_cat-equipment-de","9":"product_cat-itf-taekwondo-traditonelles-taekwondo","10":"product_cat-kickboxen","11":"product_cat-korpershutz","12":"product_cat-mma-ultimate-fight-de","13":"product_cat-mma-ultimate-fight-schutzausrustung","14":"product_cat-schutz-fur-frauen","15":"product_cat-schutzausrustung","16":"product_cat-schutzausrustung-fur-boxen","17":"product_cat-schutzausrustung-zum-kickboxen","18":"product_cat-sportarten","19":"product_cat-taekwondo-itf-schutzausrustung","20":"product_cat-thaiboxen","21":"product_cat-thaiboxen-schutzausrustung","23":"first","24":"instock","25":"taxable","26":"shipping-taxable","27":"purchasable","28":"product-type-variable"},"acf":[],"yoast_head":"<!-- This site is optimized with the Yoast SEO plugin v27.5 - https:\/\/yoast.com\/product\/yoast-seo-wordpress\/ -->\n<title>Brustschutz Damen f\u00fcr Boxen &amp; Kickboxen Adidas \u2013 adiBP12 - PRIDEshop<\/title>\n<meta name=\"description\" content=\"Damen Brustschutz WKF, Adidas Der Brustkorbschutz besteht aus harter Plastikmasse (Polyethiyen) und einem elastischen T-Shirt.\" \/>\n<meta name=\"robots\" content=\"index, follow, max-snippet:-1, max-image-preview:large, max-video-preview:-1\" \/>\n<link rel=\"canonical\" href=\"https:\/\/prideshop.eu\/de\/shop\/sportarten\/itf-taekwondo-traditonelles-taekwondo\/taekwondo-itf-schutzausrustung\/damen-brustschutz-wkf-adidas-2\/\" \/>\n<meta property=\"og:locale\" content=\"de_DE\" \/>\n<meta property=\"og:type\" content=\"article\" \/>\n<meta property=\"og:title\" content=\"Brustschutz Damen f\u00fcr Boxen &amp; Kickboxen Adidas \u2013 adiBP12 - PRIDEshop\" \/>\n<meta property=\"og:description\" content=\"Damen Brustschutz WKF, Adidas Der Brustkorbschutz besteht aus harter Plastikmasse (Polyethiyen) und einem elastischen T-Shirt.\" \/>\n<meta property=\"og:url\" content=\"https:\/\/prideshop.eu\/de\/shop\/sportarten\/itf-taekwondo-traditonelles-taekwondo\/taekwondo-itf-schutzausrustung\/damen-brustschutz-wkf-adidas-2\/\" \/>\n<meta property=\"og:site_name\" content=\"PRIDEshop\" \/>\n<meta property=\"article:publisher\" content=\"https:\/\/sl-si.facebook.com\/PrideShopeu\" \/>\n<meta property=\"article:modified_time\" content=\"2025-08-04T09:06:59+00:00\" \/>\n<meta property=\"og:image\" content=\"https:\/\/prideshop.eu\/wp-content\/uploads\/2021\/10\/scitnik-za-prsi-adidas-a617.jpeg\" \/>\n\t<meta property=\"og:image:width\" content=\"600\" \/>\n\t<meta property=\"og:image:height\" content=\"600\" \/>\n\t<meta property=\"og:image:type\" content=\"image\/jpeg\" \/>\n<meta name=\"twitter:card\" content=\"summary_large_image\" \/>\n<script type=\"application\/ld+json\" class=\"yoast-schema-graph\">{\"@context\":\"https:\\\/\\\/schema.org\",\"@graph\":[{\"@type\":\"WebPage\",\"@id\":\"https:\\\/\\\/prideshop.eu\\\/de\\\/shop\\\/sportarten\\\/itf-taekwondo-traditonelles-taekwondo\\\/taekwondo-itf-schutzausrustung\\\/damen-brustschutz-wkf-adidas-2\\\/\",\"url\":\"https:\\\/\\\/prideshop.eu\\\/de\\\/shop\\\/sportarten\\\/itf-taekwondo-traditonelles-taekwondo\\\/taekwondo-itf-schutzausrustung\\\/damen-brustschutz-wkf-adidas-2\\\/\",\"name\":\"Brustschutz Damen f\u00fcr Boxen & Kickboxen Adidas \u2013 adiBP12 - PRIDEshop\",\"isPartOf\":{\"@id\":\"https:\\\/\\\/prideshop.eu\\\/de\\\/#website\"},\"primaryImageOfPage\":{\"@id\":\"https:\\\/\\\/prideshop.eu\\\/de\\\/shop\\\/sportarten\\\/itf-taekwondo-traditonelles-taekwondo\\\/taekwondo-itf-schutzausrustung\\\/damen-brustschutz-wkf-adidas-2\\\/#primaryimage\"},\"image\":{\"@id\":\"https:\\\/\\\/prideshop.eu\\\/de\\\/shop\\\/sportarten\\\/itf-taekwondo-traditonelles-taekwondo\\\/taekwondo-itf-schutzausrustung\\\/damen-brustschutz-wkf-adidas-2\\\/#primaryimage\"},\"thumbnailUrl\":\"https:\\\/\\\/prideshop.eu\\\/wp-content\\\/uploads\\\/2021\\\/10\\\/scitnik-za-prsi-adidas-a617.jpeg\",\"datePublished\":\"2021-10-21T11:36:59+00:00\",\"dateModified\":\"2025-08-04T09:06:59+00:00\",\"description\":\"Damen Brustschutz WKF, Adidas Der Brustkorbschutz besteht aus harter Plastikmasse (Polyethiyen) und einem elastischen T-Shirt.\",\"breadcrumb\":{\"@id\":\"https:\\\/\\\/prideshop.eu\\\/de\\\/shop\\\/sportarten\\\/itf-taekwondo-traditonelles-taekwondo\\\/taekwondo-itf-schutzausrustung\\\/damen-brustschutz-wkf-adidas-2\\\/#breadcrumb\"},\"inLanguage\":\"de\",\"potentialAction\":[{\"@type\":\"ReadAction\",\"target\":[\"https:\\\/\\\/prideshop.eu\\\/de\\\/shop\\\/sportarten\\\/itf-taekwondo-traditonelles-taekwondo\\\/taekwondo-itf-schutzausrustung\\\/damen-brustschutz-wkf-adidas-2\\\/\"]}]},{\"@type\":\"ImageObject\",\"inLanguage\":\"de\",\"@id\":\"https:\\\/\\\/prideshop.eu\\\/de\\\/shop\\\/sportarten\\\/itf-taekwondo-traditonelles-taekwondo\\\/taekwondo-itf-schutzausrustung\\\/damen-brustschutz-wkf-adidas-2\\\/#primaryimage\",\"url\":\"https:\\\/\\\/prideshop.eu\\\/wp-content\\\/uploads\\\/2021\\\/10\\\/scitnik-za-prsi-adidas-a617.jpeg\",\"contentUrl\":\"https:\\\/\\\/prideshop.eu\\\/wp-content\\\/uploads\\\/2021\\\/10\\\/scitnik-za-prsi-adidas-a617.jpeg\",\"width\":600,\"height\":600,\"caption\":\"Adidas Brustschutz komplett mit T-Shirt\"},{\"@type\":\"BreadcrumbList\",\"@id\":\"https:\\\/\\\/prideshop.eu\\\/de\\\/shop\\\/sportarten\\\/itf-taekwondo-traditonelles-taekwondo\\\/taekwondo-itf-schutzausrustung\\\/damen-brustschutz-wkf-adidas-2\\\/#breadcrumb\",\"itemListElement\":[{\"@type\":\"ListItem\",\"position\":1,\"name\":\"Home\",\"item\":\"https:\\\/\\\/prideshop.eu\\\/de\\\/\"},{\"@type\":\"ListItem\",\"position\":2,\"name\":\"Gesch\u00e4ft\",\"item\":\"https:\\\/\\\/prideshop.eu\\\/de\\\/geschaeft\\\/\"},{\"@type\":\"ListItem\",\"position\":3,\"name\":\"Brustschutz Damen f\u00fcr Boxen &#038; Kickboxen Adidas \u2013 adiBP12\"}]},{\"@type\":\"WebSite\",\"@id\":\"https:\\\/\\\/prideshop.eu\\\/de\\\/#website\",\"url\":\"https:\\\/\\\/prideshop.eu\\\/de\\\/\",\"name\":\"PRIDEshop\",\"description\":\"Oprema za Borilne \u0160porte\",\"publisher\":{\"@id\":\"https:\\\/\\\/prideshop.eu\\\/de\\\/#organization\"},\"potentialAction\":[{\"@type\":\"SearchAction\",\"target\":{\"@type\":\"EntryPoint\",\"urlTemplate\":\"https:\\\/\\\/prideshop.eu\\\/de\\\/?s={search_term_string}\"},\"query-input\":{\"@type\":\"PropertyValueSpecification\",\"valueRequired\":true,\"valueName\":\"search_term_string\"}}],\"inLanguage\":\"de\"},{\"@type\":\"Organization\",\"@id\":\"https:\\\/\\\/prideshop.eu\\\/de\\\/#organization\",\"name\":\"PRIDEshop\",\"url\":\"https:\\\/\\\/prideshop.eu\\\/de\\\/\",\"logo\":{\"@type\":\"ImageObject\",\"inLanguage\":\"de\",\"@id\":\"https:\\\/\\\/prideshop.eu\\\/de\\\/#\\\/schema\\\/logo\\\/image\\\/\",\"url\":\"\",\"contentUrl\":\"\",\"caption\":\"PRIDEshop\"},\"image\":{\"@id\":\"https:\\\/\\\/prideshop.eu\\\/de\\\/#\\\/schema\\\/logo\\\/image\\\/\"},\"sameAs\":[\"https:\\\/\\\/sl-si.facebook.com\\\/PrideShopeu\"]}]}<\/script>\n<!-- \/ Yoast SEO plugin. -->","yoast_head_json":{"title":"Brustschutz Damen f\u00fcr Boxen & Kickboxen Adidas \u2013 adiBP12 - PRIDEshop","description":"Damen Brustschutz WKF, Adidas Der Brustkorbschutz besteht aus harter Plastikmasse (Polyethiyen) und einem elastischen T-Shirt.","robots":{"index":"index","follow":"follow","max-snippet":"max-snippet:-1","max-image-preview":"max-image-preview:large","max-video-preview":"max-video-preview:-1"},"canonical":"https:\/\/prideshop.eu\/de\/shop\/sportarten\/itf-taekwondo-traditonelles-taekwondo\/taekwondo-itf-schutzausrustung\/damen-brustschutz-wkf-adidas-2\/","og_locale":"de_DE","og_type":"article","og_title":"Brustschutz Damen f\u00fcr Boxen & Kickboxen Adidas \u2013 adiBP12 - PRIDEshop","og_description":"Damen Brustschutz WKF, Adidas Der Brustkorbschutz besteht aus harter Plastikmasse (Polyethiyen) und einem elastischen T-Shirt.","og_url":"https:\/\/prideshop.eu\/de\/shop\/sportarten\/itf-taekwondo-traditonelles-taekwondo\/taekwondo-itf-schutzausrustung\/damen-brustschutz-wkf-adidas-2\/","og_site_name":"PRIDEshop","article_publisher":"https:\/\/sl-si.facebook.com\/PrideShopeu","article_modified_time":"2025-08-04T09:06:59+00:00","og_image":[{"width":600,"height":600,"url":"https:\/\/prideshop.eu\/wp-content\/uploads\/2021\/10\/scitnik-za-prsi-adidas-a617.jpeg","type":"image\/jpeg"}],"twitter_card":"summary_large_image","schema":{"@context":"https:\/\/schema.org","@graph":[{"@type":"WebPage","@id":"https:\/\/prideshop.eu\/de\/shop\/sportarten\/itf-taekwondo-traditonelles-taekwondo\/taekwondo-itf-schutzausrustung\/damen-brustschutz-wkf-adidas-2\/","url":"https:\/\/prideshop.eu\/de\/shop\/sportarten\/itf-taekwondo-traditonelles-taekwondo\/taekwondo-itf-schutzausrustung\/damen-brustschutz-wkf-adidas-2\/","name":"Brustschutz Damen f\u00fcr Boxen & Kickboxen Adidas \u2013 adiBP12 - PRIDEshop","isPartOf":{"@id":"https:\/\/prideshop.eu\/de\/#website"},"primaryImageOfPage":{"@id":"https:\/\/prideshop.eu\/de\/shop\/sportarten\/itf-taekwondo-traditonelles-taekwondo\/taekwondo-itf-schutzausrustung\/damen-brustschutz-wkf-adidas-2\/#primaryimage"},"image":{"@id":"https:\/\/prideshop.eu\/de\/shop\/sportarten\/itf-taekwondo-traditonelles-taekwondo\/taekwondo-itf-schutzausrustung\/damen-brustschutz-wkf-adidas-2\/#primaryimage"},"thumbnailUrl":"https:\/\/prideshop.eu\/wp-content\/uploads\/2021\/10\/scitnik-za-prsi-adidas-a617.jpeg","datePublished":"2021-10-21T11:36:59+00:00","dateModified":"2025-08-04T09:06:59+00:00","description":"Damen Brustschutz WKF, Adidas Der Brustkorbschutz besteht aus harter Plastikmasse (Polyethiyen) und einem elastischen T-Shirt.","breadcrumb":{"@id":"https:\/\/prideshop.eu\/de\/shop\/sportarten\/itf-taekwondo-traditonelles-taekwondo\/taekwondo-itf-schutzausrustung\/damen-brustschutz-wkf-adidas-2\/#breadcrumb"},"inLanguage":"de","potentialAction":[{"@type":"ReadAction","target":["https:\/\/prideshop.eu\/de\/shop\/sportarten\/itf-taekwondo-traditonelles-taekwondo\/taekwondo-itf-schutzausrustung\/damen-brustschutz-wkf-adidas-2\/"]}]},{"@type":"ImageObject","inLanguage":"de","@id":"https:\/\/prideshop.eu\/de\/shop\/sportarten\/itf-taekwondo-traditonelles-taekwondo\/taekwondo-itf-schutzausrustung\/damen-brustschutz-wkf-adidas-2\/#primaryimage","url":"https:\/\/prideshop.eu\/wp-content\/uploads\/2021\/10\/scitnik-za-prsi-adidas-a617.jpeg","contentUrl":"https:\/\/prideshop.eu\/wp-content\/uploads\/2021\/10\/scitnik-za-prsi-adidas-a617.jpeg","width":600,"height":600,"caption":"Adidas Brustschutz komplett mit T-Shirt"},{"@type":"BreadcrumbList","@id":"https:\/\/prideshop.eu\/de\/shop\/sportarten\/itf-taekwondo-traditonelles-taekwondo\/taekwondo-itf-schutzausrustung\/damen-brustschutz-wkf-adidas-2\/#breadcrumb","itemListElement":[{"@type":"ListItem","position":1,"name":"Home","item":"https:\/\/prideshop.eu\/de\/"},{"@type":"ListItem","position":2,"name":"Gesch\u00e4ft","item":"https:\/\/prideshop.eu\/de\/geschaeft\/"},{"@type":"ListItem","position":3,"name":"Brustschutz Damen f\u00fcr Boxen &#038; Kickboxen Adidas \u2013 adiBP12"}]},{"@type":"WebSite","@id":"https:\/\/prideshop.eu\/de\/#website","url":"https:\/\/prideshop.eu\/de\/","name":"PRIDEshop","description":"Oprema za Borilne \u0160porte","publisher":{"@id":"https:\/\/prideshop.eu\/de\/#organization"},"potentialAction":[{"@type":"SearchAction","target":{"@type":"EntryPoint","urlTemplate":"https:\/\/prideshop.eu\/de\/?s={search_term_string}"},"query-input":{"@type":"PropertyValueSpecification","valueRequired":true,"valueName":"search_term_string"}}],"inLanguage":"de"},{"@type":"Organization","@id":"https:\/\/prideshop.eu\/de\/#organization","name":"PRIDEshop","url":"https:\/\/prideshop.eu\/de\/","logo":{"@type":"ImageObject","inLanguage":"de","@id":"https:\/\/prideshop.eu\/de\/#\/schema\/logo\/image\/","url":"","contentUrl":"","caption":"PRIDEshop"},"image":{"@id":"https:\/\/prideshop.eu\/de\/#\/schema\/logo\/image\/"},"sameAs":["https:\/\/sl-si.facebook.com\/PrideShopeu"]}]}},"_links":{"self":[{"href":"https:\/\/prideshop.eu\/de\/wp-json\/wp\/v2\/product\/22288","targetHints":{"allow":["GET"]}}],"collection":[{"href":"https:\/\/prideshop.eu\/de\/wp-json\/wp\/v2\/product"}],"about":[{"href":"https:\/\/prideshop.eu\/de\/wp-json\/wp\/v2\/types\/product"}],"replies":[{"embeddable":true,"href":"https:\/\/prideshop.eu\/de\/wp-json\/wp\/v2\/comments?post=22288"}],"wp:featuredmedia":[{"embeddable":true,"href":"https:\/\/prideshop.eu\/de\/wp-json\/wp\/v2\/media\/21733"}],"wp:attachment":[{"href":"https:\/\/prideshop.eu\/de\/wp-json\/wp\/v2\/media?parent=22288"}],"wp:term":[{"taxonomy":"product_brand","embeddable":true,"href":"https:\/\/prideshop.eu\/de\/wp-json\/wp\/v2\/product_brand?post=22288"},{"taxonomy":"product_cat","embeddable":true,"href":"https:\/\/prideshop.eu\/de\/wp-json\/wp\/v2\/product_cat?post=22288"},{"taxonomy":"product_tag","embeddable":true,"href":"https:\/\/prideshop.eu\/de\/wp-json\/wp\/v2\/product_tag?post=22288"}],"curies":[{"name":"wp","href":"https:\/\/api.w.org\/{rel}","templated":true}]}}