{"id":22308,"date":"2021-09-30T13:47:50","date_gmt":"2021-09-30T11:47:50","guid":{"rendered":"https:\/\/prideshop.eu\/spletna-trgovina\/unkategorisiert\/doppelseitiges-target-pad-adidas\/"},"modified":"2026-01-12T19:41:17","modified_gmt":"2026-01-12T18:41:17","slug":"doppelseitiges-target-pad-adidas","status":"publish","type":"product","link":"https:\/\/prideshop.eu\/de\/shop\/sportarten\/karate-ausruestung\/karate-bekleidung-zubehoer\/doppelseitiges-target-pad-adidas\/","title":{"rendered":"Doppelseitiges Target Pad Adidas \u2013 DualStrike"},"content":{"rendered":"<h3>Doppelseitiges Target Pad Adidas \u2013 DualStrike<\/h3>\n<p>Doppelseitiges Target Pad, Adidas. Ideal zum Fokussieren von Schl\u00e4gen, insbesondere f\u00fcr Fu\u00dftechniken. Es ist doppelseitig und eignet sich f\u00fcr Schl\u00e4ge von beiden Seiten. Aus PU\u2013Leder mit zweilagiger F\u00fcllung aus weichem und handels\u00fcblichem EVA\u2013Schaum.nDurchmesser: 25 cmnDicke: 12 cm<\/p>\n","protected":false},"excerpt":{"rendered":"<p>Doppelseitiges Target Pad, Adidas. Ideal zum Fokussieren von Schl\u00e4gen, insbesondere f\u00fcr Fu\u00dftechniken. Es ist doppelseitig und eignet sich f\u00fcr Schl\u00e4ge von beiden Seiten. Aus PU\u2013Leder mit zweilagiger F\u00fcllung aus weichem und handels\u00fcblichem EVA\u2013Schaum.nDurchmesser: 25 cmnDicke: 12 cm<\/p>\n","protected":false},"featured_media":20736,"comment_status":"open","ping_status":"closed","template":"","meta":{"_acf_changed":false},"product_brand":[2084],"product_cat":[580,624,710,1906,656,616],"product_tag":[],"class_list":{"0":"post-22308","1":"product","2":"type-product","3":"status-publish","4":"has-post-thumbnail","6":"product_brand-adidas","7":"product_cat-equipment-de","8":"product_cat-handpratzen-schlagpolster-schlagschilder","9":"product_cat-karate-ausruestung","10":"product_cat-karate-bekleidung-zubehoer","11":"product_cat-sportarten","12":"product_cat-trainingsgerate","14":"first","15":"instock","16":"taxable","17":"shipping-taxable","18":"purchasable","19":"product-type-variable"},"acf":[],"yoast_head":"<!-- This site is optimized with the Yoast SEO plugin v27.5 - https:\/\/yoast.com\/product\/yoast-seo-wordpress\/ -->\n<title>Doppelseitiges Target Pad Adidas \u2013 DualStrike - PRIDEshop<\/title>\n<meta name=\"description\" content=\"Doppelseitiges Target Pad, Adidas. Ideal zum Fokussieren von Schl\u00e4gen, insbesondere f\u00fcr Fu\u00dftechniken. Es ist doppelseitig und eignet sich f\u00fcr Schl\u00e4ge von beiden Seiten.\" \/>\n<meta name=\"robots\" content=\"index, follow, max-snippet:-1, max-image-preview:large, max-video-preview:-1\" \/>\n<link rel=\"canonical\" href=\"https:\/\/prideshop.eu\/de\/shop\/sportarten\/karate-ausruestung\/karate-bekleidung-zubehoer\/doppelseitiges-target-pad-adidas\/\" \/>\n<meta property=\"og:locale\" content=\"de_DE\" \/>\n<meta property=\"og:type\" content=\"article\" \/>\n<meta property=\"og:title\" content=\"Doppelseitiges Target Pad Adidas \u2013 DualStrike - PRIDEshop\" \/>\n<meta property=\"og:description\" content=\"Doppelseitiges Target Pad, Adidas. Ideal zum Fokussieren von Schl\u00e4gen, insbesondere f\u00fcr Fu\u00dftechniken. Es ist doppelseitig und eignet sich f\u00fcr Schl\u00e4ge von beiden Seiten.\" \/>\n<meta property=\"og:url\" content=\"https:\/\/prideshop.eu\/de\/shop\/sportarten\/karate-ausruestung\/karate-bekleidung-zubehoer\/doppelseitiges-target-pad-adidas\/\" \/>\n<meta property=\"og:site_name\" content=\"PRIDEshop\" \/>\n<meta property=\"article:publisher\" content=\"https:\/\/sl-si.facebook.com\/PrideShopeu\" \/>\n<meta property=\"article:modified_time\" content=\"2026-01-12T18:41:17+00:00\" \/>\n<meta property=\"og:image\" content=\"https:\/\/prideshop.eu\/wp-content\/uploads\/2021\/09\/dvostranski-fokuser-adidas-a989.jpeg\" \/>\n\t<meta property=\"og:image:width\" content=\"600\" \/>\n\t<meta property=\"og:image:height\" content=\"600\" \/>\n\t<meta property=\"og:image:type\" content=\"image\/jpeg\" \/>\n<meta name=\"twitter:card\" content=\"summary_large_image\" \/>\n<script type=\"application\/ld+json\" class=\"yoast-schema-graph\">{\"@context\":\"https:\\\/\\\/schema.org\",\"@graph\":[{\"@type\":\"WebPage\",\"@id\":\"https:\\\/\\\/prideshop.eu\\\/de\\\/shop\\\/sportarten\\\/karate-ausruestung\\\/karate-bekleidung-zubehoer\\\/doppelseitiges-target-pad-adidas\\\/\",\"url\":\"https:\\\/\\\/prideshop.eu\\\/de\\\/shop\\\/sportarten\\\/karate-ausruestung\\\/karate-bekleidung-zubehoer\\\/doppelseitiges-target-pad-adidas\\\/\",\"name\":\"Doppelseitiges Target Pad Adidas \u2013 DualStrike - PRIDEshop\",\"isPartOf\":{\"@id\":\"https:\\\/\\\/prideshop.eu\\\/de\\\/#website\"},\"primaryImageOfPage\":{\"@id\":\"https:\\\/\\\/prideshop.eu\\\/de\\\/shop\\\/sportarten\\\/karate-ausruestung\\\/karate-bekleidung-zubehoer\\\/doppelseitiges-target-pad-adidas\\\/#primaryimage\"},\"image\":{\"@id\":\"https:\\\/\\\/prideshop.eu\\\/de\\\/shop\\\/sportarten\\\/karate-ausruestung\\\/karate-bekleidung-zubehoer\\\/doppelseitiges-target-pad-adidas\\\/#primaryimage\"},\"thumbnailUrl\":\"https:\\\/\\\/prideshop.eu\\\/wp-content\\\/uploads\\\/2021\\\/09\\\/dvostranski-fokuser-adidas-a989.jpeg\",\"datePublished\":\"2021-09-30T11:47:50+00:00\",\"dateModified\":\"2026-01-12T18:41:17+00:00\",\"description\":\"Doppelseitiges Target Pad, Adidas. Ideal zum Fokussieren von Schl\u00e4gen, insbesondere f\u00fcr Fu\u00dftechniken. Es ist doppelseitig und eignet sich f\u00fcr Schl\u00e4ge von beiden Seiten.\",\"breadcrumb\":{\"@id\":\"https:\\\/\\\/prideshop.eu\\\/de\\\/shop\\\/sportarten\\\/karate-ausruestung\\\/karate-bekleidung-zubehoer\\\/doppelseitiges-target-pad-adidas\\\/#breadcrumb\"},\"inLanguage\":\"de\",\"potentialAction\":[{\"@type\":\"ReadAction\",\"target\":[\"https:\\\/\\\/prideshop.eu\\\/de\\\/shop\\\/sportarten\\\/karate-ausruestung\\\/karate-bekleidung-zubehoer\\\/doppelseitiges-target-pad-adidas\\\/\"]}]},{\"@type\":\"ImageObject\",\"inLanguage\":\"de\",\"@id\":\"https:\\\/\\\/prideshop.eu\\\/de\\\/shop\\\/sportarten\\\/karate-ausruestung\\\/karate-bekleidung-zubehoer\\\/doppelseitiges-target-pad-adidas\\\/#primaryimage\",\"url\":\"https:\\\/\\\/prideshop.eu\\\/wp-content\\\/uploads\\\/2021\\\/09\\\/dvostranski-fokuser-adidas-a989.jpeg\",\"contentUrl\":\"https:\\\/\\\/prideshop.eu\\\/wp-content\\\/uploads\\\/2021\\\/09\\\/dvostranski-fokuser-adidas-a989.jpeg\",\"width\":600,\"height\":600,\"caption\":\"Rundes doppelseitiges Target Pad mit Adidas Logo\"},{\"@type\":\"BreadcrumbList\",\"@id\":\"https:\\\/\\\/prideshop.eu\\\/de\\\/shop\\\/sportarten\\\/karate-ausruestung\\\/karate-bekleidung-zubehoer\\\/doppelseitiges-target-pad-adidas\\\/#breadcrumb\",\"itemListElement\":[{\"@type\":\"ListItem\",\"position\":1,\"name\":\"Home\",\"item\":\"https:\\\/\\\/prideshop.eu\\\/de\\\/\"},{\"@type\":\"ListItem\",\"position\":2,\"name\":\"Gesch\u00e4ft\",\"item\":\"https:\\\/\\\/prideshop.eu\\\/de\\\/geschaeft\\\/\"},{\"@type\":\"ListItem\",\"position\":3,\"name\":\"Doppelseitiges Target Pad Adidas \u2013 DualStrike\"}]},{\"@type\":\"WebSite\",\"@id\":\"https:\\\/\\\/prideshop.eu\\\/de\\\/#website\",\"url\":\"https:\\\/\\\/prideshop.eu\\\/de\\\/\",\"name\":\"PRIDEshop\",\"description\":\"Oprema za Borilne \u0160porte\",\"publisher\":{\"@id\":\"https:\\\/\\\/prideshop.eu\\\/de\\\/#organization\"},\"potentialAction\":[{\"@type\":\"SearchAction\",\"target\":{\"@type\":\"EntryPoint\",\"urlTemplate\":\"https:\\\/\\\/prideshop.eu\\\/de\\\/?s={search_term_string}\"},\"query-input\":{\"@type\":\"PropertyValueSpecification\",\"valueRequired\":true,\"valueName\":\"search_term_string\"}}],\"inLanguage\":\"de\"},{\"@type\":\"Organization\",\"@id\":\"https:\\\/\\\/prideshop.eu\\\/de\\\/#organization\",\"name\":\"PRIDEshop\",\"url\":\"https:\\\/\\\/prideshop.eu\\\/de\\\/\",\"logo\":{\"@type\":\"ImageObject\",\"inLanguage\":\"de\",\"@id\":\"https:\\\/\\\/prideshop.eu\\\/de\\\/#\\\/schema\\\/logo\\\/image\\\/\",\"url\":\"\",\"contentUrl\":\"\",\"caption\":\"PRIDEshop\"},\"image\":{\"@id\":\"https:\\\/\\\/prideshop.eu\\\/de\\\/#\\\/schema\\\/logo\\\/image\\\/\"},\"sameAs\":[\"https:\\\/\\\/sl-si.facebook.com\\\/PrideShopeu\"]}]}<\/script>\n<!-- \/ Yoast SEO plugin. -->","yoast_head_json":{"title":"Doppelseitiges Target Pad Adidas \u2013 DualStrike - PRIDEshop","description":"Doppelseitiges Target Pad, Adidas. Ideal zum Fokussieren von Schl\u00e4gen, insbesondere f\u00fcr Fu\u00dftechniken. Es ist doppelseitig und eignet sich f\u00fcr Schl\u00e4ge von beiden Seiten.","robots":{"index":"index","follow":"follow","max-snippet":"max-snippet:-1","max-image-preview":"max-image-preview:large","max-video-preview":"max-video-preview:-1"},"canonical":"https:\/\/prideshop.eu\/de\/shop\/sportarten\/karate-ausruestung\/karate-bekleidung-zubehoer\/doppelseitiges-target-pad-adidas\/","og_locale":"de_DE","og_type":"article","og_title":"Doppelseitiges Target Pad Adidas \u2013 DualStrike - PRIDEshop","og_description":"Doppelseitiges Target Pad, Adidas. Ideal zum Fokussieren von Schl\u00e4gen, insbesondere f\u00fcr Fu\u00dftechniken. Es ist doppelseitig und eignet sich f\u00fcr Schl\u00e4ge von beiden Seiten.","og_url":"https:\/\/prideshop.eu\/de\/shop\/sportarten\/karate-ausruestung\/karate-bekleidung-zubehoer\/doppelseitiges-target-pad-adidas\/","og_site_name":"PRIDEshop","article_publisher":"https:\/\/sl-si.facebook.com\/PrideShopeu","article_modified_time":"2026-01-12T18:41:17+00:00","og_image":[{"width":600,"height":600,"url":"https:\/\/prideshop.eu\/wp-content\/uploads\/2021\/09\/dvostranski-fokuser-adidas-a989.jpeg","type":"image\/jpeg"}],"twitter_card":"summary_large_image","schema":{"@context":"https:\/\/schema.org","@graph":[{"@type":"WebPage","@id":"https:\/\/prideshop.eu\/de\/shop\/sportarten\/karate-ausruestung\/karate-bekleidung-zubehoer\/doppelseitiges-target-pad-adidas\/","url":"https:\/\/prideshop.eu\/de\/shop\/sportarten\/karate-ausruestung\/karate-bekleidung-zubehoer\/doppelseitiges-target-pad-adidas\/","name":"Doppelseitiges Target Pad Adidas \u2013 DualStrike - PRIDEshop","isPartOf":{"@id":"https:\/\/prideshop.eu\/de\/#website"},"primaryImageOfPage":{"@id":"https:\/\/prideshop.eu\/de\/shop\/sportarten\/karate-ausruestung\/karate-bekleidung-zubehoer\/doppelseitiges-target-pad-adidas\/#primaryimage"},"image":{"@id":"https:\/\/prideshop.eu\/de\/shop\/sportarten\/karate-ausruestung\/karate-bekleidung-zubehoer\/doppelseitiges-target-pad-adidas\/#primaryimage"},"thumbnailUrl":"https:\/\/prideshop.eu\/wp-content\/uploads\/2021\/09\/dvostranski-fokuser-adidas-a989.jpeg","datePublished":"2021-09-30T11:47:50+00:00","dateModified":"2026-01-12T18:41:17+00:00","description":"Doppelseitiges Target Pad, Adidas. Ideal zum Fokussieren von Schl\u00e4gen, insbesondere f\u00fcr Fu\u00dftechniken. Es ist doppelseitig und eignet sich f\u00fcr Schl\u00e4ge von beiden Seiten.","breadcrumb":{"@id":"https:\/\/prideshop.eu\/de\/shop\/sportarten\/karate-ausruestung\/karate-bekleidung-zubehoer\/doppelseitiges-target-pad-adidas\/#breadcrumb"},"inLanguage":"de","potentialAction":[{"@type":"ReadAction","target":["https:\/\/prideshop.eu\/de\/shop\/sportarten\/karate-ausruestung\/karate-bekleidung-zubehoer\/doppelseitiges-target-pad-adidas\/"]}]},{"@type":"ImageObject","inLanguage":"de","@id":"https:\/\/prideshop.eu\/de\/shop\/sportarten\/karate-ausruestung\/karate-bekleidung-zubehoer\/doppelseitiges-target-pad-adidas\/#primaryimage","url":"https:\/\/prideshop.eu\/wp-content\/uploads\/2021\/09\/dvostranski-fokuser-adidas-a989.jpeg","contentUrl":"https:\/\/prideshop.eu\/wp-content\/uploads\/2021\/09\/dvostranski-fokuser-adidas-a989.jpeg","width":600,"height":600,"caption":"Rundes doppelseitiges Target Pad mit Adidas Logo"},{"@type":"BreadcrumbList","@id":"https:\/\/prideshop.eu\/de\/shop\/sportarten\/karate-ausruestung\/karate-bekleidung-zubehoer\/doppelseitiges-target-pad-adidas\/#breadcrumb","itemListElement":[{"@type":"ListItem","position":1,"name":"Home","item":"https:\/\/prideshop.eu\/de\/"},{"@type":"ListItem","position":2,"name":"Gesch\u00e4ft","item":"https:\/\/prideshop.eu\/de\/geschaeft\/"},{"@type":"ListItem","position":3,"name":"Doppelseitiges Target Pad Adidas \u2013 DualStrike"}]},{"@type":"WebSite","@id":"https:\/\/prideshop.eu\/de\/#website","url":"https:\/\/prideshop.eu\/de\/","name":"PRIDEshop","description":"Oprema za Borilne \u0160porte","publisher":{"@id":"https:\/\/prideshop.eu\/de\/#organization"},"potentialAction":[{"@type":"SearchAction","target":{"@type":"EntryPoint","urlTemplate":"https:\/\/prideshop.eu\/de\/?s={search_term_string}"},"query-input":{"@type":"PropertyValueSpecification","valueRequired":true,"valueName":"search_term_string"}}],"inLanguage":"de"},{"@type":"Organization","@id":"https:\/\/prideshop.eu\/de\/#organization","name":"PRIDEshop","url":"https:\/\/prideshop.eu\/de\/","logo":{"@type":"ImageObject","inLanguage":"de","@id":"https:\/\/prideshop.eu\/de\/#\/schema\/logo\/image\/","url":"","contentUrl":"","caption":"PRIDEshop"},"image":{"@id":"https:\/\/prideshop.eu\/de\/#\/schema\/logo\/image\/"},"sameAs":["https:\/\/sl-si.facebook.com\/PrideShopeu"]}]}},"_links":{"self":[{"href":"https:\/\/prideshop.eu\/de\/wp-json\/wp\/v2\/product\/22308","targetHints":{"allow":["GET"]}}],"collection":[{"href":"https:\/\/prideshop.eu\/de\/wp-json\/wp\/v2\/product"}],"about":[{"href":"https:\/\/prideshop.eu\/de\/wp-json\/wp\/v2\/types\/product"}],"replies":[{"embeddable":true,"href":"https:\/\/prideshop.eu\/de\/wp-json\/wp\/v2\/comments?post=22308"}],"wp:featuredmedia":[{"embeddable":true,"href":"https:\/\/prideshop.eu\/de\/wp-json\/wp\/v2\/media\/20736"}],"wp:attachment":[{"href":"https:\/\/prideshop.eu\/de\/wp-json\/wp\/v2\/media?parent=22308"}],"wp:term":[{"taxonomy":"product_brand","embeddable":true,"href":"https:\/\/prideshop.eu\/de\/wp-json\/wp\/v2\/product_brand?post=22308"},{"taxonomy":"product_cat","embeddable":true,"href":"https:\/\/prideshop.eu\/de\/wp-json\/wp\/v2\/product_cat?post=22308"},{"taxonomy":"product_tag","embeddable":true,"href":"https:\/\/prideshop.eu\/de\/wp-json\/wp\/v2\/product_tag?post=22308"}],"curies":[{"name":"wp","href":"https:\/\/api.w.org\/{rel}","templated":true}]}}