{"id":24539,"date":"2022-01-04T14:05:04","date_gmt":"2022-01-04T13:05:04","guid":{"rendered":"https:\/\/prideshop.eu\/spletna-trgovina\/unkategorisiert\/schuherfrischer-und-schuhtrockner-fur-boxhandschuhe-und-schuhe-shoefresh\/"},"modified":"2025-08-04T11:18:51","modified_gmt":"2025-08-04T09:18:51","slug":"schuherfrischer-und-schuhtrockner-fur-boxhandschuhe-und-schuhe-shoefresh","status":"publish","type":"product","link":"https:\/\/prideshop.eu\/de\/shop\/equipment-de\/trainingsgerate\/schuherfrischer-und-schuhtrockner-fur-boxhandschuhe-und-schuhe-shoefresh\/","title":{"rendered":"Schuherfrischer und Schuhtrockner f\u00fcr Boxhandschuhe und Schuhe | Shoefresh"},"content":{"rendered":"<h3>Schuherfrischer und Schuhtrockner f\u00fcr Boxhandschuhe und Schuhe | Shoefresh<\/h3>\n<p>Schuherfrischer und Schuhtrockner f\u00fcr Boxhandschuhe und Schuhe, Shoefresh. Nie wieder schlecht riechende und nasse Schuhe mit Shoefresh: der Schuherfrischer der reinigt und trocknet. Keine unangenehm riechenden Schuhe mehr im Haus. Absorbiert schlechte Ger\u00fcche, Bakterien und Pilze.nDadurch ist Shoefresh auch f\u00fcr Sportschuhe, Sneakers, Lederschuhe, Arbeitsschuhe, Skischuhe und Stiefel geeignet. Aber auch (Box\u2013)Handschuhe, Schienbeinschoner, Hausschuhe, Socken und Helme werden wieder angenehm frisch. Hygienisch und sauber: Empfohlen von Pedik\u00fcren. Effektiver Schutz gegen Fu\u00dfpilz und Pilzn\u00e4gel. Keine schlecht riechenden Schuhe mehr im Haus. Nie wieder nasse Schuhe anziehen. Einfach und schnell: startet und stoppt automatisch.<\/p>\n","protected":false},"excerpt":{"rendered":"<p>Schuherfrischer und Schuhtrockner f\u00fcr Boxhandschuhe und Schuhe, Shoefresh. Nie wieder schlecht riechende und nasse Schuhe mit Shoefresh: der Schuherfrischer der reinigt und trocknet. Keine unangenehm riechenden Schuhe mehr im Haus. Absorbiert schlechte Ger\u00fcche, Bakterien und Pilze.nDadurch ist Shoefresh auch f\u00fcr Sportschuhe, Sneakers, Lederschuhe, Arbeitsschuhe, Skischuhe und Stiefel geeignet. Aber auch (Box\u2013)Handschuhe, Schienbeinschoner, Hausschuhe, Socken und Helme werden wieder angenehm frisch. Hygienisch und sauber: Empfohlen von Pedik\u00fcren. Effektiver Schutz gegen Fu\u00dfpilz und Pilzn\u00e4gel. Keine schlecht riechenden Schuhe mehr im Haus. Nie wieder nasse Schuhe anziehen. Einfach und schnell: startet und stoppt automatisch.<\/p>\n","protected":false},"featured_media":23235,"comment_status":"open","ping_status":"closed","template":"","meta":{"_acf_changed":false},"product_brand":[],"product_cat":[616],"product_tag":[],"class_list":{"0":"post-24539","1":"product","2":"type-product","3":"status-publish","4":"has-post-thumbnail","6":"product_cat-trainingsgerate","8":"first","9":"outofstock","10":"taxable","11":"shipping-taxable","12":"purchasable","13":"product-type-simple"},"acf":[],"yoast_head":"<!-- This site is optimized with the Yoast SEO plugin v27.4 - https:\/\/yoast.com\/product\/yoast-seo-wordpress\/ -->\n<title>Schuherfrischer und Schuhtrockner f\u00fcr Boxhandschuhe und Schuhe | Shoefresh - PRIDEshop<\/title>\n<meta name=\"description\" content=\"Schuherfrischer und Schuhtrockner f\u00fcr Boxhandschuhe und Schuhe, Shoefresh. Nie wieder schlecht riechende und nasse Schuhe mit Shoefresh.\" \/>\n<meta name=\"robots\" content=\"index, follow, max-snippet:-1, max-image-preview:large, max-video-preview:-1\" \/>\n<link rel=\"canonical\" href=\"https:\/\/prideshop.eu\/de\/shop\/equipment-de\/trainingsgerate\/schuherfrischer-und-schuhtrockner-fur-boxhandschuhe-und-schuhe-shoefresh\/\" \/>\n<meta property=\"og:locale\" content=\"de_DE\" \/>\n<meta property=\"og:type\" content=\"article\" \/>\n<meta property=\"og:title\" content=\"Schuherfrischer und Schuhtrockner f\u00fcr Boxhandschuhe und Schuhe | Shoefresh - PRIDEshop\" \/>\n<meta property=\"og:description\" content=\"Schuherfrischer und Schuhtrockner f\u00fcr Boxhandschuhe und Schuhe, Shoefresh. Nie wieder schlecht riechende und nasse Schuhe mit Shoefresh.\" \/>\n<meta property=\"og:url\" content=\"https:\/\/prideshop.eu\/de\/shop\/equipment-de\/trainingsgerate\/schuherfrischer-und-schuhtrockner-fur-boxhandschuhe-und-schuhe-shoefresh\/\" \/>\n<meta property=\"og:site_name\" content=\"PRIDEshop\" \/>\n<meta property=\"article:publisher\" content=\"https:\/\/sl-si.facebook.com\/PrideShopeu\" \/>\n<meta property=\"article:modified_time\" content=\"2025-08-04T09:18:51+00:00\" \/>\n<meta property=\"og:image\" content=\"https:\/\/prideshop.eu\/wp-content\/uploads\/2022\/01\/susilec-in-dezinfektor-obutve-in-boks-rokavic-shoefresh-2.jpg\" \/>\n\t<meta property=\"og:image:width\" content=\"550\" \/>\n\t<meta property=\"og:image:height\" content=\"690\" \/>\n\t<meta property=\"og:image:type\" content=\"image\/jpeg\" \/>\n<meta name=\"twitter:card\" content=\"summary_large_image\" \/>\n<meta name=\"twitter:label1\" content=\"Gesch\u00e4tzte Lesezeit\" \/>\n\t<meta name=\"twitter:data1\" content=\"1\u00a0Minute\" \/>\n<script type=\"application\/ld+json\" class=\"yoast-schema-graph\">{\"@context\":\"https:\\\/\\\/schema.org\",\"@graph\":[{\"@type\":\"WebPage\",\"@id\":\"https:\\\/\\\/prideshop.eu\\\/de\\\/shop\\\/equipment-de\\\/trainingsgerate\\\/schuherfrischer-und-schuhtrockner-fur-boxhandschuhe-und-schuhe-shoefresh\\\/\",\"url\":\"https:\\\/\\\/prideshop.eu\\\/de\\\/shop\\\/equipment-de\\\/trainingsgerate\\\/schuherfrischer-und-schuhtrockner-fur-boxhandschuhe-und-schuhe-shoefresh\\\/\",\"name\":\"Schuherfrischer und Schuhtrockner f\u00fcr Boxhandschuhe und Schuhe | Shoefresh - PRIDEshop\",\"isPartOf\":{\"@id\":\"https:\\\/\\\/prideshop.eu\\\/de\\\/#website\"},\"primaryImageOfPage\":{\"@id\":\"https:\\\/\\\/prideshop.eu\\\/de\\\/shop\\\/equipment-de\\\/trainingsgerate\\\/schuherfrischer-und-schuhtrockner-fur-boxhandschuhe-und-schuhe-shoefresh\\\/#primaryimage\"},\"image\":{\"@id\":\"https:\\\/\\\/prideshop.eu\\\/de\\\/shop\\\/equipment-de\\\/trainingsgerate\\\/schuherfrischer-und-schuhtrockner-fur-boxhandschuhe-und-schuhe-shoefresh\\\/#primaryimage\"},\"thumbnailUrl\":\"https:\\\/\\\/prideshop.eu\\\/wp-content\\\/uploads\\\/2022\\\/01\\\/susilec-in-dezinfektor-obutve-in-boks-rokavic-shoefresh-2.jpg\",\"datePublished\":\"2022-01-04T13:05:04+00:00\",\"dateModified\":\"2025-08-04T09:18:51+00:00\",\"description\":\"Schuherfrischer und Schuhtrockner f\u00fcr Boxhandschuhe und Schuhe, Shoefresh. Nie wieder schlecht riechende und nasse Schuhe mit Shoefresh.\",\"breadcrumb\":{\"@id\":\"https:\\\/\\\/prideshop.eu\\\/de\\\/shop\\\/equipment-de\\\/trainingsgerate\\\/schuherfrischer-und-schuhtrockner-fur-boxhandschuhe-und-schuhe-shoefresh\\\/#breadcrumb\"},\"inLanguage\":\"de\",\"potentialAction\":[{\"@type\":\"ReadAction\",\"target\":[\"https:\\\/\\\/prideshop.eu\\\/de\\\/shop\\\/equipment-de\\\/trainingsgerate\\\/schuherfrischer-und-schuhtrockner-fur-boxhandschuhe-und-schuhe-shoefresh\\\/\"]}]},{\"@type\":\"ImageObject\",\"inLanguage\":\"de\",\"@id\":\"https:\\\/\\\/prideshop.eu\\\/de\\\/shop\\\/equipment-de\\\/trainingsgerate\\\/schuherfrischer-und-schuhtrockner-fur-boxhandschuhe-und-schuhe-shoefresh\\\/#primaryimage\",\"url\":\"https:\\\/\\\/prideshop.eu\\\/wp-content\\\/uploads\\\/2022\\\/01\\\/susilec-in-dezinfektor-obutve-in-boks-rokavic-shoefresh-2.jpg\",\"contentUrl\":\"https:\\\/\\\/prideshop.eu\\\/wp-content\\\/uploads\\\/2022\\\/01\\\/susilec-in-dezinfektor-obutve-in-boks-rokavic-shoefresh-2.jpg\",\"width\":550,\"height\":690,\"caption\":\"Schuherfrischer und Schuhtrockner f\u00fcr Boxhandschuhe und Schuhe Shoefresh elektrisch\"},{\"@type\":\"BreadcrumbList\",\"@id\":\"https:\\\/\\\/prideshop.eu\\\/de\\\/shop\\\/equipment-de\\\/trainingsgerate\\\/schuherfrischer-und-schuhtrockner-fur-boxhandschuhe-und-schuhe-shoefresh\\\/#breadcrumb\",\"itemListElement\":[{\"@type\":\"ListItem\",\"position\":1,\"name\":\"Home\",\"item\":\"https:\\\/\\\/prideshop.eu\\\/de\\\/\"},{\"@type\":\"ListItem\",\"position\":2,\"name\":\"Gesch\u00e4ft\",\"item\":\"https:\\\/\\\/prideshop.eu\\\/de\\\/geschaeft\\\/\"},{\"@type\":\"ListItem\",\"position\":3,\"name\":\"Schuherfrischer und Schuhtrockner f\u00fcr Boxhandschuhe und Schuhe | Shoefresh\"}]},{\"@type\":\"WebSite\",\"@id\":\"https:\\\/\\\/prideshop.eu\\\/de\\\/#website\",\"url\":\"https:\\\/\\\/prideshop.eu\\\/de\\\/\",\"name\":\"PRIDEshop\",\"description\":\"Oprema za Borilne \u0160porte\",\"publisher\":{\"@id\":\"https:\\\/\\\/prideshop.eu\\\/de\\\/#organization\"},\"potentialAction\":[{\"@type\":\"SearchAction\",\"target\":{\"@type\":\"EntryPoint\",\"urlTemplate\":\"https:\\\/\\\/prideshop.eu\\\/de\\\/?s={search_term_string}\"},\"query-input\":{\"@type\":\"PropertyValueSpecification\",\"valueRequired\":true,\"valueName\":\"search_term_string\"}}],\"inLanguage\":\"de\"},{\"@type\":\"Organization\",\"@id\":\"https:\\\/\\\/prideshop.eu\\\/de\\\/#organization\",\"name\":\"PRIDEshop\",\"url\":\"https:\\\/\\\/prideshop.eu\\\/de\\\/\",\"logo\":{\"@type\":\"ImageObject\",\"inLanguage\":\"de\",\"@id\":\"https:\\\/\\\/prideshop.eu\\\/de\\\/#\\\/schema\\\/logo\\\/image\\\/\",\"url\":\"\",\"contentUrl\":\"\",\"caption\":\"PRIDEshop\"},\"image\":{\"@id\":\"https:\\\/\\\/prideshop.eu\\\/de\\\/#\\\/schema\\\/logo\\\/image\\\/\"},\"sameAs\":[\"https:\\\/\\\/sl-si.facebook.com\\\/PrideShopeu\"]}]}<\/script>\n<!-- \/ Yoast SEO plugin. -->","yoast_head_json":{"title":"Schuherfrischer und Schuhtrockner f\u00fcr Boxhandschuhe und Schuhe | Shoefresh - PRIDEshop","description":"Schuherfrischer und Schuhtrockner f\u00fcr Boxhandschuhe und Schuhe, Shoefresh. Nie wieder schlecht riechende und nasse Schuhe mit Shoefresh.","robots":{"index":"index","follow":"follow","max-snippet":"max-snippet:-1","max-image-preview":"max-image-preview:large","max-video-preview":"max-video-preview:-1"},"canonical":"https:\/\/prideshop.eu\/de\/shop\/equipment-de\/trainingsgerate\/schuherfrischer-und-schuhtrockner-fur-boxhandschuhe-und-schuhe-shoefresh\/","og_locale":"de_DE","og_type":"article","og_title":"Schuherfrischer und Schuhtrockner f\u00fcr Boxhandschuhe und Schuhe | Shoefresh - PRIDEshop","og_description":"Schuherfrischer und Schuhtrockner f\u00fcr Boxhandschuhe und Schuhe, Shoefresh. Nie wieder schlecht riechende und nasse Schuhe mit Shoefresh.","og_url":"https:\/\/prideshop.eu\/de\/shop\/equipment-de\/trainingsgerate\/schuherfrischer-und-schuhtrockner-fur-boxhandschuhe-und-schuhe-shoefresh\/","og_site_name":"PRIDEshop","article_publisher":"https:\/\/sl-si.facebook.com\/PrideShopeu","article_modified_time":"2025-08-04T09:18:51+00:00","og_image":[{"width":550,"height":690,"url":"https:\/\/prideshop.eu\/wp-content\/uploads\/2022\/01\/susilec-in-dezinfektor-obutve-in-boks-rokavic-shoefresh-2.jpg","type":"image\/jpeg"}],"twitter_card":"summary_large_image","twitter_misc":{"Gesch\u00e4tzte Lesezeit":"1\u00a0Minute"},"schema":{"@context":"https:\/\/schema.org","@graph":[{"@type":"WebPage","@id":"https:\/\/prideshop.eu\/de\/shop\/equipment-de\/trainingsgerate\/schuherfrischer-und-schuhtrockner-fur-boxhandschuhe-und-schuhe-shoefresh\/","url":"https:\/\/prideshop.eu\/de\/shop\/equipment-de\/trainingsgerate\/schuherfrischer-und-schuhtrockner-fur-boxhandschuhe-und-schuhe-shoefresh\/","name":"Schuherfrischer und Schuhtrockner f\u00fcr Boxhandschuhe und Schuhe | Shoefresh - PRIDEshop","isPartOf":{"@id":"https:\/\/prideshop.eu\/de\/#website"},"primaryImageOfPage":{"@id":"https:\/\/prideshop.eu\/de\/shop\/equipment-de\/trainingsgerate\/schuherfrischer-und-schuhtrockner-fur-boxhandschuhe-und-schuhe-shoefresh\/#primaryimage"},"image":{"@id":"https:\/\/prideshop.eu\/de\/shop\/equipment-de\/trainingsgerate\/schuherfrischer-und-schuhtrockner-fur-boxhandschuhe-und-schuhe-shoefresh\/#primaryimage"},"thumbnailUrl":"https:\/\/prideshop.eu\/wp-content\/uploads\/2022\/01\/susilec-in-dezinfektor-obutve-in-boks-rokavic-shoefresh-2.jpg","datePublished":"2022-01-04T13:05:04+00:00","dateModified":"2025-08-04T09:18:51+00:00","description":"Schuherfrischer und Schuhtrockner f\u00fcr Boxhandschuhe und Schuhe, Shoefresh. Nie wieder schlecht riechende und nasse Schuhe mit Shoefresh.","breadcrumb":{"@id":"https:\/\/prideshop.eu\/de\/shop\/equipment-de\/trainingsgerate\/schuherfrischer-und-schuhtrockner-fur-boxhandschuhe-und-schuhe-shoefresh\/#breadcrumb"},"inLanguage":"de","potentialAction":[{"@type":"ReadAction","target":["https:\/\/prideshop.eu\/de\/shop\/equipment-de\/trainingsgerate\/schuherfrischer-und-schuhtrockner-fur-boxhandschuhe-und-schuhe-shoefresh\/"]}]},{"@type":"ImageObject","inLanguage":"de","@id":"https:\/\/prideshop.eu\/de\/shop\/equipment-de\/trainingsgerate\/schuherfrischer-und-schuhtrockner-fur-boxhandschuhe-und-schuhe-shoefresh\/#primaryimage","url":"https:\/\/prideshop.eu\/wp-content\/uploads\/2022\/01\/susilec-in-dezinfektor-obutve-in-boks-rokavic-shoefresh-2.jpg","contentUrl":"https:\/\/prideshop.eu\/wp-content\/uploads\/2022\/01\/susilec-in-dezinfektor-obutve-in-boks-rokavic-shoefresh-2.jpg","width":550,"height":690,"caption":"Schuherfrischer und Schuhtrockner f\u00fcr Boxhandschuhe und Schuhe Shoefresh elektrisch"},{"@type":"BreadcrumbList","@id":"https:\/\/prideshop.eu\/de\/shop\/equipment-de\/trainingsgerate\/schuherfrischer-und-schuhtrockner-fur-boxhandschuhe-und-schuhe-shoefresh\/#breadcrumb","itemListElement":[{"@type":"ListItem","position":1,"name":"Home","item":"https:\/\/prideshop.eu\/de\/"},{"@type":"ListItem","position":2,"name":"Gesch\u00e4ft","item":"https:\/\/prideshop.eu\/de\/geschaeft\/"},{"@type":"ListItem","position":3,"name":"Schuherfrischer und Schuhtrockner f\u00fcr Boxhandschuhe und Schuhe | Shoefresh"}]},{"@type":"WebSite","@id":"https:\/\/prideshop.eu\/de\/#website","url":"https:\/\/prideshop.eu\/de\/","name":"PRIDEshop","description":"Oprema za Borilne \u0160porte","publisher":{"@id":"https:\/\/prideshop.eu\/de\/#organization"},"potentialAction":[{"@type":"SearchAction","target":{"@type":"EntryPoint","urlTemplate":"https:\/\/prideshop.eu\/de\/?s={search_term_string}"},"query-input":{"@type":"PropertyValueSpecification","valueRequired":true,"valueName":"search_term_string"}}],"inLanguage":"de"},{"@type":"Organization","@id":"https:\/\/prideshop.eu\/de\/#organization","name":"PRIDEshop","url":"https:\/\/prideshop.eu\/de\/","logo":{"@type":"ImageObject","inLanguage":"de","@id":"https:\/\/prideshop.eu\/de\/#\/schema\/logo\/image\/","url":"","contentUrl":"","caption":"PRIDEshop"},"image":{"@id":"https:\/\/prideshop.eu\/de\/#\/schema\/logo\/image\/"},"sameAs":["https:\/\/sl-si.facebook.com\/PrideShopeu"]}]}},"_links":{"self":[{"href":"https:\/\/prideshop.eu\/de\/wp-json\/wp\/v2\/product\/24539","targetHints":{"allow":["GET"]}}],"collection":[{"href":"https:\/\/prideshop.eu\/de\/wp-json\/wp\/v2\/product"}],"about":[{"href":"https:\/\/prideshop.eu\/de\/wp-json\/wp\/v2\/types\/product"}],"replies":[{"embeddable":true,"href":"https:\/\/prideshop.eu\/de\/wp-json\/wp\/v2\/comments?post=24539"}],"wp:featuredmedia":[{"embeddable":true,"href":"https:\/\/prideshop.eu\/de\/wp-json\/wp\/v2\/media\/23235"}],"wp:attachment":[{"href":"https:\/\/prideshop.eu\/de\/wp-json\/wp\/v2\/media?parent=24539"}],"wp:term":[{"taxonomy":"product_brand","embeddable":true,"href":"https:\/\/prideshop.eu\/de\/wp-json\/wp\/v2\/product_brand?post=24539"},{"taxonomy":"product_cat","embeddable":true,"href":"https:\/\/prideshop.eu\/de\/wp-json\/wp\/v2\/product_cat?post=24539"},{"taxonomy":"product_tag","embeddable":true,"href":"https:\/\/prideshop.eu\/de\/wp-json\/wp\/v2\/product_tag?post=24539"}],"curies":[{"name":"wp","href":"https:\/\/api.w.org\/{rel}","templated":true}]}}