{"id":24962,"date":"2021-09-23T12:33:57","date_gmt":"2021-09-23T10:33:57","guid":{"rendered":"https:\/\/prideshop.eu\/spletna-trgovina\/unkategorisiert\/professioneller-schneller-ball-speedball-pride-2\/"},"modified":"2025-08-04T10:48:16","modified_gmt":"2025-08-04T08:48:16","slug":"professioneller-schneller-ball-speedball-pride-2","status":"publish","type":"product","link":"https:\/\/prideshop.eu\/de\/shop\/equipment-de\/trainingsgerate\/boxbirne-und-doppelendballe\/professioneller-schneller-ball-speedball-pride-2\/","title":{"rendered":"Reflexball Double End Ball Boxen Pride \u2013 SnapSphere"},"content":{"rendered":"<h3>Reflexball Double End Ball Boxen Pride \u2013 SnapSphere<\/h3>\n<p>Professioneller schneller Ball, Pride mit Doppeltem Finish. Es ist f\u00fcr Explosivit\u00e4tstraining und schnelle Reaktion von Hand, Fu\u00df und kombinierten Schl\u00e4gen gedacht. Aus Naturleder. M\u00f6glichkeit zum Wechseln des Schlauches. Er wird oben und unten mit einer elastischen Schnur befestigt, die am Ende einen speziellen Clip zur Befestigung an Wand und Boden hat.<\/p>\n","protected":false},"excerpt":{"rendered":"<p>Professioneller schneller Ball, Pride mit Doppeltem Finish. Es ist f\u00fcr Explosivit\u00e4tstraining und schnelle Reaktion von Hand, Fu\u00df und kombinierten Schl\u00e4gen gedacht. Aus Naturleder. M\u00f6glichkeit zum Wechseln des Schlauches. Er wird oben und unten mit einer elastischen Schnur befestigt, die am Ende einen speziellen Clip zur Befestigung an Wand und Boden hat.<\/p>\n","protected":false},"featured_media":20258,"comment_status":"open","ping_status":"closed","template":"","meta":{"_acf_changed":false},"product_brand":[2086],"product_cat":[618,580,616],"product_tag":[],"class_list":{"0":"post-24962","1":"product","2":"type-product","3":"status-publish","4":"has-post-thumbnail","6":"product_brand-pride","7":"product_cat-boxbirne-und-doppelendballe","8":"product_cat-equipment-de","9":"product_cat-trainingsgerate","11":"first","12":"outofstock","13":"taxable","14":"shipping-taxable","15":"product-type-variable"},"acf":[],"yoast_head":"<!-- This site is optimized with the Yoast SEO plugin v27.4 - https:\/\/yoast.com\/product\/yoast-seo-wordpress\/ -->\n<title>Reflexball Double End Ball Boxen Pride \u2013 SnapSphere - PRIDEshop<\/title>\n<meta name=\"description\" content=\"Professioneller schneller Ball, Pride mit Doppeltem Finish. Es ist f\u00fcr Explosivit\u00e4tstraining und schnelle Reaktion von Hand.\" \/>\n<meta name=\"robots\" content=\"index, follow, max-snippet:-1, max-image-preview:large, max-video-preview:-1\" \/>\n<link rel=\"canonical\" href=\"https:\/\/prideshop.eu\/de\/shop\/equipment-de\/trainingsgerate\/boxbirne-und-doppelendballe\/professioneller-schneller-ball-speedball-pride-2\/\" \/>\n<meta property=\"og:locale\" content=\"de_DE\" \/>\n<meta property=\"og:type\" content=\"article\" \/>\n<meta property=\"og:title\" content=\"Reflexball Double End Ball Boxen Pride \u2013 SnapSphere - PRIDEshop\" \/>\n<meta property=\"og:description\" content=\"Professioneller schneller Ball, Pride mit Doppeltem Finish. Es ist f\u00fcr Explosivit\u00e4tstraining und schnelle Reaktion von Hand.\" \/>\n<meta property=\"og:url\" content=\"https:\/\/prideshop.eu\/de\/shop\/equipment-de\/trainingsgerate\/boxbirne-und-doppelendballe\/professioneller-schneller-ball-speedball-pride-2\/\" \/>\n<meta property=\"og:site_name\" content=\"PRIDEshop\" \/>\n<meta property=\"article:publisher\" content=\"https:\/\/sl-si.facebook.com\/PrideShopeu\" \/>\n<meta property=\"article:modified_time\" content=\"2025-08-04T08:48:16+00:00\" \/>\n<meta property=\"og:image\" content=\"https:\/\/prideshop.eu\/wp-content\/uploads\/2021\/09\/profesionalna-hitra-zoga-pride-3025.jpeg\" \/>\n\t<meta property=\"og:image:width\" content=\"600\" \/>\n\t<meta property=\"og:image:height\" content=\"600\" \/>\n\t<meta property=\"og:image:type\" content=\"image\/jpeg\" \/>\n<meta name=\"twitter:card\" content=\"summary_large_image\" \/>\n<script type=\"application\/ld+json\" class=\"yoast-schema-graph\">{\"@context\":\"https:\\\/\\\/schema.org\",\"@graph\":[{\"@type\":\"WebPage\",\"@id\":\"https:\\\/\\\/prideshop.eu\\\/de\\\/shop\\\/equipment-de\\\/trainingsgerate\\\/boxbirne-und-doppelendballe\\\/professioneller-schneller-ball-speedball-pride-2\\\/\",\"url\":\"https:\\\/\\\/prideshop.eu\\\/de\\\/shop\\\/equipment-de\\\/trainingsgerate\\\/boxbirne-und-doppelendballe\\\/professioneller-schneller-ball-speedball-pride-2\\\/\",\"name\":\"Reflexball Double End Ball Boxen Pride \u2013 SnapSphere - PRIDEshop\",\"isPartOf\":{\"@id\":\"https:\\\/\\\/prideshop.eu\\\/de\\\/#website\"},\"primaryImageOfPage\":{\"@id\":\"https:\\\/\\\/prideshop.eu\\\/de\\\/shop\\\/equipment-de\\\/trainingsgerate\\\/boxbirne-und-doppelendballe\\\/professioneller-schneller-ball-speedball-pride-2\\\/#primaryimage\"},\"image\":{\"@id\":\"https:\\\/\\\/prideshop.eu\\\/de\\\/shop\\\/equipment-de\\\/trainingsgerate\\\/boxbirne-und-doppelendballe\\\/professioneller-schneller-ball-speedball-pride-2\\\/#primaryimage\"},\"thumbnailUrl\":\"https:\\\/\\\/prideshop.eu\\\/wp-content\\\/uploads\\\/2021\\\/09\\\/profesionalna-hitra-zoga-pride-3025.jpeg\",\"datePublished\":\"2021-09-23T10:33:57+00:00\",\"dateModified\":\"2025-08-04T08:48:16+00:00\",\"description\":\"Professioneller schneller Ball, Pride mit Doppeltem Finish. Es ist f\u00fcr Explosivit\u00e4tstraining und schnelle Reaktion von Hand.\",\"breadcrumb\":{\"@id\":\"https:\\\/\\\/prideshop.eu\\\/de\\\/shop\\\/equipment-de\\\/trainingsgerate\\\/boxbirne-und-doppelendballe\\\/professioneller-schneller-ball-speedball-pride-2\\\/#breadcrumb\"},\"inLanguage\":\"de\",\"potentialAction\":[{\"@type\":\"ReadAction\",\"target\":[\"https:\\\/\\\/prideshop.eu\\\/de\\\/shop\\\/equipment-de\\\/trainingsgerate\\\/boxbirne-und-doppelendballe\\\/professioneller-schneller-ball-speedball-pride-2\\\/\"]}]},{\"@type\":\"ImageObject\",\"inLanguage\":\"de\",\"@id\":\"https:\\\/\\\/prideshop.eu\\\/de\\\/shop\\\/equipment-de\\\/trainingsgerate\\\/boxbirne-und-doppelendballe\\\/professioneller-schneller-ball-speedball-pride-2\\\/#primaryimage\",\"url\":\"https:\\\/\\\/prideshop.eu\\\/wp-content\\\/uploads\\\/2021\\\/09\\\/profesionalna-hitra-zoga-pride-3025.jpeg\",\"contentUrl\":\"https:\\\/\\\/prideshop.eu\\\/wp-content\\\/uploads\\\/2021\\\/09\\\/profesionalna-hitra-zoga-pride-3025.jpeg\",\"width\":600,\"height\":600,\"caption\":\"Professioneller schneller Ball \\\/Speedball Pride Naturleder\"},{\"@type\":\"BreadcrumbList\",\"@id\":\"https:\\\/\\\/prideshop.eu\\\/de\\\/shop\\\/equipment-de\\\/trainingsgerate\\\/boxbirne-und-doppelendballe\\\/professioneller-schneller-ball-speedball-pride-2\\\/#breadcrumb\",\"itemListElement\":[{\"@type\":\"ListItem\",\"position\":1,\"name\":\"Home\",\"item\":\"https:\\\/\\\/prideshop.eu\\\/de\\\/\"},{\"@type\":\"ListItem\",\"position\":2,\"name\":\"Gesch\u00e4ft\",\"item\":\"https:\\\/\\\/prideshop.eu\\\/de\\\/geschaeft\\\/\"},{\"@type\":\"ListItem\",\"position\":3,\"name\":\"Reflexball Double End Ball Boxen Pride \u2013 SnapSphere\"}]},{\"@type\":\"WebSite\",\"@id\":\"https:\\\/\\\/prideshop.eu\\\/de\\\/#website\",\"url\":\"https:\\\/\\\/prideshop.eu\\\/de\\\/\",\"name\":\"PRIDEshop\",\"description\":\"Oprema za Borilne \u0160porte\",\"publisher\":{\"@id\":\"https:\\\/\\\/prideshop.eu\\\/de\\\/#organization\"},\"potentialAction\":[{\"@type\":\"SearchAction\",\"target\":{\"@type\":\"EntryPoint\",\"urlTemplate\":\"https:\\\/\\\/prideshop.eu\\\/de\\\/?s={search_term_string}\"},\"query-input\":{\"@type\":\"PropertyValueSpecification\",\"valueRequired\":true,\"valueName\":\"search_term_string\"}}],\"inLanguage\":\"de\"},{\"@type\":\"Organization\",\"@id\":\"https:\\\/\\\/prideshop.eu\\\/de\\\/#organization\",\"name\":\"PRIDEshop\",\"url\":\"https:\\\/\\\/prideshop.eu\\\/de\\\/\",\"logo\":{\"@type\":\"ImageObject\",\"inLanguage\":\"de\",\"@id\":\"https:\\\/\\\/prideshop.eu\\\/de\\\/#\\\/schema\\\/logo\\\/image\\\/\",\"url\":\"\",\"contentUrl\":\"\",\"caption\":\"PRIDEshop\"},\"image\":{\"@id\":\"https:\\\/\\\/prideshop.eu\\\/de\\\/#\\\/schema\\\/logo\\\/image\\\/\"},\"sameAs\":[\"https:\\\/\\\/sl-si.facebook.com\\\/PrideShopeu\"]}]}<\/script>\n<!-- \/ Yoast SEO plugin. -->","yoast_head_json":{"title":"Reflexball Double End Ball Boxen Pride \u2013 SnapSphere - PRIDEshop","description":"Professioneller schneller Ball, Pride mit Doppeltem Finish. Es ist f\u00fcr Explosivit\u00e4tstraining und schnelle Reaktion von Hand.","robots":{"index":"index","follow":"follow","max-snippet":"max-snippet:-1","max-image-preview":"max-image-preview:large","max-video-preview":"max-video-preview:-1"},"canonical":"https:\/\/prideshop.eu\/de\/shop\/equipment-de\/trainingsgerate\/boxbirne-und-doppelendballe\/professioneller-schneller-ball-speedball-pride-2\/","og_locale":"de_DE","og_type":"article","og_title":"Reflexball Double End Ball Boxen Pride \u2013 SnapSphere - PRIDEshop","og_description":"Professioneller schneller Ball, Pride mit Doppeltem Finish. Es ist f\u00fcr Explosivit\u00e4tstraining und schnelle Reaktion von Hand.","og_url":"https:\/\/prideshop.eu\/de\/shop\/equipment-de\/trainingsgerate\/boxbirne-und-doppelendballe\/professioneller-schneller-ball-speedball-pride-2\/","og_site_name":"PRIDEshop","article_publisher":"https:\/\/sl-si.facebook.com\/PrideShopeu","article_modified_time":"2025-08-04T08:48:16+00:00","og_image":[{"width":600,"height":600,"url":"https:\/\/prideshop.eu\/wp-content\/uploads\/2021\/09\/profesionalna-hitra-zoga-pride-3025.jpeg","type":"image\/jpeg"}],"twitter_card":"summary_large_image","schema":{"@context":"https:\/\/schema.org","@graph":[{"@type":"WebPage","@id":"https:\/\/prideshop.eu\/de\/shop\/equipment-de\/trainingsgerate\/boxbirne-und-doppelendballe\/professioneller-schneller-ball-speedball-pride-2\/","url":"https:\/\/prideshop.eu\/de\/shop\/equipment-de\/trainingsgerate\/boxbirne-und-doppelendballe\/professioneller-schneller-ball-speedball-pride-2\/","name":"Reflexball Double End Ball Boxen Pride \u2013 SnapSphere - PRIDEshop","isPartOf":{"@id":"https:\/\/prideshop.eu\/de\/#website"},"primaryImageOfPage":{"@id":"https:\/\/prideshop.eu\/de\/shop\/equipment-de\/trainingsgerate\/boxbirne-und-doppelendballe\/professioneller-schneller-ball-speedball-pride-2\/#primaryimage"},"image":{"@id":"https:\/\/prideshop.eu\/de\/shop\/equipment-de\/trainingsgerate\/boxbirne-und-doppelendballe\/professioneller-schneller-ball-speedball-pride-2\/#primaryimage"},"thumbnailUrl":"https:\/\/prideshop.eu\/wp-content\/uploads\/2021\/09\/profesionalna-hitra-zoga-pride-3025.jpeg","datePublished":"2021-09-23T10:33:57+00:00","dateModified":"2025-08-04T08:48:16+00:00","description":"Professioneller schneller Ball, Pride mit Doppeltem Finish. Es ist f\u00fcr Explosivit\u00e4tstraining und schnelle Reaktion von Hand.","breadcrumb":{"@id":"https:\/\/prideshop.eu\/de\/shop\/equipment-de\/trainingsgerate\/boxbirne-und-doppelendballe\/professioneller-schneller-ball-speedball-pride-2\/#breadcrumb"},"inLanguage":"de","potentialAction":[{"@type":"ReadAction","target":["https:\/\/prideshop.eu\/de\/shop\/equipment-de\/trainingsgerate\/boxbirne-und-doppelendballe\/professioneller-schneller-ball-speedball-pride-2\/"]}]},{"@type":"ImageObject","inLanguage":"de","@id":"https:\/\/prideshop.eu\/de\/shop\/equipment-de\/trainingsgerate\/boxbirne-und-doppelendballe\/professioneller-schneller-ball-speedball-pride-2\/#primaryimage","url":"https:\/\/prideshop.eu\/wp-content\/uploads\/2021\/09\/profesionalna-hitra-zoga-pride-3025.jpeg","contentUrl":"https:\/\/prideshop.eu\/wp-content\/uploads\/2021\/09\/profesionalna-hitra-zoga-pride-3025.jpeg","width":600,"height":600,"caption":"Professioneller schneller Ball \/Speedball Pride Naturleder"},{"@type":"BreadcrumbList","@id":"https:\/\/prideshop.eu\/de\/shop\/equipment-de\/trainingsgerate\/boxbirne-und-doppelendballe\/professioneller-schneller-ball-speedball-pride-2\/#breadcrumb","itemListElement":[{"@type":"ListItem","position":1,"name":"Home","item":"https:\/\/prideshop.eu\/de\/"},{"@type":"ListItem","position":2,"name":"Gesch\u00e4ft","item":"https:\/\/prideshop.eu\/de\/geschaeft\/"},{"@type":"ListItem","position":3,"name":"Reflexball Double End Ball Boxen Pride \u2013 SnapSphere"}]},{"@type":"WebSite","@id":"https:\/\/prideshop.eu\/de\/#website","url":"https:\/\/prideshop.eu\/de\/","name":"PRIDEshop","description":"Oprema za Borilne \u0160porte","publisher":{"@id":"https:\/\/prideshop.eu\/de\/#organization"},"potentialAction":[{"@type":"SearchAction","target":{"@type":"EntryPoint","urlTemplate":"https:\/\/prideshop.eu\/de\/?s={search_term_string}"},"query-input":{"@type":"PropertyValueSpecification","valueRequired":true,"valueName":"search_term_string"}}],"inLanguage":"de"},{"@type":"Organization","@id":"https:\/\/prideshop.eu\/de\/#organization","name":"PRIDEshop","url":"https:\/\/prideshop.eu\/de\/","logo":{"@type":"ImageObject","inLanguage":"de","@id":"https:\/\/prideshop.eu\/de\/#\/schema\/logo\/image\/","url":"","contentUrl":"","caption":"PRIDEshop"},"image":{"@id":"https:\/\/prideshop.eu\/de\/#\/schema\/logo\/image\/"},"sameAs":["https:\/\/sl-si.facebook.com\/PrideShopeu"]}]}},"_links":{"self":[{"href":"https:\/\/prideshop.eu\/de\/wp-json\/wp\/v2\/product\/24962","targetHints":{"allow":["GET"]}}],"collection":[{"href":"https:\/\/prideshop.eu\/de\/wp-json\/wp\/v2\/product"}],"about":[{"href":"https:\/\/prideshop.eu\/de\/wp-json\/wp\/v2\/types\/product"}],"replies":[{"embeddable":true,"href":"https:\/\/prideshop.eu\/de\/wp-json\/wp\/v2\/comments?post=24962"}],"wp:featuredmedia":[{"embeddable":true,"href":"https:\/\/prideshop.eu\/de\/wp-json\/wp\/v2\/media\/20258"}],"wp:attachment":[{"href":"https:\/\/prideshop.eu\/de\/wp-json\/wp\/v2\/media?parent=24962"}],"wp:term":[{"taxonomy":"product_brand","embeddable":true,"href":"https:\/\/prideshop.eu\/de\/wp-json\/wp\/v2\/product_brand?post=24962"},{"taxonomy":"product_cat","embeddable":true,"href":"https:\/\/prideshop.eu\/de\/wp-json\/wp\/v2\/product_cat?post=24962"},{"taxonomy":"product_tag","embeddable":true,"href":"https:\/\/prideshop.eu\/de\/wp-json\/wp\/v2\/product_tag?post=24962"}],"curies":[{"name":"wp","href":"https:\/\/api.w.org\/{rel}","templated":true}]}}