{"id":31950,"date":"2022-03-14T19:10:34","date_gmt":"2022-03-14T18:10:34","guid":{"rendered":"https:\/\/prideshop.eu\/?post_type=product&#038;p=31950"},"modified":"2025-09-18T19:33:43","modified_gmt":"2025-09-18T17:33:43","slug":"karate-wettkampf-gurtelwkf-club-adidas","status":"publish","type":"product","link":"https:\/\/prideshop.eu\/de\/shop\/sportarten\/karate-ausruestung\/karate-gurtel-obi\/karate-wettkampf-gurtelwkf-club-adidas\/","title":{"rendered":"WKF Wettkampf Karateg\u00fcrtel Adidas \u2013 Club"},"content":{"rendered":"<h3>WKF Wettkampf Karateg\u00fcrtel Adidas \u2013 Club<\/h3>\n<p>Karate Wettkampf G\u00fcrtel WKF Club, Adidas. WKF Wettkampf Budog\u00fcrtel f\u00fcr Kumite, genehmigt von der Seite der WKF. F\u00fcr alle K\u00e4mpfe, auch f\u00fcr die Weltmeisterschaft.nMaterial: 100 BaumwollenBreite: 4 cm<\/p>\n","protected":false},"excerpt":{"rendered":"<p>Karate Wettkampf G\u00fcrtel WKF Club, Adidas. WKF Wettkampf Budog\u00fcrtel f\u00fcr Kumite, genehmigt von der Seite der WKF. F\u00fcr alle K\u00e4mpfe, auch f\u00fcr die Weltmeisterschaft.nMaterial: 100 BaumwollenBreite: 4 cm<\/p>\n","protected":false},"featured_media":31954,"comment_status":"open","ping_status":"closed","template":"","meta":{"_acf_changed":false},"product_brand":[2084],"product_cat":[600,614,580,710,718,656],"product_tag":[],"class_list":{"0":"post-31950","1":"product","2":"type-product","3":"status-publish","4":"has-post-thumbnail","6":"product_brand-adidas","7":"product_cat-bekleidung-und-schuhe","8":"product_cat-budogurtel","9":"product_cat-equipment-de","10":"product_cat-karate-ausruestung","11":"product_cat-karate-gurtel-obi","12":"product_cat-sportarten","14":"first","15":"instock","16":"taxable","17":"shipping-taxable","18":"purchasable","19":"product-type-variable"},"acf":[],"yoast_head":"<!-- This site is optimized with the Yoast SEO plugin v27.5 - https:\/\/yoast.com\/product\/yoast-seo-wordpress\/ -->\n<title>WKF Wettkampf Karateg\u00fcrtel Adidas \u2013 Club - PRIDEshop<\/title>\n<meta name=\"description\" content=\"Karate Wettkampf G\u00fcrtel WKF Club, Adidas. WKF Wettkampf Budog\u00fcrtel f\u00fcr Kumite, genehmigt von der Seite der WKF. F\u00fcr alle K\u00e4mpfe, auch f\u00fcr die Weltmeisterschaft.\" \/>\n<meta name=\"robots\" content=\"index, follow, max-snippet:-1, max-image-preview:large, max-video-preview:-1\" \/>\n<link rel=\"canonical\" href=\"https:\/\/prideshop.eu\/de\/shop\/sportarten\/karate-ausruestung\/karate-gurtel-obi\/karate-wettkampf-gurtelwkf-club-adidas\/\" \/>\n<meta property=\"og:locale\" content=\"de_DE\" \/>\n<meta property=\"og:type\" content=\"article\" \/>\n<meta property=\"og:title\" content=\"WKF Wettkampf Karateg\u00fcrtel Adidas \u2013 Club - PRIDEshop\" \/>\n<meta property=\"og:description\" content=\"Karate Wettkampf G\u00fcrtel WKF Club, Adidas. WKF Wettkampf Budog\u00fcrtel f\u00fcr Kumite, genehmigt von der Seite der WKF. F\u00fcr alle K\u00e4mpfe, auch f\u00fcr die Weltmeisterschaft.\" \/>\n<meta property=\"og:url\" content=\"https:\/\/prideshop.eu\/de\/shop\/sportarten\/karate-ausruestung\/karate-gurtel-obi\/karate-wettkampf-gurtelwkf-club-adidas\/\" \/>\n<meta property=\"og:site_name\" content=\"PRIDEshop\" \/>\n<meta property=\"article:publisher\" content=\"https:\/\/sl-si.facebook.com\/PrideShopeu\" \/>\n<meta property=\"article:modified_time\" content=\"2025-09-18T17:33:43+00:00\" \/>\n<meta property=\"og:image\" content=\"https:\/\/prideshop.eu\/wp-content\/uploads\/2022\/03\/karate-wkf-pas-club-adidas-a575c.jpeg\" \/>\n\t<meta property=\"og:image:width\" content=\"600\" \/>\n\t<meta property=\"og:image:height\" content=\"600\" \/>\n\t<meta property=\"og:image:type\" content=\"image\/jpeg\" \/>\n<meta name=\"twitter:card\" content=\"summary_large_image\" \/>\n<script type=\"application\/ld+json\" class=\"yoast-schema-graph\">{\"@context\":\"https:\\\/\\\/schema.org\",\"@graph\":[{\"@type\":\"WebPage\",\"@id\":\"https:\\\/\\\/prideshop.eu\\\/de\\\/shop\\\/sportarten\\\/karate-ausruestung\\\/karate-gurtel-obi\\\/karate-wettkampf-gurtelwkf-club-adidas\\\/\",\"url\":\"https:\\\/\\\/prideshop.eu\\\/de\\\/shop\\\/sportarten\\\/karate-ausruestung\\\/karate-gurtel-obi\\\/karate-wettkampf-gurtelwkf-club-adidas\\\/\",\"name\":\"WKF Wettkampf Karateg\u00fcrtel Adidas \u2013 Club - PRIDEshop\",\"isPartOf\":{\"@id\":\"https:\\\/\\\/prideshop.eu\\\/de\\\/#website\"},\"primaryImageOfPage\":{\"@id\":\"https:\\\/\\\/prideshop.eu\\\/de\\\/shop\\\/sportarten\\\/karate-ausruestung\\\/karate-gurtel-obi\\\/karate-wettkampf-gurtelwkf-club-adidas\\\/#primaryimage\"},\"image\":{\"@id\":\"https:\\\/\\\/prideshop.eu\\\/de\\\/shop\\\/sportarten\\\/karate-ausruestung\\\/karate-gurtel-obi\\\/karate-wettkampf-gurtelwkf-club-adidas\\\/#primaryimage\"},\"thumbnailUrl\":\"https:\\\/\\\/prideshop.eu\\\/wp-content\\\/uploads\\\/2022\\\/03\\\/karate-wkf-pas-club-adidas-a575c.jpeg\",\"datePublished\":\"2022-03-14T18:10:34+00:00\",\"dateModified\":\"2025-09-18T17:33:43+00:00\",\"description\":\"Karate Wettkampf G\u00fcrtel WKF Club, Adidas. WKF Wettkampf Budog\u00fcrtel f\u00fcr Kumite, genehmigt von der Seite der WKF. F\u00fcr alle K\u00e4mpfe, auch f\u00fcr die Weltmeisterschaft.\",\"breadcrumb\":{\"@id\":\"https:\\\/\\\/prideshop.eu\\\/de\\\/shop\\\/sportarten\\\/karate-ausruestung\\\/karate-gurtel-obi\\\/karate-wettkampf-gurtelwkf-club-adidas\\\/#breadcrumb\"},\"inLanguage\":\"de\",\"potentialAction\":[{\"@type\":\"ReadAction\",\"target\":[\"https:\\\/\\\/prideshop.eu\\\/de\\\/shop\\\/sportarten\\\/karate-ausruestung\\\/karate-gurtel-obi\\\/karate-wettkampf-gurtelwkf-club-adidas\\\/\"]}]},{\"@type\":\"ImageObject\",\"inLanguage\":\"de\",\"@id\":\"https:\\\/\\\/prideshop.eu\\\/de\\\/shop\\\/sportarten\\\/karate-ausruestung\\\/karate-gurtel-obi\\\/karate-wettkampf-gurtelwkf-club-adidas\\\/#primaryimage\",\"url\":\"https:\\\/\\\/prideshop.eu\\\/wp-content\\\/uploads\\\/2022\\\/03\\\/karate-wkf-pas-club-adidas-a575c.jpeg\",\"contentUrl\":\"https:\\\/\\\/prideshop.eu\\\/wp-content\\\/uploads\\\/2022\\\/03\\\/karate-wkf-pas-club-adidas-a575c.jpeg\",\"width\":600,\"height\":600,\"caption\":\"Karate Wettkampf G\u00fcrtel WKF Club Adidas\"},{\"@type\":\"BreadcrumbList\",\"@id\":\"https:\\\/\\\/prideshop.eu\\\/de\\\/shop\\\/sportarten\\\/karate-ausruestung\\\/karate-gurtel-obi\\\/karate-wettkampf-gurtelwkf-club-adidas\\\/#breadcrumb\",\"itemListElement\":[{\"@type\":\"ListItem\",\"position\":1,\"name\":\"Home\",\"item\":\"https:\\\/\\\/prideshop.eu\\\/de\\\/\"},{\"@type\":\"ListItem\",\"position\":2,\"name\":\"Gesch\u00e4ft\",\"item\":\"https:\\\/\\\/prideshop.eu\\\/de\\\/geschaeft\\\/\"},{\"@type\":\"ListItem\",\"position\":3,\"name\":\"WKF Wettkampf Karateg\u00fcrtel Adidas \u2013 Club\"}]},{\"@type\":\"WebSite\",\"@id\":\"https:\\\/\\\/prideshop.eu\\\/de\\\/#website\",\"url\":\"https:\\\/\\\/prideshop.eu\\\/de\\\/\",\"name\":\"PRIDEshop\",\"description\":\"Oprema za Borilne \u0160porte\",\"publisher\":{\"@id\":\"https:\\\/\\\/prideshop.eu\\\/de\\\/#organization\"},\"potentialAction\":[{\"@type\":\"SearchAction\",\"target\":{\"@type\":\"EntryPoint\",\"urlTemplate\":\"https:\\\/\\\/prideshop.eu\\\/de\\\/?s={search_term_string}\"},\"query-input\":{\"@type\":\"PropertyValueSpecification\",\"valueRequired\":true,\"valueName\":\"search_term_string\"}}],\"inLanguage\":\"de\"},{\"@type\":\"Organization\",\"@id\":\"https:\\\/\\\/prideshop.eu\\\/de\\\/#organization\",\"name\":\"PRIDEshop\",\"url\":\"https:\\\/\\\/prideshop.eu\\\/de\\\/\",\"logo\":{\"@type\":\"ImageObject\",\"inLanguage\":\"de\",\"@id\":\"https:\\\/\\\/prideshop.eu\\\/de\\\/#\\\/schema\\\/logo\\\/image\\\/\",\"url\":\"\",\"contentUrl\":\"\",\"caption\":\"PRIDEshop\"},\"image\":{\"@id\":\"https:\\\/\\\/prideshop.eu\\\/de\\\/#\\\/schema\\\/logo\\\/image\\\/\"},\"sameAs\":[\"https:\\\/\\\/sl-si.facebook.com\\\/PrideShopeu\"]}]}<\/script>\n<!-- \/ Yoast SEO plugin. -->","yoast_head_json":{"title":"WKF Wettkampf Karateg\u00fcrtel Adidas \u2013 Club - PRIDEshop","description":"Karate Wettkampf G\u00fcrtel WKF Club, Adidas. WKF Wettkampf Budog\u00fcrtel f\u00fcr Kumite, genehmigt von der Seite der WKF. F\u00fcr alle K\u00e4mpfe, auch f\u00fcr die Weltmeisterschaft.","robots":{"index":"index","follow":"follow","max-snippet":"max-snippet:-1","max-image-preview":"max-image-preview:large","max-video-preview":"max-video-preview:-1"},"canonical":"https:\/\/prideshop.eu\/de\/shop\/sportarten\/karate-ausruestung\/karate-gurtel-obi\/karate-wettkampf-gurtelwkf-club-adidas\/","og_locale":"de_DE","og_type":"article","og_title":"WKF Wettkampf Karateg\u00fcrtel Adidas \u2013 Club - PRIDEshop","og_description":"Karate Wettkampf G\u00fcrtel WKF Club, Adidas. WKF Wettkampf Budog\u00fcrtel f\u00fcr Kumite, genehmigt von der Seite der WKF. F\u00fcr alle K\u00e4mpfe, auch f\u00fcr die Weltmeisterschaft.","og_url":"https:\/\/prideshop.eu\/de\/shop\/sportarten\/karate-ausruestung\/karate-gurtel-obi\/karate-wettkampf-gurtelwkf-club-adidas\/","og_site_name":"PRIDEshop","article_publisher":"https:\/\/sl-si.facebook.com\/PrideShopeu","article_modified_time":"2025-09-18T17:33:43+00:00","og_image":[{"width":600,"height":600,"url":"https:\/\/prideshop.eu\/wp-content\/uploads\/2022\/03\/karate-wkf-pas-club-adidas-a575c.jpeg","type":"image\/jpeg"}],"twitter_card":"summary_large_image","schema":{"@context":"https:\/\/schema.org","@graph":[{"@type":"WebPage","@id":"https:\/\/prideshop.eu\/de\/shop\/sportarten\/karate-ausruestung\/karate-gurtel-obi\/karate-wettkampf-gurtelwkf-club-adidas\/","url":"https:\/\/prideshop.eu\/de\/shop\/sportarten\/karate-ausruestung\/karate-gurtel-obi\/karate-wettkampf-gurtelwkf-club-adidas\/","name":"WKF Wettkampf Karateg\u00fcrtel Adidas \u2013 Club - PRIDEshop","isPartOf":{"@id":"https:\/\/prideshop.eu\/de\/#website"},"primaryImageOfPage":{"@id":"https:\/\/prideshop.eu\/de\/shop\/sportarten\/karate-ausruestung\/karate-gurtel-obi\/karate-wettkampf-gurtelwkf-club-adidas\/#primaryimage"},"image":{"@id":"https:\/\/prideshop.eu\/de\/shop\/sportarten\/karate-ausruestung\/karate-gurtel-obi\/karate-wettkampf-gurtelwkf-club-adidas\/#primaryimage"},"thumbnailUrl":"https:\/\/prideshop.eu\/wp-content\/uploads\/2022\/03\/karate-wkf-pas-club-adidas-a575c.jpeg","datePublished":"2022-03-14T18:10:34+00:00","dateModified":"2025-09-18T17:33:43+00:00","description":"Karate Wettkampf G\u00fcrtel WKF Club, Adidas. WKF Wettkampf Budog\u00fcrtel f\u00fcr Kumite, genehmigt von der Seite der WKF. F\u00fcr alle K\u00e4mpfe, auch f\u00fcr die Weltmeisterschaft.","breadcrumb":{"@id":"https:\/\/prideshop.eu\/de\/shop\/sportarten\/karate-ausruestung\/karate-gurtel-obi\/karate-wettkampf-gurtelwkf-club-adidas\/#breadcrumb"},"inLanguage":"de","potentialAction":[{"@type":"ReadAction","target":["https:\/\/prideshop.eu\/de\/shop\/sportarten\/karate-ausruestung\/karate-gurtel-obi\/karate-wettkampf-gurtelwkf-club-adidas\/"]}]},{"@type":"ImageObject","inLanguage":"de","@id":"https:\/\/prideshop.eu\/de\/shop\/sportarten\/karate-ausruestung\/karate-gurtel-obi\/karate-wettkampf-gurtelwkf-club-adidas\/#primaryimage","url":"https:\/\/prideshop.eu\/wp-content\/uploads\/2022\/03\/karate-wkf-pas-club-adidas-a575c.jpeg","contentUrl":"https:\/\/prideshop.eu\/wp-content\/uploads\/2022\/03\/karate-wkf-pas-club-adidas-a575c.jpeg","width":600,"height":600,"caption":"Karate Wettkampf G\u00fcrtel WKF Club Adidas"},{"@type":"BreadcrumbList","@id":"https:\/\/prideshop.eu\/de\/shop\/sportarten\/karate-ausruestung\/karate-gurtel-obi\/karate-wettkampf-gurtelwkf-club-adidas\/#breadcrumb","itemListElement":[{"@type":"ListItem","position":1,"name":"Home","item":"https:\/\/prideshop.eu\/de\/"},{"@type":"ListItem","position":2,"name":"Gesch\u00e4ft","item":"https:\/\/prideshop.eu\/de\/geschaeft\/"},{"@type":"ListItem","position":3,"name":"WKF Wettkampf Karateg\u00fcrtel Adidas \u2013 Club"}]},{"@type":"WebSite","@id":"https:\/\/prideshop.eu\/de\/#website","url":"https:\/\/prideshop.eu\/de\/","name":"PRIDEshop","description":"Oprema za Borilne \u0160porte","publisher":{"@id":"https:\/\/prideshop.eu\/de\/#organization"},"potentialAction":[{"@type":"SearchAction","target":{"@type":"EntryPoint","urlTemplate":"https:\/\/prideshop.eu\/de\/?s={search_term_string}"},"query-input":{"@type":"PropertyValueSpecification","valueRequired":true,"valueName":"search_term_string"}}],"inLanguage":"de"},{"@type":"Organization","@id":"https:\/\/prideshop.eu\/de\/#organization","name":"PRIDEshop","url":"https:\/\/prideshop.eu\/de\/","logo":{"@type":"ImageObject","inLanguage":"de","@id":"https:\/\/prideshop.eu\/de\/#\/schema\/logo\/image\/","url":"","contentUrl":"","caption":"PRIDEshop"},"image":{"@id":"https:\/\/prideshop.eu\/de\/#\/schema\/logo\/image\/"},"sameAs":["https:\/\/sl-si.facebook.com\/PrideShopeu"]}]}},"_links":{"self":[{"href":"https:\/\/prideshop.eu\/de\/wp-json\/wp\/v2\/product\/31950","targetHints":{"allow":["GET"]}}],"collection":[{"href":"https:\/\/prideshop.eu\/de\/wp-json\/wp\/v2\/product"}],"about":[{"href":"https:\/\/prideshop.eu\/de\/wp-json\/wp\/v2\/types\/product"}],"replies":[{"embeddable":true,"href":"https:\/\/prideshop.eu\/de\/wp-json\/wp\/v2\/comments?post=31950"}],"wp:featuredmedia":[{"embeddable":true,"href":"https:\/\/prideshop.eu\/de\/wp-json\/wp\/v2\/media\/31954"}],"wp:attachment":[{"href":"https:\/\/prideshop.eu\/de\/wp-json\/wp\/v2\/media?parent=31950"}],"wp:term":[{"taxonomy":"product_brand","embeddable":true,"href":"https:\/\/prideshop.eu\/de\/wp-json\/wp\/v2\/product_brand?post=31950"},{"taxonomy":"product_cat","embeddable":true,"href":"https:\/\/prideshop.eu\/de\/wp-json\/wp\/v2\/product_cat?post=31950"},{"taxonomy":"product_tag","embeddable":true,"href":"https:\/\/prideshop.eu\/de\/wp-json\/wp\/v2\/product_tag?post=31950"}],"curies":[{"name":"wp","href":"https:\/\/api.w.org\/{rel}","templated":true}]}}