{"id":32244,"date":"2022-03-17T12:44:19","date_gmt":"2022-03-17T11:44:19","guid":{"rendered":"https:\/\/prideshop.eu\/?post_type=product&#038;p=32244"},"modified":"2025-08-04T11:10:59","modified_gmt":"2025-08-04T09:10:59","slug":"kickboxen-shorts-adidas","status":"publish","type":"product","link":"https:\/\/prideshop.eu\/de\/shop\/sportarten\/kickboxen\/kickboxen-kleidung\/kickboxen-shorts-adidas\/","title":{"rendered":"Kickbox Shorts Adidas \u2013 ProKick"},"content":{"rendered":"<h3>Kickbox Shorts Adidas \u2013 ProKick<\/h3>\n<p>Kickboxen Shorts, Adidas. Bequeme und attraktive Hose aus 100% Micro Diamond Polyester mit breiter Elastik und zus\u00e4tzlichem Band in der Taile erm\u00f6glicht die gr\u00f6\u00dfte Freiheit des Bewegens. Geeignet f\u00fcr Trainings KICKBOX und \u00e4hnlichen Kampfsportarten.<\/p>\n","protected":false},"excerpt":{"rendered":"<p>Kickboxen Shorts, Adidas. Bequeme und attraktive Hose aus 100% Micro Diamond Polyester mit breiter Elastik und zus\u00e4tzlichem Band in der Taile erm\u00f6glicht die gr\u00f6\u00dfte Freiheit des Bewegens. Geeignet f\u00fcr Trainings KICKBOX und \u00e4hnlichen Kampfsportarten.<\/p>\n","protected":false},"featured_media":32395,"comment_status":"open","ping_status":"closed","template":"","meta":{"_acf_changed":false},"product_brand":[2084],"product_cat":[600,580,602,722,726,656],"product_tag":[],"class_list":{"0":"post-32244","1":"product","2":"type-product","3":"status-publish","4":"has-post-thumbnail","6":"product_brand-adidas","7":"product_cat-bekleidung-und-schuhe","8":"product_cat-equipment-de","9":"product_cat-hosen","10":"product_cat-kickboxen","11":"product_cat-kickboxen-kleidung","12":"product_cat-sportarten","14":"first","15":"instock","16":"taxable","17":"shipping-taxable","18":"purchasable","19":"product-type-variable"},"acf":[],"yoast_head":"<!-- This site is optimized with the Yoast SEO plugin v27.4 - https:\/\/yoast.com\/product\/yoast-seo-wordpress\/ -->\n<title>Kickbox Shorts Adidas \u2013 ProKick - PRIDEshop<\/title>\n<meta name=\"description\" content=\"Kickboxen Shorts, Adidas. Bequeme und attraktive Hose aus 100% Micro Diamond Polyester mit breiter Elastik.\" \/>\n<meta name=\"robots\" content=\"index, follow, max-snippet:-1, max-image-preview:large, max-video-preview:-1\" \/>\n<link rel=\"canonical\" href=\"https:\/\/prideshop.eu\/de\/shop\/sportarten\/kickboxen\/kickboxen-kleidung\/kickboxen-shorts-adidas\/\" \/>\n<meta property=\"og:locale\" content=\"de_DE\" \/>\n<meta property=\"og:type\" content=\"article\" \/>\n<meta property=\"og:title\" content=\"Kickbox Shorts Adidas \u2013 ProKick - PRIDEshop\" \/>\n<meta property=\"og:description\" content=\"Kickboxen Shorts, Adidas. Bequeme und attraktive Hose aus 100% Micro Diamond Polyester mit breiter Elastik.\" \/>\n<meta property=\"og:url\" content=\"https:\/\/prideshop.eu\/de\/shop\/sportarten\/kickboxen\/kickboxen-kleidung\/kickboxen-shorts-adidas\/\" \/>\n<meta property=\"og:site_name\" content=\"PRIDEshop\" \/>\n<meta property=\"article:publisher\" content=\"https:\/\/sl-si.facebook.com\/PrideShopeu\" \/>\n<meta property=\"article:modified_time\" content=\"2025-08-04T09:10:59+00:00\" \/>\n<meta property=\"og:image\" content=\"https:\/\/prideshop.eu\/wp-content\/uploads\/2022\/03\/hlacke-za-kickboxing-adidas-a8284.jpeg\" \/>\n\t<meta property=\"og:image:width\" content=\"600\" \/>\n\t<meta property=\"og:image:height\" content=\"600\" \/>\n\t<meta property=\"og:image:type\" content=\"image\/jpeg\" \/>\n<meta name=\"twitter:card\" content=\"summary_large_image\" \/>\n<script type=\"application\/ld+json\" class=\"yoast-schema-graph\">{\"@context\":\"https:\\\/\\\/schema.org\",\"@graph\":[{\"@type\":\"WebPage\",\"@id\":\"https:\\\/\\\/prideshop.eu\\\/de\\\/shop\\\/sportarten\\\/kickboxen\\\/kickboxen-kleidung\\\/kickboxen-shorts-adidas\\\/\",\"url\":\"https:\\\/\\\/prideshop.eu\\\/de\\\/shop\\\/sportarten\\\/kickboxen\\\/kickboxen-kleidung\\\/kickboxen-shorts-adidas\\\/\",\"name\":\"Kickbox Shorts Adidas \u2013 ProKick - PRIDEshop\",\"isPartOf\":{\"@id\":\"https:\\\/\\\/prideshop.eu\\\/de\\\/#website\"},\"primaryImageOfPage\":{\"@id\":\"https:\\\/\\\/prideshop.eu\\\/de\\\/shop\\\/sportarten\\\/kickboxen\\\/kickboxen-kleidung\\\/kickboxen-shorts-adidas\\\/#primaryimage\"},\"image\":{\"@id\":\"https:\\\/\\\/prideshop.eu\\\/de\\\/shop\\\/sportarten\\\/kickboxen\\\/kickboxen-kleidung\\\/kickboxen-shorts-adidas\\\/#primaryimage\"},\"thumbnailUrl\":\"https:\\\/\\\/prideshop.eu\\\/wp-content\\\/uploads\\\/2022\\\/03\\\/hlacke-za-kickboxing-adidas-a8284.jpeg\",\"datePublished\":\"2022-03-17T11:44:19+00:00\",\"dateModified\":\"2025-08-04T09:10:59+00:00\",\"description\":\"Kickboxen Shorts, Adidas. Bequeme und attraktive Hose aus 100% Micro Diamond Polyester mit breiter Elastik.\",\"breadcrumb\":{\"@id\":\"https:\\\/\\\/prideshop.eu\\\/de\\\/shop\\\/sportarten\\\/kickboxen\\\/kickboxen-kleidung\\\/kickboxen-shorts-adidas\\\/#breadcrumb\"},\"inLanguage\":\"de\",\"potentialAction\":[{\"@type\":\"ReadAction\",\"target\":[\"https:\\\/\\\/prideshop.eu\\\/de\\\/shop\\\/sportarten\\\/kickboxen\\\/kickboxen-kleidung\\\/kickboxen-shorts-adidas\\\/\"]}]},{\"@type\":\"ImageObject\",\"inLanguage\":\"de\",\"@id\":\"https:\\\/\\\/prideshop.eu\\\/de\\\/shop\\\/sportarten\\\/kickboxen\\\/kickboxen-kleidung\\\/kickboxen-shorts-adidas\\\/#primaryimage\",\"url\":\"https:\\\/\\\/prideshop.eu\\\/wp-content\\\/uploads\\\/2022\\\/03\\\/hlacke-za-kickboxing-adidas-a8284.jpeg\",\"contentUrl\":\"https:\\\/\\\/prideshop.eu\\\/wp-content\\\/uploads\\\/2022\\\/03\\\/hlacke-za-kickboxing-adidas-a8284.jpeg\",\"width\":600,\"height\":600,\"caption\":\"Kickboxen Shorts Adidas\"},{\"@type\":\"BreadcrumbList\",\"@id\":\"https:\\\/\\\/prideshop.eu\\\/de\\\/shop\\\/sportarten\\\/kickboxen\\\/kickboxen-kleidung\\\/kickboxen-shorts-adidas\\\/#breadcrumb\",\"itemListElement\":[{\"@type\":\"ListItem\",\"position\":1,\"name\":\"Home\",\"item\":\"https:\\\/\\\/prideshop.eu\\\/de\\\/\"},{\"@type\":\"ListItem\",\"position\":2,\"name\":\"Gesch\u00e4ft\",\"item\":\"https:\\\/\\\/prideshop.eu\\\/de\\\/geschaeft\\\/\"},{\"@type\":\"ListItem\",\"position\":3,\"name\":\"Kickbox Shorts Adidas \u2013 ProKick\"}]},{\"@type\":\"WebSite\",\"@id\":\"https:\\\/\\\/prideshop.eu\\\/de\\\/#website\",\"url\":\"https:\\\/\\\/prideshop.eu\\\/de\\\/\",\"name\":\"PRIDEshop\",\"description\":\"Oprema za Borilne \u0160porte\",\"publisher\":{\"@id\":\"https:\\\/\\\/prideshop.eu\\\/de\\\/#organization\"},\"potentialAction\":[{\"@type\":\"SearchAction\",\"target\":{\"@type\":\"EntryPoint\",\"urlTemplate\":\"https:\\\/\\\/prideshop.eu\\\/de\\\/?s={search_term_string}\"},\"query-input\":{\"@type\":\"PropertyValueSpecification\",\"valueRequired\":true,\"valueName\":\"search_term_string\"}}],\"inLanguage\":\"de\"},{\"@type\":\"Organization\",\"@id\":\"https:\\\/\\\/prideshop.eu\\\/de\\\/#organization\",\"name\":\"PRIDEshop\",\"url\":\"https:\\\/\\\/prideshop.eu\\\/de\\\/\",\"logo\":{\"@type\":\"ImageObject\",\"inLanguage\":\"de\",\"@id\":\"https:\\\/\\\/prideshop.eu\\\/de\\\/#\\\/schema\\\/logo\\\/image\\\/\",\"url\":\"\",\"contentUrl\":\"\",\"caption\":\"PRIDEshop\"},\"image\":{\"@id\":\"https:\\\/\\\/prideshop.eu\\\/de\\\/#\\\/schema\\\/logo\\\/image\\\/\"},\"sameAs\":[\"https:\\\/\\\/sl-si.facebook.com\\\/PrideShopeu\"]}]}<\/script>\n<!-- \/ Yoast SEO plugin. -->","yoast_head_json":{"title":"Kickbox Shorts Adidas \u2013 ProKick - PRIDEshop","description":"Kickboxen Shorts, Adidas. Bequeme und attraktive Hose aus 100% Micro Diamond Polyester mit breiter Elastik.","robots":{"index":"index","follow":"follow","max-snippet":"max-snippet:-1","max-image-preview":"max-image-preview:large","max-video-preview":"max-video-preview:-1"},"canonical":"https:\/\/prideshop.eu\/de\/shop\/sportarten\/kickboxen\/kickboxen-kleidung\/kickboxen-shorts-adidas\/","og_locale":"de_DE","og_type":"article","og_title":"Kickbox Shorts Adidas \u2013 ProKick - PRIDEshop","og_description":"Kickboxen Shorts, Adidas. Bequeme und attraktive Hose aus 100% Micro Diamond Polyester mit breiter Elastik.","og_url":"https:\/\/prideshop.eu\/de\/shop\/sportarten\/kickboxen\/kickboxen-kleidung\/kickboxen-shorts-adidas\/","og_site_name":"PRIDEshop","article_publisher":"https:\/\/sl-si.facebook.com\/PrideShopeu","article_modified_time":"2025-08-04T09:10:59+00:00","og_image":[{"width":600,"height":600,"url":"https:\/\/prideshop.eu\/wp-content\/uploads\/2022\/03\/hlacke-za-kickboxing-adidas-a8284.jpeg","type":"image\/jpeg"}],"twitter_card":"summary_large_image","schema":{"@context":"https:\/\/schema.org","@graph":[{"@type":"WebPage","@id":"https:\/\/prideshop.eu\/de\/shop\/sportarten\/kickboxen\/kickboxen-kleidung\/kickboxen-shorts-adidas\/","url":"https:\/\/prideshop.eu\/de\/shop\/sportarten\/kickboxen\/kickboxen-kleidung\/kickboxen-shorts-adidas\/","name":"Kickbox Shorts Adidas \u2013 ProKick - PRIDEshop","isPartOf":{"@id":"https:\/\/prideshop.eu\/de\/#website"},"primaryImageOfPage":{"@id":"https:\/\/prideshop.eu\/de\/shop\/sportarten\/kickboxen\/kickboxen-kleidung\/kickboxen-shorts-adidas\/#primaryimage"},"image":{"@id":"https:\/\/prideshop.eu\/de\/shop\/sportarten\/kickboxen\/kickboxen-kleidung\/kickboxen-shorts-adidas\/#primaryimage"},"thumbnailUrl":"https:\/\/prideshop.eu\/wp-content\/uploads\/2022\/03\/hlacke-za-kickboxing-adidas-a8284.jpeg","datePublished":"2022-03-17T11:44:19+00:00","dateModified":"2025-08-04T09:10:59+00:00","description":"Kickboxen Shorts, Adidas. Bequeme und attraktive Hose aus 100% Micro Diamond Polyester mit breiter Elastik.","breadcrumb":{"@id":"https:\/\/prideshop.eu\/de\/shop\/sportarten\/kickboxen\/kickboxen-kleidung\/kickboxen-shorts-adidas\/#breadcrumb"},"inLanguage":"de","potentialAction":[{"@type":"ReadAction","target":["https:\/\/prideshop.eu\/de\/shop\/sportarten\/kickboxen\/kickboxen-kleidung\/kickboxen-shorts-adidas\/"]}]},{"@type":"ImageObject","inLanguage":"de","@id":"https:\/\/prideshop.eu\/de\/shop\/sportarten\/kickboxen\/kickboxen-kleidung\/kickboxen-shorts-adidas\/#primaryimage","url":"https:\/\/prideshop.eu\/wp-content\/uploads\/2022\/03\/hlacke-za-kickboxing-adidas-a8284.jpeg","contentUrl":"https:\/\/prideshop.eu\/wp-content\/uploads\/2022\/03\/hlacke-za-kickboxing-adidas-a8284.jpeg","width":600,"height":600,"caption":"Kickboxen Shorts Adidas"},{"@type":"BreadcrumbList","@id":"https:\/\/prideshop.eu\/de\/shop\/sportarten\/kickboxen\/kickboxen-kleidung\/kickboxen-shorts-adidas\/#breadcrumb","itemListElement":[{"@type":"ListItem","position":1,"name":"Home","item":"https:\/\/prideshop.eu\/de\/"},{"@type":"ListItem","position":2,"name":"Gesch\u00e4ft","item":"https:\/\/prideshop.eu\/de\/geschaeft\/"},{"@type":"ListItem","position":3,"name":"Kickbox Shorts Adidas \u2013 ProKick"}]},{"@type":"WebSite","@id":"https:\/\/prideshop.eu\/de\/#website","url":"https:\/\/prideshop.eu\/de\/","name":"PRIDEshop","description":"Oprema za Borilne \u0160porte","publisher":{"@id":"https:\/\/prideshop.eu\/de\/#organization"},"potentialAction":[{"@type":"SearchAction","target":{"@type":"EntryPoint","urlTemplate":"https:\/\/prideshop.eu\/de\/?s={search_term_string}"},"query-input":{"@type":"PropertyValueSpecification","valueRequired":true,"valueName":"search_term_string"}}],"inLanguage":"de"},{"@type":"Organization","@id":"https:\/\/prideshop.eu\/de\/#organization","name":"PRIDEshop","url":"https:\/\/prideshop.eu\/de\/","logo":{"@type":"ImageObject","inLanguage":"de","@id":"https:\/\/prideshop.eu\/de\/#\/schema\/logo\/image\/","url":"","contentUrl":"","caption":"PRIDEshop"},"image":{"@id":"https:\/\/prideshop.eu\/de\/#\/schema\/logo\/image\/"},"sameAs":["https:\/\/sl-si.facebook.com\/PrideShopeu"]}]}},"_links":{"self":[{"href":"https:\/\/prideshop.eu\/de\/wp-json\/wp\/v2\/product\/32244","targetHints":{"allow":["GET"]}}],"collection":[{"href":"https:\/\/prideshop.eu\/de\/wp-json\/wp\/v2\/product"}],"about":[{"href":"https:\/\/prideshop.eu\/de\/wp-json\/wp\/v2\/types\/product"}],"replies":[{"embeddable":true,"href":"https:\/\/prideshop.eu\/de\/wp-json\/wp\/v2\/comments?post=32244"}],"wp:featuredmedia":[{"embeddable":true,"href":"https:\/\/prideshop.eu\/de\/wp-json\/wp\/v2\/media\/32395"}],"wp:attachment":[{"href":"https:\/\/prideshop.eu\/de\/wp-json\/wp\/v2\/media?parent=32244"}],"wp:term":[{"taxonomy":"product_brand","embeddable":true,"href":"https:\/\/prideshop.eu\/de\/wp-json\/wp\/v2\/product_brand?post=32244"},{"taxonomy":"product_cat","embeddable":true,"href":"https:\/\/prideshop.eu\/de\/wp-json\/wp\/v2\/product_cat?post=32244"},{"taxonomy":"product_tag","embeddable":true,"href":"https:\/\/prideshop.eu\/de\/wp-json\/wp\/v2\/product_tag?post=32244"}],"curies":[{"name":"wp","href":"https:\/\/api.w.org\/{rel}","templated":true}]}}