{"id":32607,"date":"2022-03-07T11:46:52","date_gmt":"2022-03-07T10:46:52","guid":{"rendered":"https:\/\/prideshop.eu\/spletna-trgovina\/unkategorisiert\/elektronische-fusschutzer-wt-mit-sensoren-daedo\/"},"modified":"2025-08-04T11:17:37","modified_gmt":"2025-08-04T09:17:37","slug":"elektronische-fusschutzer-wt-mit-sensoren-daedo","status":"publish","type":"product","link":"https:\/\/prideshop.eu\/de\/shop\/sportarten\/taekwondo-wt-olypic-sports\/taekwondo-wt-schutzausrustung\/elektronische-fusschutzer-wt-mit-sensoren-daedo\/","title":{"rendered":"Taekwondo Fu\u00dfschutz WT mit Sensoren Daedo \u2013 Gen II"},"content":{"rendered":"<h3>Taekwondo Fu\u00dfschutz WT mit Sensoren Daedo \u2013 Gen II<\/h3>\n<p>Elektronische Fu\u00dfsch\u00fctzer WT mit Sensoren, Daedo sind Gen2\u2013Protektoren mit bis zu 11 Sensoren im Fu\u00df\u2013 und Fersenbereich. Die Schlagtechnik muss perfekt sein, denn nur so erkennt der Sensor den Schlag und den erzielten Punkt. Verwendung von Schilden bei Taekwondo WT\u2013Wettk\u00e4mpfen.nnWASCHEN: 30\/40 Grad (Programm zum Waschen empfindlicher Textilien).<\/p>\n","protected":false},"excerpt":{"rendered":"<p>Elektronische Fu\u00dfsch\u00fctzer WT mit Sensoren, Daedo sind Gen2\u2013Protektoren mit bis zu 11 Sensoren im Fu\u00df\u2013 und Fersenbereich. Die Schlagtechnik muss perfekt sein, denn nur so erkennt der Sensor den Schlag und den erzielten Punkt. Verwendung von Schilden bei Taekwondo WT\u2013Wettk\u00e4mpfen.nnWASCHEN: 30\/40 Grad (Programm zum Waschen empfindlicher Textilien).<\/p>\n","protected":false},"featured_media":31713,"comment_status":"open","ping_status":"closed","template":"","meta":{"_acf_changed":false},"product_brand":[],"product_cat":[580,644,632,634,656,756,766],"product_tag":[],"class_list":{"0":"post-32607","1":"product","2":"type-product","3":"status-publish","4":"has-post-thumbnail","6":"product_cat-equipment-de","7":"product_cat-handschutz-und-beinschutz","8":"product_cat-outlet-de","9":"product_cat-schutzausrustung","10":"product_cat-sportarten","11":"product_cat-taekwondo-wt-olypic-sports","12":"product_cat-taekwondo-wt-schutzausrustung","14":"first","15":"instock","16":"sale","17":"taxable","18":"shipping-taxable","19":"purchasable","20":"product-type-variable"},"acf":[],"yoast_head":"<!-- This site is optimized with the Yoast SEO plugin v27.5 - https:\/\/yoast.com\/product\/yoast-seo-wordpress\/ -->\n<title>Taekwondo Fu\u00dfschutz WT mit Sensoren Daedo \u2013 Gen II - PRIDEshop<\/title>\n<meta name=\"description\" content=\"Elektronische Fu\u00dfsch\u00fctzer WT mit Sensoren, Daedo sind Gen2-Protektoren mit bis zu 11 Sensoren im Fu\u00df- und Fersenbereich.\" \/>\n<meta name=\"robots\" content=\"index, follow, max-snippet:-1, max-image-preview:large, max-video-preview:-1\" \/>\n<link rel=\"canonical\" href=\"https:\/\/prideshop.eu\/de\/shop\/sportarten\/taekwondo-wt-olypic-sports\/taekwondo-wt-schutzausrustung\/elektronische-fusschutzer-wt-mit-sensoren-daedo\/\" \/>\n<meta property=\"og:locale\" content=\"de_DE\" \/>\n<meta property=\"og:type\" content=\"article\" \/>\n<meta property=\"og:title\" content=\"Taekwondo Fu\u00dfschutz WT mit Sensoren Daedo \u2013 Gen II - PRIDEshop\" \/>\n<meta property=\"og:description\" content=\"Elektronische Fu\u00dfsch\u00fctzer WT mit Sensoren, Daedo sind Gen2-Protektoren mit bis zu 11 Sensoren im Fu\u00df- und Fersenbereich.\" \/>\n<meta property=\"og:url\" content=\"https:\/\/prideshop.eu\/de\/shop\/sportarten\/taekwondo-wt-olypic-sports\/taekwondo-wt-schutzausrustung\/elektronische-fusschutzer-wt-mit-sensoren-daedo\/\" \/>\n<meta property=\"og:site_name\" content=\"PRIDEshop\" \/>\n<meta property=\"article:publisher\" content=\"https:\/\/sl-si.facebook.com\/PrideShopeu\" \/>\n<meta property=\"article:modified_time\" content=\"2025-08-04T09:17:37+00:00\" \/>\n<meta property=\"og:image\" content=\"https:\/\/prideshop.eu\/wp-content\/uploads\/2022\/03\/elektronski-scitniki-za-stopalo-wt-s-senzorji-daedo-depro-29037-e1646652138158.jpg\" \/>\n\t<meta property=\"og:image:width\" content=\"416\" \/>\n\t<meta property=\"og:image:height\" content=\"416\" \/>\n\t<meta property=\"og:image:type\" content=\"image\/jpeg\" \/>\n<meta name=\"twitter:card\" content=\"summary_large_image\" \/>\n<script type=\"application\/ld+json\" class=\"yoast-schema-graph\">{\"@context\":\"https:\\\/\\\/schema.org\",\"@graph\":[{\"@type\":\"WebPage\",\"@id\":\"https:\\\/\\\/prideshop.eu\\\/de\\\/shop\\\/sportarten\\\/taekwondo-wt-olypic-sports\\\/taekwondo-wt-schutzausrustung\\\/elektronische-fusschutzer-wt-mit-sensoren-daedo\\\/\",\"url\":\"https:\\\/\\\/prideshop.eu\\\/de\\\/shop\\\/sportarten\\\/taekwondo-wt-olypic-sports\\\/taekwondo-wt-schutzausrustung\\\/elektronische-fusschutzer-wt-mit-sensoren-daedo\\\/\",\"name\":\"Taekwondo Fu\u00dfschutz WT mit Sensoren Daedo \u2013 Gen II - PRIDEshop\",\"isPartOf\":{\"@id\":\"https:\\\/\\\/prideshop.eu\\\/de\\\/#website\"},\"primaryImageOfPage\":{\"@id\":\"https:\\\/\\\/prideshop.eu\\\/de\\\/shop\\\/sportarten\\\/taekwondo-wt-olypic-sports\\\/taekwondo-wt-schutzausrustung\\\/elektronische-fusschutzer-wt-mit-sensoren-daedo\\\/#primaryimage\"},\"image\":{\"@id\":\"https:\\\/\\\/prideshop.eu\\\/de\\\/shop\\\/sportarten\\\/taekwondo-wt-olypic-sports\\\/taekwondo-wt-schutzausrustung\\\/elektronische-fusschutzer-wt-mit-sensoren-daedo\\\/#primaryimage\"},\"thumbnailUrl\":\"https:\\\/\\\/prideshop.eu\\\/wp-content\\\/uploads\\\/2022\\\/03\\\/elektronski-scitniki-za-stopalo-wt-s-senzorji-daedo-depro-29037-e1646652138158.jpg\",\"datePublished\":\"2022-03-07T10:46:52+00:00\",\"dateModified\":\"2025-08-04T09:17:37+00:00\",\"description\":\"Elektronische Fu\u00dfsch\u00fctzer WT mit Sensoren, Daedo sind Gen2-Protektoren mit bis zu 11 Sensoren im Fu\u00df- und Fersenbereich.\",\"breadcrumb\":{\"@id\":\"https:\\\/\\\/prideshop.eu\\\/de\\\/shop\\\/sportarten\\\/taekwondo-wt-olypic-sports\\\/taekwondo-wt-schutzausrustung\\\/elektronische-fusschutzer-wt-mit-sensoren-daedo\\\/#breadcrumb\"},\"inLanguage\":\"de\",\"potentialAction\":[{\"@type\":\"ReadAction\",\"target\":[\"https:\\\/\\\/prideshop.eu\\\/de\\\/shop\\\/sportarten\\\/taekwondo-wt-olypic-sports\\\/taekwondo-wt-schutzausrustung\\\/elektronische-fusschutzer-wt-mit-sensoren-daedo\\\/\"]}]},{\"@type\":\"ImageObject\",\"inLanguage\":\"de\",\"@id\":\"https:\\\/\\\/prideshop.eu\\\/de\\\/shop\\\/sportarten\\\/taekwondo-wt-olypic-sports\\\/taekwondo-wt-schutzausrustung\\\/elektronische-fusschutzer-wt-mit-sensoren-daedo\\\/#primaryimage\",\"url\":\"https:\\\/\\\/prideshop.eu\\\/wp-content\\\/uploads\\\/2022\\\/03\\\/elektronski-scitniki-za-stopalo-wt-s-senzorji-daedo-depro-29037-e1646652138158.jpg\",\"contentUrl\":\"https:\\\/\\\/prideshop.eu\\\/wp-content\\\/uploads\\\/2022\\\/03\\\/elektronski-scitniki-za-stopalo-wt-s-senzorji-daedo-depro-29037-e1646652138158.jpg\",\"width\":416,\"height\":416,\"caption\":\"Elektronische Fu\u00dfsch\u00fctzer WT mit Sensoren\"},{\"@type\":\"BreadcrumbList\",\"@id\":\"https:\\\/\\\/prideshop.eu\\\/de\\\/shop\\\/sportarten\\\/taekwondo-wt-olypic-sports\\\/taekwondo-wt-schutzausrustung\\\/elektronische-fusschutzer-wt-mit-sensoren-daedo\\\/#breadcrumb\",\"itemListElement\":[{\"@type\":\"ListItem\",\"position\":1,\"name\":\"Home\",\"item\":\"https:\\\/\\\/prideshop.eu\\\/de\\\/\"},{\"@type\":\"ListItem\",\"position\":2,\"name\":\"Gesch\u00e4ft\",\"item\":\"https:\\\/\\\/prideshop.eu\\\/de\\\/geschaeft\\\/\"},{\"@type\":\"ListItem\",\"position\":3,\"name\":\"Taekwondo Fu\u00dfschutz WT mit Sensoren Daedo \u2013 Gen II\"}]},{\"@type\":\"WebSite\",\"@id\":\"https:\\\/\\\/prideshop.eu\\\/de\\\/#website\",\"url\":\"https:\\\/\\\/prideshop.eu\\\/de\\\/\",\"name\":\"PRIDEshop\",\"description\":\"Oprema za Borilne \u0160porte\",\"publisher\":{\"@id\":\"https:\\\/\\\/prideshop.eu\\\/de\\\/#organization\"},\"potentialAction\":[{\"@type\":\"SearchAction\",\"target\":{\"@type\":\"EntryPoint\",\"urlTemplate\":\"https:\\\/\\\/prideshop.eu\\\/de\\\/?s={search_term_string}\"},\"query-input\":{\"@type\":\"PropertyValueSpecification\",\"valueRequired\":true,\"valueName\":\"search_term_string\"}}],\"inLanguage\":\"de\"},{\"@type\":\"Organization\",\"@id\":\"https:\\\/\\\/prideshop.eu\\\/de\\\/#organization\",\"name\":\"PRIDEshop\",\"url\":\"https:\\\/\\\/prideshop.eu\\\/de\\\/\",\"logo\":{\"@type\":\"ImageObject\",\"inLanguage\":\"de\",\"@id\":\"https:\\\/\\\/prideshop.eu\\\/de\\\/#\\\/schema\\\/logo\\\/image\\\/\",\"url\":\"\",\"contentUrl\":\"\",\"caption\":\"PRIDEshop\"},\"image\":{\"@id\":\"https:\\\/\\\/prideshop.eu\\\/de\\\/#\\\/schema\\\/logo\\\/image\\\/\"},\"sameAs\":[\"https:\\\/\\\/sl-si.facebook.com\\\/PrideShopeu\"]}]}<\/script>\n<!-- \/ Yoast SEO plugin. -->","yoast_head_json":{"title":"Taekwondo Fu\u00dfschutz WT mit Sensoren Daedo \u2013 Gen II - PRIDEshop","description":"Elektronische Fu\u00dfsch\u00fctzer WT mit Sensoren, Daedo sind Gen2-Protektoren mit bis zu 11 Sensoren im Fu\u00df- und Fersenbereich.","robots":{"index":"index","follow":"follow","max-snippet":"max-snippet:-1","max-image-preview":"max-image-preview:large","max-video-preview":"max-video-preview:-1"},"canonical":"https:\/\/prideshop.eu\/de\/shop\/sportarten\/taekwondo-wt-olypic-sports\/taekwondo-wt-schutzausrustung\/elektronische-fusschutzer-wt-mit-sensoren-daedo\/","og_locale":"de_DE","og_type":"article","og_title":"Taekwondo Fu\u00dfschutz WT mit Sensoren Daedo \u2013 Gen II - PRIDEshop","og_description":"Elektronische Fu\u00dfsch\u00fctzer WT mit Sensoren, Daedo sind Gen2-Protektoren mit bis zu 11 Sensoren im Fu\u00df- und Fersenbereich.","og_url":"https:\/\/prideshop.eu\/de\/shop\/sportarten\/taekwondo-wt-olypic-sports\/taekwondo-wt-schutzausrustung\/elektronische-fusschutzer-wt-mit-sensoren-daedo\/","og_site_name":"PRIDEshop","article_publisher":"https:\/\/sl-si.facebook.com\/PrideShopeu","article_modified_time":"2025-08-04T09:17:37+00:00","og_image":[{"width":416,"height":416,"url":"https:\/\/prideshop.eu\/wp-content\/uploads\/2022\/03\/elektronski-scitniki-za-stopalo-wt-s-senzorji-daedo-depro-29037-e1646652138158.jpg","type":"image\/jpeg"}],"twitter_card":"summary_large_image","schema":{"@context":"https:\/\/schema.org","@graph":[{"@type":"WebPage","@id":"https:\/\/prideshop.eu\/de\/shop\/sportarten\/taekwondo-wt-olypic-sports\/taekwondo-wt-schutzausrustung\/elektronische-fusschutzer-wt-mit-sensoren-daedo\/","url":"https:\/\/prideshop.eu\/de\/shop\/sportarten\/taekwondo-wt-olypic-sports\/taekwondo-wt-schutzausrustung\/elektronische-fusschutzer-wt-mit-sensoren-daedo\/","name":"Taekwondo Fu\u00dfschutz WT mit Sensoren Daedo \u2013 Gen II - PRIDEshop","isPartOf":{"@id":"https:\/\/prideshop.eu\/de\/#website"},"primaryImageOfPage":{"@id":"https:\/\/prideshop.eu\/de\/shop\/sportarten\/taekwondo-wt-olypic-sports\/taekwondo-wt-schutzausrustung\/elektronische-fusschutzer-wt-mit-sensoren-daedo\/#primaryimage"},"image":{"@id":"https:\/\/prideshop.eu\/de\/shop\/sportarten\/taekwondo-wt-olypic-sports\/taekwondo-wt-schutzausrustung\/elektronische-fusschutzer-wt-mit-sensoren-daedo\/#primaryimage"},"thumbnailUrl":"https:\/\/prideshop.eu\/wp-content\/uploads\/2022\/03\/elektronski-scitniki-za-stopalo-wt-s-senzorji-daedo-depro-29037-e1646652138158.jpg","datePublished":"2022-03-07T10:46:52+00:00","dateModified":"2025-08-04T09:17:37+00:00","description":"Elektronische Fu\u00dfsch\u00fctzer WT mit Sensoren, Daedo sind Gen2-Protektoren mit bis zu 11 Sensoren im Fu\u00df- und Fersenbereich.","breadcrumb":{"@id":"https:\/\/prideshop.eu\/de\/shop\/sportarten\/taekwondo-wt-olypic-sports\/taekwondo-wt-schutzausrustung\/elektronische-fusschutzer-wt-mit-sensoren-daedo\/#breadcrumb"},"inLanguage":"de","potentialAction":[{"@type":"ReadAction","target":["https:\/\/prideshop.eu\/de\/shop\/sportarten\/taekwondo-wt-olypic-sports\/taekwondo-wt-schutzausrustung\/elektronische-fusschutzer-wt-mit-sensoren-daedo\/"]}]},{"@type":"ImageObject","inLanguage":"de","@id":"https:\/\/prideshop.eu\/de\/shop\/sportarten\/taekwondo-wt-olypic-sports\/taekwondo-wt-schutzausrustung\/elektronische-fusschutzer-wt-mit-sensoren-daedo\/#primaryimage","url":"https:\/\/prideshop.eu\/wp-content\/uploads\/2022\/03\/elektronski-scitniki-za-stopalo-wt-s-senzorji-daedo-depro-29037-e1646652138158.jpg","contentUrl":"https:\/\/prideshop.eu\/wp-content\/uploads\/2022\/03\/elektronski-scitniki-za-stopalo-wt-s-senzorji-daedo-depro-29037-e1646652138158.jpg","width":416,"height":416,"caption":"Elektronische Fu\u00dfsch\u00fctzer WT mit Sensoren"},{"@type":"BreadcrumbList","@id":"https:\/\/prideshop.eu\/de\/shop\/sportarten\/taekwondo-wt-olypic-sports\/taekwondo-wt-schutzausrustung\/elektronische-fusschutzer-wt-mit-sensoren-daedo\/#breadcrumb","itemListElement":[{"@type":"ListItem","position":1,"name":"Home","item":"https:\/\/prideshop.eu\/de\/"},{"@type":"ListItem","position":2,"name":"Gesch\u00e4ft","item":"https:\/\/prideshop.eu\/de\/geschaeft\/"},{"@type":"ListItem","position":3,"name":"Taekwondo Fu\u00dfschutz WT mit Sensoren Daedo \u2013 Gen II"}]},{"@type":"WebSite","@id":"https:\/\/prideshop.eu\/de\/#website","url":"https:\/\/prideshop.eu\/de\/","name":"PRIDEshop","description":"Oprema za Borilne \u0160porte","publisher":{"@id":"https:\/\/prideshop.eu\/de\/#organization"},"potentialAction":[{"@type":"SearchAction","target":{"@type":"EntryPoint","urlTemplate":"https:\/\/prideshop.eu\/de\/?s={search_term_string}"},"query-input":{"@type":"PropertyValueSpecification","valueRequired":true,"valueName":"search_term_string"}}],"inLanguage":"de"},{"@type":"Organization","@id":"https:\/\/prideshop.eu\/de\/#organization","name":"PRIDEshop","url":"https:\/\/prideshop.eu\/de\/","logo":{"@type":"ImageObject","inLanguage":"de","@id":"https:\/\/prideshop.eu\/de\/#\/schema\/logo\/image\/","url":"","contentUrl":"","caption":"PRIDEshop"},"image":{"@id":"https:\/\/prideshop.eu\/de\/#\/schema\/logo\/image\/"},"sameAs":["https:\/\/sl-si.facebook.com\/PrideShopeu"]}]}},"_links":{"self":[{"href":"https:\/\/prideshop.eu\/de\/wp-json\/wp\/v2\/product\/32607","targetHints":{"allow":["GET"]}}],"collection":[{"href":"https:\/\/prideshop.eu\/de\/wp-json\/wp\/v2\/product"}],"about":[{"href":"https:\/\/prideshop.eu\/de\/wp-json\/wp\/v2\/types\/product"}],"replies":[{"embeddable":true,"href":"https:\/\/prideshop.eu\/de\/wp-json\/wp\/v2\/comments?post=32607"}],"wp:featuredmedia":[{"embeddable":true,"href":"https:\/\/prideshop.eu\/de\/wp-json\/wp\/v2\/media\/31713"}],"wp:attachment":[{"href":"https:\/\/prideshop.eu\/de\/wp-json\/wp\/v2\/media?parent=32607"}],"wp:term":[{"taxonomy":"product_brand","embeddable":true,"href":"https:\/\/prideshop.eu\/de\/wp-json\/wp\/v2\/product_brand?post=32607"},{"taxonomy":"product_cat","embeddable":true,"href":"https:\/\/prideshop.eu\/de\/wp-json\/wp\/v2\/product_cat?post=32607"},{"taxonomy":"product_tag","embeddable":true,"href":"https:\/\/prideshop.eu\/de\/wp-json\/wp\/v2\/product_tag?post=32607"}],"curies":[{"name":"wp","href":"https:\/\/api.w.org\/{rel}","templated":true}]}}