{"id":32691,"date":"2022-03-31T14:26:01","date_gmt":"2022-03-31T12:26:01","guid":{"rendered":"https:\/\/prideshop.eu\/?post_type=product&#038;p=32691"},"modified":"2025-08-04T10:55:47","modified_gmt":"2025-08-04T08:55:47","slug":"wtf-fusschutzer-pride","status":"publish","type":"product","link":"https:\/\/prideshop.eu\/de\/shop\/sportarten\/taekwondo-wt-olypic-sports\/taekwondo-wt-schutzausrustung\/wtf-fusschutzer-pride\/","title":{"rendered":"Taekwondo Fu\u00dfschutz WT Pride \u2013 Champion"},"content":{"rendered":"<h3>Taekwondo Fu\u00dfschutz WT Pride \u2013 Champion<\/h3>\n<p>WTF Fu\u00dfsch\u00fctzer, Pride sind Nanodr\u00e4hte und bestehen aus strapazierf\u00e4higem Material, das zus\u00e4tzlichen Schutz vor Verletzungen bietet. Au\u00dferdem zeichnen sie sich durch ein hervorragendes Klettverschlusssystem aus, das ein schnelles An\u2013 und Ausziehen erm\u00f6glicht. Spandex\u2013Material f\u00fcr Bel\u00fcftung und Komfort und ein spezieller waschbarer Schutzbereich zur Schwei\u00dfaufnahme. Hervorragender Schutz der Zehen, des inneren Teils des Fu\u00dfes und des Kn\u00f6chels.<\/p>\n","protected":false},"excerpt":{"rendered":"<p>WTF Fu\u00dfsch\u00fctzer, Pride sind Nanodr\u00e4hte und bestehen aus strapazierf\u00e4higem Material, das zus\u00e4tzlichen Schutz vor Verletzungen bietet. Au\u00dferdem zeichnen sie sich durch ein hervorragendes Klettverschlusssystem aus, das ein schnelles An\u2013 und Ausziehen erm\u00f6glicht. Spandex\u2013Material f\u00fcr Bel\u00fcftung und Komfort und ein spezieller waschbarer Schutzbereich zur Schwei\u00dfaufnahme. Hervorragender Schutz der Zehen, des inneren Teils des Fu\u00dfes und des Kn\u00f6chels.<\/p>\n","protected":false},"featured_media":32713,"comment_status":"open","ping_status":"closed","template":"","meta":{"_acf_changed":false},"product_brand":[2086],"product_cat":[580,644,634,656,756,766],"product_tag":[],"class_list":{"0":"post-32691","1":"product","2":"type-product","3":"status-publish","4":"has-post-thumbnail","6":"product_brand-pride","7":"product_cat-equipment-de","8":"product_cat-handschutz-und-beinschutz","9":"product_cat-schutzausrustung","10":"product_cat-sportarten","11":"product_cat-taekwondo-wt-olypic-sports","12":"product_cat-taekwondo-wt-schutzausrustung","14":"first","15":"instock","16":"taxable","17":"shipping-taxable","18":"purchasable","19":"product-type-variable"},"acf":[],"yoast_head":"<!-- This site is optimized with the Yoast SEO plugin v27.4 - https:\/\/yoast.com\/product\/yoast-seo-wordpress\/ -->\n<title>Taekwondo Fu\u00dfschutz WT Pride \u2013 Champion - PRIDEshop<\/title>\n<meta name=\"description\" content=\"WTF Fu\u00dfsch\u00fctzer, Pride sind Nanodr\u00e4hte und bestehen aus strapazierf\u00e4higem Material, das zus\u00e4tzlichen Schutz vor Verletzungen bietet.\" \/>\n<meta name=\"robots\" content=\"index, follow, max-snippet:-1, max-image-preview:large, max-video-preview:-1\" \/>\n<link rel=\"canonical\" href=\"https:\/\/prideshop.eu\/de\/shop\/sportarten\/taekwondo-wt-olypic-sports\/taekwondo-wt-schutzausrustung\/wtf-fusschutzer-pride\/\" \/>\n<meta property=\"og:locale\" content=\"de_DE\" \/>\n<meta property=\"og:type\" content=\"article\" \/>\n<meta property=\"og:title\" content=\"Taekwondo Fu\u00dfschutz WT Pride \u2013 Champion - PRIDEshop\" \/>\n<meta property=\"og:description\" content=\"WTF Fu\u00dfsch\u00fctzer, Pride sind Nanodr\u00e4hte und bestehen aus strapazierf\u00e4higem Material, das zus\u00e4tzlichen Schutz vor Verletzungen bietet.\" \/>\n<meta property=\"og:url\" content=\"https:\/\/prideshop.eu\/de\/shop\/sportarten\/taekwondo-wt-olypic-sports\/taekwondo-wt-schutzausrustung\/wtf-fusschutzer-pride\/\" \/>\n<meta property=\"og:site_name\" content=\"PRIDEshop\" \/>\n<meta property=\"article:publisher\" content=\"https:\/\/sl-si.facebook.com\/PrideShopeu\" \/>\n<meta property=\"article:modified_time\" content=\"2025-08-04T08:55:47+00:00\" \/>\n<meta property=\"og:image\" content=\"https:\/\/prideshop.eu\/wp-content\/uploads\/2022\/03\/wt-scitniki-za-stopala-pride-5058.jpeg\" \/>\n\t<meta property=\"og:image:width\" content=\"600\" \/>\n\t<meta property=\"og:image:height\" content=\"600\" \/>\n\t<meta property=\"og:image:type\" content=\"image\/jpeg\" \/>\n<meta name=\"twitter:card\" content=\"summary_large_image\" \/>\n<script type=\"application\/ld+json\" class=\"yoast-schema-graph\">{\"@context\":\"https:\\\/\\\/schema.org\",\"@graph\":[{\"@type\":\"WebPage\",\"@id\":\"https:\\\/\\\/prideshop.eu\\\/de\\\/shop\\\/sportarten\\\/taekwondo-wt-olypic-sports\\\/taekwondo-wt-schutzausrustung\\\/wtf-fusschutzer-pride\\\/\",\"url\":\"https:\\\/\\\/prideshop.eu\\\/de\\\/shop\\\/sportarten\\\/taekwondo-wt-olypic-sports\\\/taekwondo-wt-schutzausrustung\\\/wtf-fusschutzer-pride\\\/\",\"name\":\"Taekwondo Fu\u00dfschutz WT Pride \u2013 Champion - PRIDEshop\",\"isPartOf\":{\"@id\":\"https:\\\/\\\/prideshop.eu\\\/de\\\/#website\"},\"primaryImageOfPage\":{\"@id\":\"https:\\\/\\\/prideshop.eu\\\/de\\\/shop\\\/sportarten\\\/taekwondo-wt-olypic-sports\\\/taekwondo-wt-schutzausrustung\\\/wtf-fusschutzer-pride\\\/#primaryimage\"},\"image\":{\"@id\":\"https:\\\/\\\/prideshop.eu\\\/de\\\/shop\\\/sportarten\\\/taekwondo-wt-olypic-sports\\\/taekwondo-wt-schutzausrustung\\\/wtf-fusschutzer-pride\\\/#primaryimage\"},\"thumbnailUrl\":\"https:\\\/\\\/prideshop.eu\\\/wp-content\\\/uploads\\\/2022\\\/03\\\/wt-scitniki-za-stopala-pride-5058.jpeg\",\"datePublished\":\"2022-03-31T12:26:01+00:00\",\"dateModified\":\"2025-08-04T08:55:47+00:00\",\"description\":\"WTF Fu\u00dfsch\u00fctzer, Pride sind Nanodr\u00e4hte und bestehen aus strapazierf\u00e4higem Material, das zus\u00e4tzlichen Schutz vor Verletzungen bietet.\",\"breadcrumb\":{\"@id\":\"https:\\\/\\\/prideshop.eu\\\/de\\\/shop\\\/sportarten\\\/taekwondo-wt-olypic-sports\\\/taekwondo-wt-schutzausrustung\\\/wtf-fusschutzer-pride\\\/#breadcrumb\"},\"inLanguage\":\"de\",\"potentialAction\":[{\"@type\":\"ReadAction\",\"target\":[\"https:\\\/\\\/prideshop.eu\\\/de\\\/shop\\\/sportarten\\\/taekwondo-wt-olypic-sports\\\/taekwondo-wt-schutzausrustung\\\/wtf-fusschutzer-pride\\\/\"]}]},{\"@type\":\"ImageObject\",\"inLanguage\":\"de\",\"@id\":\"https:\\\/\\\/prideshop.eu\\\/de\\\/shop\\\/sportarten\\\/taekwondo-wt-olypic-sports\\\/taekwondo-wt-schutzausrustung\\\/wtf-fusschutzer-pride\\\/#primaryimage\",\"url\":\"https:\\\/\\\/prideshop.eu\\\/wp-content\\\/uploads\\\/2022\\\/03\\\/wt-scitniki-za-stopala-pride-5058.jpeg\",\"contentUrl\":\"https:\\\/\\\/prideshop.eu\\\/wp-content\\\/uploads\\\/2022\\\/03\\\/wt-scitniki-za-stopala-pride-5058.jpeg\",\"width\":600,\"height\":600,\"caption\":\"WTF Fu\u00dfsch\u00fctzer Pride\"},{\"@type\":\"BreadcrumbList\",\"@id\":\"https:\\\/\\\/prideshop.eu\\\/de\\\/shop\\\/sportarten\\\/taekwondo-wt-olypic-sports\\\/taekwondo-wt-schutzausrustung\\\/wtf-fusschutzer-pride\\\/#breadcrumb\",\"itemListElement\":[{\"@type\":\"ListItem\",\"position\":1,\"name\":\"Home\",\"item\":\"https:\\\/\\\/prideshop.eu\\\/de\\\/\"},{\"@type\":\"ListItem\",\"position\":2,\"name\":\"Gesch\u00e4ft\",\"item\":\"https:\\\/\\\/prideshop.eu\\\/de\\\/geschaeft\\\/\"},{\"@type\":\"ListItem\",\"position\":3,\"name\":\"Taekwondo Fu\u00dfschutz WT Pride \u2013 Champion\"}]},{\"@type\":\"WebSite\",\"@id\":\"https:\\\/\\\/prideshop.eu\\\/de\\\/#website\",\"url\":\"https:\\\/\\\/prideshop.eu\\\/de\\\/\",\"name\":\"PRIDEshop\",\"description\":\"Oprema za Borilne \u0160porte\",\"publisher\":{\"@id\":\"https:\\\/\\\/prideshop.eu\\\/de\\\/#organization\"},\"potentialAction\":[{\"@type\":\"SearchAction\",\"target\":{\"@type\":\"EntryPoint\",\"urlTemplate\":\"https:\\\/\\\/prideshop.eu\\\/de\\\/?s={search_term_string}\"},\"query-input\":{\"@type\":\"PropertyValueSpecification\",\"valueRequired\":true,\"valueName\":\"search_term_string\"}}],\"inLanguage\":\"de\"},{\"@type\":\"Organization\",\"@id\":\"https:\\\/\\\/prideshop.eu\\\/de\\\/#organization\",\"name\":\"PRIDEshop\",\"url\":\"https:\\\/\\\/prideshop.eu\\\/de\\\/\",\"logo\":{\"@type\":\"ImageObject\",\"inLanguage\":\"de\",\"@id\":\"https:\\\/\\\/prideshop.eu\\\/de\\\/#\\\/schema\\\/logo\\\/image\\\/\",\"url\":\"\",\"contentUrl\":\"\",\"caption\":\"PRIDEshop\"},\"image\":{\"@id\":\"https:\\\/\\\/prideshop.eu\\\/de\\\/#\\\/schema\\\/logo\\\/image\\\/\"},\"sameAs\":[\"https:\\\/\\\/sl-si.facebook.com\\\/PrideShopeu\"]}]}<\/script>\n<!-- \/ Yoast SEO plugin. -->","yoast_head_json":{"title":"Taekwondo Fu\u00dfschutz WT Pride \u2013 Champion - PRIDEshop","description":"WTF Fu\u00dfsch\u00fctzer, Pride sind Nanodr\u00e4hte und bestehen aus strapazierf\u00e4higem Material, das zus\u00e4tzlichen Schutz vor Verletzungen bietet.","robots":{"index":"index","follow":"follow","max-snippet":"max-snippet:-1","max-image-preview":"max-image-preview:large","max-video-preview":"max-video-preview:-1"},"canonical":"https:\/\/prideshop.eu\/de\/shop\/sportarten\/taekwondo-wt-olypic-sports\/taekwondo-wt-schutzausrustung\/wtf-fusschutzer-pride\/","og_locale":"de_DE","og_type":"article","og_title":"Taekwondo Fu\u00dfschutz WT Pride \u2013 Champion - PRIDEshop","og_description":"WTF Fu\u00dfsch\u00fctzer, Pride sind Nanodr\u00e4hte und bestehen aus strapazierf\u00e4higem Material, das zus\u00e4tzlichen Schutz vor Verletzungen bietet.","og_url":"https:\/\/prideshop.eu\/de\/shop\/sportarten\/taekwondo-wt-olypic-sports\/taekwondo-wt-schutzausrustung\/wtf-fusschutzer-pride\/","og_site_name":"PRIDEshop","article_publisher":"https:\/\/sl-si.facebook.com\/PrideShopeu","article_modified_time":"2025-08-04T08:55:47+00:00","og_image":[{"width":600,"height":600,"url":"https:\/\/prideshop.eu\/wp-content\/uploads\/2022\/03\/wt-scitniki-za-stopala-pride-5058.jpeg","type":"image\/jpeg"}],"twitter_card":"summary_large_image","schema":{"@context":"https:\/\/schema.org","@graph":[{"@type":"WebPage","@id":"https:\/\/prideshop.eu\/de\/shop\/sportarten\/taekwondo-wt-olypic-sports\/taekwondo-wt-schutzausrustung\/wtf-fusschutzer-pride\/","url":"https:\/\/prideshop.eu\/de\/shop\/sportarten\/taekwondo-wt-olypic-sports\/taekwondo-wt-schutzausrustung\/wtf-fusschutzer-pride\/","name":"Taekwondo Fu\u00dfschutz WT Pride \u2013 Champion - PRIDEshop","isPartOf":{"@id":"https:\/\/prideshop.eu\/de\/#website"},"primaryImageOfPage":{"@id":"https:\/\/prideshop.eu\/de\/shop\/sportarten\/taekwondo-wt-olypic-sports\/taekwondo-wt-schutzausrustung\/wtf-fusschutzer-pride\/#primaryimage"},"image":{"@id":"https:\/\/prideshop.eu\/de\/shop\/sportarten\/taekwondo-wt-olypic-sports\/taekwondo-wt-schutzausrustung\/wtf-fusschutzer-pride\/#primaryimage"},"thumbnailUrl":"https:\/\/prideshop.eu\/wp-content\/uploads\/2022\/03\/wt-scitniki-za-stopala-pride-5058.jpeg","datePublished":"2022-03-31T12:26:01+00:00","dateModified":"2025-08-04T08:55:47+00:00","description":"WTF Fu\u00dfsch\u00fctzer, Pride sind Nanodr\u00e4hte und bestehen aus strapazierf\u00e4higem Material, das zus\u00e4tzlichen Schutz vor Verletzungen bietet.","breadcrumb":{"@id":"https:\/\/prideshop.eu\/de\/shop\/sportarten\/taekwondo-wt-olypic-sports\/taekwondo-wt-schutzausrustung\/wtf-fusschutzer-pride\/#breadcrumb"},"inLanguage":"de","potentialAction":[{"@type":"ReadAction","target":["https:\/\/prideshop.eu\/de\/shop\/sportarten\/taekwondo-wt-olypic-sports\/taekwondo-wt-schutzausrustung\/wtf-fusschutzer-pride\/"]}]},{"@type":"ImageObject","inLanguage":"de","@id":"https:\/\/prideshop.eu\/de\/shop\/sportarten\/taekwondo-wt-olypic-sports\/taekwondo-wt-schutzausrustung\/wtf-fusschutzer-pride\/#primaryimage","url":"https:\/\/prideshop.eu\/wp-content\/uploads\/2022\/03\/wt-scitniki-za-stopala-pride-5058.jpeg","contentUrl":"https:\/\/prideshop.eu\/wp-content\/uploads\/2022\/03\/wt-scitniki-za-stopala-pride-5058.jpeg","width":600,"height":600,"caption":"WTF Fu\u00dfsch\u00fctzer Pride"},{"@type":"BreadcrumbList","@id":"https:\/\/prideshop.eu\/de\/shop\/sportarten\/taekwondo-wt-olypic-sports\/taekwondo-wt-schutzausrustung\/wtf-fusschutzer-pride\/#breadcrumb","itemListElement":[{"@type":"ListItem","position":1,"name":"Home","item":"https:\/\/prideshop.eu\/de\/"},{"@type":"ListItem","position":2,"name":"Gesch\u00e4ft","item":"https:\/\/prideshop.eu\/de\/geschaeft\/"},{"@type":"ListItem","position":3,"name":"Taekwondo Fu\u00dfschutz WT Pride \u2013 Champion"}]},{"@type":"WebSite","@id":"https:\/\/prideshop.eu\/de\/#website","url":"https:\/\/prideshop.eu\/de\/","name":"PRIDEshop","description":"Oprema za Borilne \u0160porte","publisher":{"@id":"https:\/\/prideshop.eu\/de\/#organization"},"potentialAction":[{"@type":"SearchAction","target":{"@type":"EntryPoint","urlTemplate":"https:\/\/prideshop.eu\/de\/?s={search_term_string}"},"query-input":{"@type":"PropertyValueSpecification","valueRequired":true,"valueName":"search_term_string"}}],"inLanguage":"de"},{"@type":"Organization","@id":"https:\/\/prideshop.eu\/de\/#organization","name":"PRIDEshop","url":"https:\/\/prideshop.eu\/de\/","logo":{"@type":"ImageObject","inLanguage":"de","@id":"https:\/\/prideshop.eu\/de\/#\/schema\/logo\/image\/","url":"","contentUrl":"","caption":"PRIDEshop"},"image":{"@id":"https:\/\/prideshop.eu\/de\/#\/schema\/logo\/image\/"},"sameAs":["https:\/\/sl-si.facebook.com\/PrideShopeu"]}]}},"_links":{"self":[{"href":"https:\/\/prideshop.eu\/de\/wp-json\/wp\/v2\/product\/32691","targetHints":{"allow":["GET"]}}],"collection":[{"href":"https:\/\/prideshop.eu\/de\/wp-json\/wp\/v2\/product"}],"about":[{"href":"https:\/\/prideshop.eu\/de\/wp-json\/wp\/v2\/types\/product"}],"replies":[{"embeddable":true,"href":"https:\/\/prideshop.eu\/de\/wp-json\/wp\/v2\/comments?post=32691"}],"wp:featuredmedia":[{"embeddable":true,"href":"https:\/\/prideshop.eu\/de\/wp-json\/wp\/v2\/media\/32713"}],"wp:attachment":[{"href":"https:\/\/prideshop.eu\/de\/wp-json\/wp\/v2\/media?parent=32691"}],"wp:term":[{"taxonomy":"product_brand","embeddable":true,"href":"https:\/\/prideshop.eu\/de\/wp-json\/wp\/v2\/product_brand?post=32691"},{"taxonomy":"product_cat","embeddable":true,"href":"https:\/\/prideshop.eu\/de\/wp-json\/wp\/v2\/product_cat?post=32691"},{"taxonomy":"product_tag","embeddable":true,"href":"https:\/\/prideshop.eu\/de\/wp-json\/wp\/v2\/product_tag?post=32691"}],"curies":[{"name":"wp","href":"https:\/\/api.w.org\/{rel}","templated":true}]}}