{"id":32766,"date":"2022-03-31T15:32:42","date_gmt":"2022-03-31T13:32:42","guid":{"rendered":"https:\/\/prideshop.eu\/?post_type=product&#038;p=32766"},"modified":"2025-08-04T10:56:34","modified_gmt":"2025-08-04T08:56:34","slug":"schienbein-und-spannschutz-tarnung-pride","status":"publish","type":"product","link":"https:\/\/prideshop.eu\/de\/shop\/sportarten\/thaiboxen\/thaiboxen-schutzausrustung\/schienbein-und-spannschutz-tarnung-pride\/","title":{"rendered":"Pro Kickbox Schienbein\u2011 und Spannschutz Pride \u2013 CamoStrikee"},"content":{"rendered":"<h3>Pro Kickbox Schienbein\u2011 und Spannschutz Pride \u2013 CamoStrikee<\/h3>\n<p>Schienbein und Spannschutz Tarnung, Pride. Ekstrem starker und gleichzeitig sehr leichter Beinschutzer f\u00fcr das Schienbein und den Fu\u00dfr\u00fccken, geeignet f\u00fcr die st\u00e4rksten Muay Thai, Kickboks, Full Contact und MMA K\u00e4mpfe. Das Gebiet des Schienbeins ist mit zus\u00e4tzlichem Verdickungsschaum, verkleidet in Kunstleder ausgestattet. Wegen der Materialien aus denen der Sch\u00fctzer besteht, bietet er perfekten Schutz und Hygiene. Zwei B\u00e4nder mit einem Klettverschluss auf der hinteren Seite und ein Elastikband am Fu\u00df versichern feste und stabile Anpassung an das Bein.<\/p>\n","protected":false},"excerpt":{"rendered":"<p>Schienbein und Spannschutz Tarnung, Pride. Ekstrem starker und gleichzeitig sehr leichter Beinschutzer f\u00fcr das Schienbein und den Fu\u00dfr\u00fccken, geeignet f\u00fcr die st\u00e4rksten Muay Thai, Kickboks, Full Contact und MMA K\u00e4mpfe. Das Gebiet des Schienbeins ist mit zus\u00e4tzlichem Verdickungsschaum, verkleidet in Kunstleder ausgestattet. Wegen der Materialien aus denen der Sch\u00fctzer besteht, bietet er perfekten Schutz und Hygiene. Zwei B\u00e4nder mit einem Klettverschluss auf der hinteren Seite und ein Elastikband am Fu\u00df versichern feste und stabile Anpassung an das Bein.<\/p>\n","protected":false},"featured_media":32836,"comment_status":"open","ping_status":"closed","template":"","meta":{"_acf_changed":false},"product_brand":[2086],"product_cat":[580,644,722,734,742,744,754,634,732,656,778,786],"product_tag":[],"class_list":{"0":"post-32766","1":"product","2":"type-product","3":"status-publish","4":"has-post-thumbnail","6":"product_brand-pride","7":"product_cat-equipment-de","8":"product_cat-handschutz-und-beinschutz","9":"product_cat-kickboxen","10":"product_cat-krav-maga-de","11":"product_cat-krav-maga-schutzausrustung","12":"product_cat-mma-ultimate-fight-de","13":"product_cat-mma-ultimate-fight-schutzausrustung","14":"product_cat-schutzausrustung","15":"product_cat-schutzausrustung-zum-kickboxen","16":"product_cat-sportarten","17":"product_cat-thaiboxen","18":"product_cat-thaiboxen-schutzausrustung","20":"first","21":"instock","22":"sale","23":"taxable","24":"shipping-taxable","25":"purchasable","26":"product-type-variable"},"acf":[],"yoast_head":"<!-- This site is optimized with the Yoast SEO plugin v27.4 - https:\/\/yoast.com\/product\/yoast-seo-wordpress\/ -->\n<title>Pro Kickbox Schienbein\u2011 und Spannschutz Pride \u2013 CamoStrikee - PRIDEshop<\/title>\n<meta name=\"description\" content=\"Schienbein und Spannschutz Tarnung, Pride. Ekstrem starker und gleichzeitig sehr leichter Beinschutzer.\" \/>\n<meta name=\"robots\" content=\"index, follow, max-snippet:-1, max-image-preview:large, max-video-preview:-1\" \/>\n<link rel=\"canonical\" href=\"https:\/\/prideshop.eu\/de\/shop\/sportarten\/thaiboxen\/thaiboxen-schutzausrustung\/schienbein-und-spannschutz-tarnung-pride\/\" \/>\n<meta property=\"og:locale\" content=\"de_DE\" \/>\n<meta property=\"og:type\" content=\"article\" \/>\n<meta property=\"og:title\" content=\"Pro Kickbox Schienbein\u2011 und Spannschutz Pride \u2013 CamoStrikee - PRIDEshop\" \/>\n<meta property=\"og:description\" content=\"Schienbein und Spannschutz Tarnung, Pride. Ekstrem starker und gleichzeitig sehr leichter Beinschutzer.\" \/>\n<meta property=\"og:url\" content=\"https:\/\/prideshop.eu\/de\/shop\/sportarten\/thaiboxen\/thaiboxen-schutzausrustung\/schienbein-und-spannschutz-tarnung-pride\/\" \/>\n<meta property=\"og:site_name\" content=\"PRIDEshop\" \/>\n<meta property=\"article:publisher\" content=\"https:\/\/sl-si.facebook.com\/PrideShopeu\" \/>\n<meta property=\"article:modified_time\" content=\"2025-08-04T08:56:34+00:00\" \/>\n<meta property=\"og:image\" content=\"https:\/\/prideshop.eu\/wp-content\/uploads\/2022\/03\/scitnik-za-nart-in-golen-kamuflazne-pride-5088-cmge.jpeg\" \/>\n\t<meta property=\"og:image:width\" content=\"600\" \/>\n\t<meta property=\"og:image:height\" content=\"600\" \/>\n\t<meta property=\"og:image:type\" content=\"image\/jpeg\" \/>\n<meta name=\"twitter:card\" content=\"summary_large_image\" \/>\n<script type=\"application\/ld+json\" class=\"yoast-schema-graph\">{\"@context\":\"https:\\\/\\\/schema.org\",\"@graph\":[{\"@type\":\"WebPage\",\"@id\":\"https:\\\/\\\/prideshop.eu\\\/de\\\/shop\\\/sportarten\\\/thaiboxen\\\/thaiboxen-schutzausrustung\\\/schienbein-und-spannschutz-tarnung-pride\\\/\",\"url\":\"https:\\\/\\\/prideshop.eu\\\/de\\\/shop\\\/sportarten\\\/thaiboxen\\\/thaiboxen-schutzausrustung\\\/schienbein-und-spannschutz-tarnung-pride\\\/\",\"name\":\"Pro Kickbox Schienbein\u2011 und Spannschutz Pride \u2013 CamoStrikee - PRIDEshop\",\"isPartOf\":{\"@id\":\"https:\\\/\\\/prideshop.eu\\\/de\\\/#website\"},\"primaryImageOfPage\":{\"@id\":\"https:\\\/\\\/prideshop.eu\\\/de\\\/shop\\\/sportarten\\\/thaiboxen\\\/thaiboxen-schutzausrustung\\\/schienbein-und-spannschutz-tarnung-pride\\\/#primaryimage\"},\"image\":{\"@id\":\"https:\\\/\\\/prideshop.eu\\\/de\\\/shop\\\/sportarten\\\/thaiboxen\\\/thaiboxen-schutzausrustung\\\/schienbein-und-spannschutz-tarnung-pride\\\/#primaryimage\"},\"thumbnailUrl\":\"https:\\\/\\\/prideshop.eu\\\/wp-content\\\/uploads\\\/2022\\\/03\\\/scitnik-za-nart-in-golen-kamuflazne-pride-5088-cmge.jpeg\",\"datePublished\":\"2022-03-31T13:32:42+00:00\",\"dateModified\":\"2025-08-04T08:56:34+00:00\",\"description\":\"Schienbein und Spannschutz Tarnung, Pride. Ekstrem starker und gleichzeitig sehr leichter Beinschutzer.\",\"breadcrumb\":{\"@id\":\"https:\\\/\\\/prideshop.eu\\\/de\\\/shop\\\/sportarten\\\/thaiboxen\\\/thaiboxen-schutzausrustung\\\/schienbein-und-spannschutz-tarnung-pride\\\/#breadcrumb\"},\"inLanguage\":\"de\",\"potentialAction\":[{\"@type\":\"ReadAction\",\"target\":[\"https:\\\/\\\/prideshop.eu\\\/de\\\/shop\\\/sportarten\\\/thaiboxen\\\/thaiboxen-schutzausrustung\\\/schienbein-und-spannschutz-tarnung-pride\\\/\"]}]},{\"@type\":\"ImageObject\",\"inLanguage\":\"de\",\"@id\":\"https:\\\/\\\/prideshop.eu\\\/de\\\/shop\\\/sportarten\\\/thaiboxen\\\/thaiboxen-schutzausrustung\\\/schienbein-und-spannschutz-tarnung-pride\\\/#primaryimage\",\"url\":\"https:\\\/\\\/prideshop.eu\\\/wp-content\\\/uploads\\\/2022\\\/03\\\/scitnik-za-nart-in-golen-kamuflazne-pride-5088-cmge.jpeg\",\"contentUrl\":\"https:\\\/\\\/prideshop.eu\\\/wp-content\\\/uploads\\\/2022\\\/03\\\/scitnik-za-nart-in-golen-kamuflazne-pride-5088-cmge.jpeg\",\"width\":600,\"height\":600,\"caption\":\"Schienbein und Spannschutz Tarnung Pride\"},{\"@type\":\"BreadcrumbList\",\"@id\":\"https:\\\/\\\/prideshop.eu\\\/de\\\/shop\\\/sportarten\\\/thaiboxen\\\/thaiboxen-schutzausrustung\\\/schienbein-und-spannschutz-tarnung-pride\\\/#breadcrumb\",\"itemListElement\":[{\"@type\":\"ListItem\",\"position\":1,\"name\":\"Home\",\"item\":\"https:\\\/\\\/prideshop.eu\\\/de\\\/\"},{\"@type\":\"ListItem\",\"position\":2,\"name\":\"Gesch\u00e4ft\",\"item\":\"https:\\\/\\\/prideshop.eu\\\/de\\\/geschaeft\\\/\"},{\"@type\":\"ListItem\",\"position\":3,\"name\":\"Pro Kickbox Schienbein\u2011 und Spannschutz Pride \u2013 CamoStrikee\"}]},{\"@type\":\"WebSite\",\"@id\":\"https:\\\/\\\/prideshop.eu\\\/de\\\/#website\",\"url\":\"https:\\\/\\\/prideshop.eu\\\/de\\\/\",\"name\":\"PRIDEshop\",\"description\":\"Oprema za Borilne \u0160porte\",\"publisher\":{\"@id\":\"https:\\\/\\\/prideshop.eu\\\/de\\\/#organization\"},\"potentialAction\":[{\"@type\":\"SearchAction\",\"target\":{\"@type\":\"EntryPoint\",\"urlTemplate\":\"https:\\\/\\\/prideshop.eu\\\/de\\\/?s={search_term_string}\"},\"query-input\":{\"@type\":\"PropertyValueSpecification\",\"valueRequired\":true,\"valueName\":\"search_term_string\"}}],\"inLanguage\":\"de\"},{\"@type\":\"Organization\",\"@id\":\"https:\\\/\\\/prideshop.eu\\\/de\\\/#organization\",\"name\":\"PRIDEshop\",\"url\":\"https:\\\/\\\/prideshop.eu\\\/de\\\/\",\"logo\":{\"@type\":\"ImageObject\",\"inLanguage\":\"de\",\"@id\":\"https:\\\/\\\/prideshop.eu\\\/de\\\/#\\\/schema\\\/logo\\\/image\\\/\",\"url\":\"\",\"contentUrl\":\"\",\"caption\":\"PRIDEshop\"},\"image\":{\"@id\":\"https:\\\/\\\/prideshop.eu\\\/de\\\/#\\\/schema\\\/logo\\\/image\\\/\"},\"sameAs\":[\"https:\\\/\\\/sl-si.facebook.com\\\/PrideShopeu\"]}]}<\/script>\n<!-- \/ Yoast SEO plugin. -->","yoast_head_json":{"title":"Pro Kickbox Schienbein\u2011 und Spannschutz Pride \u2013 CamoStrikee - PRIDEshop","description":"Schienbein und Spannschutz Tarnung, Pride. Ekstrem starker und gleichzeitig sehr leichter Beinschutzer.","robots":{"index":"index","follow":"follow","max-snippet":"max-snippet:-1","max-image-preview":"max-image-preview:large","max-video-preview":"max-video-preview:-1"},"canonical":"https:\/\/prideshop.eu\/de\/shop\/sportarten\/thaiboxen\/thaiboxen-schutzausrustung\/schienbein-und-spannschutz-tarnung-pride\/","og_locale":"de_DE","og_type":"article","og_title":"Pro Kickbox Schienbein\u2011 und Spannschutz Pride \u2013 CamoStrikee - PRIDEshop","og_description":"Schienbein und Spannschutz Tarnung, Pride. Ekstrem starker und gleichzeitig sehr leichter Beinschutzer.","og_url":"https:\/\/prideshop.eu\/de\/shop\/sportarten\/thaiboxen\/thaiboxen-schutzausrustung\/schienbein-und-spannschutz-tarnung-pride\/","og_site_name":"PRIDEshop","article_publisher":"https:\/\/sl-si.facebook.com\/PrideShopeu","article_modified_time":"2025-08-04T08:56:34+00:00","og_image":[{"width":600,"height":600,"url":"https:\/\/prideshop.eu\/wp-content\/uploads\/2022\/03\/scitnik-za-nart-in-golen-kamuflazne-pride-5088-cmge.jpeg","type":"image\/jpeg"}],"twitter_card":"summary_large_image","schema":{"@context":"https:\/\/schema.org","@graph":[{"@type":"WebPage","@id":"https:\/\/prideshop.eu\/de\/shop\/sportarten\/thaiboxen\/thaiboxen-schutzausrustung\/schienbein-und-spannschutz-tarnung-pride\/","url":"https:\/\/prideshop.eu\/de\/shop\/sportarten\/thaiboxen\/thaiboxen-schutzausrustung\/schienbein-und-spannschutz-tarnung-pride\/","name":"Pro Kickbox Schienbein\u2011 und Spannschutz Pride \u2013 CamoStrikee - PRIDEshop","isPartOf":{"@id":"https:\/\/prideshop.eu\/de\/#website"},"primaryImageOfPage":{"@id":"https:\/\/prideshop.eu\/de\/shop\/sportarten\/thaiboxen\/thaiboxen-schutzausrustung\/schienbein-und-spannschutz-tarnung-pride\/#primaryimage"},"image":{"@id":"https:\/\/prideshop.eu\/de\/shop\/sportarten\/thaiboxen\/thaiboxen-schutzausrustung\/schienbein-und-spannschutz-tarnung-pride\/#primaryimage"},"thumbnailUrl":"https:\/\/prideshop.eu\/wp-content\/uploads\/2022\/03\/scitnik-za-nart-in-golen-kamuflazne-pride-5088-cmge.jpeg","datePublished":"2022-03-31T13:32:42+00:00","dateModified":"2025-08-04T08:56:34+00:00","description":"Schienbein und Spannschutz Tarnung, Pride. Ekstrem starker und gleichzeitig sehr leichter Beinschutzer.","breadcrumb":{"@id":"https:\/\/prideshop.eu\/de\/shop\/sportarten\/thaiboxen\/thaiboxen-schutzausrustung\/schienbein-und-spannschutz-tarnung-pride\/#breadcrumb"},"inLanguage":"de","potentialAction":[{"@type":"ReadAction","target":["https:\/\/prideshop.eu\/de\/shop\/sportarten\/thaiboxen\/thaiboxen-schutzausrustung\/schienbein-und-spannschutz-tarnung-pride\/"]}]},{"@type":"ImageObject","inLanguage":"de","@id":"https:\/\/prideshop.eu\/de\/shop\/sportarten\/thaiboxen\/thaiboxen-schutzausrustung\/schienbein-und-spannschutz-tarnung-pride\/#primaryimage","url":"https:\/\/prideshop.eu\/wp-content\/uploads\/2022\/03\/scitnik-za-nart-in-golen-kamuflazne-pride-5088-cmge.jpeg","contentUrl":"https:\/\/prideshop.eu\/wp-content\/uploads\/2022\/03\/scitnik-za-nart-in-golen-kamuflazne-pride-5088-cmge.jpeg","width":600,"height":600,"caption":"Schienbein und Spannschutz Tarnung Pride"},{"@type":"BreadcrumbList","@id":"https:\/\/prideshop.eu\/de\/shop\/sportarten\/thaiboxen\/thaiboxen-schutzausrustung\/schienbein-und-spannschutz-tarnung-pride\/#breadcrumb","itemListElement":[{"@type":"ListItem","position":1,"name":"Home","item":"https:\/\/prideshop.eu\/de\/"},{"@type":"ListItem","position":2,"name":"Gesch\u00e4ft","item":"https:\/\/prideshop.eu\/de\/geschaeft\/"},{"@type":"ListItem","position":3,"name":"Pro Kickbox Schienbein\u2011 und Spannschutz Pride \u2013 CamoStrikee"}]},{"@type":"WebSite","@id":"https:\/\/prideshop.eu\/de\/#website","url":"https:\/\/prideshop.eu\/de\/","name":"PRIDEshop","description":"Oprema za Borilne \u0160porte","publisher":{"@id":"https:\/\/prideshop.eu\/de\/#organization"},"potentialAction":[{"@type":"SearchAction","target":{"@type":"EntryPoint","urlTemplate":"https:\/\/prideshop.eu\/de\/?s={search_term_string}"},"query-input":{"@type":"PropertyValueSpecification","valueRequired":true,"valueName":"search_term_string"}}],"inLanguage":"de"},{"@type":"Organization","@id":"https:\/\/prideshop.eu\/de\/#organization","name":"PRIDEshop","url":"https:\/\/prideshop.eu\/de\/","logo":{"@type":"ImageObject","inLanguage":"de","@id":"https:\/\/prideshop.eu\/de\/#\/schema\/logo\/image\/","url":"","contentUrl":"","caption":"PRIDEshop"},"image":{"@id":"https:\/\/prideshop.eu\/de\/#\/schema\/logo\/image\/"},"sameAs":["https:\/\/sl-si.facebook.com\/PrideShopeu"]}]}},"_links":{"self":[{"href":"https:\/\/prideshop.eu\/de\/wp-json\/wp\/v2\/product\/32766","targetHints":{"allow":["GET"]}}],"collection":[{"href":"https:\/\/prideshop.eu\/de\/wp-json\/wp\/v2\/product"}],"about":[{"href":"https:\/\/prideshop.eu\/de\/wp-json\/wp\/v2\/types\/product"}],"replies":[{"embeddable":true,"href":"https:\/\/prideshop.eu\/de\/wp-json\/wp\/v2\/comments?post=32766"}],"wp:featuredmedia":[{"embeddable":true,"href":"https:\/\/prideshop.eu\/de\/wp-json\/wp\/v2\/media\/32836"}],"wp:attachment":[{"href":"https:\/\/prideshop.eu\/de\/wp-json\/wp\/v2\/media?parent=32766"}],"wp:term":[{"taxonomy":"product_brand","embeddable":true,"href":"https:\/\/prideshop.eu\/de\/wp-json\/wp\/v2\/product_brand?post=32766"},{"taxonomy":"product_cat","embeddable":true,"href":"https:\/\/prideshop.eu\/de\/wp-json\/wp\/v2\/product_cat?post=32766"},{"taxonomy":"product_tag","embeddable":true,"href":"https:\/\/prideshop.eu\/de\/wp-json\/wp\/v2\/product_tag?post=32766"}],"curies":[{"name":"wp","href":"https:\/\/api.w.org\/{rel}","templated":true}]}}