{"id":35798,"date":"2022-06-13T14:39:26","date_gmt":"2022-06-13T12:39:26","guid":{"rendered":"https:\/\/prideshop.eu\/spletna-trgovina\/unkategorisiert\/professionelle-handschuhe-fur-sicheres-sparring-pride\/"},"modified":"2025-08-04T10:49:49","modified_gmt":"2025-08-04T08:49:49","slug":"professionelle-handschuhe-fur-sicheres-sparring-pride","status":"publish","type":"product","link":"https:\/\/prideshop.eu\/de\/shop\/sportarten\/boxen\/boxhandschuhe\/professionelle-handschuhe-fur-sicheres-sparring-pride\/","title":{"rendered":"Profi Sparring Boxhandschuhe Leder Pride \u2013 SafeSpar 22"},"content":{"rendered":"<h3>Profi Sparring Boxhandschuhe Leder Pride \u2013 SafeSpar 22<\/h3>\n<p>Professionelle Handschuhe f\u00fcr sicheres Sparring, Pride. Die gr\u00f6\u00dften professionellen Sparringshandschuhe aus Leder auf dem Weltmarkt (ca. 22 OZ). Hergestellt aus echtem Leder mit volumin\u00f6ser IMG\u2122 Injektionsf\u00fcllung, speziell vorbereitet f\u00fcr das sicherste Sparring aller Zeiten. Geeignet f\u00fcr alle Altersklassen, von Kindern bis zu Senioren. Doppelschlie\u00dfung; starkes Klettband und elastisches Schutzband.<\/p>\n","protected":false},"excerpt":{"rendered":"<p>Professionelle Handschuhe f\u00fcr sicheres Sparring, Pride. Die gr\u00f6\u00dften professionellen Sparringshandschuhe aus Leder auf dem Weltmarkt (ca. 22 OZ). Hergestellt aus echtem Leder mit volumin\u00f6ser IMG\u2122 Injektionsf\u00fcllung, speziell vorbereitet f\u00fcr das sicherste Sparring aller Zeiten. Geeignet f\u00fcr alle Altersklassen, von Kindern bis zu Senioren. Doppelschlie\u00dfung; starkes Klettband und elastisches Schutzband.<\/p>\n","protected":false},"featured_media":35789,"comment_status":"open","ping_status":"closed","template":"","meta":{"_acf_changed":false},"product_brand":[2086],"product_cat":[664,670,580,638,634,656],"product_tag":[],"class_list":{"0":"post-35798","1":"product","2":"type-product","3":"status-publish","4":"has-post-thumbnail","6":"product_brand-pride","7":"product_cat-boxen","8":"product_cat-boxhandschuhe","9":"product_cat-equipment-de","10":"product_cat-handschuhe","11":"product_cat-schutzausrustung","12":"product_cat-sportarten","14":"first","15":"instock","16":"taxable","17":"shipping-taxable","18":"purchasable","19":"product-type-variable"},"acf":[],"yoast_head":"<!-- This site is optimized with the Yoast SEO plugin v27.5 - https:\/\/yoast.com\/product\/yoast-seo-wordpress\/ -->\n<title>Profi Sparring Boxhandschuhe Leder Pride \u2013 SafeSpar 22 - PRIDEshop<\/title>\n<meta name=\"description\" content=\"Professionelle Handschuhe f\u00fcr sicheres Sparring, Pride. Die gr\u00f6\u00dften professionellen Sparringshandschuhe aus Leder auf dem Weltmarkt.\" \/>\n<meta name=\"robots\" content=\"index, follow, max-snippet:-1, max-image-preview:large, max-video-preview:-1\" \/>\n<link rel=\"canonical\" href=\"https:\/\/prideshop.eu\/de\/shop\/sportarten\/boxen\/boxhandschuhe\/professionelle-handschuhe-fur-sicheres-sparring-pride\/\" \/>\n<meta property=\"og:locale\" content=\"de_DE\" \/>\n<meta property=\"og:type\" content=\"article\" \/>\n<meta property=\"og:title\" content=\"Profi Sparring Boxhandschuhe Leder Pride \u2013 SafeSpar 22 - PRIDEshop\" \/>\n<meta property=\"og:description\" content=\"Professionelle Handschuhe f\u00fcr sicheres Sparring, Pride. Die gr\u00f6\u00dften professionellen Sparringshandschuhe aus Leder auf dem Weltmarkt.\" \/>\n<meta property=\"og:url\" content=\"https:\/\/prideshop.eu\/de\/shop\/sportarten\/boxen\/boxhandschuhe\/professionelle-handschuhe-fur-sicheres-sparring-pride\/\" \/>\n<meta property=\"og:site_name\" content=\"PRIDEshop\" \/>\n<meta property=\"article:publisher\" content=\"https:\/\/sl-si.facebook.com\/PrideShopeu\" \/>\n<meta property=\"article:modified_time\" content=\"2025-08-04T08:49:49+00:00\" \/>\n<meta property=\"og:image\" content=\"https:\/\/prideshop.eu\/wp-content\/uploads\/2022\/06\/profesionalne-boksarske-sparing-rokavice-pride-4044-p.jpeg\" \/>\n\t<meta property=\"og:image:width\" content=\"600\" \/>\n\t<meta property=\"og:image:height\" content=\"600\" \/>\n\t<meta property=\"og:image:type\" content=\"image\/jpeg\" \/>\n<meta name=\"twitter:card\" content=\"summary_large_image\" \/>\n<script type=\"application\/ld+json\" class=\"yoast-schema-graph\">{\"@context\":\"https:\\\/\\\/schema.org\",\"@graph\":[{\"@type\":\"WebPage\",\"@id\":\"https:\\\/\\\/prideshop.eu\\\/de\\\/shop\\\/sportarten\\\/boxen\\\/boxhandschuhe\\\/professionelle-handschuhe-fur-sicheres-sparring-pride\\\/\",\"url\":\"https:\\\/\\\/prideshop.eu\\\/de\\\/shop\\\/sportarten\\\/boxen\\\/boxhandschuhe\\\/professionelle-handschuhe-fur-sicheres-sparring-pride\\\/\",\"name\":\"Profi Sparring Boxhandschuhe Leder Pride \u2013 SafeSpar 22 - PRIDEshop\",\"isPartOf\":{\"@id\":\"https:\\\/\\\/prideshop.eu\\\/de\\\/#website\"},\"primaryImageOfPage\":{\"@id\":\"https:\\\/\\\/prideshop.eu\\\/de\\\/shop\\\/sportarten\\\/boxen\\\/boxhandschuhe\\\/professionelle-handschuhe-fur-sicheres-sparring-pride\\\/#primaryimage\"},\"image\":{\"@id\":\"https:\\\/\\\/prideshop.eu\\\/de\\\/shop\\\/sportarten\\\/boxen\\\/boxhandschuhe\\\/professionelle-handschuhe-fur-sicheres-sparring-pride\\\/#primaryimage\"},\"thumbnailUrl\":\"https:\\\/\\\/prideshop.eu\\\/wp-content\\\/uploads\\\/2022\\\/06\\\/profesionalne-boksarske-sparing-rokavice-pride-4044-p.jpeg\",\"datePublished\":\"2022-06-13T12:39:26+00:00\",\"dateModified\":\"2025-08-04T08:49:49+00:00\",\"description\":\"Professionelle Handschuhe f\u00fcr sicheres Sparring, Pride. Die gr\u00f6\u00dften professionellen Sparringshandschuhe aus Leder auf dem Weltmarkt.\",\"breadcrumb\":{\"@id\":\"https:\\\/\\\/prideshop.eu\\\/de\\\/shop\\\/sportarten\\\/boxen\\\/boxhandschuhe\\\/professionelle-handschuhe-fur-sicheres-sparring-pride\\\/#breadcrumb\"},\"inLanguage\":\"de\",\"potentialAction\":[{\"@type\":\"ReadAction\",\"target\":[\"https:\\\/\\\/prideshop.eu\\\/de\\\/shop\\\/sportarten\\\/boxen\\\/boxhandschuhe\\\/professionelle-handschuhe-fur-sicheres-sparring-pride\\\/\"]}]},{\"@type\":\"ImageObject\",\"inLanguage\":\"de\",\"@id\":\"https:\\\/\\\/prideshop.eu\\\/de\\\/shop\\\/sportarten\\\/boxen\\\/boxhandschuhe\\\/professionelle-handschuhe-fur-sicheres-sparring-pride\\\/#primaryimage\",\"url\":\"https:\\\/\\\/prideshop.eu\\\/wp-content\\\/uploads\\\/2022\\\/06\\\/profesionalne-boksarske-sparing-rokavice-pride-4044-p.jpeg\",\"contentUrl\":\"https:\\\/\\\/prideshop.eu\\\/wp-content\\\/uploads\\\/2022\\\/06\\\/profesionalne-boksarske-sparing-rokavice-pride-4044-p.jpeg\",\"width\":600,\"height\":600,\"caption\":\"Professionelle Handschuhe f\u00fcr sicheres Sparring Pride blau\"},{\"@type\":\"BreadcrumbList\",\"@id\":\"https:\\\/\\\/prideshop.eu\\\/de\\\/shop\\\/sportarten\\\/boxen\\\/boxhandschuhe\\\/professionelle-handschuhe-fur-sicheres-sparring-pride\\\/#breadcrumb\",\"itemListElement\":[{\"@type\":\"ListItem\",\"position\":1,\"name\":\"Home\",\"item\":\"https:\\\/\\\/prideshop.eu\\\/de\\\/\"},{\"@type\":\"ListItem\",\"position\":2,\"name\":\"Gesch\u00e4ft\",\"item\":\"https:\\\/\\\/prideshop.eu\\\/de\\\/geschaeft\\\/\"},{\"@type\":\"ListItem\",\"position\":3,\"name\":\"Profi Sparring Boxhandschuhe Leder Pride \u2013 SafeSpar 22\"}]},{\"@type\":\"WebSite\",\"@id\":\"https:\\\/\\\/prideshop.eu\\\/de\\\/#website\",\"url\":\"https:\\\/\\\/prideshop.eu\\\/de\\\/\",\"name\":\"PRIDEshop\",\"description\":\"Oprema za Borilne \u0160porte\",\"publisher\":{\"@id\":\"https:\\\/\\\/prideshop.eu\\\/de\\\/#organization\"},\"potentialAction\":[{\"@type\":\"SearchAction\",\"target\":{\"@type\":\"EntryPoint\",\"urlTemplate\":\"https:\\\/\\\/prideshop.eu\\\/de\\\/?s={search_term_string}\"},\"query-input\":{\"@type\":\"PropertyValueSpecification\",\"valueRequired\":true,\"valueName\":\"search_term_string\"}}],\"inLanguage\":\"de\"},{\"@type\":\"Organization\",\"@id\":\"https:\\\/\\\/prideshop.eu\\\/de\\\/#organization\",\"name\":\"PRIDEshop\",\"url\":\"https:\\\/\\\/prideshop.eu\\\/de\\\/\",\"logo\":{\"@type\":\"ImageObject\",\"inLanguage\":\"de\",\"@id\":\"https:\\\/\\\/prideshop.eu\\\/de\\\/#\\\/schema\\\/logo\\\/image\\\/\",\"url\":\"\",\"contentUrl\":\"\",\"caption\":\"PRIDEshop\"},\"image\":{\"@id\":\"https:\\\/\\\/prideshop.eu\\\/de\\\/#\\\/schema\\\/logo\\\/image\\\/\"},\"sameAs\":[\"https:\\\/\\\/sl-si.facebook.com\\\/PrideShopeu\"]}]}<\/script>\n<!-- \/ Yoast SEO plugin. -->","yoast_head_json":{"title":"Profi Sparring Boxhandschuhe Leder Pride \u2013 SafeSpar 22 - PRIDEshop","description":"Professionelle Handschuhe f\u00fcr sicheres Sparring, Pride. Die gr\u00f6\u00dften professionellen Sparringshandschuhe aus Leder auf dem Weltmarkt.","robots":{"index":"index","follow":"follow","max-snippet":"max-snippet:-1","max-image-preview":"max-image-preview:large","max-video-preview":"max-video-preview:-1"},"canonical":"https:\/\/prideshop.eu\/de\/shop\/sportarten\/boxen\/boxhandschuhe\/professionelle-handschuhe-fur-sicheres-sparring-pride\/","og_locale":"de_DE","og_type":"article","og_title":"Profi Sparring Boxhandschuhe Leder Pride \u2013 SafeSpar 22 - PRIDEshop","og_description":"Professionelle Handschuhe f\u00fcr sicheres Sparring, Pride. Die gr\u00f6\u00dften professionellen Sparringshandschuhe aus Leder auf dem Weltmarkt.","og_url":"https:\/\/prideshop.eu\/de\/shop\/sportarten\/boxen\/boxhandschuhe\/professionelle-handschuhe-fur-sicheres-sparring-pride\/","og_site_name":"PRIDEshop","article_publisher":"https:\/\/sl-si.facebook.com\/PrideShopeu","article_modified_time":"2025-08-04T08:49:49+00:00","og_image":[{"width":600,"height":600,"url":"https:\/\/prideshop.eu\/wp-content\/uploads\/2022\/06\/profesionalne-boksarske-sparing-rokavice-pride-4044-p.jpeg","type":"image\/jpeg"}],"twitter_card":"summary_large_image","schema":{"@context":"https:\/\/schema.org","@graph":[{"@type":"WebPage","@id":"https:\/\/prideshop.eu\/de\/shop\/sportarten\/boxen\/boxhandschuhe\/professionelle-handschuhe-fur-sicheres-sparring-pride\/","url":"https:\/\/prideshop.eu\/de\/shop\/sportarten\/boxen\/boxhandschuhe\/professionelle-handschuhe-fur-sicheres-sparring-pride\/","name":"Profi Sparring Boxhandschuhe Leder Pride \u2013 SafeSpar 22 - PRIDEshop","isPartOf":{"@id":"https:\/\/prideshop.eu\/de\/#website"},"primaryImageOfPage":{"@id":"https:\/\/prideshop.eu\/de\/shop\/sportarten\/boxen\/boxhandschuhe\/professionelle-handschuhe-fur-sicheres-sparring-pride\/#primaryimage"},"image":{"@id":"https:\/\/prideshop.eu\/de\/shop\/sportarten\/boxen\/boxhandschuhe\/professionelle-handschuhe-fur-sicheres-sparring-pride\/#primaryimage"},"thumbnailUrl":"https:\/\/prideshop.eu\/wp-content\/uploads\/2022\/06\/profesionalne-boksarske-sparing-rokavice-pride-4044-p.jpeg","datePublished":"2022-06-13T12:39:26+00:00","dateModified":"2025-08-04T08:49:49+00:00","description":"Professionelle Handschuhe f\u00fcr sicheres Sparring, Pride. Die gr\u00f6\u00dften professionellen Sparringshandschuhe aus Leder auf dem Weltmarkt.","breadcrumb":{"@id":"https:\/\/prideshop.eu\/de\/shop\/sportarten\/boxen\/boxhandschuhe\/professionelle-handschuhe-fur-sicheres-sparring-pride\/#breadcrumb"},"inLanguage":"de","potentialAction":[{"@type":"ReadAction","target":["https:\/\/prideshop.eu\/de\/shop\/sportarten\/boxen\/boxhandschuhe\/professionelle-handschuhe-fur-sicheres-sparring-pride\/"]}]},{"@type":"ImageObject","inLanguage":"de","@id":"https:\/\/prideshop.eu\/de\/shop\/sportarten\/boxen\/boxhandschuhe\/professionelle-handschuhe-fur-sicheres-sparring-pride\/#primaryimage","url":"https:\/\/prideshop.eu\/wp-content\/uploads\/2022\/06\/profesionalne-boksarske-sparing-rokavice-pride-4044-p.jpeg","contentUrl":"https:\/\/prideshop.eu\/wp-content\/uploads\/2022\/06\/profesionalne-boksarske-sparing-rokavice-pride-4044-p.jpeg","width":600,"height":600,"caption":"Professionelle Handschuhe f\u00fcr sicheres Sparring Pride blau"},{"@type":"BreadcrumbList","@id":"https:\/\/prideshop.eu\/de\/shop\/sportarten\/boxen\/boxhandschuhe\/professionelle-handschuhe-fur-sicheres-sparring-pride\/#breadcrumb","itemListElement":[{"@type":"ListItem","position":1,"name":"Home","item":"https:\/\/prideshop.eu\/de\/"},{"@type":"ListItem","position":2,"name":"Gesch\u00e4ft","item":"https:\/\/prideshop.eu\/de\/geschaeft\/"},{"@type":"ListItem","position":3,"name":"Profi Sparring Boxhandschuhe Leder Pride \u2013 SafeSpar 22"}]},{"@type":"WebSite","@id":"https:\/\/prideshop.eu\/de\/#website","url":"https:\/\/prideshop.eu\/de\/","name":"PRIDEshop","description":"Oprema za Borilne \u0160porte","publisher":{"@id":"https:\/\/prideshop.eu\/de\/#organization"},"potentialAction":[{"@type":"SearchAction","target":{"@type":"EntryPoint","urlTemplate":"https:\/\/prideshop.eu\/de\/?s={search_term_string}"},"query-input":{"@type":"PropertyValueSpecification","valueRequired":true,"valueName":"search_term_string"}}],"inLanguage":"de"},{"@type":"Organization","@id":"https:\/\/prideshop.eu\/de\/#organization","name":"PRIDEshop","url":"https:\/\/prideshop.eu\/de\/","logo":{"@type":"ImageObject","inLanguage":"de","@id":"https:\/\/prideshop.eu\/de\/#\/schema\/logo\/image\/","url":"","contentUrl":"","caption":"PRIDEshop"},"image":{"@id":"https:\/\/prideshop.eu\/de\/#\/schema\/logo\/image\/"},"sameAs":["https:\/\/sl-si.facebook.com\/PrideShopeu"]}]}},"_links":{"self":[{"href":"https:\/\/prideshop.eu\/de\/wp-json\/wp\/v2\/product\/35798","targetHints":{"allow":["GET"]}}],"collection":[{"href":"https:\/\/prideshop.eu\/de\/wp-json\/wp\/v2\/product"}],"about":[{"href":"https:\/\/prideshop.eu\/de\/wp-json\/wp\/v2\/types\/product"}],"replies":[{"embeddable":true,"href":"https:\/\/prideshop.eu\/de\/wp-json\/wp\/v2\/comments?post=35798"}],"wp:featuredmedia":[{"embeddable":true,"href":"https:\/\/prideshop.eu\/de\/wp-json\/wp\/v2\/media\/35789"}],"wp:attachment":[{"href":"https:\/\/prideshop.eu\/de\/wp-json\/wp\/v2\/media?parent=35798"}],"wp:term":[{"taxonomy":"product_brand","embeddable":true,"href":"https:\/\/prideshop.eu\/de\/wp-json\/wp\/v2\/product_brand?post=35798"},{"taxonomy":"product_cat","embeddable":true,"href":"https:\/\/prideshop.eu\/de\/wp-json\/wp\/v2\/product_cat?post=35798"},{"taxonomy":"product_tag","embeddable":true,"href":"https:\/\/prideshop.eu\/de\/wp-json\/wp\/v2\/product_tag?post=35798"}],"curies":[{"name":"wp","href":"https:\/\/api.w.org\/{rel}","templated":true}]}}