{"id":36234,"date":"2022-06-22T17:09:33","date_gmt":"2022-06-22T15:09:33","guid":{"rendered":"https:\/\/prideshop.eu\/spletna-trgovina\/unkategorisiert\/wrestling-und-mma-schuhe-mat-hog-2-0-adidas\/"},"modified":"2025-08-04T11:00:56","modified_gmt":"2025-08-04T09:00:56","slug":"wrestling-und-mma-schuhe-mat-hog-2-0-adidas","status":"publish","type":"product","link":"https:\/\/prideshop.eu\/de\/shop\/sportarten\/ringen-sambo\/ringerschuhe\/wrestling-und-mma-schuhe-mat-hog-2-0-adidas\/","title":{"rendered":"Ringerschuhe Adidas \u2013 Mat Hog 2.0"},"content":{"rendered":"<h3>Ringerschuhe Adidas \u2013 Mat Hog 2.0<\/h3>\n<p>Wrestling\u2013 und MMA\u2013Schuhe Mat Hog 2.0, Adidas ist ein extrem leichtes. Seine Flexibilit\u00e4t und das moderne Aussehen des einfachen Designs sorgen f\u00fcr hervorragende Stabilit\u00e4t und \u00fcberlegenen Komfort. Er hat eine durchgehende Sohle und ist niedriger geschnitten als die meisten anderen Ringerstiefel. Das offene Mesh\u2013Obermaterial ist atmungsaktiv f\u00fcr Komfort und Feuchtigkeitsmanagement und der Kn\u00f6chelriemenverschluss erm\u00f6glicht eine eng anliegende Passform. Diese leichten, flexiblen Stiefel bieten einen gro\u00dfartigen, gleichm\u00e4\u00dfigen Kontakt mit der Leinwand, ohne die Haltbarkeit zu beeintr\u00e4chtigen.<\/p>\n","protected":false},"excerpt":{"rendered":"<p>Wrestling\u2013 und MMA\u2013Schuhe Mat Hog 2.0, Adidas ist ein extrem leichtes. Seine Flexibilit\u00e4t und das moderne Aussehen des einfachen Designs sorgen f\u00fcr hervorragende Stabilit\u00e4t und \u00fcberlegenen Komfort. Er hat eine durchgehende Sohle und ist niedriger geschnitten als die meisten anderen Ringerstiefel. Das offene Mesh\u2013Obermaterial ist atmungsaktiv f\u00fcr Komfort und Feuchtigkeitsmanagement und der Kn\u00f6chelriemenverschluss erm\u00f6glicht eine eng anliegende Passform. Diese leichten, flexiblen Stiefel bieten einen gro\u00dfartigen, gleichm\u00e4\u00dfigen Kontakt mit der Leinwand, ohne die Haltbarkeit zu beeintr\u00e4chtigen.<\/p>\n","protected":false},"featured_media":36173,"comment_status":"open","ping_status":"closed","template":"","meta":{"_acf_changed":false},"product_brand":[2084],"product_cat":[600,580,734,748,744,768,774,612,740,656],"product_tag":[],"class_list":{"0":"post-36234","1":"product","2":"type-product","3":"status-publish","4":"has-post-thumbnail","6":"product_brand-adidas","7":"product_cat-bekleidung-und-schuhe","8":"product_cat-equipment-de","9":"product_cat-krav-maga-de","10":"product_cat-mma-schuhe","11":"product_cat-mma-ultimate-fight-de","12":"product_cat-ringen-sambo","13":"product_cat-ringerschuhe","14":"product_cat-schuhe","15":"product_cat-schuhe-fur-krav-maga","16":"product_cat-sportarten","18":"first","19":"instock","20":"sale","21":"taxable","22":"shipping-taxable","23":"purchasable","24":"product-type-variable"},"acf":[],"yoast_head":"<!-- This site is optimized with the Yoast SEO plugin v27.5 - https:\/\/yoast.com\/product\/yoast-seo-wordpress\/ -->\n<title>Ringerschuhe Adidas \u2013 Mat Hog 2.0 - PRIDEshop<\/title>\n<meta name=\"description\" content=\"Wrestling- und MMA-Schuhe Mat Hog 2.0, Adidas ist ein extrem leichtes. Seine Flexibilit\u00e4t und das moderne Aussehen des einfachen Designs.\" \/>\n<meta name=\"robots\" content=\"index, follow, max-snippet:-1, max-image-preview:large, max-video-preview:-1\" \/>\n<link rel=\"canonical\" href=\"https:\/\/prideshop.eu\/de\/shop\/sportarten\/ringen-sambo\/ringerschuhe\/wrestling-und-mma-schuhe-mat-hog-2-0-adidas\/\" \/>\n<meta property=\"og:locale\" content=\"de_DE\" \/>\n<meta property=\"og:type\" content=\"article\" \/>\n<meta property=\"og:title\" content=\"Ringerschuhe Adidas \u2013 Mat Hog 2.0 - PRIDEshop\" \/>\n<meta property=\"og:description\" content=\"Wrestling- und MMA-Schuhe Mat Hog 2.0, Adidas ist ein extrem leichtes. Seine Flexibilit\u00e4t und das moderne Aussehen des einfachen Designs.\" \/>\n<meta property=\"og:url\" content=\"https:\/\/prideshop.eu\/de\/shop\/sportarten\/ringen-sambo\/ringerschuhe\/wrestling-und-mma-schuhe-mat-hog-2-0-adidas\/\" \/>\n<meta property=\"og:site_name\" content=\"PRIDEshop\" \/>\n<meta property=\"article:publisher\" content=\"https:\/\/sl-si.facebook.com\/PrideShopeu\" \/>\n<meta property=\"article:modified_time\" content=\"2025-08-04T09:00:56+00:00\" \/>\n<meta property=\"og:image\" content=\"https:\/\/prideshop.eu\/wp-content\/uploads\/2022\/06\/copati-za-rokoborbo-in-mma-mat-hog-2-0-adidas-a106-rwb.jpeg\" \/>\n\t<meta property=\"og:image:width\" content=\"600\" \/>\n\t<meta property=\"og:image:height\" content=\"600\" \/>\n\t<meta property=\"og:image:type\" content=\"image\/jpeg\" \/>\n<meta name=\"twitter:card\" content=\"summary_large_image\" \/>\n<script type=\"application\/ld+json\" class=\"yoast-schema-graph\">{\"@context\":\"https:\\\/\\\/schema.org\",\"@graph\":[{\"@type\":\"WebPage\",\"@id\":\"https:\\\/\\\/prideshop.eu\\\/de\\\/shop\\\/sportarten\\\/ringen-sambo\\\/ringerschuhe\\\/wrestling-und-mma-schuhe-mat-hog-2-0-adidas\\\/\",\"url\":\"https:\\\/\\\/prideshop.eu\\\/de\\\/shop\\\/sportarten\\\/ringen-sambo\\\/ringerschuhe\\\/wrestling-und-mma-schuhe-mat-hog-2-0-adidas\\\/\",\"name\":\"Ringerschuhe Adidas \u2013 Mat Hog 2.0 - PRIDEshop\",\"isPartOf\":{\"@id\":\"https:\\\/\\\/prideshop.eu\\\/de\\\/#website\"},\"primaryImageOfPage\":{\"@id\":\"https:\\\/\\\/prideshop.eu\\\/de\\\/shop\\\/sportarten\\\/ringen-sambo\\\/ringerschuhe\\\/wrestling-und-mma-schuhe-mat-hog-2-0-adidas\\\/#primaryimage\"},\"image\":{\"@id\":\"https:\\\/\\\/prideshop.eu\\\/de\\\/shop\\\/sportarten\\\/ringen-sambo\\\/ringerschuhe\\\/wrestling-und-mma-schuhe-mat-hog-2-0-adidas\\\/#primaryimage\"},\"thumbnailUrl\":\"https:\\\/\\\/prideshop.eu\\\/wp-content\\\/uploads\\\/2022\\\/06\\\/copati-za-rokoborbo-in-mma-mat-hog-2-0-adidas-a106-rwb.jpeg\",\"datePublished\":\"2022-06-22T15:09:33+00:00\",\"dateModified\":\"2025-08-04T09:00:56+00:00\",\"description\":\"Wrestling- und MMA-Schuhe Mat Hog 2.0, Adidas ist ein extrem leichtes. Seine Flexibilit\u00e4t und das moderne Aussehen des einfachen Designs.\",\"breadcrumb\":{\"@id\":\"https:\\\/\\\/prideshop.eu\\\/de\\\/shop\\\/sportarten\\\/ringen-sambo\\\/ringerschuhe\\\/wrestling-und-mma-schuhe-mat-hog-2-0-adidas\\\/#breadcrumb\"},\"inLanguage\":\"de\",\"potentialAction\":[{\"@type\":\"ReadAction\",\"target\":[\"https:\\\/\\\/prideshop.eu\\\/de\\\/shop\\\/sportarten\\\/ringen-sambo\\\/ringerschuhe\\\/wrestling-und-mma-schuhe-mat-hog-2-0-adidas\\\/\"]}]},{\"@type\":\"ImageObject\",\"inLanguage\":\"de\",\"@id\":\"https:\\\/\\\/prideshop.eu\\\/de\\\/shop\\\/sportarten\\\/ringen-sambo\\\/ringerschuhe\\\/wrestling-und-mma-schuhe-mat-hog-2-0-adidas\\\/#primaryimage\",\"url\":\"https:\\\/\\\/prideshop.eu\\\/wp-content\\\/uploads\\\/2022\\\/06\\\/copati-za-rokoborbo-in-mma-mat-hog-2-0-adidas-a106-rwb.jpeg\",\"contentUrl\":\"https:\\\/\\\/prideshop.eu\\\/wp-content\\\/uploads\\\/2022\\\/06\\\/copati-za-rokoborbo-in-mma-mat-hog-2-0-adidas-a106-rwb.jpeg\",\"width\":600,\"height\":600,\"caption\":\"Wrestling- und MMA-Schuhe Mat Hog 2.0 Adidas rot\\\/wei\u00df\\\/schwarz\"},{\"@type\":\"BreadcrumbList\",\"@id\":\"https:\\\/\\\/prideshop.eu\\\/de\\\/shop\\\/sportarten\\\/ringen-sambo\\\/ringerschuhe\\\/wrestling-und-mma-schuhe-mat-hog-2-0-adidas\\\/#breadcrumb\",\"itemListElement\":[{\"@type\":\"ListItem\",\"position\":1,\"name\":\"Home\",\"item\":\"https:\\\/\\\/prideshop.eu\\\/de\\\/\"},{\"@type\":\"ListItem\",\"position\":2,\"name\":\"Gesch\u00e4ft\",\"item\":\"https:\\\/\\\/prideshop.eu\\\/de\\\/geschaeft\\\/\"},{\"@type\":\"ListItem\",\"position\":3,\"name\":\"Ringerschuhe Adidas \u2013 Mat Hog 2.0\"}]},{\"@type\":\"WebSite\",\"@id\":\"https:\\\/\\\/prideshop.eu\\\/de\\\/#website\",\"url\":\"https:\\\/\\\/prideshop.eu\\\/de\\\/\",\"name\":\"PRIDEshop\",\"description\":\"Oprema za Borilne \u0160porte\",\"publisher\":{\"@id\":\"https:\\\/\\\/prideshop.eu\\\/de\\\/#organization\"},\"potentialAction\":[{\"@type\":\"SearchAction\",\"target\":{\"@type\":\"EntryPoint\",\"urlTemplate\":\"https:\\\/\\\/prideshop.eu\\\/de\\\/?s={search_term_string}\"},\"query-input\":{\"@type\":\"PropertyValueSpecification\",\"valueRequired\":true,\"valueName\":\"search_term_string\"}}],\"inLanguage\":\"de\"},{\"@type\":\"Organization\",\"@id\":\"https:\\\/\\\/prideshop.eu\\\/de\\\/#organization\",\"name\":\"PRIDEshop\",\"url\":\"https:\\\/\\\/prideshop.eu\\\/de\\\/\",\"logo\":{\"@type\":\"ImageObject\",\"inLanguage\":\"de\",\"@id\":\"https:\\\/\\\/prideshop.eu\\\/de\\\/#\\\/schema\\\/logo\\\/image\\\/\",\"url\":\"\",\"contentUrl\":\"\",\"caption\":\"PRIDEshop\"},\"image\":{\"@id\":\"https:\\\/\\\/prideshop.eu\\\/de\\\/#\\\/schema\\\/logo\\\/image\\\/\"},\"sameAs\":[\"https:\\\/\\\/sl-si.facebook.com\\\/PrideShopeu\"]}]}<\/script>\n<!-- \/ Yoast SEO plugin. -->","yoast_head_json":{"title":"Ringerschuhe Adidas \u2013 Mat Hog 2.0 - PRIDEshop","description":"Wrestling- und MMA-Schuhe Mat Hog 2.0, Adidas ist ein extrem leichtes. Seine Flexibilit\u00e4t und das moderne Aussehen des einfachen Designs.","robots":{"index":"index","follow":"follow","max-snippet":"max-snippet:-1","max-image-preview":"max-image-preview:large","max-video-preview":"max-video-preview:-1"},"canonical":"https:\/\/prideshop.eu\/de\/shop\/sportarten\/ringen-sambo\/ringerschuhe\/wrestling-und-mma-schuhe-mat-hog-2-0-adidas\/","og_locale":"de_DE","og_type":"article","og_title":"Ringerschuhe Adidas \u2013 Mat Hog 2.0 - PRIDEshop","og_description":"Wrestling- und MMA-Schuhe Mat Hog 2.0, Adidas ist ein extrem leichtes. Seine Flexibilit\u00e4t und das moderne Aussehen des einfachen Designs.","og_url":"https:\/\/prideshop.eu\/de\/shop\/sportarten\/ringen-sambo\/ringerschuhe\/wrestling-und-mma-schuhe-mat-hog-2-0-adidas\/","og_site_name":"PRIDEshop","article_publisher":"https:\/\/sl-si.facebook.com\/PrideShopeu","article_modified_time":"2025-08-04T09:00:56+00:00","og_image":[{"width":600,"height":600,"url":"https:\/\/prideshop.eu\/wp-content\/uploads\/2022\/06\/copati-za-rokoborbo-in-mma-mat-hog-2-0-adidas-a106-rwb.jpeg","type":"image\/jpeg"}],"twitter_card":"summary_large_image","schema":{"@context":"https:\/\/schema.org","@graph":[{"@type":"WebPage","@id":"https:\/\/prideshop.eu\/de\/shop\/sportarten\/ringen-sambo\/ringerschuhe\/wrestling-und-mma-schuhe-mat-hog-2-0-adidas\/","url":"https:\/\/prideshop.eu\/de\/shop\/sportarten\/ringen-sambo\/ringerschuhe\/wrestling-und-mma-schuhe-mat-hog-2-0-adidas\/","name":"Ringerschuhe Adidas \u2013 Mat Hog 2.0 - PRIDEshop","isPartOf":{"@id":"https:\/\/prideshop.eu\/de\/#website"},"primaryImageOfPage":{"@id":"https:\/\/prideshop.eu\/de\/shop\/sportarten\/ringen-sambo\/ringerschuhe\/wrestling-und-mma-schuhe-mat-hog-2-0-adidas\/#primaryimage"},"image":{"@id":"https:\/\/prideshop.eu\/de\/shop\/sportarten\/ringen-sambo\/ringerschuhe\/wrestling-und-mma-schuhe-mat-hog-2-0-adidas\/#primaryimage"},"thumbnailUrl":"https:\/\/prideshop.eu\/wp-content\/uploads\/2022\/06\/copati-za-rokoborbo-in-mma-mat-hog-2-0-adidas-a106-rwb.jpeg","datePublished":"2022-06-22T15:09:33+00:00","dateModified":"2025-08-04T09:00:56+00:00","description":"Wrestling- und MMA-Schuhe Mat Hog 2.0, Adidas ist ein extrem leichtes. Seine Flexibilit\u00e4t und das moderne Aussehen des einfachen Designs.","breadcrumb":{"@id":"https:\/\/prideshop.eu\/de\/shop\/sportarten\/ringen-sambo\/ringerschuhe\/wrestling-und-mma-schuhe-mat-hog-2-0-adidas\/#breadcrumb"},"inLanguage":"de","potentialAction":[{"@type":"ReadAction","target":["https:\/\/prideshop.eu\/de\/shop\/sportarten\/ringen-sambo\/ringerschuhe\/wrestling-und-mma-schuhe-mat-hog-2-0-adidas\/"]}]},{"@type":"ImageObject","inLanguage":"de","@id":"https:\/\/prideshop.eu\/de\/shop\/sportarten\/ringen-sambo\/ringerschuhe\/wrestling-und-mma-schuhe-mat-hog-2-0-adidas\/#primaryimage","url":"https:\/\/prideshop.eu\/wp-content\/uploads\/2022\/06\/copati-za-rokoborbo-in-mma-mat-hog-2-0-adidas-a106-rwb.jpeg","contentUrl":"https:\/\/prideshop.eu\/wp-content\/uploads\/2022\/06\/copati-za-rokoborbo-in-mma-mat-hog-2-0-adidas-a106-rwb.jpeg","width":600,"height":600,"caption":"Wrestling- und MMA-Schuhe Mat Hog 2.0 Adidas rot\/wei\u00df\/schwarz"},{"@type":"BreadcrumbList","@id":"https:\/\/prideshop.eu\/de\/shop\/sportarten\/ringen-sambo\/ringerschuhe\/wrestling-und-mma-schuhe-mat-hog-2-0-adidas\/#breadcrumb","itemListElement":[{"@type":"ListItem","position":1,"name":"Home","item":"https:\/\/prideshop.eu\/de\/"},{"@type":"ListItem","position":2,"name":"Gesch\u00e4ft","item":"https:\/\/prideshop.eu\/de\/geschaeft\/"},{"@type":"ListItem","position":3,"name":"Ringerschuhe Adidas \u2013 Mat Hog 2.0"}]},{"@type":"WebSite","@id":"https:\/\/prideshop.eu\/de\/#website","url":"https:\/\/prideshop.eu\/de\/","name":"PRIDEshop","description":"Oprema za Borilne \u0160porte","publisher":{"@id":"https:\/\/prideshop.eu\/de\/#organization"},"potentialAction":[{"@type":"SearchAction","target":{"@type":"EntryPoint","urlTemplate":"https:\/\/prideshop.eu\/de\/?s={search_term_string}"},"query-input":{"@type":"PropertyValueSpecification","valueRequired":true,"valueName":"search_term_string"}}],"inLanguage":"de"},{"@type":"Organization","@id":"https:\/\/prideshop.eu\/de\/#organization","name":"PRIDEshop","url":"https:\/\/prideshop.eu\/de\/","logo":{"@type":"ImageObject","inLanguage":"de","@id":"https:\/\/prideshop.eu\/de\/#\/schema\/logo\/image\/","url":"","contentUrl":"","caption":"PRIDEshop"},"image":{"@id":"https:\/\/prideshop.eu\/de\/#\/schema\/logo\/image\/"},"sameAs":["https:\/\/sl-si.facebook.com\/PrideShopeu"]}]}},"_links":{"self":[{"href":"https:\/\/prideshop.eu\/de\/wp-json\/wp\/v2\/product\/36234","targetHints":{"allow":["GET"]}}],"collection":[{"href":"https:\/\/prideshop.eu\/de\/wp-json\/wp\/v2\/product"}],"about":[{"href":"https:\/\/prideshop.eu\/de\/wp-json\/wp\/v2\/types\/product"}],"replies":[{"embeddable":true,"href":"https:\/\/prideshop.eu\/de\/wp-json\/wp\/v2\/comments?post=36234"}],"wp:featuredmedia":[{"embeddable":true,"href":"https:\/\/prideshop.eu\/de\/wp-json\/wp\/v2\/media\/36173"}],"wp:attachment":[{"href":"https:\/\/prideshop.eu\/de\/wp-json\/wp\/v2\/media?parent=36234"}],"wp:term":[{"taxonomy":"product_brand","embeddable":true,"href":"https:\/\/prideshop.eu\/de\/wp-json\/wp\/v2\/product_brand?post=36234"},{"taxonomy":"product_cat","embeddable":true,"href":"https:\/\/prideshop.eu\/de\/wp-json\/wp\/v2\/product_cat?post=36234"},{"taxonomy":"product_tag","embeddable":true,"href":"https:\/\/prideshop.eu\/de\/wp-json\/wp\/v2\/product_tag?post=36234"}],"curies":[{"name":"wp","href":"https:\/\/api.w.org\/{rel}","templated":true}]}}