{"id":36325,"date":"2022-06-22T15:34:08","date_gmt":"2022-06-22T13:34:08","guid":{"rendered":"https:\/\/prideshop.eu\/spletna-trgovina\/unkategorisiert\/wrestling-und-mma-schuhe-tech-fall-2-0-adidas-2\/"},"modified":"2025-08-04T11:02:10","modified_gmt":"2025-08-04T09:02:10","slug":"wrestling-und-mma-schuhe-tech-fall-2-0-adidas-2","status":"publish","type":"product","link":"https:\/\/prideshop.eu\/de\/shop\/sportarten\/ringen-sambo\/ringerschuhe\/wrestling-und-mma-schuhe-tech-fall-2-0-adidas-2\/","title":{"rendered":"Ringerschuhe Adidas \u2013 Tech Fall 2.0"},"content":{"rendered":"<h3>Ringerschuhe Adidas \u2013 Tech Fall 2.0<\/h3>\n<p>Wrestling\u2013 und MMA\u2013Schuhe Tech Fall 2.0, Adidas, ein Schnitt im hohen Stiefelstil mit hoch atmungsaktivem Mesh\u2013Material, das es dem Schuh erm\u00f6glicht, sowohl extrem atmungsaktiv als auch leicht zu sein. Das gestrickte Obermaterial des Tech Fall sorgt daf\u00fcr, dass sich deine F\u00fc\u00dfe trocken und schwerelos anf\u00fchlen, sodass du das Spiel mit dem richtigen Fu\u00df beginnen kannst. Mit erh\u00f6hter seitlicher Unterst\u00fctzung, Stabilit\u00e4t und St\u00e4rke k\u00f6nnen Sie sicher sein, dass der Adidas Tech Fall 2.0 niemals unter Druck bricht.<\/p>\n","protected":false},"excerpt":{"rendered":"<p>Wrestling\u2013 und MMA\u2013Schuhe Tech Fall 2.0, Adidas, ein Schnitt im hohen Stiefelstil mit hoch atmungsaktivem Mesh\u2013Material, das es dem Schuh erm\u00f6glicht, sowohl extrem atmungsaktiv als auch leicht zu sein. Das gestrickte Obermaterial des Tech Fall sorgt daf\u00fcr, dass sich deine F\u00fc\u00dfe trocken und schwerelos anf\u00fchlen, sodass du das Spiel mit dem richtigen Fu\u00df beginnen kannst. Mit erh\u00f6hter seitlicher Unterst\u00fctzung, Stabilit\u00e4t und St\u00e4rke k\u00f6nnen Sie sicher sein, dass der Adidas Tech Fall 2.0 niemals unter Druck bricht.<\/p>\n","protected":false},"featured_media":36099,"comment_status":"open","ping_status":"closed","template":"","meta":{"_acf_changed":false},"product_brand":[2084],"product_cat":[600,580,734,748,744,768,774,612,740,656],"product_tag":[],"class_list":{"0":"post-36325","1":"product","2":"type-product","3":"status-publish","4":"has-post-thumbnail","6":"product_brand-adidas","7":"product_cat-bekleidung-und-schuhe","8":"product_cat-equipment-de","9":"product_cat-krav-maga-de","10":"product_cat-mma-schuhe","11":"product_cat-mma-ultimate-fight-de","12":"product_cat-ringen-sambo","13":"product_cat-ringerschuhe","14":"product_cat-schuhe","15":"product_cat-schuhe-fur-krav-maga","16":"product_cat-sportarten","18":"first","19":"instock","20":"taxable","21":"shipping-taxable","22":"purchasable","23":"product-type-variable"},"acf":[],"yoast_head":"<!-- This site is optimized with the Yoast SEO plugin v27.4 - https:\/\/yoast.com\/product\/yoast-seo-wordpress\/ -->\n<title>Ringerschuhe Adidas \u2013 Tech Fall 2.0 - PRIDEshop<\/title>\n<meta name=\"description\" content=\"Wrestling- und MMA-Schuhe Tech Fall 2.0, Adidas, ein Schnitt im hohen Stiefelstil mit hoch atmungsaktivem Mesh-Material, das es dem Schuh erm\u00f6glicht, sowohl extrem atmungsaktiv.\" \/>\n<meta name=\"robots\" content=\"index, follow, max-snippet:-1, max-image-preview:large, max-video-preview:-1\" \/>\n<link rel=\"canonical\" href=\"https:\/\/prideshop.eu\/de\/shop\/sportarten\/ringen-sambo\/ringerschuhe\/wrestling-und-mma-schuhe-tech-fall-2-0-adidas-2\/\" \/>\n<meta property=\"og:locale\" content=\"de_DE\" \/>\n<meta property=\"og:type\" content=\"article\" \/>\n<meta property=\"og:title\" content=\"Ringerschuhe Adidas \u2013 Tech Fall 2.0 - PRIDEshop\" \/>\n<meta property=\"og:description\" content=\"Wrestling- und MMA-Schuhe Tech Fall 2.0, Adidas, ein Schnitt im hohen Stiefelstil mit hoch atmungsaktivem Mesh-Material, das es dem Schuh erm\u00f6glicht, sowohl extrem atmungsaktiv.\" \/>\n<meta property=\"og:url\" content=\"https:\/\/prideshop.eu\/de\/shop\/sportarten\/ringen-sambo\/ringerschuhe\/wrestling-und-mma-schuhe-tech-fall-2-0-adidas-2\/\" \/>\n<meta property=\"og:site_name\" content=\"PRIDEshop\" \/>\n<meta property=\"article:publisher\" content=\"https:\/\/sl-si.facebook.com\/PrideShopeu\" \/>\n<meta property=\"article:modified_time\" content=\"2025-08-04T09:02:10+00:00\" \/>\n<meta property=\"og:image\" content=\"https:\/\/prideshop.eu\/wp-content\/uploads\/2022\/06\/copati-za-rokoborbo-in-mma-tech-fall-2-0-adidas-a157-bw.jpeg\" \/>\n\t<meta property=\"og:image:width\" content=\"600\" \/>\n\t<meta property=\"og:image:height\" content=\"600\" \/>\n\t<meta property=\"og:image:type\" content=\"image\/jpeg\" \/>\n<meta name=\"twitter:card\" content=\"summary_large_image\" \/>\n<script type=\"application\/ld+json\" class=\"yoast-schema-graph\">{\"@context\":\"https:\\\/\\\/schema.org\",\"@graph\":[{\"@type\":\"WebPage\",\"@id\":\"https:\\\/\\\/prideshop.eu\\\/de\\\/shop\\\/sportarten\\\/ringen-sambo\\\/ringerschuhe\\\/wrestling-und-mma-schuhe-tech-fall-2-0-adidas-2\\\/\",\"url\":\"https:\\\/\\\/prideshop.eu\\\/de\\\/shop\\\/sportarten\\\/ringen-sambo\\\/ringerschuhe\\\/wrestling-und-mma-schuhe-tech-fall-2-0-adidas-2\\\/\",\"name\":\"Ringerschuhe Adidas \u2013 Tech Fall 2.0 - PRIDEshop\",\"isPartOf\":{\"@id\":\"https:\\\/\\\/prideshop.eu\\\/de\\\/#website\"},\"primaryImageOfPage\":{\"@id\":\"https:\\\/\\\/prideshop.eu\\\/de\\\/shop\\\/sportarten\\\/ringen-sambo\\\/ringerschuhe\\\/wrestling-und-mma-schuhe-tech-fall-2-0-adidas-2\\\/#primaryimage\"},\"image\":{\"@id\":\"https:\\\/\\\/prideshop.eu\\\/de\\\/shop\\\/sportarten\\\/ringen-sambo\\\/ringerschuhe\\\/wrestling-und-mma-schuhe-tech-fall-2-0-adidas-2\\\/#primaryimage\"},\"thumbnailUrl\":\"https:\\\/\\\/prideshop.eu\\\/wp-content\\\/uploads\\\/2022\\\/06\\\/copati-za-rokoborbo-in-mma-tech-fall-2-0-adidas-a157-bw.jpeg\",\"datePublished\":\"2022-06-22T13:34:08+00:00\",\"dateModified\":\"2025-08-04T09:02:10+00:00\",\"description\":\"Wrestling- und MMA-Schuhe Tech Fall 2.0, Adidas, ein Schnitt im hohen Stiefelstil mit hoch atmungsaktivem Mesh-Material, das es dem Schuh erm\u00f6glicht, sowohl extrem atmungsaktiv.\",\"breadcrumb\":{\"@id\":\"https:\\\/\\\/prideshop.eu\\\/de\\\/shop\\\/sportarten\\\/ringen-sambo\\\/ringerschuhe\\\/wrestling-und-mma-schuhe-tech-fall-2-0-adidas-2\\\/#breadcrumb\"},\"inLanguage\":\"de\",\"potentialAction\":[{\"@type\":\"ReadAction\",\"target\":[\"https:\\\/\\\/prideshop.eu\\\/de\\\/shop\\\/sportarten\\\/ringen-sambo\\\/ringerschuhe\\\/wrestling-und-mma-schuhe-tech-fall-2-0-adidas-2\\\/\"]}]},{\"@type\":\"ImageObject\",\"inLanguage\":\"de\",\"@id\":\"https:\\\/\\\/prideshop.eu\\\/de\\\/shop\\\/sportarten\\\/ringen-sambo\\\/ringerschuhe\\\/wrestling-und-mma-schuhe-tech-fall-2-0-adidas-2\\\/#primaryimage\",\"url\":\"https:\\\/\\\/prideshop.eu\\\/wp-content\\\/uploads\\\/2022\\\/06\\\/copati-za-rokoborbo-in-mma-tech-fall-2-0-adidas-a157-bw.jpeg\",\"contentUrl\":\"https:\\\/\\\/prideshop.eu\\\/wp-content\\\/uploads\\\/2022\\\/06\\\/copati-za-rokoborbo-in-mma-tech-fall-2-0-adidas-a157-bw.jpeg\",\"width\":600,\"height\":600,\"caption\":\"Wrestling- und MMA-Schuhe Tech Fall 2.0 Adidas Schwarz-Weiss\"},{\"@type\":\"BreadcrumbList\",\"@id\":\"https:\\\/\\\/prideshop.eu\\\/de\\\/shop\\\/sportarten\\\/ringen-sambo\\\/ringerschuhe\\\/wrestling-und-mma-schuhe-tech-fall-2-0-adidas-2\\\/#breadcrumb\",\"itemListElement\":[{\"@type\":\"ListItem\",\"position\":1,\"name\":\"Home\",\"item\":\"https:\\\/\\\/prideshop.eu\\\/de\\\/\"},{\"@type\":\"ListItem\",\"position\":2,\"name\":\"Gesch\u00e4ft\",\"item\":\"https:\\\/\\\/prideshop.eu\\\/de\\\/geschaeft\\\/\"},{\"@type\":\"ListItem\",\"position\":3,\"name\":\"Ringerschuhe Adidas \u2013 Tech Fall 2.0\"}]},{\"@type\":\"WebSite\",\"@id\":\"https:\\\/\\\/prideshop.eu\\\/de\\\/#website\",\"url\":\"https:\\\/\\\/prideshop.eu\\\/de\\\/\",\"name\":\"PRIDEshop\",\"description\":\"Oprema za Borilne \u0160porte\",\"publisher\":{\"@id\":\"https:\\\/\\\/prideshop.eu\\\/de\\\/#organization\"},\"potentialAction\":[{\"@type\":\"SearchAction\",\"target\":{\"@type\":\"EntryPoint\",\"urlTemplate\":\"https:\\\/\\\/prideshop.eu\\\/de\\\/?s={search_term_string}\"},\"query-input\":{\"@type\":\"PropertyValueSpecification\",\"valueRequired\":true,\"valueName\":\"search_term_string\"}}],\"inLanguage\":\"de\"},{\"@type\":\"Organization\",\"@id\":\"https:\\\/\\\/prideshop.eu\\\/de\\\/#organization\",\"name\":\"PRIDEshop\",\"url\":\"https:\\\/\\\/prideshop.eu\\\/de\\\/\",\"logo\":{\"@type\":\"ImageObject\",\"inLanguage\":\"de\",\"@id\":\"https:\\\/\\\/prideshop.eu\\\/de\\\/#\\\/schema\\\/logo\\\/image\\\/\",\"url\":\"\",\"contentUrl\":\"\",\"caption\":\"PRIDEshop\"},\"image\":{\"@id\":\"https:\\\/\\\/prideshop.eu\\\/de\\\/#\\\/schema\\\/logo\\\/image\\\/\"},\"sameAs\":[\"https:\\\/\\\/sl-si.facebook.com\\\/PrideShopeu\"]}]}<\/script>\n<!-- \/ Yoast SEO plugin. -->","yoast_head_json":{"title":"Ringerschuhe Adidas \u2013 Tech Fall 2.0 - PRIDEshop","description":"Wrestling- und MMA-Schuhe Tech Fall 2.0, Adidas, ein Schnitt im hohen Stiefelstil mit hoch atmungsaktivem Mesh-Material, das es dem Schuh erm\u00f6glicht, sowohl extrem atmungsaktiv.","robots":{"index":"index","follow":"follow","max-snippet":"max-snippet:-1","max-image-preview":"max-image-preview:large","max-video-preview":"max-video-preview:-1"},"canonical":"https:\/\/prideshop.eu\/de\/shop\/sportarten\/ringen-sambo\/ringerschuhe\/wrestling-und-mma-schuhe-tech-fall-2-0-adidas-2\/","og_locale":"de_DE","og_type":"article","og_title":"Ringerschuhe Adidas \u2013 Tech Fall 2.0 - PRIDEshop","og_description":"Wrestling- und MMA-Schuhe Tech Fall 2.0, Adidas, ein Schnitt im hohen Stiefelstil mit hoch atmungsaktivem Mesh-Material, das es dem Schuh erm\u00f6glicht, sowohl extrem atmungsaktiv.","og_url":"https:\/\/prideshop.eu\/de\/shop\/sportarten\/ringen-sambo\/ringerschuhe\/wrestling-und-mma-schuhe-tech-fall-2-0-adidas-2\/","og_site_name":"PRIDEshop","article_publisher":"https:\/\/sl-si.facebook.com\/PrideShopeu","article_modified_time":"2025-08-04T09:02:10+00:00","og_image":[{"width":600,"height":600,"url":"https:\/\/prideshop.eu\/wp-content\/uploads\/2022\/06\/copati-za-rokoborbo-in-mma-tech-fall-2-0-adidas-a157-bw.jpeg","type":"image\/jpeg"}],"twitter_card":"summary_large_image","schema":{"@context":"https:\/\/schema.org","@graph":[{"@type":"WebPage","@id":"https:\/\/prideshop.eu\/de\/shop\/sportarten\/ringen-sambo\/ringerschuhe\/wrestling-und-mma-schuhe-tech-fall-2-0-adidas-2\/","url":"https:\/\/prideshop.eu\/de\/shop\/sportarten\/ringen-sambo\/ringerschuhe\/wrestling-und-mma-schuhe-tech-fall-2-0-adidas-2\/","name":"Ringerschuhe Adidas \u2013 Tech Fall 2.0 - PRIDEshop","isPartOf":{"@id":"https:\/\/prideshop.eu\/de\/#website"},"primaryImageOfPage":{"@id":"https:\/\/prideshop.eu\/de\/shop\/sportarten\/ringen-sambo\/ringerschuhe\/wrestling-und-mma-schuhe-tech-fall-2-0-adidas-2\/#primaryimage"},"image":{"@id":"https:\/\/prideshop.eu\/de\/shop\/sportarten\/ringen-sambo\/ringerschuhe\/wrestling-und-mma-schuhe-tech-fall-2-0-adidas-2\/#primaryimage"},"thumbnailUrl":"https:\/\/prideshop.eu\/wp-content\/uploads\/2022\/06\/copati-za-rokoborbo-in-mma-tech-fall-2-0-adidas-a157-bw.jpeg","datePublished":"2022-06-22T13:34:08+00:00","dateModified":"2025-08-04T09:02:10+00:00","description":"Wrestling- und MMA-Schuhe Tech Fall 2.0, Adidas, ein Schnitt im hohen Stiefelstil mit hoch atmungsaktivem Mesh-Material, das es dem Schuh erm\u00f6glicht, sowohl extrem atmungsaktiv.","breadcrumb":{"@id":"https:\/\/prideshop.eu\/de\/shop\/sportarten\/ringen-sambo\/ringerschuhe\/wrestling-und-mma-schuhe-tech-fall-2-0-adidas-2\/#breadcrumb"},"inLanguage":"de","potentialAction":[{"@type":"ReadAction","target":["https:\/\/prideshop.eu\/de\/shop\/sportarten\/ringen-sambo\/ringerschuhe\/wrestling-und-mma-schuhe-tech-fall-2-0-adidas-2\/"]}]},{"@type":"ImageObject","inLanguage":"de","@id":"https:\/\/prideshop.eu\/de\/shop\/sportarten\/ringen-sambo\/ringerschuhe\/wrestling-und-mma-schuhe-tech-fall-2-0-adidas-2\/#primaryimage","url":"https:\/\/prideshop.eu\/wp-content\/uploads\/2022\/06\/copati-za-rokoborbo-in-mma-tech-fall-2-0-adidas-a157-bw.jpeg","contentUrl":"https:\/\/prideshop.eu\/wp-content\/uploads\/2022\/06\/copati-za-rokoborbo-in-mma-tech-fall-2-0-adidas-a157-bw.jpeg","width":600,"height":600,"caption":"Wrestling- und MMA-Schuhe Tech Fall 2.0 Adidas Schwarz-Weiss"},{"@type":"BreadcrumbList","@id":"https:\/\/prideshop.eu\/de\/shop\/sportarten\/ringen-sambo\/ringerschuhe\/wrestling-und-mma-schuhe-tech-fall-2-0-adidas-2\/#breadcrumb","itemListElement":[{"@type":"ListItem","position":1,"name":"Home","item":"https:\/\/prideshop.eu\/de\/"},{"@type":"ListItem","position":2,"name":"Gesch\u00e4ft","item":"https:\/\/prideshop.eu\/de\/geschaeft\/"},{"@type":"ListItem","position":3,"name":"Ringerschuhe Adidas \u2013 Tech Fall 2.0"}]},{"@type":"WebSite","@id":"https:\/\/prideshop.eu\/de\/#website","url":"https:\/\/prideshop.eu\/de\/","name":"PRIDEshop","description":"Oprema za Borilne \u0160porte","publisher":{"@id":"https:\/\/prideshop.eu\/de\/#organization"},"potentialAction":[{"@type":"SearchAction","target":{"@type":"EntryPoint","urlTemplate":"https:\/\/prideshop.eu\/de\/?s={search_term_string}"},"query-input":{"@type":"PropertyValueSpecification","valueRequired":true,"valueName":"search_term_string"}}],"inLanguage":"de"},{"@type":"Organization","@id":"https:\/\/prideshop.eu\/de\/#organization","name":"PRIDEshop","url":"https:\/\/prideshop.eu\/de\/","logo":{"@type":"ImageObject","inLanguage":"de","@id":"https:\/\/prideshop.eu\/de\/#\/schema\/logo\/image\/","url":"","contentUrl":"","caption":"PRIDEshop"},"image":{"@id":"https:\/\/prideshop.eu\/de\/#\/schema\/logo\/image\/"},"sameAs":["https:\/\/sl-si.facebook.com\/PrideShopeu"]}]}},"_links":{"self":[{"href":"https:\/\/prideshop.eu\/de\/wp-json\/wp\/v2\/product\/36325","targetHints":{"allow":["GET"]}}],"collection":[{"href":"https:\/\/prideshop.eu\/de\/wp-json\/wp\/v2\/product"}],"about":[{"href":"https:\/\/prideshop.eu\/de\/wp-json\/wp\/v2\/types\/product"}],"replies":[{"embeddable":true,"href":"https:\/\/prideshop.eu\/de\/wp-json\/wp\/v2\/comments?post=36325"}],"wp:featuredmedia":[{"embeddable":true,"href":"https:\/\/prideshop.eu\/de\/wp-json\/wp\/v2\/media\/36099"}],"wp:attachment":[{"href":"https:\/\/prideshop.eu\/de\/wp-json\/wp\/v2\/media?parent=36325"}],"wp:term":[{"taxonomy":"product_brand","embeddable":true,"href":"https:\/\/prideshop.eu\/de\/wp-json\/wp\/v2\/product_brand?post=36325"},{"taxonomy":"product_cat","embeddable":true,"href":"https:\/\/prideshop.eu\/de\/wp-json\/wp\/v2\/product_cat?post=36325"},{"taxonomy":"product_tag","embeddable":true,"href":"https:\/\/prideshop.eu\/de\/wp-json\/wp\/v2\/product_tag?post=36325"}],"curies":[{"name":"wp","href":"https:\/\/api.w.org\/{rel}","templated":true}]}}