{"id":36387,"date":"2022-06-17T11:56:44","date_gmt":"2022-06-17T09:56:44","guid":{"rendered":"https:\/\/prideshop.eu\/spletna-trgovina\/unkategorisiert\/professionelle-sparring-boxhandschuhe-thai-cross7-pride\/"},"modified":"2025-08-04T10:48:57","modified_gmt":"2025-08-04T08:48:57","slug":"professionelle-sparring-boxhandschuhe-thai-cross7-pride","status":"publish","type":"product","link":"https:\/\/prideshop.eu\/de\/shop\/sportarten\/thaiboxen\/thaiboxen-handschuhe\/professionelle-sparring-boxhandschuhe-thai-cross7-pride\/","title":{"rendered":"Sparring Boxhandschuhe Leder Pride \u2013 Thai Cross7"},"content":{"rendered":"<h3>Sparring Boxhandschuhe Leder Pride \u2013 Thai Cross7<\/h3>\n<p>Professionelle Sparring Boxhandschuhe Thai Cross7, Pride. Boxhandschuhe sind aus hochwertigem Leder, original thail\u00e4ndisches Design mit mehrschichtiger Sandwich\u2013FT\u2013F\u00fcllung. Die Handschuhe sind innen im Handinnenbereich zus\u00e4tzlich gepolstert f\u00fcr zus\u00e4tzlichen Schutz im Sparring, ein starker und kompakter Igel mit Kreuzverschluss.<\/p>\n","protected":false},"excerpt":{"rendered":"<p>Professionelle Sparring Boxhandschuhe Thai Cross7, Pride. Boxhandschuhe sind aus hochwertigem Leder, original thail\u00e4ndisches Design mit mehrschichtiger Sandwich\u2013FT\u2013F\u00fcllung. Die Handschuhe sind innen im Handinnenbereich zus\u00e4tzlich gepolstert f\u00fcr zus\u00e4tzlichen Schutz im Sparring, ein starker und kompakter Igel mit Kreuzverschluss.<\/p>\n","protected":false},"featured_media":36014,"comment_status":"open","ping_status":"closed","template":"","meta":{"_acf_changed":false},"product_brand":[2086],"product_cat":[664,670,580,638,722,728,634,656,778,784],"product_tag":[],"class_list":{"0":"post-36387","1":"product","2":"type-product","3":"status-publish","4":"has-post-thumbnail","6":"product_brand-pride","7":"product_cat-boxen","8":"product_cat-boxhandschuhe","9":"product_cat-equipment-de","10":"product_cat-handschuhe","11":"product_cat-kickboxen","12":"product_cat-kickboxenhandschuhe","13":"product_cat-schutzausrustung","14":"product_cat-sportarten","15":"product_cat-thaiboxen","16":"product_cat-thaiboxen-handschuhe","18":"first","19":"instock","20":"taxable","21":"shipping-taxable","22":"purchasable","23":"product-type-variable"},"acf":[],"yoast_head":"<!-- This site is optimized with the Yoast SEO plugin v27.4 - https:\/\/yoast.com\/product\/yoast-seo-wordpress\/ -->\n<title>Sparring Boxhandschuhe Leder Pride \u2013 Thai Cross7 - PRIDEshop<\/title>\n<meta name=\"description\" content=\"Professionelle Sparring Boxhandschuhe Thai Cross7, Pride. Boxhandschuhe sind aus hochwertigem Leder, original thail\u00e4ndisches Design.\" \/>\n<meta name=\"robots\" content=\"index, follow, max-snippet:-1, max-image-preview:large, max-video-preview:-1\" \/>\n<link rel=\"canonical\" href=\"https:\/\/prideshop.eu\/de\/shop\/sportarten\/thaiboxen\/thaiboxen-handschuhe\/professionelle-sparring-boxhandschuhe-thai-cross7-pride\/\" \/>\n<meta property=\"og:locale\" content=\"de_DE\" \/>\n<meta property=\"og:type\" content=\"article\" \/>\n<meta property=\"og:title\" content=\"Sparring Boxhandschuhe Leder Pride \u2013 Thai Cross7 - PRIDEshop\" \/>\n<meta property=\"og:description\" content=\"Professionelle Sparring Boxhandschuhe Thai Cross7, Pride. Boxhandschuhe sind aus hochwertigem Leder, original thail\u00e4ndisches Design.\" \/>\n<meta property=\"og:url\" content=\"https:\/\/prideshop.eu\/de\/shop\/sportarten\/thaiboxen\/thaiboxen-handschuhe\/professionelle-sparring-boxhandschuhe-thai-cross7-pride\/\" \/>\n<meta property=\"og:site_name\" content=\"PRIDEshop\" \/>\n<meta property=\"article:publisher\" content=\"https:\/\/sl-si.facebook.com\/PrideShopeu\" \/>\n<meta property=\"article:modified_time\" content=\"2025-08-04T08:48:57+00:00\" \/>\n<meta property=\"og:image\" content=\"https:\/\/prideshop.eu\/wp-content\/uploads\/2022\/06\/profesionalne-boksarske-sparing-rokavice-thai-cross7-pride-4030t-b.jpeg\" \/>\n\t<meta property=\"og:image:width\" content=\"600\" \/>\n\t<meta property=\"og:image:height\" content=\"600\" \/>\n\t<meta property=\"og:image:type\" content=\"image\/jpeg\" \/>\n<meta name=\"twitter:card\" content=\"summary_large_image\" \/>\n<script type=\"application\/ld+json\" class=\"yoast-schema-graph\">{\"@context\":\"https:\\\/\\\/schema.org\",\"@graph\":[{\"@type\":\"WebPage\",\"@id\":\"https:\\\/\\\/prideshop.eu\\\/de\\\/shop\\\/sportarten\\\/thaiboxen\\\/thaiboxen-handschuhe\\\/professionelle-sparring-boxhandschuhe-thai-cross7-pride\\\/\",\"url\":\"https:\\\/\\\/prideshop.eu\\\/de\\\/shop\\\/sportarten\\\/thaiboxen\\\/thaiboxen-handschuhe\\\/professionelle-sparring-boxhandschuhe-thai-cross7-pride\\\/\",\"name\":\"Sparring Boxhandschuhe Leder Pride \u2013 Thai Cross7 - PRIDEshop\",\"isPartOf\":{\"@id\":\"https:\\\/\\\/prideshop.eu\\\/de\\\/#website\"},\"primaryImageOfPage\":{\"@id\":\"https:\\\/\\\/prideshop.eu\\\/de\\\/shop\\\/sportarten\\\/thaiboxen\\\/thaiboxen-handschuhe\\\/professionelle-sparring-boxhandschuhe-thai-cross7-pride\\\/#primaryimage\"},\"image\":{\"@id\":\"https:\\\/\\\/prideshop.eu\\\/de\\\/shop\\\/sportarten\\\/thaiboxen\\\/thaiboxen-handschuhe\\\/professionelle-sparring-boxhandschuhe-thai-cross7-pride\\\/#primaryimage\"},\"thumbnailUrl\":\"https:\\\/\\\/prideshop.eu\\\/wp-content\\\/uploads\\\/2022\\\/06\\\/profesionalne-boksarske-sparing-rokavice-thai-cross7-pride-4030t-b.jpeg\",\"datePublished\":\"2022-06-17T09:56:44+00:00\",\"dateModified\":\"2025-08-04T08:48:57+00:00\",\"description\":\"Professionelle Sparring Boxhandschuhe Thai Cross7, Pride. Boxhandschuhe sind aus hochwertigem Leder, original thail\u00e4ndisches Design.\",\"breadcrumb\":{\"@id\":\"https:\\\/\\\/prideshop.eu\\\/de\\\/shop\\\/sportarten\\\/thaiboxen\\\/thaiboxen-handschuhe\\\/professionelle-sparring-boxhandschuhe-thai-cross7-pride\\\/#breadcrumb\"},\"inLanguage\":\"de\",\"potentialAction\":[{\"@type\":\"ReadAction\",\"target\":[\"https:\\\/\\\/prideshop.eu\\\/de\\\/shop\\\/sportarten\\\/thaiboxen\\\/thaiboxen-handschuhe\\\/professionelle-sparring-boxhandschuhe-thai-cross7-pride\\\/\"]}]},{\"@type\":\"ImageObject\",\"inLanguage\":\"de\",\"@id\":\"https:\\\/\\\/prideshop.eu\\\/de\\\/shop\\\/sportarten\\\/thaiboxen\\\/thaiboxen-handschuhe\\\/professionelle-sparring-boxhandschuhe-thai-cross7-pride\\\/#primaryimage\",\"url\":\"https:\\\/\\\/prideshop.eu\\\/wp-content\\\/uploads\\\/2022\\\/06\\\/profesionalne-boksarske-sparing-rokavice-thai-cross7-pride-4030t-b.jpeg\",\"contentUrl\":\"https:\\\/\\\/prideshop.eu\\\/wp-content\\\/uploads\\\/2022\\\/06\\\/profesionalne-boksarske-sparing-rokavice-thai-cross7-pride-4030t-b.jpeg\",\"width\":600,\"height\":600,\"caption\":\"Professionelle Sparring Boxhandschuhe Thai Cross7 Pride Schwarz\"},{\"@type\":\"BreadcrumbList\",\"@id\":\"https:\\\/\\\/prideshop.eu\\\/de\\\/shop\\\/sportarten\\\/thaiboxen\\\/thaiboxen-handschuhe\\\/professionelle-sparring-boxhandschuhe-thai-cross7-pride\\\/#breadcrumb\",\"itemListElement\":[{\"@type\":\"ListItem\",\"position\":1,\"name\":\"Home\",\"item\":\"https:\\\/\\\/prideshop.eu\\\/de\\\/\"},{\"@type\":\"ListItem\",\"position\":2,\"name\":\"Gesch\u00e4ft\",\"item\":\"https:\\\/\\\/prideshop.eu\\\/de\\\/geschaeft\\\/\"},{\"@type\":\"ListItem\",\"position\":3,\"name\":\"Sparring Boxhandschuhe Leder Pride \u2013 Thai Cross7\"}]},{\"@type\":\"WebSite\",\"@id\":\"https:\\\/\\\/prideshop.eu\\\/de\\\/#website\",\"url\":\"https:\\\/\\\/prideshop.eu\\\/de\\\/\",\"name\":\"PRIDEshop\",\"description\":\"Oprema za Borilne \u0160porte\",\"publisher\":{\"@id\":\"https:\\\/\\\/prideshop.eu\\\/de\\\/#organization\"},\"potentialAction\":[{\"@type\":\"SearchAction\",\"target\":{\"@type\":\"EntryPoint\",\"urlTemplate\":\"https:\\\/\\\/prideshop.eu\\\/de\\\/?s={search_term_string}\"},\"query-input\":{\"@type\":\"PropertyValueSpecification\",\"valueRequired\":true,\"valueName\":\"search_term_string\"}}],\"inLanguage\":\"de\"},{\"@type\":\"Organization\",\"@id\":\"https:\\\/\\\/prideshop.eu\\\/de\\\/#organization\",\"name\":\"PRIDEshop\",\"url\":\"https:\\\/\\\/prideshop.eu\\\/de\\\/\",\"logo\":{\"@type\":\"ImageObject\",\"inLanguage\":\"de\",\"@id\":\"https:\\\/\\\/prideshop.eu\\\/de\\\/#\\\/schema\\\/logo\\\/image\\\/\",\"url\":\"\",\"contentUrl\":\"\",\"caption\":\"PRIDEshop\"},\"image\":{\"@id\":\"https:\\\/\\\/prideshop.eu\\\/de\\\/#\\\/schema\\\/logo\\\/image\\\/\"},\"sameAs\":[\"https:\\\/\\\/sl-si.facebook.com\\\/PrideShopeu\"]}]}<\/script>\n<!-- \/ Yoast SEO plugin. -->","yoast_head_json":{"title":"Sparring Boxhandschuhe Leder Pride \u2013 Thai Cross7 - PRIDEshop","description":"Professionelle Sparring Boxhandschuhe Thai Cross7, Pride. Boxhandschuhe sind aus hochwertigem Leder, original thail\u00e4ndisches Design.","robots":{"index":"index","follow":"follow","max-snippet":"max-snippet:-1","max-image-preview":"max-image-preview:large","max-video-preview":"max-video-preview:-1"},"canonical":"https:\/\/prideshop.eu\/de\/shop\/sportarten\/thaiboxen\/thaiboxen-handschuhe\/professionelle-sparring-boxhandschuhe-thai-cross7-pride\/","og_locale":"de_DE","og_type":"article","og_title":"Sparring Boxhandschuhe Leder Pride \u2013 Thai Cross7 - PRIDEshop","og_description":"Professionelle Sparring Boxhandschuhe Thai Cross7, Pride. Boxhandschuhe sind aus hochwertigem Leder, original thail\u00e4ndisches Design.","og_url":"https:\/\/prideshop.eu\/de\/shop\/sportarten\/thaiboxen\/thaiboxen-handschuhe\/professionelle-sparring-boxhandschuhe-thai-cross7-pride\/","og_site_name":"PRIDEshop","article_publisher":"https:\/\/sl-si.facebook.com\/PrideShopeu","article_modified_time":"2025-08-04T08:48:57+00:00","og_image":[{"width":600,"height":600,"url":"https:\/\/prideshop.eu\/wp-content\/uploads\/2022\/06\/profesionalne-boksarske-sparing-rokavice-thai-cross7-pride-4030t-b.jpeg","type":"image\/jpeg"}],"twitter_card":"summary_large_image","schema":{"@context":"https:\/\/schema.org","@graph":[{"@type":"WebPage","@id":"https:\/\/prideshop.eu\/de\/shop\/sportarten\/thaiboxen\/thaiboxen-handschuhe\/professionelle-sparring-boxhandschuhe-thai-cross7-pride\/","url":"https:\/\/prideshop.eu\/de\/shop\/sportarten\/thaiboxen\/thaiboxen-handschuhe\/professionelle-sparring-boxhandschuhe-thai-cross7-pride\/","name":"Sparring Boxhandschuhe Leder Pride \u2013 Thai Cross7 - PRIDEshop","isPartOf":{"@id":"https:\/\/prideshop.eu\/de\/#website"},"primaryImageOfPage":{"@id":"https:\/\/prideshop.eu\/de\/shop\/sportarten\/thaiboxen\/thaiboxen-handschuhe\/professionelle-sparring-boxhandschuhe-thai-cross7-pride\/#primaryimage"},"image":{"@id":"https:\/\/prideshop.eu\/de\/shop\/sportarten\/thaiboxen\/thaiboxen-handschuhe\/professionelle-sparring-boxhandschuhe-thai-cross7-pride\/#primaryimage"},"thumbnailUrl":"https:\/\/prideshop.eu\/wp-content\/uploads\/2022\/06\/profesionalne-boksarske-sparing-rokavice-thai-cross7-pride-4030t-b.jpeg","datePublished":"2022-06-17T09:56:44+00:00","dateModified":"2025-08-04T08:48:57+00:00","description":"Professionelle Sparring Boxhandschuhe Thai Cross7, Pride. Boxhandschuhe sind aus hochwertigem Leder, original thail\u00e4ndisches Design.","breadcrumb":{"@id":"https:\/\/prideshop.eu\/de\/shop\/sportarten\/thaiboxen\/thaiboxen-handschuhe\/professionelle-sparring-boxhandschuhe-thai-cross7-pride\/#breadcrumb"},"inLanguage":"de","potentialAction":[{"@type":"ReadAction","target":["https:\/\/prideshop.eu\/de\/shop\/sportarten\/thaiboxen\/thaiboxen-handschuhe\/professionelle-sparring-boxhandschuhe-thai-cross7-pride\/"]}]},{"@type":"ImageObject","inLanguage":"de","@id":"https:\/\/prideshop.eu\/de\/shop\/sportarten\/thaiboxen\/thaiboxen-handschuhe\/professionelle-sparring-boxhandschuhe-thai-cross7-pride\/#primaryimage","url":"https:\/\/prideshop.eu\/wp-content\/uploads\/2022\/06\/profesionalne-boksarske-sparing-rokavice-thai-cross7-pride-4030t-b.jpeg","contentUrl":"https:\/\/prideshop.eu\/wp-content\/uploads\/2022\/06\/profesionalne-boksarske-sparing-rokavice-thai-cross7-pride-4030t-b.jpeg","width":600,"height":600,"caption":"Professionelle Sparring Boxhandschuhe Thai Cross7 Pride Schwarz"},{"@type":"BreadcrumbList","@id":"https:\/\/prideshop.eu\/de\/shop\/sportarten\/thaiboxen\/thaiboxen-handschuhe\/professionelle-sparring-boxhandschuhe-thai-cross7-pride\/#breadcrumb","itemListElement":[{"@type":"ListItem","position":1,"name":"Home","item":"https:\/\/prideshop.eu\/de\/"},{"@type":"ListItem","position":2,"name":"Gesch\u00e4ft","item":"https:\/\/prideshop.eu\/de\/geschaeft\/"},{"@type":"ListItem","position":3,"name":"Sparring Boxhandschuhe Leder Pride \u2013 Thai Cross7"}]},{"@type":"WebSite","@id":"https:\/\/prideshop.eu\/de\/#website","url":"https:\/\/prideshop.eu\/de\/","name":"PRIDEshop","description":"Oprema za Borilne \u0160porte","publisher":{"@id":"https:\/\/prideshop.eu\/de\/#organization"},"potentialAction":[{"@type":"SearchAction","target":{"@type":"EntryPoint","urlTemplate":"https:\/\/prideshop.eu\/de\/?s={search_term_string}"},"query-input":{"@type":"PropertyValueSpecification","valueRequired":true,"valueName":"search_term_string"}}],"inLanguage":"de"},{"@type":"Organization","@id":"https:\/\/prideshop.eu\/de\/#organization","name":"PRIDEshop","url":"https:\/\/prideshop.eu\/de\/","logo":{"@type":"ImageObject","inLanguage":"de","@id":"https:\/\/prideshop.eu\/de\/#\/schema\/logo\/image\/","url":"","contentUrl":"","caption":"PRIDEshop"},"image":{"@id":"https:\/\/prideshop.eu\/de\/#\/schema\/logo\/image\/"},"sameAs":["https:\/\/sl-si.facebook.com\/PrideShopeu"]}]}},"_links":{"self":[{"href":"https:\/\/prideshop.eu\/de\/wp-json\/wp\/v2\/product\/36387","targetHints":{"allow":["GET"]}}],"collection":[{"href":"https:\/\/prideshop.eu\/de\/wp-json\/wp\/v2\/product"}],"about":[{"href":"https:\/\/prideshop.eu\/de\/wp-json\/wp\/v2\/types\/product"}],"replies":[{"embeddable":true,"href":"https:\/\/prideshop.eu\/de\/wp-json\/wp\/v2\/comments?post=36387"}],"wp:featuredmedia":[{"embeddable":true,"href":"https:\/\/prideshop.eu\/de\/wp-json\/wp\/v2\/media\/36014"}],"wp:attachment":[{"href":"https:\/\/prideshop.eu\/de\/wp-json\/wp\/v2\/media?parent=36387"}],"wp:term":[{"taxonomy":"product_brand","embeddable":true,"href":"https:\/\/prideshop.eu\/de\/wp-json\/wp\/v2\/product_brand?post=36387"},{"taxonomy":"product_cat","embeddable":true,"href":"https:\/\/prideshop.eu\/de\/wp-json\/wp\/v2\/product_cat?post=36387"},{"taxonomy":"product_tag","embeddable":true,"href":"https:\/\/prideshop.eu\/de\/wp-json\/wp\/v2\/product_tag?post=36387"}],"curies":[{"name":"wp","href":"https:\/\/api.w.org\/{rel}","templated":true}]}}